{"id":5589,"date":"2022-02-22T02:18:17","date_gmt":"2022-02-22T02:18:17","guid":{"rendered":"https:\/\/medicinasinc.com\/de\/?post_type=product&#038;p=5589"},"modified":"2022-08-03T08:51:03","modified_gmt":"2022-08-03T08:51:03","slug":"kaufen-metizolam-2mg-pellets-online","status":"publish","type":"product","link":"https:\/\/medicinasinc.com\/de\/product\/kaufen-metizolam-2mg-pellets-online\/","title":{"rendered":"Kaufen Sie Metizolam 2mg Pellets online"},"content":{"rendered":"<p>Der beste Ort, um Metizolam 2 mg Pellets zu kaufen, ist online.<\/p>\n<p>Kaufen Sie 2 mg Metizolam-Pellets. Abk\u00fcrzung f\u00fcr 4-(2-Chlorphenyl)-2-ethyl-6H-thieno. [3,2-f] [1,2,4] triazolo[4,3-a][1,4] Ein Diazepin, das auch Etizolam genannt wird, ist die N-Desmethyl-Version davon. Kaufen Sie dazu 2 mg Pellets von Metizolam. Metizolam ist ein allosterischer Modulator f\u00fcr Gaba-Rezeptoren im Labor. Metizolam-Pulver ist im Internet erh\u00e4ltlich.<\/p>\n<p>Wir haben auch Chemikalien, die nicht f\u00fcr die In-vivo-Forschung zugelassen sind. Kaufen Sie Metizolam 2 mg-Pellets, wenn also jemand sie versehentlich einnimmt, sollte er sofort zum Arzt gehen und Hilfe bekommen. Bitte befolgen Sie die Standard-Laborsicherheitsregeln, wie das Tragen des richtigen Haut-, Augen- und Kleidungsschutzes.<\/p>\n<p>Kaufen Sie 2 mg Metizolam. Metizolam-Pellets k\u00f6nnen in einem Gesch\u00e4ft gekauft werden.<br \/>\nKaufen\u00a0Metizolam\u00a02 mg Clonazolam-Pellets sind online erh\u00e4ltlich.<br \/>\nPyrazolam-Pulver kann online gekauft werden.<br \/>\nOnline k\u00f6nnen Sie Diclazepam f\u00fcr Forschungszwecke kaufen.<br \/>\nEtizolam online kaufen<br \/>\nFluclotizolam kann gekauft werden.<br \/>\nMetizolam-Pulver ist im Internet erh\u00e4ltlich.<br \/>\nDas Metizolam-Pulver ist im Internet erh\u00e4ltlich. Metizolam, auch Desmethyletizolam genannt, ist ein Thienodiazepin, das Etizolam sehr \u00e4hnlich ist. Es sind nur 2 mg Metizolam-Pellets erh\u00e4ltlich. F\u00fcr fortgeschrittene Forscher, die ihr eigenes Pulver herstellen m\u00f6chten, haben wir es auch in reiner Pulverform. Metizolam sollte wie alle unsere anderen Produkte von Forschern auf sichere Weise verwendet werden. Dieses Produkt wird nur an bereits eingerichtete Forschungszentren verkauft. Metizolam-Pulver ist im Internet erh\u00e4ltlich.<\/p>\n<p>Etizolam ist der Vorl\u00e4ufer von Metizolam, das auch als Desmethyletizolam bezeichnet wird.<\/p>\n<p>Sie werden in Form von Pellets verkauft. Nur f\u00fcr die Recherche! Bestglobalmeds m\u00f6chte nicht, dass Menschen Forschungschemikalien f\u00fcr etwas anderes als die Forschung verwenden. Sie verkaufen Metizolam nur zu Forschungszwecken.<\/p>\n","protected":false},"excerpt":{"rendered":"<p>Der beste Ort, um Metizolam 2 mg Pellets zum Verkauf in Gro\u00dfbritannien und Europa zu kaufen, ist Medicinasinc.com. Wir haben eine schnelle weltweite Lieferung. Hier k\u00f6nnen Sie die besten Metizolam 2mg-Pellets zum Verkauf kaufen.<\/p>\n<p>2mg-Pellets Metizolam-Pulver zum Verkauf online. Clonazolam-Pellets sind auf Lager und k\u00f6nnen weltweit versendet werden. Heute k\u00f6nnen Sie Clonazolam 0,5 mg Pellets im Laden kaufen.<\/p>\n<p>Kaufen Sie jetzt 2 mg Metizolam Pellets online. Es ist sehr g\u00fcnstig mit kostenlosem Versand bei Gro\u00dfbestellungen. Erstklassige Qualit\u00e4t ist selbstverst\u00e4ndlich.<\/p>\n<p>Metizolam, auch bekannt als Desmethyletizolam, ist ein synthetisches Beruhigungsmittel aus der chemischen Klasse der Thienodiazepine. Wenn es eingenommen wird, soll es Etizolam-\u00e4hnliche Wirkungen wie Angstunterdr\u00fcckung, Enthemmung, Sedierung, Muskelentspannung und Ged\u00e4chtnisunterdr\u00fcckung haben.<\/p>\n","protected":false},"featured_media":5598,"comment_status":"open","ping_status":"closed","template":"","meta":[],"product_brand":[],"product_cat":[2014],"product_tag":[3210,3214,3215,3216,3217,3219,3220,3211,3231,3212,3213,3218,3225,3221,3223,3228,3226,3227,3222,3224,3229,3230],"class_list":{"0":"post-5589","1":"product","2":"type-product","3":"status-publish","4":"has-post-thumbnail","6":"product_cat-kaufen-forschungschemikalien","7":"product_tag-buy-diclazepam-online","8":"product_tag-buy-metizolam-powder-online-australia","9":"product_tag-buy-metizolam-powder-online-canada","10":"product_tag-buy-metizolam-powder-online-uk","11":"product_tag-buy-metizolam-powder-online-usa","12":"product_tag-clonazolam-zum-verkauf-online","13":"product_tag-etizolam-shop-online","14":"product_tag-kaufen-fluclotizolam","15":"product_tag-forschungschemikalien-zum-verkauf","16":"product_tag-kaufen-metizolam-2mg-pellets","17":"product_tag-kaufen-metizolam-pulver-online","18":"product_tag-pyrazolam-pulver-online-kaufen","19":"product_tag-metizolam-2mg-pellets-bestellung","20":"product_tag-metizolam-2mg-pellets-buy","21":"product_tag-metizolam-2mg-pellets-europa","22":"product_tag-metizolam-2mg-pellets-grohandel","23":"product_tag-metizolam-2mg-pellets-reddit","24":"product_tag-metizolam-2mg-pellets-retail","25":"product_tag-wirkung-von-metizolam-2mg-pellets","26":"product_tag-metizolam-2mg-pellets-zu-verkaufen","27":"product_tag-metizolam-kaufen","28":"product_tag-metizolam-pulver-zum-online-verkauf","30":"first","31":"instock","32":"shipping-taxable","33":"purchasable","34":"product-type-variable"},"yoast_head":"<!-- This site is optimized with the Yoast SEO plugin v27.2 - https:\/\/yoast.com\/product\/yoast-seo-wordpress\/ -->\n<title>Kaufen Sie Metizolam 2mg Pellets online - Best Global Meds<\/title>\n<meta name=\"description\" content=\"auf der Suche nach Metizolam 2 mg Pellets zum Verkauf in Gro\u00dfbritannien, Europa in unserem Medicinasinc.com -Shop mit schnellem weltweiten Versand! Die besten Metizolam 2mg Pellets zum Bestellen finden Sie hier!\" \/>\n<meta name=\"robots\" content=\"index, follow, max-snippet:-1, max-image-preview:large, max-video-preview:-1\" \/>\n<link rel=\"canonical\" href=\"https:\/\/medicinasinc.com\/de\/product\/kaufen-metizolam-2mg-pellets-online\/\" \/>\n<meta property=\"og:locale\" content=\"de_DE\" \/>\n<meta property=\"og:type\" content=\"article\" \/>\n<meta property=\"og:title\" content=\"Kaufen Sie Metizolam 2mg Pellets online - Best Global Meds\" \/>\n<meta property=\"og:description\" content=\"auf der Suche nach Metizolam 2 mg Pellets zum Verkauf in Gro\u00dfbritannien, Europa in unserem Medicinasinc.com -Shop mit schnellem weltweiten Versand! Die besten Metizolam 2mg Pellets zum Bestellen finden Sie hier!\" \/>\n<meta property=\"og:url\" content=\"https:\/\/medicinasinc.com\/de\/product\/kaufen-metizolam-2mg-pellets-online\/\" \/>\n<meta property=\"og:site_name\" content=\"Medicinas Inc\" \/>\n<meta property=\"article:modified_time\" content=\"2022-08-03T08:51:03+00:00\" \/>\n<meta property=\"og:image\" content=\"https:\/\/medicinasinc.com\/de\/wp-content\/uploads\/sites\/6\/2022\/02\/Buy-Metizolam-2mg-Pellets.jpg\" \/>\n\t<meta property=\"og:image:width\" content=\"600\" \/>\n\t<meta property=\"og:image:height\" content=\"600\" \/>\n\t<meta property=\"og:image:type\" content=\"image\/jpeg\" \/>\n<meta name=\"twitter:card\" content=\"summary_large_image\" \/>\n<meta name=\"twitter:label1\" content=\"Gesch\u00e4tzte Lesezeit\" \/>\n\t<meta name=\"twitter:data1\" content=\"2\u00a0Minuten\" \/>\n<script type=\"application\/ld+json\" class=\"yoast-schema-graph\">{\"@context\":\"https:\/\/schema.org\",\"@graph\":[{\"@type\":\"WebPage\",\"@id\":\"https:\/\/medicinasinc.com\/de\/product\/kaufen-metizolam-2mg-pellets-online\/\",\"url\":\"https:\/\/medicinasinc.com\/de\/product\/kaufen-metizolam-2mg-pellets-online\/\",\"name\":\"Kaufen Sie Metizolam 2mg Pellets online - Best Global Meds\",\"isPartOf\":{\"@id\":\"https:\/\/medicinasinc.com\/de\/#website\"},\"primaryImageOfPage\":{\"@id\":\"https:\/\/medicinasinc.com\/de\/product\/kaufen-metizolam-2mg-pellets-online\/#primaryimage\"},\"image\":{\"@id\":\"https:\/\/medicinasinc.com\/de\/product\/kaufen-metizolam-2mg-pellets-online\/#primaryimage\"},\"thumbnailUrl\":\"https:\/\/medicinasinc.com\/de\/wp-content\/uploads\/sites\/6\/2022\/02\/Buy-Metizolam-2mg-Pellets.jpg\",\"datePublished\":\"2022-02-22T02:18:17+00:00\",\"dateModified\":\"2022-08-03T08:51:03+00:00\",\"description\":\"auf der Suche nach Metizolam 2 mg Pellets zum Verkauf in Gro\u00dfbritannien, Europa in unserem Medicinasinc.com -Shop mit schnellem weltweiten Versand! Die besten Metizolam 2mg Pellets zum Bestellen finden Sie hier!\",\"breadcrumb\":{\"@id\":\"https:\/\/medicinasinc.com\/de\/product\/kaufen-metizolam-2mg-pellets-online\/#breadcrumb\"},\"inLanguage\":\"de\",\"potentialAction\":[{\"@type\":\"ReadAction\",\"target\":[\"https:\/\/medicinasinc.com\/de\/product\/kaufen-metizolam-2mg-pellets-online\/\"]}]},{\"@type\":\"ImageObject\",\"inLanguage\":\"de\",\"@id\":\"https:\/\/medicinasinc.com\/de\/product\/kaufen-metizolam-2mg-pellets-online\/#primaryimage\",\"url\":\"https:\/\/medicinasinc.com\/de\/wp-content\/uploads\/sites\/6\/2022\/02\/Buy-Metizolam-2mg-Pellets.jpg\",\"contentUrl\":\"https:\/\/medicinasinc.com\/de\/wp-content\/uploads\/sites\/6\/2022\/02\/Buy-Metizolam-2mg-Pellets.jpg\",\"width\":600,\"height\":600},{\"@type\":\"BreadcrumbList\",\"@id\":\"https:\/\/medicinasinc.com\/de\/product\/kaufen-metizolam-2mg-pellets-online\/#breadcrumb\",\"itemListElement\":[{\"@type\":\"ListItem\",\"position\":1,\"name\":\"Einkaufen\",\"item\":\"https:\/\/medicinasinc.com\/de\/einkaufen\/\"},{\"@type\":\"ListItem\",\"position\":2,\"name\":\"Kaufen Sie Metizolam 2mg Pellets online\"}]},{\"@type\":\"WebSite\",\"@id\":\"https:\/\/medicinasinc.com\/de\/#website\",\"url\":\"https:\/\/medicinasinc.com\/de\/\",\"name\":\"Medicinas Inc\",\"description\":\"Health Medical Clinic\",\"potentialAction\":[{\"@type\":\"SearchAction\",\"target\":{\"@type\":\"EntryPoint\",\"urlTemplate\":\"https:\/\/medicinasinc.com\/de\/?s={search_term_string}\"},\"query-input\":{\"@type\":\"PropertyValueSpecification\",\"valueRequired\":true,\"valueName\":\"search_term_string\"}}],\"inLanguage\":\"de\"}]}<\/script>\n<!-- \/ Yoast SEO plugin. -->","yoast_head_json":{"title":"Kaufen Sie Metizolam 2mg Pellets online - Best Global Meds","description":"auf der Suche nach Metizolam 2 mg Pellets zum Verkauf in Gro\u00dfbritannien, Europa in unserem Medicinasinc.com -Shop mit schnellem weltweiten Versand! Die besten Metizolam 2mg Pellets zum Bestellen finden Sie hier!","robots":{"index":"index","follow":"follow","max-snippet":"max-snippet:-1","max-image-preview":"max-image-preview:large","max-video-preview":"max-video-preview:-1"},"canonical":"https:\/\/medicinasinc.com\/de\/product\/kaufen-metizolam-2mg-pellets-online\/","og_locale":"de_DE","og_type":"article","og_title":"Kaufen Sie Metizolam 2mg Pellets online - Best Global Meds","og_description":"auf der Suche nach Metizolam 2 mg Pellets zum Verkauf in Gro\u00dfbritannien, Europa in unserem Medicinasinc.com -Shop mit schnellem weltweiten Versand! Die besten Metizolam 2mg Pellets zum Bestellen finden Sie hier!","og_url":"https:\/\/medicinasinc.com\/de\/product\/kaufen-metizolam-2mg-pellets-online\/","og_site_name":"Medicinas Inc","article_modified_time":"2022-08-03T08:51:03+00:00","og_image":[{"width":600,"height":600,"url":"https:\/\/medicinasinc.com\/de\/wp-content\/uploads\/sites\/6\/2022\/02\/Buy-Metizolam-2mg-Pellets.jpg","type":"image\/jpeg"}],"twitter_card":"summary_large_image","twitter_misc":{"Gesch\u00e4tzte Lesezeit":"2\u00a0Minuten"},"schema":{"@context":"https:\/\/schema.org","@graph":[{"@type":"WebPage","@id":"https:\/\/medicinasinc.com\/de\/product\/kaufen-metizolam-2mg-pellets-online\/","url":"https:\/\/medicinasinc.com\/de\/product\/kaufen-metizolam-2mg-pellets-online\/","name":"Kaufen Sie Metizolam 2mg Pellets online - Best Global Meds","isPartOf":{"@id":"https:\/\/medicinasinc.com\/de\/#website"},"primaryImageOfPage":{"@id":"https:\/\/medicinasinc.com\/de\/product\/kaufen-metizolam-2mg-pellets-online\/#primaryimage"},"image":{"@id":"https:\/\/medicinasinc.com\/de\/product\/kaufen-metizolam-2mg-pellets-online\/#primaryimage"},"thumbnailUrl":"https:\/\/medicinasinc.com\/de\/wp-content\/uploads\/sites\/6\/2022\/02\/Buy-Metizolam-2mg-Pellets.jpg","datePublished":"2022-02-22T02:18:17+00:00","dateModified":"2022-08-03T08:51:03+00:00","description":"auf der Suche nach Metizolam 2 mg Pellets zum Verkauf in Gro\u00dfbritannien, Europa in unserem Medicinasinc.com -Shop mit schnellem weltweiten Versand! Die besten Metizolam 2mg Pellets zum Bestellen finden Sie hier!","breadcrumb":{"@id":"https:\/\/medicinasinc.com\/de\/product\/kaufen-metizolam-2mg-pellets-online\/#breadcrumb"},"inLanguage":"de","potentialAction":[{"@type":"ReadAction","target":["https:\/\/medicinasinc.com\/de\/product\/kaufen-metizolam-2mg-pellets-online\/"]}]},{"@type":"ImageObject","inLanguage":"de","@id":"https:\/\/medicinasinc.com\/de\/product\/kaufen-metizolam-2mg-pellets-online\/#primaryimage","url":"https:\/\/medicinasinc.com\/de\/wp-content\/uploads\/sites\/6\/2022\/02\/Buy-Metizolam-2mg-Pellets.jpg","contentUrl":"https:\/\/medicinasinc.com\/de\/wp-content\/uploads\/sites\/6\/2022\/02\/Buy-Metizolam-2mg-Pellets.jpg","width":600,"height":600},{"@type":"BreadcrumbList","@id":"https:\/\/medicinasinc.com\/de\/product\/kaufen-metizolam-2mg-pellets-online\/#breadcrumb","itemListElement":[{"@type":"ListItem","position":1,"name":"Einkaufen","item":"https:\/\/medicinasinc.com\/de\/einkaufen\/"},{"@type":"ListItem","position":2,"name":"Kaufen Sie Metizolam 2mg Pellets online"}]},{"@type":"WebSite","@id":"https:\/\/medicinasinc.com\/de\/#website","url":"https:\/\/medicinasinc.com\/de\/","name":"Medicinas Inc","description":"Health Medical Clinic","potentialAction":[{"@type":"SearchAction","target":{"@type":"EntryPoint","urlTemplate":"https:\/\/medicinasinc.com\/de\/?s={search_term_string}"},"query-input":{"@type":"PropertyValueSpecification","valueRequired":true,"valueName":"search_term_string"}}],"inLanguage":"de"}]}},"_links":{"self":[{"href":"https:\/\/medicinasinc.com\/de\/wp-json\/wp\/v2\/product\/5589","targetHints":{"allow":["GET"]}}],"collection":[{"href":"https:\/\/medicinasinc.com\/de\/wp-json\/wp\/v2\/product"}],"about":[{"href":"https:\/\/medicinasinc.com\/de\/wp-json\/wp\/v2\/types\/product"}],"replies":[{"embeddable":true,"href":"https:\/\/medicinasinc.com\/de\/wp-json\/wp\/v2\/comments?post=5589"}],"wp:featuredmedia":[{"embeddable":true,"href":"https:\/\/medicinasinc.com\/de\/wp-json\/wp\/v2\/media\/5598"}],"wp:attachment":[{"href":"https:\/\/medicinasinc.com\/de\/wp-json\/wp\/v2\/media?parent=5589"}],"wp:term":[{"taxonomy":"product_brand","embeddable":true,"href":"https:\/\/medicinasinc.com\/de\/wp-json\/wp\/v2\/product_brand?post=5589"},{"taxonomy":"product_cat","embeddable":true,"href":"https:\/\/medicinasinc.com\/de\/wp-json\/wp\/v2\/product_cat?post=5589"},{"taxonomy":"product_tag","embeddable":true,"href":"https:\/\/medicinasinc.com\/de\/wp-json\/wp\/v2\/product_tag?post=5589"}],"curies":[{"name":"wp","href":"https:\/\/api.w.org\/{rel}","templated":true}]}}