{"id":5566,"date":"2022-02-22T01:53:35","date_gmt":"2022-02-22T01:53:35","guid":{"rendered":"https:\/\/medicinasinc.com\/de\/?post_type=product&#038;p=5566"},"modified":"2022-03-18T00:17:25","modified_gmt":"2022-03-18T00:17:25","slug":"methadon-hydrochlorid-usp-pulver-zur-oralen-anwendung","status":"publish","type":"product","link":"https:\/\/medicinasinc.com\/de\/product\/methadon-hydrochlorid-usp-pulver-zur-oralen-anwendung\/","title":{"rendered":"Methadonhydrochlorid USP PULVER ZUR ORALEN ANWENDUNG"},"content":{"rendered":"<p>Metho Methadonhydrochlorid-Pulver kaufen<\/p>\n<p>Methadon ist ein Opioid-Medikament, das zur Behandlung von Opioidabh\u00e4ngigkeit und starken Schmerzen verwendet wird.<\/p>\n<p>Methadon kann als Pille oder als L\u00f6sung zum Einnehmen eingenommen werden lindern starke Schmerzen.<\/p>\n<p>Getr\u00e4nke mit Fruchtgeschmack sind die h\u00e4ufigste Form von Methadon, wenn es zur Behandlung von Opiatabh\u00e4ngigkeit eingesetzt wird. Einmal t\u00e4glich wird das Pulver aufgel\u00f6st und im Ganzen geschluckt.<\/p>\n<p>Methadon ist ein Medikament zur Suchtbehandlung.<\/p>\n<p>Heroin, Oxycodon, Fentanyl und Hydromorphon k\u00f6nnen alle durch Methadon ersetzt werden bei der Behandlung von Opioidabh\u00e4ngigkeit. Der Begriff \u201elangwirkend\u201c bezieht sich auf ein Medikament, das langsamer wirkt und l\u00e4nger im K\u00f6rper anh\u00e4lt. Die Wirkung von Methadon kann je nach Dosierung zwischen 24 und 36 Stunden anhalten. Kurzwirksame Opioide hingegen m\u00fcssen drei- bis viermal t\u00e4glich von jemandem eingenommen werden, der versucht, einen Entzug zu vermeiden.<\/p>\n<p>Solange Methadon in der richtigen Dosierung verwendet wird, kann es das Verlangen nach Drogen lindern und Entzugserscheinungen verhindern. Die Risiken des Opioidmissbrauchs werden verringert, und diejenigen, die von Opioiden abh\u00e4ngig sind, haben bessere Chancen, ihr Leben wieder in den Griff zu bekommen. Methadon-Erhaltungstherapie ist eine Form der Opioid-Agonisten-Therapie, die zur Behandlung der Opioid-Abh\u00e4ngigkeit eingesetzt wird. Buprenorphin, ein weiterer Opioid-Agonist, wird ebenso wie Methadon zur Behandlung von Opioidabh\u00e4ngigkeit eingesetzt.<\/p>\n<p>Methadon und Buprenorphin sind beide wirksame Therapien f\u00fcr Opioidabh\u00e4ngigkeit, wenn sie in Verbindung mit medizinischer und unterst\u00fctzender Behandlung eingesetzt werden, wie auch immer diese sein mag f\u00fcr manche Menschen erfolgreicher als die anderen.<\/p>\n<p>Eine langfristige Methadonbehandlung ist erforderlich. Die Behandlungsdauer reicht von einigen Monaten bis zu mehr als zwei Jahrzehnten. Wenn ein Methadon-Anwender beschlie\u00dft, die Einnahme des Medikaments abzubrechen, verringert sein Arzt die Methadon-Menge, die er einnimmt, schrittweise \u00fcber einen Zeitraum von Wochen oder Monaten.<\/p>\n<p>Nebenwirkungen von Methadon<\/p>\n<p>Unter den m\u00f6glichen Nebenwirkungen:<\/p>\n<p>Benommenheit wird durch Verstopfung, starkes Schwitzen, Mundtrockenheit und Geschlechtsver\u00e4nderungen verursacht.<\/p>\n<p>&nbsp;<\/p>\n","protected":false},"excerpt":{"rendered":"<p>Kaufen Sie Metho Methadon HCL-Pulver online. Metho Methadon HCL-Pulver Gro\u00dfhandel\u00a099,8\u00a0% rein zu Gro\u00dfhandelspreisen. Metho (Methadon HCL) behandelt m\u00e4\u00dfige bis starke Schmerzen.<\/p>\n","protected":false},"featured_media":5578,"comment_status":"open","ping_status":"closed","template":"","meta":[],"product_brand":[],"product_cat":[2014],"product_tag":[3192,3193,3209,3190,3196,3197,3198,3203,3204,3205,3206,3195,3194,3202,3191,3201,3199,3200,3207,3208],"class_list":{"0":"post-5566","1":"product","2":"type-product","3":"status-publish","4":"has-post-thumbnail","6":"product_cat-kaufen-forschungschemikalien","7":"product_tag-buy-metho-hcl","8":"product_tag-buy-metho-powder","9":"product_tag-grohandel-methadon-pulver","10":"product_tag-methadon-hydrochlorid-kaufen","11":"product_tag-methadon-pulver","12":"product_tag-methadone-powder-buy","13":"product_tag-methadone-powder-effect","14":"product_tag-methadone-powder-reddit","15":"product_tag-methadone-powder-retail","16":"product_tag-methadone-powder-sales","17":"product_tag-methadone-powder-sell","18":"product_tag-methadon-hydrochlorid-grohandel","19":"product_tag-methadon-hydrochlorid-effekt","20":"product_tag-methadon-pulver-bestellung","21":"product_tag-methadon-pulver-kaufen","22":"product_tag-methadon-pulver-online","23":"product_tag-methadon-pulver-zu-verkaufen","24":"product_tag-methadon-pulver-zum-online-verkauf","25":"product_tag-where-to-buy-methadone-powder","26":"product_tag-where-to-order-methadone-powder","28":"first","29":"instock","30":"shipping-taxable","31":"purchasable","32":"product-type-variable","33":"has-default-attributes"},"yoast_head":"<!-- This site is optimized with the Yoast SEO plugin v27.3 - https:\/\/yoast.com\/product\/yoast-seo-wordpress\/ -->\n<title>Methadonhydrochlorid USP PULVER ZUR ORALEN ANWENDUNG<\/title>\n<meta name=\"description\" content=\"Kaufen Sie Metho Methadon HCL Pulver online. Metho Methadon HCL-Pulver Gro\u00dfhandel 99,8 % rein zu Gro\u00dfhandelspreisen. Metho (Methadon HCL) behandelt m\u00e4\u00dfige bis starke Schmerzen.\" \/>\n<meta name=\"robots\" content=\"index, follow, max-snippet:-1, max-image-preview:large, max-video-preview:-1\" \/>\n<link rel=\"canonical\" href=\"https:\/\/medicinasinc.com\/de\/product\/methadon-hydrochlorid-usp-pulver-zur-oralen-anwendung\/\" \/>\n<meta property=\"og:locale\" content=\"de_DE\" \/>\n<meta property=\"og:type\" content=\"article\" \/>\n<meta property=\"og:title\" content=\"Methadonhydrochlorid USP PULVER ZUR ORALEN ANWENDUNG\" \/>\n<meta property=\"og:description\" content=\"Kaufen Sie Metho Methadon HCL Pulver online. Metho Methadon HCL-Pulver Gro\u00dfhandel 99,8 % rein zu Gro\u00dfhandelspreisen. Metho (Methadon HCL) behandelt m\u00e4\u00dfige bis starke Schmerzen.\" \/>\n<meta property=\"og:url\" content=\"https:\/\/medicinasinc.com\/de\/product\/methadon-hydrochlorid-usp-pulver-zur-oralen-anwendung\/\" \/>\n<meta property=\"og:site_name\" content=\"Medicinas Inc\" \/>\n<meta property=\"article:modified_time\" content=\"2022-03-18T00:17:25+00:00\" \/>\n<meta property=\"og:image\" content=\"https:\/\/medicinasinc.com\/de\/wp-content\/uploads\/sites\/6\/2022\/02\/Buy-Methadone.jpg\" \/>\n\t<meta property=\"og:image:width\" content=\"600\" \/>\n\t<meta property=\"og:image:height\" content=\"600\" \/>\n\t<meta property=\"og:image:type\" content=\"image\/jpeg\" \/>\n<meta name=\"twitter:card\" content=\"summary_large_image\" \/>\n<meta name=\"twitter:label1\" content=\"Gesch\u00e4tzte Lesezeit\" \/>\n\t<meta name=\"twitter:data1\" content=\"2\u00a0Minuten\" \/>\n<script type=\"application\/ld+json\" class=\"yoast-schema-graph\">{\"@context\":\"https:\\\/\\\/schema.org\",\"@graph\":[{\"@type\":\"WebPage\",\"@id\":\"https:\\\/\\\/medicinasinc.com\\\/de\\\/product\\\/methadon-hydrochlorid-usp-pulver-zur-oralen-anwendung\\\/\",\"url\":\"https:\\\/\\\/medicinasinc.com\\\/de\\\/product\\\/methadon-hydrochlorid-usp-pulver-zur-oralen-anwendung\\\/\",\"name\":\"Methadonhydrochlorid USP PULVER ZUR ORALEN ANWENDUNG\",\"isPartOf\":{\"@id\":\"https:\\\/\\\/medicinasinc.com\\\/de\\\/#website\"},\"primaryImageOfPage\":{\"@id\":\"https:\\\/\\\/medicinasinc.com\\\/de\\\/product\\\/methadon-hydrochlorid-usp-pulver-zur-oralen-anwendung\\\/#primaryimage\"},\"image\":{\"@id\":\"https:\\\/\\\/medicinasinc.com\\\/de\\\/product\\\/methadon-hydrochlorid-usp-pulver-zur-oralen-anwendung\\\/#primaryimage\"},\"thumbnailUrl\":\"https:\\\/\\\/medicinasinc.com\\\/de\\\/wp-content\\\/uploads\\\/sites\\\/6\\\/2022\\\/02\\\/Buy-Methadone.jpg\",\"datePublished\":\"2022-02-22T01:53:35+00:00\",\"dateModified\":\"2022-03-18T00:17:25+00:00\",\"description\":\"Kaufen Sie Metho Methadon HCL Pulver online. Metho Methadon HCL-Pulver Gro\u00dfhandel 99,8 % rein zu Gro\u00dfhandelspreisen. Metho (Methadon HCL) behandelt m\u00e4\u00dfige bis starke Schmerzen.\",\"breadcrumb\":{\"@id\":\"https:\\\/\\\/medicinasinc.com\\\/de\\\/product\\\/methadon-hydrochlorid-usp-pulver-zur-oralen-anwendung\\\/#breadcrumb\"},\"inLanguage\":\"de\",\"potentialAction\":[{\"@type\":\"ReadAction\",\"target\":[\"https:\\\/\\\/medicinasinc.com\\\/de\\\/product\\\/methadon-hydrochlorid-usp-pulver-zur-oralen-anwendung\\\/\"]}]},{\"@type\":\"ImageObject\",\"inLanguage\":\"de\",\"@id\":\"https:\\\/\\\/medicinasinc.com\\\/de\\\/product\\\/methadon-hydrochlorid-usp-pulver-zur-oralen-anwendung\\\/#primaryimage\",\"url\":\"https:\\\/\\\/medicinasinc.com\\\/de\\\/wp-content\\\/uploads\\\/sites\\\/6\\\/2022\\\/02\\\/Buy-Methadone.jpg\",\"contentUrl\":\"https:\\\/\\\/medicinasinc.com\\\/de\\\/wp-content\\\/uploads\\\/sites\\\/6\\\/2022\\\/02\\\/Buy-Methadone.jpg\",\"width\":600,\"height\":600},{\"@type\":\"BreadcrumbList\",\"@id\":\"https:\\\/\\\/medicinasinc.com\\\/de\\\/product\\\/methadon-hydrochlorid-usp-pulver-zur-oralen-anwendung\\\/#breadcrumb\",\"itemListElement\":[{\"@type\":\"ListItem\",\"position\":1,\"name\":\"Einkaufen\",\"item\":\"https:\\\/\\\/medicinasinc.com\\\/de\\\/einkaufen\\\/\"},{\"@type\":\"ListItem\",\"position\":2,\"name\":\"Methadonhydrochlorid USP PULVER ZUR ORALEN ANWENDUNG\"}]},{\"@type\":\"WebSite\",\"@id\":\"https:\\\/\\\/medicinasinc.com\\\/de\\\/#website\",\"url\":\"https:\\\/\\\/medicinasinc.com\\\/de\\\/\",\"name\":\"Medicinas Inc\",\"description\":\"Health Medical Clinic\",\"potentialAction\":[{\"@type\":\"SearchAction\",\"target\":{\"@type\":\"EntryPoint\",\"urlTemplate\":\"https:\\\/\\\/medicinasinc.com\\\/de\\\/?s={search_term_string}\"},\"query-input\":{\"@type\":\"PropertyValueSpecification\",\"valueRequired\":true,\"valueName\":\"search_term_string\"}}],\"inLanguage\":\"de\"}]}<\/script>\n<!-- \/ Yoast SEO plugin. -->","yoast_head_json":{"title":"Methadonhydrochlorid USP PULVER ZUR ORALEN ANWENDUNG","description":"Kaufen Sie Metho Methadon HCL Pulver online. Metho Methadon HCL-Pulver Gro\u00dfhandel 99,8 % rein zu Gro\u00dfhandelspreisen. Metho (Methadon HCL) behandelt m\u00e4\u00dfige bis starke Schmerzen.","robots":{"index":"index","follow":"follow","max-snippet":"max-snippet:-1","max-image-preview":"max-image-preview:large","max-video-preview":"max-video-preview:-1"},"canonical":"https:\/\/medicinasinc.com\/de\/product\/methadon-hydrochlorid-usp-pulver-zur-oralen-anwendung\/","og_locale":"de_DE","og_type":"article","og_title":"Methadonhydrochlorid USP PULVER ZUR ORALEN ANWENDUNG","og_description":"Kaufen Sie Metho Methadon HCL Pulver online. Metho Methadon HCL-Pulver Gro\u00dfhandel 99,8 % rein zu Gro\u00dfhandelspreisen. Metho (Methadon HCL) behandelt m\u00e4\u00dfige bis starke Schmerzen.","og_url":"https:\/\/medicinasinc.com\/de\/product\/methadon-hydrochlorid-usp-pulver-zur-oralen-anwendung\/","og_site_name":"Medicinas Inc","article_modified_time":"2022-03-18T00:17:25+00:00","og_image":[{"width":600,"height":600,"url":"https:\/\/medicinasinc.com\/de\/wp-content\/uploads\/sites\/6\/2022\/02\/Buy-Methadone.jpg","type":"image\/jpeg"}],"twitter_card":"summary_large_image","twitter_misc":{"Gesch\u00e4tzte Lesezeit":"2\u00a0Minuten"},"schema":{"@context":"https:\/\/schema.org","@graph":[{"@type":"WebPage","@id":"https:\/\/medicinasinc.com\/de\/product\/methadon-hydrochlorid-usp-pulver-zur-oralen-anwendung\/","url":"https:\/\/medicinasinc.com\/de\/product\/methadon-hydrochlorid-usp-pulver-zur-oralen-anwendung\/","name":"Methadonhydrochlorid USP PULVER ZUR ORALEN ANWENDUNG","isPartOf":{"@id":"https:\/\/medicinasinc.com\/de\/#website"},"primaryImageOfPage":{"@id":"https:\/\/medicinasinc.com\/de\/product\/methadon-hydrochlorid-usp-pulver-zur-oralen-anwendung\/#primaryimage"},"image":{"@id":"https:\/\/medicinasinc.com\/de\/product\/methadon-hydrochlorid-usp-pulver-zur-oralen-anwendung\/#primaryimage"},"thumbnailUrl":"https:\/\/medicinasinc.com\/de\/wp-content\/uploads\/sites\/6\/2022\/02\/Buy-Methadone.jpg","datePublished":"2022-02-22T01:53:35+00:00","dateModified":"2022-03-18T00:17:25+00:00","description":"Kaufen Sie Metho Methadon HCL Pulver online. Metho Methadon HCL-Pulver Gro\u00dfhandel 99,8 % rein zu Gro\u00dfhandelspreisen. Metho (Methadon HCL) behandelt m\u00e4\u00dfige bis starke Schmerzen.","breadcrumb":{"@id":"https:\/\/medicinasinc.com\/de\/product\/methadon-hydrochlorid-usp-pulver-zur-oralen-anwendung\/#breadcrumb"},"inLanguage":"de","potentialAction":[{"@type":"ReadAction","target":["https:\/\/medicinasinc.com\/de\/product\/methadon-hydrochlorid-usp-pulver-zur-oralen-anwendung\/"]}]},{"@type":"ImageObject","inLanguage":"de","@id":"https:\/\/medicinasinc.com\/de\/product\/methadon-hydrochlorid-usp-pulver-zur-oralen-anwendung\/#primaryimage","url":"https:\/\/medicinasinc.com\/de\/wp-content\/uploads\/sites\/6\/2022\/02\/Buy-Methadone.jpg","contentUrl":"https:\/\/medicinasinc.com\/de\/wp-content\/uploads\/sites\/6\/2022\/02\/Buy-Methadone.jpg","width":600,"height":600},{"@type":"BreadcrumbList","@id":"https:\/\/medicinasinc.com\/de\/product\/methadon-hydrochlorid-usp-pulver-zur-oralen-anwendung\/#breadcrumb","itemListElement":[{"@type":"ListItem","position":1,"name":"Einkaufen","item":"https:\/\/medicinasinc.com\/de\/einkaufen\/"},{"@type":"ListItem","position":2,"name":"Methadonhydrochlorid USP PULVER ZUR ORALEN ANWENDUNG"}]},{"@type":"WebSite","@id":"https:\/\/medicinasinc.com\/de\/#website","url":"https:\/\/medicinasinc.com\/de\/","name":"Medicinas Inc","description":"Health Medical Clinic","potentialAction":[{"@type":"SearchAction","target":{"@type":"EntryPoint","urlTemplate":"https:\/\/medicinasinc.com\/de\/?s={search_term_string}"},"query-input":{"@type":"PropertyValueSpecification","valueRequired":true,"valueName":"search_term_string"}}],"inLanguage":"de"}]}},"_links":{"self":[{"href":"https:\/\/medicinasinc.com\/de\/wp-json\/wp\/v2\/product\/5566","targetHints":{"allow":["GET"]}}],"collection":[{"href":"https:\/\/medicinasinc.com\/de\/wp-json\/wp\/v2\/product"}],"about":[{"href":"https:\/\/medicinasinc.com\/de\/wp-json\/wp\/v2\/types\/product"}],"replies":[{"embeddable":true,"href":"https:\/\/medicinasinc.com\/de\/wp-json\/wp\/v2\/comments?post=5566"}],"wp:featuredmedia":[{"embeddable":true,"href":"https:\/\/medicinasinc.com\/de\/wp-json\/wp\/v2\/media\/5578"}],"wp:attachment":[{"href":"https:\/\/medicinasinc.com\/de\/wp-json\/wp\/v2\/media?parent=5566"}],"wp:term":[{"taxonomy":"product_brand","embeddable":true,"href":"https:\/\/medicinasinc.com\/de\/wp-json\/wp\/v2\/product_brand?post=5566"},{"taxonomy":"product_cat","embeddable":true,"href":"https:\/\/medicinasinc.com\/de\/wp-json\/wp\/v2\/product_cat?post=5566"},{"taxonomy":"product_tag","embeddable":true,"href":"https:\/\/medicinasinc.com\/de\/wp-json\/wp\/v2\/product_tag?post=5566"}],"curies":[{"name":"wp","href":"https:\/\/api.w.org\/{rel}","templated":true}]}}