{"id":5565,"date":"2022-02-22T01:51:04","date_gmt":"2022-02-22T01:51:04","guid":{"rendered":"https:\/\/medicinasinc.com\/de\/?post_type=product&#038;p=5565"},"modified":"2022-08-03T08:50:16","modified_gmt":"2022-08-03T08:50:16","slug":"kaufen-mdpv-methylendioxypyrovaleron-pulver","status":"publish","type":"product","link":"https:\/\/medicinasinc.com\/de\/product\/kaufen-mdpv-methylendioxypyrovaleron-pulver\/","title":{"rendered":"Kaufen Sie MDPV (Methylendioxypyrovaleron) Pulver"},"content":{"rendered":"<p>MDPV ist hier erh\u00e4ltlich.<\/p>\n<p>Kaufen Sie MDPV online f\u00fcr Ihren eigenen Gebrauch oder zum Wiederverkauf. Wir k\u00f6nnen garantieren, dass unser zum Verkauf stehendes MDPV-Pulver von h\u00f6chster Qualit\u00e4t ist, die derzeit auf dem Markt erh\u00e4ltlich ist. Western Union, MoneyGram und Bitcoins geh\u00f6ren zu den von uns akzeptierten Zahlungsmethoden. Wir haben auch eine gro\u00dfe Auswahl an verschiedenen Forschungschemikalien zum Verkauf, einschlie\u00dflich JWH-018. Bitte denken Sie daran, dass wir nicht daf\u00fcr verantwortlich sind, wie unser in den Vereinigten Staaten verkauftes MDPV von unseren Kunden verwendet wird.<\/p>\n<p>MDPV (Methylendioxypyrovaleron)-Pulver, ein Stimulans der Cathinon-Klasse, kann online gekauft werden. Es ist ein Noradrenalin-Dopamin-Wiederaufnahmehemmer und ein psychotropes Stimulans. In den 1960er Jahren wurde es von einem Team bei Boehringer Ingelheim entwickelt.<br \/>\nMDPV (METHYLENEDIOXYPYROVALERONE) IN PULVERFORM:<br \/>\nAufgrund seiner feinen Textur und der Tendenz, bei Feuchtigkeitseinwirkung zusammenzukleben, wird es oft mit dem Hydrochloridsalz verwechselt Puderzucker.<br \/>\nDie stimulierenden Eigenschaften von MDPV wurden mit denen von Kokain, Methylphenidat und Amphetaminen verglichen.<\/p>\n<div class=\"entry-content gbtr_product_description\">\n<h3 class=\"fusion-responsive-typography-calculated \" data-fontsize=\"16\" data-lineheight=\"24px\"><\/h3>\n<\/div>\n","protected":false},"excerpt":{"rendered":"<div class=\"woocommerce-product-details__short-description\">\n<p>Kaufen Sie MDPV zum Verkauf online in Gro\u00dfbritannien, Europa hier bei Medicinasinc.com. Der Online-Kauf von Forschungschemikalien Methylendioxypyrovaleron ist sehr schwierig. Aber wir k\u00f6nnen hochwertiges MDPV zu sehr niedrigen Preisen zum Verkauf anbieten. Nichts Gutes kommt leicht und es kostet uns viel Arbeit, MDPV von bester Qualit\u00e4t zum Verkauf anzubieten.<\/p>\n<p><b>Methylendioxypyrovaleron<\/b>\u00a0(MDPV) ist ein Stimulans der Cathinon-Klasse, das als a Noradrenalin-Dopamin-Wiederaufnahmehemmer (NDRI). Es wurde erstmals in den 1960er Jahren von einem Team bei Boehringer Ingelheim entwickelt.<\/p>\n<h3 class=\"fusion-responsive-typography-calculated\" data-fontsize=\"16\" data-lineheight=\"24px\">MDPV (Methylendioxypyrovaleron) Puder ist ein Stimulans aus der Klasse der Cathinone.<\/h3>\n<\/div>\n","protected":false},"featured_media":5576,"comment_status":"open","ping_status":"closed","template":"","meta":[],"product_brand":[],"product_cat":[2014],"product_tag":[3095,3138,3139,3144,3145,3146,3147,3152,3153,3157,3158,3159,3160,3162,3137,3148,3149,3150,3151,3161,3155,3156,3154,3163,3164,3165,3167,3141,3140,3142,3173,3174,3175,3180,3181,3182,3183,3170,3172,3176,3178,3179,3171,3166,3168,3177,3184,3185,3188,3187,3186,3189],"class_list":{"0":"post-5565","1":"product","2":"type-product","3":"status-publish","4":"has-post-thumbnail","6":"product_cat-kaufen-forschungschemikalien","7":"product_tag-badesalze-zu-verkaufen","8":"product_tag-buy-mdpv","9":"product_tag-buy-mdpv-1g","10":"product_tag-buy-mdpv-plant-food","11":"product_tag-buy-mdpv-powder-online-2019","12":"product_tag-buy-mdpv-powder-online-free","13":"product_tag-buy-mdpv-powdera-online","14":"product_tag-buy-mdpv-uk","15":"product_tag-buy-mdpv-usa","16":"product_tag-buy-methylenedioxypyrovalerone-powdera-online","17":"product_tag-buy-methylenedioxypyrovalerone-powdera-online-ecouter","18":"product_tag-buy-methylenedioxypyrovalerone-powdera-online-com","19":"product_tag-buy-methylenedioxypyrovalerone-powdera-online-fr","20":"product_tag-how-to-buy-mdpv","21":"product_tag-dextromethorphan-pulver-online-kaufen","22":"product_tag-kaufen-mdpv-powdera-online-casino","23":"product_tag-kaufen-mdpv-pulvera-online-ecouter","24":"product_tag-kaufen-mdpv-pulvera-online-fr","25":"product_tag-mdpv-power-online-kaufen","26":"product_tag-methylendioxypyrovaleron-power-online-kaufen","27":"product_tag-kaufen-methylendioxypyrovaleron-pulver-online-rezension","28":"product_tag-kaufen-methylendioxypyrovaleron-pulver-online-bewertungen","29":"product_tag-kaufen-methylendioxypyrovaleron-pulver-online-indonesien","30":"product_tag-mdpv-badesalz-kaufen","31":"product_tag-mdpv-badesalz-online-kaufen","32":"product_tag-mdpv-badesalz-zu-verkaufen","33":"product_tag-mdpv-buy-usa","34":"product_tag-buy-mdpv-europe","35":"product_tag-mdpv-billig-kaufen","36":"product_tag-kaufen-mdpv-online","37":"product_tag-mdpv-powder-for-sale-craigslist","38":"product_tag-mdpv-powder-for-sale-ebay","39":"product_tag-mdpv-powder-for-sale-florida","40":"product_tag-mdpv-powder-for-sale-usa","41":"product_tag-mdpv-powder-for-sale-walmart","42":"product_tag-mdpv-powder-for-sale-without","43":"product_tag-mdpv-powders","44":"product_tag-mdpv-pulver-zu-verkaufen","45":"product_tag-mdpv-pulver-zum-verkauf-amazon","46":"product_tag-mdpv-pulver-zum-verkauf-michigan","47":"product_tag-mdpv-pulver-zum-verkauf-uk","48":"product_tag-mdpv-pulver-zu-verkaufen-vereinigte-staaten","49":"product_tag-mdpv-pulver-zu-verkaufen-2019","50":"product_tag-mdpv-buy-uk","51":"product_tag-mdpv-medikament","52":"product_tag-mdpv-pulver-zu-verkaufen-in-der-nahe","53":"product_tag-methylendioxypyrovaleron-kaufen","54":"product_tag-methylendioxypyrovaleron-online-kaufen","55":"product_tag-methylendioxypyrovaleron-pulver-berprfung","56":"product_tag-methylendioxypyrovaleron-pulver-foundation","57":"product_tag-methylendioxypyrovaleron-pulver","58":"product_tag-wo-zu-kaufen-mdpv","60":"first","61":"instock","62":"shipping-taxable","63":"purchasable","64":"product-type-variable","65":"has-default-attributes"},"yoast_head":"<!-- This site is optimized with the Yoast SEO plugin v27.3 - https:\/\/yoast.com\/product\/yoast-seo-wordpress\/ -->\n<title>Kaufen Sie MDPV (Methylendioxypyrovaleron) Pulver - Best Global Meds<\/title>\n<meta name=\"description\" content=\"Kaufen Sie MDPV zum Verkauf online in Gro\u00dfbritannien, Europa hier bei Medicinasinc. Der Online-Kauf von Forschungschemikalien Methylendioxypyrovaleron ist sehr schwierig. Aber wir k\u00f6nnen hochwertiges MDPV zu sehr niedrigen Preisen zum Verkauf anbieten.\" \/>\n<meta name=\"robots\" content=\"index, follow, max-snippet:-1, max-image-preview:large, max-video-preview:-1\" \/>\n<link rel=\"canonical\" href=\"https:\/\/medicinasinc.com\/de\/product\/kaufen-mdpv-methylendioxypyrovaleron-pulver\/\" \/>\n<meta property=\"og:locale\" content=\"de_DE\" \/>\n<meta property=\"og:type\" content=\"article\" \/>\n<meta property=\"og:title\" content=\"Kaufen Sie MDPV (Methylendioxypyrovaleron) Pulver - Best Global Meds\" \/>\n<meta property=\"og:description\" content=\"Kaufen Sie MDPV zum Verkauf online in Gro\u00dfbritannien, Europa hier bei Medicinasinc. Der Online-Kauf von Forschungschemikalien Methylendioxypyrovaleron ist sehr schwierig. Aber wir k\u00f6nnen hochwertiges MDPV zu sehr niedrigen Preisen zum Verkauf anbieten.\" \/>\n<meta property=\"og:url\" content=\"https:\/\/medicinasinc.com\/de\/product\/kaufen-mdpv-methylendioxypyrovaleron-pulver\/\" \/>\n<meta property=\"og:site_name\" content=\"Medicinas Inc\" \/>\n<meta property=\"article:modified_time\" content=\"2022-08-03T08:50:16+00:00\" \/>\n<meta property=\"og:image\" content=\"https:\/\/medicinasinc.com\/de\/wp-content\/uploads\/sites\/6\/2022\/02\/buy-methylenedioxypyrovalerone.jpg\" \/>\n\t<meta property=\"og:image:width\" content=\"1400\" \/>\n\t<meta property=\"og:image:height\" content=\"700\" \/>\n\t<meta property=\"og:image:type\" content=\"image\/jpeg\" \/>\n<meta name=\"twitter:card\" content=\"summary_large_image\" \/>\n<meta name=\"twitter:label1\" content=\"Gesch\u00e4tzte Lesezeit\" \/>\n\t<meta name=\"twitter:data1\" content=\"1\u00a0Minute\" \/>\n<script type=\"application\/ld+json\" class=\"yoast-schema-graph\">{\"@context\":\"https:\\\/\\\/schema.org\",\"@graph\":[{\"@type\":\"WebPage\",\"@id\":\"https:\\\/\\\/medicinasinc.com\\\/de\\\/product\\\/kaufen-mdpv-methylendioxypyrovaleron-pulver\\\/\",\"url\":\"https:\\\/\\\/medicinasinc.com\\\/de\\\/product\\\/kaufen-mdpv-methylendioxypyrovaleron-pulver\\\/\",\"name\":\"Kaufen Sie MDPV (Methylendioxypyrovaleron) Pulver - Best Global Meds\",\"isPartOf\":{\"@id\":\"https:\\\/\\\/medicinasinc.com\\\/de\\\/#website\"},\"primaryImageOfPage\":{\"@id\":\"https:\\\/\\\/medicinasinc.com\\\/de\\\/product\\\/kaufen-mdpv-methylendioxypyrovaleron-pulver\\\/#primaryimage\"},\"image\":{\"@id\":\"https:\\\/\\\/medicinasinc.com\\\/de\\\/product\\\/kaufen-mdpv-methylendioxypyrovaleron-pulver\\\/#primaryimage\"},\"thumbnailUrl\":\"https:\\\/\\\/medicinasinc.com\\\/de\\\/wp-content\\\/uploads\\\/sites\\\/6\\\/2022\\\/02\\\/buy-methylenedioxypyrovalerone.jpg\",\"datePublished\":\"2022-02-22T01:51:04+00:00\",\"dateModified\":\"2022-08-03T08:50:16+00:00\",\"description\":\"Kaufen Sie MDPV zum Verkauf online in Gro\u00dfbritannien, Europa hier bei Medicinasinc. Der Online-Kauf von Forschungschemikalien Methylendioxypyrovaleron ist sehr schwierig. Aber wir k\u00f6nnen hochwertiges MDPV zu sehr niedrigen Preisen zum Verkauf anbieten.\",\"breadcrumb\":{\"@id\":\"https:\\\/\\\/medicinasinc.com\\\/de\\\/product\\\/kaufen-mdpv-methylendioxypyrovaleron-pulver\\\/#breadcrumb\"},\"inLanguage\":\"de\",\"potentialAction\":[{\"@type\":\"ReadAction\",\"target\":[\"https:\\\/\\\/medicinasinc.com\\\/de\\\/product\\\/kaufen-mdpv-methylendioxypyrovaleron-pulver\\\/\"]}]},{\"@type\":\"ImageObject\",\"inLanguage\":\"de\",\"@id\":\"https:\\\/\\\/medicinasinc.com\\\/de\\\/product\\\/kaufen-mdpv-methylendioxypyrovaleron-pulver\\\/#primaryimage\",\"url\":\"https:\\\/\\\/medicinasinc.com\\\/de\\\/wp-content\\\/uploads\\\/sites\\\/6\\\/2022\\\/02\\\/buy-methylenedioxypyrovalerone.jpg\",\"contentUrl\":\"https:\\\/\\\/medicinasinc.com\\\/de\\\/wp-content\\\/uploads\\\/sites\\\/6\\\/2022\\\/02\\\/buy-methylenedioxypyrovalerone.jpg\",\"width\":1400,\"height\":700},{\"@type\":\"BreadcrumbList\",\"@id\":\"https:\\\/\\\/medicinasinc.com\\\/de\\\/product\\\/kaufen-mdpv-methylendioxypyrovaleron-pulver\\\/#breadcrumb\",\"itemListElement\":[{\"@type\":\"ListItem\",\"position\":1,\"name\":\"Einkaufen\",\"item\":\"https:\\\/\\\/medicinasinc.com\\\/de\\\/einkaufen\\\/\"},{\"@type\":\"ListItem\",\"position\":2,\"name\":\"Kaufen Sie MDPV (Methylendioxypyrovaleron) Pulver\"}]},{\"@type\":\"WebSite\",\"@id\":\"https:\\\/\\\/medicinasinc.com\\\/de\\\/#website\",\"url\":\"https:\\\/\\\/medicinasinc.com\\\/de\\\/\",\"name\":\"Medicinas Inc\",\"description\":\"Health Medical Clinic\",\"potentialAction\":[{\"@type\":\"SearchAction\",\"target\":{\"@type\":\"EntryPoint\",\"urlTemplate\":\"https:\\\/\\\/medicinasinc.com\\\/de\\\/?s={search_term_string}\"},\"query-input\":{\"@type\":\"PropertyValueSpecification\",\"valueRequired\":true,\"valueName\":\"search_term_string\"}}],\"inLanguage\":\"de\"}]}<\/script>\n<!-- \/ Yoast SEO plugin. -->","yoast_head_json":{"title":"Kaufen Sie MDPV (Methylendioxypyrovaleron) Pulver - Best Global Meds","description":"Kaufen Sie MDPV zum Verkauf online in Gro\u00dfbritannien, Europa hier bei Medicinasinc. Der Online-Kauf von Forschungschemikalien Methylendioxypyrovaleron ist sehr schwierig. Aber wir k\u00f6nnen hochwertiges MDPV zu sehr niedrigen Preisen zum Verkauf anbieten.","robots":{"index":"index","follow":"follow","max-snippet":"max-snippet:-1","max-image-preview":"max-image-preview:large","max-video-preview":"max-video-preview:-1"},"canonical":"https:\/\/medicinasinc.com\/de\/product\/kaufen-mdpv-methylendioxypyrovaleron-pulver\/","og_locale":"de_DE","og_type":"article","og_title":"Kaufen Sie MDPV (Methylendioxypyrovaleron) Pulver - Best Global Meds","og_description":"Kaufen Sie MDPV zum Verkauf online in Gro\u00dfbritannien, Europa hier bei Medicinasinc. Der Online-Kauf von Forschungschemikalien Methylendioxypyrovaleron ist sehr schwierig. Aber wir k\u00f6nnen hochwertiges MDPV zu sehr niedrigen Preisen zum Verkauf anbieten.","og_url":"https:\/\/medicinasinc.com\/de\/product\/kaufen-mdpv-methylendioxypyrovaleron-pulver\/","og_site_name":"Medicinas Inc","article_modified_time":"2022-08-03T08:50:16+00:00","og_image":[{"width":1400,"height":700,"url":"https:\/\/medicinasinc.com\/de\/wp-content\/uploads\/sites\/6\/2022\/02\/buy-methylenedioxypyrovalerone.jpg","type":"image\/jpeg"}],"twitter_card":"summary_large_image","twitter_misc":{"Gesch\u00e4tzte Lesezeit":"1\u00a0Minute"},"schema":{"@context":"https:\/\/schema.org","@graph":[{"@type":"WebPage","@id":"https:\/\/medicinasinc.com\/de\/product\/kaufen-mdpv-methylendioxypyrovaleron-pulver\/","url":"https:\/\/medicinasinc.com\/de\/product\/kaufen-mdpv-methylendioxypyrovaleron-pulver\/","name":"Kaufen Sie MDPV (Methylendioxypyrovaleron) Pulver - Best Global Meds","isPartOf":{"@id":"https:\/\/medicinasinc.com\/de\/#website"},"primaryImageOfPage":{"@id":"https:\/\/medicinasinc.com\/de\/product\/kaufen-mdpv-methylendioxypyrovaleron-pulver\/#primaryimage"},"image":{"@id":"https:\/\/medicinasinc.com\/de\/product\/kaufen-mdpv-methylendioxypyrovaleron-pulver\/#primaryimage"},"thumbnailUrl":"https:\/\/medicinasinc.com\/de\/wp-content\/uploads\/sites\/6\/2022\/02\/buy-methylenedioxypyrovalerone.jpg","datePublished":"2022-02-22T01:51:04+00:00","dateModified":"2022-08-03T08:50:16+00:00","description":"Kaufen Sie MDPV zum Verkauf online in Gro\u00dfbritannien, Europa hier bei Medicinasinc. Der Online-Kauf von Forschungschemikalien Methylendioxypyrovaleron ist sehr schwierig. Aber wir k\u00f6nnen hochwertiges MDPV zu sehr niedrigen Preisen zum Verkauf anbieten.","breadcrumb":{"@id":"https:\/\/medicinasinc.com\/de\/product\/kaufen-mdpv-methylendioxypyrovaleron-pulver\/#breadcrumb"},"inLanguage":"de","potentialAction":[{"@type":"ReadAction","target":["https:\/\/medicinasinc.com\/de\/product\/kaufen-mdpv-methylendioxypyrovaleron-pulver\/"]}]},{"@type":"ImageObject","inLanguage":"de","@id":"https:\/\/medicinasinc.com\/de\/product\/kaufen-mdpv-methylendioxypyrovaleron-pulver\/#primaryimage","url":"https:\/\/medicinasinc.com\/de\/wp-content\/uploads\/sites\/6\/2022\/02\/buy-methylenedioxypyrovalerone.jpg","contentUrl":"https:\/\/medicinasinc.com\/de\/wp-content\/uploads\/sites\/6\/2022\/02\/buy-methylenedioxypyrovalerone.jpg","width":1400,"height":700},{"@type":"BreadcrumbList","@id":"https:\/\/medicinasinc.com\/de\/product\/kaufen-mdpv-methylendioxypyrovaleron-pulver\/#breadcrumb","itemListElement":[{"@type":"ListItem","position":1,"name":"Einkaufen","item":"https:\/\/medicinasinc.com\/de\/einkaufen\/"},{"@type":"ListItem","position":2,"name":"Kaufen Sie MDPV (Methylendioxypyrovaleron) Pulver"}]},{"@type":"WebSite","@id":"https:\/\/medicinasinc.com\/de\/#website","url":"https:\/\/medicinasinc.com\/de\/","name":"Medicinas Inc","description":"Health Medical Clinic","potentialAction":[{"@type":"SearchAction","target":{"@type":"EntryPoint","urlTemplate":"https:\/\/medicinasinc.com\/de\/?s={search_term_string}"},"query-input":{"@type":"PropertyValueSpecification","valueRequired":true,"valueName":"search_term_string"}}],"inLanguage":"de"}]}},"_links":{"self":[{"href":"https:\/\/medicinasinc.com\/de\/wp-json\/wp\/v2\/product\/5565","targetHints":{"allow":["GET"]}}],"collection":[{"href":"https:\/\/medicinasinc.com\/de\/wp-json\/wp\/v2\/product"}],"about":[{"href":"https:\/\/medicinasinc.com\/de\/wp-json\/wp\/v2\/types\/product"}],"replies":[{"embeddable":true,"href":"https:\/\/medicinasinc.com\/de\/wp-json\/wp\/v2\/comments?post=5565"}],"wp:featuredmedia":[{"embeddable":true,"href":"https:\/\/medicinasinc.com\/de\/wp-json\/wp\/v2\/media\/5576"}],"wp:attachment":[{"href":"https:\/\/medicinasinc.com\/de\/wp-json\/wp\/v2\/media?parent=5565"}],"wp:term":[{"taxonomy":"product_brand","embeddable":true,"href":"https:\/\/medicinasinc.com\/de\/wp-json\/wp\/v2\/product_brand?post=5565"},{"taxonomy":"product_cat","embeddable":true,"href":"https:\/\/medicinasinc.com\/de\/wp-json\/wp\/v2\/product_cat?post=5565"},{"taxonomy":"product_tag","embeddable":true,"href":"https:\/\/medicinasinc.com\/de\/wp-json\/wp\/v2\/product_tag?post=5565"}],"curies":[{"name":"wp","href":"https:\/\/api.w.org\/{rel}","templated":true}]}}