{"id":5564,"date":"2022-02-22T01:48:50","date_gmt":"2022-02-22T01:48:50","guid":{"rendered":"https:\/\/medicinasinc.com\/de\/?post_type=product&#038;p=5564"},"modified":"2022-03-18T00:17:50","modified_gmt":"2022-03-18T00:17:50","slug":"kaufen-mdai-kristallpulver","status":"publish","type":"product","link":"https:\/\/medicinasinc.com\/de\/product\/kaufen-mdai-kristallpulver\/","title":{"rendered":"Kaufen Sie MDAI Crystal &amp; Pulver"},"content":{"rendered":"<p>Kaufen Sie MDAI-Kristalle und -Pulver online.<\/p>\n<p>MDAI-Kristalle und -Pulver zum Verkauf zu g\u00fcnstigen Preisen.<\/p>\n<p>Kaufen Sie MDAI bei uns.<\/p>\n<p>Unser Hauptziel ist es, den Kunden topaktuelle Informationen und erstklassige Dienstleistungen anzubieten. Explorationsgruppen und Produktionsanlagen im gro\u00dfen Ma\u00dfstab k\u00f6nnen RC in den Mengen und der Qualit\u00e4t finden, die sie ben\u00f6tigen. Eine \u00dcbersicht \u00fcber RC, die all Ihren Interessen und Zielen gerecht wird, finden Sie hier. Unsere Firma schl\u00e4gt die weltweit f\u00fchrenden Chemikalien auf der Grundlage der neuesten technologischen Fortschritte vor. Alle Punkte auf dieser Liste haben keinen praktischen Nutzen f\u00fcr den Menschen.<\/p>\n<p>Die Verwendung von Medikamenten im Labor, f\u00fcr wissenschaftliche Zwecke und f\u00fcr Studien sollte gef\u00f6rdert werden. Die aufgezeichneten Chemikalien k\u00f6nnen nur f\u00fcr Erkundungen, Versuche und Tests verwendet werden. Pakete, die k\u00fcrzlich von Chinas f\u00fchrenden Forschungseinrichtungen auf dem RC-Markt produziert wurden, sind jetzt verf\u00fcgbar.<\/p>\n<p>Wenn Sie jetzt ein Gesch\u00e4ft abschlie\u00dfen, liefern wir Ihr Paket \u00fcberall in den Vereinigten Staaten, Europa oder der Welt. Um Ihren Anforderungen gerecht zu werden, arbeiten wir mit einer Reihe f\u00fchrender globaler Labors zusammen, die den Aufbau von RC planen, und Ihre Anfrage ist f\u00fcr unser Unternehmen von gr\u00f6\u00dfter Bedeutung.<\/p>\n<p>Unser Anbieter hat seinen Sitz in den Vereinigten Staaten und ist weltweit t\u00e4tig. Auf der Website k\u00f6nnen Verbraucher die Einsch\u00e4tzung und Zug\u00e4nglichkeit von RC f\u00fcr ihre eigenen Bed\u00fcrfnisse leicht \u00fcberpr\u00fcfen. Kunden. Bitte wenden Sie sich an unseren freundlichen und mehrsprachigen Kundenservice, um zu erfahren, wie Sie eine Anfrage stellen k\u00f6nnen. Wenn Sie auf unserer Website nicht finden, wonach Sie suchen, z\u00f6gern Sie nicht, uns zu kontaktieren, um Unterst\u00fctzung zu erhalten. Qualit\u00e4t ist die wichtigste \u00dcberlegung bei der Beschaffung von Chemikalien f\u00fcr Studienzwecke.<\/p>\n","protected":false},"excerpt":{"rendered":"<p>Kaufen Sie MDAI Crystal &amp; Pulver zum Verkauf in Gro\u00dfbritannien, Europa, g\u00fcnstig online. MDAI oder 5,6-Methylendioxy-2-aminoindanKaufen Sie MDAI oder 5,6-Methylendioxy-2-aminoindan.<\/p>\n","protected":false},"featured_media":5574,"comment_status":"open","ping_status":"closed","template":"","meta":[],"product_brand":[],"product_cat":[2014],"product_tag":[3093,3094,3097,3095,3125,3127,3129,3113,3096,3098,3099,3100,3101,3106,3108,3115,3116,2522,3102,2530,2532,3104,3109,3117,3111,3112,3110,3114,3120,3121,3118,3119,3126,517,3103,3128,2525,2549,3130,3131,3123,3122,3132,3105,3124,3133,3107,3134,3135],"class_list":{"0":"post-5564","1":"product","2":"type-product","3":"status-publish","4":"has-post-thumbnail","6":"product_cat-kaufen-forschungschemikalien","7":"product_tag-4mmc-zu-verkaufen","8":"product_tag-amphetamin-zum-verkauf","9":"product_tag-badesalz-kaufen","10":"product_tag-badesalze-zu-verkaufen","11":"product_tag-bestell-mdai-kristall","12":"product_tag-bestellen-miau-miau","13":"product_tag-bestellen-mephedron-pflanzennahrung","14":"product_tag-mdai-kristall-bestellung","15":"product_tag-buy-amphetamine-speed","16":"product_tag-buy-crystal-meth","17":"product_tag-buy-lsd","18":"product_tag-buy-mdai","19":"product_tag-buy-mdai-crystal","20":"product_tag-buy-phenethylamine","21":"product_tag-crystal-meth-zum-verkauf","22":"product_tag-mdai-kristall-einzelhandel","23":"product_tag-mdai-kristall-grohandel","24":"product_tag-kaufen-4mmc","25":"product_tag-kaufen-mdai-pulver","26":"product_tag-mephedron-online-kaufen","27":"product_tag-mephedron-pflanzennahrung-kaufen","28":"product_tag-kauf-methylon","29":"product_tag-lsd-for-sale","30":"product_tag-mdai-zu-verkaufen","31":"product_tag-mdai-crystal-effect","32":"product_tag-mdai-crystal-for-sale","33":"product_tag-mdai-kristall-kaufen","34":"product_tag-mdai-crystal-reddit","35":"product_tag-mdai-powder-online","36":"product_tag-mdai-powder-order","37":"product_tag-mdai-pulver-kaufen","38":"product_tag-mdai-pulver-zu-verkaufen","39":"product_tag-bestell-mdma","40":"product_tag-mdma-for-sale","41":"product_tag-kauf-miau-miau","42":"product_tag-bestellen-mephedron","43":"product_tag-mephedron-kaufen","44":"product_tag-mephedron-zu-verkaufen","45":"product_tag-meth-online-bestellen","46":"product_tag-bestell-methylon","47":"product_tag-methylon-zum-verkauf","48":"product_tag-miau-miau-verkauf","49":"product_tag-bestell-mkat","50":"product_tag-kaufen-mkat","51":"product_tag-mkat-zu-verkaufen","52":"product_tag-phenethylamin-zu-verkaufen","53":"product_tag-tryptamin-kaufen","54":"product_tag-tryptamin-zum-verkauf","55":"product_tag-where-to-buy-mdai-powder","57":"first","58":"instock","59":"shipping-taxable","60":"purchasable","61":"product-type-variable","62":"has-default-attributes"},"yoast_head":"<!-- This site is optimized with the Yoast SEO plugin v27.3 - https:\/\/yoast.com\/product\/yoast-seo-wordpress\/ -->\n<title>Kaufen Sie MDAI Crystal &amp; Pulver g\u00fcnstig online - die besten globalen Medikamente<\/title>\n<meta name=\"description\" content=\"Kaufen Sie MDAI Crystal &amp; Pulver zum Verkauf in Gro\u00dfbritannien, Europa, g\u00fcnstig online. MDAI oder 5,6-Methylendioxy-2-aminoindan Kaufen Sie MDAI oder 5,6-Methylendioxy-2-aminoindan.\" \/>\n<meta name=\"robots\" content=\"index, follow, max-snippet:-1, max-image-preview:large, max-video-preview:-1\" \/>\n<link rel=\"canonical\" href=\"https:\/\/medicinasinc.com\/de\/product\/kaufen-mdai-kristallpulver\/\" \/>\n<meta property=\"og:locale\" content=\"de_DE\" \/>\n<meta property=\"og:type\" content=\"article\" \/>\n<meta property=\"og:title\" content=\"Kaufen Sie MDAI Crystal &amp; Pulver g\u00fcnstig online - die besten globalen Medikamente\" \/>\n<meta property=\"og:description\" content=\"Kaufen Sie MDAI Crystal &amp; Pulver zum Verkauf in Gro\u00dfbritannien, Europa, g\u00fcnstig online. MDAI oder 5,6-Methylendioxy-2-aminoindan Kaufen Sie MDAI oder 5,6-Methylendioxy-2-aminoindan.\" \/>\n<meta property=\"og:url\" content=\"https:\/\/medicinasinc.com\/de\/product\/kaufen-mdai-kristallpulver\/\" \/>\n<meta property=\"og:site_name\" content=\"Medicinas Inc\" \/>\n<meta property=\"article:modified_time\" content=\"2022-03-18T00:17:50+00:00\" \/>\n<meta property=\"og:image\" content=\"https:\/\/medicinasinc.com\/de\/wp-content\/uploads\/sites\/6\/2022\/02\/buy-mdai-crystal-powder-cheap-online.jpg\" \/>\n\t<meta property=\"og:image:width\" content=\"600\" \/>\n\t<meta property=\"og:image:height\" content=\"600\" \/>\n\t<meta property=\"og:image:type\" content=\"image\/jpeg\" \/>\n<meta name=\"twitter:card\" content=\"summary_large_image\" \/>\n<meta name=\"twitter:label1\" content=\"Gesch\u00e4tzte Lesezeit\" \/>\n\t<meta name=\"twitter:data1\" content=\"2\u00a0Minuten\" \/>\n<script type=\"application\/ld+json\" class=\"yoast-schema-graph\">{\"@context\":\"https:\\\/\\\/schema.org\",\"@graph\":[{\"@type\":\"WebPage\",\"@id\":\"https:\\\/\\\/medicinasinc.com\\\/de\\\/product\\\/kaufen-mdai-kristallpulver\\\/\",\"url\":\"https:\\\/\\\/medicinasinc.com\\\/de\\\/product\\\/kaufen-mdai-kristallpulver\\\/\",\"name\":\"Kaufen Sie MDAI Crystal &amp; Pulver g\u00fcnstig online - die besten globalen Medikamente\",\"isPartOf\":{\"@id\":\"https:\\\/\\\/medicinasinc.com\\\/de\\\/#website\"},\"primaryImageOfPage\":{\"@id\":\"https:\\\/\\\/medicinasinc.com\\\/de\\\/product\\\/kaufen-mdai-kristallpulver\\\/#primaryimage\"},\"image\":{\"@id\":\"https:\\\/\\\/medicinasinc.com\\\/de\\\/product\\\/kaufen-mdai-kristallpulver\\\/#primaryimage\"},\"thumbnailUrl\":\"https:\\\/\\\/medicinasinc.com\\\/de\\\/wp-content\\\/uploads\\\/sites\\\/6\\\/2022\\\/02\\\/buy-mdai-crystal-powder-cheap-online.jpg\",\"datePublished\":\"2022-02-22T01:48:50+00:00\",\"dateModified\":\"2022-03-18T00:17:50+00:00\",\"description\":\"Kaufen Sie MDAI Crystal &amp; Pulver zum Verkauf in Gro\u00dfbritannien, Europa, g\u00fcnstig online. MDAI oder 5,6-Methylendioxy-2-aminoindan Kaufen Sie MDAI oder 5,6-Methylendioxy-2-aminoindan.\",\"breadcrumb\":{\"@id\":\"https:\\\/\\\/medicinasinc.com\\\/de\\\/product\\\/kaufen-mdai-kristallpulver\\\/#breadcrumb\"},\"inLanguage\":\"de\",\"potentialAction\":[{\"@type\":\"ReadAction\",\"target\":[\"https:\\\/\\\/medicinasinc.com\\\/de\\\/product\\\/kaufen-mdai-kristallpulver\\\/\"]}]},{\"@type\":\"ImageObject\",\"inLanguage\":\"de\",\"@id\":\"https:\\\/\\\/medicinasinc.com\\\/de\\\/product\\\/kaufen-mdai-kristallpulver\\\/#primaryimage\",\"url\":\"https:\\\/\\\/medicinasinc.com\\\/de\\\/wp-content\\\/uploads\\\/sites\\\/6\\\/2022\\\/02\\\/buy-mdai-crystal-powder-cheap-online.jpg\",\"contentUrl\":\"https:\\\/\\\/medicinasinc.com\\\/de\\\/wp-content\\\/uploads\\\/sites\\\/6\\\/2022\\\/02\\\/buy-mdai-crystal-powder-cheap-online.jpg\",\"width\":600,\"height\":600},{\"@type\":\"BreadcrumbList\",\"@id\":\"https:\\\/\\\/medicinasinc.com\\\/de\\\/product\\\/kaufen-mdai-kristallpulver\\\/#breadcrumb\",\"itemListElement\":[{\"@type\":\"ListItem\",\"position\":1,\"name\":\"Einkaufen\",\"item\":\"https:\\\/\\\/medicinasinc.com\\\/de\\\/einkaufen\\\/\"},{\"@type\":\"ListItem\",\"position\":2,\"name\":\"Kaufen Sie MDAI Crystal &amp; Pulver\"}]},{\"@type\":\"WebSite\",\"@id\":\"https:\\\/\\\/medicinasinc.com\\\/de\\\/#website\",\"url\":\"https:\\\/\\\/medicinasinc.com\\\/de\\\/\",\"name\":\"Medicinas Inc\",\"description\":\"Health Medical Clinic\",\"potentialAction\":[{\"@type\":\"SearchAction\",\"target\":{\"@type\":\"EntryPoint\",\"urlTemplate\":\"https:\\\/\\\/medicinasinc.com\\\/de\\\/?s={search_term_string}\"},\"query-input\":{\"@type\":\"PropertyValueSpecification\",\"valueRequired\":true,\"valueName\":\"search_term_string\"}}],\"inLanguage\":\"de\"}]}<\/script>\n<!-- \/ Yoast SEO plugin. -->","yoast_head_json":{"title":"Kaufen Sie MDAI Crystal &amp; Pulver g\u00fcnstig online - die besten globalen Medikamente","description":"Kaufen Sie MDAI Crystal &amp; Pulver zum Verkauf in Gro\u00dfbritannien, Europa, g\u00fcnstig online. MDAI oder 5,6-Methylendioxy-2-aminoindan Kaufen Sie MDAI oder 5,6-Methylendioxy-2-aminoindan.","robots":{"index":"index","follow":"follow","max-snippet":"max-snippet:-1","max-image-preview":"max-image-preview:large","max-video-preview":"max-video-preview:-1"},"canonical":"https:\/\/medicinasinc.com\/de\/product\/kaufen-mdai-kristallpulver\/","og_locale":"de_DE","og_type":"article","og_title":"Kaufen Sie MDAI Crystal &amp; Pulver g\u00fcnstig online - die besten globalen Medikamente","og_description":"Kaufen Sie MDAI Crystal &amp; Pulver zum Verkauf in Gro\u00dfbritannien, Europa, g\u00fcnstig online. MDAI oder 5,6-Methylendioxy-2-aminoindan Kaufen Sie MDAI oder 5,6-Methylendioxy-2-aminoindan.","og_url":"https:\/\/medicinasinc.com\/de\/product\/kaufen-mdai-kristallpulver\/","og_site_name":"Medicinas Inc","article_modified_time":"2022-03-18T00:17:50+00:00","og_image":[{"width":600,"height":600,"url":"https:\/\/medicinasinc.com\/de\/wp-content\/uploads\/sites\/6\/2022\/02\/buy-mdai-crystal-powder-cheap-online.jpg","type":"image\/jpeg"}],"twitter_card":"summary_large_image","twitter_misc":{"Gesch\u00e4tzte Lesezeit":"2\u00a0Minuten"},"schema":{"@context":"https:\/\/schema.org","@graph":[{"@type":"WebPage","@id":"https:\/\/medicinasinc.com\/de\/product\/kaufen-mdai-kristallpulver\/","url":"https:\/\/medicinasinc.com\/de\/product\/kaufen-mdai-kristallpulver\/","name":"Kaufen Sie MDAI Crystal &amp; Pulver g\u00fcnstig online - die besten globalen Medikamente","isPartOf":{"@id":"https:\/\/medicinasinc.com\/de\/#website"},"primaryImageOfPage":{"@id":"https:\/\/medicinasinc.com\/de\/product\/kaufen-mdai-kristallpulver\/#primaryimage"},"image":{"@id":"https:\/\/medicinasinc.com\/de\/product\/kaufen-mdai-kristallpulver\/#primaryimage"},"thumbnailUrl":"https:\/\/medicinasinc.com\/de\/wp-content\/uploads\/sites\/6\/2022\/02\/buy-mdai-crystal-powder-cheap-online.jpg","datePublished":"2022-02-22T01:48:50+00:00","dateModified":"2022-03-18T00:17:50+00:00","description":"Kaufen Sie MDAI Crystal &amp; Pulver zum Verkauf in Gro\u00dfbritannien, Europa, g\u00fcnstig online. MDAI oder 5,6-Methylendioxy-2-aminoindan Kaufen Sie MDAI oder 5,6-Methylendioxy-2-aminoindan.","breadcrumb":{"@id":"https:\/\/medicinasinc.com\/de\/product\/kaufen-mdai-kristallpulver\/#breadcrumb"},"inLanguage":"de","potentialAction":[{"@type":"ReadAction","target":["https:\/\/medicinasinc.com\/de\/product\/kaufen-mdai-kristallpulver\/"]}]},{"@type":"ImageObject","inLanguage":"de","@id":"https:\/\/medicinasinc.com\/de\/product\/kaufen-mdai-kristallpulver\/#primaryimage","url":"https:\/\/medicinasinc.com\/de\/wp-content\/uploads\/sites\/6\/2022\/02\/buy-mdai-crystal-powder-cheap-online.jpg","contentUrl":"https:\/\/medicinasinc.com\/de\/wp-content\/uploads\/sites\/6\/2022\/02\/buy-mdai-crystal-powder-cheap-online.jpg","width":600,"height":600},{"@type":"BreadcrumbList","@id":"https:\/\/medicinasinc.com\/de\/product\/kaufen-mdai-kristallpulver\/#breadcrumb","itemListElement":[{"@type":"ListItem","position":1,"name":"Einkaufen","item":"https:\/\/medicinasinc.com\/de\/einkaufen\/"},{"@type":"ListItem","position":2,"name":"Kaufen Sie MDAI Crystal &amp; Pulver"}]},{"@type":"WebSite","@id":"https:\/\/medicinasinc.com\/de\/#website","url":"https:\/\/medicinasinc.com\/de\/","name":"Medicinas Inc","description":"Health Medical Clinic","potentialAction":[{"@type":"SearchAction","target":{"@type":"EntryPoint","urlTemplate":"https:\/\/medicinasinc.com\/de\/?s={search_term_string}"},"query-input":{"@type":"PropertyValueSpecification","valueRequired":true,"valueName":"search_term_string"}}],"inLanguage":"de"}]}},"_links":{"self":[{"href":"https:\/\/medicinasinc.com\/de\/wp-json\/wp\/v2\/product\/5564","targetHints":{"allow":["GET"]}}],"collection":[{"href":"https:\/\/medicinasinc.com\/de\/wp-json\/wp\/v2\/product"}],"about":[{"href":"https:\/\/medicinasinc.com\/de\/wp-json\/wp\/v2\/types\/product"}],"replies":[{"embeddable":true,"href":"https:\/\/medicinasinc.com\/de\/wp-json\/wp\/v2\/comments?post=5564"}],"wp:featuredmedia":[{"embeddable":true,"href":"https:\/\/medicinasinc.com\/de\/wp-json\/wp\/v2\/media\/5574"}],"wp:attachment":[{"href":"https:\/\/medicinasinc.com\/de\/wp-json\/wp\/v2\/media?parent=5564"}],"wp:term":[{"taxonomy":"product_brand","embeddable":true,"href":"https:\/\/medicinasinc.com\/de\/wp-json\/wp\/v2\/product_brand?post=5564"},{"taxonomy":"product_cat","embeddable":true,"href":"https:\/\/medicinasinc.com\/de\/wp-json\/wp\/v2\/product_cat?post=5564"},{"taxonomy":"product_tag","embeddable":true,"href":"https:\/\/medicinasinc.com\/de\/wp-json\/wp\/v2\/product_tag?post=5564"}],"curies":[{"name":"wp","href":"https:\/\/api.w.org\/{rel}","templated":true}]}}