{"id":5563,"date":"2022-02-22T01:47:13","date_gmt":"2022-02-22T01:47:13","guid":{"rendered":"https:\/\/medicinasinc.com\/de\/?post_type=product&#038;p=5563"},"modified":"2022-03-18T00:18:03","modified_gmt":"2022-03-18T00:18:03","slug":"kaufe-ivory-wave-badesalz","status":"publish","type":"product","link":"https:\/\/medicinasinc.com\/de\/product\/kaufe-ivory-wave-badesalz\/","title":{"rendered":"Kaufen Sie Elfenbeinwellen-Badesalz"},"content":{"rendered":"<p>Badesalze von Best Global Meds sind von bester Qualit\u00e4t und hinterlassen ein sauberes und erfrischtes Gef\u00fchl nach einem entspannenden Bad. Da wir nur die hochwertigsten Produkte verkaufen, k\u00f6nnen Sie sicher sein, dass Ihr Kauf \u201eElfenbeinwellen-Badesalz online kaufen\u201c in neuwertigem Zustand ankommt. Ebenfalls zu g\u00fcnstigen Preisen in gro\u00dfen Mengen und im Einzelhandel erh\u00e4ltlich sind verschiedene Arten von konzentrierten Badesalzen.<\/p>\n<p>Der Duft unserer Badesalze erf\u00fcllt den Raum!<\/p>\n<p>Das Ivory Wave Badesalz kann k\u00e4uflich erworben werden online.<\/p>\n<p>Wo kann man Ivory Wave Badesalz im Internet erwerben? Elfenbeinwellen-Badesalze k\u00f6nnen ohne Aufwand oder Umst\u00e4ndlichkeit online bei Chemicals Lab gekauft werden. Jedes Mal, wenn Sie Elfenbeinwellen-Badesalz in unserer Online-Apotheke kaufen, tun wir alles, um sicherzustellen, dass Sie den bestm\u00f6glichen Preis erhalten. Unsere Mission bei Best Global Meds ist es, die Kosten unserer Kunden zu senken und gleichzeitig den Wert zu steigern, den sie erhalten.<\/p>\n","protected":false},"excerpt":{"rendered":"<div class=\"woocommerce-product-details__short-description\">\n<p>Bezahlen Sie online zu viel f\u00fcr Elfenbeinwellen-Badesalz? Kaufen Sie Elfenbeinwellen-Badesalz zum Verkauf in Gro\u00dfbritannien, Europa online bei Best Global Meds. Informieren Sie sich \u00fcber den Verkauf von Elfenbeinwellen-Badesalz<\/p>\n<p>&nbsp;<\/p>\n<\/p><\/div>\n","protected":false},"featured_media":5572,"comment_status":"open","ping_status":"closed","template":"","meta":[],"product_brand":[],"product_cat":[2014],"product_tag":[3081,3091,3084,3083,3082,3089,3090,3085,3086,3087,3088,3092],"class_list":{"0":"post-5563","1":"product","2":"type-product","3":"status-publish","4":"has-post-thumbnail","6":"product_cat-kaufen-forschungschemikalien","7":"product_tag-buy-ivory-wave-bath-salts-online","8":"product_tag-elfenbeinwellen-badesalze-online-bestellen","9":"product_tag-ivory-wave-badesalz-zu-verkaufen","10":"product_tag-ivory-wave-bath-salts","11":"product_tag-kaufen-elfenbein-wellen-badesalz","12":"product_tag-elfenbein-wellen-badesalz-ordnung","13":"product_tag-elfenbein-wellen-badesalz-grohandel","14":"product_tag-elfenbein-wellen-badesalz-kaufen","15":"product_tag-lvory-wave-bath-salt-effect","16":"product_tag-lvory-wave-bath-salt-europe","17":"product_tag-lvory-wave-bath-salt-online","18":"product_tag-wo-zu-kaufen-ivory-wave-badesalz","20":"first","21":"instock","22":"shipping-taxable","23":"purchasable","24":"product-type-variable"},"yoast_head":"<!-- This site is optimized with the Yoast SEO plugin v27.3 - https:\/\/yoast.com\/product\/yoast-seo-wordpress\/ -->\n<title>Kaufen Sie Ivory Wave Badesalz - Lvory Wave Badesalz - Best Global Meds<\/title>\n<meta name=\"description\" content=\"Zahlen Sie online zu viel f\u00fcr Elfenbeinwellen-Badesalze? Kaufen Sie Elfenbeinwellen-Badesalz zum Verkauf in Gro\u00dfbritannien, Europa online bei Best Global Meds. Informieren Sie sich \u00fcber den Verkauf von Elfenbeinwellen-Badesalzen\" \/>\n<meta name=\"robots\" content=\"index, follow, max-snippet:-1, max-image-preview:large, max-video-preview:-1\" \/>\n<link rel=\"canonical\" href=\"https:\/\/medicinasinc.com\/de\/product\/kaufe-ivory-wave-badesalz\/\" \/>\n<meta property=\"og:locale\" content=\"de_DE\" \/>\n<meta property=\"og:type\" content=\"article\" \/>\n<meta property=\"og:title\" content=\"Kaufen Sie Ivory Wave Badesalz - Lvory Wave Badesalz - Best Global Meds\" \/>\n<meta property=\"og:description\" content=\"Zahlen Sie online zu viel f\u00fcr Elfenbeinwellen-Badesalze? Kaufen Sie Elfenbeinwellen-Badesalz zum Verkauf in Gro\u00dfbritannien, Europa online bei Best Global Meds. Informieren Sie sich \u00fcber den Verkauf von Elfenbeinwellen-Badesalzen\" \/>\n<meta property=\"og:url\" content=\"https:\/\/medicinasinc.com\/de\/product\/kaufe-ivory-wave-badesalz\/\" \/>\n<meta property=\"og:site_name\" content=\"Medicinas Inc\" \/>\n<meta property=\"article:modified_time\" content=\"2022-03-18T00:18:03+00:00\" \/>\n<meta property=\"og:image\" content=\"https:\/\/medicinasinc.com\/de\/wp-content\/uploads\/sites\/6\/2022\/02\/Buy-Lvory-Wave-Bath-Salt.jpg\" \/>\n\t<meta property=\"og:image:width\" content=\"450\" \/>\n\t<meta property=\"og:image:height\" content=\"316\" \/>\n\t<meta property=\"og:image:type\" content=\"image\/jpeg\" \/>\n<meta name=\"twitter:card\" content=\"summary_large_image\" \/>\n<meta name=\"twitter:label1\" content=\"Gesch\u00e4tzte Lesezeit\" \/>\n\t<meta name=\"twitter:data1\" content=\"1\u00a0Minute\" \/>\n<script type=\"application\/ld+json\" class=\"yoast-schema-graph\">{\"@context\":\"https:\\\/\\\/schema.org\",\"@graph\":[{\"@type\":\"WebPage\",\"@id\":\"https:\\\/\\\/medicinasinc.com\\\/de\\\/product\\\/kaufe-ivory-wave-badesalz\\\/\",\"url\":\"https:\\\/\\\/medicinasinc.com\\\/de\\\/product\\\/kaufe-ivory-wave-badesalz\\\/\",\"name\":\"Kaufen Sie Ivory Wave Badesalz - Lvory Wave Badesalz - Best Global Meds\",\"isPartOf\":{\"@id\":\"https:\\\/\\\/medicinasinc.com\\\/de\\\/#website\"},\"primaryImageOfPage\":{\"@id\":\"https:\\\/\\\/medicinasinc.com\\\/de\\\/product\\\/kaufe-ivory-wave-badesalz\\\/#primaryimage\"},\"image\":{\"@id\":\"https:\\\/\\\/medicinasinc.com\\\/de\\\/product\\\/kaufe-ivory-wave-badesalz\\\/#primaryimage\"},\"thumbnailUrl\":\"https:\\\/\\\/medicinasinc.com\\\/de\\\/wp-content\\\/uploads\\\/sites\\\/6\\\/2022\\\/02\\\/Buy-Lvory-Wave-Bath-Salt.jpg\",\"datePublished\":\"2022-02-22T01:47:13+00:00\",\"dateModified\":\"2022-03-18T00:18:03+00:00\",\"description\":\"Zahlen Sie online zu viel f\u00fcr Elfenbeinwellen-Badesalze? Kaufen Sie Elfenbeinwellen-Badesalz zum Verkauf in Gro\u00dfbritannien, Europa online bei Best Global Meds. Informieren Sie sich \u00fcber den Verkauf von Elfenbeinwellen-Badesalzen\",\"breadcrumb\":{\"@id\":\"https:\\\/\\\/medicinasinc.com\\\/de\\\/product\\\/kaufe-ivory-wave-badesalz\\\/#breadcrumb\"},\"inLanguage\":\"de\",\"potentialAction\":[{\"@type\":\"ReadAction\",\"target\":[\"https:\\\/\\\/medicinasinc.com\\\/de\\\/product\\\/kaufe-ivory-wave-badesalz\\\/\"]}]},{\"@type\":\"ImageObject\",\"inLanguage\":\"de\",\"@id\":\"https:\\\/\\\/medicinasinc.com\\\/de\\\/product\\\/kaufe-ivory-wave-badesalz\\\/#primaryimage\",\"url\":\"https:\\\/\\\/medicinasinc.com\\\/de\\\/wp-content\\\/uploads\\\/sites\\\/6\\\/2022\\\/02\\\/Buy-Lvory-Wave-Bath-Salt.jpg\",\"contentUrl\":\"https:\\\/\\\/medicinasinc.com\\\/de\\\/wp-content\\\/uploads\\\/sites\\\/6\\\/2022\\\/02\\\/Buy-Lvory-Wave-Bath-Salt.jpg\",\"width\":450,\"height\":316},{\"@type\":\"BreadcrumbList\",\"@id\":\"https:\\\/\\\/medicinasinc.com\\\/de\\\/product\\\/kaufe-ivory-wave-badesalz\\\/#breadcrumb\",\"itemListElement\":[{\"@type\":\"ListItem\",\"position\":1,\"name\":\"Einkaufen\",\"item\":\"https:\\\/\\\/medicinasinc.com\\\/de\\\/einkaufen\\\/\"},{\"@type\":\"ListItem\",\"position\":2,\"name\":\"Kaufen Sie Elfenbeinwellen-Badesalz\"}]},{\"@type\":\"WebSite\",\"@id\":\"https:\\\/\\\/medicinasinc.com\\\/de\\\/#website\",\"url\":\"https:\\\/\\\/medicinasinc.com\\\/de\\\/\",\"name\":\"Medicinas Inc\",\"description\":\"Health Medical Clinic\",\"potentialAction\":[{\"@type\":\"SearchAction\",\"target\":{\"@type\":\"EntryPoint\",\"urlTemplate\":\"https:\\\/\\\/medicinasinc.com\\\/de\\\/?s={search_term_string}\"},\"query-input\":{\"@type\":\"PropertyValueSpecification\",\"valueRequired\":true,\"valueName\":\"search_term_string\"}}],\"inLanguage\":\"de\"}]}<\/script>\n<!-- \/ Yoast SEO plugin. -->","yoast_head_json":{"title":"Kaufen Sie Ivory Wave Badesalz - Lvory Wave Badesalz - Best Global Meds","description":"Zahlen Sie online zu viel f\u00fcr Elfenbeinwellen-Badesalze? Kaufen Sie Elfenbeinwellen-Badesalz zum Verkauf in Gro\u00dfbritannien, Europa online bei Best Global Meds. Informieren Sie sich \u00fcber den Verkauf von Elfenbeinwellen-Badesalzen","robots":{"index":"index","follow":"follow","max-snippet":"max-snippet:-1","max-image-preview":"max-image-preview:large","max-video-preview":"max-video-preview:-1"},"canonical":"https:\/\/medicinasinc.com\/de\/product\/kaufe-ivory-wave-badesalz\/","og_locale":"de_DE","og_type":"article","og_title":"Kaufen Sie Ivory Wave Badesalz - Lvory Wave Badesalz - Best Global Meds","og_description":"Zahlen Sie online zu viel f\u00fcr Elfenbeinwellen-Badesalze? Kaufen Sie Elfenbeinwellen-Badesalz zum Verkauf in Gro\u00dfbritannien, Europa online bei Best Global Meds. Informieren Sie sich \u00fcber den Verkauf von Elfenbeinwellen-Badesalzen","og_url":"https:\/\/medicinasinc.com\/de\/product\/kaufe-ivory-wave-badesalz\/","og_site_name":"Medicinas Inc","article_modified_time":"2022-03-18T00:18:03+00:00","og_image":[{"width":450,"height":316,"url":"https:\/\/medicinasinc.com\/de\/wp-content\/uploads\/sites\/6\/2022\/02\/Buy-Lvory-Wave-Bath-Salt.jpg","type":"image\/jpeg"}],"twitter_card":"summary_large_image","twitter_misc":{"Gesch\u00e4tzte Lesezeit":"1\u00a0Minute"},"schema":{"@context":"https:\/\/schema.org","@graph":[{"@type":"WebPage","@id":"https:\/\/medicinasinc.com\/de\/product\/kaufe-ivory-wave-badesalz\/","url":"https:\/\/medicinasinc.com\/de\/product\/kaufe-ivory-wave-badesalz\/","name":"Kaufen Sie Ivory Wave Badesalz - Lvory Wave Badesalz - Best Global Meds","isPartOf":{"@id":"https:\/\/medicinasinc.com\/de\/#website"},"primaryImageOfPage":{"@id":"https:\/\/medicinasinc.com\/de\/product\/kaufe-ivory-wave-badesalz\/#primaryimage"},"image":{"@id":"https:\/\/medicinasinc.com\/de\/product\/kaufe-ivory-wave-badesalz\/#primaryimage"},"thumbnailUrl":"https:\/\/medicinasinc.com\/de\/wp-content\/uploads\/sites\/6\/2022\/02\/Buy-Lvory-Wave-Bath-Salt.jpg","datePublished":"2022-02-22T01:47:13+00:00","dateModified":"2022-03-18T00:18:03+00:00","description":"Zahlen Sie online zu viel f\u00fcr Elfenbeinwellen-Badesalze? Kaufen Sie Elfenbeinwellen-Badesalz zum Verkauf in Gro\u00dfbritannien, Europa online bei Best Global Meds. Informieren Sie sich \u00fcber den Verkauf von Elfenbeinwellen-Badesalzen","breadcrumb":{"@id":"https:\/\/medicinasinc.com\/de\/product\/kaufe-ivory-wave-badesalz\/#breadcrumb"},"inLanguage":"de","potentialAction":[{"@type":"ReadAction","target":["https:\/\/medicinasinc.com\/de\/product\/kaufe-ivory-wave-badesalz\/"]}]},{"@type":"ImageObject","inLanguage":"de","@id":"https:\/\/medicinasinc.com\/de\/product\/kaufe-ivory-wave-badesalz\/#primaryimage","url":"https:\/\/medicinasinc.com\/de\/wp-content\/uploads\/sites\/6\/2022\/02\/Buy-Lvory-Wave-Bath-Salt.jpg","contentUrl":"https:\/\/medicinasinc.com\/de\/wp-content\/uploads\/sites\/6\/2022\/02\/Buy-Lvory-Wave-Bath-Salt.jpg","width":450,"height":316},{"@type":"BreadcrumbList","@id":"https:\/\/medicinasinc.com\/de\/product\/kaufe-ivory-wave-badesalz\/#breadcrumb","itemListElement":[{"@type":"ListItem","position":1,"name":"Einkaufen","item":"https:\/\/medicinasinc.com\/de\/einkaufen\/"},{"@type":"ListItem","position":2,"name":"Kaufen Sie Elfenbeinwellen-Badesalz"}]},{"@type":"WebSite","@id":"https:\/\/medicinasinc.com\/de\/#website","url":"https:\/\/medicinasinc.com\/de\/","name":"Medicinas Inc","description":"Health Medical Clinic","potentialAction":[{"@type":"SearchAction","target":{"@type":"EntryPoint","urlTemplate":"https:\/\/medicinasinc.com\/de\/?s={search_term_string}"},"query-input":{"@type":"PropertyValueSpecification","valueRequired":true,"valueName":"search_term_string"}}],"inLanguage":"de"}]}},"_links":{"self":[{"href":"https:\/\/medicinasinc.com\/de\/wp-json\/wp\/v2\/product\/5563","targetHints":{"allow":["GET"]}}],"collection":[{"href":"https:\/\/medicinasinc.com\/de\/wp-json\/wp\/v2\/product"}],"about":[{"href":"https:\/\/medicinasinc.com\/de\/wp-json\/wp\/v2\/types\/product"}],"replies":[{"embeddable":true,"href":"https:\/\/medicinasinc.com\/de\/wp-json\/wp\/v2\/comments?post=5563"}],"wp:featuredmedia":[{"embeddable":true,"href":"https:\/\/medicinasinc.com\/de\/wp-json\/wp\/v2\/media\/5572"}],"wp:attachment":[{"href":"https:\/\/medicinasinc.com\/de\/wp-json\/wp\/v2\/media?parent=5563"}],"wp:term":[{"taxonomy":"product_brand","embeddable":true,"href":"https:\/\/medicinasinc.com\/de\/wp-json\/wp\/v2\/product_brand?post=5563"},{"taxonomy":"product_cat","embeddable":true,"href":"https:\/\/medicinasinc.com\/de\/wp-json\/wp\/v2\/product_cat?post=5563"},{"taxonomy":"product_tag","embeddable":true,"href":"https:\/\/medicinasinc.com\/de\/wp-json\/wp\/v2\/product_tag?post=5563"}],"curies":[{"name":"wp","href":"https:\/\/api.w.org\/{rel}","templated":true}]}}