{"id":5549,"date":"2022-02-22T01:34:03","date_gmt":"2022-02-22T01:34:03","guid":{"rendered":"https:\/\/medicinasinc.com\/de\/?post_type=product&#038;p=5549"},"modified":"2022-03-18T00:18:13","modified_gmt":"2022-03-18T00:18:13","slug":"kaufen-jwh-210-chemisches-pulver","status":"publish","type":"product","link":"https:\/\/medicinasinc.com\/de\/product\/kaufen-jwh-210-chemisches-pulver\/","title":{"rendered":"Kaufen Sie chemisches Pulver JWH-210"},"content":{"rendered":"<p>Das chemische Pulver von JWH-210 kann online erworben werden.<\/p>\n<p>Kaufen Sie chemisches Pulver von JWH-210 im Internet. Eines der am h\u00e4ufigsten verwendeten Antidepressiva in den Vereinigten Staaten ist JWH-210. Das Cannabinoid hat eine starke Wirkung.<\/p>\n<p>Online-WH-210-Pulver<\/p>\n<p>Zur Schmerzlinderung wirkt JWH-210-Pulver aus der Familie der Naphthoylindole als Cannabinoid-Agonist sowohl an den CB1- als auch an den CB2-Rezeptoren , mit einem Ki-Wert von 0,46 nM f\u00fcr CB1 und 0,69 nM f\u00fcr CB2. Als 4-substituiertes Naphthoyl-Derivat hat es eine st\u00e4rkere Bindungsaffinit\u00e4t (dh niedrigere Ki) an CB1 als seine beiden 4-Methyl- und 4-N-Propyl-Homologen, JWH-122 (CB1 Ki 0,69 nM) sowie JWH-182 (CB1 Ki 0,65 nM) und das 4-Methoxy-Molek\u00fcl JWH-081 (CB1 Ki 1,2 nM). John W. Huffman, der die Entdeckung gemacht hat, wurde die Ehre zuteil, dass sein Fund nach ihm benannt wurde.<\/p>\n<p>Es gibt zwei Arten von Cannabinoid-Rezeptoren im K\u00f6rper: CB1 und CB2. JWH-210 ist ein Analgetikum und wirkt als Agonist f\u00fcr beide. CB1 Ki liegt bei 0,46 nM und CB2 Ki bei 0,69 nM. Als starkes 4-substituiertes Naphthoyl-Derivat der Naphthoylindol-Reihe hat es eine h\u00f6here Affinit\u00e4t zur CB1-Bindung als JWH-122, JWH-182 und JWH-081 der synthetischen Cannabinoide der ersten Generation (1).<\/p>\n<p> Stoffwechselwege: JWH-210 hat mehrere bekannte Metaboliten, einschlie\u00dflich N-Pentans\u00e4ure-Metabolit (nachweisbar im Urin), N-(4-Hydroxypentyl)-Metabolit (nachweisbar in Urin und Serum), N-(5-Hydroxypentyl)-Metabolit (nachweisbar in Urin und Serum) und 5-Hydroxyindol-Metabolit (nachweisbar in Urin und Serum) (nachweisbar in Urin und Serum). Es wurde auch festgestellt, dass der Naphthoylring hydroxyliert wurde (2).<\/p>\n<p>Wenn es auf Pflanzen gespr\u00fcht wird, hat JWH-210 laut Anwendern die gleiche Wirkung und Toxizit\u00e4t wie Marihuana. Innerhalb von 2-5 Minuten nach der Injektion sind die Wirkungen sp\u00fcrbar. \u00dcber die Wirkungen von JWH-210 allein ist wenig bekannt, jedoch verursachen synthetische Cannabinoide h\u00e4ufig Stimmungs- und Wahrnehmungs\u00e4nderungen, Panikattacken und Unruhe, ein High, das dem von Cannabis \u00e4hnelt, und geringf\u00fcgige halluzinogene Wirkungen (visuell und auditiv).<\/p>\n","protected":false},"excerpt":{"rendered":"<p>Kaufen Sie das chemische Pulver JWH-210 zum Verkauf online in Gro\u00dfbritannien, Europa und der EU. JWH-210 Chemical Powder ist eine analgetische Chemikalie aus der Familie der Naphthoylindole.<\/p>\n<h3 class=\"product_title\">JWH-210 Pulver online kaufen Original JWH-210 99% Reinheit<\/h3>\n","protected":false},"featured_media":5560,"comment_status":"open","ping_status":"closed","template":"","meta":[],"product_brand":[],"product_cat":[2014],"product_tag":[3070,3071,3034,3077,3074,3075,3078,3076,3079,3080,3047,3072,3073],"class_list":{"0":"post-5549","1":"product","2":"type-product","3":"status-publish","4":"has-post-thumbnail","6":"product_cat-kaufen-forschungschemikalien","7":"product_tag-buy-jwh-210","8":"product_tag-buy-jwh-210-europe","9":"product_tag-jwh-018","10":"product_tag-jwh-210-ordnung","11":"product_tag-jwh-210-buy","12":"product_tag-jwh-210-dosierung","13":"product_tag-jwh-210-psychonaut","14":"product_tag-jwh-210-rechtsstatus-usa","15":"product_tag-jwh-210-reddit","16":"product_tag-jwh-210-rezension","17":"product_tag-jwh-250","18":"product_tag-buy-jwh-210-de","19":"product_tag-buy-jwh-210-usa","21":"first","22":"instock","23":"shipping-taxable","24":"purchasable","25":"product-type-variable","26":"has-default-attributes"},"yoast_head":"<!-- This site is optimized with the Yoast SEO plugin v27.3 - https:\/\/yoast.com\/product\/yoast-seo-wordpress\/ -->\n<title>Kaufen Sie chemisches Pulver JWH-210 - Best Global Meds<\/title>\n<meta name=\"description\" content=\"Kaufen Sie chemisches Pulver JWH-210 zum Verkauf online in Gro\u00dfbritannien, Europa. JWH-210 Chemical Powder ist eine analgetische Chemikalie aus der Familie der Naphtoylindole.\" \/>\n<meta name=\"robots\" content=\"index, follow, max-snippet:-1, max-image-preview:large, max-video-preview:-1\" \/>\n<link rel=\"canonical\" href=\"https:\/\/medicinasinc.com\/de\/product\/kaufen-jwh-210-chemisches-pulver\/\" \/>\n<meta property=\"og:locale\" content=\"de_DE\" \/>\n<meta property=\"og:type\" content=\"article\" \/>\n<meta property=\"og:title\" content=\"Kaufen Sie chemisches Pulver JWH-210 - Best Global Meds\" \/>\n<meta property=\"og:description\" content=\"Kaufen Sie chemisches Pulver JWH-210 zum Verkauf online in Gro\u00dfbritannien, Europa. JWH-210 Chemical Powder ist eine analgetische Chemikalie aus der Familie der Naphtoylindole.\" \/>\n<meta property=\"og:url\" content=\"https:\/\/medicinasinc.com\/de\/product\/kaufen-jwh-210-chemisches-pulver\/\" \/>\n<meta property=\"og:site_name\" content=\"Medicinas Inc\" \/>\n<meta property=\"article:modified_time\" content=\"2022-03-18T00:18:13+00:00\" \/>\n<meta property=\"og:image\" content=\"https:\/\/medicinasinc.com\/de\/wp-content\/uploads\/sites\/6\/2022\/02\/Buy-JWH-210-Chemical-Powder-Online.jpg\" \/>\n\t<meta property=\"og:image:width\" content=\"600\" \/>\n\t<meta property=\"og:image:height\" content=\"600\" \/>\n\t<meta property=\"og:image:type\" content=\"image\/jpeg\" \/>\n<meta name=\"twitter:card\" content=\"summary_large_image\" \/>\n<meta name=\"twitter:label1\" content=\"Gesch\u00e4tzte Lesezeit\" \/>\n\t<meta name=\"twitter:data1\" content=\"2\u00a0Minuten\" \/>\n<script type=\"application\/ld+json\" class=\"yoast-schema-graph\">{\"@context\":\"https:\\\/\\\/schema.org\",\"@graph\":[{\"@type\":\"WebPage\",\"@id\":\"https:\\\/\\\/medicinasinc.com\\\/de\\\/product\\\/kaufen-jwh-210-chemisches-pulver\\\/\",\"url\":\"https:\\\/\\\/medicinasinc.com\\\/de\\\/product\\\/kaufen-jwh-210-chemisches-pulver\\\/\",\"name\":\"Kaufen Sie chemisches Pulver JWH-210 - Best Global Meds\",\"isPartOf\":{\"@id\":\"https:\\\/\\\/medicinasinc.com\\\/de\\\/#website\"},\"primaryImageOfPage\":{\"@id\":\"https:\\\/\\\/medicinasinc.com\\\/de\\\/product\\\/kaufen-jwh-210-chemisches-pulver\\\/#primaryimage\"},\"image\":{\"@id\":\"https:\\\/\\\/medicinasinc.com\\\/de\\\/product\\\/kaufen-jwh-210-chemisches-pulver\\\/#primaryimage\"},\"thumbnailUrl\":\"https:\\\/\\\/medicinasinc.com\\\/de\\\/wp-content\\\/uploads\\\/sites\\\/6\\\/2022\\\/02\\\/Buy-JWH-210-Chemical-Powder-Online.jpg\",\"datePublished\":\"2022-02-22T01:34:03+00:00\",\"dateModified\":\"2022-03-18T00:18:13+00:00\",\"description\":\"Kaufen Sie chemisches Pulver JWH-210 zum Verkauf online in Gro\u00dfbritannien, Europa. JWH-210 Chemical Powder ist eine analgetische Chemikalie aus der Familie der Naphtoylindole.\",\"breadcrumb\":{\"@id\":\"https:\\\/\\\/medicinasinc.com\\\/de\\\/product\\\/kaufen-jwh-210-chemisches-pulver\\\/#breadcrumb\"},\"inLanguage\":\"de\",\"potentialAction\":[{\"@type\":\"ReadAction\",\"target\":[\"https:\\\/\\\/medicinasinc.com\\\/de\\\/product\\\/kaufen-jwh-210-chemisches-pulver\\\/\"]}]},{\"@type\":\"ImageObject\",\"inLanguage\":\"de\",\"@id\":\"https:\\\/\\\/medicinasinc.com\\\/de\\\/product\\\/kaufen-jwh-210-chemisches-pulver\\\/#primaryimage\",\"url\":\"https:\\\/\\\/medicinasinc.com\\\/de\\\/wp-content\\\/uploads\\\/sites\\\/6\\\/2022\\\/02\\\/Buy-JWH-210-Chemical-Powder-Online.jpg\",\"contentUrl\":\"https:\\\/\\\/medicinasinc.com\\\/de\\\/wp-content\\\/uploads\\\/sites\\\/6\\\/2022\\\/02\\\/Buy-JWH-210-Chemical-Powder-Online.jpg\",\"width\":600,\"height\":600},{\"@type\":\"BreadcrumbList\",\"@id\":\"https:\\\/\\\/medicinasinc.com\\\/de\\\/product\\\/kaufen-jwh-210-chemisches-pulver\\\/#breadcrumb\",\"itemListElement\":[{\"@type\":\"ListItem\",\"position\":1,\"name\":\"Einkaufen\",\"item\":\"https:\\\/\\\/medicinasinc.com\\\/de\\\/einkaufen\\\/\"},{\"@type\":\"ListItem\",\"position\":2,\"name\":\"Kaufen Sie chemisches Pulver JWH-210\"}]},{\"@type\":\"WebSite\",\"@id\":\"https:\\\/\\\/medicinasinc.com\\\/de\\\/#website\",\"url\":\"https:\\\/\\\/medicinasinc.com\\\/de\\\/\",\"name\":\"Medicinas Inc\",\"description\":\"Health Medical Clinic\",\"potentialAction\":[{\"@type\":\"SearchAction\",\"target\":{\"@type\":\"EntryPoint\",\"urlTemplate\":\"https:\\\/\\\/medicinasinc.com\\\/de\\\/?s={search_term_string}\"},\"query-input\":{\"@type\":\"PropertyValueSpecification\",\"valueRequired\":true,\"valueName\":\"search_term_string\"}}],\"inLanguage\":\"de\"}]}<\/script>\n<!-- \/ Yoast SEO plugin. -->","yoast_head_json":{"title":"Kaufen Sie chemisches Pulver JWH-210 - Best Global Meds","description":"Kaufen Sie chemisches Pulver JWH-210 zum Verkauf online in Gro\u00dfbritannien, Europa. JWH-210 Chemical Powder ist eine analgetische Chemikalie aus der Familie der Naphtoylindole.","robots":{"index":"index","follow":"follow","max-snippet":"max-snippet:-1","max-image-preview":"max-image-preview:large","max-video-preview":"max-video-preview:-1"},"canonical":"https:\/\/medicinasinc.com\/de\/product\/kaufen-jwh-210-chemisches-pulver\/","og_locale":"de_DE","og_type":"article","og_title":"Kaufen Sie chemisches Pulver JWH-210 - Best Global Meds","og_description":"Kaufen Sie chemisches Pulver JWH-210 zum Verkauf online in Gro\u00dfbritannien, Europa. JWH-210 Chemical Powder ist eine analgetische Chemikalie aus der Familie der Naphtoylindole.","og_url":"https:\/\/medicinasinc.com\/de\/product\/kaufen-jwh-210-chemisches-pulver\/","og_site_name":"Medicinas Inc","article_modified_time":"2022-03-18T00:18:13+00:00","og_image":[{"width":600,"height":600,"url":"https:\/\/medicinasinc.com\/de\/wp-content\/uploads\/sites\/6\/2022\/02\/Buy-JWH-210-Chemical-Powder-Online.jpg","type":"image\/jpeg"}],"twitter_card":"summary_large_image","twitter_misc":{"Gesch\u00e4tzte Lesezeit":"2\u00a0Minuten"},"schema":{"@context":"https:\/\/schema.org","@graph":[{"@type":"WebPage","@id":"https:\/\/medicinasinc.com\/de\/product\/kaufen-jwh-210-chemisches-pulver\/","url":"https:\/\/medicinasinc.com\/de\/product\/kaufen-jwh-210-chemisches-pulver\/","name":"Kaufen Sie chemisches Pulver JWH-210 - Best Global Meds","isPartOf":{"@id":"https:\/\/medicinasinc.com\/de\/#website"},"primaryImageOfPage":{"@id":"https:\/\/medicinasinc.com\/de\/product\/kaufen-jwh-210-chemisches-pulver\/#primaryimage"},"image":{"@id":"https:\/\/medicinasinc.com\/de\/product\/kaufen-jwh-210-chemisches-pulver\/#primaryimage"},"thumbnailUrl":"https:\/\/medicinasinc.com\/de\/wp-content\/uploads\/sites\/6\/2022\/02\/Buy-JWH-210-Chemical-Powder-Online.jpg","datePublished":"2022-02-22T01:34:03+00:00","dateModified":"2022-03-18T00:18:13+00:00","description":"Kaufen Sie chemisches Pulver JWH-210 zum Verkauf online in Gro\u00dfbritannien, Europa. JWH-210 Chemical Powder ist eine analgetische Chemikalie aus der Familie der Naphtoylindole.","breadcrumb":{"@id":"https:\/\/medicinasinc.com\/de\/product\/kaufen-jwh-210-chemisches-pulver\/#breadcrumb"},"inLanguage":"de","potentialAction":[{"@type":"ReadAction","target":["https:\/\/medicinasinc.com\/de\/product\/kaufen-jwh-210-chemisches-pulver\/"]}]},{"@type":"ImageObject","inLanguage":"de","@id":"https:\/\/medicinasinc.com\/de\/product\/kaufen-jwh-210-chemisches-pulver\/#primaryimage","url":"https:\/\/medicinasinc.com\/de\/wp-content\/uploads\/sites\/6\/2022\/02\/Buy-JWH-210-Chemical-Powder-Online.jpg","contentUrl":"https:\/\/medicinasinc.com\/de\/wp-content\/uploads\/sites\/6\/2022\/02\/Buy-JWH-210-Chemical-Powder-Online.jpg","width":600,"height":600},{"@type":"BreadcrumbList","@id":"https:\/\/medicinasinc.com\/de\/product\/kaufen-jwh-210-chemisches-pulver\/#breadcrumb","itemListElement":[{"@type":"ListItem","position":1,"name":"Einkaufen","item":"https:\/\/medicinasinc.com\/de\/einkaufen\/"},{"@type":"ListItem","position":2,"name":"Kaufen Sie chemisches Pulver JWH-210"}]},{"@type":"WebSite","@id":"https:\/\/medicinasinc.com\/de\/#website","url":"https:\/\/medicinasinc.com\/de\/","name":"Medicinas Inc","description":"Health Medical Clinic","potentialAction":[{"@type":"SearchAction","target":{"@type":"EntryPoint","urlTemplate":"https:\/\/medicinasinc.com\/de\/?s={search_term_string}"},"query-input":{"@type":"PropertyValueSpecification","valueRequired":true,"valueName":"search_term_string"}}],"inLanguage":"de"}]}},"_links":{"self":[{"href":"https:\/\/medicinasinc.com\/de\/wp-json\/wp\/v2\/product\/5549","targetHints":{"allow":["GET"]}}],"collection":[{"href":"https:\/\/medicinasinc.com\/de\/wp-json\/wp\/v2\/product"}],"about":[{"href":"https:\/\/medicinasinc.com\/de\/wp-json\/wp\/v2\/types\/product"}],"replies":[{"embeddable":true,"href":"https:\/\/medicinasinc.com\/de\/wp-json\/wp\/v2\/comments?post=5549"}],"wp:featuredmedia":[{"embeddable":true,"href":"https:\/\/medicinasinc.com\/de\/wp-json\/wp\/v2\/media\/5560"}],"wp:attachment":[{"href":"https:\/\/medicinasinc.com\/de\/wp-json\/wp\/v2\/media?parent=5549"}],"wp:term":[{"taxonomy":"product_brand","embeddable":true,"href":"https:\/\/medicinasinc.com\/de\/wp-json\/wp\/v2\/product_brand?post=5549"},{"taxonomy":"product_cat","embeddable":true,"href":"https:\/\/medicinasinc.com\/de\/wp-json\/wp\/v2\/product_cat?post=5549"},{"taxonomy":"product_tag","embeddable":true,"href":"https:\/\/medicinasinc.com\/de\/wp-json\/wp\/v2\/product_tag?post=5549"}],"curies":[{"name":"wp","href":"https:\/\/api.w.org\/{rel}","templated":true}]}}