{"id":5548,"date":"2022-02-22T01:32:32","date_gmt":"2022-02-22T01:32:32","guid":{"rendered":"https:\/\/medicinasinc.com\/de\/?post_type=product&#038;p=5548"},"modified":"2022-03-18T00:18:25","modified_gmt":"2022-03-18T00:18:25","slug":"kaufen-jwh-018-chemikalie","status":"publish","type":"product","link":"https:\/\/medicinasinc.com\/de\/product\/kaufen-jwh-018-chemikalie\/","title":{"rendered":"Kaufen Sie die Chemikalie JWH-018"},"content":{"rendered":"<p>JWH-018-Pulver kann mit Western Union\/MoneyGram oder Bitcoins direkt hier auf unserer Website gekauft werden. Es ist garantiert mindestens 99,8 Prozent rein. Jede Charge unserer Forschungschemikalien kann mit einem Analysezertifikat (COA) versehen werden.<\/p>\n<p>Ein Gramm JWH-018 pro Bestelleinheit enth\u00e4lt mindestens 99,8 % reines JWH-018.<\/p>\n<p>Zum Verkauf steht JWH 018 Spray.<\/p>\n<p>Bevor wir uns mit JWH-018 befassen, m\u00f6chten wir Ihnen eine kurze Einf\u00fchrung in CBD geben.<br \/> Laut der US Public Library of Medicine, CBD, kurz f\u00fcr Cannabidiol, ist eine synthetische Chemikalie, die aus der Cannabis-Sativa-Pflanze gewonnen wird und manchmal auch als Cannabis oder Hilfe bekannt ist.<br \/> In Produkten wie \u00d6len und Esswaren wird es verwendet, um ein Gef\u00fchl der Ruhe und Entspannung hervorzurufen. Wie sein Cousin THC (Delta-9-Tetrahydrocannabinoide) hat CBD keine psychotrope Wirkung auf den K\u00f6rper.<br \/> Zests hausgemachte Mischung \u201eZest\u201c enth\u00e4lt ein k\u00fcnstlich hergestelltes Cannabinoid namens JWH-018. Aufgrund seiner \u00e4hnlichen berauschenden Wirkung wie 9-THC wird dieses Zest-Cannabinoid illegal verwendet. W\u00e4hrend JWH-018 merklich wirksamer ist als entsprechende Cannabismessungen, stellt es auch enorme Herausforderungen f\u00fcr den Nachweis durch Standard-9-THC-Teststudien dar. JWH-018<br \/> JWH-018 wurde im Juli 2009 in die Liste der besorgniserregenden Medikamente und synthetischen Stoffe der DEA aufgenommen. Einige Gerichtsbarkeiten haben Ma\u00dfnahmen ergriffen, um den Verkauf oder Besitz von Flavor (JWH-018) zu verbieten, darunter Alabama, Arkansas , Georgia, Kansas, Kentucky, North Dakota und Tennessee, ungeachtet der gemeldeten F\u00e4nge von Flavor in Ohio und Florida. <br \/> Wenn es um jwh-018-Spray geht, sind Sie an der richtigen Stelle, wenn Sie das Beste wollen. Wir versenden hochwertige Waren in gro\u00dfen Mengen in die ganze Welt. Das jwh-018-Spray kann Ihnen in den n\u00e4chsten f\u00fcnf Werktagen geh\u00f6ren, wenn Sie jetzt bestellen. Online-Kauf von jwh-018.<\/p>\n","protected":false},"excerpt":{"rendered":"<div class=\"woocommerce-product-details__short-description\">\n<p>Wir haben JWH-018 auf unserer Website zum Verkauf. Nie zuvor gesehene Ausgaben. Eine Spray- und eine Pulverversion der Best JWH-018 Essence sind jetzt zum Kauf erh\u00e4ltlich. Bestglobalmeds.com ist der richtige Ort, um JWH-018 online zu kaufen.<\/p>\n<p>Kaufen Sie JWH-018 online bei einem seri\u00f6sen Einzelh\u00e4ndler. M\u00f6chten Sie hochwertiges jwh-018 zu einem g\u00fcnstigen Preis kaufen. Bestellen Sie bei uns und schlie\u00dfen Sie sich den Reihen zufriedener Kunden an.<\/p>\n<p>JWH-018<\/p>\n<p>Produkt ist brandneu.<\/p>\n<p>Kaufen Sie JWH-018<\/p>\n<p>Wirkstoff:<br \/>Wirkzeit:<br \/>Wirkzeit:<br \/>Eine Bestelleinheit:<\/p>\n<p>JWH-018<br \/>20-30 min. nach Gebrauch<br \/> 4-5 Stunden<br \/> 1g min 99<\/p>\n<\/p><\/div>\n","protected":false},"featured_media":5558,"comment_status":"open","ping_status":"closed","template":"","meta":[],"product_brand":[],"product_cat":[2014],"product_tag":[3053,3054,3055,3059,3063,3067,3056,3058,3060,3061,3062,3065,3064,3066,3057,3068,3051,3050,3052,3069],"class_list":{"0":"post-5548","1":"product","2":"type-product","3":"status-publish","4":"has-post-thumbnail","6":"product_cat-kaufen-forschungschemikalien","7":"product_tag-how-to-make-jwh-018-spray","8":"product_tag-jwh-pulver","9":"product_tag-jwh-018-alternative","10":"product_tag-jwh-018-bestellung","11":"product_tag-jwh-018-rezension","12":"product_tag-jwh-018-grohandel","13":"product_tag-jwh-018-kaufen","14":"product_tag-jwh-018-online-kaufen","15":"product_tag-jwh-018-powder-price","16":"product_tag-jwh-018-preis","17":"product_tag-jwh-018-reddit","18":"product_tag-jwh-018-spray-for-sale-uk","19":"product_tag-jwh-018-verkauf","20":"product_tag-jwh-018-walmart","21":"product_tag-jwh-018-zu-verkaufen","22":"product_tag-jwh-250-spray","23":"product_tag-kaufen-jwh-018-chemikalie","24":"product_tag-kaufen-jwh-018","25":"product_tag-kaufen-jwh-018-pulver","26":"product_tag-products-that-contain-jwh-018","28":"first","29":"instock","30":"shipping-taxable","31":"purchasable","32":"product-type-variable","33":"has-default-attributes"},"yoast_head":"<!-- This site is optimized with the Yoast SEO plugin v27.3 - https:\/\/yoast.com\/product\/yoast-seo-wordpress\/ -->\n<title>JWH-018 Chemical kaufen - JWH-018 Chemical Online - Best Global Meds<\/title>\n<meta name=\"description\" content=\"Kaufen Sie JWH-018 Chemical Powder UK, VAE, Europa, China in unserem Online-Shop Bestglobalmeds.com mit schneller weltweiter Lieferung! Die besten JWH-018 zum Bestellen findest du hier!\" \/>\n<meta name=\"robots\" content=\"index, follow, max-snippet:-1, max-image-preview:large, max-video-preview:-1\" \/>\n<link rel=\"canonical\" href=\"https:\/\/medicinasinc.com\/de\/product\/kaufen-jwh-018-chemikalie\/\" \/>\n<meta property=\"og:locale\" content=\"de_DE\" \/>\n<meta property=\"og:type\" content=\"article\" \/>\n<meta property=\"og:title\" content=\"JWH-018 Chemical kaufen - JWH-018 Chemical Online - Best Global Meds\" \/>\n<meta property=\"og:description\" content=\"Kaufen Sie JWH-018 Chemical Powder UK, VAE, Europa, China in unserem Online-Shop Bestglobalmeds.com mit schneller weltweiter Lieferung! Die besten JWH-018 zum Bestellen findest du hier!\" \/>\n<meta property=\"og:url\" content=\"https:\/\/medicinasinc.com\/de\/product\/kaufen-jwh-018-chemikalie\/\" \/>\n<meta property=\"og:site_name\" content=\"Medicinas Inc\" \/>\n<meta property=\"article:modified_time\" content=\"2022-03-18T00:18:25+00:00\" \/>\n<meta property=\"og:image\" content=\"https:\/\/medicinasinc.com\/de\/wp-content\/uploads\/sites\/6\/2022\/02\/Buy-JWH-018-Chemical.jpg\" \/>\n\t<meta property=\"og:image:width\" content=\"593\" \/>\n\t<meta property=\"og:image:height\" content=\"400\" \/>\n\t<meta property=\"og:image:type\" content=\"image\/jpeg\" \/>\n<meta name=\"twitter:card\" content=\"summary_large_image\" \/>\n<meta name=\"twitter:label1\" content=\"Gesch\u00e4tzte Lesezeit\" \/>\n\t<meta name=\"twitter:data1\" content=\"2\u00a0Minuten\" \/>\n<script type=\"application\/ld+json\" class=\"yoast-schema-graph\">{\"@context\":\"https:\\\/\\\/schema.org\",\"@graph\":[{\"@type\":\"WebPage\",\"@id\":\"https:\\\/\\\/medicinasinc.com\\\/de\\\/product\\\/kaufen-jwh-018-chemikalie\\\/\",\"url\":\"https:\\\/\\\/medicinasinc.com\\\/de\\\/product\\\/kaufen-jwh-018-chemikalie\\\/\",\"name\":\"JWH-018 Chemical kaufen - JWH-018 Chemical Online - Best Global Meds\",\"isPartOf\":{\"@id\":\"https:\\\/\\\/medicinasinc.com\\\/de\\\/#website\"},\"primaryImageOfPage\":{\"@id\":\"https:\\\/\\\/medicinasinc.com\\\/de\\\/product\\\/kaufen-jwh-018-chemikalie\\\/#primaryimage\"},\"image\":{\"@id\":\"https:\\\/\\\/medicinasinc.com\\\/de\\\/product\\\/kaufen-jwh-018-chemikalie\\\/#primaryimage\"},\"thumbnailUrl\":\"https:\\\/\\\/medicinasinc.com\\\/de\\\/wp-content\\\/uploads\\\/sites\\\/6\\\/2022\\\/02\\\/Buy-JWH-018-Chemical.jpg\",\"datePublished\":\"2022-02-22T01:32:32+00:00\",\"dateModified\":\"2022-03-18T00:18:25+00:00\",\"description\":\"Kaufen Sie JWH-018 Chemical Powder UK, VAE, Europa, China in unserem Online-Shop Bestglobalmeds.com mit schneller weltweiter Lieferung! Die besten JWH-018 zum Bestellen findest du hier!\",\"breadcrumb\":{\"@id\":\"https:\\\/\\\/medicinasinc.com\\\/de\\\/product\\\/kaufen-jwh-018-chemikalie\\\/#breadcrumb\"},\"inLanguage\":\"de\",\"potentialAction\":[{\"@type\":\"ReadAction\",\"target\":[\"https:\\\/\\\/medicinasinc.com\\\/de\\\/product\\\/kaufen-jwh-018-chemikalie\\\/\"]}]},{\"@type\":\"ImageObject\",\"inLanguage\":\"de\",\"@id\":\"https:\\\/\\\/medicinasinc.com\\\/de\\\/product\\\/kaufen-jwh-018-chemikalie\\\/#primaryimage\",\"url\":\"https:\\\/\\\/medicinasinc.com\\\/de\\\/wp-content\\\/uploads\\\/sites\\\/6\\\/2022\\\/02\\\/Buy-JWH-018-Chemical.jpg\",\"contentUrl\":\"https:\\\/\\\/medicinasinc.com\\\/de\\\/wp-content\\\/uploads\\\/sites\\\/6\\\/2022\\\/02\\\/Buy-JWH-018-Chemical.jpg\",\"width\":593,\"height\":400},{\"@type\":\"BreadcrumbList\",\"@id\":\"https:\\\/\\\/medicinasinc.com\\\/de\\\/product\\\/kaufen-jwh-018-chemikalie\\\/#breadcrumb\",\"itemListElement\":[{\"@type\":\"ListItem\",\"position\":1,\"name\":\"Einkaufen\",\"item\":\"https:\\\/\\\/medicinasinc.com\\\/de\\\/einkaufen\\\/\"},{\"@type\":\"ListItem\",\"position\":2,\"name\":\"Kaufen Sie die Chemikalie JWH-018\"}]},{\"@type\":\"WebSite\",\"@id\":\"https:\\\/\\\/medicinasinc.com\\\/de\\\/#website\",\"url\":\"https:\\\/\\\/medicinasinc.com\\\/de\\\/\",\"name\":\"Medicinas Inc\",\"description\":\"Health Medical Clinic\",\"potentialAction\":[{\"@type\":\"SearchAction\",\"target\":{\"@type\":\"EntryPoint\",\"urlTemplate\":\"https:\\\/\\\/medicinasinc.com\\\/de\\\/?s={search_term_string}\"},\"query-input\":{\"@type\":\"PropertyValueSpecification\",\"valueRequired\":true,\"valueName\":\"search_term_string\"}}],\"inLanguage\":\"de\"}]}<\/script>\n<!-- \/ Yoast SEO plugin. -->","yoast_head_json":{"title":"JWH-018 Chemical kaufen - JWH-018 Chemical Online - Best Global Meds","description":"Kaufen Sie JWH-018 Chemical Powder UK, VAE, Europa, China in unserem Online-Shop Bestglobalmeds.com mit schneller weltweiter Lieferung! Die besten JWH-018 zum Bestellen findest du hier!","robots":{"index":"index","follow":"follow","max-snippet":"max-snippet:-1","max-image-preview":"max-image-preview:large","max-video-preview":"max-video-preview:-1"},"canonical":"https:\/\/medicinasinc.com\/de\/product\/kaufen-jwh-018-chemikalie\/","og_locale":"de_DE","og_type":"article","og_title":"JWH-018 Chemical kaufen - JWH-018 Chemical Online - Best Global Meds","og_description":"Kaufen Sie JWH-018 Chemical Powder UK, VAE, Europa, China in unserem Online-Shop Bestglobalmeds.com mit schneller weltweiter Lieferung! Die besten JWH-018 zum Bestellen findest du hier!","og_url":"https:\/\/medicinasinc.com\/de\/product\/kaufen-jwh-018-chemikalie\/","og_site_name":"Medicinas Inc","article_modified_time":"2022-03-18T00:18:25+00:00","og_image":[{"width":593,"height":400,"url":"https:\/\/medicinasinc.com\/de\/wp-content\/uploads\/sites\/6\/2022\/02\/Buy-JWH-018-Chemical.jpg","type":"image\/jpeg"}],"twitter_card":"summary_large_image","twitter_misc":{"Gesch\u00e4tzte Lesezeit":"2\u00a0Minuten"},"schema":{"@context":"https:\/\/schema.org","@graph":[{"@type":"WebPage","@id":"https:\/\/medicinasinc.com\/de\/product\/kaufen-jwh-018-chemikalie\/","url":"https:\/\/medicinasinc.com\/de\/product\/kaufen-jwh-018-chemikalie\/","name":"JWH-018 Chemical kaufen - JWH-018 Chemical Online - Best Global Meds","isPartOf":{"@id":"https:\/\/medicinasinc.com\/de\/#website"},"primaryImageOfPage":{"@id":"https:\/\/medicinasinc.com\/de\/product\/kaufen-jwh-018-chemikalie\/#primaryimage"},"image":{"@id":"https:\/\/medicinasinc.com\/de\/product\/kaufen-jwh-018-chemikalie\/#primaryimage"},"thumbnailUrl":"https:\/\/medicinasinc.com\/de\/wp-content\/uploads\/sites\/6\/2022\/02\/Buy-JWH-018-Chemical.jpg","datePublished":"2022-02-22T01:32:32+00:00","dateModified":"2022-03-18T00:18:25+00:00","description":"Kaufen Sie JWH-018 Chemical Powder UK, VAE, Europa, China in unserem Online-Shop Bestglobalmeds.com mit schneller weltweiter Lieferung! Die besten JWH-018 zum Bestellen findest du hier!","breadcrumb":{"@id":"https:\/\/medicinasinc.com\/de\/product\/kaufen-jwh-018-chemikalie\/#breadcrumb"},"inLanguage":"de","potentialAction":[{"@type":"ReadAction","target":["https:\/\/medicinasinc.com\/de\/product\/kaufen-jwh-018-chemikalie\/"]}]},{"@type":"ImageObject","inLanguage":"de","@id":"https:\/\/medicinasinc.com\/de\/product\/kaufen-jwh-018-chemikalie\/#primaryimage","url":"https:\/\/medicinasinc.com\/de\/wp-content\/uploads\/sites\/6\/2022\/02\/Buy-JWH-018-Chemical.jpg","contentUrl":"https:\/\/medicinasinc.com\/de\/wp-content\/uploads\/sites\/6\/2022\/02\/Buy-JWH-018-Chemical.jpg","width":593,"height":400},{"@type":"BreadcrumbList","@id":"https:\/\/medicinasinc.com\/de\/product\/kaufen-jwh-018-chemikalie\/#breadcrumb","itemListElement":[{"@type":"ListItem","position":1,"name":"Einkaufen","item":"https:\/\/medicinasinc.com\/de\/einkaufen\/"},{"@type":"ListItem","position":2,"name":"Kaufen Sie die Chemikalie JWH-018"}]},{"@type":"WebSite","@id":"https:\/\/medicinasinc.com\/de\/#website","url":"https:\/\/medicinasinc.com\/de\/","name":"Medicinas Inc","description":"Health Medical Clinic","potentialAction":[{"@type":"SearchAction","target":{"@type":"EntryPoint","urlTemplate":"https:\/\/medicinasinc.com\/de\/?s={search_term_string}"},"query-input":{"@type":"PropertyValueSpecification","valueRequired":true,"valueName":"search_term_string"}}],"inLanguage":"de"}]}},"_links":{"self":[{"href":"https:\/\/medicinasinc.com\/de\/wp-json\/wp\/v2\/product\/5548","targetHints":{"allow":["GET"]}}],"collection":[{"href":"https:\/\/medicinasinc.com\/de\/wp-json\/wp\/v2\/product"}],"about":[{"href":"https:\/\/medicinasinc.com\/de\/wp-json\/wp\/v2\/types\/product"}],"replies":[{"embeddable":true,"href":"https:\/\/medicinasinc.com\/de\/wp-json\/wp\/v2\/comments?post=5548"}],"wp:featuredmedia":[{"embeddable":true,"href":"https:\/\/medicinasinc.com\/de\/wp-json\/wp\/v2\/media\/5558"}],"wp:attachment":[{"href":"https:\/\/medicinasinc.com\/de\/wp-json\/wp\/v2\/media?parent=5548"}],"wp:term":[{"taxonomy":"product_brand","embeddable":true,"href":"https:\/\/medicinasinc.com\/de\/wp-json\/wp\/v2\/product_brand?post=5548"},{"taxonomy":"product_cat","embeddable":true,"href":"https:\/\/medicinasinc.com\/de\/wp-json\/wp\/v2\/product_cat?post=5548"},{"taxonomy":"product_tag","embeddable":true,"href":"https:\/\/medicinasinc.com\/de\/wp-json\/wp\/v2\/product_tag?post=5548"}],"curies":[{"name":"wp","href":"https:\/\/api.w.org\/{rel}","templated":true}]}}