{"id":5547,"date":"2022-02-22T01:30:48","date_gmt":"2022-02-22T01:30:48","guid":{"rendered":"https:\/\/medicinasinc.com\/de\/?post_type=product&#038;p=5547"},"modified":"2022-03-18T00:18:39","modified_gmt":"2022-03-18T00:18:39","slug":"kaufen-jwh-200-chemikalie","status":"publish","type":"product","link":"https:\/\/medicinasinc.com\/de\/product\/kaufen-jwh-200-chemikalie\/","title":{"rendered":"Kaufen Sie JWH-200 Chemical"},"content":{"rendered":"<p>Erkundigen Sie sich nach dem Kauf der Chemikalie JWH-200<\/p>\n<p>In der Familie der Naphthoylindole ist AM-678 (1-Pentyl-3-(1-naphthoyl)indol) ein Analgetikum, das ein vollst\u00e4ndiger Agonist ist sowohl die CB1- als auch die CB2-Cannabinoidrezeptoren, mit einer leichten Pr\u00e4ferenz f\u00fcr den CB2-Rezeptor. Es wird in synthetischen Cannabisprodukten verwendet, die in einigen L\u00e4ndern legal als \u201eWeihrauchmischungen\u201c verkauft werden, da es auf Tiere vergleichbare Wirkungen wie Tetrahydrocannabinol (THC) hat, ein Cannabinoid, das nat\u00fcrlicherweise in Cannabis vorkommt. Research Chemicals JWH-200<\/p>\n<p>Unter Verwendung von Wistar-Ratten, denen ein ethanolischer Extrakt mit JWH-200 verabreicht worden war, wurde die metabolische Aktivit\u00e4t des Medikaments untersucht. Darauf folgte die Extraktion von JWH-200-Metaboliten aus 24-Stunden-Urinproben unter Verwendung sowohl fl\u00fcssiger als auch fester Trennungsphasen. Die extrahierten Chemikalien wurden getrennt und mittels GC-MS identifiziert. Das Hauptsignal waren hydroxylierte N-dealkylierte Metaboliten, nicht JWH-200 oder sein N-dealkylierter Metabolit. Die beobachtete Massenverschiebung legt nahe, dass die Naphthalin- und Indol-Hydroxylgruppen des Molek\u00fcls wahrscheinlich einer Hydroxylierung unterliegen. Die hydroxylierten Metaboliten wurden beim Menschen h\u00e4ufig mit Glucuronid konjugiert, obwohl der Indolring und die Pentylseitenkette die prim\u00e4ren Metabolisierungsstellen waren.<\/p>\n<p>Research Chemical Usage of JWH-200<\/p>\n<p>Die Medien haben berichtete mindestens einen Fall von JWH-200-Abh\u00e4ngigkeit. Acht Monate lang trank der Benutzer t\u00e4glich JWH-018. Im Vergleich zu den Auswirkungen der Cannabisabh\u00e4ngigkeit waren hier die Entzugserscheinungen st\u00e4rker ausgepr\u00e4gt. Nach der Behandlung hat sich gezeigt, dass JWH-200 signifikante Ver\u00e4nderungen der CB1-Rezeptordichte hervorruft. Weniger schnell als vergleichbare Cannabinoide f\u00fchrt es zu einer Toleranz gegen\u00fcber seinen Wirkungen.<\/p>\n","protected":false},"excerpt":{"rendered":"<div class=\"woocommerce-product-details__short-description\">\n<p>Kaufen Sie JWH-200 chemisches Pulver online zum Verkauf in Gro\u00dfbritannien und Europa. (1-(2-Morpholin-4-ylethyl)indol-3-yl)-naphthalin-1-ylmethanon ist ein anderer Name. Kommen Sie und kaufen Sie jetzt!. Wir haben die beste diskrete Verpackungs- und Versandmethode.<\/p>\n<\/p><\/div>\n","protected":false},"featured_media":5556,"comment_status":"open","ping_status":"closed","template":"","meta":[],"product_brand":[],"product_cat":[2014],"product_tag":[3029,3031,3032,3034,3035,3040,3043,3038,3042,3039,3048,3046,3036,3041,3044,3037,3047,3030,3033,3045,3049],"class_list":{"0":"post-5547","1":"product","2":"type-product","3":"status-publish","4":"has-post-thumbnail","6":"product_cat-kaufen-forschungschemikalien","7":"product_tag-am-2233","8":"product_tag-buy-jwh-200-online","9":"product_tag-buy-jwh-200-research-chemicals","10":"product_tag-jwh-018","11":"product_tag-jwh-073","12":"product_tag-jwh-200-bestellung","13":"product_tag-jwh-200-rezension","14":"product_tag-jwh-200-effekte","15":"product_tag-jwh-200-einzelhandel","16":"product_tag-jwh-200-for-sale","17":"product_tag-kauf-jwh-200-forschungschemikalien","18":"product_tag-jwh-200-grohandel","19":"product_tag-jwh-200-kaufen","20":"product_tag-jwh-200-reddit","21":"product_tag-jwh-200-verkauf","22":"product_tag-jwh-200-effekt","23":"product_tag-jwh-250","24":"product_tag-kaufen-jwh-200-chemikalie","25":"product_tag-wie-bestelle-jwh-200-online","26":"product_tag-jwh-200-verkaufen","27":"product_tag-wo-jwh-200-forschungschemikalien-bestellen","29":"first","30":"instock","31":"shipping-taxable","32":"purchasable","33":"product-type-variable","34":"has-default-attributes"},"yoast_head":"<!-- This site is optimized with the Yoast SEO plugin v27.3 - https:\/\/yoast.com\/product\/yoast-seo-wordpress\/ -->\n<title>Kaufen Sie JWH-200 Chemical - JWH-200 Chemical - Best Global Meds<\/title>\n<meta name=\"description\" content=\"Kaufen Sie JWH-200 Chemikalienpulver zum Verkauf in Gro\u00dfbritannien, Europa online. (1-(2-Morpholin-4-ylethyl)indol-3-yl)-naphthalin-1-ylmethanon ist ein anderer Name. Kommen Sie und kaufen Sie jetzt!. Wir haben die beste diskrete Verpackungs- und Versandmethode.\" \/>\n<meta name=\"robots\" content=\"index, follow, max-snippet:-1, max-image-preview:large, max-video-preview:-1\" \/>\n<link rel=\"canonical\" href=\"https:\/\/medicinasinc.com\/de\/product\/kaufen-jwh-200-chemikalie\/\" \/>\n<meta property=\"og:locale\" content=\"de_DE\" \/>\n<meta property=\"og:type\" content=\"article\" \/>\n<meta property=\"og:title\" content=\"Kaufen Sie JWH-200 Chemical - JWH-200 Chemical - Best Global Meds\" \/>\n<meta property=\"og:description\" content=\"Kaufen Sie JWH-200 Chemikalienpulver zum Verkauf in Gro\u00dfbritannien, Europa online. (1-(2-Morpholin-4-ylethyl)indol-3-yl)-naphthalin-1-ylmethanon ist ein anderer Name. Kommen Sie und kaufen Sie jetzt!. Wir haben die beste diskrete Verpackungs- und Versandmethode.\" \/>\n<meta property=\"og:url\" content=\"https:\/\/medicinasinc.com\/de\/product\/kaufen-jwh-200-chemikalie\/\" \/>\n<meta property=\"og:site_name\" content=\"Medicinas Inc\" \/>\n<meta property=\"article:modified_time\" content=\"2022-03-18T00:18:39+00:00\" \/>\n<meta property=\"og:image\" content=\"https:\/\/medicinasinc.com\/de\/wp-content\/uploads\/sites\/6\/2022\/02\/Buy-JWH-200-Chemical.jpg\" \/>\n\t<meta property=\"og:image:width\" content=\"458\" \/>\n\t<meta property=\"og:image:height\" content=\"458\" \/>\n\t<meta property=\"og:image:type\" content=\"image\/jpeg\" \/>\n<meta name=\"twitter:card\" content=\"summary_large_image\" \/>\n<meta name=\"twitter:label1\" content=\"Gesch\u00e4tzte Lesezeit\" \/>\n\t<meta name=\"twitter:data1\" content=\"2\u00a0Minuten\" \/>\n<script type=\"application\/ld+json\" class=\"yoast-schema-graph\">{\"@context\":\"https:\\\/\\\/schema.org\",\"@graph\":[{\"@type\":\"WebPage\",\"@id\":\"https:\\\/\\\/medicinasinc.com\\\/de\\\/product\\\/kaufen-jwh-200-chemikalie\\\/\",\"url\":\"https:\\\/\\\/medicinasinc.com\\\/de\\\/product\\\/kaufen-jwh-200-chemikalie\\\/\",\"name\":\"Kaufen Sie JWH-200 Chemical - JWH-200 Chemical - Best Global Meds\",\"isPartOf\":{\"@id\":\"https:\\\/\\\/medicinasinc.com\\\/de\\\/#website\"},\"primaryImageOfPage\":{\"@id\":\"https:\\\/\\\/medicinasinc.com\\\/de\\\/product\\\/kaufen-jwh-200-chemikalie\\\/#primaryimage\"},\"image\":{\"@id\":\"https:\\\/\\\/medicinasinc.com\\\/de\\\/product\\\/kaufen-jwh-200-chemikalie\\\/#primaryimage\"},\"thumbnailUrl\":\"https:\\\/\\\/medicinasinc.com\\\/de\\\/wp-content\\\/uploads\\\/sites\\\/6\\\/2022\\\/02\\\/Buy-JWH-200-Chemical.jpg\",\"datePublished\":\"2022-02-22T01:30:48+00:00\",\"dateModified\":\"2022-03-18T00:18:39+00:00\",\"description\":\"Kaufen Sie JWH-200 Chemikalienpulver zum Verkauf in Gro\u00dfbritannien, Europa online. (1-(2-Morpholin-4-ylethyl)indol-3-yl)-naphthalin-1-ylmethanon ist ein anderer Name. Kommen Sie und kaufen Sie jetzt!. Wir haben die beste diskrete Verpackungs- und Versandmethode.\",\"breadcrumb\":{\"@id\":\"https:\\\/\\\/medicinasinc.com\\\/de\\\/product\\\/kaufen-jwh-200-chemikalie\\\/#breadcrumb\"},\"inLanguage\":\"de\",\"potentialAction\":[{\"@type\":\"ReadAction\",\"target\":[\"https:\\\/\\\/medicinasinc.com\\\/de\\\/product\\\/kaufen-jwh-200-chemikalie\\\/\"]}]},{\"@type\":\"ImageObject\",\"inLanguage\":\"de\",\"@id\":\"https:\\\/\\\/medicinasinc.com\\\/de\\\/product\\\/kaufen-jwh-200-chemikalie\\\/#primaryimage\",\"url\":\"https:\\\/\\\/medicinasinc.com\\\/de\\\/wp-content\\\/uploads\\\/sites\\\/6\\\/2022\\\/02\\\/Buy-JWH-200-Chemical.jpg\",\"contentUrl\":\"https:\\\/\\\/medicinasinc.com\\\/de\\\/wp-content\\\/uploads\\\/sites\\\/6\\\/2022\\\/02\\\/Buy-JWH-200-Chemical.jpg\",\"width\":458,\"height\":458},{\"@type\":\"BreadcrumbList\",\"@id\":\"https:\\\/\\\/medicinasinc.com\\\/de\\\/product\\\/kaufen-jwh-200-chemikalie\\\/#breadcrumb\",\"itemListElement\":[{\"@type\":\"ListItem\",\"position\":1,\"name\":\"Einkaufen\",\"item\":\"https:\\\/\\\/medicinasinc.com\\\/de\\\/einkaufen\\\/\"},{\"@type\":\"ListItem\",\"position\":2,\"name\":\"Kaufen Sie JWH-200 Chemical\"}]},{\"@type\":\"WebSite\",\"@id\":\"https:\\\/\\\/medicinasinc.com\\\/de\\\/#website\",\"url\":\"https:\\\/\\\/medicinasinc.com\\\/de\\\/\",\"name\":\"Medicinas Inc\",\"description\":\"Health Medical Clinic\",\"potentialAction\":[{\"@type\":\"SearchAction\",\"target\":{\"@type\":\"EntryPoint\",\"urlTemplate\":\"https:\\\/\\\/medicinasinc.com\\\/de\\\/?s={search_term_string}\"},\"query-input\":{\"@type\":\"PropertyValueSpecification\",\"valueRequired\":true,\"valueName\":\"search_term_string\"}}],\"inLanguage\":\"de\"}]}<\/script>\n<!-- \/ Yoast SEO plugin. -->","yoast_head_json":{"title":"Kaufen Sie JWH-200 Chemical - JWH-200 Chemical - Best Global Meds","description":"Kaufen Sie JWH-200 Chemikalienpulver zum Verkauf in Gro\u00dfbritannien, Europa online. (1-(2-Morpholin-4-ylethyl)indol-3-yl)-naphthalin-1-ylmethanon ist ein anderer Name. Kommen Sie und kaufen Sie jetzt!. Wir haben die beste diskrete Verpackungs- und Versandmethode.","robots":{"index":"index","follow":"follow","max-snippet":"max-snippet:-1","max-image-preview":"max-image-preview:large","max-video-preview":"max-video-preview:-1"},"canonical":"https:\/\/medicinasinc.com\/de\/product\/kaufen-jwh-200-chemikalie\/","og_locale":"de_DE","og_type":"article","og_title":"Kaufen Sie JWH-200 Chemical - JWH-200 Chemical - Best Global Meds","og_description":"Kaufen Sie JWH-200 Chemikalienpulver zum Verkauf in Gro\u00dfbritannien, Europa online. (1-(2-Morpholin-4-ylethyl)indol-3-yl)-naphthalin-1-ylmethanon ist ein anderer Name. Kommen Sie und kaufen Sie jetzt!. Wir haben die beste diskrete Verpackungs- und Versandmethode.","og_url":"https:\/\/medicinasinc.com\/de\/product\/kaufen-jwh-200-chemikalie\/","og_site_name":"Medicinas Inc","article_modified_time":"2022-03-18T00:18:39+00:00","og_image":[{"width":458,"height":458,"url":"https:\/\/medicinasinc.com\/de\/wp-content\/uploads\/sites\/6\/2022\/02\/Buy-JWH-200-Chemical.jpg","type":"image\/jpeg"}],"twitter_card":"summary_large_image","twitter_misc":{"Gesch\u00e4tzte Lesezeit":"2\u00a0Minuten"},"schema":{"@context":"https:\/\/schema.org","@graph":[{"@type":"WebPage","@id":"https:\/\/medicinasinc.com\/de\/product\/kaufen-jwh-200-chemikalie\/","url":"https:\/\/medicinasinc.com\/de\/product\/kaufen-jwh-200-chemikalie\/","name":"Kaufen Sie JWH-200 Chemical - JWH-200 Chemical - Best Global Meds","isPartOf":{"@id":"https:\/\/medicinasinc.com\/de\/#website"},"primaryImageOfPage":{"@id":"https:\/\/medicinasinc.com\/de\/product\/kaufen-jwh-200-chemikalie\/#primaryimage"},"image":{"@id":"https:\/\/medicinasinc.com\/de\/product\/kaufen-jwh-200-chemikalie\/#primaryimage"},"thumbnailUrl":"https:\/\/medicinasinc.com\/de\/wp-content\/uploads\/sites\/6\/2022\/02\/Buy-JWH-200-Chemical.jpg","datePublished":"2022-02-22T01:30:48+00:00","dateModified":"2022-03-18T00:18:39+00:00","description":"Kaufen Sie JWH-200 Chemikalienpulver zum Verkauf in Gro\u00dfbritannien, Europa online. (1-(2-Morpholin-4-ylethyl)indol-3-yl)-naphthalin-1-ylmethanon ist ein anderer Name. Kommen Sie und kaufen Sie jetzt!. Wir haben die beste diskrete Verpackungs- und Versandmethode.","breadcrumb":{"@id":"https:\/\/medicinasinc.com\/de\/product\/kaufen-jwh-200-chemikalie\/#breadcrumb"},"inLanguage":"de","potentialAction":[{"@type":"ReadAction","target":["https:\/\/medicinasinc.com\/de\/product\/kaufen-jwh-200-chemikalie\/"]}]},{"@type":"ImageObject","inLanguage":"de","@id":"https:\/\/medicinasinc.com\/de\/product\/kaufen-jwh-200-chemikalie\/#primaryimage","url":"https:\/\/medicinasinc.com\/de\/wp-content\/uploads\/sites\/6\/2022\/02\/Buy-JWH-200-Chemical.jpg","contentUrl":"https:\/\/medicinasinc.com\/de\/wp-content\/uploads\/sites\/6\/2022\/02\/Buy-JWH-200-Chemical.jpg","width":458,"height":458},{"@type":"BreadcrumbList","@id":"https:\/\/medicinasinc.com\/de\/product\/kaufen-jwh-200-chemikalie\/#breadcrumb","itemListElement":[{"@type":"ListItem","position":1,"name":"Einkaufen","item":"https:\/\/medicinasinc.com\/de\/einkaufen\/"},{"@type":"ListItem","position":2,"name":"Kaufen Sie JWH-200 Chemical"}]},{"@type":"WebSite","@id":"https:\/\/medicinasinc.com\/de\/#website","url":"https:\/\/medicinasinc.com\/de\/","name":"Medicinas Inc","description":"Health Medical Clinic","potentialAction":[{"@type":"SearchAction","target":{"@type":"EntryPoint","urlTemplate":"https:\/\/medicinasinc.com\/de\/?s={search_term_string}"},"query-input":{"@type":"PropertyValueSpecification","valueRequired":true,"valueName":"search_term_string"}}],"inLanguage":"de"}]}},"_links":{"self":[{"href":"https:\/\/medicinasinc.com\/de\/wp-json\/wp\/v2\/product\/5547","targetHints":{"allow":["GET"]}}],"collection":[{"href":"https:\/\/medicinasinc.com\/de\/wp-json\/wp\/v2\/product"}],"about":[{"href":"https:\/\/medicinasinc.com\/de\/wp-json\/wp\/v2\/types\/product"}],"replies":[{"embeddable":true,"href":"https:\/\/medicinasinc.com\/de\/wp-json\/wp\/v2\/comments?post=5547"}],"wp:featuredmedia":[{"embeddable":true,"href":"https:\/\/medicinasinc.com\/de\/wp-json\/wp\/v2\/media\/5556"}],"wp:attachment":[{"href":"https:\/\/medicinasinc.com\/de\/wp-json\/wp\/v2\/media?parent=5547"}],"wp:term":[{"taxonomy":"product_brand","embeddable":true,"href":"https:\/\/medicinasinc.com\/de\/wp-json\/wp\/v2\/product_brand?post=5547"},{"taxonomy":"product_cat","embeddable":true,"href":"https:\/\/medicinasinc.com\/de\/wp-json\/wp\/v2\/product_cat?post=5547"},{"taxonomy":"product_tag","embeddable":true,"href":"https:\/\/medicinasinc.com\/de\/wp-json\/wp\/v2\/product_tag?post=5547"}],"curies":[{"name":"wp","href":"https:\/\/api.w.org\/{rel}","templated":true}]}}