{"id":5523,"date":"2022-02-22T01:06:52","date_gmt":"2022-02-22T01:06:52","guid":{"rendered":"https:\/\/medicinasinc.com\/de\/?post_type=product&#038;p=5523"},"modified":"2022-03-18T00:18:49","modified_gmt":"2022-03-18T00:18:49","slug":"buy-hdep-28-novel-ethylnaphthidat","status":"publish","type":"product","link":"https:\/\/medicinasinc.com\/de\/product\/buy-hdep-28-novel-ethylnaphthidat\/","title":{"rendered":"Kaufen Sie hdep-28 Novel Ethylnaphthidat"},"content":{"rendered":"<p>Ethylnaphthidat HDEP-28 zum Verkauf<\/p>\n<p>3,4-Methylendioxy-N-ethylcathinon wird h\u00e4ufig als entaktogener Energiespender genannt. 1-(1,3-Benzodioxol-5-yl)-2-(ethylamino)-1-propanon ist die Bezeichnung f\u00fcr Ethylon. Die gew\u00f6hnliche Masse von C12H15NO3 betr\u00e4gt 221,251999 Da, w\u00e4hrend die monoisotopische Masse 221,104996 Da betr\u00e4gt. Dies ist die subnukleare Formel. Kaufen Sie chinesisches Ethylen. Ethylone ist ein unbezahlbarer Edelstein, der gekauft werden kann. \u00c4thylen-Edelsteine \u200b\u200bk\u00f6nnen gekauft werden. Lieferant von Ethylon. Ethylone ist im Angebot. Rabatt Ethylone<\/p>\n<p>ACD\/Labs und ChemAxon arbeiteten zusammen, um eine Bewertung von Ethylone durchzuf\u00fchren. In Bezug auf die von ACD\/Labs vorhergesagten Eigenschaften fanden sie vier #H-Sicherheitsakzeptoren, vier #Frei drehende Wertpapiere, einen Brechungsrekord bei 1,54 mit einem Oberfl\u00e4chenpressfaktor von 44,3470001220703 dyn\/cm, eine Explosionsmotivation von 172,845 \u00b0C und eine Beschr\u00e4nkung von 362,188 \u00b0C bei 760 mmHg.<\/p>\n<p>Dies kommt h\u00e4ufig in Logik- und Wissenschaftssoftware vor.<\/p>\n<p>Dieses Produkt wurde entwickelt, um die Anforderungen von ISO17025:2005 zu erf\u00fcllen Leitfaden 34:2009.<\/p>\n<p>Sie k\u00f6nnen sich darauf verlassen, dass wir die Arbeit schnell und effizient erledigen, da wir die beste Organisation der Welt sind. Kunden k\u00f6nnen von uns nur Produkte in bester Qualit\u00e4t erwarten! Auf eine Weise, die im Wesentlichen mit dem \u00fcbereinstimmt, was wir oft erwarten, wenn wir etwas kaufen<\/p>\n<p>So k\u00f6nnen wir die hochwertigsten Produkte zu den g\u00fcnstigsten Preisen kaufen und die Einsparungen an Sie weitergeben!<\/p>\n<p> p&gt; <\/p>\n<p>Infolgedessen verlangen wir von allen unseren Kunden, dass sie ihre Artikel einer GC\/MS unterziehen, um Genauigkeit und Legalit\u00e4t sicherzustellen. Da uns unsere Kunden und deren Zufriedenheit am Herzen liegen, f\u00fchren wir bei jeder Sendung eigene Tests durch, um sicherzustellen, dass die Qualit\u00e4t der verbleibenden Teile zu 100\u00a0% gew\u00e4hrleistet ist.<\/p>\n<p>Die Zukunft unseres Unternehmens h\u00e4ngt davon ab, dass wir auf Ihre Anfrage reagieren freundlich, egal wie dringend es auch sein mag. Unabh\u00e4ngig von der Situation k\u00f6nnen Sie sich immer darauf verlassen, dass wir Ihnen die besten Medikamente und zarten Feuerwerke zu den besten Preisen liefern, und das alles auf die denkbar diskreteste Weise! Wenn es nicht zu viel M\u00fche macht, haben Sie Vertrauen und stellen Sie Ihre Anfrage mit \u00dcberzeugung!<\/p>\n<p>Aufgrund unserer nachgewiesenen St\u00e4rke k\u00f6nnen Sie uns Ihr Vertrauen schenken und weiterhin mit uns Gesch\u00e4fte machen, wann immer Sie m\u00f6chten, solange wir es w\u00fcnschen sind da. Ihr Untergang wird nicht toleriert.<\/p>\n<p>Dank der Begleitnummern, die wir Ihrer Sendung beilegen, k\u00f6nnen Sie die Reise Ihres B\u00fcndels ganz einfach verfolgen.<\/p>\n","protected":false},"excerpt":{"rendered":"<p>Kaufen Sie Ethylnaphthidat HDEP-28 zum Verkauf in Gro\u00dfbritannien und Europa. Acetat von Ethyl-2-(naphthalin-2-yl)-2-(piperidin-2-yl). Informieren Sie sich \u00fcber hdep-28, das neue Ethylnaphthidat.<\/p>\n<p>Kaufen Sie hdep-28 Novel Ethylnaphthidate 1 oz on Amazon.com<\/p>\n<p>Ethylnapthidate, oder HDEP-28, ist ein Ersatz f\u00fcr das verbotene Phenidat -Reihe.<\/p>\n<p>Kunden k\u00f6nnen jetzt Ethylnaphthidat kaufen.<br \/> HDEP-28, auch bekannt als Ethylnaphthidat, soll die Rolle der neu ge\u00e4chteten chemischen Reihe Phenidat \u00fcbernehmen.<br \/> Im Vergleich zu &amp; #8216;Phenidates,&#8217; Kunden, die dieses Produkt im Labor verwenden, sollten ein \u00e4hnliches Spektrum an Ergebnissen erwarten.<br \/> IUPAC sagt voraus, dass Forscher feststellen werden, dass HDEP 28 \/ Ethylnaphhidate ein ausgezeichneter Ersatz f\u00fcr Ethylphenidat ist. 2-(Naphthalin-2-yl)-2-(piperidin-2-yl)acetat<br \/> N\/A<br \/> Formel C19H23NO2<br \/> Molekulargewicht ist 297,40<\/p>\n","protected":false},"featured_media":5535,"comment_status":"open","ping_status":"closed","template":"","meta":[],"product_brand":[],"product_cat":[2014],"product_tag":[],"class_list":{"0":"post-5523","1":"product","2":"type-product","3":"status-publish","4":"has-post-thumbnail","6":"product_cat-kaufen-forschungschemikalien","8":"first","9":"instock","10":"shipping-taxable","11":"purchasable","12":"product-type-variable","13":"has-default-attributes"},"yoast_head":"<!-- This site is optimized with the Yoast SEO plugin v27.2 - https:\/\/yoast.com\/product\/yoast-seo-wordpress\/ -->\n<title>Kaufen Sie hdep-28 Novel Ethylnaphthidate - Best Global Meds<\/title>\n<meta name=\"description\" content=\"Kaufen Sie hdep-28 Novel Ethylnaphthidate zum Verkauf in Gro\u00dfbritannien, Europa online. IUPAC: Ethyl-2-(naphthalin-2-yl)-2-(piperidin-2-yl)acetat. Bestellen Sie hdep-28 Novel Ethylnaphthidat\" \/>\n<meta name=\"robots\" content=\"index, follow, max-snippet:-1, max-image-preview:large, max-video-preview:-1\" \/>\n<link rel=\"canonical\" href=\"https:\/\/medicinasinc.com\/de\/product\/buy-hdep-28-novel-ethylnaphthidat\/\" \/>\n<meta property=\"og:locale\" content=\"de_DE\" \/>\n<meta property=\"og:type\" content=\"article\" \/>\n<meta property=\"og:title\" content=\"Kaufen Sie hdep-28 Novel Ethylnaphthidate - Best Global Meds\" \/>\n<meta property=\"og:description\" content=\"Kaufen Sie hdep-28 Novel Ethylnaphthidate zum Verkauf in Gro\u00dfbritannien, Europa online. IUPAC: Ethyl-2-(naphthalin-2-yl)-2-(piperidin-2-yl)acetat. Bestellen Sie hdep-28 Novel Ethylnaphthidat\" \/>\n<meta property=\"og:url\" content=\"https:\/\/medicinasinc.com\/de\/product\/buy-hdep-28-novel-ethylnaphthidat\/\" \/>\n<meta property=\"og:site_name\" content=\"Medicinas Inc\" \/>\n<meta property=\"article:modified_time\" content=\"2022-03-18T00:18:49+00:00\" \/>\n<meta property=\"og:image\" content=\"https:\/\/medicinasinc.com\/de\/wp-content\/uploads\/sites\/6\/2022\/02\/Buy-hdep-28-Novel-Ethylnaphthidate.jpg\" \/>\n\t<meta property=\"og:image:width\" content=\"600\" \/>\n\t<meta property=\"og:image:height\" content=\"600\" \/>\n\t<meta property=\"og:image:type\" content=\"image\/jpeg\" \/>\n<meta name=\"twitter:card\" content=\"summary_large_image\" \/>\n<meta name=\"twitter:label1\" content=\"Gesch\u00e4tzte Lesezeit\" \/>\n\t<meta name=\"twitter:data1\" content=\"2\u00a0Minuten\" \/>\n<script type=\"application\/ld+json\" class=\"yoast-schema-graph\">{\"@context\":\"https:\/\/schema.org\",\"@graph\":[{\"@type\":\"WebPage\",\"@id\":\"https:\/\/medicinasinc.com\/de\/product\/buy-hdep-28-novel-ethylnaphthidat\/\",\"url\":\"https:\/\/medicinasinc.com\/de\/product\/buy-hdep-28-novel-ethylnaphthidat\/\",\"name\":\"Kaufen Sie hdep-28 Novel Ethylnaphthidate - Best Global Meds\",\"isPartOf\":{\"@id\":\"https:\/\/medicinasinc.com\/de\/#website\"},\"primaryImageOfPage\":{\"@id\":\"https:\/\/medicinasinc.com\/de\/product\/buy-hdep-28-novel-ethylnaphthidat\/#primaryimage\"},\"image\":{\"@id\":\"https:\/\/medicinasinc.com\/de\/product\/buy-hdep-28-novel-ethylnaphthidat\/#primaryimage\"},\"thumbnailUrl\":\"https:\/\/medicinasinc.com\/de\/wp-content\/uploads\/sites\/6\/2022\/02\/Buy-hdep-28-Novel-Ethylnaphthidate.jpg\",\"datePublished\":\"2022-02-22T01:06:52+00:00\",\"dateModified\":\"2022-03-18T00:18:49+00:00\",\"description\":\"Kaufen Sie hdep-28 Novel Ethylnaphthidate zum Verkauf in Gro\u00dfbritannien, Europa online. IUPAC: Ethyl-2-(naphthalin-2-yl)-2-(piperidin-2-yl)acetat. Bestellen Sie hdep-28 Novel Ethylnaphthidat\",\"breadcrumb\":{\"@id\":\"https:\/\/medicinasinc.com\/de\/product\/buy-hdep-28-novel-ethylnaphthidat\/#breadcrumb\"},\"inLanguage\":\"de\",\"potentialAction\":[{\"@type\":\"ReadAction\",\"target\":[\"https:\/\/medicinasinc.com\/de\/product\/buy-hdep-28-novel-ethylnaphthidat\/\"]}]},{\"@type\":\"ImageObject\",\"inLanguage\":\"de\",\"@id\":\"https:\/\/medicinasinc.com\/de\/product\/buy-hdep-28-novel-ethylnaphthidat\/#primaryimage\",\"url\":\"https:\/\/medicinasinc.com\/de\/wp-content\/uploads\/sites\/6\/2022\/02\/Buy-hdep-28-Novel-Ethylnaphthidate.jpg\",\"contentUrl\":\"https:\/\/medicinasinc.com\/de\/wp-content\/uploads\/sites\/6\/2022\/02\/Buy-hdep-28-Novel-Ethylnaphthidate.jpg\",\"width\":600,\"height\":600},{\"@type\":\"BreadcrumbList\",\"@id\":\"https:\/\/medicinasinc.com\/de\/product\/buy-hdep-28-novel-ethylnaphthidat\/#breadcrumb\",\"itemListElement\":[{\"@type\":\"ListItem\",\"position\":1,\"name\":\"Einkaufen\",\"item\":\"https:\/\/medicinasinc.com\/de\/einkaufen\/\"},{\"@type\":\"ListItem\",\"position\":2,\"name\":\"Kaufen Sie hdep-28 Novel Ethylnaphthidat\"}]},{\"@type\":\"WebSite\",\"@id\":\"https:\/\/medicinasinc.com\/de\/#website\",\"url\":\"https:\/\/medicinasinc.com\/de\/\",\"name\":\"Medicinas Inc\",\"description\":\"Health Medical Clinic\",\"potentialAction\":[{\"@type\":\"SearchAction\",\"target\":{\"@type\":\"EntryPoint\",\"urlTemplate\":\"https:\/\/medicinasinc.com\/de\/?s={search_term_string}\"},\"query-input\":{\"@type\":\"PropertyValueSpecification\",\"valueRequired\":true,\"valueName\":\"search_term_string\"}}],\"inLanguage\":\"de\"}]}<\/script>\n<!-- \/ Yoast SEO plugin. -->","yoast_head_json":{"title":"Kaufen Sie hdep-28 Novel Ethylnaphthidate - Best Global Meds","description":"Kaufen Sie hdep-28 Novel Ethylnaphthidate zum Verkauf in Gro\u00dfbritannien, Europa online. IUPAC: Ethyl-2-(naphthalin-2-yl)-2-(piperidin-2-yl)acetat. Bestellen Sie hdep-28 Novel Ethylnaphthidat","robots":{"index":"index","follow":"follow","max-snippet":"max-snippet:-1","max-image-preview":"max-image-preview:large","max-video-preview":"max-video-preview:-1"},"canonical":"https:\/\/medicinasinc.com\/de\/product\/buy-hdep-28-novel-ethylnaphthidat\/","og_locale":"de_DE","og_type":"article","og_title":"Kaufen Sie hdep-28 Novel Ethylnaphthidate - Best Global Meds","og_description":"Kaufen Sie hdep-28 Novel Ethylnaphthidate zum Verkauf in Gro\u00dfbritannien, Europa online. IUPAC: Ethyl-2-(naphthalin-2-yl)-2-(piperidin-2-yl)acetat. Bestellen Sie hdep-28 Novel Ethylnaphthidat","og_url":"https:\/\/medicinasinc.com\/de\/product\/buy-hdep-28-novel-ethylnaphthidat\/","og_site_name":"Medicinas Inc","article_modified_time":"2022-03-18T00:18:49+00:00","og_image":[{"width":600,"height":600,"url":"https:\/\/medicinasinc.com\/de\/wp-content\/uploads\/sites\/6\/2022\/02\/Buy-hdep-28-Novel-Ethylnaphthidate.jpg","type":"image\/jpeg"}],"twitter_card":"summary_large_image","twitter_misc":{"Gesch\u00e4tzte Lesezeit":"2\u00a0Minuten"},"schema":{"@context":"https:\/\/schema.org","@graph":[{"@type":"WebPage","@id":"https:\/\/medicinasinc.com\/de\/product\/buy-hdep-28-novel-ethylnaphthidat\/","url":"https:\/\/medicinasinc.com\/de\/product\/buy-hdep-28-novel-ethylnaphthidat\/","name":"Kaufen Sie hdep-28 Novel Ethylnaphthidate - Best Global Meds","isPartOf":{"@id":"https:\/\/medicinasinc.com\/de\/#website"},"primaryImageOfPage":{"@id":"https:\/\/medicinasinc.com\/de\/product\/buy-hdep-28-novel-ethylnaphthidat\/#primaryimage"},"image":{"@id":"https:\/\/medicinasinc.com\/de\/product\/buy-hdep-28-novel-ethylnaphthidat\/#primaryimage"},"thumbnailUrl":"https:\/\/medicinasinc.com\/de\/wp-content\/uploads\/sites\/6\/2022\/02\/Buy-hdep-28-Novel-Ethylnaphthidate.jpg","datePublished":"2022-02-22T01:06:52+00:00","dateModified":"2022-03-18T00:18:49+00:00","description":"Kaufen Sie hdep-28 Novel Ethylnaphthidate zum Verkauf in Gro\u00dfbritannien, Europa online. IUPAC: Ethyl-2-(naphthalin-2-yl)-2-(piperidin-2-yl)acetat. Bestellen Sie hdep-28 Novel Ethylnaphthidat","breadcrumb":{"@id":"https:\/\/medicinasinc.com\/de\/product\/buy-hdep-28-novel-ethylnaphthidat\/#breadcrumb"},"inLanguage":"de","potentialAction":[{"@type":"ReadAction","target":["https:\/\/medicinasinc.com\/de\/product\/buy-hdep-28-novel-ethylnaphthidat\/"]}]},{"@type":"ImageObject","inLanguage":"de","@id":"https:\/\/medicinasinc.com\/de\/product\/buy-hdep-28-novel-ethylnaphthidat\/#primaryimage","url":"https:\/\/medicinasinc.com\/de\/wp-content\/uploads\/sites\/6\/2022\/02\/Buy-hdep-28-Novel-Ethylnaphthidate.jpg","contentUrl":"https:\/\/medicinasinc.com\/de\/wp-content\/uploads\/sites\/6\/2022\/02\/Buy-hdep-28-Novel-Ethylnaphthidate.jpg","width":600,"height":600},{"@type":"BreadcrumbList","@id":"https:\/\/medicinasinc.com\/de\/product\/buy-hdep-28-novel-ethylnaphthidat\/#breadcrumb","itemListElement":[{"@type":"ListItem","position":1,"name":"Einkaufen","item":"https:\/\/medicinasinc.com\/de\/einkaufen\/"},{"@type":"ListItem","position":2,"name":"Kaufen Sie hdep-28 Novel Ethylnaphthidat"}]},{"@type":"WebSite","@id":"https:\/\/medicinasinc.com\/de\/#website","url":"https:\/\/medicinasinc.com\/de\/","name":"Medicinas Inc","description":"Health Medical Clinic","potentialAction":[{"@type":"SearchAction","target":{"@type":"EntryPoint","urlTemplate":"https:\/\/medicinasinc.com\/de\/?s={search_term_string}"},"query-input":{"@type":"PropertyValueSpecification","valueRequired":true,"valueName":"search_term_string"}}],"inLanguage":"de"}]}},"_links":{"self":[{"href":"https:\/\/medicinasinc.com\/de\/wp-json\/wp\/v2\/product\/5523","targetHints":{"allow":["GET"]}}],"collection":[{"href":"https:\/\/medicinasinc.com\/de\/wp-json\/wp\/v2\/product"}],"about":[{"href":"https:\/\/medicinasinc.com\/de\/wp-json\/wp\/v2\/types\/product"}],"replies":[{"embeddable":true,"href":"https:\/\/medicinasinc.com\/de\/wp-json\/wp\/v2\/comments?post=5523"}],"wp:featuredmedia":[{"embeddable":true,"href":"https:\/\/medicinasinc.com\/de\/wp-json\/wp\/v2\/media\/5535"}],"wp:attachment":[{"href":"https:\/\/medicinasinc.com\/de\/wp-json\/wp\/v2\/media?parent=5523"}],"wp:term":[{"taxonomy":"product_brand","embeddable":true,"href":"https:\/\/medicinasinc.com\/de\/wp-json\/wp\/v2\/product_brand?post=5523"},{"taxonomy":"product_cat","embeddable":true,"href":"https:\/\/medicinasinc.com\/de\/wp-json\/wp\/v2\/product_cat?post=5523"},{"taxonomy":"product_tag","embeddable":true,"href":"https:\/\/medicinasinc.com\/de\/wp-json\/wp\/v2\/product_tag?post=5523"}],"curies":[{"name":"wp","href":"https:\/\/api.w.org\/{rel}","templated":true}]}}