{"id":5522,"date":"2022-02-22T01:05:36","date_gmt":"2022-02-22T01:05:36","guid":{"rendered":"https:\/\/medicinasinc.com\/de\/?post_type=product&#038;p=5522"},"modified":"2022-03-18T00:18:59","modified_gmt":"2022-03-18T00:18:59","slug":"kaufen-fub-akb48-pulver","status":"publish","type":"product","link":"https:\/\/medicinasinc.com\/de\/product\/kaufen-fub-akb48-pulver\/","title":{"rendered":"Kaufen Sie Fub Akb48 Pulver"},"content":{"rendered":"<p>Reines Fub Akb48-Pulver zum Kaufen<\/p>\n<p>Wenn Sie mehr \u00fcber die Wirkungen von FUB-AKB48 (auch bekannt als AFUBINACA oder FUB-APINACA) auf den CB1-Rezeptor wissen m\u00f6chten, ist dies das synthetische Cannabinoid f\u00fcr Sie.<\/p>\n<p>Verwenden Sie f\u00fcr die chemische Formel Folgendes: C25H26FN3O.<br \/> In der IUPAC-Nomenklatur: N-[(4-Fluorphenyl)methyl]-1-adamantan-1-yl<br \/> -1H-Indazol<br \/> -3-Carboxamid<br \/> Aussehen:<br \/> Reinheit:<\/p>\n","protected":false},"excerpt":{"rendered":"<p>Bezahlen Sie mit Bitcoin f\u00fcr die Lieferung von FUB-AKB48-Pulver nach Europa. Kaufen Sie FUB-AKB48 Pulver in Europa von einem britischen Anbieter zu einem g\u00fcnstigen Preis. Ein europ\u00e4ischer FUB-AKB48-Pulverladen, in dem Sie FUB-AKB48-Pulver mit einer Reinheit von 99 Prozent erhalten.<\/p>\n<p>Erwerben Sie 1 Unze. von Pure Fub Akb48 Powder von uns heute! Gef\u00e4lschtes Unkraut ist ein Indol, das bei der Herstellung von Medikamenten verwendet wurde und jetzt mit kombinierten Wirkstoffen aus synthetischem Marihuana zum Verkauf steht.<\/p>\n<p>Mit Bitcoin k\u00f6nnen Sie reines und hochwertiges FUB-AKB48-Pulver online erhalten, als sowie legale Medikamente, Forschungschemikalien und medizinische Rohpulver.<\/p>\n","protected":false},"featured_media":5533,"comment_status":"open","ping_status":"closed","template":"","meta":[],"product_brand":[],"product_cat":[2596],"product_tag":[3026,3016,3017,3028,3015,3021,3022,3023,3020,3019,3024,3025,3018,3027,3013,3014],"class_list":{"0":"post-5522","1":"product","2":"type-product","3":"status-publish","4":"has-post-thumbnail","6":"product_cat-cannabinoide-zum-verkauf","7":"product_tag-fub-akb48-rezension","8":"product_tag-fub-akb48-effect","9":"product_tag-fub-akb48-for-sale","10":"product_tag-fub-akb48-grohandel","11":"product_tag-fub-akb48-china-lieferant","12":"product_tag-fub-akb48-powder-for-sale","13":"product_tag-fub-akb48-powder-online","14":"product_tag-fub-akb48-powder-order","15":"product_tag-fub-akb48-puder-effekt","16":"product_tag-fub-akb48-pulver-kaufen","17":"product_tag-fub-akb48-pulver-renderings","18":"product_tag-fub-akb48-reddit","19":"product_tag-fub-akb48-pulver","20":"product_tag-fub-akb48-versand","21":"product_tag-buy-fub-akb48-eu","22":"product_tag-kaufen-fub-akb48-pulver","24":"first","25":"instock","26":"shipping-taxable","27":"purchasable","28":"product-type-variable","29":"has-default-attributes"},"yoast_head":"<!-- This site is optimized with the Yoast SEO plugin v27.3 - https:\/\/yoast.com\/product\/yoast-seo-wordpress\/ -->\n<title>Kaufen Sie Fub Akb48 Pulver - Fub Akb48 Online - Best Global Meds<\/title>\n<meta name=\"description\" content=\"Kaufen Sie FUB-AKB48 Pulver zum Verkauf EU-Versand, Bitcoin-Zahlung. G\u00fcnstiger FUB-AKB48-Pulverlieferant UK - kaufen Sie Forschungschemikalien in Europa. FUB-AKB48 Pulverlager in Europa\" \/>\n<meta name=\"robots\" content=\"index, follow, max-snippet:-1, max-image-preview:large, max-video-preview:-1\" \/>\n<link rel=\"canonical\" href=\"https:\/\/medicinasinc.com\/de\/product\/kaufen-fub-akb48-pulver\/\" \/>\n<meta property=\"og:locale\" content=\"de_DE\" \/>\n<meta property=\"og:type\" content=\"article\" \/>\n<meta property=\"og:title\" content=\"Kaufen Sie Fub Akb48 Pulver - Fub Akb48 Online - Best Global Meds\" \/>\n<meta property=\"og:description\" content=\"Kaufen Sie FUB-AKB48 Pulver zum Verkauf EU-Versand, Bitcoin-Zahlung. G\u00fcnstiger FUB-AKB48-Pulverlieferant UK - kaufen Sie Forschungschemikalien in Europa. FUB-AKB48 Pulverlager in Europa\" \/>\n<meta property=\"og:url\" content=\"https:\/\/medicinasinc.com\/de\/product\/kaufen-fub-akb48-pulver\/\" \/>\n<meta property=\"og:site_name\" content=\"Medicinas Inc\" \/>\n<meta property=\"article:modified_time\" content=\"2022-03-18T00:18:59+00:00\" \/>\n<meta property=\"og:image\" content=\"https:\/\/medicinasinc.com\/de\/wp-content\/uploads\/sites\/6\/2022\/02\/Buy-Fub-Akb48-Powder.jpeg\" \/>\n\t<meta property=\"og:image:width\" content=\"800\" \/>\n\t<meta property=\"og:image:height\" content=\"438\" \/>\n\t<meta property=\"og:image:type\" content=\"image\/jpeg\" \/>\n<meta name=\"twitter:card\" content=\"summary_large_image\" \/>\n<meta name=\"twitter:label1\" content=\"Gesch\u00e4tzte Lesezeit\" \/>\n\t<meta name=\"twitter:data1\" content=\"1\u00a0Minute\" \/>\n<script type=\"application\/ld+json\" class=\"yoast-schema-graph\">{\"@context\":\"https:\\\/\\\/schema.org\",\"@graph\":[{\"@type\":\"WebPage\",\"@id\":\"https:\\\/\\\/medicinasinc.com\\\/de\\\/product\\\/kaufen-fub-akb48-pulver\\\/\",\"url\":\"https:\\\/\\\/medicinasinc.com\\\/de\\\/product\\\/kaufen-fub-akb48-pulver\\\/\",\"name\":\"Kaufen Sie Fub Akb48 Pulver - Fub Akb48 Online - Best Global Meds\",\"isPartOf\":{\"@id\":\"https:\\\/\\\/medicinasinc.com\\\/de\\\/#website\"},\"primaryImageOfPage\":{\"@id\":\"https:\\\/\\\/medicinasinc.com\\\/de\\\/product\\\/kaufen-fub-akb48-pulver\\\/#primaryimage\"},\"image\":{\"@id\":\"https:\\\/\\\/medicinasinc.com\\\/de\\\/product\\\/kaufen-fub-akb48-pulver\\\/#primaryimage\"},\"thumbnailUrl\":\"https:\\\/\\\/medicinasinc.com\\\/de\\\/wp-content\\\/uploads\\\/sites\\\/6\\\/2022\\\/02\\\/Buy-Fub-Akb48-Powder.jpeg\",\"datePublished\":\"2022-02-22T01:05:36+00:00\",\"dateModified\":\"2022-03-18T00:18:59+00:00\",\"description\":\"Kaufen Sie FUB-AKB48 Pulver zum Verkauf EU-Versand, Bitcoin-Zahlung. G\u00fcnstiger FUB-AKB48-Pulverlieferant UK - kaufen Sie Forschungschemikalien in Europa. FUB-AKB48 Pulverlager in Europa\",\"breadcrumb\":{\"@id\":\"https:\\\/\\\/medicinasinc.com\\\/de\\\/product\\\/kaufen-fub-akb48-pulver\\\/#breadcrumb\"},\"inLanguage\":\"de\",\"potentialAction\":[{\"@type\":\"ReadAction\",\"target\":[\"https:\\\/\\\/medicinasinc.com\\\/de\\\/product\\\/kaufen-fub-akb48-pulver\\\/\"]}]},{\"@type\":\"ImageObject\",\"inLanguage\":\"de\",\"@id\":\"https:\\\/\\\/medicinasinc.com\\\/de\\\/product\\\/kaufen-fub-akb48-pulver\\\/#primaryimage\",\"url\":\"https:\\\/\\\/medicinasinc.com\\\/de\\\/wp-content\\\/uploads\\\/sites\\\/6\\\/2022\\\/02\\\/Buy-Fub-Akb48-Powder.jpeg\",\"contentUrl\":\"https:\\\/\\\/medicinasinc.com\\\/de\\\/wp-content\\\/uploads\\\/sites\\\/6\\\/2022\\\/02\\\/Buy-Fub-Akb48-Powder.jpeg\",\"width\":800,\"height\":438},{\"@type\":\"BreadcrumbList\",\"@id\":\"https:\\\/\\\/medicinasinc.com\\\/de\\\/product\\\/kaufen-fub-akb48-pulver\\\/#breadcrumb\",\"itemListElement\":[{\"@type\":\"ListItem\",\"position\":1,\"name\":\"Einkaufen\",\"item\":\"https:\\\/\\\/medicinasinc.com\\\/de\\\/einkaufen\\\/\"},{\"@type\":\"ListItem\",\"position\":2,\"name\":\"Kaufen Sie Fub Akb48 Pulver\"}]},{\"@type\":\"WebSite\",\"@id\":\"https:\\\/\\\/medicinasinc.com\\\/de\\\/#website\",\"url\":\"https:\\\/\\\/medicinasinc.com\\\/de\\\/\",\"name\":\"Medicinas Inc\",\"description\":\"Health Medical Clinic\",\"potentialAction\":[{\"@type\":\"SearchAction\",\"target\":{\"@type\":\"EntryPoint\",\"urlTemplate\":\"https:\\\/\\\/medicinasinc.com\\\/de\\\/?s={search_term_string}\"},\"query-input\":{\"@type\":\"PropertyValueSpecification\",\"valueRequired\":true,\"valueName\":\"search_term_string\"}}],\"inLanguage\":\"de\"}]}<\/script>\n<!-- \/ Yoast SEO plugin. -->","yoast_head_json":{"title":"Kaufen Sie Fub Akb48 Pulver - Fub Akb48 Online - Best Global Meds","description":"Kaufen Sie FUB-AKB48 Pulver zum Verkauf EU-Versand, Bitcoin-Zahlung. G\u00fcnstiger FUB-AKB48-Pulverlieferant UK - kaufen Sie Forschungschemikalien in Europa. FUB-AKB48 Pulverlager in Europa","robots":{"index":"index","follow":"follow","max-snippet":"max-snippet:-1","max-image-preview":"max-image-preview:large","max-video-preview":"max-video-preview:-1"},"canonical":"https:\/\/medicinasinc.com\/de\/product\/kaufen-fub-akb48-pulver\/","og_locale":"de_DE","og_type":"article","og_title":"Kaufen Sie Fub Akb48 Pulver - Fub Akb48 Online - Best Global Meds","og_description":"Kaufen Sie FUB-AKB48 Pulver zum Verkauf EU-Versand, Bitcoin-Zahlung. G\u00fcnstiger FUB-AKB48-Pulverlieferant UK - kaufen Sie Forschungschemikalien in Europa. FUB-AKB48 Pulverlager in Europa","og_url":"https:\/\/medicinasinc.com\/de\/product\/kaufen-fub-akb48-pulver\/","og_site_name":"Medicinas Inc","article_modified_time":"2022-03-18T00:18:59+00:00","og_image":[{"width":800,"height":438,"url":"https:\/\/medicinasinc.com\/de\/wp-content\/uploads\/sites\/6\/2022\/02\/Buy-Fub-Akb48-Powder.jpeg","type":"image\/jpeg"}],"twitter_card":"summary_large_image","twitter_misc":{"Gesch\u00e4tzte Lesezeit":"1\u00a0Minute"},"schema":{"@context":"https:\/\/schema.org","@graph":[{"@type":"WebPage","@id":"https:\/\/medicinasinc.com\/de\/product\/kaufen-fub-akb48-pulver\/","url":"https:\/\/medicinasinc.com\/de\/product\/kaufen-fub-akb48-pulver\/","name":"Kaufen Sie Fub Akb48 Pulver - Fub Akb48 Online - Best Global Meds","isPartOf":{"@id":"https:\/\/medicinasinc.com\/de\/#website"},"primaryImageOfPage":{"@id":"https:\/\/medicinasinc.com\/de\/product\/kaufen-fub-akb48-pulver\/#primaryimage"},"image":{"@id":"https:\/\/medicinasinc.com\/de\/product\/kaufen-fub-akb48-pulver\/#primaryimage"},"thumbnailUrl":"https:\/\/medicinasinc.com\/de\/wp-content\/uploads\/sites\/6\/2022\/02\/Buy-Fub-Akb48-Powder.jpeg","datePublished":"2022-02-22T01:05:36+00:00","dateModified":"2022-03-18T00:18:59+00:00","description":"Kaufen Sie FUB-AKB48 Pulver zum Verkauf EU-Versand, Bitcoin-Zahlung. G\u00fcnstiger FUB-AKB48-Pulverlieferant UK - kaufen Sie Forschungschemikalien in Europa. FUB-AKB48 Pulverlager in Europa","breadcrumb":{"@id":"https:\/\/medicinasinc.com\/de\/product\/kaufen-fub-akb48-pulver\/#breadcrumb"},"inLanguage":"de","potentialAction":[{"@type":"ReadAction","target":["https:\/\/medicinasinc.com\/de\/product\/kaufen-fub-akb48-pulver\/"]}]},{"@type":"ImageObject","inLanguage":"de","@id":"https:\/\/medicinasinc.com\/de\/product\/kaufen-fub-akb48-pulver\/#primaryimage","url":"https:\/\/medicinasinc.com\/de\/wp-content\/uploads\/sites\/6\/2022\/02\/Buy-Fub-Akb48-Powder.jpeg","contentUrl":"https:\/\/medicinasinc.com\/de\/wp-content\/uploads\/sites\/6\/2022\/02\/Buy-Fub-Akb48-Powder.jpeg","width":800,"height":438},{"@type":"BreadcrumbList","@id":"https:\/\/medicinasinc.com\/de\/product\/kaufen-fub-akb48-pulver\/#breadcrumb","itemListElement":[{"@type":"ListItem","position":1,"name":"Einkaufen","item":"https:\/\/medicinasinc.com\/de\/einkaufen\/"},{"@type":"ListItem","position":2,"name":"Kaufen Sie Fub Akb48 Pulver"}]},{"@type":"WebSite","@id":"https:\/\/medicinasinc.com\/de\/#website","url":"https:\/\/medicinasinc.com\/de\/","name":"Medicinas Inc","description":"Health Medical Clinic","potentialAction":[{"@type":"SearchAction","target":{"@type":"EntryPoint","urlTemplate":"https:\/\/medicinasinc.com\/de\/?s={search_term_string}"},"query-input":{"@type":"PropertyValueSpecification","valueRequired":true,"valueName":"search_term_string"}}],"inLanguage":"de"}]}},"_links":{"self":[{"href":"https:\/\/medicinasinc.com\/de\/wp-json\/wp\/v2\/product\/5522","targetHints":{"allow":["GET"]}}],"collection":[{"href":"https:\/\/medicinasinc.com\/de\/wp-json\/wp\/v2\/product"}],"about":[{"href":"https:\/\/medicinasinc.com\/de\/wp-json\/wp\/v2\/types\/product"}],"replies":[{"embeddable":true,"href":"https:\/\/medicinasinc.com\/de\/wp-json\/wp\/v2\/comments?post=5522"}],"wp:featuredmedia":[{"embeddable":true,"href":"https:\/\/medicinasinc.com\/de\/wp-json\/wp\/v2\/media\/5533"}],"wp:attachment":[{"href":"https:\/\/medicinasinc.com\/de\/wp-json\/wp\/v2\/media?parent=5522"}],"wp:term":[{"taxonomy":"product_brand","embeddable":true,"href":"https:\/\/medicinasinc.com\/de\/wp-json\/wp\/v2\/product_brand?post=5522"},{"taxonomy":"product_cat","embeddable":true,"href":"https:\/\/medicinasinc.com\/de\/wp-json\/wp\/v2\/product_cat?post=5522"},{"taxonomy":"product_tag","embeddable":true,"href":"https:\/\/medicinasinc.com\/de\/wp-json\/wp\/v2\/product_tag?post=5522"}],"curies":[{"name":"wp","href":"https:\/\/api.w.org\/{rel}","templated":true}]}}