{"id":5521,"date":"2022-02-22T01:04:16","date_gmt":"2022-02-22T01:04:16","guid":{"rendered":"https:\/\/medicinasinc.com\/de\/?post_type=product&#038;p=5521"},"modified":"2022-03-18T00:19:12","modified_gmt":"2022-03-18T00:19:12","slug":"kaufen-flubromazepam-4mg-pellets","status":"publish","type":"product","link":"https:\/\/medicinasinc.com\/de\/product\/kaufen-flubromazepam-4mg-pellets\/","title":{"rendered":"Kaufen Sie Flubromazepam 4 mg Pellets"},"content":{"rendered":"<p>ERSCHWINGLICHE FLUBROMAZEPAM 4MG PELLETS GELIEFERT IN DIE EU<\/p>\n<p>Flubromazepam 4mg Pellets sind in Europa an diesem Standort erh\u00e4ltlich.<\/p>\n<p>Sie k\u00f6nnen Bitcoin verwenden, um Flubromazepam Pellets 4 mg zu bezahlen. <\/p>\n<p>Benzodiazepin-Derivat Flubromazepam ist das erste seiner Art. 7-Brom-5-(2-fluorphenyl)-1,3-dihydro-1,4-benzodiazepin-2-on ist die vollst\u00e4ndige chemische Bezeichnung. Dieses Medikament ist strukturell \u00e4hnlich wie Bromazepam, ein Beruhigungsmittel, Anti-Angst- und Schlafmittel, das auch als Benzodiazepin bekannt ist.<\/p>\n<p>Ein orangefarbenes Pellet-\u00e4hnliches Aussehen zeigt das Vorhandensein von 7-Brom-5-(2 -Fluorphenyl)-1,3-dihydro-1,4-Benzodiazepin-2-on.<\/p>\n<p>Flubromazepam 4 mg Pellets k\u00f6nnen online mit einer Bitcoin-Adresse gekauft werden.<\/p>\n<p>4 mg Pellets von Flubromazepam f\u00fcr Verkauf<\/p>\n<p>&nbsp;<\/p>\n<p>Flubromazepam 4 mg Pellets k\u00f6nnen \u00fcber das Internet erworben werden.<br \/> Wof\u00fcr wird Flubromazepam verwendet?<\/p>\n<p>Flubromazepam ist ein Benzodiazepin-Derivat gibt es seit 1960, als es zum ersten Mal hergestellt wurde. Bis 2012, als es als Untersuchungsmaterial beworben wurde, war es nie als Medikament beworben worden, und viele hatten es bis 2012 vergessen. Die Formel von Flubromazepam ist praktisch identisch mit der von Phenazepam, einem anderen Benzodiazepin, das von Pharmaunternehmen popul\u00e4r gemacht wurde in mehreren L\u00e4ndern.<\/p>\n","protected":false},"excerpt":{"rendered":"<div class=\"woocommerce-product-details__short-description\">\n<p>Kaufen Sie Flubromazepam 4 mg Pellets zum Verkauf EU, UK, Europa Versand, Bitcoin-Zahlung. G\u00fcnstiger Lieferant von Flubromazepam 4mg Pellets &#8211; kaufen Sie Forschungschemikalien in Europa.<\/p>\n<p><em>Kaufen Sie Flubromazepam<\/em>\u00a0(<em>4\u00a0mg<\/em>)\u00a0<em>Pellets<\/em>\u00a0zum besten Preis. Wir garantieren sicheren weltweiten Versand.<\/p>\n<p>Kaufen Sie Flubromazepam 4mg Pellets online. Flubromazepam ist in Form von 4-mg-Pellets erh\u00e4ltlich, die leuchtend gelb gef\u00e4rbt sind und einen etwas anderen Gelbton als die derzeit in den USA erh\u00e4ltliche Pyrazolam-Charge aufweisen.<\/p>\n<\/p><\/div>\n","protected":false},"featured_media":5531,"comment_status":"open","ping_status":"closed","template":"","meta":[],"product_brand":[],"product_cat":[2014],"product_tag":[3009,2998,3000,3001,3002,3003,3005,3006,3007,3008,3004,2999,3010,3011,3012],"class_list":{"0":"post-5521","1":"product","2":"type-product","3":"status-publish","4":"has-post-thumbnail","6":"product_cat-kaufen-forschungschemikalien","7":"product_tag-bestellung-flubromazepam","8":"product_tag-buy-flubromazepam","9":"product_tag-flubromazepam","10":"product_tag-flubromazepam-4-mg","11":"product_tag-flubromazepam-4mg","12":"product_tag-flubromazepam-4mg-zum-verkauf","13":"product_tag-flubromazepam-europa-kaufen","14":"product_tag-flubromazepam-google","15":"product_tag-flubromazepam-pellets","16":"product_tag-flubromazepam-reddit","17":"product_tag-flubromazepam-wirkung","18":"product_tag-kaufen-flubromazepam-pellets","19":"product_tag-qualitt-flubromazepam-4mg","20":"product_tag-versand-flubromazepam-4mg-palette","21":"product_tag-where-to-buy-buy-flubromazepam-pellets","23":"first","24":"instock","25":"shipping-taxable","26":"purchasable","27":"product-type-variable","28":"has-default-attributes"},"yoast_head":"<!-- This site is optimized with the Yoast SEO plugin v27.3 - https:\/\/yoast.com\/product\/yoast-seo-wordpress\/ -->\n<title>Kaufen Sie Flubromazepam 4mg Pellets - Best Best Global Meds<\/title>\n<meta name=\"description\" content=\"Kaufen Sie Flubromazepam 4mg Pellets zum Verkauf EU, UK, Europa Versand, Bitcoin-Zahlung. G\u00fcnstiger Lieferant von Flubromazepam 4mg Pellets - kaufen Sie Forschungschemikalien in Europa.\" \/>\n<meta name=\"robots\" content=\"index, follow, max-snippet:-1, max-image-preview:large, max-video-preview:-1\" \/>\n<link rel=\"canonical\" href=\"https:\/\/medicinasinc.com\/de\/product\/kaufen-flubromazepam-4mg-pellets\/\" \/>\n<meta property=\"og:locale\" content=\"de_DE\" \/>\n<meta property=\"og:type\" content=\"article\" \/>\n<meta property=\"og:title\" content=\"Kaufen Sie Flubromazepam 4mg Pellets - Best Best Global Meds\" \/>\n<meta property=\"og:description\" content=\"Kaufen Sie Flubromazepam 4mg Pellets zum Verkauf EU, UK, Europa Versand, Bitcoin-Zahlung. G\u00fcnstiger Lieferant von Flubromazepam 4mg Pellets - kaufen Sie Forschungschemikalien in Europa.\" \/>\n<meta property=\"og:url\" content=\"https:\/\/medicinasinc.com\/de\/product\/kaufen-flubromazepam-4mg-pellets\/\" \/>\n<meta property=\"og:site_name\" content=\"Medicinas Inc\" \/>\n<meta property=\"article:modified_time\" content=\"2022-03-18T00:19:12+00:00\" \/>\n<meta property=\"og:image\" content=\"https:\/\/medicinasinc.com\/de\/wp-content\/uploads\/sites\/6\/2022\/02\/Buy-Flubromazepam-4mg-Pellets-1.jpg\" \/>\n\t<meta property=\"og:image:width\" content=\"350\" \/>\n\t<meta property=\"og:image:height\" content=\"350\" \/>\n\t<meta property=\"og:image:type\" content=\"image\/jpeg\" \/>\n<meta name=\"twitter:card\" content=\"summary_large_image\" \/>\n<meta name=\"twitter:label1\" content=\"Gesch\u00e4tzte Lesezeit\" \/>\n\t<meta name=\"twitter:data1\" content=\"1\u00a0Minute\" \/>\n<script type=\"application\/ld+json\" class=\"yoast-schema-graph\">{\"@context\":\"https:\\\/\\\/schema.org\",\"@graph\":[{\"@type\":\"WebPage\",\"@id\":\"https:\\\/\\\/medicinasinc.com\\\/de\\\/product\\\/kaufen-flubromazepam-4mg-pellets\\\/\",\"url\":\"https:\\\/\\\/medicinasinc.com\\\/de\\\/product\\\/kaufen-flubromazepam-4mg-pellets\\\/\",\"name\":\"Kaufen Sie Flubromazepam 4mg Pellets - Best Best Global Meds\",\"isPartOf\":{\"@id\":\"https:\\\/\\\/medicinasinc.com\\\/de\\\/#website\"},\"primaryImageOfPage\":{\"@id\":\"https:\\\/\\\/medicinasinc.com\\\/de\\\/product\\\/kaufen-flubromazepam-4mg-pellets\\\/#primaryimage\"},\"image\":{\"@id\":\"https:\\\/\\\/medicinasinc.com\\\/de\\\/product\\\/kaufen-flubromazepam-4mg-pellets\\\/#primaryimage\"},\"thumbnailUrl\":\"https:\\\/\\\/medicinasinc.com\\\/de\\\/wp-content\\\/uploads\\\/sites\\\/6\\\/2022\\\/02\\\/Buy-Flubromazepam-4mg-Pellets-1.jpg\",\"datePublished\":\"2022-02-22T01:04:16+00:00\",\"dateModified\":\"2022-03-18T00:19:12+00:00\",\"description\":\"Kaufen Sie Flubromazepam 4mg Pellets zum Verkauf EU, UK, Europa Versand, Bitcoin-Zahlung. G\u00fcnstiger Lieferant von Flubromazepam 4mg Pellets - kaufen Sie Forschungschemikalien in Europa.\",\"breadcrumb\":{\"@id\":\"https:\\\/\\\/medicinasinc.com\\\/de\\\/product\\\/kaufen-flubromazepam-4mg-pellets\\\/#breadcrumb\"},\"inLanguage\":\"de\",\"potentialAction\":[{\"@type\":\"ReadAction\",\"target\":[\"https:\\\/\\\/medicinasinc.com\\\/de\\\/product\\\/kaufen-flubromazepam-4mg-pellets\\\/\"]}]},{\"@type\":\"ImageObject\",\"inLanguage\":\"de\",\"@id\":\"https:\\\/\\\/medicinasinc.com\\\/de\\\/product\\\/kaufen-flubromazepam-4mg-pellets\\\/#primaryimage\",\"url\":\"https:\\\/\\\/medicinasinc.com\\\/de\\\/wp-content\\\/uploads\\\/sites\\\/6\\\/2022\\\/02\\\/Buy-Flubromazepam-4mg-Pellets-1.jpg\",\"contentUrl\":\"https:\\\/\\\/medicinasinc.com\\\/de\\\/wp-content\\\/uploads\\\/sites\\\/6\\\/2022\\\/02\\\/Buy-Flubromazepam-4mg-Pellets-1.jpg\",\"width\":350,\"height\":350},{\"@type\":\"BreadcrumbList\",\"@id\":\"https:\\\/\\\/medicinasinc.com\\\/de\\\/product\\\/kaufen-flubromazepam-4mg-pellets\\\/#breadcrumb\",\"itemListElement\":[{\"@type\":\"ListItem\",\"position\":1,\"name\":\"Einkaufen\",\"item\":\"https:\\\/\\\/medicinasinc.com\\\/de\\\/einkaufen\\\/\"},{\"@type\":\"ListItem\",\"position\":2,\"name\":\"Kaufen Sie Flubromazepam 4 mg Pellets\"}]},{\"@type\":\"WebSite\",\"@id\":\"https:\\\/\\\/medicinasinc.com\\\/de\\\/#website\",\"url\":\"https:\\\/\\\/medicinasinc.com\\\/de\\\/\",\"name\":\"Medicinas Inc\",\"description\":\"Health Medical Clinic\",\"potentialAction\":[{\"@type\":\"SearchAction\",\"target\":{\"@type\":\"EntryPoint\",\"urlTemplate\":\"https:\\\/\\\/medicinasinc.com\\\/de\\\/?s={search_term_string}\"},\"query-input\":{\"@type\":\"PropertyValueSpecification\",\"valueRequired\":true,\"valueName\":\"search_term_string\"}}],\"inLanguage\":\"de\"}]}<\/script>\n<!-- \/ Yoast SEO plugin. -->","yoast_head_json":{"title":"Kaufen Sie Flubromazepam 4mg Pellets - Best Best Global Meds","description":"Kaufen Sie Flubromazepam 4mg Pellets zum Verkauf EU, UK, Europa Versand, Bitcoin-Zahlung. G\u00fcnstiger Lieferant von Flubromazepam 4mg Pellets - kaufen Sie Forschungschemikalien in Europa.","robots":{"index":"index","follow":"follow","max-snippet":"max-snippet:-1","max-image-preview":"max-image-preview:large","max-video-preview":"max-video-preview:-1"},"canonical":"https:\/\/medicinasinc.com\/de\/product\/kaufen-flubromazepam-4mg-pellets\/","og_locale":"de_DE","og_type":"article","og_title":"Kaufen Sie Flubromazepam 4mg Pellets - Best Best Global Meds","og_description":"Kaufen Sie Flubromazepam 4mg Pellets zum Verkauf EU, UK, Europa Versand, Bitcoin-Zahlung. G\u00fcnstiger Lieferant von Flubromazepam 4mg Pellets - kaufen Sie Forschungschemikalien in Europa.","og_url":"https:\/\/medicinasinc.com\/de\/product\/kaufen-flubromazepam-4mg-pellets\/","og_site_name":"Medicinas Inc","article_modified_time":"2022-03-18T00:19:12+00:00","og_image":[{"width":350,"height":350,"url":"https:\/\/medicinasinc.com\/de\/wp-content\/uploads\/sites\/6\/2022\/02\/Buy-Flubromazepam-4mg-Pellets-1.jpg","type":"image\/jpeg"}],"twitter_card":"summary_large_image","twitter_misc":{"Gesch\u00e4tzte Lesezeit":"1\u00a0Minute"},"schema":{"@context":"https:\/\/schema.org","@graph":[{"@type":"WebPage","@id":"https:\/\/medicinasinc.com\/de\/product\/kaufen-flubromazepam-4mg-pellets\/","url":"https:\/\/medicinasinc.com\/de\/product\/kaufen-flubromazepam-4mg-pellets\/","name":"Kaufen Sie Flubromazepam 4mg Pellets - Best Best Global Meds","isPartOf":{"@id":"https:\/\/medicinasinc.com\/de\/#website"},"primaryImageOfPage":{"@id":"https:\/\/medicinasinc.com\/de\/product\/kaufen-flubromazepam-4mg-pellets\/#primaryimage"},"image":{"@id":"https:\/\/medicinasinc.com\/de\/product\/kaufen-flubromazepam-4mg-pellets\/#primaryimage"},"thumbnailUrl":"https:\/\/medicinasinc.com\/de\/wp-content\/uploads\/sites\/6\/2022\/02\/Buy-Flubromazepam-4mg-Pellets-1.jpg","datePublished":"2022-02-22T01:04:16+00:00","dateModified":"2022-03-18T00:19:12+00:00","description":"Kaufen Sie Flubromazepam 4mg Pellets zum Verkauf EU, UK, Europa Versand, Bitcoin-Zahlung. G\u00fcnstiger Lieferant von Flubromazepam 4mg Pellets - kaufen Sie Forschungschemikalien in Europa.","breadcrumb":{"@id":"https:\/\/medicinasinc.com\/de\/product\/kaufen-flubromazepam-4mg-pellets\/#breadcrumb"},"inLanguage":"de","potentialAction":[{"@type":"ReadAction","target":["https:\/\/medicinasinc.com\/de\/product\/kaufen-flubromazepam-4mg-pellets\/"]}]},{"@type":"ImageObject","inLanguage":"de","@id":"https:\/\/medicinasinc.com\/de\/product\/kaufen-flubromazepam-4mg-pellets\/#primaryimage","url":"https:\/\/medicinasinc.com\/de\/wp-content\/uploads\/sites\/6\/2022\/02\/Buy-Flubromazepam-4mg-Pellets-1.jpg","contentUrl":"https:\/\/medicinasinc.com\/de\/wp-content\/uploads\/sites\/6\/2022\/02\/Buy-Flubromazepam-4mg-Pellets-1.jpg","width":350,"height":350},{"@type":"BreadcrumbList","@id":"https:\/\/medicinasinc.com\/de\/product\/kaufen-flubromazepam-4mg-pellets\/#breadcrumb","itemListElement":[{"@type":"ListItem","position":1,"name":"Einkaufen","item":"https:\/\/medicinasinc.com\/de\/einkaufen\/"},{"@type":"ListItem","position":2,"name":"Kaufen Sie Flubromazepam 4 mg Pellets"}]},{"@type":"WebSite","@id":"https:\/\/medicinasinc.com\/de\/#website","url":"https:\/\/medicinasinc.com\/de\/","name":"Medicinas Inc","description":"Health Medical Clinic","potentialAction":[{"@type":"SearchAction","target":{"@type":"EntryPoint","urlTemplate":"https:\/\/medicinasinc.com\/de\/?s={search_term_string}"},"query-input":{"@type":"PropertyValueSpecification","valueRequired":true,"valueName":"search_term_string"}}],"inLanguage":"de"}]}},"_links":{"self":[{"href":"https:\/\/medicinasinc.com\/de\/wp-json\/wp\/v2\/product\/5521","targetHints":{"allow":["GET"]}}],"collection":[{"href":"https:\/\/medicinasinc.com\/de\/wp-json\/wp\/v2\/product"}],"about":[{"href":"https:\/\/medicinasinc.com\/de\/wp-json\/wp\/v2\/types\/product"}],"replies":[{"embeddable":true,"href":"https:\/\/medicinasinc.com\/de\/wp-json\/wp\/v2\/comments?post=5521"}],"wp:featuredmedia":[{"embeddable":true,"href":"https:\/\/medicinasinc.com\/de\/wp-json\/wp\/v2\/media\/5531"}],"wp:attachment":[{"href":"https:\/\/medicinasinc.com\/de\/wp-json\/wp\/v2\/media?parent=5521"}],"wp:term":[{"taxonomy":"product_brand","embeddable":true,"href":"https:\/\/medicinasinc.com\/de\/wp-json\/wp\/v2\/product_brand?post=5521"},{"taxonomy":"product_cat","embeddable":true,"href":"https:\/\/medicinasinc.com\/de\/wp-json\/wp\/v2\/product_cat?post=5521"},{"taxonomy":"product_tag","embeddable":true,"href":"https:\/\/medicinasinc.com\/de\/wp-json\/wp\/v2\/product_tag?post=5521"}],"curies":[{"name":"wp","href":"https:\/\/api.w.org\/{rel}","templated":true}]}}