{"id":5520,"date":"2022-02-22T01:02:44","date_gmt":"2022-02-22T01:02:44","guid":{"rendered":"https:\/\/medicinasinc.com\/de\/?post_type=product&#038;p=5520"},"modified":"2022-03-18T00:19:23","modified_gmt":"2022-03-18T00:19:23","slug":"fentanyl-tabletten-kaufen","status":"publish","type":"product","link":"https:\/\/medicinasinc.com\/de\/product\/fentanyl-tabletten-kaufen\/","title":{"rendered":"Kaufen Sie Fentanyl Tabletten"},"content":{"rendered":"<p>Fentanyl Pills, auch bekannt als Fentanil, ist ein hochstarkes synthetisches Opioid-Schmerzmittel mit kurzer Wirkungsdauer und schnellem Wirkungseintritt. Opioidrezeptoren werden durch dieses Medikament stark stimuliert. Die Potenz von Fentanyl soll 50- bis 100-mal h\u00f6her sein als die von Morphin.<\/p>\n<p>Die 1960 gegr\u00fcndeten Fentanyl-Pillen von Paul Janssen waren ein sofortiger Erfolg und traten in die Fu\u00dfstapfen von Demerols Pethidin. Fentanyl wurde durch Testen von Analoga des Opioid-Wirkstoffs Pethidin hergestellt, der strukturell mit Fentanyl verbunden ist.<\/p>\n<p>Fentonic Citrat (Fentanylcitrat, das ist das Salz, das durch Mischen von Fentanyl und Zitronens\u00e4ure mit einem 1:1 entsteht Ratio) kam in den fr\u00fchen 60er Jahren unter dem Handelsnamen Sublimaze auf den medizinischen Markt, da es ausgiebig verwendet wurde. Sufentanil, Alfentanil, Remifentanil und Lofentanil sind nur einige der vielen Fentanyl-Analoga, die seither hergestellt und in die klinische Anwendung gebracht wurden.<\/p>\n<p>Tabletten mit Fentanyl Der palliative Einsatz von Fentanyl begann Mitte der 1990er Jahre mit dem Entwicklung des Fentanyl-Pflasters, dem schnell Fentanyl-Lutschtabletten, aufl\u00f6sende Tabletten und Sublingualspray folgten, die alle \u00fcber die Mundoberfl\u00e4che aufgenommen werden. Fentanyl war 2012 das am h\u00e4ufigsten verschriebene synthetische Opioid in den Vereinigten Staaten. Weltweit wurden 2013 sch\u00e4tzungsweise 1700 kg Plastik konsumiert.<\/p>\n<p>Der Freizeitgebrauch von Fentanyl hat zu Tausenden von Todesf\u00e4llen durch \u00dcberdosierung gef\u00fchrt Jahr. Unangemessene medizinische Verwendung hat auch zu Todesf\u00e4llen gef\u00fchrt. Aufgrund seines hohen therapeutischen Index (270) ist Fentanyl ein sehr sicheres chirurgisches An\u00e4sthetikum, wenn es unter strenger \u00dcberwachung verabreicht wird; aber wegen seiner enormen St\u00e4rke sind genaue Messungen einer extrem verd\u00fcnnten L\u00f6sung erforderlich.<\/p>\n<p>Eine wirksame Dosis und eine t\u00f6dliche Dosis von pulverf\u00f6rmigem Fentanyl w\u00e4ren mit blo\u00dfem Auge schwer oder unm\u00f6glich zu unterscheiden, wenn sie nebeneinander platziert w\u00fcrden gegenseitig; Aus diesem Grund ist es unpraktisch, eine Dosis von reinem Fentanyl-Pulver ohne moderne wissenschaftliche Ger\u00e4te genau zu quantifizieren.<\/p>\n<p>Bestellen Sie Fentanyl-Pillen, -Pulver, -Pflaster und -Fl\u00fcssigkeit jetzt online!<\/p>\n<div class=\"product -n\u00e4chster-vorheriger\">\n<div class=\"product-prev\"><\/div><\/div>\n","protected":false},"excerpt":{"rendered":"<p>Unser Online-Gesch\u00e4ft verkauft Fentanyl-Tabletten zum Verkauf in Gro\u00dfbritannien, der EU und Europa mit schnellem weltweiten Versand! Hier finden Sie das beste Fentanyl zum Online-Kauf!<\/p>\n<p>Kaufen Sie noch heute Fentanyl-Pillen online in Gro\u00dfbritannien, Europa und dem Rest der Welt mit schneller internationaler Lieferung aus unserer Online-Apotheke! Hier finden Sie das beste Fentanyl zum Online-Kauf! Erkundigen Sie sich, wo Sie Fentanyl-Tabletten erwerben k\u00f6nnen.<\/p>\n<p>Pillen mit Fentanyl Das Fentanyl-Pflaster wurde erstmals Mitte der 1990er Jahre zur palliativen Anwendung angeboten, und der Fentanyl-Lutscher, die sich aufl\u00f6senden Pillen und das sublinguale Spray wurden alle im Folgenden auf den Markt gebracht Jahrzehnt durch Absorption durch die Haut im Mund.<\/p>\n","protected":false},"featured_media":5529,"comment_status":"open","ping_status":"closed","template":"","meta":[],"product_brand":[],"product_cat":[2014],"product_tag":[2974,2975,2841,2979,2996,2980,2983,2990,2991,2982,2978,2994,2976,2985,2850,2987,2981,2984,2986,2973,2992,2977,2843,2988,2993,2989,2995,2997],"class_list":{"0":"post-5520","1":"product","2":"type-product","3":"status-publish","4":"has-post-thumbnail","6":"product_cat-kaufen-forschungschemikalien","7":"product_tag-buy-fentanyl-liquid-online","8":"product_tag-buy-fentanyl-no-prescription","9":"product_tag-buy-fentanyl-online","10":"product_tag-carfentanil-zum-verkauf","11":"product_tag-der-beste-ort-um-fentanyl-liquid-online-zu-kaufen","12":"product_tag-fentanyl-buy-online","13":"product_tag-fentanyl-liquid-for-sale","14":"product_tag-fentanyl-liquid-online-bestellen","15":"product_tag-fentanyl-online-bestellen","16":"product_tag-fentanyl-online-verkaufen","17":"product_tag-fentanyl-online-kaufen","18":"product_tag-kaufen-fentanyl-online","19":"product_tag-kaufen-fentanyl-online-uk","20":"product_tag-fentanyl-patches-for-sale","21":"product_tag-fentanyl-powder-for-sale","22":"product_tag-fentanyl-pulver-preis","23":"product_tag-fentanyl-zu-verkaufen","24":"product_tag-fentanyl-pflaster-online-apotheke","25":"product_tag-fentanyl-pillen-zum-verkauf","26":"product_tag-fentanyl-citrat-online-kaufen","27":"product_tag-fentanyl-pflaster-online-bestellen","28":"product_tag-fentanyl-pulver-kaufen","29":"product_tag-fentanyl-pulver-online-kaufen","30":"product_tag-how-to-buy-fentanyl-liquid-online","31":"product_tag-kaufen-fentanyl-liquid-online","32":"product_tag-opiate-forschungschemikalien-zum-verkauf","33":"product_tag-reines-fentanyl","34":"product_tag-where-to-buy-fentanyl-liquid-online","36":"first","37":"instock","38":"shipping-taxable","39":"purchasable","40":"product-type-variable","41":"has-default-attributes"},"yoast_head":"<!-- This site is optimized with the Yoast SEO plugin v27.2 - https:\/\/yoast.com\/product\/yoast-seo-wordpress\/ -->\n<title>Kaufen Sie Fentanyl-Tabletten - Fentanyl-Pillen - Best Global Meds<\/title>\n<meta name=\"description\" content=\"Kaufen Sie Fentanyl-Tabletten zum Verkauf in Gro\u00dfbritannien, EU Europa in unserem Online-Shop mit schneller weltweiter Lieferung! Das beste Fentanyl zum Bestellen finden Sie hier!\" \/>\n<meta name=\"robots\" content=\"index, follow, max-snippet:-1, max-image-preview:large, max-video-preview:-1\" \/>\n<link rel=\"canonical\" href=\"https:\/\/medicinasinc.com\/de\/product\/fentanyl-tabletten-kaufen\/\" \/>\n<meta property=\"og:locale\" content=\"de_DE\" \/>\n<meta property=\"og:type\" content=\"article\" \/>\n<meta property=\"og:title\" content=\"Kaufen Sie Fentanyl-Tabletten - Fentanyl-Pillen - Best Global Meds\" \/>\n<meta property=\"og:description\" content=\"Kaufen Sie Fentanyl-Tabletten zum Verkauf in Gro\u00dfbritannien, EU Europa in unserem Online-Shop mit schneller weltweiter Lieferung! Das beste Fentanyl zum Bestellen finden Sie hier!\" \/>\n<meta property=\"og:url\" content=\"https:\/\/medicinasinc.com\/de\/product\/fentanyl-tabletten-kaufen\/\" \/>\n<meta property=\"og:site_name\" content=\"Medicinas Inc\" \/>\n<meta property=\"article:modified_time\" content=\"2022-03-18T00:19:23+00:00\" \/>\n<meta property=\"og:image\" content=\"https:\/\/medicinasinc.com\/de\/wp-content\/uploads\/sites\/6\/2022\/02\/Buy-Fentanyl-Tablets.jpg\" \/>\n\t<meta property=\"og:image:width\" content=\"600\" \/>\n\t<meta property=\"og:image:height\" content=\"600\" \/>\n\t<meta property=\"og:image:type\" content=\"image\/jpeg\" \/>\n<meta name=\"twitter:card\" content=\"summary_large_image\" \/>\n<meta name=\"twitter:label1\" content=\"Gesch\u00e4tzte Lesezeit\" \/>\n\t<meta name=\"twitter:data1\" content=\"2\u00a0Minuten\" \/>\n<script type=\"application\/ld+json\" class=\"yoast-schema-graph\">{\"@context\":\"https:\/\/schema.org\",\"@graph\":[{\"@type\":\"WebPage\",\"@id\":\"https:\/\/medicinasinc.com\/de\/product\/fentanyl-tabletten-kaufen\/\",\"url\":\"https:\/\/medicinasinc.com\/de\/product\/fentanyl-tabletten-kaufen\/\",\"name\":\"Kaufen Sie Fentanyl-Tabletten - Fentanyl-Pillen - Best Global Meds\",\"isPartOf\":{\"@id\":\"https:\/\/medicinasinc.com\/de\/#website\"},\"primaryImageOfPage\":{\"@id\":\"https:\/\/medicinasinc.com\/de\/product\/fentanyl-tabletten-kaufen\/#primaryimage\"},\"image\":{\"@id\":\"https:\/\/medicinasinc.com\/de\/product\/fentanyl-tabletten-kaufen\/#primaryimage\"},\"thumbnailUrl\":\"https:\/\/medicinasinc.com\/de\/wp-content\/uploads\/sites\/6\/2022\/02\/Buy-Fentanyl-Tablets.jpg\",\"datePublished\":\"2022-02-22T01:02:44+00:00\",\"dateModified\":\"2022-03-18T00:19:23+00:00\",\"description\":\"Kaufen Sie Fentanyl-Tabletten zum Verkauf in Gro\u00dfbritannien, EU Europa in unserem Online-Shop mit schneller weltweiter Lieferung! Das beste Fentanyl zum Bestellen finden Sie hier!\",\"breadcrumb\":{\"@id\":\"https:\/\/medicinasinc.com\/de\/product\/fentanyl-tabletten-kaufen\/#breadcrumb\"},\"inLanguage\":\"de\",\"potentialAction\":[{\"@type\":\"ReadAction\",\"target\":[\"https:\/\/medicinasinc.com\/de\/product\/fentanyl-tabletten-kaufen\/\"]}]},{\"@type\":\"ImageObject\",\"inLanguage\":\"de\",\"@id\":\"https:\/\/medicinasinc.com\/de\/product\/fentanyl-tabletten-kaufen\/#primaryimage\",\"url\":\"https:\/\/medicinasinc.com\/de\/wp-content\/uploads\/sites\/6\/2022\/02\/Buy-Fentanyl-Tablets.jpg\",\"contentUrl\":\"https:\/\/medicinasinc.com\/de\/wp-content\/uploads\/sites\/6\/2022\/02\/Buy-Fentanyl-Tablets.jpg\",\"width\":600,\"height\":600},{\"@type\":\"BreadcrumbList\",\"@id\":\"https:\/\/medicinasinc.com\/de\/product\/fentanyl-tabletten-kaufen\/#breadcrumb\",\"itemListElement\":[{\"@type\":\"ListItem\",\"position\":1,\"name\":\"Einkaufen\",\"item\":\"https:\/\/medicinasinc.com\/de\/einkaufen\/\"},{\"@type\":\"ListItem\",\"position\":2,\"name\":\"Kaufen Sie Fentanyl Tabletten\"}]},{\"@type\":\"WebSite\",\"@id\":\"https:\/\/medicinasinc.com\/de\/#website\",\"url\":\"https:\/\/medicinasinc.com\/de\/\",\"name\":\"Medicinas Inc\",\"description\":\"Health Medical Clinic\",\"potentialAction\":[{\"@type\":\"SearchAction\",\"target\":{\"@type\":\"EntryPoint\",\"urlTemplate\":\"https:\/\/medicinasinc.com\/de\/?s={search_term_string}\"},\"query-input\":{\"@type\":\"PropertyValueSpecification\",\"valueRequired\":true,\"valueName\":\"search_term_string\"}}],\"inLanguage\":\"de\"}]}<\/script>\n<!-- \/ Yoast SEO plugin. -->","yoast_head_json":{"title":"Kaufen Sie Fentanyl-Tabletten - Fentanyl-Pillen - Best Global Meds","description":"Kaufen Sie Fentanyl-Tabletten zum Verkauf in Gro\u00dfbritannien, EU Europa in unserem Online-Shop mit schneller weltweiter Lieferung! Das beste Fentanyl zum Bestellen finden Sie hier!","robots":{"index":"index","follow":"follow","max-snippet":"max-snippet:-1","max-image-preview":"max-image-preview:large","max-video-preview":"max-video-preview:-1"},"canonical":"https:\/\/medicinasinc.com\/de\/product\/fentanyl-tabletten-kaufen\/","og_locale":"de_DE","og_type":"article","og_title":"Kaufen Sie Fentanyl-Tabletten - Fentanyl-Pillen - Best Global Meds","og_description":"Kaufen Sie Fentanyl-Tabletten zum Verkauf in Gro\u00dfbritannien, EU Europa in unserem Online-Shop mit schneller weltweiter Lieferung! Das beste Fentanyl zum Bestellen finden Sie hier!","og_url":"https:\/\/medicinasinc.com\/de\/product\/fentanyl-tabletten-kaufen\/","og_site_name":"Medicinas Inc","article_modified_time":"2022-03-18T00:19:23+00:00","og_image":[{"width":600,"height":600,"url":"https:\/\/medicinasinc.com\/de\/wp-content\/uploads\/sites\/6\/2022\/02\/Buy-Fentanyl-Tablets.jpg","type":"image\/jpeg"}],"twitter_card":"summary_large_image","twitter_misc":{"Gesch\u00e4tzte Lesezeit":"2\u00a0Minuten"},"schema":{"@context":"https:\/\/schema.org","@graph":[{"@type":"WebPage","@id":"https:\/\/medicinasinc.com\/de\/product\/fentanyl-tabletten-kaufen\/","url":"https:\/\/medicinasinc.com\/de\/product\/fentanyl-tabletten-kaufen\/","name":"Kaufen Sie Fentanyl-Tabletten - Fentanyl-Pillen - Best Global Meds","isPartOf":{"@id":"https:\/\/medicinasinc.com\/de\/#website"},"primaryImageOfPage":{"@id":"https:\/\/medicinasinc.com\/de\/product\/fentanyl-tabletten-kaufen\/#primaryimage"},"image":{"@id":"https:\/\/medicinasinc.com\/de\/product\/fentanyl-tabletten-kaufen\/#primaryimage"},"thumbnailUrl":"https:\/\/medicinasinc.com\/de\/wp-content\/uploads\/sites\/6\/2022\/02\/Buy-Fentanyl-Tablets.jpg","datePublished":"2022-02-22T01:02:44+00:00","dateModified":"2022-03-18T00:19:23+00:00","description":"Kaufen Sie Fentanyl-Tabletten zum Verkauf in Gro\u00dfbritannien, EU Europa in unserem Online-Shop mit schneller weltweiter Lieferung! Das beste Fentanyl zum Bestellen finden Sie hier!","breadcrumb":{"@id":"https:\/\/medicinasinc.com\/de\/product\/fentanyl-tabletten-kaufen\/#breadcrumb"},"inLanguage":"de","potentialAction":[{"@type":"ReadAction","target":["https:\/\/medicinasinc.com\/de\/product\/fentanyl-tabletten-kaufen\/"]}]},{"@type":"ImageObject","inLanguage":"de","@id":"https:\/\/medicinasinc.com\/de\/product\/fentanyl-tabletten-kaufen\/#primaryimage","url":"https:\/\/medicinasinc.com\/de\/wp-content\/uploads\/sites\/6\/2022\/02\/Buy-Fentanyl-Tablets.jpg","contentUrl":"https:\/\/medicinasinc.com\/de\/wp-content\/uploads\/sites\/6\/2022\/02\/Buy-Fentanyl-Tablets.jpg","width":600,"height":600},{"@type":"BreadcrumbList","@id":"https:\/\/medicinasinc.com\/de\/product\/fentanyl-tabletten-kaufen\/#breadcrumb","itemListElement":[{"@type":"ListItem","position":1,"name":"Einkaufen","item":"https:\/\/medicinasinc.com\/de\/einkaufen\/"},{"@type":"ListItem","position":2,"name":"Kaufen Sie Fentanyl Tabletten"}]},{"@type":"WebSite","@id":"https:\/\/medicinasinc.com\/de\/#website","url":"https:\/\/medicinasinc.com\/de\/","name":"Medicinas Inc","description":"Health Medical Clinic","potentialAction":[{"@type":"SearchAction","target":{"@type":"EntryPoint","urlTemplate":"https:\/\/medicinasinc.com\/de\/?s={search_term_string}"},"query-input":{"@type":"PropertyValueSpecification","valueRequired":true,"valueName":"search_term_string"}}],"inLanguage":"de"}]}},"_links":{"self":[{"href":"https:\/\/medicinasinc.com\/de\/wp-json\/wp\/v2\/product\/5520","targetHints":{"allow":["GET"]}}],"collection":[{"href":"https:\/\/medicinasinc.com\/de\/wp-json\/wp\/v2\/product"}],"about":[{"href":"https:\/\/medicinasinc.com\/de\/wp-json\/wp\/v2\/types\/product"}],"replies":[{"embeddable":true,"href":"https:\/\/medicinasinc.com\/de\/wp-json\/wp\/v2\/comments?post=5520"}],"wp:featuredmedia":[{"embeddable":true,"href":"https:\/\/medicinasinc.com\/de\/wp-json\/wp\/v2\/media\/5529"}],"wp:attachment":[{"href":"https:\/\/medicinasinc.com\/de\/wp-json\/wp\/v2\/media?parent=5520"}],"wp:term":[{"taxonomy":"product_brand","embeddable":true,"href":"https:\/\/medicinasinc.com\/de\/wp-json\/wp\/v2\/product_brand?post=5520"},{"taxonomy":"product_cat","embeddable":true,"href":"https:\/\/medicinasinc.com\/de\/wp-json\/wp\/v2\/product_cat?post=5520"},{"taxonomy":"product_tag","embeddable":true,"href":"https:\/\/medicinasinc.com\/de\/wp-json\/wp\/v2\/product_tag?post=5520"}],"curies":[{"name":"wp","href":"https:\/\/api.w.org\/{rel}","templated":true}]}}