{"id":5497,"date":"2022-02-22T00:36:43","date_gmt":"2022-02-22T00:36:43","guid":{"rendered":"https:\/\/medicinasinc.com\/de\/?post_type=product&#038;p=5497"},"modified":"2022-03-18T00:19:33","modified_gmt":"2022-03-18T00:19:33","slug":"kaufen-etizolam-pulver","status":"publish","type":"product","link":"https:\/\/medicinasinc.com\/de\/product\/kaufen-etizolam-pulver\/","title":{"rendered":"Kaufen Sie Etizolam-Pulver"},"content":{"rendered":"<p>Die Chemie von Etizolam<\/p>\n<p>Der chemische Name von Etizolam ist &#8222;4-(2-Chlorophenyl)-2-ethyl-9-methyl-6H-thieno[3,2-f][1,2,4] Triazolo[4,3-a][1,4]diazepin.\u201c Das Molekulargewicht dieses Medikaments wurde auf 342,07 g\/mol bestimmt, und seine Reinheit wurde auf 99,5 Prozent oder h\u00f6her in seinen feinsten Formen gesch\u00e4tzt. Es hat sich gezeigt, dass das Molek\u00fcl dieses Medikaments bei Raumtemperatur oder zwischen 20 \u00b0C und 25 \u00b0C, der empfohlenen Lagertemperatur, mindestens zwei oder drei Jahre lang stabil ist. Trotz seines Status als Forschungschemikalie haben \u00c4rzte Etizolam verschrieben, um Angstpatienten zu behandeln.<\/p>\n<p>Urspr\u00fcnge und Entwicklung von Etizolam<\/p>\n<p>Etizolam, eine graue Forschungschemikalie, feierte 2011 sein Deb\u00fct als \u00dcber- das Gegenberuhigungsmittel. Aufgrund seiner g\u00fcnstigen Kosten, der gro\u00dfen Produktauswahl und der zahlreichen Anwendungen ist es in der Folge f\u00fcr viele Menschen zu einer beliebten Wahl geworden. Es ist nicht bekannt, woher die Formel stammt, sie wurde jedoch mit Forschungsergebnissen aus den 1990er Jahren in Verbindung gebracht.<\/p>\n<p>Um Ihre Beschwerden zu behandeln, kann Etizolam verschrieben werden.<\/p>\n<p>Antidepressivum Es ist bekannt, dass muskelentspannende und angstl\u00f6sende Wirkungen auftreten, wenn Etizolam verabreicht wird, und es wurde in solchen F\u00e4llen f\u00fcr die medizinische Verwendung verschrieben. Obwohl dieser Effekt nicht bei allen Anwendern auftritt, hat das Arzneimittel das Potenzial, den Hunger zu steigern. Stressabbau und Ged\u00e4chtnisreorganisation sind zwei weitere gut dokumentierte Anwendungen f\u00fcr dieses Medikament. Aus Erholungsgr\u00fcnden ist bekannt, dass die Droge unter anderem Effekte wie Ego-Aufbl\u00e4hung, emotionale Unterdr\u00fcckung und ein erh\u00f6htes Gef\u00fchl der N\u00fcchternheit verursacht. Menschen haben es auch zu Erholungszwecken verwendet.<\/p>\n<p>Was Etizolam mit Ihrem K\u00f6rper macht<\/p>\n<p>Eine Vielzahl von Menschen, von Wissenschaftlern bis hin zur breiten \u00d6ffentlichkeit, haben das Medikament verwendet. Bei der Anwendung hat das Medikament vielf\u00e4ltige Auswirkungen auf K\u00f6rper, Geist und Selbstwahrnehmung. Das Medikament f\u00fchrt dazu, dass Sie sich schwach und unf\u00e4hig f\u00fchlen, Ihren K\u00f6rper zu regulieren. Es gibt eine Zunahme der F\u00e4higkeit der Person, frei zu atmen, sowie k\u00f6rperliche Gl\u00fcckseligkeit. Als Nebenwirkung des Arzneimittels k\u00f6nnen auch Schl\u00e4frigkeit und Schlafentzug auftreten. Dar\u00fcber hinaus hat die Substanz kognitive Auswirkungen, da sie die F\u00e4higkeit des K\u00f6rpers beeintr\u00e4chtigt, normale Operationen durchzuf\u00fchren, indem sie die motorischen Nervenfunktionen st\u00f6rt. Die Hippocampus-Region des Gehirns kann betroffen sein, was zu einem Verlust des Kurzzeitged\u00e4chtnisses f\u00fchren kann.<\/p>\n<p>Das Medikament reduziert auch die Motivation und das Energieniveau und wirkt sich auch auf die F\u00e4higkeit des Gehirns aus, Gedanken zu verstehen .<\/p>\n<p>Toxizit\u00e4t kann auch durch das Vorhandensein von Verunreinigungen im Arzneimittel verursacht werden.<\/p>\n<p>Etizolam: Empfohlene Dosierung und Nebenwirkungen in der klinischen Praxis<\/p>\n<p>Von 0,2 mg bis 5mg sind die Dosierungsm\u00f6glichkeiten des Medikaments breit gef\u00e4chert. Leichte Dosen des Medikaments liegen zwischen 0,2 mg und 1 mg, w\u00e4hrend die am h\u00e4ufigsten verschriebene Menge zwischen 1-2 mg liegt. Eine hohe Dosis ist eine, die 5 Milligramm \u00fcbersteigt oder gleich ist.<\/p>\n<p>Infolgedessen nehmen viele Menschen am Ende eine h\u00f6here Dosis ein, um das gesamte Spektrum der g\u00fcnstigen Wirkungen zu erfahren, f\u00fcr die das Arzneimittel aufgef\u00fchrt ist . Eine h\u00f6here Dosis kann ein breiteres Wirkungsspektrum haben, hat aber auch gef\u00e4hrlichere Nebenwirkungen, wie z. B. gr\u00f6\u00dfere Sch\u00e4den oder den Tod unter extremsten Umst\u00e4nden.<\/p>\n<p>Etizolam darf legal eingenommen werden<\/p>\n<p>Trotz seiner Einstufung als kontrollierte und geplante Substanz sind die Herstellung, Lieferung und der Besitz des Medikaments in den meisten L\u00e4ndern nicht verboten.<\/p>\n<p>Wissen Sie, wo Sie Etizolam-Pulver erhalten?<\/p>\n<p>F\u00fcr Labore, Apotheken, Forschungseinrichtungen und Privatpersonen bietet unser Online-Medikamentenshop hochwertige FUB \u2013 AKB48 zu einem fairen Preis.<\/p>\n","protected":false},"excerpt":{"rendered":"<div class=\"woocommerce-product-details__short-description\">\n<p>Kaufen Sie Etizolam-Pulver zum Verkauf in Gro\u00dfbritannien, der EU und Europa zum niedrigsten Preis. Etizolam-Pulver wird als Medizin zur Behandlung von Angstzust\u00e4nden, Schlaflosigkeit und Panikattacken verwendet.<\/p>\n<p>Etizolam-Pulver kann online gekauft werden. Wo kann man Etizolam-Pulver online kaufen?<\/p>\n<p>Etizolam-Pulver von h\u00f6chster Qualit\u00e4t ist bei BestGlobalMeds.com erh\u00e4ltlich, der zuverl\u00e4ssigsten Internet-Apotheke.<\/p>\n<p>Neben Etizolam gibt es noch andere Markennamen daf\u00fcr geh\u00f6ren Etilaam und Etizest. Etizolam ist ein synthetisches Designer-Analogon von Thienodiazepin, das depressive Eigenschaften hat, die mit Benzodiazepinen vergleichbar sind, in Bezug auf die Verringerung von Angstzust\u00e4nden, Stress und die F\u00f6rderung der Muskelentspannung. Neben Tabletten, Pulver und L\u00f6sungen ist es eine beliebte Forschungschemikalie.<\/p>\n<\/p><\/div>\n","protected":false},"featured_media":5509,"comment_status":"open","ping_status":"closed","template":"","meta":[],"product_brand":[],"product_cat":[2014],"product_tag":[2898,2899,2902,2903,2904,2905,2910,2911,2912,2913,2914,2915,2916,2900,2919,2954,2920,2925,2926,2927,2928,2933,2934,2935,2936,2941,2942,2943,2944,2949,2950,2951,2952,2940,2930,2921,2937,2938,2906,2907,2931,2918,2917,2953,2923,2922,2939,2945,2946,2947,2948,2932,2955,2956,2929,2959,2901,2909,2908,2972,2958,2960,2962,2961,2924,2968,2963,2967,2966,2957,2965,2969,2970,2971,2964],"class_list":{"0":"post-5497","1":"product","2":"type-product","3":"status-publish","4":"has-post-thumbnail","6":"product_cat-kaufen-forschungschemikalien","7":"product_tag-etizolam-pulver-1g","8":"product_tag-buy-aniracetam-powder","9":"product_tag-buy-etizolam-online-usa","10":"product_tag-buy-etizolam-powder","11":"product_tag-buy-etizolam-powder-by-the-gram-usa","12":"product_tag-buy-etizolam-powder-online","13":"product_tag-buy-etizolam-power","14":"product_tag-buy-etizolam-usa-domestic","15":"product_tag-buy-etizolam-usa-overnight-delivery","16":"product_tag-buy-etizolam-with-paypal","17":"product_tag-buy-liquid-etizolam-usa","18":"product_tag-etizolam-1","19":"product_tag-etizolam-30ml","20":"product_tag-kaufen-etizolam-japan","21":"product_tag-etizolam-liquid","22":"product_tag-etizolam-lsung-kaufen","23":"product_tag-etizolam-powder-australia","24":"product_tag-etizolam-powder-credit-card","25":"product_tag-etizolam-powder-dosage","26":"product_tag-etizolam-powder-dose","27":"product_tag-etizolam-powder-dosing","28":"product_tag-etizolam-powder-for-sale-reviews","29":"product_tag-etizolam-powder-high","30":"product_tag-etizolam-powder-measurement","31":"product_tag-etizolam-powder-online","32":"product_tag-etizolam-powder-site","33":"product_tag-etizolam-powder-solubility","34":"product_tag-etizolam-powder-taste","35":"product_tag-etizolam-powder-to-solution","36":"product_tag-etizolam-powder-usa-vendor","37":"product_tag-etizolam-powder-uses","38":"product_tag-etizolam-powder-vendor","39":"product_tag-etizolam-powder-wholesale","40":"product_tag-etizolam-pulver-berprfung","41":"product_tag-etizolam-pulver-europa","42":"product_tag-etizolam-pulver-kaufen","43":"product_tag-etizolam-pulver-preis","44":"product_tag-etizolam-pulver-preise","45":"product_tag-kaufen-etizolam-pulver-uk","46":"product_tag-kaufen-etizolam-pulver-usa","47":"product_tag-etizolam-pulver-zu-verkaufen","48":"product_tag-etizolam-zum-verkauf-usa","49":"product_tag-etizolam-dosierung","50":"product_tag-etizolam-pulver","51":"product_tag-etizolam-pulver-porzellan","52":"product_tag-etizolam-pulver-kanada","53":"product_tag-etizolam-pulver-reddit","54":"product_tag-etizolam-pulver-uk","55":"product_tag-etizolam-pulver-uns","56":"product_tag-etizolam-pulver-usa","57":"product_tag-etizolam-pulver-usa-lieferant","58":"product_tag-etizolam-pulver-zum-verkauf-china","59":"product_tag-etizolam-tabletten","60":"product_tag-etizolam-xanax-pulver","61":"product_tag-etizolam-pulver-eu","62":"product_tag-ist-etizolam-sicher","63":"product_tag-kaufen-etizolam-online-vereinigte-staaten","64":"product_tag-kaufen-etizolam-pulver","65":"product_tag-kaufen-etizolam-pulver-usa-mit-kreditkarte","66":"product_tag-wird-etizolam-pulver-in-olivenl-auflsen","67":"product_tag-ist-etizolam-schtig-und-warum-wird-etizolam-missbraucht","68":"product_tag-pulver-in-einer-lsung","69":"product_tag-reddit-etizolam-anbieter","70":"product_tag-reines-etizolam-pulver","71":"product_tag-etizolam-pulver-stadt","72":"product_tag-was-ist-die-bedeutung-von-etizolam-liquid","73":"product_tag-what-are-the-solvents-used-to-convert-etizolam","74":"product_tag-was-ist-das-etizolam-high-like","75":"product_tag-was-ist-etizolam-hnlich","76":"product_tag-wie-man-etizolam-pulver-einnimmt","77":"product_tag-wie-schmeckt-etizolam-pulver","78":"product_tag-wo-zu-kaufen-etizolam","79":"product_tag-wo-zu-kaufen-etizolam-online","80":"product_tag-wo-zu-kaufen-etizolam-pulver","81":"product_tag-wofr-nutzen-menschen-etizolam-normalerweise","83":"first","84":"instock","85":"shipping-taxable","86":"purchasable","87":"product-type-variable","88":"has-default-attributes"},"yoast_head":"<!-- This site is optimized with the Yoast SEO plugin v27.3 - https:\/\/yoast.com\/product\/yoast-seo-wordpress\/ -->\n<title>Kaufen Sie Etizolam-Pulver - Etizolam-Pulver Europa - Best Global Meds<\/title>\n<meta name=\"description\" content=\"Kaufen Sie Etizolam-Pulver zum Verkauf in Gro\u00dfbritannien, der EU und Europa zum niedrigsten Preis. Etizolam-Pulver wird als Arzneimittel zur Behandlung von Angstzust\u00e4nden, Schlaflosigkeit und Panikattacken verwendet.\" \/>\n<meta name=\"robots\" content=\"index, follow, max-snippet:-1, max-image-preview:large, max-video-preview:-1\" \/>\n<link rel=\"canonical\" href=\"https:\/\/medicinasinc.com\/de\/product\/kaufen-etizolam-pulver\/\" \/>\n<meta property=\"og:locale\" content=\"de_DE\" \/>\n<meta property=\"og:type\" content=\"article\" \/>\n<meta property=\"og:title\" content=\"Kaufen Sie Etizolam-Pulver - Etizolam-Pulver Europa - Best Global Meds\" \/>\n<meta property=\"og:description\" content=\"Kaufen Sie Etizolam-Pulver zum Verkauf in Gro\u00dfbritannien, der EU und Europa zum niedrigsten Preis. Etizolam-Pulver wird als Arzneimittel zur Behandlung von Angstzust\u00e4nden, Schlaflosigkeit und Panikattacken verwendet.\" \/>\n<meta property=\"og:url\" content=\"https:\/\/medicinasinc.com\/de\/product\/kaufen-etizolam-pulver\/\" \/>\n<meta property=\"og:site_name\" content=\"Medicinas Inc\" \/>\n<meta property=\"article:modified_time\" content=\"2022-03-18T00:19:33+00:00\" \/>\n<meta property=\"og:image\" content=\"https:\/\/medicinasinc.com\/de\/wp-content\/uploads\/sites\/6\/2022\/02\/Buy_Etizolam_powder.jpg\" \/>\n\t<meta property=\"og:image:width\" content=\"500\" \/>\n\t<meta property=\"og:image:height\" content=\"500\" \/>\n\t<meta property=\"og:image:type\" content=\"image\/jpeg\" \/>\n<meta name=\"twitter:card\" content=\"summary_large_image\" \/>\n<meta name=\"twitter:label1\" content=\"Gesch\u00e4tzte Lesezeit\" \/>\n\t<meta name=\"twitter:data1\" content=\"3\u00a0Minuten\" \/>\n<script type=\"application\/ld+json\" class=\"yoast-schema-graph\">{\"@context\":\"https:\\\/\\\/schema.org\",\"@graph\":[{\"@type\":\"WebPage\",\"@id\":\"https:\\\/\\\/medicinasinc.com\\\/de\\\/product\\\/kaufen-etizolam-pulver\\\/\",\"url\":\"https:\\\/\\\/medicinasinc.com\\\/de\\\/product\\\/kaufen-etizolam-pulver\\\/\",\"name\":\"Kaufen Sie Etizolam-Pulver - Etizolam-Pulver Europa - Best Global Meds\",\"isPartOf\":{\"@id\":\"https:\\\/\\\/medicinasinc.com\\\/de\\\/#website\"},\"primaryImageOfPage\":{\"@id\":\"https:\\\/\\\/medicinasinc.com\\\/de\\\/product\\\/kaufen-etizolam-pulver\\\/#primaryimage\"},\"image\":{\"@id\":\"https:\\\/\\\/medicinasinc.com\\\/de\\\/product\\\/kaufen-etizolam-pulver\\\/#primaryimage\"},\"thumbnailUrl\":\"https:\\\/\\\/medicinasinc.com\\\/de\\\/wp-content\\\/uploads\\\/sites\\\/6\\\/2022\\\/02\\\/Buy_Etizolam_powder.jpg\",\"datePublished\":\"2022-02-22T00:36:43+00:00\",\"dateModified\":\"2022-03-18T00:19:33+00:00\",\"description\":\"Kaufen Sie Etizolam-Pulver zum Verkauf in Gro\u00dfbritannien, der EU und Europa zum niedrigsten Preis. Etizolam-Pulver wird als Arzneimittel zur Behandlung von Angstzust\u00e4nden, Schlaflosigkeit und Panikattacken verwendet.\",\"breadcrumb\":{\"@id\":\"https:\\\/\\\/medicinasinc.com\\\/de\\\/product\\\/kaufen-etizolam-pulver\\\/#breadcrumb\"},\"inLanguage\":\"de\",\"potentialAction\":[{\"@type\":\"ReadAction\",\"target\":[\"https:\\\/\\\/medicinasinc.com\\\/de\\\/product\\\/kaufen-etizolam-pulver\\\/\"]}]},{\"@type\":\"ImageObject\",\"inLanguage\":\"de\",\"@id\":\"https:\\\/\\\/medicinasinc.com\\\/de\\\/product\\\/kaufen-etizolam-pulver\\\/#primaryimage\",\"url\":\"https:\\\/\\\/medicinasinc.com\\\/de\\\/wp-content\\\/uploads\\\/sites\\\/6\\\/2022\\\/02\\\/Buy_Etizolam_powder.jpg\",\"contentUrl\":\"https:\\\/\\\/medicinasinc.com\\\/de\\\/wp-content\\\/uploads\\\/sites\\\/6\\\/2022\\\/02\\\/Buy_Etizolam_powder.jpg\",\"width\":500,\"height\":500},{\"@type\":\"BreadcrumbList\",\"@id\":\"https:\\\/\\\/medicinasinc.com\\\/de\\\/product\\\/kaufen-etizolam-pulver\\\/#breadcrumb\",\"itemListElement\":[{\"@type\":\"ListItem\",\"position\":1,\"name\":\"Einkaufen\",\"item\":\"https:\\\/\\\/medicinasinc.com\\\/de\\\/einkaufen\\\/\"},{\"@type\":\"ListItem\",\"position\":2,\"name\":\"Kaufen Sie Etizolam-Pulver\"}]},{\"@type\":\"WebSite\",\"@id\":\"https:\\\/\\\/medicinasinc.com\\\/de\\\/#website\",\"url\":\"https:\\\/\\\/medicinasinc.com\\\/de\\\/\",\"name\":\"Medicinas Inc\",\"description\":\"Health Medical Clinic\",\"potentialAction\":[{\"@type\":\"SearchAction\",\"target\":{\"@type\":\"EntryPoint\",\"urlTemplate\":\"https:\\\/\\\/medicinasinc.com\\\/de\\\/?s={search_term_string}\"},\"query-input\":{\"@type\":\"PropertyValueSpecification\",\"valueRequired\":true,\"valueName\":\"search_term_string\"}}],\"inLanguage\":\"de\"}]}<\/script>\n<!-- \/ Yoast SEO plugin. -->","yoast_head_json":{"title":"Kaufen Sie Etizolam-Pulver - Etizolam-Pulver Europa - Best Global Meds","description":"Kaufen Sie Etizolam-Pulver zum Verkauf in Gro\u00dfbritannien, der EU und Europa zum niedrigsten Preis. Etizolam-Pulver wird als Arzneimittel zur Behandlung von Angstzust\u00e4nden, Schlaflosigkeit und Panikattacken verwendet.","robots":{"index":"index","follow":"follow","max-snippet":"max-snippet:-1","max-image-preview":"max-image-preview:large","max-video-preview":"max-video-preview:-1"},"canonical":"https:\/\/medicinasinc.com\/de\/product\/kaufen-etizolam-pulver\/","og_locale":"de_DE","og_type":"article","og_title":"Kaufen Sie Etizolam-Pulver - Etizolam-Pulver Europa - Best Global Meds","og_description":"Kaufen Sie Etizolam-Pulver zum Verkauf in Gro\u00dfbritannien, der EU und Europa zum niedrigsten Preis. Etizolam-Pulver wird als Arzneimittel zur Behandlung von Angstzust\u00e4nden, Schlaflosigkeit und Panikattacken verwendet.","og_url":"https:\/\/medicinasinc.com\/de\/product\/kaufen-etizolam-pulver\/","og_site_name":"Medicinas Inc","article_modified_time":"2022-03-18T00:19:33+00:00","og_image":[{"width":500,"height":500,"url":"https:\/\/medicinasinc.com\/de\/wp-content\/uploads\/sites\/6\/2022\/02\/Buy_Etizolam_powder.jpg","type":"image\/jpeg"}],"twitter_card":"summary_large_image","twitter_misc":{"Gesch\u00e4tzte Lesezeit":"3\u00a0Minuten"},"schema":{"@context":"https:\/\/schema.org","@graph":[{"@type":"WebPage","@id":"https:\/\/medicinasinc.com\/de\/product\/kaufen-etizolam-pulver\/","url":"https:\/\/medicinasinc.com\/de\/product\/kaufen-etizolam-pulver\/","name":"Kaufen Sie Etizolam-Pulver - Etizolam-Pulver Europa - Best Global Meds","isPartOf":{"@id":"https:\/\/medicinasinc.com\/de\/#website"},"primaryImageOfPage":{"@id":"https:\/\/medicinasinc.com\/de\/product\/kaufen-etizolam-pulver\/#primaryimage"},"image":{"@id":"https:\/\/medicinasinc.com\/de\/product\/kaufen-etizolam-pulver\/#primaryimage"},"thumbnailUrl":"https:\/\/medicinasinc.com\/de\/wp-content\/uploads\/sites\/6\/2022\/02\/Buy_Etizolam_powder.jpg","datePublished":"2022-02-22T00:36:43+00:00","dateModified":"2022-03-18T00:19:33+00:00","description":"Kaufen Sie Etizolam-Pulver zum Verkauf in Gro\u00dfbritannien, der EU und Europa zum niedrigsten Preis. Etizolam-Pulver wird als Arzneimittel zur Behandlung von Angstzust\u00e4nden, Schlaflosigkeit und Panikattacken verwendet.","breadcrumb":{"@id":"https:\/\/medicinasinc.com\/de\/product\/kaufen-etizolam-pulver\/#breadcrumb"},"inLanguage":"de","potentialAction":[{"@type":"ReadAction","target":["https:\/\/medicinasinc.com\/de\/product\/kaufen-etizolam-pulver\/"]}]},{"@type":"ImageObject","inLanguage":"de","@id":"https:\/\/medicinasinc.com\/de\/product\/kaufen-etizolam-pulver\/#primaryimage","url":"https:\/\/medicinasinc.com\/de\/wp-content\/uploads\/sites\/6\/2022\/02\/Buy_Etizolam_powder.jpg","contentUrl":"https:\/\/medicinasinc.com\/de\/wp-content\/uploads\/sites\/6\/2022\/02\/Buy_Etizolam_powder.jpg","width":500,"height":500},{"@type":"BreadcrumbList","@id":"https:\/\/medicinasinc.com\/de\/product\/kaufen-etizolam-pulver\/#breadcrumb","itemListElement":[{"@type":"ListItem","position":1,"name":"Einkaufen","item":"https:\/\/medicinasinc.com\/de\/einkaufen\/"},{"@type":"ListItem","position":2,"name":"Kaufen Sie Etizolam-Pulver"}]},{"@type":"WebSite","@id":"https:\/\/medicinasinc.com\/de\/#website","url":"https:\/\/medicinasinc.com\/de\/","name":"Medicinas Inc","description":"Health Medical Clinic","potentialAction":[{"@type":"SearchAction","target":{"@type":"EntryPoint","urlTemplate":"https:\/\/medicinasinc.com\/de\/?s={search_term_string}"},"query-input":{"@type":"PropertyValueSpecification","valueRequired":true,"valueName":"search_term_string"}}],"inLanguage":"de"}]}},"_links":{"self":[{"href":"https:\/\/medicinasinc.com\/de\/wp-json\/wp\/v2\/product\/5497","targetHints":{"allow":["GET"]}}],"collection":[{"href":"https:\/\/medicinasinc.com\/de\/wp-json\/wp\/v2\/product"}],"about":[{"href":"https:\/\/medicinasinc.com\/de\/wp-json\/wp\/v2\/types\/product"}],"replies":[{"embeddable":true,"href":"https:\/\/medicinasinc.com\/de\/wp-json\/wp\/v2\/comments?post=5497"}],"wp:featuredmedia":[{"embeddable":true,"href":"https:\/\/medicinasinc.com\/de\/wp-json\/wp\/v2\/media\/5509"}],"wp:attachment":[{"href":"https:\/\/medicinasinc.com\/de\/wp-json\/wp\/v2\/media?parent=5497"}],"wp:term":[{"taxonomy":"product_brand","embeddable":true,"href":"https:\/\/medicinasinc.com\/de\/wp-json\/wp\/v2\/product_brand?post=5497"},{"taxonomy":"product_cat","embeddable":true,"href":"https:\/\/medicinasinc.com\/de\/wp-json\/wp\/v2\/product_cat?post=5497"},{"taxonomy":"product_tag","embeddable":true,"href":"https:\/\/medicinasinc.com\/de\/wp-json\/wp\/v2\/product_tag?post=5497"}],"curies":[{"name":"wp","href":"https:\/\/api.w.org\/{rel}","templated":true}]}}