{"id":5496,"date":"2022-02-22T00:34:51","date_gmt":"2022-02-22T00:34:51","guid":{"rendered":"https:\/\/medicinasinc.com\/de\/?post_type=product&#038;p=5496"},"modified":"2022-03-18T00:19:42","modified_gmt":"2022-03-18T00:19:42","slug":"kaufen-fentanyl-citrat-injektion","status":"publish","type":"product","link":"https:\/\/medicinasinc.com\/de\/product\/kaufen-fentanyl-citrat-injektion\/","title":{"rendered":"Kaufen Sie Fentanylcitrat-Injektion"},"content":{"rendered":"<p>Es enth\u00e4lt ein Fentanylcitrat, das einer Dosis von 50 Mikrogramm pro Milliliter entspricht.<\/p>\n<p>Fentanylcitrat, 100 Mikrogramm pro 2-ml-Ampulle, ist der Wirkstoff in jeder Ampulle.<\/p>\n<p> Etwa 500 Mikrogramm Fentanylcitrat sind in jeder 10-ml-Ampulle enthalten.<\/p>\n<p>Fentanylcitrat, 2500 Mikrogramm pro Durchstechflasche, ist in jeder Durchstechflasche enthalten.<\/p>\n<p>&nbsp;<\/p>\n<p> Folgendes ist in diesem Arzneimittel enthalten:<\/p>\n<p>\u2022 Jede 2-ml-Ampulle enth\u00e4lt 7,1 mg (oder 0,31 mmol) Natrium, wodurch es im Wesentlichen \u201enatriumfrei\u201c ist.<\/p>\n<p>Jede 10-ml-Ampulle enth\u00e4lt 35,4 mg (oder 1,54 mmol) Natrium, was ungef\u00e4hr 2 % der von der WHO empfohlenen maximalen t\u00e4glichen Natriumaufnahme f\u00fcr einen Erwachsenen von 2 g entspricht.<\/p>\n<p>9 % der von der Weltgesundheitsorganisation empfohlenen maximalen t\u00e4glichen Aufnahme 2 Gramm Natrium f\u00fcr einen Erwachsenen enth\u00e4lt ein 50-ml-Fl\u00e4schchen mit 177 mg Natrium.<\/p>\n<p>Opioid-Analgetikum Fentanyl wird verwendet:<\/p>\n<p>&#8211; in moderaten Dosen f\u00fcr kurze chirurgische Eingriffe Schmerzmittel<\/p>\n<p>w\u00e4hrend des Lebens bereitstellen -einsparende Behandlung f\u00fcr Patienten, die auf Beatmungsger\u00e4te angewiesen sind<\/p>\n<p>Einsatz von Neuroleptika im Rahmen der Neuroleptanalgesie<\/p>\n<p>Die schmerzhaften Symptome eines Myokardinfarkts k\u00f6nnen durch den Einsatz von Opioiden gelindert werden<\/p>\n<p>Besprechen Sie mit den Patienten die Notwendigkeit einer End-of-Treatment-Strategie mit Fentanyl vor Beginn der Opioidbehandlung, um das Risiko einer Sucht und eines Drogenentzugssyndroms zu minimieren (siehe Abschnitt 4.4).<\/p>\n<p>Intraven\u00f6ser Bolus oder Infusion Verabreichung.<\/p>\n<p>Subkutane Injektion.<\/p>\n<p>Solange die Atemwege des Patienten reguliert werden k\u00f6nnen, sollte Fentanyl nur in einer kontrollierten Umgebung verabreicht werden (siehe Abschnitt 4.4 Besondere Warnhinweise und Vorsichtsma\u00dfnahmen f\u00fcr die Anwendung). <\/p>\n<p>Es wird empfohlen, kurz vor der Narkoseeinleitung eine kurze intraven\u00f6se Dosis eines Anticholinergikums zu verabreichen, um Bradykardie zu vermeiden.<\/p>\n<p>Das Tragen von Handschuhen beim \u00d6ffnen der Ampulle wird empfohlen.<\/p>\n","protected":false},"excerpt":{"rendered":"<p>Kaufen Sie Fentanylcitrat-Injektion 50 Mikrogramm\/ml Injektion zum Verkauf von den besten Forschungslabors in Gro\u00dfbritannien, Europa, China und der EU. Diskreter Versand f\u00fcr alle Bestellungen %100-Garantie, Bestellen Sie Fentanyl 50 ml<\/p>\n<p>Kaufen Sie 50 Mikrogramm\/ml Fentanylcitrat-Injektion von den f\u00fchrenden Forschungslabors in Gro\u00dfbritannien, Europa, China und der EU. Bestellen Sie Fentanyl 50 mg mit dem vollen Vertrauen, dass Ihr Paket diskret ankommt.<\/p>\n<p>Injektion von Fentanyl 50 Mikrogramm\/ml.<br \/> Injektion von Fentanyl, 100 Mikrogramm in 2 Milliliter Fl\u00fcssigkeit<br \/> Injektion von Fentanyl 250 Mikrogramm\/ml.<br \/> Injektion von Fentanyl 500 Mikrogramm\/10 ml<br \/> Injektion von Fentanyl 1000 Mikrogramm\/20 ml<br \/> Injektion von Fentanyl 2500 Mikrogramm\/50 ml<\/p>\n<p>Es enth\u00e4lt a Fentanylcitrat entspricht einer Dosis von 50 Mikrogramm pro Milliliter.<\/p>\n<p>Fentanylcitrat, 100 Mikrogramm pro 2-ml-Ampulle, ist der Wirkstoff in jeder Ampulle.<\/p>\n<p>Etwa 500 Mikrogramm Fentanylcitrat sind in jeder 10-ml-Ampulle enthalten.<\/p>\n<p>Fentanylcitrat, 2500 Mikrogramm pro Durchstechflasche, ist in jeder Durchstechflasche enthalten.<\/p>\n","protected":false},"featured_media":5507,"comment_status":"open","ping_status":"closed","template":"","meta":[],"product_brand":[],"product_cat":[2014],"product_tag":[2867,2868,2869,2874,2875,2876,2877,2880,2881,2882,2871,2883,2885,2884,2886,2887,2888,2892,2893,2890,2870,2872,2873,2878,2879,2894,2889,2891,2896,2895,2897],"class_list":{"0":"post-5496","1":"product","2":"type-product","3":"status-publish","4":"has-post-thumbnail","6":"product_cat-kaufen-forschungschemikalien","7":"product_tag-buy-fentanyl-100-microgram-2ml-injection","8":"product_tag-buy-fentanyl-100-microgram-2ml-injection-online","9":"product_tag-buy-fentanyl-1000-microgram-20ml-injection","10":"product_tag-buy-fentanyl-2500-microgram-50ml-injection-online","11":"product_tag-buy-fentanyl-50-microgram-ml-injection-online","12":"product_tag-buy-fentanyl-500-microgram-10ml-injection","13":"product_tag-buy-fentanyl-500-microgram-10ml-injection-online","14":"product_tag-fentanyl-100-mikrogramm-2ml-injektion","15":"product_tag-fentanyl-1000-microgram-20ml-injection","16":"product_tag-fentanyl-250-mikrogramm-5ml-injektion","17":"product_tag-kaufen-fentanyl-250-mikrogramm-5ml-injektion","18":"product_tag-fentanyl-2500-mikrogramm-50ml-injektion","19":"product_tag-fentanyl-50-micrograms-ml-injection","20":"product_tag-fentanyl-50-mikrogramm-ml-injektion","21":"product_tag-fentanyl-50-mikrogramm-ml-injektionslsung","22":"product_tag-fentanyl-500-mikrogramm-10ml-injektion","23":"product_tag-injektion-von-fentanylcitrat","24":"product_tag-bestellen-fentanyl-citrat-injektion","25":"product_tag-fentanyl-citrat-injektion-online-bestellen","26":"product_tag-how-to-buy-fentanyl-citrate-injection-online","27":"product_tag-fentanyl-1000-mikrogramm-20ml-injektion-online-kaufen","28":"product_tag-fentanyl-250-mikrogramm-5ml-injektion-online-kaufen","29":"product_tag-kaufen-fentanyl-2500-mikrogramm-50ml-injektion","30":"product_tag-kaufen-fentanyl-citrat-injektion","31":"product_tag-kaufen-fentanyl-citrat-injektion-online","32":"product_tag-preise-von-fentanyl-citrat-injektion","33":"product_tag-fentanyl-citrat-injektionspreise","34":"product_tag-wie-bestelle-fentanyl-citrat-injektion-online","35":"product_tag-where-to-buy-fentanyl-citrate-injection-online","36":"product_tag-wo-zu-kaufen-fentanyl-citrat-injektion","37":"product_tag-wo-zu-bestellen-fentanyl-citrat-injektion-online","39":"first","40":"instock","41":"shipping-taxable","42":"purchasable","43":"product-type-variable"},"yoast_head":"<!-- This site is optimized with the Yoast SEO plugin v27.3 - https:\/\/yoast.com\/product\/yoast-seo-wordpress\/ -->\n<title>Kaufen Sie Fentanylcitrat-Injektion - Best Best Global Meds<\/title>\n<meta name=\"description\" content=\"Kaufen Sie Fentanylcitrat-Injektion 50 Mikrogramm \/ ml Injektion zum Verkauf von den besten Forschungslabors in Gro\u00dfbritannien, Europa, China und der EU. Diskreter Versand f\u00fcr alle Bestellungen 0 Garantie, Bestellen Sie Fentanyl 50ml\" \/>\n<meta name=\"robots\" content=\"index, follow, max-snippet:-1, max-image-preview:large, max-video-preview:-1\" \/>\n<link rel=\"canonical\" href=\"https:\/\/medicinasinc.com\/de\/product\/kaufen-fentanyl-citrat-injektion\/\" \/>\n<meta property=\"og:locale\" content=\"de_DE\" \/>\n<meta property=\"og:type\" content=\"article\" \/>\n<meta property=\"og:title\" content=\"Kaufen Sie Fentanylcitrat-Injektion - Best Best Global Meds\" \/>\n<meta property=\"og:description\" content=\"Kaufen Sie Fentanylcitrat-Injektion 50 Mikrogramm \/ ml Injektion zum Verkauf von den besten Forschungslabors in Gro\u00dfbritannien, Europa, China und der EU. Diskreter Versand f\u00fcr alle Bestellungen 0 Garantie, Bestellen Sie Fentanyl 50ml\" \/>\n<meta property=\"og:url\" content=\"https:\/\/medicinasinc.com\/de\/product\/kaufen-fentanyl-citrat-injektion\/\" \/>\n<meta property=\"og:site_name\" content=\"Medicinas Inc\" \/>\n<meta property=\"article:modified_time\" content=\"2022-03-18T00:19:42+00:00\" \/>\n<meta property=\"og:image\" content=\"https:\/\/medicinasinc.com\/de\/wp-content\/uploads\/sites\/6\/2022\/02\/Fentanyl-50-microgram.jpg\" \/>\n\t<meta property=\"og:image:width\" content=\"1996\" \/>\n\t<meta property=\"og:image:height\" content=\"1128\" \/>\n\t<meta property=\"og:image:type\" content=\"image\/jpeg\" \/>\n<meta name=\"twitter:card\" content=\"summary_large_image\" \/>\n<meta name=\"twitter:label1\" content=\"Gesch\u00e4tzte Lesezeit\" \/>\n\t<meta name=\"twitter:data1\" content=\"2\u00a0Minuten\" \/>\n<script type=\"application\/ld+json\" class=\"yoast-schema-graph\">{\"@context\":\"https:\\\/\\\/schema.org\",\"@graph\":[{\"@type\":\"WebPage\",\"@id\":\"https:\\\/\\\/medicinasinc.com\\\/de\\\/product\\\/kaufen-fentanyl-citrat-injektion\\\/\",\"url\":\"https:\\\/\\\/medicinasinc.com\\\/de\\\/product\\\/kaufen-fentanyl-citrat-injektion\\\/\",\"name\":\"Kaufen Sie Fentanylcitrat-Injektion - Best Best Global Meds\",\"isPartOf\":{\"@id\":\"https:\\\/\\\/medicinasinc.com\\\/de\\\/#website\"},\"primaryImageOfPage\":{\"@id\":\"https:\\\/\\\/medicinasinc.com\\\/de\\\/product\\\/kaufen-fentanyl-citrat-injektion\\\/#primaryimage\"},\"image\":{\"@id\":\"https:\\\/\\\/medicinasinc.com\\\/de\\\/product\\\/kaufen-fentanyl-citrat-injektion\\\/#primaryimage\"},\"thumbnailUrl\":\"https:\\\/\\\/medicinasinc.com\\\/de\\\/wp-content\\\/uploads\\\/sites\\\/6\\\/2022\\\/02\\\/Fentanyl-50-microgram.jpg\",\"datePublished\":\"2022-02-22T00:34:51+00:00\",\"dateModified\":\"2022-03-18T00:19:42+00:00\",\"description\":\"Kaufen Sie Fentanylcitrat-Injektion 50 Mikrogramm \\\/ ml Injektion zum Verkauf von den besten Forschungslabors in Gro\u00dfbritannien, Europa, China und der EU. Diskreter Versand f\u00fcr alle Bestellungen 0 Garantie, Bestellen Sie Fentanyl 50ml\",\"breadcrumb\":{\"@id\":\"https:\\\/\\\/medicinasinc.com\\\/de\\\/product\\\/kaufen-fentanyl-citrat-injektion\\\/#breadcrumb\"},\"inLanguage\":\"de\",\"potentialAction\":[{\"@type\":\"ReadAction\",\"target\":[\"https:\\\/\\\/medicinasinc.com\\\/de\\\/product\\\/kaufen-fentanyl-citrat-injektion\\\/\"]}]},{\"@type\":\"ImageObject\",\"inLanguage\":\"de\",\"@id\":\"https:\\\/\\\/medicinasinc.com\\\/de\\\/product\\\/kaufen-fentanyl-citrat-injektion\\\/#primaryimage\",\"url\":\"https:\\\/\\\/medicinasinc.com\\\/de\\\/wp-content\\\/uploads\\\/sites\\\/6\\\/2022\\\/02\\\/Fentanyl-50-microgram.jpg\",\"contentUrl\":\"https:\\\/\\\/medicinasinc.com\\\/de\\\/wp-content\\\/uploads\\\/sites\\\/6\\\/2022\\\/02\\\/Fentanyl-50-microgram.jpg\",\"width\":1996,\"height\":1128},{\"@type\":\"BreadcrumbList\",\"@id\":\"https:\\\/\\\/medicinasinc.com\\\/de\\\/product\\\/kaufen-fentanyl-citrat-injektion\\\/#breadcrumb\",\"itemListElement\":[{\"@type\":\"ListItem\",\"position\":1,\"name\":\"Einkaufen\",\"item\":\"https:\\\/\\\/medicinasinc.com\\\/de\\\/einkaufen\\\/\"},{\"@type\":\"ListItem\",\"position\":2,\"name\":\"Kaufen Sie Fentanylcitrat-Injektion\"}]},{\"@type\":\"WebSite\",\"@id\":\"https:\\\/\\\/medicinasinc.com\\\/de\\\/#website\",\"url\":\"https:\\\/\\\/medicinasinc.com\\\/de\\\/\",\"name\":\"Medicinas Inc\",\"description\":\"Health Medical Clinic\",\"potentialAction\":[{\"@type\":\"SearchAction\",\"target\":{\"@type\":\"EntryPoint\",\"urlTemplate\":\"https:\\\/\\\/medicinasinc.com\\\/de\\\/?s={search_term_string}\"},\"query-input\":{\"@type\":\"PropertyValueSpecification\",\"valueRequired\":true,\"valueName\":\"search_term_string\"}}],\"inLanguage\":\"de\"}]}<\/script>\n<!-- \/ Yoast SEO plugin. -->","yoast_head_json":{"title":"Kaufen Sie Fentanylcitrat-Injektion - Best Best Global Meds","description":"Kaufen Sie Fentanylcitrat-Injektion 50 Mikrogramm \/ ml Injektion zum Verkauf von den besten Forschungslabors in Gro\u00dfbritannien, Europa, China und der EU. Diskreter Versand f\u00fcr alle Bestellungen 0 Garantie, Bestellen Sie Fentanyl 50ml","robots":{"index":"index","follow":"follow","max-snippet":"max-snippet:-1","max-image-preview":"max-image-preview:large","max-video-preview":"max-video-preview:-1"},"canonical":"https:\/\/medicinasinc.com\/de\/product\/kaufen-fentanyl-citrat-injektion\/","og_locale":"de_DE","og_type":"article","og_title":"Kaufen Sie Fentanylcitrat-Injektion - Best Best Global Meds","og_description":"Kaufen Sie Fentanylcitrat-Injektion 50 Mikrogramm \/ ml Injektion zum Verkauf von den besten Forschungslabors in Gro\u00dfbritannien, Europa, China und der EU. Diskreter Versand f\u00fcr alle Bestellungen 0 Garantie, Bestellen Sie Fentanyl 50ml","og_url":"https:\/\/medicinasinc.com\/de\/product\/kaufen-fentanyl-citrat-injektion\/","og_site_name":"Medicinas Inc","article_modified_time":"2022-03-18T00:19:42+00:00","og_image":[{"width":1996,"height":1128,"url":"https:\/\/medicinasinc.com\/de\/wp-content\/uploads\/sites\/6\/2022\/02\/Fentanyl-50-microgram.jpg","type":"image\/jpeg"}],"twitter_card":"summary_large_image","twitter_misc":{"Gesch\u00e4tzte Lesezeit":"2\u00a0Minuten"},"schema":{"@context":"https:\/\/schema.org","@graph":[{"@type":"WebPage","@id":"https:\/\/medicinasinc.com\/de\/product\/kaufen-fentanyl-citrat-injektion\/","url":"https:\/\/medicinasinc.com\/de\/product\/kaufen-fentanyl-citrat-injektion\/","name":"Kaufen Sie Fentanylcitrat-Injektion - Best Best Global Meds","isPartOf":{"@id":"https:\/\/medicinasinc.com\/de\/#website"},"primaryImageOfPage":{"@id":"https:\/\/medicinasinc.com\/de\/product\/kaufen-fentanyl-citrat-injektion\/#primaryimage"},"image":{"@id":"https:\/\/medicinasinc.com\/de\/product\/kaufen-fentanyl-citrat-injektion\/#primaryimage"},"thumbnailUrl":"https:\/\/medicinasinc.com\/de\/wp-content\/uploads\/sites\/6\/2022\/02\/Fentanyl-50-microgram.jpg","datePublished":"2022-02-22T00:34:51+00:00","dateModified":"2022-03-18T00:19:42+00:00","description":"Kaufen Sie Fentanylcitrat-Injektion 50 Mikrogramm \/ ml Injektion zum Verkauf von den besten Forschungslabors in Gro\u00dfbritannien, Europa, China und der EU. Diskreter Versand f\u00fcr alle Bestellungen 0 Garantie, Bestellen Sie Fentanyl 50ml","breadcrumb":{"@id":"https:\/\/medicinasinc.com\/de\/product\/kaufen-fentanyl-citrat-injektion\/#breadcrumb"},"inLanguage":"de","potentialAction":[{"@type":"ReadAction","target":["https:\/\/medicinasinc.com\/de\/product\/kaufen-fentanyl-citrat-injektion\/"]}]},{"@type":"ImageObject","inLanguage":"de","@id":"https:\/\/medicinasinc.com\/de\/product\/kaufen-fentanyl-citrat-injektion\/#primaryimage","url":"https:\/\/medicinasinc.com\/de\/wp-content\/uploads\/sites\/6\/2022\/02\/Fentanyl-50-microgram.jpg","contentUrl":"https:\/\/medicinasinc.com\/de\/wp-content\/uploads\/sites\/6\/2022\/02\/Fentanyl-50-microgram.jpg","width":1996,"height":1128},{"@type":"BreadcrumbList","@id":"https:\/\/medicinasinc.com\/de\/product\/kaufen-fentanyl-citrat-injektion\/#breadcrumb","itemListElement":[{"@type":"ListItem","position":1,"name":"Einkaufen","item":"https:\/\/medicinasinc.com\/de\/einkaufen\/"},{"@type":"ListItem","position":2,"name":"Kaufen Sie Fentanylcitrat-Injektion"}]},{"@type":"WebSite","@id":"https:\/\/medicinasinc.com\/de\/#website","url":"https:\/\/medicinasinc.com\/de\/","name":"Medicinas Inc","description":"Health Medical Clinic","potentialAction":[{"@type":"SearchAction","target":{"@type":"EntryPoint","urlTemplate":"https:\/\/medicinasinc.com\/de\/?s={search_term_string}"},"query-input":{"@type":"PropertyValueSpecification","valueRequired":true,"valueName":"search_term_string"}}],"inLanguage":"de"}]}},"_links":{"self":[{"href":"https:\/\/medicinasinc.com\/de\/wp-json\/wp\/v2\/product\/5496","targetHints":{"allow":["GET"]}}],"collection":[{"href":"https:\/\/medicinasinc.com\/de\/wp-json\/wp\/v2\/product"}],"about":[{"href":"https:\/\/medicinasinc.com\/de\/wp-json\/wp\/v2\/types\/product"}],"replies":[{"embeddable":true,"href":"https:\/\/medicinasinc.com\/de\/wp-json\/wp\/v2\/comments?post=5496"}],"wp:featuredmedia":[{"embeddable":true,"href":"https:\/\/medicinasinc.com\/de\/wp-json\/wp\/v2\/media\/5507"}],"wp:attachment":[{"href":"https:\/\/medicinasinc.com\/de\/wp-json\/wp\/v2\/media?parent=5496"}],"wp:term":[{"taxonomy":"product_brand","embeddable":true,"href":"https:\/\/medicinasinc.com\/de\/wp-json\/wp\/v2\/product_brand?post=5496"},{"taxonomy":"product_cat","embeddable":true,"href":"https:\/\/medicinasinc.com\/de\/wp-json\/wp\/v2\/product_cat?post=5496"},{"taxonomy":"product_tag","embeddable":true,"href":"https:\/\/medicinasinc.com\/de\/wp-json\/wp\/v2\/product_tag?post=5496"}],"curies":[{"name":"wp","href":"https:\/\/api.w.org\/{rel}","templated":true}]}}