{"id":5495,"date":"2022-02-22T00:33:03","date_gmt":"2022-02-22T00:33:03","guid":{"rendered":"https:\/\/medicinasinc.com\/de\/?post_type=product&#038;p=5495"},"modified":"2022-08-03T08:11:54","modified_gmt":"2022-08-03T08:11:54","slug":"fentanyl-pulver-kaufen","status":"publish","type":"product","link":"https:\/\/medicinasinc.com\/de\/product\/fentanyl-pulver-kaufen\/","title":{"rendered":"Kaufen Sie Fentanylpulver"},"content":{"rendered":"<p>Onlinekauf von Fentanylpulver<\/p>\n<p>Sie k\u00f6nnen Fentanylpulver bei uns zu einem guten Preis kaufen. Fentanyl-Pulver ist in hoher Reinheit erh\u00e4ltlich. Es ist ein fantastisches Angebot! Die wirksamsten Medikamente der Welt<\/p>\n<p>Was ist Fentanylpulver?<\/p>\n<p>Fentanyl, auch bekannt als Fentanil, ist ein Opioid, das als Schmerzmittel und in Kombination mit anderen Medikamenten zur An\u00e4sthesie verwendet wird . Meistens h\u00e4lt die Wirkung weniger als ein bis zwei Stunden an. Fentanyl ist in einer Vielzahl von Formen erh\u00e4ltlich, einschlie\u00dflich Injektionen, Hautpflaster und oraler Absorption. F\u0435nt\u00e1nyl ist gelegentlich auch als Pulver erh\u00e4ltlich. Labore verwenden \u00fcblicherweise das Pulver.<\/p>\n<p>&nbsp;<\/p>\n<p>Kaufen Sie Fentanyl-Pulver online bei Best Global Meds<\/p>\n<p>Sie fragen sich vielleicht an dieser Stelle, was ein Opioid ist. Opioide sind eine Klasse von Drogen. Opioide sind Substanzen, die mit Opioidrezeptoren interagieren, um opium\u00e4hnliche Wirkungen hervorzurufen. Vicodin, Oxycontin, Oxycodon und Percocet fallen alle in diese Kategorie. Fentanyl ist auch in Beruhigungsmitteln enthalten. Ein Beruhigungsmittel ist eine Art von Medikament oder Substanz, die verwendet wird, um das zentrale Nervensystem zu beruhigen. Man k\u00f6nnte sagen, dass Fentanyl verwendet wird, um das zentrale Nervensystem zu beruhigen. u-47700 Powder ist auch ein gutes Beruhigungsmittel. Der beste Ort, um Fentanyl zu bekommen, ist online.<\/p>\n<p>\u00dcbelkeit, Verstopfung, M\u00fcdigkeit und Verwirrtheit geh\u00f6ren zu den h\u00e4ufigsten Nebenwirkungen. Die Verringerung der Atemanstrengung (Atemdepression), das Serotonein-Syndrom und niedriger Blutdruck sind m\u00f6gliche Nebenwirkungen des Medikaments. Durch die Aktivierung der -Opioidrezeptoren wirkt Fentanyl teilweise. F\u00fcr eine bestimmte Menge ist es 75-mal st\u00e4rker als Morph. Einige Fentanyl-Analoga k\u00f6nnen 10.000-mal wirksamer sein als Morphin. Fentanyl-Pulver zum Verkauf<\/p>\n","protected":false},"excerpt":{"rendered":"<p>Mit Hilfe unserer Website Medicinasinc.com k\u00f6nnen Sie FENTANYL-PULVER zum Verkauf im Vereinigten K\u00f6nigreich und in der Europ\u00e4ischen Union kaufen. Hier entdecken Sie das g\u00fcnstigste FENTANYL!<\/p>\n<p>Fentanyl in Pulverform, L\u00f6schpapier und Massenproduktion in China sind einige der Verkaufsarten f\u00fcr nicht-pharmazeutisches Fentanyl.<\/p>\n<p>Fentanyl wird verwendet, um Schmerzen zu behandeln, die durch andere Medikamente nicht gelindert werden k\u00f6nnen, wie z. B. chronische oder unertr\u00e4gliche Schmerzen. Dieses Medikament ist ein narkotisches Schmerzmittel und wird verschrieben.<br \/>\nWir versenden diskret und geben eine Geld-zur\u00fcck-Garantie, wenn Sie Ihr Fentanyl bei uns bestellen.<\/p>\n","protected":false},"featured_media":5505,"comment_status":"open","ping_status":"closed","template":"","meta":[],"product_brand":[],"product_cat":[2014],"product_tag":[2858,2840,2841,2844,2845,2846,2847,4170,2839,2849,2850,2854,2856,2857,2851,2853,2852,2848,2843,2855,2842,2859,2860,4171,2863,2864,2865,2866,2862],"class_list":{"0":"post-5495","1":"product","2":"type-product","3":"status-publish","4":"has-post-thumbnail","6":"product_cat-kaufen-forschungschemikalien","7":"product_tag-reines-fentanyl-hcl-pulver-online-bestellen","8":"product_tag-buy-fentanyl-hcl-powder-online","9":"product_tag-buy-fentanyl-online","10":"product_tag-buy-fentanyl-powder-safe","11":"product_tag-buy-fentanyl-powder-usa","12":"product_tag-buy-fentanyl-powder-with-paypal","13":"product_tag-buy-pure-fentanyl-powder-online","14":"product_tag-der-beste-ort","15":"product_tag-kaufen-fentanyl-hcl-online","16":"product_tag-fentanyl-powder-europe","17":"product_tag-fentanyl-powder-for-sale","18":"product_tag-fentanyl-powder-shipping","19":"product_tag-fentanyl-pulver-in-meiner-nhe-bestellen","20":"product_tag-fentanyl-pulver-online-bestellen","21":"product_tag-fentanyl-pulver-zum-online-verkauf","22":"product_tag-fentanyl-pulver-reddit","23":"product_tag-fentanyl-pulver-c3-bcber-nacht","24":"product_tag-wirkung-von-fentanylpulver","25":"product_tag-fentanyl-pulver-online-kaufen","26":"product_tag-how-to-buy-fentanyl-powder-online","27":"product_tag-kaufen-fentanyl-pulver-im-dark-web","28":"product_tag-order-pure-fentanyl-powder-online","29":"product_tag-purchase-fentanyl-powder-online","30":"product_tag-um-fentanyl-pulver-online-zu-kaufen","31":"product_tag-where-to-buy-fentanyl-hcl-powder-online","32":"product_tag-where-to-buy-fentanyl-powder-online","33":"product_tag-where-to-buy-pure-fentanyl-hcl-powder-online","34":"product_tag-where-to-buy-pure-fentanyl-powder-online","35":"product_tag-wo-kann-ich-fentanyl-pulver-online-kaufen","37":"first","38":"instock","39":"shipping-taxable","40":"purchasable","41":"product-type-variable","42":"has-default-attributes"},"yoast_head":"<!-- This site is optimized with the Yoast SEO plugin v27.3 - https:\/\/yoast.com\/product\/yoast-seo-wordpress\/ -->\n<title>Kaufen Sie Fentanyl-Pulver online - Best Best Global Meds<\/title>\n<meta name=\"description\" content=\"Kaufen Sie FENTANYL-PULVER zum Verkauf in Gro\u00dfbritannien, EU, Europa in unserem Online-Shop Medicinasinc.com mit schneller weltweiter Lieferung! Das beste FENTANYL zum Bestellen findest du hier!\" \/>\n<meta name=\"robots\" content=\"index, follow, max-snippet:-1, max-image-preview:large, max-video-preview:-1\" \/>\n<link rel=\"canonical\" href=\"https:\/\/medicinasinc.com\/de\/product\/fentanyl-pulver-kaufen\/\" \/>\n<meta property=\"og:locale\" content=\"de_DE\" \/>\n<meta property=\"og:type\" content=\"article\" \/>\n<meta property=\"og:title\" content=\"Kaufen Sie Fentanyl-Pulver online - Best Best Global Meds\" \/>\n<meta property=\"og:description\" content=\"Kaufen Sie FENTANYL-PULVER zum Verkauf in Gro\u00dfbritannien, EU, Europa in unserem Online-Shop Medicinasinc.com mit schneller weltweiter Lieferung! Das beste FENTANYL zum Bestellen findest du hier!\" \/>\n<meta property=\"og:url\" content=\"https:\/\/medicinasinc.com\/de\/product\/fentanyl-pulver-kaufen\/\" \/>\n<meta property=\"og:site_name\" content=\"Medicinas Inc\" \/>\n<meta property=\"article:modified_time\" content=\"2022-08-03T08:11:54+00:00\" \/>\n<meta property=\"og:image\" content=\"https:\/\/medicinasinc.com\/de\/wp-content\/uploads\/sites\/6\/2022\/02\/Buy-Fentanyl-Powder-Online.jpg\" \/>\n\t<meta property=\"og:image:width\" content=\"768\" \/>\n\t<meta property=\"og:image:height\" content=\"768\" \/>\n\t<meta property=\"og:image:type\" content=\"image\/jpeg\" \/>\n<meta name=\"twitter:card\" content=\"summary_large_image\" \/>\n<meta name=\"twitter:label1\" content=\"Gesch\u00e4tzte Lesezeit\" \/>\n\t<meta name=\"twitter:data1\" content=\"2\u00a0Minuten\" \/>\n<script type=\"application\/ld+json\" class=\"yoast-schema-graph\">{\"@context\":\"https:\\\/\\\/schema.org\",\"@graph\":[{\"@type\":\"WebPage\",\"@id\":\"https:\\\/\\\/medicinasinc.com\\\/de\\\/product\\\/fentanyl-pulver-kaufen\\\/\",\"url\":\"https:\\\/\\\/medicinasinc.com\\\/de\\\/product\\\/fentanyl-pulver-kaufen\\\/\",\"name\":\"Kaufen Sie Fentanyl-Pulver online - Best Best Global Meds\",\"isPartOf\":{\"@id\":\"https:\\\/\\\/medicinasinc.com\\\/de\\\/#website\"},\"primaryImageOfPage\":{\"@id\":\"https:\\\/\\\/medicinasinc.com\\\/de\\\/product\\\/fentanyl-pulver-kaufen\\\/#primaryimage\"},\"image\":{\"@id\":\"https:\\\/\\\/medicinasinc.com\\\/de\\\/product\\\/fentanyl-pulver-kaufen\\\/#primaryimage\"},\"thumbnailUrl\":\"https:\\\/\\\/medicinasinc.com\\\/de\\\/wp-content\\\/uploads\\\/sites\\\/6\\\/2022\\\/02\\\/Buy-Fentanyl-Powder-Online.jpg\",\"datePublished\":\"2022-02-22T00:33:03+00:00\",\"dateModified\":\"2022-08-03T08:11:54+00:00\",\"description\":\"Kaufen Sie FENTANYL-PULVER zum Verkauf in Gro\u00dfbritannien, EU, Europa in unserem Online-Shop Medicinasinc.com mit schneller weltweiter Lieferung! Das beste FENTANYL zum Bestellen findest du hier!\",\"breadcrumb\":{\"@id\":\"https:\\\/\\\/medicinasinc.com\\\/de\\\/product\\\/fentanyl-pulver-kaufen\\\/#breadcrumb\"},\"inLanguage\":\"de\",\"potentialAction\":[{\"@type\":\"ReadAction\",\"target\":[\"https:\\\/\\\/medicinasinc.com\\\/de\\\/product\\\/fentanyl-pulver-kaufen\\\/\"]}]},{\"@type\":\"ImageObject\",\"inLanguage\":\"de\",\"@id\":\"https:\\\/\\\/medicinasinc.com\\\/de\\\/product\\\/fentanyl-pulver-kaufen\\\/#primaryimage\",\"url\":\"https:\\\/\\\/medicinasinc.com\\\/de\\\/wp-content\\\/uploads\\\/sites\\\/6\\\/2022\\\/02\\\/Buy-Fentanyl-Powder-Online.jpg\",\"contentUrl\":\"https:\\\/\\\/medicinasinc.com\\\/de\\\/wp-content\\\/uploads\\\/sites\\\/6\\\/2022\\\/02\\\/Buy-Fentanyl-Powder-Online.jpg\",\"width\":768,\"height\":768},{\"@type\":\"BreadcrumbList\",\"@id\":\"https:\\\/\\\/medicinasinc.com\\\/de\\\/product\\\/fentanyl-pulver-kaufen\\\/#breadcrumb\",\"itemListElement\":[{\"@type\":\"ListItem\",\"position\":1,\"name\":\"Einkaufen\",\"item\":\"https:\\\/\\\/medicinasinc.com\\\/de\\\/einkaufen\\\/\"},{\"@type\":\"ListItem\",\"position\":2,\"name\":\"Kaufen Sie Fentanylpulver\"}]},{\"@type\":\"WebSite\",\"@id\":\"https:\\\/\\\/medicinasinc.com\\\/de\\\/#website\",\"url\":\"https:\\\/\\\/medicinasinc.com\\\/de\\\/\",\"name\":\"Medicinas Inc\",\"description\":\"Health Medical Clinic\",\"potentialAction\":[{\"@type\":\"SearchAction\",\"target\":{\"@type\":\"EntryPoint\",\"urlTemplate\":\"https:\\\/\\\/medicinasinc.com\\\/de\\\/?s={search_term_string}\"},\"query-input\":{\"@type\":\"PropertyValueSpecification\",\"valueRequired\":true,\"valueName\":\"search_term_string\"}}],\"inLanguage\":\"de\"}]}<\/script>\n<!-- \/ Yoast SEO plugin. -->","yoast_head_json":{"title":"Kaufen Sie Fentanyl-Pulver online - Best Best Global Meds","description":"Kaufen Sie FENTANYL-PULVER zum Verkauf in Gro\u00dfbritannien, EU, Europa in unserem Online-Shop Medicinasinc.com mit schneller weltweiter Lieferung! Das beste FENTANYL zum Bestellen findest du hier!","robots":{"index":"index","follow":"follow","max-snippet":"max-snippet:-1","max-image-preview":"max-image-preview:large","max-video-preview":"max-video-preview:-1"},"canonical":"https:\/\/medicinasinc.com\/de\/product\/fentanyl-pulver-kaufen\/","og_locale":"de_DE","og_type":"article","og_title":"Kaufen Sie Fentanyl-Pulver online - Best Best Global Meds","og_description":"Kaufen Sie FENTANYL-PULVER zum Verkauf in Gro\u00dfbritannien, EU, Europa in unserem Online-Shop Medicinasinc.com mit schneller weltweiter Lieferung! Das beste FENTANYL zum Bestellen findest du hier!","og_url":"https:\/\/medicinasinc.com\/de\/product\/fentanyl-pulver-kaufen\/","og_site_name":"Medicinas Inc","article_modified_time":"2022-08-03T08:11:54+00:00","og_image":[{"width":768,"height":768,"url":"https:\/\/medicinasinc.com\/de\/wp-content\/uploads\/sites\/6\/2022\/02\/Buy-Fentanyl-Powder-Online.jpg","type":"image\/jpeg"}],"twitter_card":"summary_large_image","twitter_misc":{"Gesch\u00e4tzte Lesezeit":"2\u00a0Minuten"},"schema":{"@context":"https:\/\/schema.org","@graph":[{"@type":"WebPage","@id":"https:\/\/medicinasinc.com\/de\/product\/fentanyl-pulver-kaufen\/","url":"https:\/\/medicinasinc.com\/de\/product\/fentanyl-pulver-kaufen\/","name":"Kaufen Sie Fentanyl-Pulver online - Best Best Global Meds","isPartOf":{"@id":"https:\/\/medicinasinc.com\/de\/#website"},"primaryImageOfPage":{"@id":"https:\/\/medicinasinc.com\/de\/product\/fentanyl-pulver-kaufen\/#primaryimage"},"image":{"@id":"https:\/\/medicinasinc.com\/de\/product\/fentanyl-pulver-kaufen\/#primaryimage"},"thumbnailUrl":"https:\/\/medicinasinc.com\/de\/wp-content\/uploads\/sites\/6\/2022\/02\/Buy-Fentanyl-Powder-Online.jpg","datePublished":"2022-02-22T00:33:03+00:00","dateModified":"2022-08-03T08:11:54+00:00","description":"Kaufen Sie FENTANYL-PULVER zum Verkauf in Gro\u00dfbritannien, EU, Europa in unserem Online-Shop Medicinasinc.com mit schneller weltweiter Lieferung! Das beste FENTANYL zum Bestellen findest du hier!","breadcrumb":{"@id":"https:\/\/medicinasinc.com\/de\/product\/fentanyl-pulver-kaufen\/#breadcrumb"},"inLanguage":"de","potentialAction":[{"@type":"ReadAction","target":["https:\/\/medicinasinc.com\/de\/product\/fentanyl-pulver-kaufen\/"]}]},{"@type":"ImageObject","inLanguage":"de","@id":"https:\/\/medicinasinc.com\/de\/product\/fentanyl-pulver-kaufen\/#primaryimage","url":"https:\/\/medicinasinc.com\/de\/wp-content\/uploads\/sites\/6\/2022\/02\/Buy-Fentanyl-Powder-Online.jpg","contentUrl":"https:\/\/medicinasinc.com\/de\/wp-content\/uploads\/sites\/6\/2022\/02\/Buy-Fentanyl-Powder-Online.jpg","width":768,"height":768},{"@type":"BreadcrumbList","@id":"https:\/\/medicinasinc.com\/de\/product\/fentanyl-pulver-kaufen\/#breadcrumb","itemListElement":[{"@type":"ListItem","position":1,"name":"Einkaufen","item":"https:\/\/medicinasinc.com\/de\/einkaufen\/"},{"@type":"ListItem","position":2,"name":"Kaufen Sie Fentanylpulver"}]},{"@type":"WebSite","@id":"https:\/\/medicinasinc.com\/de\/#website","url":"https:\/\/medicinasinc.com\/de\/","name":"Medicinas Inc","description":"Health Medical Clinic","potentialAction":[{"@type":"SearchAction","target":{"@type":"EntryPoint","urlTemplate":"https:\/\/medicinasinc.com\/de\/?s={search_term_string}"},"query-input":{"@type":"PropertyValueSpecification","valueRequired":true,"valueName":"search_term_string"}}],"inLanguage":"de"}]}},"_links":{"self":[{"href":"https:\/\/medicinasinc.com\/de\/wp-json\/wp\/v2\/product\/5495","targetHints":{"allow":["GET"]}}],"collection":[{"href":"https:\/\/medicinasinc.com\/de\/wp-json\/wp\/v2\/product"}],"about":[{"href":"https:\/\/medicinasinc.com\/de\/wp-json\/wp\/v2\/types\/product"}],"replies":[{"embeddable":true,"href":"https:\/\/medicinasinc.com\/de\/wp-json\/wp\/v2\/comments?post=5495"}],"wp:featuredmedia":[{"embeddable":true,"href":"https:\/\/medicinasinc.com\/de\/wp-json\/wp\/v2\/media\/5505"}],"wp:attachment":[{"href":"https:\/\/medicinasinc.com\/de\/wp-json\/wp\/v2\/media?parent=5495"}],"wp:term":[{"taxonomy":"product_brand","embeddable":true,"href":"https:\/\/medicinasinc.com\/de\/wp-json\/wp\/v2\/product_brand?post=5495"},{"taxonomy":"product_cat","embeddable":true,"href":"https:\/\/medicinasinc.com\/de\/wp-json\/wp\/v2\/product_cat?post=5495"},{"taxonomy":"product_tag","embeddable":true,"href":"https:\/\/medicinasinc.com\/de\/wp-json\/wp\/v2\/product_tag?post=5495"}],"curies":[{"name":"wp","href":"https:\/\/api.w.org\/{rel}","templated":true}]}}