{"id":5494,"date":"2022-02-22T00:31:52","date_gmt":"2022-02-22T00:31:52","guid":{"rendered":"https:\/\/medicinasinc.com\/de\/?post_type=product&#038;p=5494"},"modified":"2022-03-18T00:20:04","modified_gmt":"2022-03-18T00:20:04","slug":"diclazepam-2-mg-pellets-kaufen","status":"publish","type":"product","link":"https:\/\/medicinasinc.com\/de\/product\/diclazepam-2-mg-pellets-kaufen\/","title":{"rendered":"Kaufen Sie Diclazepam 2 mg Pellets"},"content":{"rendered":"<p><strong>WO KANN ICH DICLAZEPAM 2MG PELLETS IN DER EU ERHALTEN?<\/strong><\/p>\n<p>2 mg Diclazepam In Europa finden Sie m\u00f6glicherweise eine Einrichtung, die Pellets lagert. Bitcoin kann verwendet werden, um 2 mg Diclazepam-Pellets online zu kaufen.<\/p>\n<p>Eines der neuesten Benzodiazepine, das f\u00fcr Studien zur Verf\u00fcgung gestellt wird, ist Diclazepam oder Chlordiazepam. Auch diese Substanz ist das 1-Methyl-Homologe von Diazepam und Declorazepam. Sein vollst\u00e4ndiger chemischer Name lautet 7-Chlor-5-(2-Chlorphenyl)-1-Methyl-1,3-Dihydro-2H-1,4-Benzodiazepin-2-On. Da dieses Molek\u00fcl so neuartig ist, gibt es zahlreiche Forschungsm\u00f6glichkeiten.<\/p>\n<p>Die IUPAC-Nomenklatur f\u00fcr diese Verbindung lautet wie folgt: 7,5-Chloro-5-(2-chlorophenyl)-1-methyl-1 ,3-Dihydro-2H-1,4-Benzodiazepin-2-on<br \/> CAS-Nummer: 2894-68-0 0<br \/> Synonyme: Das Benzodiazepin Chlordiazepoxid (2\u2032-Chlordiazepoxid)<br \/> Dies ist die chemische Formel f\u00fcr C16H12Cl2-N2O<br \/> 95,8 Prozent seiner urspr\u00fcnglichen Form.<br \/> Wei\u00dfe Pellets sind die h\u00e4ufigste Farbe.<\/p>\n<p>Diclazepam 2mg Pellets online mit Bitcoin zu kaufen ist einfach.<\/p>\n<p>Die Kosten von Diclazepam 2 mg Pellets<\/p>\n","protected":false},"excerpt":{"rendered":"<p>Kaufen Sie Diclazepam-Pellets, billiges Diclazepam-2-mg-Pellets zum Verkauf in Gro\u00dfbritannien, Europa, kaufen Sie Diclazepam in hoher Qualit\u00e4t in Gro\u00dfbritannien, Lieferung \u00fcber Nacht, Diclazepam-Preis.<\/p>\n<p>Kaufen Sie Diclazepam-2-mg-Pellets mit kostenlosem Versand in die Europ\u00e4ische Union. Europas gr\u00f6\u00dfter Einzelh\u00e4ndler f\u00fcr Diclazepam 2 mg Pellets. 2 mg Diclazepam-Pellets k\u00f6nnen online mit Bitcoin gekauft werden.<\/p>\n<p>Diclazepam wird normalerweise online von &#8216;Headshops&#8217; oder &quot;Forschungschemikalie&quot; Anbieter in Form von wei\u00dfen 1-mg-Pellets und seltener lila 2-mg-Pellets.<\/p>\n<p>Diclazepam 2 mg-Pellets online kaufen ist eine umgangssprachliche Bezeichnung f\u00fcr 7-Chlor-5-1-methyl-1 ,3-Dihydro-2H-1,4-Benzodiazepin-2-on.<\/p>\n<p>Online-Kauf von Diclazepam-Pellets 2mg. Diclazepam (auch bekannt als Chlordiazepam) ist ein synthetisches Benzodiazepin-Depressivum, das bei Einnahme vergleichbare Wirkungen wie Diazepam zeigt, einschlie\u00dflich Angstunterdr\u00fcckung, Enthemmung, Antikonvulsivum, Hypnotikum, Muskelentspannung und Amnesie. [2<\/p>\n","protected":false},"featured_media":5503,"comment_status":"open","ping_status":"closed","template":"","meta":[],"product_brand":[],"product_cat":[1117],"product_tag":[2836,2834,2835,2837,2838],"class_list":{"0":"post-5494","1":"product","2":"type-product","3":"status-publish","4":"has-post-thumbnail","6":"product_cat-kaufen-sie-schmerz-schlaf-und-sexpillen","7":"product_tag-bestellen-diclazepam-2-mg","8":"product_tag-buy-diclazepam-2-mg-pellets","9":"product_tag-diclazepam-2-mg","10":"product_tag-qualitt-diclazepam-2-mg","11":"product_tag-where-to-buy-diclazepam-2-mg-pellets","13":"first","14":"instock","15":"shipping-taxable","16":"purchasable","17":"product-type-variable","18":"has-default-attributes"},"yoast_head":"<!-- This site is optimized with the Yoast SEO plugin v27.3 - https:\/\/yoast.com\/product\/yoast-seo-wordpress\/ -->\n<title>Kaufen Sie Diclazepam 2 mg Pellets - Diclazepam zu verkaufen - Best Global Meds<\/title>\n<meta name=\"description\" content=\"Kaufen Sie Diclazepam Pellet, g\u00fcnstiges Diclazepam 2mg Pellet zum Verkauf UK, Europa, Kaufen Sie Diclazepam in hoher Qualit\u00e4t in UK Lieferung \u00fcber Nacht, Diclazepam Preis.\" \/>\n<meta name=\"robots\" content=\"index, follow, max-snippet:-1, max-image-preview:large, max-video-preview:-1\" \/>\n<link rel=\"canonical\" href=\"https:\/\/medicinasinc.com\/de\/product\/diclazepam-2-mg-pellets-kaufen\/\" \/>\n<meta property=\"og:locale\" content=\"de_DE\" \/>\n<meta property=\"og:type\" content=\"article\" \/>\n<meta property=\"og:title\" content=\"Kaufen Sie Diclazepam 2 mg Pellets - Diclazepam zu verkaufen - Best Global Meds\" \/>\n<meta property=\"og:description\" content=\"Kaufen Sie Diclazepam Pellet, g\u00fcnstiges Diclazepam 2mg Pellet zum Verkauf UK, Europa, Kaufen Sie Diclazepam in hoher Qualit\u00e4t in UK Lieferung \u00fcber Nacht, Diclazepam Preis.\" \/>\n<meta property=\"og:url\" content=\"https:\/\/medicinasinc.com\/de\/product\/diclazepam-2-mg-pellets-kaufen\/\" \/>\n<meta property=\"og:site_name\" content=\"Medicinas Inc\" \/>\n<meta property=\"article:modified_time\" content=\"2022-03-18T00:20:04+00:00\" \/>\n<meta property=\"og:image\" content=\"https:\/\/medicinasinc.com\/de\/wp-content\/uploads\/sites\/6\/2022\/02\/Buy-Diclazepam-Pellets-2mg.jpg\" \/>\n\t<meta property=\"og:image:width\" content=\"566\" \/>\n\t<meta property=\"og:image:height\" content=\"462\" \/>\n\t<meta property=\"og:image:type\" content=\"image\/jpeg\" \/>\n<meta name=\"twitter:card\" content=\"summary_large_image\" \/>\n<meta name=\"twitter:label1\" content=\"Gesch\u00e4tzte Lesezeit\" \/>\n\t<meta name=\"twitter:data1\" content=\"1\u00a0Minute\" \/>\n<script type=\"application\/ld+json\" class=\"yoast-schema-graph\">{\"@context\":\"https:\\\/\\\/schema.org\",\"@graph\":[{\"@type\":\"WebPage\",\"@id\":\"https:\\\/\\\/medicinasinc.com\\\/de\\\/product\\\/diclazepam-2-mg-pellets-kaufen\\\/\",\"url\":\"https:\\\/\\\/medicinasinc.com\\\/de\\\/product\\\/diclazepam-2-mg-pellets-kaufen\\\/\",\"name\":\"Kaufen Sie Diclazepam 2 mg Pellets - Diclazepam zu verkaufen - Best Global Meds\",\"isPartOf\":{\"@id\":\"https:\\\/\\\/medicinasinc.com\\\/de\\\/#website\"},\"primaryImageOfPage\":{\"@id\":\"https:\\\/\\\/medicinasinc.com\\\/de\\\/product\\\/diclazepam-2-mg-pellets-kaufen\\\/#primaryimage\"},\"image\":{\"@id\":\"https:\\\/\\\/medicinasinc.com\\\/de\\\/product\\\/diclazepam-2-mg-pellets-kaufen\\\/#primaryimage\"},\"thumbnailUrl\":\"https:\\\/\\\/medicinasinc.com\\\/de\\\/wp-content\\\/uploads\\\/sites\\\/6\\\/2022\\\/02\\\/Buy-Diclazepam-Pellets-2mg.jpg\",\"datePublished\":\"2022-02-22T00:31:52+00:00\",\"dateModified\":\"2022-03-18T00:20:04+00:00\",\"description\":\"Kaufen Sie Diclazepam Pellet, g\u00fcnstiges Diclazepam 2mg Pellet zum Verkauf UK, Europa, Kaufen Sie Diclazepam in hoher Qualit\u00e4t in UK Lieferung \u00fcber Nacht, Diclazepam Preis.\",\"breadcrumb\":{\"@id\":\"https:\\\/\\\/medicinasinc.com\\\/de\\\/product\\\/diclazepam-2-mg-pellets-kaufen\\\/#breadcrumb\"},\"inLanguage\":\"de\",\"potentialAction\":[{\"@type\":\"ReadAction\",\"target\":[\"https:\\\/\\\/medicinasinc.com\\\/de\\\/product\\\/diclazepam-2-mg-pellets-kaufen\\\/\"]}]},{\"@type\":\"ImageObject\",\"inLanguage\":\"de\",\"@id\":\"https:\\\/\\\/medicinasinc.com\\\/de\\\/product\\\/diclazepam-2-mg-pellets-kaufen\\\/#primaryimage\",\"url\":\"https:\\\/\\\/medicinasinc.com\\\/de\\\/wp-content\\\/uploads\\\/sites\\\/6\\\/2022\\\/02\\\/Buy-Diclazepam-Pellets-2mg.jpg\",\"contentUrl\":\"https:\\\/\\\/medicinasinc.com\\\/de\\\/wp-content\\\/uploads\\\/sites\\\/6\\\/2022\\\/02\\\/Buy-Diclazepam-Pellets-2mg.jpg\",\"width\":566,\"height\":462},{\"@type\":\"BreadcrumbList\",\"@id\":\"https:\\\/\\\/medicinasinc.com\\\/de\\\/product\\\/diclazepam-2-mg-pellets-kaufen\\\/#breadcrumb\",\"itemListElement\":[{\"@type\":\"ListItem\",\"position\":1,\"name\":\"Einkaufen\",\"item\":\"https:\\\/\\\/medicinasinc.com\\\/de\\\/einkaufen\\\/\"},{\"@type\":\"ListItem\",\"position\":2,\"name\":\"Kaufen Sie Diclazepam 2 mg Pellets\"}]},{\"@type\":\"WebSite\",\"@id\":\"https:\\\/\\\/medicinasinc.com\\\/de\\\/#website\",\"url\":\"https:\\\/\\\/medicinasinc.com\\\/de\\\/\",\"name\":\"Medicinas Inc\",\"description\":\"Health Medical Clinic\",\"potentialAction\":[{\"@type\":\"SearchAction\",\"target\":{\"@type\":\"EntryPoint\",\"urlTemplate\":\"https:\\\/\\\/medicinasinc.com\\\/de\\\/?s={search_term_string}\"},\"query-input\":{\"@type\":\"PropertyValueSpecification\",\"valueRequired\":true,\"valueName\":\"search_term_string\"}}],\"inLanguage\":\"de\"}]}<\/script>\n<!-- \/ Yoast SEO plugin. -->","yoast_head_json":{"title":"Kaufen Sie Diclazepam 2 mg Pellets - Diclazepam zu verkaufen - Best Global Meds","description":"Kaufen Sie Diclazepam Pellet, g\u00fcnstiges Diclazepam 2mg Pellet zum Verkauf UK, Europa, Kaufen Sie Diclazepam in hoher Qualit\u00e4t in UK Lieferung \u00fcber Nacht, Diclazepam Preis.","robots":{"index":"index","follow":"follow","max-snippet":"max-snippet:-1","max-image-preview":"max-image-preview:large","max-video-preview":"max-video-preview:-1"},"canonical":"https:\/\/medicinasinc.com\/de\/product\/diclazepam-2-mg-pellets-kaufen\/","og_locale":"de_DE","og_type":"article","og_title":"Kaufen Sie Diclazepam 2 mg Pellets - Diclazepam zu verkaufen - Best Global Meds","og_description":"Kaufen Sie Diclazepam Pellet, g\u00fcnstiges Diclazepam 2mg Pellet zum Verkauf UK, Europa, Kaufen Sie Diclazepam in hoher Qualit\u00e4t in UK Lieferung \u00fcber Nacht, Diclazepam Preis.","og_url":"https:\/\/medicinasinc.com\/de\/product\/diclazepam-2-mg-pellets-kaufen\/","og_site_name":"Medicinas Inc","article_modified_time":"2022-03-18T00:20:04+00:00","og_image":[{"width":566,"height":462,"url":"https:\/\/medicinasinc.com\/de\/wp-content\/uploads\/sites\/6\/2022\/02\/Buy-Diclazepam-Pellets-2mg.jpg","type":"image\/jpeg"}],"twitter_card":"summary_large_image","twitter_misc":{"Gesch\u00e4tzte Lesezeit":"1\u00a0Minute"},"schema":{"@context":"https:\/\/schema.org","@graph":[{"@type":"WebPage","@id":"https:\/\/medicinasinc.com\/de\/product\/diclazepam-2-mg-pellets-kaufen\/","url":"https:\/\/medicinasinc.com\/de\/product\/diclazepam-2-mg-pellets-kaufen\/","name":"Kaufen Sie Diclazepam 2 mg Pellets - Diclazepam zu verkaufen - Best Global Meds","isPartOf":{"@id":"https:\/\/medicinasinc.com\/de\/#website"},"primaryImageOfPage":{"@id":"https:\/\/medicinasinc.com\/de\/product\/diclazepam-2-mg-pellets-kaufen\/#primaryimage"},"image":{"@id":"https:\/\/medicinasinc.com\/de\/product\/diclazepam-2-mg-pellets-kaufen\/#primaryimage"},"thumbnailUrl":"https:\/\/medicinasinc.com\/de\/wp-content\/uploads\/sites\/6\/2022\/02\/Buy-Diclazepam-Pellets-2mg.jpg","datePublished":"2022-02-22T00:31:52+00:00","dateModified":"2022-03-18T00:20:04+00:00","description":"Kaufen Sie Diclazepam Pellet, g\u00fcnstiges Diclazepam 2mg Pellet zum Verkauf UK, Europa, Kaufen Sie Diclazepam in hoher Qualit\u00e4t in UK Lieferung \u00fcber Nacht, Diclazepam Preis.","breadcrumb":{"@id":"https:\/\/medicinasinc.com\/de\/product\/diclazepam-2-mg-pellets-kaufen\/#breadcrumb"},"inLanguage":"de","potentialAction":[{"@type":"ReadAction","target":["https:\/\/medicinasinc.com\/de\/product\/diclazepam-2-mg-pellets-kaufen\/"]}]},{"@type":"ImageObject","inLanguage":"de","@id":"https:\/\/medicinasinc.com\/de\/product\/diclazepam-2-mg-pellets-kaufen\/#primaryimage","url":"https:\/\/medicinasinc.com\/de\/wp-content\/uploads\/sites\/6\/2022\/02\/Buy-Diclazepam-Pellets-2mg.jpg","contentUrl":"https:\/\/medicinasinc.com\/de\/wp-content\/uploads\/sites\/6\/2022\/02\/Buy-Diclazepam-Pellets-2mg.jpg","width":566,"height":462},{"@type":"BreadcrumbList","@id":"https:\/\/medicinasinc.com\/de\/product\/diclazepam-2-mg-pellets-kaufen\/#breadcrumb","itemListElement":[{"@type":"ListItem","position":1,"name":"Einkaufen","item":"https:\/\/medicinasinc.com\/de\/einkaufen\/"},{"@type":"ListItem","position":2,"name":"Kaufen Sie Diclazepam 2 mg Pellets"}]},{"@type":"WebSite","@id":"https:\/\/medicinasinc.com\/de\/#website","url":"https:\/\/medicinasinc.com\/de\/","name":"Medicinas Inc","description":"Health Medical Clinic","potentialAction":[{"@type":"SearchAction","target":{"@type":"EntryPoint","urlTemplate":"https:\/\/medicinasinc.com\/de\/?s={search_term_string}"},"query-input":{"@type":"PropertyValueSpecification","valueRequired":true,"valueName":"search_term_string"}}],"inLanguage":"de"}]}},"_links":{"self":[{"href":"https:\/\/medicinasinc.com\/de\/wp-json\/wp\/v2\/product\/5494","targetHints":{"allow":["GET"]}}],"collection":[{"href":"https:\/\/medicinasinc.com\/de\/wp-json\/wp\/v2\/product"}],"about":[{"href":"https:\/\/medicinasinc.com\/de\/wp-json\/wp\/v2\/types\/product"}],"replies":[{"embeddable":true,"href":"https:\/\/medicinasinc.com\/de\/wp-json\/wp\/v2\/comments?post=5494"}],"wp:featuredmedia":[{"embeddable":true,"href":"https:\/\/medicinasinc.com\/de\/wp-json\/wp\/v2\/media\/5503"}],"wp:attachment":[{"href":"https:\/\/medicinasinc.com\/de\/wp-json\/wp\/v2\/media?parent=5494"}],"wp:term":[{"taxonomy":"product_brand","embeddable":true,"href":"https:\/\/medicinasinc.com\/de\/wp-json\/wp\/v2\/product_brand?post=5494"},{"taxonomy":"product_cat","embeddable":true,"href":"https:\/\/medicinasinc.com\/de\/wp-json\/wp\/v2\/product_cat?post=5494"},{"taxonomy":"product_tag","embeddable":true,"href":"https:\/\/medicinasinc.com\/de\/wp-json\/wp\/v2\/product_tag?post=5494"}],"curies":[{"name":"wp","href":"https:\/\/api.w.org\/{rel}","templated":true}]}}