{"id":5471,"date":"2022-02-22T00:08:30","date_gmt":"2022-02-22T00:08:30","guid":{"rendered":"https:\/\/medicinasinc.com\/de\/?post_type=product&#038;p=5471"},"modified":"2022-08-03T08:35:48","modified_gmt":"2022-08-03T08:35:48","slug":"kaufen-sie-crystal-meth-methamphetamin","status":"publish","type":"product","link":"https:\/\/medicinasinc.com\/de\/product\/kaufen-sie-crystal-meth-methamphetamin\/","title":{"rendered":"Kaufen Sie Crystal Meth (Methamphetamin)"},"content":{"rendered":"<p><strong>Wo kann man Crystal Meth kaufen \u2013 Methamphetamin<\/strong><\/p>\n<p>Kaufbereitschaft: Crystal Meth, oft als Edelstein-Meth bekannt, ist ein Stimulans f\u00fcr das zentrale Nervensystem (ZNS), das von Bedeutung ist \u00c4hnlichkeiten mit Amphetaminen, der weltweit zweitbeliebtesten Klasse illegaler Medikamente, hinter Maryjane.<br \/>\nWie Amphetamin f\u00f6rdert es erh\u00f6hte Aktivit\u00e4t, verringerten Appetit und ein allgemeines Wohlbefinden.<\/p>\n<p>Da sind einige anerkannte pharmazeutische Anwendungen f\u00fcr Crystal Meth \u2013 Methamphetamin, einschlie\u00dflich der Behandlung von Narkolepsie, mangelnder F\u00e4higkeit, sich regelm\u00e4\u00dfig zu konzentrieren, und f\u00fcr den vor\u00fcbergehenden Gebrauch, wie z. B. \u00dcbergewicht; dennoch sind diese medizinischen Anwendungen begrenzt.<\/p>\n<p>Crystal Meth kann wie Kokain geraucht werden. Chemical Inc. verkauft Crystal Meth \u2013 Methamphetamin.<\/p>\n<p>Welche Eigenschaften hat Crystal Meth \u2013 Methamphetamine?<\/p>\n<p>Methamphetamine werden zur Behandlung der folgenden Erkrankungen verwendet:<\/p>\n<p>ADHSNarcolepsy<\/p>\n<p>Medizinische Anwendungen sind begrenzt.<\/p>\n<p>Crystal Meth &#8211; Methamphetamin kann wie Kokain geraucht werden.<\/p>\n<figure class=\"wp-caption alignleft\"><img loading=\"lazy\" decoding=\"async\" class=\" n3VNCb alignleft\" src=\"https:\/\/www.detoxplusuk.com\/wp-content\/uploads\/sites\/6\/2019\/01\/Crystal-meth-e1546508093797.png\" alt=\"Crystal Meth - Methamphetamine | Chemical Inc\" width=\"600\" height=\"351\" data-iml=\"71374\" \/><figcaption class=\"wp-caption-text\">Crystal Meth mit Bitcoins kaufen<\/figcaption><\/figure>\n<h2><strong>Was sind die Eigenschaften von Methamphetaminen?<\/strong><\/h2>\n<p><span class=\"tagify__tag-text\">Crystal Meth \u2013 Methamphetamin<\/span>\u00a0sind f\u00fcr die Behandlung von:<\/p>\n<ul>\n<li>ADHS Narkolepsie<\/li>\n<li>Adipositas So verursacht es erweiterte Aktion, vermindertes Hungergef\u00fchl und allgemeines Wohlstandsgef\u00fchl. Wenn es im \u00dcberma\u00df verwendet wird, hat es zunehmend zerst\u00f6rerische Auswirkungen auf das fokale sensorische System.<\/li>\n<\/ul>\n<h2><\/h2>\n<h2><\/h2>\n<h2><strong>Was sind die Vorsichtsma\u00dfnahmen bei\u00a0<\/strong>Crystal Meth<strong>?<\/strong><\/h2>\n<ul>\n<li>Wenn Sie glauben, dass Sie schwanger geworden sind, w\u00e4hrend Sie das Medikament eingenommen haben, informieren Sie sofort Ihren Arzt, um eine Schwangerschaft aufrechtzuerhalten Strategischer Abstand von Schwierigkeiten.<\/li>\n<li>Wenn Sie unter Herzerkrankungen leiden,<\/li>\n<\/ul>\n<h2><strong>Was sind die Nebenwirkungen von\u00a0<\/strong>Crystal Meth<strong>? <\/strong><\/h2>\n<p>Unfreundliche Wirkungen von Methamphetaminen beinhalten:<\/p>\n<ul>\n<li>Ein Anstieg des Pulses<\/li>\n<li>Erh\u00f6hung der K\u00f6rpertemperatur<\/li>\n<li>Ein Anstieg in Rate der Entspannung<\/li>\n<li>Erweiterte Sch\u00fcler<\/li>\n<li>Zittern Verz\u00fcckungsgef\u00fchle<\/li>\n<li>Erh\u00f6hte Angst<\/li>\n<li>Reizbarkeit<\/li>\n<li>Paranoia<\/li>\n<li>Heftiges und fl\u00fcchtiges Verhalten<\/li>\n<li>Vor\u00fcbergehende Hyperaktivit\u00e4t Suchen Sie einen Spezialisten f\u00fcr eine therapeutische Betrachtung auf.<\/li>\n<\/ul>\n<h2><strong>Was ist passiert n wenn Sie\u00a0<\/strong>Crystal Meth<strong> vers\u00e4umen oder \u00fcberdosieren?<\/strong><\/h2>\n<p>Eine Portion Methamphetamine zu \u00fcberspringen ist alles andere als eine gro\u00dfe Tortur, aber Sie k\u00f6nnen sich die Zeit nehmen, an die Sie sich erinnern. sollten jedoch auf doppelte Messungen verzichten.<\/p>\n<p>&nbsp;<\/p>\n<p><span class=\"tagify__tag-text\">Methamphetamin<\/span>\u00a0wird vorgeschlagen, um es bei \u00dcberdosierung in der Mitte zu halten kann direkt zu echten Erkrankungen f\u00fchren, daher ist die Suche nach Krisenhilfe von erfahrenen Gesundheitsexperten die beste Wahl. <span class=\"tagify__tag-text\">Crystal Meth\u00a0\u2013 Methamphetamin online bestellen<\/span>\u00a0bei Chemical Inc.<\/p>\n<h2><strong>Wie lagere ich Methamphetamine?<\/strong><\/h2>\n<p>Bewahre Methamphetamine au\u00dferdem dort, wo es kein Licht und keine W\u00e4rme gibt, bei Raumtemperatur auf. Sp\u00fclen Sie dieses Arzneimittel ebenfalls nicht herunter. Ihre Kinder und Haustiere d\u00fcrfen dieses Medikament auf keinen Fall in Verbindung bringen.<\/p>\n<h2><strong>Wo kann man\u00a0<\/strong>Crystal Meth\u00a0<strong>online kaufen?<\/strong><\/h2>\n<p>Jedoch, Sie k\u00f6nnen Crystal Meth \u2013 Methamphetamin online im angesehensten Online-Shop \u2013 Chemical Inc. kaufen.<\/p>\n<p>Kaufen Sie Methamphetamine ohne Heilmittel, Methamphetamine k\u00f6nnen online gekauft werden, im besten Fall zu den Kosten.<br \/>\nKaufen Sie am besten Medikamente hier an dieser Stelle! <span class=\"tagify__tag-text\">Kaufen Sie Crystal Meth online<\/span><\/p>\n<h3><b>Meth-Konsumenten sollten nicht warten, bis sie sich behandeln lassen<\/b><\/h3>\n<p>W\u00e4hrend viele physisch Symptome k\u00f6nnen mit der richtigen Behandlung r\u00fcckg\u00e4ngig gemacht werden, die fortgeschrittenen Alterungseffekte und Karies sind schwer r\u00fcckg\u00e4ngig zu machen, und die Sch\u00e4den sind oft dauerhaft.<\/p>\n<p>Dar\u00fcber hinaus kann der Konsum von Methamphetamin Psychosen oder psychotisches Verhalten verursachen, bei dem die Benutzer den Kontakt verlieren mit der Realit\u00e4t und erleben starke Wahnvorstellungen, Paranoia, Halluzinationen und obsessives Verhalten, das sie daran hindert, den Schaden, den sie sich selbst zuf\u00fcgen, wirklich zu erkennen.<\/p>\n<p>Es ist zwingend erforderlich, dass der S\u00fcchtige sofort Hilfe sucht oder diese erleidet physische und psychische Auswirkungen und andere h\u00e4ufige Symptome wie zerst\u00f6rte Beziehungen, finanzielle Not und strafrechtliche Anklagen.<\/p>\n<p>Sucht betrifft fast jede Familie und verw\u00fcstet die k\u00f6rperliche und geistige Gesundheit, Beziehungen und pers\u00f6nlichen Finanzen. M\u00fctter, V\u00e4ter, Br\u00fcder, Schwestern, T\u00f6chter und S\u00f6hne.<\/p>\n<p>Niemand ist immun gegen die erschreckenden Langzeitfolgen des Missbrauchs harter Drogen.<br \/>\nWas folgt, ist eine ern\u00fcchternde Darstellung ECHTER Individuen.<\/p>\n<p>Wer der Versuchung des Drogenkonsums zum Opfer gefallen ist \u2013 in diesem Fall Methamphetamin \u2013 mit seinen verheerenden Wirkungen ist nur allzu offensichtlich.<br \/>\nWenn Sie oder ein Angeh\u00f6riger an einer Methamphetamin-Abh\u00e4ngigkeit leidet, bzw Wenn Sie mehr erfahren m\u00f6chten, besuchen Sie bitte die folgenden Websites, um Unterst\u00fctzung bei der Wiederherstellung zu erhalten.<\/p>\n","protected":false},"excerpt":{"rendered":"<div class=\"woocommerce-product-details__short-description\">\n<p>Kaufen Sie Crystal Meth zum Verkauf in Gro\u00dfbritannien, der EU, Europa, den USA und China, um Krebs mit Hilfe von medicinasinc.com zu behandeln. Der beste Ort, an dem Sie Methamphetamin g\u00fcnstig online kaufen k\u00f6nnen.<\/p>\n<p>Crystal Meth g\u00fcnstig online kaufen Ohne Rezept verkaufen wir Crystal Meth online und versenden weltweit innerhalb von 24\/48 Stunden. Jetzt bestellen.<\/p>\n<p>Der Begriff \u201cCrystal Meth\u201d bezieht sich auf Crystal Methamphetamin, ein starkes und stark s\u00fcchtig machendes Stimulans, das das zentrale Nervensystem beeinflusst.<\/p>\n<p>Sie k\u00f6nnen jetzt Crystal Meth online kaufen und am n\u00e4chsten Tag liefern lassen. Die aktuellste oder reinste Form von kristallinem Methamphetamin ist nahezu rein. Es ist geruchlos und ungiftig.<\/p>\n<p>Methamphetamne ist ein starkes Stimulans f\u00fcr das zentrale Nervensystem, das ich h\u00e4ufig als Erholungsdroge und h\u00e4ufig als Zweitlinienbehandlung nehme.<\/p>\n<\/div>\n","protected":false},"featured_media":5483,"comment_status":"open","ping_status":"closed","template":"","meta":[],"product_brand":[],"product_cat":[2014],"product_tag":[2829,2830,2801,2802,2803,2804,2805,2806,2808,2832,2811,2813,2812,3108,2833,2810,2807,2831,2815,2820,2816,2819,2818,2799,2800,2823,2814,2821,2822,2824,2825,2817,2826,2827,2828],"class_list":{"0":"post-5471","1":"product","2":"type-product","3":"status-publish","4":"has-post-thumbnail","6":"product_cat-kaufen-forschungschemikalien","7":"product_tag-rdr-kristall-mth-n-tr","8":"product_tag-rdr-rtl-mth-n-drknt","9":"product_tag-bu-rtl-meth-on-deepweb","10":"product_tag-chr-d1-96-d1-95t-d1-96n-d0-b0","11":"product_tag-chlk","12":"product_tag-cotton-candy","13":"product_tag-crank","14":"product_tag-kristall-mth-australien","15":"product_tag-kristall-mth-europa","16":"product_tag-rtl-mth-fr-l-online","17":"product_tag-kristall-mth-reddit","18":"product_tag-kristall-mth-uk","19":"product_tag-kristall-mth-versand","20":"product_tag-crystal-meth-zum-verkauf","21":"product_tag-rtl-mth-vndr-n-usa","22":"product_tag-crystal-mth-germany","23":"product_tag-kristall-mth-effekt","24":"product_tag-rtl-meth-h","25":"product_tag-dunk","26":"product_tag-eis","27":"product_tag-fr","28":"product_tag-gk","29":"product_tag-go-go-ju","30":"product_tag-buy-crystal-med-in-australiaale-in-der-nahe","31":"product_tag-bu-kristall-mth-nln","32":"product_tag-n-dz","33":"product_tag-ck","34":"product_tag-l-a-gl","35":"product_tag-meth","36":"product_tag-pk","37":"product_tag-raketentreibstoff","38":"product_tag-schnell-gehen","39":"product_tag-sb-snacks","40":"product_tag-zwei-wochen","41":"product_tag-in-d0-b0-d1-95h","43":"first","44":"instock","45":"shipping-taxable","46":"purchasable","47":"product-type-variable","48":"has-default-attributes"},"yoast_head":"<!-- This site is optimized with the Yoast SEO plugin v27.3 - https:\/\/yoast.com\/product\/yoast-seo-wordpress\/ -->\n<title>Kaufen Sie Crystal Meth (Methamphetamin) - Best Best Global Meds<\/title>\n<meta name=\"description\" content=\"Kaufen Sie Crystal Meth zum Verkauf in Gro\u00dfbritannien, der EU, Europa, den USA und China, um Krebs mit Hilfe von medicinasinc.com zu behandeln. Der beste Ort, an dem Sie Methamphetamin g\u00fcnstig online kaufen k\u00f6nnen.\" \/>\n<meta name=\"robots\" content=\"index, follow, max-snippet:-1, max-image-preview:large, max-video-preview:-1\" \/>\n<link rel=\"canonical\" href=\"https:\/\/medicinasinc.com\/de\/product\/kaufen-sie-crystal-meth-methamphetamin\/\" \/>\n<meta property=\"og:locale\" content=\"de_DE\" \/>\n<meta property=\"og:type\" content=\"article\" \/>\n<meta property=\"og:title\" content=\"Kaufen Sie Crystal Meth (Methamphetamin) - Best Best Global Meds\" \/>\n<meta property=\"og:description\" content=\"Kaufen Sie Crystal Meth zum Verkauf in Gro\u00dfbritannien, der EU, Europa, den USA und China, um Krebs mit Hilfe von medicinasinc.com zu behandeln. Der beste Ort, an dem Sie Methamphetamin g\u00fcnstig online kaufen k\u00f6nnen.\" \/>\n<meta property=\"og:url\" content=\"https:\/\/medicinasinc.com\/de\/product\/kaufen-sie-crystal-meth-methamphetamin\/\" \/>\n<meta property=\"og:site_name\" content=\"Medicinas Inc\" \/>\n<meta property=\"article:modified_time\" content=\"2022-08-03T08:35:48+00:00\" \/>\n<meta property=\"og:image\" content=\"https:\/\/medicinasinc.com\/de\/wp-content\/uploads\/sites\/6\/2022\/02\/Buy-Crystal-Meth.jpg\" \/>\n\t<meta property=\"og:image:width\" content=\"1024\" \/>\n\t<meta property=\"og:image:height\" content=\"768\" \/>\n\t<meta property=\"og:image:type\" content=\"image\/jpeg\" \/>\n<meta name=\"twitter:card\" content=\"summary_large_image\" \/>\n<meta name=\"twitter:label1\" content=\"Gesch\u00e4tzte Lesezeit\" \/>\n\t<meta name=\"twitter:data1\" content=\"3\u00a0Minuten\" \/>\n<script type=\"application\/ld+json\" class=\"yoast-schema-graph\">{\"@context\":\"https:\\\/\\\/schema.org\",\"@graph\":[{\"@type\":\"WebPage\",\"@id\":\"https:\\\/\\\/medicinasinc.com\\\/de\\\/product\\\/kaufen-sie-crystal-meth-methamphetamin\\\/\",\"url\":\"https:\\\/\\\/medicinasinc.com\\\/de\\\/product\\\/kaufen-sie-crystal-meth-methamphetamin\\\/\",\"name\":\"Kaufen Sie Crystal Meth (Methamphetamin) - Best Best Global Meds\",\"isPartOf\":{\"@id\":\"https:\\\/\\\/medicinasinc.com\\\/de\\\/#website\"},\"primaryImageOfPage\":{\"@id\":\"https:\\\/\\\/medicinasinc.com\\\/de\\\/product\\\/kaufen-sie-crystal-meth-methamphetamin\\\/#primaryimage\"},\"image\":{\"@id\":\"https:\\\/\\\/medicinasinc.com\\\/de\\\/product\\\/kaufen-sie-crystal-meth-methamphetamin\\\/#primaryimage\"},\"thumbnailUrl\":\"https:\\\/\\\/medicinasinc.com\\\/de\\\/wp-content\\\/uploads\\\/sites\\\/6\\\/2022\\\/02\\\/Buy-Crystal-Meth.jpg\",\"datePublished\":\"2022-02-22T00:08:30+00:00\",\"dateModified\":\"2022-08-03T08:35:48+00:00\",\"description\":\"Kaufen Sie Crystal Meth zum Verkauf in Gro\u00dfbritannien, der EU, Europa, den USA und China, um Krebs mit Hilfe von medicinasinc.com zu behandeln. Der beste Ort, an dem Sie Methamphetamin g\u00fcnstig online kaufen k\u00f6nnen.\",\"breadcrumb\":{\"@id\":\"https:\\\/\\\/medicinasinc.com\\\/de\\\/product\\\/kaufen-sie-crystal-meth-methamphetamin\\\/#breadcrumb\"},\"inLanguage\":\"de\",\"potentialAction\":[{\"@type\":\"ReadAction\",\"target\":[\"https:\\\/\\\/medicinasinc.com\\\/de\\\/product\\\/kaufen-sie-crystal-meth-methamphetamin\\\/\"]}]},{\"@type\":\"ImageObject\",\"inLanguage\":\"de\",\"@id\":\"https:\\\/\\\/medicinasinc.com\\\/de\\\/product\\\/kaufen-sie-crystal-meth-methamphetamin\\\/#primaryimage\",\"url\":\"https:\\\/\\\/medicinasinc.com\\\/de\\\/wp-content\\\/uploads\\\/sites\\\/6\\\/2022\\\/02\\\/Buy-Crystal-Meth.jpg\",\"contentUrl\":\"https:\\\/\\\/medicinasinc.com\\\/de\\\/wp-content\\\/uploads\\\/sites\\\/6\\\/2022\\\/02\\\/Buy-Crystal-Meth.jpg\",\"width\":1024,\"height\":768},{\"@type\":\"BreadcrumbList\",\"@id\":\"https:\\\/\\\/medicinasinc.com\\\/de\\\/product\\\/kaufen-sie-crystal-meth-methamphetamin\\\/#breadcrumb\",\"itemListElement\":[{\"@type\":\"ListItem\",\"position\":1,\"name\":\"Einkaufen\",\"item\":\"https:\\\/\\\/medicinasinc.com\\\/de\\\/einkaufen\\\/\"},{\"@type\":\"ListItem\",\"position\":2,\"name\":\"Kaufen Sie Crystal Meth (Methamphetamin)\"}]},{\"@type\":\"WebSite\",\"@id\":\"https:\\\/\\\/medicinasinc.com\\\/de\\\/#website\",\"url\":\"https:\\\/\\\/medicinasinc.com\\\/de\\\/\",\"name\":\"Medicinas Inc\",\"description\":\"Health Medical Clinic\",\"potentialAction\":[{\"@type\":\"SearchAction\",\"target\":{\"@type\":\"EntryPoint\",\"urlTemplate\":\"https:\\\/\\\/medicinasinc.com\\\/de\\\/?s={search_term_string}\"},\"query-input\":{\"@type\":\"PropertyValueSpecification\",\"valueRequired\":true,\"valueName\":\"search_term_string\"}}],\"inLanguage\":\"de\"}]}<\/script>\n<!-- \/ Yoast SEO plugin. -->","yoast_head_json":{"title":"Kaufen Sie Crystal Meth (Methamphetamin) - Best Best Global Meds","description":"Kaufen Sie Crystal Meth zum Verkauf in Gro\u00dfbritannien, der EU, Europa, den USA und China, um Krebs mit Hilfe von medicinasinc.com zu behandeln. Der beste Ort, an dem Sie Methamphetamin g\u00fcnstig online kaufen k\u00f6nnen.","robots":{"index":"index","follow":"follow","max-snippet":"max-snippet:-1","max-image-preview":"max-image-preview:large","max-video-preview":"max-video-preview:-1"},"canonical":"https:\/\/medicinasinc.com\/de\/product\/kaufen-sie-crystal-meth-methamphetamin\/","og_locale":"de_DE","og_type":"article","og_title":"Kaufen Sie Crystal Meth (Methamphetamin) - Best Best Global Meds","og_description":"Kaufen Sie Crystal Meth zum Verkauf in Gro\u00dfbritannien, der EU, Europa, den USA und China, um Krebs mit Hilfe von medicinasinc.com zu behandeln. Der beste Ort, an dem Sie Methamphetamin g\u00fcnstig online kaufen k\u00f6nnen.","og_url":"https:\/\/medicinasinc.com\/de\/product\/kaufen-sie-crystal-meth-methamphetamin\/","og_site_name":"Medicinas Inc","article_modified_time":"2022-08-03T08:35:48+00:00","og_image":[{"width":1024,"height":768,"url":"https:\/\/medicinasinc.com\/de\/wp-content\/uploads\/sites\/6\/2022\/02\/Buy-Crystal-Meth.jpg","type":"image\/jpeg"}],"twitter_card":"summary_large_image","twitter_misc":{"Gesch\u00e4tzte Lesezeit":"3\u00a0Minuten"},"schema":{"@context":"https:\/\/schema.org","@graph":[{"@type":"WebPage","@id":"https:\/\/medicinasinc.com\/de\/product\/kaufen-sie-crystal-meth-methamphetamin\/","url":"https:\/\/medicinasinc.com\/de\/product\/kaufen-sie-crystal-meth-methamphetamin\/","name":"Kaufen Sie Crystal Meth (Methamphetamin) - Best Best Global Meds","isPartOf":{"@id":"https:\/\/medicinasinc.com\/de\/#website"},"primaryImageOfPage":{"@id":"https:\/\/medicinasinc.com\/de\/product\/kaufen-sie-crystal-meth-methamphetamin\/#primaryimage"},"image":{"@id":"https:\/\/medicinasinc.com\/de\/product\/kaufen-sie-crystal-meth-methamphetamin\/#primaryimage"},"thumbnailUrl":"https:\/\/medicinasinc.com\/de\/wp-content\/uploads\/sites\/6\/2022\/02\/Buy-Crystal-Meth.jpg","datePublished":"2022-02-22T00:08:30+00:00","dateModified":"2022-08-03T08:35:48+00:00","description":"Kaufen Sie Crystal Meth zum Verkauf in Gro\u00dfbritannien, der EU, Europa, den USA und China, um Krebs mit Hilfe von medicinasinc.com zu behandeln. Der beste Ort, an dem Sie Methamphetamin g\u00fcnstig online kaufen k\u00f6nnen.","breadcrumb":{"@id":"https:\/\/medicinasinc.com\/de\/product\/kaufen-sie-crystal-meth-methamphetamin\/#breadcrumb"},"inLanguage":"de","potentialAction":[{"@type":"ReadAction","target":["https:\/\/medicinasinc.com\/de\/product\/kaufen-sie-crystal-meth-methamphetamin\/"]}]},{"@type":"ImageObject","inLanguage":"de","@id":"https:\/\/medicinasinc.com\/de\/product\/kaufen-sie-crystal-meth-methamphetamin\/#primaryimage","url":"https:\/\/medicinasinc.com\/de\/wp-content\/uploads\/sites\/6\/2022\/02\/Buy-Crystal-Meth.jpg","contentUrl":"https:\/\/medicinasinc.com\/de\/wp-content\/uploads\/sites\/6\/2022\/02\/Buy-Crystal-Meth.jpg","width":1024,"height":768},{"@type":"BreadcrumbList","@id":"https:\/\/medicinasinc.com\/de\/product\/kaufen-sie-crystal-meth-methamphetamin\/#breadcrumb","itemListElement":[{"@type":"ListItem","position":1,"name":"Einkaufen","item":"https:\/\/medicinasinc.com\/de\/einkaufen\/"},{"@type":"ListItem","position":2,"name":"Kaufen Sie Crystal Meth (Methamphetamin)"}]},{"@type":"WebSite","@id":"https:\/\/medicinasinc.com\/de\/#website","url":"https:\/\/medicinasinc.com\/de\/","name":"Medicinas Inc","description":"Health Medical Clinic","potentialAction":[{"@type":"SearchAction","target":{"@type":"EntryPoint","urlTemplate":"https:\/\/medicinasinc.com\/de\/?s={search_term_string}"},"query-input":{"@type":"PropertyValueSpecification","valueRequired":true,"valueName":"search_term_string"}}],"inLanguage":"de"}]}},"_links":{"self":[{"href":"https:\/\/medicinasinc.com\/de\/wp-json\/wp\/v2\/product\/5471","targetHints":{"allow":["GET"]}}],"collection":[{"href":"https:\/\/medicinasinc.com\/de\/wp-json\/wp\/v2\/product"}],"about":[{"href":"https:\/\/medicinasinc.com\/de\/wp-json\/wp\/v2\/types\/product"}],"replies":[{"embeddable":true,"href":"https:\/\/medicinasinc.com\/de\/wp-json\/wp\/v2\/comments?post=5471"}],"wp:featuredmedia":[{"embeddable":true,"href":"https:\/\/medicinasinc.com\/de\/wp-json\/wp\/v2\/media\/5483"}],"wp:attachment":[{"href":"https:\/\/medicinasinc.com\/de\/wp-json\/wp\/v2\/media?parent=5471"}],"wp:term":[{"taxonomy":"product_brand","embeddable":true,"href":"https:\/\/medicinasinc.com\/de\/wp-json\/wp\/v2\/product_brand?post=5471"},{"taxonomy":"product_cat","embeddable":true,"href":"https:\/\/medicinasinc.com\/de\/wp-json\/wp\/v2\/product_cat?post=5471"},{"taxonomy":"product_tag","embeddable":true,"href":"https:\/\/medicinasinc.com\/de\/wp-json\/wp\/v2\/product_tag?post=5471"}],"curies":[{"name":"wp","href":"https:\/\/api.w.org\/{rel}","templated":true}]}}