{"id":5470,"date":"2022-02-22T00:06:57","date_gmt":"2022-02-22T00:06:57","guid":{"rendered":"https:\/\/medicinasinc.com\/de\/?post_type=product&#038;p=5470"},"modified":"2022-08-03T09:04:01","modified_gmt":"2022-08-03T09:04:01","slug":"kaufe-den-pvp-kristall","status":"publish","type":"product","link":"https:\/\/medicinasinc.com\/de\/product\/kaufe-den-pvp-kristall\/","title":{"rendered":"Kaufen Sie TH-PVP-Kristall"},"content":{"rendered":"<p>Kaufen Sie TH-PVP-Kristall mit einem Rabatt online.<\/p>\n<p>Kaufen Sie TH-PVP-Kristall mit einem Rabatt online.<\/p>\n<p>Kaufen Sie TH-PVP online beim renommiertesten B\u00fcrotransportunternehmen der Welt .<\/p>\n<p>TH-PVP ist wie PVP ein Energizer. \u00dcber diese Chemikalie ist in dieser Hinsicht wenig bekannt, was eine enorme Forschungsm\u00f6glichkeit schafft.<\/p>\n<p>Wir sind der beste Anbieter von TH-PVP in China und gelten weithin als der beste TH-PVP-Reddit-H\u00e4ndler. Wenn Sie nach einem seri\u00f6sen TH-PVP-Schn\u00e4ppchenverk\u00e4ufer suchen, sind Sie bei uns genau richtig.<\/p>\n<p>KAUFEN SIE TH-PVP ONLINE IN UNSEREM STORE<\/p>\n<p>Wenn Sie nach einem TH -PVP-Shop im Internet, der es Ihnen erm\u00f6glicht, ein TH-PVP-Juwel sicher zu kaufen, Classicarabians ist Ihre beste Wahl. Neben TH-PVP und anderen TH-PVP-\u00c4quivalenten haben wir eine Vielzahl verschiedener Kunststoffe f\u00fcr Forschungszwecke vorr\u00e4tig. Unsere Technik ist ganz klar und unkompliziert, um den erweiterten Eintrag zu nutzen, um TH-PVP-Edelsteine \u200b\u200bonline g\u00fcnstig von Herstellern und Lieferanten in China zu bekommen.<\/p>\n<p>Wenn Sie in den Vereinigten Staaten von Amerika, Kanada, dem Vereinigten K\u00f6nigreich, Australien oder Europa und ben\u00f6tigen einen Artikel dringend, bieten wir weltweiten Versand an. Ungeachtet dessen fordern wir Sie auf, sich vor der Anfrage mit den Anwendungen und Symptomen von TH-PVP vertraut zu machen. Dar\u00fcber hinaus sollten Sie sich bestimmter realer Konsequenzen bewusst sein, die mit dem Online-Kauf von TH-PVP-Edelsteinen ohne Heilung in Ihrem Bundesstaat verbunden sind. Classicarabians ist der gr\u00f6\u00dfte Verk\u00e4ufer von TH-PVP online und erm\u00f6glicht es Ihnen, Ihre logische Untersuchung mit den am leichtesten zug\u00e4nglichen Substanzmaterialien zu erg\u00e4nzen. Ungeachtet dessen fordern wir Sie auf, sich vor der Anfrage mit den Anwendungen und Symptomen von TH-PVP vertraut zu machen. Dar\u00fcber hinaus sollten Sie sich bestimmter realer Konsequenzen bewusst sein, die mit dem Online-Kauf von TH-PVP-Edelsteinen ohne Heilung in Ihrem Bundesstaat verbunden sind.<\/p>\n<p>Wir bieten die gr\u00f6\u00dfte Menge und Qualit\u00e4t der Dinge. Bem\u00fchen Sie sich, Ihre Zeit nicht zu verschwenden. Senden Sie jetzt Ihre Anfrage und der Artikel wird zu Ihnen nach Hause geliefert. Au\u00dferdem haben wir Todessternwachs.<\/p>\n","protected":false},"excerpt":{"rendered":"<div class=\"woocommerce-product-details__short-description\">\n<div class=\"char\">SPEZIFIKATION<\/div>\n<div class=\"Spezifikation\">\n<div class=\"sprow\"><span class=\"spname\">Produktname:<\/span><span class=\"sptext\">TH-PVP<\/span><\/div>\n<div class=\"sprow\"><span class=\"spname\">IUPAC-Name:<\/span> <span class=\"sptext\">2-(pyrrolidin-1-yl)-1-(5,6,7,8-tetrahydronaphthalin-2-yl)pentan-1-on<\/span><\/div>\n<div class=\"sprow\"><span class=\"spname\">Andere Namen:<\/span><span class=\"sptext\">TH-\u03b1-PVP<\/span><\/div>\n<div class=\"sprow\"><span class=\"spname\">Cas-Nummer:<\/span><span class=\"sptext\">583123-2-1<\/span><\/div>\n<div class=\"sprow\"><span class=\"spname \">Molek\u00fclformel:<\/span><span class=\"sptext\">C19H27NO<\/span><\/div>\n<div class=\"sprow\"><span class=\"spname\">Wirkung:<\/span><span class=\"sptext\">Stimulans, psychedelisch<\/span><\/div>\n<div class=\"sprow\"><span class=\"spname\">Reinheit der Substanz:<\/span><span class=\"sptext\"> 99,9\u00a0%<\/span><\/div>\n<div class=\"sprow\"><\/div>\n<\/div>\n<p><em>Kaufen<\/em>\u00a0hochwertige\u00a0<em>TH pvp on line<\/em>\u00a0zu Gro\u00dfhandelspreisen China\u00a0<em>TH pvp<\/em>\u00a0Lieferant. \u2026 wo Sie\u00a0<em>Kaufen<\/em>\u00a0th-pvp\u00a0<em>Kristall online g\u00fcnstig<\/em>\u00a0zu Gro\u00dfhandelspreisen<\/p>\n<p><em>Kaufen<\/em> k\u00f6nnen \u2013<em>PVP<\/em>\u00a0Rock\u00a0<em>Kristall<\/em> von Approved Drug Supplies zum besten Preis bei Medicinasinc.com<\/p>\n<p>Kaufen Sie TH-PVP-Kristall zum niedrigsten Preis online. Der weltweite Versand ist bei uns garantiert sicher. th-pvp\u00a0review<\/p>\n<p>Wo kann man g\u00fcnstig TH-PVP-Kristalle kaufen?<\/p>\n<p>Kristalle zum Verkauf | TH-PVP Crystal online kaufen | Kaufen Sie TH-PVP-Kristallpulver zum Verkauf | G\u00fcnstig kaufen TH-PVP Kristallpulver | Wo kann man TH-PVP-Kristallpulver online kaufen | Echter TH-PVP-Kristall online.<\/p>\n<\/div>\n","protected":false},"featured_media":5481,"comment_status":"open","ping_status":"closed","template":"","meta":[],"product_brand":[],"product_cat":[2014],"product_tag":[2778,2779,2780,2786,2782,2783,2784,2785,2797,2787,2788,2793,2791,2792,2781,2789,2790,2794,2795,2796,2798],"class_list":{"0":"post-5470","1":"product","2":"type-product","3":"status-publish","4":"has-post-thumbnail","6":"product_cat-kaufen-forschungschemikalien","7":"product_tag-buy-th-pvp-rock-crystal","8":"product_tag-buy-th-pvp-rock-crystal-online","9":"product_tag-buy-th-pvp-rock-crystal-stimulants","10":"product_tag-gekauft-th-pvp-bergkristall","11":"product_tag-mail-th-pvp-bergkristall","12":"product_tag-order-th-pvp-rock-crystal","13":"product_tag-order-th-pvp-rock-crystal-eu","14":"product_tag-order-th-pvp-rock-crystal-online","15":"product_tag-th-pvp-bergkristall-verkufer","16":"product_tag-th-pvp-bergkristall","17":"product_tag-th-pvp-bergkristall-australien","18":"product_tag-th-pvp-bergkristall-rezension","19":"product_tag-th-pvp-bergkristall-online","20":"product_tag-th-pvp-bergkristall-reddit","21":"product_tag-kauf-th-pvp-bergkristall-usa","22":"product_tag-th-pvp-bergkristall-zu-verkaufen","23":"product_tag-th-pvp-bergkristall-zu-verkaufen-uk","24":"product_tag-th-pvp-bergkristall-stimulanzien","25":"product_tag-th-pvp-bergkristall-stimulanzien-zu-verkaufen","26":"product_tag-th-pvp-bergkristalllieferant","27":"product_tag-where-to-buy-th-pvp-rock-crystal","29":"first","30":"instock","31":"shipping-taxable","32":"purchasable","33":"product-type-variable","34":"has-default-attributes"},"yoast_head":"<!-- This site is optimized with the Yoast SEO plugin v27.3 - https:\/\/yoast.com\/product\/yoast-seo-wordpress\/ -->\n<title>Kaufen Sie g\u00fcnstige TH-PVP-Kristalle online - Best Global Medicina<\/title>\n<meta name=\"description\" content=\"Kaufen Sie g\u00fcnstig TH-PVP-Kristalle online. Echter TH-PVP-Kristall online \u2013 TH-PVP-Kristall zum Verkauf | TH-PVP Crystal online kaufen | Kaufen Sie TH-PVP-Kristallpulver zum Verkauf | G\u00fcnstig kaufen TH-PVP Kristallpulver | Wo kann man TH-PVP-Kristallpulver online kaufen.\" \/>\n<meta name=\"robots\" content=\"index, follow, max-snippet:-1, max-image-preview:large, max-video-preview:-1\" \/>\n<link rel=\"canonical\" href=\"https:\/\/medicinasinc.com\/de\/product\/kaufe-den-pvp-kristall\/\" \/>\n<meta property=\"og:locale\" content=\"de_DE\" \/>\n<meta property=\"og:type\" content=\"article\" \/>\n<meta property=\"og:title\" content=\"Kaufen Sie g\u00fcnstige TH-PVP-Kristalle online - Best Global Medicina\" \/>\n<meta property=\"og:description\" content=\"Kaufen Sie g\u00fcnstig TH-PVP-Kristalle online. Echter TH-PVP-Kristall online \u2013 TH-PVP-Kristall zum Verkauf | TH-PVP Crystal online kaufen | Kaufen Sie TH-PVP-Kristallpulver zum Verkauf | G\u00fcnstig kaufen TH-PVP Kristallpulver | Wo kann man TH-PVP-Kristallpulver online kaufen.\" \/>\n<meta property=\"og:url\" content=\"https:\/\/medicinasinc.com\/de\/product\/kaufe-den-pvp-kristall\/\" \/>\n<meta property=\"og:site_name\" content=\"Medicinas Inc\" \/>\n<meta property=\"article:modified_time\" content=\"2022-08-03T09:04:01+00:00\" \/>\n<meta property=\"og:image\" content=\"https:\/\/medicinasinc.com\/de\/wp-content\/uploads\/sites\/6\/2022\/02\/buy-cheap-th-pvp-crystal-online.jpg\" \/>\n\t<meta property=\"og:image:width\" content=\"600\" \/>\n\t<meta property=\"og:image:height\" content=\"600\" \/>\n\t<meta property=\"og:image:type\" content=\"image\/jpeg\" \/>\n<meta name=\"twitter:card\" content=\"summary_large_image\" \/>\n<meta name=\"twitter:label1\" content=\"Gesch\u00e4tzte Lesezeit\" \/>\n\t<meta name=\"twitter:data1\" content=\"2\u00a0Minuten\" \/>\n<script type=\"application\/ld+json\" class=\"yoast-schema-graph\">{\"@context\":\"https:\\\/\\\/schema.org\",\"@graph\":[{\"@type\":\"WebPage\",\"@id\":\"https:\\\/\\\/medicinasinc.com\\\/de\\\/product\\\/kaufe-den-pvp-kristall\\\/\",\"url\":\"https:\\\/\\\/medicinasinc.com\\\/de\\\/product\\\/kaufe-den-pvp-kristall\\\/\",\"name\":\"Kaufen Sie g\u00fcnstige TH-PVP-Kristalle online - Best Global Medicina\",\"isPartOf\":{\"@id\":\"https:\\\/\\\/medicinasinc.com\\\/de\\\/#website\"},\"primaryImageOfPage\":{\"@id\":\"https:\\\/\\\/medicinasinc.com\\\/de\\\/product\\\/kaufe-den-pvp-kristall\\\/#primaryimage\"},\"image\":{\"@id\":\"https:\\\/\\\/medicinasinc.com\\\/de\\\/product\\\/kaufe-den-pvp-kristall\\\/#primaryimage\"},\"thumbnailUrl\":\"https:\\\/\\\/medicinasinc.com\\\/de\\\/wp-content\\\/uploads\\\/sites\\\/6\\\/2022\\\/02\\\/buy-cheap-th-pvp-crystal-online.jpg\",\"datePublished\":\"2022-02-22T00:06:57+00:00\",\"dateModified\":\"2022-08-03T09:04:01+00:00\",\"description\":\"Kaufen Sie g\u00fcnstig TH-PVP-Kristalle online. Echter TH-PVP-Kristall online \u2013 TH-PVP-Kristall zum Verkauf | TH-PVP Crystal online kaufen | Kaufen Sie TH-PVP-Kristallpulver zum Verkauf | G\u00fcnstig kaufen TH-PVP Kristallpulver | Wo kann man TH-PVP-Kristallpulver online kaufen.\",\"breadcrumb\":{\"@id\":\"https:\\\/\\\/medicinasinc.com\\\/de\\\/product\\\/kaufe-den-pvp-kristall\\\/#breadcrumb\"},\"inLanguage\":\"de\",\"potentialAction\":[{\"@type\":\"ReadAction\",\"target\":[\"https:\\\/\\\/medicinasinc.com\\\/de\\\/product\\\/kaufe-den-pvp-kristall\\\/\"]}]},{\"@type\":\"ImageObject\",\"inLanguage\":\"de\",\"@id\":\"https:\\\/\\\/medicinasinc.com\\\/de\\\/product\\\/kaufe-den-pvp-kristall\\\/#primaryimage\",\"url\":\"https:\\\/\\\/medicinasinc.com\\\/de\\\/wp-content\\\/uploads\\\/sites\\\/6\\\/2022\\\/02\\\/buy-cheap-th-pvp-crystal-online.jpg\",\"contentUrl\":\"https:\\\/\\\/medicinasinc.com\\\/de\\\/wp-content\\\/uploads\\\/sites\\\/6\\\/2022\\\/02\\\/buy-cheap-th-pvp-crystal-online.jpg\",\"width\":600,\"height\":600},{\"@type\":\"BreadcrumbList\",\"@id\":\"https:\\\/\\\/medicinasinc.com\\\/de\\\/product\\\/kaufe-den-pvp-kristall\\\/#breadcrumb\",\"itemListElement\":[{\"@type\":\"ListItem\",\"position\":1,\"name\":\"Einkaufen\",\"item\":\"https:\\\/\\\/medicinasinc.com\\\/de\\\/einkaufen\\\/\"},{\"@type\":\"ListItem\",\"position\":2,\"name\":\"Kaufen Sie TH-PVP-Kristall\"}]},{\"@type\":\"WebSite\",\"@id\":\"https:\\\/\\\/medicinasinc.com\\\/de\\\/#website\",\"url\":\"https:\\\/\\\/medicinasinc.com\\\/de\\\/\",\"name\":\"Medicinas Inc\",\"description\":\"Health Medical Clinic\",\"potentialAction\":[{\"@type\":\"SearchAction\",\"target\":{\"@type\":\"EntryPoint\",\"urlTemplate\":\"https:\\\/\\\/medicinasinc.com\\\/de\\\/?s={search_term_string}\"},\"query-input\":{\"@type\":\"PropertyValueSpecification\",\"valueRequired\":true,\"valueName\":\"search_term_string\"}}],\"inLanguage\":\"de\"}]}<\/script>\n<!-- \/ Yoast SEO plugin. -->","yoast_head_json":{"title":"Kaufen Sie g\u00fcnstige TH-PVP-Kristalle online - Best Global Medicina","description":"Kaufen Sie g\u00fcnstig TH-PVP-Kristalle online. Echter TH-PVP-Kristall online \u2013 TH-PVP-Kristall zum Verkauf | TH-PVP Crystal online kaufen | Kaufen Sie TH-PVP-Kristallpulver zum Verkauf | G\u00fcnstig kaufen TH-PVP Kristallpulver | Wo kann man TH-PVP-Kristallpulver online kaufen.","robots":{"index":"index","follow":"follow","max-snippet":"max-snippet:-1","max-image-preview":"max-image-preview:large","max-video-preview":"max-video-preview:-1"},"canonical":"https:\/\/medicinasinc.com\/de\/product\/kaufe-den-pvp-kristall\/","og_locale":"de_DE","og_type":"article","og_title":"Kaufen Sie g\u00fcnstige TH-PVP-Kristalle online - Best Global Medicina","og_description":"Kaufen Sie g\u00fcnstig TH-PVP-Kristalle online. Echter TH-PVP-Kristall online \u2013 TH-PVP-Kristall zum Verkauf | TH-PVP Crystal online kaufen | Kaufen Sie TH-PVP-Kristallpulver zum Verkauf | G\u00fcnstig kaufen TH-PVP Kristallpulver | Wo kann man TH-PVP-Kristallpulver online kaufen.","og_url":"https:\/\/medicinasinc.com\/de\/product\/kaufe-den-pvp-kristall\/","og_site_name":"Medicinas Inc","article_modified_time":"2022-08-03T09:04:01+00:00","og_image":[{"width":600,"height":600,"url":"https:\/\/medicinasinc.com\/de\/wp-content\/uploads\/sites\/6\/2022\/02\/buy-cheap-th-pvp-crystal-online.jpg","type":"image\/jpeg"}],"twitter_card":"summary_large_image","twitter_misc":{"Gesch\u00e4tzte Lesezeit":"2\u00a0Minuten"},"schema":{"@context":"https:\/\/schema.org","@graph":[{"@type":"WebPage","@id":"https:\/\/medicinasinc.com\/de\/product\/kaufe-den-pvp-kristall\/","url":"https:\/\/medicinasinc.com\/de\/product\/kaufe-den-pvp-kristall\/","name":"Kaufen Sie g\u00fcnstige TH-PVP-Kristalle online - Best Global Medicina","isPartOf":{"@id":"https:\/\/medicinasinc.com\/de\/#website"},"primaryImageOfPage":{"@id":"https:\/\/medicinasinc.com\/de\/product\/kaufe-den-pvp-kristall\/#primaryimage"},"image":{"@id":"https:\/\/medicinasinc.com\/de\/product\/kaufe-den-pvp-kristall\/#primaryimage"},"thumbnailUrl":"https:\/\/medicinasinc.com\/de\/wp-content\/uploads\/sites\/6\/2022\/02\/buy-cheap-th-pvp-crystal-online.jpg","datePublished":"2022-02-22T00:06:57+00:00","dateModified":"2022-08-03T09:04:01+00:00","description":"Kaufen Sie g\u00fcnstig TH-PVP-Kristalle online. Echter TH-PVP-Kristall online \u2013 TH-PVP-Kristall zum Verkauf | TH-PVP Crystal online kaufen | Kaufen Sie TH-PVP-Kristallpulver zum Verkauf | G\u00fcnstig kaufen TH-PVP Kristallpulver | Wo kann man TH-PVP-Kristallpulver online kaufen.","breadcrumb":{"@id":"https:\/\/medicinasinc.com\/de\/product\/kaufe-den-pvp-kristall\/#breadcrumb"},"inLanguage":"de","potentialAction":[{"@type":"ReadAction","target":["https:\/\/medicinasinc.com\/de\/product\/kaufe-den-pvp-kristall\/"]}]},{"@type":"ImageObject","inLanguage":"de","@id":"https:\/\/medicinasinc.com\/de\/product\/kaufe-den-pvp-kristall\/#primaryimage","url":"https:\/\/medicinasinc.com\/de\/wp-content\/uploads\/sites\/6\/2022\/02\/buy-cheap-th-pvp-crystal-online.jpg","contentUrl":"https:\/\/medicinasinc.com\/de\/wp-content\/uploads\/sites\/6\/2022\/02\/buy-cheap-th-pvp-crystal-online.jpg","width":600,"height":600},{"@type":"BreadcrumbList","@id":"https:\/\/medicinasinc.com\/de\/product\/kaufe-den-pvp-kristall\/#breadcrumb","itemListElement":[{"@type":"ListItem","position":1,"name":"Einkaufen","item":"https:\/\/medicinasinc.com\/de\/einkaufen\/"},{"@type":"ListItem","position":2,"name":"Kaufen Sie TH-PVP-Kristall"}]},{"@type":"WebSite","@id":"https:\/\/medicinasinc.com\/de\/#website","url":"https:\/\/medicinasinc.com\/de\/","name":"Medicinas Inc","description":"Health Medical Clinic","potentialAction":[{"@type":"SearchAction","target":{"@type":"EntryPoint","urlTemplate":"https:\/\/medicinasinc.com\/de\/?s={search_term_string}"},"query-input":{"@type":"PropertyValueSpecification","valueRequired":true,"valueName":"search_term_string"}}],"inLanguage":"de"}]}},"_links":{"self":[{"href":"https:\/\/medicinasinc.com\/de\/wp-json\/wp\/v2\/product\/5470","targetHints":{"allow":["GET"]}}],"collection":[{"href":"https:\/\/medicinasinc.com\/de\/wp-json\/wp\/v2\/product"}],"about":[{"href":"https:\/\/medicinasinc.com\/de\/wp-json\/wp\/v2\/types\/product"}],"replies":[{"embeddable":true,"href":"https:\/\/medicinasinc.com\/de\/wp-json\/wp\/v2\/comments?post=5470"}],"wp:featuredmedia":[{"embeddable":true,"href":"https:\/\/medicinasinc.com\/de\/wp-json\/wp\/v2\/media\/5481"}],"wp:attachment":[{"href":"https:\/\/medicinasinc.com\/de\/wp-json\/wp\/v2\/media?parent=5470"}],"wp:term":[{"taxonomy":"product_brand","embeddable":true,"href":"https:\/\/medicinasinc.com\/de\/wp-json\/wp\/v2\/product_brand?post=5470"},{"taxonomy":"product_cat","embeddable":true,"href":"https:\/\/medicinasinc.com\/de\/wp-json\/wp\/v2\/product_cat?post=5470"},{"taxonomy":"product_tag","embeddable":true,"href":"https:\/\/medicinasinc.com\/de\/wp-json\/wp\/v2\/product_tag?post=5470"}],"curies":[{"name":"wp","href":"https:\/\/api.w.org\/{rel}","templated":true}]}}