{"id":5469,"date":"2022-02-22T00:05:12","date_gmt":"2022-02-22T00:05:12","guid":{"rendered":"https:\/\/medicinasinc.com\/de\/?post_type=product&#038;p=5469"},"modified":"2022-03-18T00:20:46","modified_gmt":"2022-03-18T00:20:46","slug":"kaufen-clonazolam-pulver","status":"publish","type":"product","link":"https:\/\/medicinasinc.com\/de\/product\/kaufen-clonazolam-pulver\/","title":{"rendered":"Kaufen Sie Clonazolam-Pulver"},"content":{"rendered":"<h1 style=\"font-weight: 600\"><b><strong>Kaufen Sie Clonazolam-Pulver\u00a0<\/strong><\/b><\/h1>\n<p style=\"font-weight: 400\">High Store Europas f\u00fchrendes Clonazolam Chemikaliengro\u00dfh\u00e4ndler<\/p>\n<h2 style=\"font-weight: 600\">CLONAZOLAM-Pulver EU-Lieferant, Vereinigtes K\u00f6nigreich<\/h2>\n<ul style=\"font-weight: 400\">\n<li>Verfolgt \u2013 Verfolgt Versichert oder normal Lieferung<\/li>\n<li>Bank\u00fcberweisung oder Bitcoin-Zahlungsdetails beim Check-out.<\/li>\n<li>Versand von Montag bis Freitag<\/li>\n<li><b><strong>Bitte beachten Sie, dass Sie nur bei Verlust versichert sind nach 30 Tagen 1 x kostenloser R\u00fcckversand bei einem nachverfolgten versicherten Service &#8211; leider keine Ausnahmen !<\/strong><\/b><\/li>\n<\/ul>\n<h3 style=\"font-weight: 600\"><\/h3>\n<h3 style=\"font-weight: 600\"><b><strong>Clonazolam-Pulver\u00a0<\/strong><\/b><\/h3>\n<ul style=\"font-weight: 400\">\n<li><b><a href=\"https:\/\/psychonautwiki.org\/wiki\/Sedation\">Sedierung<\/a><\/b>\u00a0\u2013 Clonazolam hat das Potenzial, extrem sedierend zu wirken und f\u00fchrt oft zu einem \u00fcberw\u00e4ltigend lethargischen Zustand. Auf h\u00f6heren Ebenen f\u00fchrt dies dazu, dass Benutzer pl\u00f6tzlich das Gef\u00fchl haben, extrem unter Schlafmangel zu leiden und seit Tagen nicht geschlafen zu haben, was sie dazu zwingt, sich hinzusetzen und sich im Allgemeinen so zu f\u00fchlen, als ob sie st\u00e4ndig kurz vor der Ohnmacht stehen, anstatt sich k\u00f6rperlich zu bet\u00e4tigen. Dieses Gef\u00fchl von Schlafentzug nimmt proportional zur Dosis zu und wird schlie\u00dflich stark genug, um eine Person in die vollst\u00e4ndige Bewusstlosigkeit zu zwingen.<\/li>\n<li><b><a href=\"https:\/\/psychonautwiki.org\/wiki\/Muscle_relaxation\"> Muskelentspannung<\/a><\/b>\u00a0\u2013 Dieser Effekt ist im Vergleich zu anderen Benzodiazepinen wie\u00a0<a href=\"https:\/\/psychonautwiki.org\/wiki\/Alprazolam\">Alprazolam<\/a> besonders stark.<\/li>\n<li><b><a href=\"https:\/\/psychonautwiki.org\/wiki\/Motor_control_loss\">Motorsteuerungsverlust<\/a><\/b><\/li>\n<li><b><a href=\"https:\/\/psychonautwiki.org\/wiki\/Schwindel\">Schwindel<\/a><\/b><\/li>\n<li><b><a href=\"https:\/\/psychonautwiki.org\/wiki\/Erh\u00f6hte_Libido\">Erh\u00f6hte Libido<\/a><\/b><\/li>\n<li><b><a href=\"https:\/\/psychonautwiki.org\/wiki\/Atemdepression\">Atemdepression<\/a><\/b><\/li>\n<\/ul>\n<p style=\"font-weight: 400\"><b><strong>Clonazolam\u00a0<\/strong><\/b>geh\u00f6rt zur Klasse der Benzodiazepine. Benzodiazepine enthalten einen Benzolring, der an einen Diazepinring ankondensiert ist, der ein siebengliedriger Ring ist, der die beiden Stickstoffbestandteile bei R1 und R4 angeordnet hat. Der Benzylring von Clonazolam ist bei R8 mit einer Nitrogruppe NO2- substituiert. Der Diazepinring ist auch bei R6 an einen 2-chlorierten Phenylring gebunden.<\/p>\n<p style=\"font-weight: 400\"><a href=\"https:\/\/www.bestglobalmeds.com\/product\/ research-chemicals\/buy-clonazolam-powder\/\">Clonazolam<\/a> enth\u00e4lt einen 1-methylierten Triazolring, der an seinen Diazepinring ankondensiert ist und R1 und R2 enth\u00e4lt. Clonazolam geh\u00f6rt zu einer Klasse von Benzodiazepinen, die diesen kondensierten Triazolring enthalten, die als Triazolobenzodiazepine bezeichnet werden und durch das Suffix -zolam gekennzeichnet sind. Andere Nitrobenzodiazepine sind Clonazepam und Flunitrazepam.<\/p>\n<p style=\"font-weight: 400\">6-(2-Chlorphenyl)-1-methyl-8-nitro-4H-s-triazolo- (4,3- a)-(1,4)-Benzodiazepin<\/p>\n<p>Dieses Produkt wird nur zu Forschungszwecken verkauft und darf nicht f\u00fcr andere Zwecke verwendet werden, einschlie\u00dflich, aber nicht beschr\u00e4nkt auf In-vivo-Diagnosezwecke, in Lebensmitteln, B. in Arzneimitteln, medizinischen Ger\u00e4ten und\/oder Kosmetika f\u00fcr Mensch und\/oder Tier.<\/p>\n<p style=\"font-weight: 400\">Bitte vergewissern Sie sich vor der Bestellung, dass Sie f\u00fcr Forschungschemikalien und dass Ihr Arbeitsbereich gut bel\u00fcftet ist.<\/p>\n<p style=\"font-weight: 400\">Sie m\u00fcssen mindestens 18 Jahre alt sein, um dieses Produkt zu bestellen.<\/p>\n","protected":false},"excerpt":{"rendered":"<div class=\"woocommerce-product-details__short-description\">\n<p>Kaufen Sie reines hochwertiges Clonazolam-Pulver Europa, UK, EU online mit Bitcoin &#8211; Kaufen Sie legale Medikamente online, kaufen Sie Clonazolam-Chemikalien, kaufen Sie pharmazeutische Rohpulver.<\/p>\n<p>Mit Bitcoin k\u00f6nnen Sie reines, hochwertiges Clonazolam-Pulver online kaufen. Sie k\u00f6nnen legale Medikamente, Forschungschemikalien und pharmazeutische Rohpulver \u00fcberall im Internet kaufen.<\/p>\n<p>Kaufen Sie Clonazolam, um Ihre Angst- und Panikattacken zu lindern. Es wirkt sich positiv auf Ihr geistiges Wohlbefinden aus.<\/p>\n<p>Wo bekomme ich Clonazolam in den USA? Anbieter von Clonazolam, schnelle Lieferung, hervorragende Qualit\u00e4t und M\u00f6glichkeit, den Zoll einfach zu umgehen<\/p>\n<p>Kaufen Sie Clonazolam-Pulver im Internet. Clonazolam ist strukturell identisch mit Clonazepam, mit Ausnahme des 1,2,4-Triazolrings, der an den Benzolring ankondensiert ist. Wof\u00fcr wird Clonazolam verwendet und wie hilft es Menschen? In der Zwischenzeit ist Clonazolam ausschlie\u00dflich f\u00fcr Forschungszwecke und nicht f\u00fcr den menschlichen Verzehr erh\u00e4ltlich.<\/p>\n<\/p><\/div>\n","protected":false},"featured_media":5479,"comment_status":"open","ping_status":"closed","template":"","meta":[],"product_brand":[],"product_cat":[2014],"product_tag":[2759,2748,2749,2750,2751,2752,2772,2755,2757,2756,2760,2763,2765,2764,2758,2761,2762,2766,2768,2774,2769,2771,2753,2754,2767,2773,2770,2775,2776,2777],"class_list":{"0":"post-5469","1":"product","2":"type-product","3":"status-publish","4":"has-post-thumbnail","6":"product_cat-kaufen-forschungschemikalien","7":"product_tag-clonazolam-pulver-bildung","8":"product_tag-buy-cheap-clonazolam-powder-online","9":"product_tag-buy-clon-clam-powder","10":"product_tag-buy-clonazolam","11":"product_tag-buy-clonazolam-online","12":"product_tag-buy-clonazolam-powder","13":"product_tag-c-lam-trott-2019-pulver-bestellen","14":"product_tag-clonazolam","15":"product_tag-clonazolam-for-sale","16":"product_tag-clonazolam-kaufen","17":"product_tag-clonazolam-powder-eu","18":"product_tag-clonazolam-pulver-preis","19":"product_tag-clonazolam-research","20":"product_tag-clonazolam-preis","21":"product_tag-clonazolam-pulver","22":"product_tag-clonazolam-pulver-in-kanada","23":"product_tag-clonazolam-pulver-online","24":"product_tag-clonitrazolam-pulver-bester-preis-online","25":"product_tag-eclonazolam-pulver-zu-verkaufen","26":"product_tag-qualitts-clonazolam-pulver","27":"product_tag-how-to-consume-clonazolam-powder","28":"product_tag-how-to-order-clonazolam-powder-online","29":"product_tag-kaufen-clonazolam-pulver-online","30":"product_tag-kaufen-reines-clonazolam-pulver-online","31":"product_tag-kristallines-clonazolam-pulver","32":"product_tag-pure-clonazolam-powder","33":"product_tag-wie-man-reines-clonazolam-pulver-online-bekommt","34":"product_tag-quellen-fr-f-c3-bcr-clonazolam-pulver","35":"product_tag-wo-zu-kaufen-clonazolam-pulver-online","36":"product_tag-wo-zu-kaufen-clonitrazolam-pulver-online","38":"first","39":"instock","40":"shipping-taxable","41":"purchasable","42":"product-type-variable","43":"has-default-attributes"},"yoast_head":"<!-- This site is optimized with the Yoast SEO plugin v27.3 - https:\/\/yoast.com\/product\/yoast-seo-wordpress\/ -->\n<title>Kaufen Sie Clonazolam-Pulver - Clonazolam-Pulver - Best Best Global Meds<\/title>\n<meta name=\"description\" content=\"Kaufen Sie reines hochwertiges Clonazolam-Pulver Europa, Gro\u00dfbritannien, EU online mit Bitcoin - Kaufen Sie legale Medikamente online, kaufen Sie Clonazolam-Chemikalien, kaufen Sie pharmazeutische Rohpulver.\" \/>\n<meta name=\"robots\" content=\"index, follow, max-snippet:-1, max-image-preview:large, max-video-preview:-1\" \/>\n<link rel=\"canonical\" href=\"https:\/\/medicinasinc.com\/de\/product\/kaufen-clonazolam-pulver\/\" \/>\n<meta property=\"og:locale\" content=\"de_DE\" \/>\n<meta property=\"og:type\" content=\"article\" \/>\n<meta property=\"og:title\" content=\"Kaufen Sie Clonazolam-Pulver - Clonazolam-Pulver - Best Best Global Meds\" \/>\n<meta property=\"og:description\" content=\"Kaufen Sie reines hochwertiges Clonazolam-Pulver Europa, Gro\u00dfbritannien, EU online mit Bitcoin - Kaufen Sie legale Medikamente online, kaufen Sie Clonazolam-Chemikalien, kaufen Sie pharmazeutische Rohpulver.\" \/>\n<meta property=\"og:url\" content=\"https:\/\/medicinasinc.com\/de\/product\/kaufen-clonazolam-pulver\/\" \/>\n<meta property=\"og:site_name\" content=\"Medicinas Inc\" \/>\n<meta property=\"article:modified_time\" content=\"2022-03-18T00:20:46+00:00\" \/>\n<meta property=\"og:image\" content=\"https:\/\/medicinasinc.com\/de\/wp-content\/uploads\/sites\/6\/2022\/02\/Buy-Clonazolam-Powder.jpeg\" \/>\n\t<meta property=\"og:image:width\" content=\"566\" \/>\n\t<meta property=\"og:image:height\" content=\"600\" \/>\n\t<meta property=\"og:image:type\" content=\"image\/jpeg\" \/>\n<meta name=\"twitter:card\" content=\"summary_large_image\" \/>\n<meta name=\"twitter:label1\" content=\"Gesch\u00e4tzte Lesezeit\" \/>\n\t<meta name=\"twitter:data1\" content=\"2\u00a0Minuten\" \/>\n<script type=\"application\/ld+json\" class=\"yoast-schema-graph\">{\"@context\":\"https:\\\/\\\/schema.org\",\"@graph\":[{\"@type\":\"WebPage\",\"@id\":\"https:\\\/\\\/medicinasinc.com\\\/de\\\/product\\\/kaufen-clonazolam-pulver\\\/\",\"url\":\"https:\\\/\\\/medicinasinc.com\\\/de\\\/product\\\/kaufen-clonazolam-pulver\\\/\",\"name\":\"Kaufen Sie Clonazolam-Pulver - Clonazolam-Pulver - Best Best Global Meds\",\"isPartOf\":{\"@id\":\"https:\\\/\\\/medicinasinc.com\\\/de\\\/#website\"},\"primaryImageOfPage\":{\"@id\":\"https:\\\/\\\/medicinasinc.com\\\/de\\\/product\\\/kaufen-clonazolam-pulver\\\/#primaryimage\"},\"image\":{\"@id\":\"https:\\\/\\\/medicinasinc.com\\\/de\\\/product\\\/kaufen-clonazolam-pulver\\\/#primaryimage\"},\"thumbnailUrl\":\"https:\\\/\\\/medicinasinc.com\\\/de\\\/wp-content\\\/uploads\\\/sites\\\/6\\\/2022\\\/02\\\/Buy-Clonazolam-Powder.jpeg\",\"datePublished\":\"2022-02-22T00:05:12+00:00\",\"dateModified\":\"2022-03-18T00:20:46+00:00\",\"description\":\"Kaufen Sie reines hochwertiges Clonazolam-Pulver Europa, Gro\u00dfbritannien, EU online mit Bitcoin - Kaufen Sie legale Medikamente online, kaufen Sie Clonazolam-Chemikalien, kaufen Sie pharmazeutische Rohpulver.\",\"breadcrumb\":{\"@id\":\"https:\\\/\\\/medicinasinc.com\\\/de\\\/product\\\/kaufen-clonazolam-pulver\\\/#breadcrumb\"},\"inLanguage\":\"de\",\"potentialAction\":[{\"@type\":\"ReadAction\",\"target\":[\"https:\\\/\\\/medicinasinc.com\\\/de\\\/product\\\/kaufen-clonazolam-pulver\\\/\"]}]},{\"@type\":\"ImageObject\",\"inLanguage\":\"de\",\"@id\":\"https:\\\/\\\/medicinasinc.com\\\/de\\\/product\\\/kaufen-clonazolam-pulver\\\/#primaryimage\",\"url\":\"https:\\\/\\\/medicinasinc.com\\\/de\\\/wp-content\\\/uploads\\\/sites\\\/6\\\/2022\\\/02\\\/Buy-Clonazolam-Powder.jpeg\",\"contentUrl\":\"https:\\\/\\\/medicinasinc.com\\\/de\\\/wp-content\\\/uploads\\\/sites\\\/6\\\/2022\\\/02\\\/Buy-Clonazolam-Powder.jpeg\",\"width\":566,\"height\":600},{\"@type\":\"BreadcrumbList\",\"@id\":\"https:\\\/\\\/medicinasinc.com\\\/de\\\/product\\\/kaufen-clonazolam-pulver\\\/#breadcrumb\",\"itemListElement\":[{\"@type\":\"ListItem\",\"position\":1,\"name\":\"Einkaufen\",\"item\":\"https:\\\/\\\/medicinasinc.com\\\/de\\\/einkaufen\\\/\"},{\"@type\":\"ListItem\",\"position\":2,\"name\":\"Kaufen Sie Clonazolam-Pulver\"}]},{\"@type\":\"WebSite\",\"@id\":\"https:\\\/\\\/medicinasinc.com\\\/de\\\/#website\",\"url\":\"https:\\\/\\\/medicinasinc.com\\\/de\\\/\",\"name\":\"Medicinas Inc\",\"description\":\"Health Medical Clinic\",\"potentialAction\":[{\"@type\":\"SearchAction\",\"target\":{\"@type\":\"EntryPoint\",\"urlTemplate\":\"https:\\\/\\\/medicinasinc.com\\\/de\\\/?s={search_term_string}\"},\"query-input\":{\"@type\":\"PropertyValueSpecification\",\"valueRequired\":true,\"valueName\":\"search_term_string\"}}],\"inLanguage\":\"de\"}]}<\/script>\n<!-- \/ Yoast SEO plugin. -->","yoast_head_json":{"title":"Kaufen Sie Clonazolam-Pulver - Clonazolam-Pulver - Best Best Global Meds","description":"Kaufen Sie reines hochwertiges Clonazolam-Pulver Europa, Gro\u00dfbritannien, EU online mit Bitcoin - Kaufen Sie legale Medikamente online, kaufen Sie Clonazolam-Chemikalien, kaufen Sie pharmazeutische Rohpulver.","robots":{"index":"index","follow":"follow","max-snippet":"max-snippet:-1","max-image-preview":"max-image-preview:large","max-video-preview":"max-video-preview:-1"},"canonical":"https:\/\/medicinasinc.com\/de\/product\/kaufen-clonazolam-pulver\/","og_locale":"de_DE","og_type":"article","og_title":"Kaufen Sie Clonazolam-Pulver - Clonazolam-Pulver - Best Best Global Meds","og_description":"Kaufen Sie reines hochwertiges Clonazolam-Pulver Europa, Gro\u00dfbritannien, EU online mit Bitcoin - Kaufen Sie legale Medikamente online, kaufen Sie Clonazolam-Chemikalien, kaufen Sie pharmazeutische Rohpulver.","og_url":"https:\/\/medicinasinc.com\/de\/product\/kaufen-clonazolam-pulver\/","og_site_name":"Medicinas Inc","article_modified_time":"2022-03-18T00:20:46+00:00","og_image":[{"width":566,"height":600,"url":"https:\/\/medicinasinc.com\/de\/wp-content\/uploads\/sites\/6\/2022\/02\/Buy-Clonazolam-Powder.jpeg","type":"image\/jpeg"}],"twitter_card":"summary_large_image","twitter_misc":{"Gesch\u00e4tzte Lesezeit":"2\u00a0Minuten"},"schema":{"@context":"https:\/\/schema.org","@graph":[{"@type":"WebPage","@id":"https:\/\/medicinasinc.com\/de\/product\/kaufen-clonazolam-pulver\/","url":"https:\/\/medicinasinc.com\/de\/product\/kaufen-clonazolam-pulver\/","name":"Kaufen Sie Clonazolam-Pulver - Clonazolam-Pulver - Best Best Global Meds","isPartOf":{"@id":"https:\/\/medicinasinc.com\/de\/#website"},"primaryImageOfPage":{"@id":"https:\/\/medicinasinc.com\/de\/product\/kaufen-clonazolam-pulver\/#primaryimage"},"image":{"@id":"https:\/\/medicinasinc.com\/de\/product\/kaufen-clonazolam-pulver\/#primaryimage"},"thumbnailUrl":"https:\/\/medicinasinc.com\/de\/wp-content\/uploads\/sites\/6\/2022\/02\/Buy-Clonazolam-Powder.jpeg","datePublished":"2022-02-22T00:05:12+00:00","dateModified":"2022-03-18T00:20:46+00:00","description":"Kaufen Sie reines hochwertiges Clonazolam-Pulver Europa, Gro\u00dfbritannien, EU online mit Bitcoin - Kaufen Sie legale Medikamente online, kaufen Sie Clonazolam-Chemikalien, kaufen Sie pharmazeutische Rohpulver.","breadcrumb":{"@id":"https:\/\/medicinasinc.com\/de\/product\/kaufen-clonazolam-pulver\/#breadcrumb"},"inLanguage":"de","potentialAction":[{"@type":"ReadAction","target":["https:\/\/medicinasinc.com\/de\/product\/kaufen-clonazolam-pulver\/"]}]},{"@type":"ImageObject","inLanguage":"de","@id":"https:\/\/medicinasinc.com\/de\/product\/kaufen-clonazolam-pulver\/#primaryimage","url":"https:\/\/medicinasinc.com\/de\/wp-content\/uploads\/sites\/6\/2022\/02\/Buy-Clonazolam-Powder.jpeg","contentUrl":"https:\/\/medicinasinc.com\/de\/wp-content\/uploads\/sites\/6\/2022\/02\/Buy-Clonazolam-Powder.jpeg","width":566,"height":600},{"@type":"BreadcrumbList","@id":"https:\/\/medicinasinc.com\/de\/product\/kaufen-clonazolam-pulver\/#breadcrumb","itemListElement":[{"@type":"ListItem","position":1,"name":"Einkaufen","item":"https:\/\/medicinasinc.com\/de\/einkaufen\/"},{"@type":"ListItem","position":2,"name":"Kaufen Sie Clonazolam-Pulver"}]},{"@type":"WebSite","@id":"https:\/\/medicinasinc.com\/de\/#website","url":"https:\/\/medicinasinc.com\/de\/","name":"Medicinas Inc","description":"Health Medical Clinic","potentialAction":[{"@type":"SearchAction","target":{"@type":"EntryPoint","urlTemplate":"https:\/\/medicinasinc.com\/de\/?s={search_term_string}"},"query-input":{"@type":"PropertyValueSpecification","valueRequired":true,"valueName":"search_term_string"}}],"inLanguage":"de"}]}},"_links":{"self":[{"href":"https:\/\/medicinasinc.com\/de\/wp-json\/wp\/v2\/product\/5469","targetHints":{"allow":["GET"]}}],"collection":[{"href":"https:\/\/medicinasinc.com\/de\/wp-json\/wp\/v2\/product"}],"about":[{"href":"https:\/\/medicinasinc.com\/de\/wp-json\/wp\/v2\/types\/product"}],"replies":[{"embeddable":true,"href":"https:\/\/medicinasinc.com\/de\/wp-json\/wp\/v2\/comments?post=5469"}],"wp:featuredmedia":[{"embeddable":true,"href":"https:\/\/medicinasinc.com\/de\/wp-json\/wp\/v2\/media\/5479"}],"wp:attachment":[{"href":"https:\/\/medicinasinc.com\/de\/wp-json\/wp\/v2\/media?parent=5469"}],"wp:term":[{"taxonomy":"product_brand","embeddable":true,"href":"https:\/\/medicinasinc.com\/de\/wp-json\/wp\/v2\/product_brand?post=5469"},{"taxonomy":"product_cat","embeddable":true,"href":"https:\/\/medicinasinc.com\/de\/wp-json\/wp\/v2\/product_cat?post=5469"},{"taxonomy":"product_tag","embeddable":true,"href":"https:\/\/medicinasinc.com\/de\/wp-json\/wp\/v2\/product_tag?post=5469"}],"curies":[{"name":"wp","href":"https:\/\/api.w.org\/{rel}","templated":true}]}}