{"id":5468,"date":"2022-02-22T00:04:03","date_gmt":"2022-02-22T00:04:03","guid":{"rendered":"https:\/\/medicinasinc.com\/de\/?post_type=product&#038;p=5468"},"modified":"2022-03-18T00:20:54","modified_gmt":"2022-03-18T00:20:54","slug":"4-cl-pvp-kristalle-kaufen","status":"publish","type":"product","link":"https:\/\/medicinasinc.com\/de\/product\/4-cl-pvp-kristalle-kaufen\/","title":{"rendered":"Kaufen Sie 4-CL-PVP-Kristalle"},"content":{"rendered":"<p>Was genau ist 4-CL-PVP?<\/p>\n<p>Das kristalline \u00c4quivalent von a-PVP ist 4-CL-PVP. Es ist ein klassisches Stimulans. 4-CL-PVP-Forschungsuntersuchungen f\u00fchren h\u00e4ufig zu Gespr\u00e4chsbereitschaft, erh\u00f6hter Wachsamkeit, erh\u00f6hter Energie und anderen stimulierenden Wirkungen. 4-CL-Effekte PVP&#8217;s dauern oft weniger als drei Stunden. Dar\u00fcber hinaus wurde von der Substanz berichtet, dass sie leichte bis schwere euphorische Wirkungen hervorruft. Forscher, die nach einem Ersatz f\u00fcr a-PVP suchen, werden feststellen, dass 4-CL-PVP ein akzeptabler Ersatz ist. 4-CL-PVP ist ein Wiederaufnahmehemmer von Noradrenalin und Dopamin. Diese Tatsache tr\u00e4gt wesentlich zu den stimulierenden Eigenschaften dieser Chemikalie bei.<\/p>\n<p>Wo kann ich 4-CL-PVP kaufen?<\/p>\n<p>Chemical Planet verkauft \u00e4u\u00dferst hochwertiges 4-CL-PVP. Typischerweise wird unser 4-CL-PVP in Kristallform geliefert. Wenn Sie das gesuchte Formular nicht sehen, kontaktieren Sie uns bitte, um herauszufinden, wann es wieder verf\u00fcgbar sein wird.<\/p>\n<p>Wenn Sie 4-Cl-PVP von Chemical Planet kaufen m\u00f6chten, m\u00fcssen Sie unter sein mindestens 18 Jahre alt sein und alle lokalen Gesetze zu Forschungschemikalien vollst\u00e4ndig einhalten. Unsere Verbindungen sind nur f\u00fcr Forschungszwecke bestimmt und nicht f\u00fcr den menschlichen oder tierischen Verzehr.<\/p>\n<p>&nbsp;<\/p>\n<p>Legalit\u00e4t von 4-CL-PVP<\/p>\n<p>Die meisten L\u00e4nder auf der ganzen Welt haben davon abgesehen, 4-CL-PVP zu einer verbotenen Chemikalie zu erkl\u00e4ren. Dies bedeutet, dass es an den meisten Standorten ungeplant ist. Wenn Sie weitere Informationen zum rechtlichen Status von 4-CL-PVP ben\u00f6tigen, wenden Sie sich bitte an Ihre Bundesbeh\u00f6rden.<\/p>\n<p>Immer k\u00fchl und trocken lagern, um eine m\u00f6glichst lange Haltbarkeit zu gew\u00e4hrleisten. Dieses Produkt ist ausschlie\u00dflich f\u00fcr forensische und Forschungszwecke bestimmt. Als solches ist es NICHT f\u00fcr den menschlichen Verzehr oder jegliche Art von In-vivo-Experimenten an Tieren oder anderen Lebewesen bestimmt.<\/p>\n","protected":false},"excerpt":{"rendered":"<p>4-CL-PVP-Kristalle zum Verkauf in Gro\u00dfbritannien, Europa und der Europ\u00e4ischen Union. Kaufen Sie 4-CL-PVP-Kristalle online zum besten Preis, mit kostenlosem Versand weltweit.<\/p>\n<p>Zum Verkauf stehen 4-CL-PVP-Kristalle.<\/p>\n<p>Kaufen Sie 4-CL-PVP-Kristalle online zum besten Preis, weltweit versandkostenfrei.<\/p>\n<p>Kaufen Sie 4-CL-PVP-Kristalle mit einem Rabatt online.<\/p>\n<p>4-CL-PVP-Kristalle sind ein neuartiges Stimulans und Gegenst\u00fcck des weit verbreiteten a-PVP.<\/p>\n","protected":false},"featured_media":5477,"comment_status":"open","ping_status":"closed","template":"","meta":[],"product_brand":[],"product_cat":[2014],"product_tag":[2745,2740,2741,2743,2739,2738,2742,2744,2746,2747],"class_list":{"0":"post-5468","1":"product","2":"type-product","3":"status-publish","4":"has-post-thumbnail","6":"product_cat-kaufen-forschungschemikalien","7":"product_tag-4-cl-pvp-kristall-online-kaufen","8":"product_tag-4-cl-pvp-europe","9":"product_tag-4-cl-pvp-for-sale","10":"product_tag-4-cl-pvp-reddit","11":"product_tag-4-cl-pvp-effekt","12":"product_tag-4-cl-pvp-kristalle-zu-verkaufen","13":"product_tag-4-cl-pvp-bestellung","14":"product_tag-kaufen-4-cl-pvp","15":"product_tag-4-cl-pvp-kristalle-online-kaufen","16":"product_tag-where-to-buy-4-cl-pvp-crystals-online","18":"first","19":"instock","20":"shipping-taxable","21":"purchasable","22":"product-type-variable","23":"has-default-attributes"},"yoast_head":"<!-- This site is optimized with the Yoast SEO plugin v27.3 - https:\/\/yoast.com\/product\/yoast-seo-wordpress\/ -->\n<title>Kaufen Sie 4-CL-PVP-Kristalle - 4-CL-PVP-Kristalle - Best Global Meds<\/title>\n<meta name=\"description\" content=\"Kaufen Sie 4-CL-PVP-Kristalle zum Verkauf in Gro\u00dfbritannien, Europa und der EU. Kaufen Sie 4-CL-PVP-Kristalle\u00a0online, Top-Qualit\u00e4t, kostenloser Versand weltweit verf\u00fcgbar, g\u00fcnstigste aller Zeiten, bester Bestellpreis.\" \/>\n<meta name=\"robots\" content=\"index, follow, max-snippet:-1, max-image-preview:large, max-video-preview:-1\" \/>\n<link rel=\"canonical\" href=\"https:\/\/medicinasinc.com\/de\/product\/4-cl-pvp-kristalle-kaufen\/\" \/>\n<meta property=\"og:locale\" content=\"de_DE\" \/>\n<meta property=\"og:type\" content=\"article\" \/>\n<meta property=\"og:title\" content=\"Kaufen Sie 4-CL-PVP-Kristalle - 4-CL-PVP-Kristalle - Best Global Meds\" \/>\n<meta property=\"og:description\" content=\"Kaufen Sie 4-CL-PVP-Kristalle zum Verkauf in Gro\u00dfbritannien, Europa und der EU. Kaufen Sie 4-CL-PVP-Kristalle\u00a0online, Top-Qualit\u00e4t, kostenloser Versand weltweit verf\u00fcgbar, g\u00fcnstigste aller Zeiten, bester Bestellpreis.\" \/>\n<meta property=\"og:url\" content=\"https:\/\/medicinasinc.com\/de\/product\/4-cl-pvp-kristalle-kaufen\/\" \/>\n<meta property=\"og:site_name\" content=\"Medicinas Inc\" \/>\n<meta property=\"article:modified_time\" content=\"2022-03-18T00:20:54+00:00\" \/>\n<meta property=\"og:image\" content=\"https:\/\/medicinasinc.com\/de\/wp-content\/uploads\/sites\/6\/2022\/02\/Buy-4-CL-PVP-Crystals.jpg\" \/>\n\t<meta property=\"og:image:width\" content=\"275\" \/>\n\t<meta property=\"og:image:height\" content=\"183\" \/>\n\t<meta property=\"og:image:type\" content=\"image\/jpeg\" \/>\n<meta name=\"twitter:card\" content=\"summary_large_image\" \/>\n<meta name=\"twitter:label1\" content=\"Gesch\u00e4tzte Lesezeit\" \/>\n\t<meta name=\"twitter:data1\" content=\"2\u00a0Minuten\" \/>\n<script type=\"application\/ld+json\" class=\"yoast-schema-graph\">{\"@context\":\"https:\\\/\\\/schema.org\",\"@graph\":[{\"@type\":\"WebPage\",\"@id\":\"https:\\\/\\\/medicinasinc.com\\\/de\\\/product\\\/4-cl-pvp-kristalle-kaufen\\\/\",\"url\":\"https:\\\/\\\/medicinasinc.com\\\/de\\\/product\\\/4-cl-pvp-kristalle-kaufen\\\/\",\"name\":\"Kaufen Sie 4-CL-PVP-Kristalle - 4-CL-PVP-Kristalle - Best Global Meds\",\"isPartOf\":{\"@id\":\"https:\\\/\\\/medicinasinc.com\\\/de\\\/#website\"},\"primaryImageOfPage\":{\"@id\":\"https:\\\/\\\/medicinasinc.com\\\/de\\\/product\\\/4-cl-pvp-kristalle-kaufen\\\/#primaryimage\"},\"image\":{\"@id\":\"https:\\\/\\\/medicinasinc.com\\\/de\\\/product\\\/4-cl-pvp-kristalle-kaufen\\\/#primaryimage\"},\"thumbnailUrl\":\"https:\\\/\\\/medicinasinc.com\\\/de\\\/wp-content\\\/uploads\\\/sites\\\/6\\\/2022\\\/02\\\/Buy-4-CL-PVP-Crystals.jpg\",\"datePublished\":\"2022-02-22T00:04:03+00:00\",\"dateModified\":\"2022-03-18T00:20:54+00:00\",\"description\":\"Kaufen Sie 4-CL-PVP-Kristalle zum Verkauf in Gro\u00dfbritannien, Europa und der EU. Kaufen Sie 4-CL-PVP-Kristalle\u00a0online, Top-Qualit\u00e4t, kostenloser Versand weltweit verf\u00fcgbar, g\u00fcnstigste aller Zeiten, bester Bestellpreis.\",\"breadcrumb\":{\"@id\":\"https:\\\/\\\/medicinasinc.com\\\/de\\\/product\\\/4-cl-pvp-kristalle-kaufen\\\/#breadcrumb\"},\"inLanguage\":\"de\",\"potentialAction\":[{\"@type\":\"ReadAction\",\"target\":[\"https:\\\/\\\/medicinasinc.com\\\/de\\\/product\\\/4-cl-pvp-kristalle-kaufen\\\/\"]}]},{\"@type\":\"ImageObject\",\"inLanguage\":\"de\",\"@id\":\"https:\\\/\\\/medicinasinc.com\\\/de\\\/product\\\/4-cl-pvp-kristalle-kaufen\\\/#primaryimage\",\"url\":\"https:\\\/\\\/medicinasinc.com\\\/de\\\/wp-content\\\/uploads\\\/sites\\\/6\\\/2022\\\/02\\\/Buy-4-CL-PVP-Crystals.jpg\",\"contentUrl\":\"https:\\\/\\\/medicinasinc.com\\\/de\\\/wp-content\\\/uploads\\\/sites\\\/6\\\/2022\\\/02\\\/Buy-4-CL-PVP-Crystals.jpg\",\"width\":275,\"height\":183},{\"@type\":\"BreadcrumbList\",\"@id\":\"https:\\\/\\\/medicinasinc.com\\\/de\\\/product\\\/4-cl-pvp-kristalle-kaufen\\\/#breadcrumb\",\"itemListElement\":[{\"@type\":\"ListItem\",\"position\":1,\"name\":\"Einkaufen\",\"item\":\"https:\\\/\\\/medicinasinc.com\\\/de\\\/einkaufen\\\/\"},{\"@type\":\"ListItem\",\"position\":2,\"name\":\"Kaufen Sie 4-CL-PVP-Kristalle\"}]},{\"@type\":\"WebSite\",\"@id\":\"https:\\\/\\\/medicinasinc.com\\\/de\\\/#website\",\"url\":\"https:\\\/\\\/medicinasinc.com\\\/de\\\/\",\"name\":\"Medicinas Inc\",\"description\":\"Health Medical Clinic\",\"potentialAction\":[{\"@type\":\"SearchAction\",\"target\":{\"@type\":\"EntryPoint\",\"urlTemplate\":\"https:\\\/\\\/medicinasinc.com\\\/de\\\/?s={search_term_string}\"},\"query-input\":{\"@type\":\"PropertyValueSpecification\",\"valueRequired\":true,\"valueName\":\"search_term_string\"}}],\"inLanguage\":\"de\"}]}<\/script>\n<!-- \/ Yoast SEO plugin. -->","yoast_head_json":{"title":"Kaufen Sie 4-CL-PVP-Kristalle - 4-CL-PVP-Kristalle - Best Global Meds","description":"Kaufen Sie 4-CL-PVP-Kristalle zum Verkauf in Gro\u00dfbritannien, Europa und der EU. Kaufen Sie 4-CL-PVP-Kristalle\u00a0online, Top-Qualit\u00e4t, kostenloser Versand weltweit verf\u00fcgbar, g\u00fcnstigste aller Zeiten, bester Bestellpreis.","robots":{"index":"index","follow":"follow","max-snippet":"max-snippet:-1","max-image-preview":"max-image-preview:large","max-video-preview":"max-video-preview:-1"},"canonical":"https:\/\/medicinasinc.com\/de\/product\/4-cl-pvp-kristalle-kaufen\/","og_locale":"de_DE","og_type":"article","og_title":"Kaufen Sie 4-CL-PVP-Kristalle - 4-CL-PVP-Kristalle - Best Global Meds","og_description":"Kaufen Sie 4-CL-PVP-Kristalle zum Verkauf in Gro\u00dfbritannien, Europa und der EU. Kaufen Sie 4-CL-PVP-Kristalle\u00a0online, Top-Qualit\u00e4t, kostenloser Versand weltweit verf\u00fcgbar, g\u00fcnstigste aller Zeiten, bester Bestellpreis.","og_url":"https:\/\/medicinasinc.com\/de\/product\/4-cl-pvp-kristalle-kaufen\/","og_site_name":"Medicinas Inc","article_modified_time":"2022-03-18T00:20:54+00:00","og_image":[{"width":275,"height":183,"url":"https:\/\/medicinasinc.com\/de\/wp-content\/uploads\/sites\/6\/2022\/02\/Buy-4-CL-PVP-Crystals.jpg","type":"image\/jpeg"}],"twitter_card":"summary_large_image","twitter_misc":{"Gesch\u00e4tzte Lesezeit":"2\u00a0Minuten"},"schema":{"@context":"https:\/\/schema.org","@graph":[{"@type":"WebPage","@id":"https:\/\/medicinasinc.com\/de\/product\/4-cl-pvp-kristalle-kaufen\/","url":"https:\/\/medicinasinc.com\/de\/product\/4-cl-pvp-kristalle-kaufen\/","name":"Kaufen Sie 4-CL-PVP-Kristalle - 4-CL-PVP-Kristalle - Best Global Meds","isPartOf":{"@id":"https:\/\/medicinasinc.com\/de\/#website"},"primaryImageOfPage":{"@id":"https:\/\/medicinasinc.com\/de\/product\/4-cl-pvp-kristalle-kaufen\/#primaryimage"},"image":{"@id":"https:\/\/medicinasinc.com\/de\/product\/4-cl-pvp-kristalle-kaufen\/#primaryimage"},"thumbnailUrl":"https:\/\/medicinasinc.com\/de\/wp-content\/uploads\/sites\/6\/2022\/02\/Buy-4-CL-PVP-Crystals.jpg","datePublished":"2022-02-22T00:04:03+00:00","dateModified":"2022-03-18T00:20:54+00:00","description":"Kaufen Sie 4-CL-PVP-Kristalle zum Verkauf in Gro\u00dfbritannien, Europa und der EU. Kaufen Sie 4-CL-PVP-Kristalle\u00a0online, Top-Qualit\u00e4t, kostenloser Versand weltweit verf\u00fcgbar, g\u00fcnstigste aller Zeiten, bester Bestellpreis.","breadcrumb":{"@id":"https:\/\/medicinasinc.com\/de\/product\/4-cl-pvp-kristalle-kaufen\/#breadcrumb"},"inLanguage":"de","potentialAction":[{"@type":"ReadAction","target":["https:\/\/medicinasinc.com\/de\/product\/4-cl-pvp-kristalle-kaufen\/"]}]},{"@type":"ImageObject","inLanguage":"de","@id":"https:\/\/medicinasinc.com\/de\/product\/4-cl-pvp-kristalle-kaufen\/#primaryimage","url":"https:\/\/medicinasinc.com\/de\/wp-content\/uploads\/sites\/6\/2022\/02\/Buy-4-CL-PVP-Crystals.jpg","contentUrl":"https:\/\/medicinasinc.com\/de\/wp-content\/uploads\/sites\/6\/2022\/02\/Buy-4-CL-PVP-Crystals.jpg","width":275,"height":183},{"@type":"BreadcrumbList","@id":"https:\/\/medicinasinc.com\/de\/product\/4-cl-pvp-kristalle-kaufen\/#breadcrumb","itemListElement":[{"@type":"ListItem","position":1,"name":"Einkaufen","item":"https:\/\/medicinasinc.com\/de\/einkaufen\/"},{"@type":"ListItem","position":2,"name":"Kaufen Sie 4-CL-PVP-Kristalle"}]},{"@type":"WebSite","@id":"https:\/\/medicinasinc.com\/de\/#website","url":"https:\/\/medicinasinc.com\/de\/","name":"Medicinas Inc","description":"Health Medical Clinic","potentialAction":[{"@type":"SearchAction","target":{"@type":"EntryPoint","urlTemplate":"https:\/\/medicinasinc.com\/de\/?s={search_term_string}"},"query-input":{"@type":"PropertyValueSpecification","valueRequired":true,"valueName":"search_term_string"}}],"inLanguage":"de"}]}},"_links":{"self":[{"href":"https:\/\/medicinasinc.com\/de\/wp-json\/wp\/v2\/product\/5468","targetHints":{"allow":["GET"]}}],"collection":[{"href":"https:\/\/medicinasinc.com\/de\/wp-json\/wp\/v2\/product"}],"about":[{"href":"https:\/\/medicinasinc.com\/de\/wp-json\/wp\/v2\/types\/product"}],"replies":[{"embeddable":true,"href":"https:\/\/medicinasinc.com\/de\/wp-json\/wp\/v2\/comments?post=5468"}],"wp:featuredmedia":[{"embeddable":true,"href":"https:\/\/medicinasinc.com\/de\/wp-json\/wp\/v2\/media\/5477"}],"wp:attachment":[{"href":"https:\/\/medicinasinc.com\/de\/wp-json\/wp\/v2\/media?parent=5468"}],"wp:term":[{"taxonomy":"product_brand","embeddable":true,"href":"https:\/\/medicinasinc.com\/de\/wp-json\/wp\/v2\/product_brand?post=5468"},{"taxonomy":"product_cat","embeddable":true,"href":"https:\/\/medicinasinc.com\/de\/wp-json\/wp\/v2\/product_cat?post=5468"},{"taxonomy":"product_tag","embeddable":true,"href":"https:\/\/medicinasinc.com\/de\/wp-json\/wp\/v2\/product_tag?post=5468"}],"curies":[{"name":"wp","href":"https:\/\/api.w.org\/{rel}","templated":true}]}}