{"id":5443,"date":"2022-02-21T23:37:16","date_gmt":"2022-02-21T23:37:16","guid":{"rendered":"https:\/\/medicinasinc.com\/de\/?post_type=product&#038;p=5443"},"modified":"2022-03-18T00:21:03","modified_gmt":"2022-03-18T00:21:03","slug":"buphedron-pulver-kaufen","status":"publish","type":"product","link":"https:\/\/medicinasinc.com\/de\/product\/buphedron-pulver-kaufen\/","title":{"rendered":"Buphedronpulver kaufen"},"content":{"rendered":"<p>Kaufen Sie Buphedron-Pulver<\/p>\n<p>St\u00f6bern Sie in unserem Online-Katalog f\u00fcr Buphedron-Pulver oder -Kristalle. Wir bieten qualitativ hochwertige Produkte zu g\u00fcnstigen Preisen. Bestellungen mit einer &#8222;Zwischensumme&#8220; von mindestens 10 g erhalten einen Rabatt von 25 %.<\/p>\n<p>Was genau ist Buphedron?<br \/> Diese bekannte Forschungschemikalie ist ein Stimulans aus der Klasse der Phenethylamin- und Cathinon-Chemikalien. Buphedron ist ein Beta-Keton, das mit den nat\u00fcrlich vorkommenden Verbindungen Cathinon und Cathin verwandt ist. Es ist auch als -Methylamino-Butyrophenon oder Phenylacetoethyl-Methylamin bekannt.<\/p>\n<p>Buphedrone-Pulver\/Buphedrone-Pulver kaufen<\/p>\n<p>Pulverisiertes Buphedron<\/p>\n<p>Es ist auch mit Methamphetamin verwandt, mit dem -Keton-Substituenten (am Beta-Kohlenstoff) und einer Ethylgruppe, die die Methylgruppe am Alpha-Kohlenstoff des Amins ersetzt. Seine Wirkungen auf Testpersonen wurden mit denen von Methamphetamin verglichen, wobei in Studien mehr Euphorie und weniger k\u00f6rperliche Stimulation beobachtet wurden. Es erh\u00f6ht die Dopaminfreisetzung von dopaminergen Nervenenden im Gehirn.<\/p>\n<p>Pulverf\u00f6rmiger Buphedron<\/p>\n<p>Cathinon-Ersatzstoffe, wie Ethcathinon, sind psychoaktive Verbindungen, die h\u00e4ufig als Freizeitdrogen verwendet werden.<\/p>\n<p>Einige von ihnen haben Amphetamin-\u00e4hnliche Wirkungen.<\/p>\n<p>3 Buphedron (Hydrochlorid) ist ein substituiertes Cathinon mit einer Ethylgruppe an der Alpha-Position und einer Methylgruppe am N-Terminus. Diese Verbindung wurde in stimulanzienverwandten Produkten gefunden. 2 Seine biologischen und toxikologischen Eigenschaften m\u00fcssen noch bestimmt werden. Dieses Produkt ist f\u00fcr forensische Zwecke vorgesehen.<\/p>\n","protected":false},"excerpt":{"rendered":"<div class=\"woocommerce-product-details__short-description\">\n<p><em>Kaufen<\/em>\u00a0reines hochwertiges\u00a0<em>Buphedronpulver<\/em>\u00a0online mit Bitcoin &#8211; <em>Kaufen<\/em>\u00a0legale Medikamente online,\u00a0<em>kaufen<\/em>\u00a0Forschungschemikalien,\u00a0<em>kaufen<\/em>\u00a0rohe pharmazeutische\u00a0<em>Pulver<\/em>.<\/p>\n<p>Kaufen Buphedron-Pulver in den USA Kaufen Sie in loser Sch\u00fcttung Buphedron, auch bekannt als MABP, ist ein Stimulans der chemischen Klasse Phenethylamin und Cathinon.<\/p>\n<p>Kaufen Sie Buphedron-Pulver online.<\/p>\n<p>Buphedron, auch bekannt als -Methylamino -Butyrophenon (MABP) ist ein Phenethylamin- und Cathinon-Stimulans, das erstmals 1928 synthetisiert wurde.<\/p>\n<\/p><\/div>\n","protected":false},"featured_media":5455,"comment_status":"open","ping_status":"closed","template":"","meta":[],"product_brand":[],"product_cat":[2014],"product_tag":[2735,2726,2727,2732,2733,2730,2728,2731,2734,2729,2736,2737],"class_list":{"0":"post-5443","1":"product","2":"type-product","3":"status-publish","4":"has-post-thumbnail","6":"product_cat-kaufen-forschungschemikalien","7":"product_tag-bestellen-sie-buphedron-pulver","8":"product_tag-buphedron-pulver","9":"product_tag-buphedron-pulver-effekt","10":"product_tag-buphedrone-powder-reddit","11":"product_tag-buphedrone-powder-uk","12":"product_tag-buphedron-pulver-deutschland","13":"product_tag-buphedron-pulver-europa","14":"product_tag-buphedron-pulver-italien","15":"product_tag-buphedron-pulver-kaufen","16":"product_tag-buphedron-pulver-zum-verkauf","17":"product_tag-qualitts-bupedron-pulver","18":"product_tag-where-to-buy-buphedrone-powder","20":"first","21":"instock","22":"shipping-taxable","23":"purchasable","24":"product-type-variable"},"yoast_head":"<!-- This site is optimized with the Yoast SEO plugin v27.3 - https:\/\/yoast.com\/product\/yoast-seo-wordpress\/ -->\n<title>Kaufen Sie Buphedron-Pulver - Buphedron-Pulver - Best Global Meds<\/title>\n<meta name=\"description\" content=\"Kaufen Sie Buphedron-Pulver zum Verkauf in Gro\u00dfbritannien, der EU, Europa (\u03b1-Methylamino-Butyrophenon oder MABP) Kristall und Pulver mit einer Reinheit von 99,9% online mit gesichertem .\" \/>\n<meta name=\"robots\" content=\"index, follow, max-snippet:-1, max-image-preview:large, max-video-preview:-1\" \/>\n<link rel=\"canonical\" href=\"https:\/\/medicinasinc.com\/de\/product\/buphedron-pulver-kaufen\/\" \/>\n<meta property=\"og:locale\" content=\"de_DE\" \/>\n<meta property=\"og:type\" content=\"article\" \/>\n<meta property=\"og:title\" content=\"Kaufen Sie Buphedron-Pulver - Buphedron-Pulver - Best Global Meds\" \/>\n<meta property=\"og:description\" content=\"Kaufen Sie Buphedron-Pulver zum Verkauf in Gro\u00dfbritannien, der EU, Europa (\u03b1-Methylamino-Butyrophenon oder MABP) Kristall und Pulver mit einer Reinheit von 99,9% online mit gesichertem .\" \/>\n<meta property=\"og:url\" content=\"https:\/\/medicinasinc.com\/de\/product\/buphedron-pulver-kaufen\/\" \/>\n<meta property=\"og:site_name\" content=\"Medicinas Inc\" \/>\n<meta property=\"article:modified_time\" content=\"2022-03-18T00:21:03+00:00\" \/>\n<meta property=\"og:image\" content=\"https:\/\/medicinasinc.com\/de\/wp-content\/uploads\/sites\/6\/2022\/02\/Buy-Buphedrone-powder.png\" \/>\n\t<meta property=\"og:image:width\" content=\"600\" \/>\n\t<meta property=\"og:image:height\" content=\"400\" \/>\n\t<meta property=\"og:image:type\" content=\"image\/png\" \/>\n<meta name=\"twitter:card\" content=\"summary_large_image\" \/>\n<meta name=\"twitter:label1\" content=\"Gesch\u00e4tzte Lesezeit\" \/>\n\t<meta name=\"twitter:data1\" content=\"1\u00a0Minute\" \/>\n<script type=\"application\/ld+json\" class=\"yoast-schema-graph\">{\"@context\":\"https:\\\/\\\/schema.org\",\"@graph\":[{\"@type\":\"WebPage\",\"@id\":\"https:\\\/\\\/medicinasinc.com\\\/de\\\/product\\\/buphedron-pulver-kaufen\\\/\",\"url\":\"https:\\\/\\\/medicinasinc.com\\\/de\\\/product\\\/buphedron-pulver-kaufen\\\/\",\"name\":\"Kaufen Sie Buphedron-Pulver - Buphedron-Pulver - Best Global Meds\",\"isPartOf\":{\"@id\":\"https:\\\/\\\/medicinasinc.com\\\/de\\\/#website\"},\"primaryImageOfPage\":{\"@id\":\"https:\\\/\\\/medicinasinc.com\\\/de\\\/product\\\/buphedron-pulver-kaufen\\\/#primaryimage\"},\"image\":{\"@id\":\"https:\\\/\\\/medicinasinc.com\\\/de\\\/product\\\/buphedron-pulver-kaufen\\\/#primaryimage\"},\"thumbnailUrl\":\"https:\\\/\\\/medicinasinc.com\\\/de\\\/wp-content\\\/uploads\\\/sites\\\/6\\\/2022\\\/02\\\/Buy-Buphedrone-powder.png\",\"datePublished\":\"2022-02-21T23:37:16+00:00\",\"dateModified\":\"2022-03-18T00:21:03+00:00\",\"description\":\"Kaufen Sie Buphedron-Pulver zum Verkauf in Gro\u00dfbritannien, der EU, Europa (\u03b1-Methylamino-Butyrophenon oder MABP) Kristall und Pulver mit einer Reinheit von 99,9% online mit gesichertem .\",\"breadcrumb\":{\"@id\":\"https:\\\/\\\/medicinasinc.com\\\/de\\\/product\\\/buphedron-pulver-kaufen\\\/#breadcrumb\"},\"inLanguage\":\"de\",\"potentialAction\":[{\"@type\":\"ReadAction\",\"target\":[\"https:\\\/\\\/medicinasinc.com\\\/de\\\/product\\\/buphedron-pulver-kaufen\\\/\"]}]},{\"@type\":\"ImageObject\",\"inLanguage\":\"de\",\"@id\":\"https:\\\/\\\/medicinasinc.com\\\/de\\\/product\\\/buphedron-pulver-kaufen\\\/#primaryimage\",\"url\":\"https:\\\/\\\/medicinasinc.com\\\/de\\\/wp-content\\\/uploads\\\/sites\\\/6\\\/2022\\\/02\\\/Buy-Buphedrone-powder.png\",\"contentUrl\":\"https:\\\/\\\/medicinasinc.com\\\/de\\\/wp-content\\\/uploads\\\/sites\\\/6\\\/2022\\\/02\\\/Buy-Buphedrone-powder.png\",\"width\":600,\"height\":400},{\"@type\":\"BreadcrumbList\",\"@id\":\"https:\\\/\\\/medicinasinc.com\\\/de\\\/product\\\/buphedron-pulver-kaufen\\\/#breadcrumb\",\"itemListElement\":[{\"@type\":\"ListItem\",\"position\":1,\"name\":\"Einkaufen\",\"item\":\"https:\\\/\\\/medicinasinc.com\\\/de\\\/einkaufen\\\/\"},{\"@type\":\"ListItem\",\"position\":2,\"name\":\"Buphedronpulver kaufen\"}]},{\"@type\":\"WebSite\",\"@id\":\"https:\\\/\\\/medicinasinc.com\\\/de\\\/#website\",\"url\":\"https:\\\/\\\/medicinasinc.com\\\/de\\\/\",\"name\":\"Medicinas Inc\",\"description\":\"Health Medical Clinic\",\"potentialAction\":[{\"@type\":\"SearchAction\",\"target\":{\"@type\":\"EntryPoint\",\"urlTemplate\":\"https:\\\/\\\/medicinasinc.com\\\/de\\\/?s={search_term_string}\"},\"query-input\":{\"@type\":\"PropertyValueSpecification\",\"valueRequired\":true,\"valueName\":\"search_term_string\"}}],\"inLanguage\":\"de\"}]}<\/script>\n<!-- \/ Yoast SEO plugin. -->","yoast_head_json":{"title":"Kaufen Sie Buphedron-Pulver - Buphedron-Pulver - Best Global Meds","description":"Kaufen Sie Buphedron-Pulver zum Verkauf in Gro\u00dfbritannien, der EU, Europa (\u03b1-Methylamino-Butyrophenon oder MABP) Kristall und Pulver mit einer Reinheit von 99,9% online mit gesichertem .","robots":{"index":"index","follow":"follow","max-snippet":"max-snippet:-1","max-image-preview":"max-image-preview:large","max-video-preview":"max-video-preview:-1"},"canonical":"https:\/\/medicinasinc.com\/de\/product\/buphedron-pulver-kaufen\/","og_locale":"de_DE","og_type":"article","og_title":"Kaufen Sie Buphedron-Pulver - Buphedron-Pulver - Best Global Meds","og_description":"Kaufen Sie Buphedron-Pulver zum Verkauf in Gro\u00dfbritannien, der EU, Europa (\u03b1-Methylamino-Butyrophenon oder MABP) Kristall und Pulver mit einer Reinheit von 99,9% online mit gesichertem .","og_url":"https:\/\/medicinasinc.com\/de\/product\/buphedron-pulver-kaufen\/","og_site_name":"Medicinas Inc","article_modified_time":"2022-03-18T00:21:03+00:00","og_image":[{"width":600,"height":400,"url":"https:\/\/medicinasinc.com\/de\/wp-content\/uploads\/sites\/6\/2022\/02\/Buy-Buphedrone-powder.png","type":"image\/png"}],"twitter_card":"summary_large_image","twitter_misc":{"Gesch\u00e4tzte Lesezeit":"1\u00a0Minute"},"schema":{"@context":"https:\/\/schema.org","@graph":[{"@type":"WebPage","@id":"https:\/\/medicinasinc.com\/de\/product\/buphedron-pulver-kaufen\/","url":"https:\/\/medicinasinc.com\/de\/product\/buphedron-pulver-kaufen\/","name":"Kaufen Sie Buphedron-Pulver - Buphedron-Pulver - Best Global Meds","isPartOf":{"@id":"https:\/\/medicinasinc.com\/de\/#website"},"primaryImageOfPage":{"@id":"https:\/\/medicinasinc.com\/de\/product\/buphedron-pulver-kaufen\/#primaryimage"},"image":{"@id":"https:\/\/medicinasinc.com\/de\/product\/buphedron-pulver-kaufen\/#primaryimage"},"thumbnailUrl":"https:\/\/medicinasinc.com\/de\/wp-content\/uploads\/sites\/6\/2022\/02\/Buy-Buphedrone-powder.png","datePublished":"2022-02-21T23:37:16+00:00","dateModified":"2022-03-18T00:21:03+00:00","description":"Kaufen Sie Buphedron-Pulver zum Verkauf in Gro\u00dfbritannien, der EU, Europa (\u03b1-Methylamino-Butyrophenon oder MABP) Kristall und Pulver mit einer Reinheit von 99,9% online mit gesichertem .","breadcrumb":{"@id":"https:\/\/medicinasinc.com\/de\/product\/buphedron-pulver-kaufen\/#breadcrumb"},"inLanguage":"de","potentialAction":[{"@type":"ReadAction","target":["https:\/\/medicinasinc.com\/de\/product\/buphedron-pulver-kaufen\/"]}]},{"@type":"ImageObject","inLanguage":"de","@id":"https:\/\/medicinasinc.com\/de\/product\/buphedron-pulver-kaufen\/#primaryimage","url":"https:\/\/medicinasinc.com\/de\/wp-content\/uploads\/sites\/6\/2022\/02\/Buy-Buphedrone-powder.png","contentUrl":"https:\/\/medicinasinc.com\/de\/wp-content\/uploads\/sites\/6\/2022\/02\/Buy-Buphedrone-powder.png","width":600,"height":400},{"@type":"BreadcrumbList","@id":"https:\/\/medicinasinc.com\/de\/product\/buphedron-pulver-kaufen\/#breadcrumb","itemListElement":[{"@type":"ListItem","position":1,"name":"Einkaufen","item":"https:\/\/medicinasinc.com\/de\/einkaufen\/"},{"@type":"ListItem","position":2,"name":"Buphedronpulver kaufen"}]},{"@type":"WebSite","@id":"https:\/\/medicinasinc.com\/de\/#website","url":"https:\/\/medicinasinc.com\/de\/","name":"Medicinas Inc","description":"Health Medical Clinic","potentialAction":[{"@type":"SearchAction","target":{"@type":"EntryPoint","urlTemplate":"https:\/\/medicinasinc.com\/de\/?s={search_term_string}"},"query-input":{"@type":"PropertyValueSpecification","valueRequired":true,"valueName":"search_term_string"}}],"inLanguage":"de"}]}},"_links":{"self":[{"href":"https:\/\/medicinasinc.com\/de\/wp-json\/wp\/v2\/product\/5443","targetHints":{"allow":["GET"]}}],"collection":[{"href":"https:\/\/medicinasinc.com\/de\/wp-json\/wp\/v2\/product"}],"about":[{"href":"https:\/\/medicinasinc.com\/de\/wp-json\/wp\/v2\/types\/product"}],"replies":[{"embeddable":true,"href":"https:\/\/medicinasinc.com\/de\/wp-json\/wp\/v2\/comments?post=5443"}],"wp:featuredmedia":[{"embeddable":true,"href":"https:\/\/medicinasinc.com\/de\/wp-json\/wp\/v2\/media\/5455"}],"wp:attachment":[{"href":"https:\/\/medicinasinc.com\/de\/wp-json\/wp\/v2\/media?parent=5443"}],"wp:term":[{"taxonomy":"product_brand","embeddable":true,"href":"https:\/\/medicinasinc.com\/de\/wp-json\/wp\/v2\/product_brand?post=5443"},{"taxonomy":"product_cat","embeddable":true,"href":"https:\/\/medicinasinc.com\/de\/wp-json\/wp\/v2\/product_cat?post=5443"},{"taxonomy":"product_tag","embeddable":true,"href":"https:\/\/medicinasinc.com\/de\/wp-json\/wp\/v2\/product_tag?post=5443"}],"curies":[{"name":"wp","href":"https:\/\/api.w.org\/{rel}","templated":true}]}}