{"id":5442,"date":"2022-02-21T23:35:16","date_gmt":"2022-02-21T23:35:16","guid":{"rendered":"https:\/\/medicinasinc.com\/de\/?post_type=product&#038;p=5442"},"modified":"2022-08-03T08:06:02","modified_gmt":"2022-08-03T08:06:02","slug":"kaufen-alprazolam-pulver","status":"publish","type":"product","link":"https:\/\/medicinasinc.com\/de\/product\/kaufen-alprazolam-pulver\/","title":{"rendered":"Kaufen Sie Alprazolam-Pulver"},"content":{"rendered":"<p>Verkauf von Alprazolam<\/p>\n<p>Alprazolam ist ein starkes Benzodiazepin mit einer kurzen Halbwertszeit, das das zentrale Nervensystem entspannt. Dieses Medikament wird haupts\u00e4chlich zur Behandlung von Angst- und Panikst\u00f6rungen eingesetzt. Die zunehmende geriatrische Bev\u00f6lkerung, die anf\u00e4llig f\u00fcr Depressionen ist, sowie die Pr\u00e4valenz von Angstst\u00f6rungen wie Phobien und generalisierten \u00c4ngsten treiben die Nachfrage nach Alprazolam-Pulver an. Dar\u00fcber hinaus wird das Wachstum der Branche durch den schnelllebigen und stressigen Lebensstil angeheizt, der zu Depressionen f\u00fchrt. Dar\u00fcber hinaus sind im Prognosezeitraum Forschungs- und Entwicklungsarbeiten zu Alprazolam geplant, um neue M\u00f6glichkeiten zu erkunden. Strenge staatliche Vorschriften und ung\u00fcnstige Arzneimittelwirkungen wie Drogenabh\u00e4ngigkeit bremsen dagegen das Wachstum. ALPRAZOLAM kann online gekauft werden, sowie ALPRAZOLAM zum Verkauf.<\/p>\n<p>Verwendung<\/p>\n<p>Alprazolam wird zur Behandlung von Angst- und Panikst\u00f6rungen (pl\u00f6tzliche, unvorhersehbare Episoden intensiver Angst und Besorgnis \u00fcber diese Episoden) verwendet ). Alprazolam geh\u00f6rt zur Wirkstoffklasse der Benzodiazepine. Dies reduziert \u00fcberm\u00e4\u00dfige Erregung im Gehirn. Alprazolam wird auch zur Behandlung von Depressionen, Angstzust\u00e4nden in der \u00d6ffentlichkeit und dem pr\u00e4menstruellen Syndrom eingesetzt. Es kann in schmerzhaften Situationen eingesetzt werden. Besprechen Sie mit Ihrem Arzt die potenziellen Risiken f\u00fcr Ihren Zustand, wenn Sie dieses Medikament verwenden.<\/p>\n<p>Dosierung<\/p>\n<p>Alprazolam ist in Form von Tabletten, Retardtabletten und oral zerfallenden Tabletten erh\u00e4ltlich (eine Tablette, die schnell l\u00f6st sich im Mund auf). Die Tablette, die sich im Mund aufl\u00f6sende Tablette und die konzentrierten L\u00f6sungen werden typischerweise zwei- bis viermal t\u00e4glich eingenommen. Die Remote-Tablette wird normalerweise einmal t\u00e4glich morgens eingenommen. Achten Sie genau auf die Hinweise auf Ihrer Rezeptkarte und bitten Sie Ihren Apotheker oder Arzt, Ihnen alles zu erkl\u00e4ren, was Sie nicht verstehen. Nehmen Sie Alprazolam genau nach Anweisung ein. Verwenden Sie zur Einnahme der konzentrierten Fl\u00fcssigkeit nur die mit dem Rezept gelieferte Pipette. F\u00fcllen Sie die Pipette mit der erforderlichen Dosis. Dr\u00fccken Sie die Pipette in fl\u00fcssige oder halbfeste Lebensmittel wie Tee, Milch, Limonade, Apfelsuppe oder Pudding. Mischen Sie Fl\u00fcssigkeit oder Lebensmittel einige Sekunden lang vorsichtig. Die Fl\u00fcssigkeit wird vollst\u00e4ndig von der Nahrung aufgenommen. Trinken oder essen Sie die gesamte Mischung sofort. Nehmen Sie die Tablette aus der Flasche ein, kurz bevor Ihre Dosis f\u00e4llig ist. \u00d6ffnen Sie mit trockenen Handfl\u00e4chen die Flasche, entnehmen Sie die Tablette und legen Sie sie sofort auf Ihre Zunge. Die Tablette kann sich aufl\u00f6sen und mit Speichel geschluckt werden.<\/p>\n","protected":false},"excerpt":{"rendered":"<div class=\"woocommerce-product-details__short-description\">\n<p><em>Kaufen<\/em> Alprazolam online \u2013 Medicinasinc.com ist der beste Lieferant und Anbieter von <em>Alprazolam-Pulver<\/em>, wo Sie Xanax-Pulver im Gro\u00dfhandel\u00a0<em>kaufen<\/em> k\u00f6nnen. <em>Bestellen<\/em>\u00a0Jetzt!<\/p>\n<p>Alprazolam-Pulver kann online gekauft werden. Echtes Alprazolam-Pulver zum Verkauf online \u2013 Alprazolam-Pulver zum Verkauf online | Alprazolam Pulver online kaufen | Kaufen Sie Alprazolam-Pulver zum Verkauf online | G\u00fcnstig Alprazolam Pulver online kaufen | Wo kann man Alprazolam-Pulver online kaufen<\/p>\n<\/div>\n","protected":false},"featured_media":5453,"comment_status":"open","ping_status":"closed","template":"","meta":[],"product_brand":[],"product_cat":[2014],"product_tag":[1152,2722,2723,2721,2719,1153,2720,2724,2725],"class_list":{"0":"post-5442","1":"product","2":"type-product","3":"status-publish","4":"has-post-thumbnail","6":"product_cat-kaufen-forschungschemikalien","7":"product_tag-alprazolam-powder","8":"product_tag-alprazolam-powder-reddit","9":"product_tag-alprazolam-powder-uk","10":"product_tag-alprazolam-pulver-europa","11":"product_tag-alprazolam-pulver-kaufen","12":"product_tag-alprazolam-pulver-zum-verkauf","13":"product_tag-alprazolam-pulver-effekt","14":"product_tag-kaufen-alprazolam-pulver","15":"product_tag-kaufen-alprazolam-pulver-europa","17":"first","18":"instock","19":"shipping-taxable","20":"purchasable","21":"product-type-variable","22":"has-default-attributes"},"yoast_head":"<!-- This site is optimized with the Yoast SEO plugin v27.3 - https:\/\/yoast.com\/product\/yoast-seo-wordpress\/ -->\n<title>Kaufen Sie Alprazolam-Pulver - Alprazolam-Pulver - Best Global Meds<\/title>\n<meta name=\"description\" content=\"Kaufen Sie Alprazolam-Pulver online. Echtes Alprazolam-Pulver online \u2013 Alprazolam-Pulver zum Verkauf | Alprazolam Pulver online kaufen | Kaufen Sie Alprazolam-Pulver zum Verkauf | Alprazolam Pulver g\u00fcnstig kaufen | Wo kann man Alprazolam-Pulver online kaufen?\" \/>\n<meta name=\"robots\" content=\"index, follow, max-snippet:-1, max-image-preview:large, max-video-preview:-1\" \/>\n<link rel=\"canonical\" href=\"https:\/\/medicinasinc.com\/de\/product\/kaufen-alprazolam-pulver\/\" \/>\n<meta property=\"og:locale\" content=\"de_DE\" \/>\n<meta property=\"og:type\" content=\"article\" \/>\n<meta property=\"og:title\" content=\"Kaufen Sie Alprazolam-Pulver - Alprazolam-Pulver - Best Global Meds\" \/>\n<meta property=\"og:description\" content=\"Kaufen Sie Alprazolam-Pulver online. Echtes Alprazolam-Pulver online \u2013 Alprazolam-Pulver zum Verkauf | Alprazolam Pulver online kaufen | Kaufen Sie Alprazolam-Pulver zum Verkauf | Alprazolam Pulver g\u00fcnstig kaufen | Wo kann man Alprazolam-Pulver online kaufen?\" \/>\n<meta property=\"og:url\" content=\"https:\/\/medicinasinc.com\/de\/product\/kaufen-alprazolam-pulver\/\" \/>\n<meta property=\"og:site_name\" content=\"Medicinas Inc\" \/>\n<meta property=\"article:modified_time\" content=\"2022-08-03T08:06:02+00:00\" \/>\n<meta property=\"og:image\" content=\"https:\/\/medicinasinc.com\/de\/wp-content\/uploads\/sites\/6\/2022\/02\/Buy-Alprazolam-powder.jpg\" \/>\n\t<meta property=\"og:image:width\" content=\"259\" \/>\n\t<meta property=\"og:image:height\" content=\"194\" \/>\n\t<meta property=\"og:image:type\" content=\"image\/jpeg\" \/>\n<meta name=\"twitter:card\" content=\"summary_large_image\" \/>\n<meta name=\"twitter:label1\" content=\"Gesch\u00e4tzte Lesezeit\" \/>\n\t<meta name=\"twitter:data1\" content=\"2\u00a0Minuten\" \/>\n<script type=\"application\/ld+json\" class=\"yoast-schema-graph\">{\"@context\":\"https:\\\/\\\/schema.org\",\"@graph\":[{\"@type\":\"WebPage\",\"@id\":\"https:\\\/\\\/medicinasinc.com\\\/de\\\/product\\\/kaufen-alprazolam-pulver\\\/\",\"url\":\"https:\\\/\\\/medicinasinc.com\\\/de\\\/product\\\/kaufen-alprazolam-pulver\\\/\",\"name\":\"Kaufen Sie Alprazolam-Pulver - Alprazolam-Pulver - Best Global Meds\",\"isPartOf\":{\"@id\":\"https:\\\/\\\/medicinasinc.com\\\/de\\\/#website\"},\"primaryImageOfPage\":{\"@id\":\"https:\\\/\\\/medicinasinc.com\\\/de\\\/product\\\/kaufen-alprazolam-pulver\\\/#primaryimage\"},\"image\":{\"@id\":\"https:\\\/\\\/medicinasinc.com\\\/de\\\/product\\\/kaufen-alprazolam-pulver\\\/#primaryimage\"},\"thumbnailUrl\":\"https:\\\/\\\/medicinasinc.com\\\/de\\\/wp-content\\\/uploads\\\/sites\\\/6\\\/2022\\\/02\\\/Buy-Alprazolam-powder.jpg\",\"datePublished\":\"2022-02-21T23:35:16+00:00\",\"dateModified\":\"2022-08-03T08:06:02+00:00\",\"description\":\"Kaufen Sie Alprazolam-Pulver online. Echtes Alprazolam-Pulver online \u2013 Alprazolam-Pulver zum Verkauf | Alprazolam Pulver online kaufen | Kaufen Sie Alprazolam-Pulver zum Verkauf | Alprazolam Pulver g\u00fcnstig kaufen | Wo kann man Alprazolam-Pulver online kaufen?\",\"breadcrumb\":{\"@id\":\"https:\\\/\\\/medicinasinc.com\\\/de\\\/product\\\/kaufen-alprazolam-pulver\\\/#breadcrumb\"},\"inLanguage\":\"de\",\"potentialAction\":[{\"@type\":\"ReadAction\",\"target\":[\"https:\\\/\\\/medicinasinc.com\\\/de\\\/product\\\/kaufen-alprazolam-pulver\\\/\"]}]},{\"@type\":\"ImageObject\",\"inLanguage\":\"de\",\"@id\":\"https:\\\/\\\/medicinasinc.com\\\/de\\\/product\\\/kaufen-alprazolam-pulver\\\/#primaryimage\",\"url\":\"https:\\\/\\\/medicinasinc.com\\\/de\\\/wp-content\\\/uploads\\\/sites\\\/6\\\/2022\\\/02\\\/Buy-Alprazolam-powder.jpg\",\"contentUrl\":\"https:\\\/\\\/medicinasinc.com\\\/de\\\/wp-content\\\/uploads\\\/sites\\\/6\\\/2022\\\/02\\\/Buy-Alprazolam-powder.jpg\",\"width\":259,\"height\":194},{\"@type\":\"BreadcrumbList\",\"@id\":\"https:\\\/\\\/medicinasinc.com\\\/de\\\/product\\\/kaufen-alprazolam-pulver\\\/#breadcrumb\",\"itemListElement\":[{\"@type\":\"ListItem\",\"position\":1,\"name\":\"Einkaufen\",\"item\":\"https:\\\/\\\/medicinasinc.com\\\/de\\\/einkaufen\\\/\"},{\"@type\":\"ListItem\",\"position\":2,\"name\":\"Kaufen Sie Alprazolam-Pulver\"}]},{\"@type\":\"WebSite\",\"@id\":\"https:\\\/\\\/medicinasinc.com\\\/de\\\/#website\",\"url\":\"https:\\\/\\\/medicinasinc.com\\\/de\\\/\",\"name\":\"Medicinas Inc\",\"description\":\"Health Medical Clinic\",\"potentialAction\":[{\"@type\":\"SearchAction\",\"target\":{\"@type\":\"EntryPoint\",\"urlTemplate\":\"https:\\\/\\\/medicinasinc.com\\\/de\\\/?s={search_term_string}\"},\"query-input\":{\"@type\":\"PropertyValueSpecification\",\"valueRequired\":true,\"valueName\":\"search_term_string\"}}],\"inLanguage\":\"de\"}]}<\/script>\n<!-- \/ Yoast SEO plugin. -->","yoast_head_json":{"title":"Kaufen Sie Alprazolam-Pulver - Alprazolam-Pulver - Best Global Meds","description":"Kaufen Sie Alprazolam-Pulver online. Echtes Alprazolam-Pulver online \u2013 Alprazolam-Pulver zum Verkauf | Alprazolam Pulver online kaufen | Kaufen Sie Alprazolam-Pulver zum Verkauf | Alprazolam Pulver g\u00fcnstig kaufen | Wo kann man Alprazolam-Pulver online kaufen?","robots":{"index":"index","follow":"follow","max-snippet":"max-snippet:-1","max-image-preview":"max-image-preview:large","max-video-preview":"max-video-preview:-1"},"canonical":"https:\/\/medicinasinc.com\/de\/product\/kaufen-alprazolam-pulver\/","og_locale":"de_DE","og_type":"article","og_title":"Kaufen Sie Alprazolam-Pulver - Alprazolam-Pulver - Best Global Meds","og_description":"Kaufen Sie Alprazolam-Pulver online. Echtes Alprazolam-Pulver online \u2013 Alprazolam-Pulver zum Verkauf | Alprazolam Pulver online kaufen | Kaufen Sie Alprazolam-Pulver zum Verkauf | Alprazolam Pulver g\u00fcnstig kaufen | Wo kann man Alprazolam-Pulver online kaufen?","og_url":"https:\/\/medicinasinc.com\/de\/product\/kaufen-alprazolam-pulver\/","og_site_name":"Medicinas Inc","article_modified_time":"2022-08-03T08:06:02+00:00","og_image":[{"width":259,"height":194,"url":"https:\/\/medicinasinc.com\/de\/wp-content\/uploads\/sites\/6\/2022\/02\/Buy-Alprazolam-powder.jpg","type":"image\/jpeg"}],"twitter_card":"summary_large_image","twitter_misc":{"Gesch\u00e4tzte Lesezeit":"2\u00a0Minuten"},"schema":{"@context":"https:\/\/schema.org","@graph":[{"@type":"WebPage","@id":"https:\/\/medicinasinc.com\/de\/product\/kaufen-alprazolam-pulver\/","url":"https:\/\/medicinasinc.com\/de\/product\/kaufen-alprazolam-pulver\/","name":"Kaufen Sie Alprazolam-Pulver - Alprazolam-Pulver - Best Global Meds","isPartOf":{"@id":"https:\/\/medicinasinc.com\/de\/#website"},"primaryImageOfPage":{"@id":"https:\/\/medicinasinc.com\/de\/product\/kaufen-alprazolam-pulver\/#primaryimage"},"image":{"@id":"https:\/\/medicinasinc.com\/de\/product\/kaufen-alprazolam-pulver\/#primaryimage"},"thumbnailUrl":"https:\/\/medicinasinc.com\/de\/wp-content\/uploads\/sites\/6\/2022\/02\/Buy-Alprazolam-powder.jpg","datePublished":"2022-02-21T23:35:16+00:00","dateModified":"2022-08-03T08:06:02+00:00","description":"Kaufen Sie Alprazolam-Pulver online. Echtes Alprazolam-Pulver online \u2013 Alprazolam-Pulver zum Verkauf | Alprazolam Pulver online kaufen | Kaufen Sie Alprazolam-Pulver zum Verkauf | Alprazolam Pulver g\u00fcnstig kaufen | Wo kann man Alprazolam-Pulver online kaufen?","breadcrumb":{"@id":"https:\/\/medicinasinc.com\/de\/product\/kaufen-alprazolam-pulver\/#breadcrumb"},"inLanguage":"de","potentialAction":[{"@type":"ReadAction","target":["https:\/\/medicinasinc.com\/de\/product\/kaufen-alprazolam-pulver\/"]}]},{"@type":"ImageObject","inLanguage":"de","@id":"https:\/\/medicinasinc.com\/de\/product\/kaufen-alprazolam-pulver\/#primaryimage","url":"https:\/\/medicinasinc.com\/de\/wp-content\/uploads\/sites\/6\/2022\/02\/Buy-Alprazolam-powder.jpg","contentUrl":"https:\/\/medicinasinc.com\/de\/wp-content\/uploads\/sites\/6\/2022\/02\/Buy-Alprazolam-powder.jpg","width":259,"height":194},{"@type":"BreadcrumbList","@id":"https:\/\/medicinasinc.com\/de\/product\/kaufen-alprazolam-pulver\/#breadcrumb","itemListElement":[{"@type":"ListItem","position":1,"name":"Einkaufen","item":"https:\/\/medicinasinc.com\/de\/einkaufen\/"},{"@type":"ListItem","position":2,"name":"Kaufen Sie Alprazolam-Pulver"}]},{"@type":"WebSite","@id":"https:\/\/medicinasinc.com\/de\/#website","url":"https:\/\/medicinasinc.com\/de\/","name":"Medicinas Inc","description":"Health Medical Clinic","potentialAction":[{"@type":"SearchAction","target":{"@type":"EntryPoint","urlTemplate":"https:\/\/medicinasinc.com\/de\/?s={search_term_string}"},"query-input":{"@type":"PropertyValueSpecification","valueRequired":true,"valueName":"search_term_string"}}],"inLanguage":"de"}]}},"_links":{"self":[{"href":"https:\/\/medicinasinc.com\/de\/wp-json\/wp\/v2\/product\/5442","targetHints":{"allow":["GET"]}}],"collection":[{"href":"https:\/\/medicinasinc.com\/de\/wp-json\/wp\/v2\/product"}],"about":[{"href":"https:\/\/medicinasinc.com\/de\/wp-json\/wp\/v2\/types\/product"}],"replies":[{"embeddable":true,"href":"https:\/\/medicinasinc.com\/de\/wp-json\/wp\/v2\/comments?post=5442"}],"wp:featuredmedia":[{"embeddable":true,"href":"https:\/\/medicinasinc.com\/de\/wp-json\/wp\/v2\/media\/5453"}],"wp:attachment":[{"href":"https:\/\/medicinasinc.com\/de\/wp-json\/wp\/v2\/media?parent=5442"}],"wp:term":[{"taxonomy":"product_brand","embeddable":true,"href":"https:\/\/medicinasinc.com\/de\/wp-json\/wp\/v2\/product_brand?post=5442"},{"taxonomy":"product_cat","embeddable":true,"href":"https:\/\/medicinasinc.com\/de\/wp-json\/wp\/v2\/product_cat?post=5442"},{"taxonomy":"product_tag","embeddable":true,"href":"https:\/\/medicinasinc.com\/de\/wp-json\/wp\/v2\/product_tag?post=5442"}],"curies":[{"name":"wp","href":"https:\/\/api.w.org\/{rel}","templated":true}]}}