{"id":5441,"date":"2022-02-21T23:32:20","date_gmt":"2022-02-21T23:32:20","guid":{"rendered":"https:\/\/medicinasinc.com\/de\/?post_type=product&#038;p=5441"},"modified":"2022-03-18T00:21:25","modified_gmt":"2022-03-18T00:21:25","slug":"kaufen-alpha-pvp","status":"publish","type":"product","link":"https:\/\/medicinasinc.com\/de\/product\/kaufen-alpha-pvp\/","title":{"rendered":"Kaufen Sie Alpha-PVP"},"content":{"rendered":"<p>Online-Alpha-PVP-Kauf<\/p>\n<p>Alpha-PVP ist ein synthetisches Stimulans, das im medizinischen Bereich zur Behandlung einer Vielzahl von Krankheiten verwendet wird. Alpha wird als Prodrug in der Klasse der Cathinone klassifiziert. Alpha PVP wurde zun\u00e4chst als Designerdroge entwickelt. Es ist jetzt sehr beliebt bei Menschen f\u00fcr andere Zwecke, wie z. B. zur Schmerzlinderung. Dieses synthetische Stimulans wird verwendet, um die Bed\u00fcrfnisse von Drogenkonsumenten zu befriedigen. Es gewann 40 Jahre nach der Ver\u00f6ffentlichung seines ersten Produkts im Jahr 2000 an Popularit\u00e4t. Das Wichtigste, an das man sich erinnern sollte, ist, dass es zwischen diesen Jahren nicht einmal von einer kleinen Gemeinschaft von Menschen verwendet wurde. Seit dem Jahr 2000 und bis heute ist es jedoch so beliebt geworden, dass es von fast 70 % der Weltbev\u00f6lkerung verwendet wird.<\/p>\n<p>Der Grund f\u00fcr die Popularit\u00e4t von Alpha-PVP-Psychedelika<\/p>\n<p>Wo bekomme ich PvP? Alpha-PVP<\/p>\n<p>Alpha-PVP ist ein Mitglied der am weitesten verbreiteten Klasse von Prodrugs und wird weithin verwendet. Der Hauptgrund f\u00fcr seine Popularit\u00e4t ist seine hohe Potenz und schnelle Wirkung. Es wirkt \u00e4hnlich wie andere Stimulanzien, da es direkt auf das zentrale Nervensystem einwirkt.<\/p>\n<p>Es wirkt jedoch schnell und setzt Hormone frei, um die gew\u00fcnschten Aktionen auszuf\u00fchren. Aufgrund seiner Wirkungsweise ist Alpha-PVP auch als Stimulans des zentralen Nervensystems bekannt.<\/p>\n<p>Alpha-PVP-Psychedelika f\u00fcr medizinische Zwecke<\/p>\n<p>Alpha-PVP unterst\u00fctzt auch den menschlichen Geist Kontrolle fl\u00fcchtiger Emotionen wie Gl\u00fcck, Traurigkeit oder Schmerz. Dieses Medikament hilft dem Geist, sich einen normalen Rahmen vorzustellen, in dem er normal und ohne Schwierigkeiten funktionieren kann. Auf diese Weise wird Alpha-PVP verwendet, um jede Art von Schock zu lindern.<\/p>\n<p>Dieses Prodrug wird in Tanzclubs und Bars verwendet. Dies wird jedoch nur bei bestimmten Behandlungen nach \u00e4rztlicher Anordnung eingesetzt.<\/p>\n<p>Die \u00c4rzte behandeln die Patienten mit Arzneimitteln auf Alpha-PVP-Basis. Die Hauptanwendung ist die Behandlung von Depressionen und Angstzust\u00e4nden.<\/p>\n<p>Dies sind einige der Hauptmerkmale, die den Anstieg der Verwendung von Alpha-PVP vorantreiben. Es wird in beiden Bereichen immer beliebter.<\/p>\n<p>So kaufen Sie a-PVP sicher \u2013 Beschreibung<\/p>\n<p>Systematischer IUPAC-Name: 1-Phenyl-2-(1-pyrrolidinyl)-1 -Pentanon Vollst\u00e4ndiger chemischer Name: alpha-Pyrrolidinopentiophenon<br \/> CAS-Nr. 14530-33-7<br \/> SummenformelC15H21NO Molekularmasse231,333 g\/mol ChemSpider-Nummer 9324063<\/p>\n<p>Pyrrolidinopentiophenon (alpha-Pyrrolidinovalerophenon, &#8211; PVP, Alpha-PVP, O-2387, -Keton-Prolintan) ist eine in den 1960er Jahren entdeckte stimulierende Verbindung, die mit Pyrovaleron verwandt ist und das Keton-Analogon von Prolintan ist.<\/p>\n<p>In gro\u00dfem Umfang unser Online Store-Angebote mit Alpha-PVP. Sie k\u00f6nnen die gew\u00fcnschten Produkte zu sehr niedrigen Preisen erhalten. Dank unseres Online-Lieferservices erhalten Sie das Produkt auch in kurzer Zeit.<\/p>\n","protected":false},"excerpt":{"rendered":"<div class=\"woocommerce-product-details__short-description\">\n<p>auf der Suche nach billigem A-PvP, kaufen Sie Alpha-Pyrrolidinopentiophenon zum Verkauf in Gro\u00dfbritannien, Europa in unserem Shop bestglobalemeds.com mit schnellem weltweiten Versand! Die besten A-PvP zum Bestellen findest du hier! <em>\u03b1<\/em>&#8211;<em>PVP<\/em>(vollst\u00e4ndiger Name ist:<em>\u03b1<\/em>&#8211;<em>Pyrrolidinopentiophenon<\/em>), auch bekannt als\u00a0<em>alpha<\/em>-Pyrrolidinovalerophenon, A-<em>PVP<\/em>,\u00a0<em>alpha<\/em>&#8211;<em>PVP<\/em>,<\/p>\n<p>Was genau ist a-PVP?<br \/> A-PVP (Alpha-Pyrrolidinovalerophenon, -PVP, Alpha-PVP, O-2387, -Keton-Prolintan) ist eine stimulierende Verbindung, die in den 1960er Jahren entwickelt wurde und mit Pyrovaleron verwandt ist Keton-Analogon von Prolintan.<\/p>\n<\/p><\/div>\n","protected":false},"featured_media":5451,"comment_status":"open","ping_status":"closed","template":"","meta":[],"product_brand":[],"product_cat":[2014],"product_tag":[2665,2666,2667,2711,2669,2674,2675,2676,2677,2690,2668,2712,2700,2673,2701,2681,2682,2706,2685,2679,2680,2671,2670,2672,2678,2683,2684,2688,2686,2687,2689,2709,2713,2695,2696,2697,2698,2703,2704,2707,2716,2663,2664,2691,2693,2694,2699,2692,2714,2702,2705,2708,2710,2715,2717,2718],"class_list":{"0":"post-5441","1":"product","2":"type-product","3":"status-publish","4":"has-post-thumbnail","6":"product_cat-kaufen-forschungschemikalien","7":"product_tag-a-pvp-powder-or-crystals","8":"product_tag-a-pvp","9":"product_tag-a-pvp-pulver","10":"product_tag-pvp-bestellen","11":"product_tag-a-pvp-crystal","12":"product_tag-a-pvp-crystal-review","13":"product_tag-a-pvp-crystal-supplier","14":"product_tag-a-pvp-crystal-uk","15":"product_tag-a-pvp-crystal-usa","16":"product_tag-pvp-kaufen","17":"product_tag-a-pvp-kaufen-usa","18":"product_tag-bestelle-einen-pvp-kristall","19":"product_tag-kaufe-einen-pvp-kristall-online","20":"product_tag-a-pvp-kristall-zu-verkaufen","21":"product_tag-pvp-online-kaufen","22":"product_tag-a-pvp-powders","23":"product_tag-a-pvp-reddit","24":"product_tag-kaufen-ein-pvp-stimulanzien","25":"product_tag-a-pvp-stimulanzien-zum-verkauf","26":"product_tag-a-pvp-zu-verkaufen","27":"product_tag-a-pvp-zum-verkauf-online","28":"product_tag-a-pvp-kristall-kanada","29":"product_tag-a-pvp-crystal-australien","30":"product_tag-a-pvp-kristall-dosierung","31":"product_tag-a-pvp-kristall-anbieter","32":"product_tag-a-pvp-rezension","33":"product_tag-a-pvp-stimulanzien","34":"product_tag-alpha-pvp-wirkung","35":"product_tag-alpha-pvp-zum-verkauf","36":"product_tag-alpha-pvp-wiki","37":"product_tag-apvp-powder","38":"product_tag-kaufen-apvp-usa-kreditkarte","39":"product_tag-pvp-online-bestellen","40":"product_tag-buy-a-pvp-big-crystals-for-sale","41":"product_tag-buy-a-pvp-big-crystals-free","42":"product_tag-buy-a-pvp-big-crystals-made","43":"product_tag-buy-a-pvp-big-crystals-online","44":"product_tag-buy-a-pvp-powder-products","45":"product_tag-buy-a-pvp-powder-reviews","46":"product_tag-buy-alpha-pvp","47":"product_tag-der-beste-ort-um-ein-pvp-online-zu-kaufen","48":"product_tag-a-pvp-kaufen","49":"product_tag-a-pvp-pulver-zu-verkaufen","50":"product_tag-kauf-ein-pvp-pulver-zum-verkauf","51":"product_tag-kaufe-einen-pvp-big-crystal-berichte","52":"product_tag-kauf-einen-pvp-groe-kristalle","53":"product_tag-buy-a-pvp-big-crystalxp-net","54":"product_tag-kaufe-einen-pvp-grossen-kristall","55":"product_tag-kauf-ein-pvp-online","56":"product_tag-kauf-ein-pvp-pulver","57":"product_tag-pvp-pulver-kaufen","58":"product_tag-buy-apvp-overnight-shipping","59":"product_tag-mail-a-pvp","60":"product_tag-reiner-ein-pvp-kristall","61":"product_tag-where-to-buy-a-pvp","62":"product_tag-where-to-buy-a-pvp-online","64":"first","65":"instock","66":"shipping-taxable","67":"purchasable","68":"product-type-variable"},"yoast_head":"<!-- This site is optimized with the Yoast SEO plugin v27.3 - https:\/\/yoast.com\/product\/yoast-seo-wordpress\/ -->\n<title>Kaufen Sie Alpha-PVP - Alpha-PVP zum Verkauf - Best Best Global Meds<\/title>\n<meta name=\"description\" content=\"Kaufen Sie A-pvp, kaufen Sie Alpha-Pyrrolidinopentiophenon zum Verkauf in Gro\u00dfbritannien, Europa in unserem Shop bestglobalemeds.com mit schnellem weltweiten Versand! Die besten A-PvP zum Bestellen findest du hier!\" \/>\n<meta name=\"robots\" content=\"index, follow, max-snippet:-1, max-image-preview:large, max-video-preview:-1\" \/>\n<link rel=\"canonical\" href=\"https:\/\/medicinasinc.com\/de\/product\/kaufen-alpha-pvp\/\" \/>\n<meta property=\"og:locale\" content=\"de_DE\" \/>\n<meta property=\"og:type\" content=\"article\" \/>\n<meta property=\"og:title\" content=\"Kaufen Sie Alpha-PVP - Alpha-PVP zum Verkauf - Best Best Global Meds\" \/>\n<meta property=\"og:description\" content=\"Kaufen Sie A-pvp, kaufen Sie Alpha-Pyrrolidinopentiophenon zum Verkauf in Gro\u00dfbritannien, Europa in unserem Shop bestglobalemeds.com mit schnellem weltweiten Versand! Die besten A-PvP zum Bestellen findest du hier!\" \/>\n<meta property=\"og:url\" content=\"https:\/\/medicinasinc.com\/de\/product\/kaufen-alpha-pvp\/\" \/>\n<meta property=\"og:site_name\" content=\"Medicinas Inc\" \/>\n<meta property=\"article:modified_time\" content=\"2022-03-18T00:21:25+00:00\" \/>\n<meta property=\"og:image\" content=\"https:\/\/medicinasinc.com\/de\/wp-content\/uploads\/sites\/6\/2022\/02\/Buy-alpha-pvp.jpg\" \/>\n\t<meta property=\"og:image:width\" content=\"458\" \/>\n\t<meta property=\"og:image:height\" content=\"458\" \/>\n\t<meta property=\"og:image:type\" content=\"image\/jpeg\" \/>\n<meta name=\"twitter:card\" content=\"summary_large_image\" \/>\n<meta name=\"twitter:label1\" content=\"Gesch\u00e4tzte Lesezeit\" \/>\n\t<meta name=\"twitter:data1\" content=\"2\u00a0Minuten\" \/>\n<script type=\"application\/ld+json\" class=\"yoast-schema-graph\">{\"@context\":\"https:\\\/\\\/schema.org\",\"@graph\":[{\"@type\":\"WebPage\",\"@id\":\"https:\\\/\\\/medicinasinc.com\\\/de\\\/product\\\/kaufen-alpha-pvp\\\/\",\"url\":\"https:\\\/\\\/medicinasinc.com\\\/de\\\/product\\\/kaufen-alpha-pvp\\\/\",\"name\":\"Kaufen Sie Alpha-PVP - Alpha-PVP zum Verkauf - Best Best Global Meds\",\"isPartOf\":{\"@id\":\"https:\\\/\\\/medicinasinc.com\\\/de\\\/#website\"},\"primaryImageOfPage\":{\"@id\":\"https:\\\/\\\/medicinasinc.com\\\/de\\\/product\\\/kaufen-alpha-pvp\\\/#primaryimage\"},\"image\":{\"@id\":\"https:\\\/\\\/medicinasinc.com\\\/de\\\/product\\\/kaufen-alpha-pvp\\\/#primaryimage\"},\"thumbnailUrl\":\"https:\\\/\\\/medicinasinc.com\\\/de\\\/wp-content\\\/uploads\\\/sites\\\/6\\\/2022\\\/02\\\/Buy-alpha-pvp.jpg\",\"datePublished\":\"2022-02-21T23:32:20+00:00\",\"dateModified\":\"2022-03-18T00:21:25+00:00\",\"description\":\"Kaufen Sie A-pvp, kaufen Sie Alpha-Pyrrolidinopentiophenon zum Verkauf in Gro\u00dfbritannien, Europa in unserem Shop bestglobalemeds.com mit schnellem weltweiten Versand! Die besten A-PvP zum Bestellen findest du hier!\",\"breadcrumb\":{\"@id\":\"https:\\\/\\\/medicinasinc.com\\\/de\\\/product\\\/kaufen-alpha-pvp\\\/#breadcrumb\"},\"inLanguage\":\"de\",\"potentialAction\":[{\"@type\":\"ReadAction\",\"target\":[\"https:\\\/\\\/medicinasinc.com\\\/de\\\/product\\\/kaufen-alpha-pvp\\\/\"]}]},{\"@type\":\"ImageObject\",\"inLanguage\":\"de\",\"@id\":\"https:\\\/\\\/medicinasinc.com\\\/de\\\/product\\\/kaufen-alpha-pvp\\\/#primaryimage\",\"url\":\"https:\\\/\\\/medicinasinc.com\\\/de\\\/wp-content\\\/uploads\\\/sites\\\/6\\\/2022\\\/02\\\/Buy-alpha-pvp.jpg\",\"contentUrl\":\"https:\\\/\\\/medicinasinc.com\\\/de\\\/wp-content\\\/uploads\\\/sites\\\/6\\\/2022\\\/02\\\/Buy-alpha-pvp.jpg\",\"width\":458,\"height\":458},{\"@type\":\"BreadcrumbList\",\"@id\":\"https:\\\/\\\/medicinasinc.com\\\/de\\\/product\\\/kaufen-alpha-pvp\\\/#breadcrumb\",\"itemListElement\":[{\"@type\":\"ListItem\",\"position\":1,\"name\":\"Einkaufen\",\"item\":\"https:\\\/\\\/medicinasinc.com\\\/de\\\/einkaufen\\\/\"},{\"@type\":\"ListItem\",\"position\":2,\"name\":\"Kaufen Sie Alpha-PVP\"}]},{\"@type\":\"WebSite\",\"@id\":\"https:\\\/\\\/medicinasinc.com\\\/de\\\/#website\",\"url\":\"https:\\\/\\\/medicinasinc.com\\\/de\\\/\",\"name\":\"Medicinas Inc\",\"description\":\"Health Medical Clinic\",\"potentialAction\":[{\"@type\":\"SearchAction\",\"target\":{\"@type\":\"EntryPoint\",\"urlTemplate\":\"https:\\\/\\\/medicinasinc.com\\\/de\\\/?s={search_term_string}\"},\"query-input\":{\"@type\":\"PropertyValueSpecification\",\"valueRequired\":true,\"valueName\":\"search_term_string\"}}],\"inLanguage\":\"de\"}]}<\/script>\n<!-- \/ Yoast SEO plugin. -->","yoast_head_json":{"title":"Kaufen Sie Alpha-PVP - Alpha-PVP zum Verkauf - Best Best Global Meds","description":"Kaufen Sie A-pvp, kaufen Sie Alpha-Pyrrolidinopentiophenon zum Verkauf in Gro\u00dfbritannien, Europa in unserem Shop bestglobalemeds.com mit schnellem weltweiten Versand! Die besten A-PvP zum Bestellen findest du hier!","robots":{"index":"index","follow":"follow","max-snippet":"max-snippet:-1","max-image-preview":"max-image-preview:large","max-video-preview":"max-video-preview:-1"},"canonical":"https:\/\/medicinasinc.com\/de\/product\/kaufen-alpha-pvp\/","og_locale":"de_DE","og_type":"article","og_title":"Kaufen Sie Alpha-PVP - Alpha-PVP zum Verkauf - Best Best Global Meds","og_description":"Kaufen Sie A-pvp, kaufen Sie Alpha-Pyrrolidinopentiophenon zum Verkauf in Gro\u00dfbritannien, Europa in unserem Shop bestglobalemeds.com mit schnellem weltweiten Versand! Die besten A-PvP zum Bestellen findest du hier!","og_url":"https:\/\/medicinasinc.com\/de\/product\/kaufen-alpha-pvp\/","og_site_name":"Medicinas Inc","article_modified_time":"2022-03-18T00:21:25+00:00","og_image":[{"width":458,"height":458,"url":"https:\/\/medicinasinc.com\/de\/wp-content\/uploads\/sites\/6\/2022\/02\/Buy-alpha-pvp.jpg","type":"image\/jpeg"}],"twitter_card":"summary_large_image","twitter_misc":{"Gesch\u00e4tzte Lesezeit":"2\u00a0Minuten"},"schema":{"@context":"https:\/\/schema.org","@graph":[{"@type":"WebPage","@id":"https:\/\/medicinasinc.com\/de\/product\/kaufen-alpha-pvp\/","url":"https:\/\/medicinasinc.com\/de\/product\/kaufen-alpha-pvp\/","name":"Kaufen Sie Alpha-PVP - Alpha-PVP zum Verkauf - Best Best Global Meds","isPartOf":{"@id":"https:\/\/medicinasinc.com\/de\/#website"},"primaryImageOfPage":{"@id":"https:\/\/medicinasinc.com\/de\/product\/kaufen-alpha-pvp\/#primaryimage"},"image":{"@id":"https:\/\/medicinasinc.com\/de\/product\/kaufen-alpha-pvp\/#primaryimage"},"thumbnailUrl":"https:\/\/medicinasinc.com\/de\/wp-content\/uploads\/sites\/6\/2022\/02\/Buy-alpha-pvp.jpg","datePublished":"2022-02-21T23:32:20+00:00","dateModified":"2022-03-18T00:21:25+00:00","description":"Kaufen Sie A-pvp, kaufen Sie Alpha-Pyrrolidinopentiophenon zum Verkauf in Gro\u00dfbritannien, Europa in unserem Shop bestglobalemeds.com mit schnellem weltweiten Versand! Die besten A-PvP zum Bestellen findest du hier!","breadcrumb":{"@id":"https:\/\/medicinasinc.com\/de\/product\/kaufen-alpha-pvp\/#breadcrumb"},"inLanguage":"de","potentialAction":[{"@type":"ReadAction","target":["https:\/\/medicinasinc.com\/de\/product\/kaufen-alpha-pvp\/"]}]},{"@type":"ImageObject","inLanguage":"de","@id":"https:\/\/medicinasinc.com\/de\/product\/kaufen-alpha-pvp\/#primaryimage","url":"https:\/\/medicinasinc.com\/de\/wp-content\/uploads\/sites\/6\/2022\/02\/Buy-alpha-pvp.jpg","contentUrl":"https:\/\/medicinasinc.com\/de\/wp-content\/uploads\/sites\/6\/2022\/02\/Buy-alpha-pvp.jpg","width":458,"height":458},{"@type":"BreadcrumbList","@id":"https:\/\/medicinasinc.com\/de\/product\/kaufen-alpha-pvp\/#breadcrumb","itemListElement":[{"@type":"ListItem","position":1,"name":"Einkaufen","item":"https:\/\/medicinasinc.com\/de\/einkaufen\/"},{"@type":"ListItem","position":2,"name":"Kaufen Sie Alpha-PVP"}]},{"@type":"WebSite","@id":"https:\/\/medicinasinc.com\/de\/#website","url":"https:\/\/medicinasinc.com\/de\/","name":"Medicinas Inc","description":"Health Medical Clinic","potentialAction":[{"@type":"SearchAction","target":{"@type":"EntryPoint","urlTemplate":"https:\/\/medicinasinc.com\/de\/?s={search_term_string}"},"query-input":{"@type":"PropertyValueSpecification","valueRequired":true,"valueName":"search_term_string"}}],"inLanguage":"de"}]}},"_links":{"self":[{"href":"https:\/\/medicinasinc.com\/de\/wp-json\/wp\/v2\/product\/5441","targetHints":{"allow":["GET"]}}],"collection":[{"href":"https:\/\/medicinasinc.com\/de\/wp-json\/wp\/v2\/product"}],"about":[{"href":"https:\/\/medicinasinc.com\/de\/wp-json\/wp\/v2\/types\/product"}],"replies":[{"embeddable":true,"href":"https:\/\/medicinasinc.com\/de\/wp-json\/wp\/v2\/comments?post=5441"}],"wp:featuredmedia":[{"embeddable":true,"href":"https:\/\/medicinasinc.com\/de\/wp-json\/wp\/v2\/media\/5451"}],"wp:attachment":[{"href":"https:\/\/medicinasinc.com\/de\/wp-json\/wp\/v2\/media?parent=5441"}],"wp:term":[{"taxonomy":"product_brand","embeddable":true,"href":"https:\/\/medicinasinc.com\/de\/wp-json\/wp\/v2\/product_brand?post=5441"},{"taxonomy":"product_cat","embeddable":true,"href":"https:\/\/medicinasinc.com\/de\/wp-json\/wp\/v2\/product_cat?post=5441"},{"taxonomy":"product_tag","embeddable":true,"href":"https:\/\/medicinasinc.com\/de\/wp-json\/wp\/v2\/product_tag?post=5441"}],"curies":[{"name":"wp","href":"https:\/\/api.w.org\/{rel}","templated":true}]}}