{"id":5440,"date":"2022-02-21T23:30:16","date_gmt":"2022-02-21T23:30:16","guid":{"rendered":"https:\/\/medicinasinc.com\/de\/?post_type=product&#038;p=5440"},"modified":"2022-03-18T00:21:39","modified_gmt":"2022-03-18T00:21:39","slug":"buy-ald-52-blotters","status":"publish","type":"product","link":"https:\/\/medicinasinc.com\/de\/product\/buy-ald-52-blotters\/","title":{"rendered":"Kaufen Sie ALD-52 Blotter"},"content":{"rendered":"<p>ALD-52 Blotter k\u00f6nnen online erworben werden. Blotter mit 100 mcg ALD-52<\/p>\n<p>ALD-52 Blotter k\u00f6nnen online gekauft werden.<\/p>\n<p>Blotter mit 100 mcg ALD-52<\/p>\n<p>ALD 52 Blotter, ALD 52 Blotter kaufen <\/p>\n<p>ALD-52 ist ein modisches Medikament, das aufgrund einer verz\u00f6gerten ALD-52-Geschichte und verschiedener anderer ALD-52-Namen von verschiedenen Reschems konsolidiert wurde. ALD-52 wird online von Forschern zur Verwendung in den Bereichen Medizin, Freizeit und Forschung erworben. Die psychotropen Zuschreibungen von ALD-52 machten es unter Labormitarbeitern und Fachexperten unbestreitbar. Eine breite Palette typischer Kunden entscheidet sich f\u00fcr den Kauf verf\u00fcgbarer Produkte, um Erregung und Befriedigung zu haben, Energie zu halten und die sexuelle Aktivit\u00e4t zu steigern.<\/p>\n<p>Es ist wichtig, ALD-52 auszuw\u00e4hlen, das unter Verwendung der besten Typen hergestellt wurde des Fortschritts durch Methoden zur vollst\u00e4ndig kontrollierten Sammelma\u00dfnahme. Umfangreiche Beitr\u00e4ge zur Untersuchung hergestellter Mischungen, die zum Kauf angeboten werden, werden auf dem Markt erm\u00f6glicht, um den Stand der Verarbeitung in chinesischen Labors zu kontrollieren, in denen alle Duschsalze hergestellt werden.<\/p>\n<p>Als konkurrenzloser Anbieter arbeitet unser Unternehmen direkt mit legitime chinesische Organisationen. Es erm\u00f6glicht Ihnen, Duschsalze von h\u00f6chster Fehlerfreiheit und Qualit\u00e4t zu handeln. ALD-52 wird unter strenger Aufsicht und nach allen Grunds\u00e4tzen gemischt. Verwendung der neuesten konsistenten verf\u00fcgbaren Daten, um den schillerndsten Preis auf der besten Website f\u00fcr den Kauf von forschungstechnischen Materialien bereitzustellen. ALD-52-Pellets, ALD-52-Fleckoberfl\u00e4chen und ALD-52-Pulver werden in chinesische Labors transportiert. Der Versender von ALD-52 versendet ALD-52 in jedes Land. Die enge Zusammenarbeit mit seri\u00f6sen ALD-52-Lieferanten stellt sicher, dass die Ergebnisse Ihrer Tests und Untersuchungen rechtzeitig realisiert werden.<\/p>\n<p>Seit langem ist der Lieferant ein zuverl\u00e4ssiger Hersteller von Evaluierungschemikalien. Kunden haben der Seite im gesamten res chems-Netzwerk einen \u00fcberw\u00e4ltigenden Ruf eingebracht. ald 52 zu verkaufen, ald 52 zu kaufen, ald 52 zu kaufen, ald-52 zu kaufen. p&gt; <\/p>\n<p>In Gespr\u00e4chen \u00fcber hervorragende Untersuchungen zu online k\u00e4uflich erh\u00e4ltlichen Sch\u00e4dlingen finden Sie positive Reaktionen von unseren K\u00e4ufern, die derzeit mit den angebotenen Arten von Hilfe und den besten online gekauften Artikeln zufrieden sind.<\/p>\n","protected":false},"excerpt":{"rendered":"<div class=\"char\">SPEZIFIKATION<\/div>\n<div class=\"Spezifikation\">\n<div class=\"sprow\"><span class=\"spname\">Produktname:<\/span><span class=\"sptext \">ALD-52<\/span><\/div>\n<div class=\"sprow\"><span class=\"spname\">IUPAC-Name:<\/span><span class=\"sptext\">1-Acetyl-N, N-Diethyllysergamid, ALD<\/span><\/div>\n<div class=\"sprow\"><span class=\"spname\">Andere Namen:<\/span><span class=\"sptext\">N-Acetyl-LSD, Acetyllysergs\u00e4urediethylamid, d-Acetyllysergs\u00e4urediethylamid, d-Acetyldiethyllysergamid<\/span><\/div>\n<div class=\"sprow\"><span class=\"spname\">Cas-Nummer:<\/span><span class=\"sptext\">3270-02-8<\/span><\/div>\n<div class=\"sprow\"><span class=\"spname\">Molekularformel:<\/span><span class=\"sptext\">C22H27N3O2<\/span><\/div>\n<div class=\"sprow\"><span class=\"spname\">Molmasse:<\/span><span class=\"sptext\">365,477 g\u2022mol-1<\/span><\/div>\n<div class=\"sprow\"><span class=\"spname\">Wirkung:<\/span><span class=\"sptext\">psychedelisch, halluzinogen<\/span><\/div>\n<div class=\"sprow\"><\/div>\n<\/p><\/div>\n<p>Kaufen Sie ALD-52 Blotter online. <em>ALD<\/em>\u2013<em>52<\/em>\u00a0ist das N-Acetyl-Derivat von LSD. <strong>100 mcg<\/strong>\u00a0ALD-52-Blotter.<\/p>\n<p>ALD-52 zum Verkauf in Europa, mit Bitcoin kaufen und diskreten Versand aus der EU erhalten. ALD-52-Blotter zum Verkauf, ALD-52-Rohpulver zum Verkauf, Lieferant von Forschungschemikalien<\/p>\n<p>Bestellen Sie ein Muster zum Testen oder kaufen Sie ALD-52 zum Verkauf mit kostenloser Lieferung in Gro\u00dfbritannien, den USA oder Europa.<\/p>\n","protected":false},"featured_media":5449,"comment_status":"open","ping_status":"closed","template":"","meta":[],"product_brand":[],"product_cat":[2014],"product_tag":[2659,2651,2650,2652,2658,2657,2653,2654,2655,2656,2661,2662,2660],"class_list":{"0":"post-5440","1":"product","2":"type-product","3":"status-publish","4":"has-post-thumbnail","6":"product_cat-kaufen-forschungschemikalien","7":"product_tag-ald-52-blotter-online-bestellen","8":"product_tag-ald-52-blotters-online-sales","9":"product_tag-ald-52-unterlagen-zu-verkaufen","10":"product_tag-best-ald-52-blotters-online","11":"product_tag-diskreter-anbieter-ald-52","12":"product_tag-ald-52-geblse-online-kaufen-bestellen","13":"product_tag-kaufen-ald-52-schreibunterlagen-zum-wiederverkauf","14":"product_tag-kaufen-ald-52-blotter-online","15":"product_tag-kaufen-legit-ald-52-blotter-online","16":"product_tag-kaufen-pure-ald-52-blotters-online","17":"product_tag-where-to-buy-pure-ald-52-blotters-online","18":"product_tag-where-to-order-legit-ald-52-blotters-online","19":"product_tag-wo-kauft-ald-52-blotter-online","21":"first","22":"instock","23":"shipping-taxable","24":"purchasable","25":"product-type-variable","26":"has-default-attributes"},"yoast_head":"<!-- This site is optimized with the Yoast SEO plugin v27.3 - https:\/\/yoast.com\/product\/yoast-seo-wordpress\/ -->\n<title>Kaufen Sie ALD-52 Blotter - Qualit\u00e4t ALD-52 Blotter - Best Global Meds<\/title>\n<meta name=\"description\" content=\"ALD-52 Blotter online kaufen. Kaufen Sie ALD-52 zum Verkauf und erhalten Sie eine kostenlose Lieferung in Gro\u00dfbritannien, den USA oder Europa. ALD-52 ist das N-Acetyl-Derivat von LSD. 100 mcg ALD-52 Blotter.\" \/>\n<meta name=\"robots\" content=\"index, follow, max-snippet:-1, max-image-preview:large, max-video-preview:-1\" \/>\n<link rel=\"canonical\" href=\"https:\/\/medicinasinc.com\/de\/product\/buy-ald-52-blotters\/\" \/>\n<meta property=\"og:locale\" content=\"de_DE\" \/>\n<meta property=\"og:type\" content=\"article\" \/>\n<meta property=\"og:title\" content=\"Kaufen Sie ALD-52 Blotter - Qualit\u00e4t ALD-52 Blotter - Best Global Meds\" \/>\n<meta property=\"og:description\" content=\"ALD-52 Blotter online kaufen. Kaufen Sie ALD-52 zum Verkauf und erhalten Sie eine kostenlose Lieferung in Gro\u00dfbritannien, den USA oder Europa. ALD-52 ist das N-Acetyl-Derivat von LSD. 100 mcg ALD-52 Blotter.\" \/>\n<meta property=\"og:url\" content=\"https:\/\/medicinasinc.com\/de\/product\/buy-ald-52-blotters\/\" \/>\n<meta property=\"og:site_name\" content=\"Medicinas Inc\" \/>\n<meta property=\"article:modified_time\" content=\"2022-03-18T00:21:39+00:00\" \/>\n<meta property=\"og:image\" content=\"https:\/\/medicinasinc.com\/de\/wp-content\/uploads\/sites\/6\/2022\/02\/Buy-ALD-52-Blotters.jpg\" \/>\n\t<meta property=\"og:image:width\" content=\"350\" \/>\n\t<meta property=\"og:image:height\" content=\"350\" \/>\n\t<meta property=\"og:image:type\" content=\"image\/jpeg\" \/>\n<meta name=\"twitter:card\" content=\"summary_large_image\" \/>\n<meta name=\"twitter:label1\" content=\"Gesch\u00e4tzte Lesezeit\" \/>\n\t<meta name=\"twitter:data1\" content=\"2\u00a0Minuten\" \/>\n<script type=\"application\/ld+json\" class=\"yoast-schema-graph\">{\"@context\":\"https:\\\/\\\/schema.org\",\"@graph\":[{\"@type\":\"WebPage\",\"@id\":\"https:\\\/\\\/medicinasinc.com\\\/de\\\/product\\\/buy-ald-52-blotters\\\/\",\"url\":\"https:\\\/\\\/medicinasinc.com\\\/de\\\/product\\\/buy-ald-52-blotters\\\/\",\"name\":\"Kaufen Sie ALD-52 Blotter - Qualit\u00e4t ALD-52 Blotter - Best Global Meds\",\"isPartOf\":{\"@id\":\"https:\\\/\\\/medicinasinc.com\\\/de\\\/#website\"},\"primaryImageOfPage\":{\"@id\":\"https:\\\/\\\/medicinasinc.com\\\/de\\\/product\\\/buy-ald-52-blotters\\\/#primaryimage\"},\"image\":{\"@id\":\"https:\\\/\\\/medicinasinc.com\\\/de\\\/product\\\/buy-ald-52-blotters\\\/#primaryimage\"},\"thumbnailUrl\":\"https:\\\/\\\/medicinasinc.com\\\/de\\\/wp-content\\\/uploads\\\/sites\\\/6\\\/2022\\\/02\\\/Buy-ALD-52-Blotters.jpg\",\"datePublished\":\"2022-02-21T23:30:16+00:00\",\"dateModified\":\"2022-03-18T00:21:39+00:00\",\"description\":\"ALD-52 Blotter online kaufen. Kaufen Sie ALD-52 zum Verkauf und erhalten Sie eine kostenlose Lieferung in Gro\u00dfbritannien, den USA oder Europa. ALD-52 ist das N-Acetyl-Derivat von LSD. 100 mcg ALD-52 Blotter.\",\"breadcrumb\":{\"@id\":\"https:\\\/\\\/medicinasinc.com\\\/de\\\/product\\\/buy-ald-52-blotters\\\/#breadcrumb\"},\"inLanguage\":\"de\",\"potentialAction\":[{\"@type\":\"ReadAction\",\"target\":[\"https:\\\/\\\/medicinasinc.com\\\/de\\\/product\\\/buy-ald-52-blotters\\\/\"]}]},{\"@type\":\"ImageObject\",\"inLanguage\":\"de\",\"@id\":\"https:\\\/\\\/medicinasinc.com\\\/de\\\/product\\\/buy-ald-52-blotters\\\/#primaryimage\",\"url\":\"https:\\\/\\\/medicinasinc.com\\\/de\\\/wp-content\\\/uploads\\\/sites\\\/6\\\/2022\\\/02\\\/Buy-ALD-52-Blotters.jpg\",\"contentUrl\":\"https:\\\/\\\/medicinasinc.com\\\/de\\\/wp-content\\\/uploads\\\/sites\\\/6\\\/2022\\\/02\\\/Buy-ALD-52-Blotters.jpg\",\"width\":350,\"height\":350},{\"@type\":\"BreadcrumbList\",\"@id\":\"https:\\\/\\\/medicinasinc.com\\\/de\\\/product\\\/buy-ald-52-blotters\\\/#breadcrumb\",\"itemListElement\":[{\"@type\":\"ListItem\",\"position\":1,\"name\":\"Einkaufen\",\"item\":\"https:\\\/\\\/medicinasinc.com\\\/de\\\/einkaufen\\\/\"},{\"@type\":\"ListItem\",\"position\":2,\"name\":\"Kaufen Sie ALD-52 Blotter\"}]},{\"@type\":\"WebSite\",\"@id\":\"https:\\\/\\\/medicinasinc.com\\\/de\\\/#website\",\"url\":\"https:\\\/\\\/medicinasinc.com\\\/de\\\/\",\"name\":\"Medicinas Inc\",\"description\":\"Health Medical Clinic\",\"potentialAction\":[{\"@type\":\"SearchAction\",\"target\":{\"@type\":\"EntryPoint\",\"urlTemplate\":\"https:\\\/\\\/medicinasinc.com\\\/de\\\/?s={search_term_string}\"},\"query-input\":{\"@type\":\"PropertyValueSpecification\",\"valueRequired\":true,\"valueName\":\"search_term_string\"}}],\"inLanguage\":\"de\"}]}<\/script>\n<!-- \/ Yoast SEO plugin. -->","yoast_head_json":{"title":"Kaufen Sie ALD-52 Blotter - Qualit\u00e4t ALD-52 Blotter - Best Global Meds","description":"ALD-52 Blotter online kaufen. Kaufen Sie ALD-52 zum Verkauf und erhalten Sie eine kostenlose Lieferung in Gro\u00dfbritannien, den USA oder Europa. ALD-52 ist das N-Acetyl-Derivat von LSD. 100 mcg ALD-52 Blotter.","robots":{"index":"index","follow":"follow","max-snippet":"max-snippet:-1","max-image-preview":"max-image-preview:large","max-video-preview":"max-video-preview:-1"},"canonical":"https:\/\/medicinasinc.com\/de\/product\/buy-ald-52-blotters\/","og_locale":"de_DE","og_type":"article","og_title":"Kaufen Sie ALD-52 Blotter - Qualit\u00e4t ALD-52 Blotter - Best Global Meds","og_description":"ALD-52 Blotter online kaufen. Kaufen Sie ALD-52 zum Verkauf und erhalten Sie eine kostenlose Lieferung in Gro\u00dfbritannien, den USA oder Europa. ALD-52 ist das N-Acetyl-Derivat von LSD. 100 mcg ALD-52 Blotter.","og_url":"https:\/\/medicinasinc.com\/de\/product\/buy-ald-52-blotters\/","og_site_name":"Medicinas Inc","article_modified_time":"2022-03-18T00:21:39+00:00","og_image":[{"width":350,"height":350,"url":"https:\/\/medicinasinc.com\/de\/wp-content\/uploads\/sites\/6\/2022\/02\/Buy-ALD-52-Blotters.jpg","type":"image\/jpeg"}],"twitter_card":"summary_large_image","twitter_misc":{"Gesch\u00e4tzte Lesezeit":"2\u00a0Minuten"},"schema":{"@context":"https:\/\/schema.org","@graph":[{"@type":"WebPage","@id":"https:\/\/medicinasinc.com\/de\/product\/buy-ald-52-blotters\/","url":"https:\/\/medicinasinc.com\/de\/product\/buy-ald-52-blotters\/","name":"Kaufen Sie ALD-52 Blotter - Qualit\u00e4t ALD-52 Blotter - Best Global Meds","isPartOf":{"@id":"https:\/\/medicinasinc.com\/de\/#website"},"primaryImageOfPage":{"@id":"https:\/\/medicinasinc.com\/de\/product\/buy-ald-52-blotters\/#primaryimage"},"image":{"@id":"https:\/\/medicinasinc.com\/de\/product\/buy-ald-52-blotters\/#primaryimage"},"thumbnailUrl":"https:\/\/medicinasinc.com\/de\/wp-content\/uploads\/sites\/6\/2022\/02\/Buy-ALD-52-Blotters.jpg","datePublished":"2022-02-21T23:30:16+00:00","dateModified":"2022-03-18T00:21:39+00:00","description":"ALD-52 Blotter online kaufen. Kaufen Sie ALD-52 zum Verkauf und erhalten Sie eine kostenlose Lieferung in Gro\u00dfbritannien, den USA oder Europa. ALD-52 ist das N-Acetyl-Derivat von LSD. 100 mcg ALD-52 Blotter.","breadcrumb":{"@id":"https:\/\/medicinasinc.com\/de\/product\/buy-ald-52-blotters\/#breadcrumb"},"inLanguage":"de","potentialAction":[{"@type":"ReadAction","target":["https:\/\/medicinasinc.com\/de\/product\/buy-ald-52-blotters\/"]}]},{"@type":"ImageObject","inLanguage":"de","@id":"https:\/\/medicinasinc.com\/de\/product\/buy-ald-52-blotters\/#primaryimage","url":"https:\/\/medicinasinc.com\/de\/wp-content\/uploads\/sites\/6\/2022\/02\/Buy-ALD-52-Blotters.jpg","contentUrl":"https:\/\/medicinasinc.com\/de\/wp-content\/uploads\/sites\/6\/2022\/02\/Buy-ALD-52-Blotters.jpg","width":350,"height":350},{"@type":"BreadcrumbList","@id":"https:\/\/medicinasinc.com\/de\/product\/buy-ald-52-blotters\/#breadcrumb","itemListElement":[{"@type":"ListItem","position":1,"name":"Einkaufen","item":"https:\/\/medicinasinc.com\/de\/einkaufen\/"},{"@type":"ListItem","position":2,"name":"Kaufen Sie ALD-52 Blotter"}]},{"@type":"WebSite","@id":"https:\/\/medicinasinc.com\/de\/#website","url":"https:\/\/medicinasinc.com\/de\/","name":"Medicinas Inc","description":"Health Medical Clinic","potentialAction":[{"@type":"SearchAction","target":{"@type":"EntryPoint","urlTemplate":"https:\/\/medicinasinc.com\/de\/?s={search_term_string}"},"query-input":{"@type":"PropertyValueSpecification","valueRequired":true,"valueName":"search_term_string"}}],"inLanguage":"de"}]}},"_links":{"self":[{"href":"https:\/\/medicinasinc.com\/de\/wp-json\/wp\/v2\/product\/5440","targetHints":{"allow":["GET"]}}],"collection":[{"href":"https:\/\/medicinasinc.com\/de\/wp-json\/wp\/v2\/product"}],"about":[{"href":"https:\/\/medicinasinc.com\/de\/wp-json\/wp\/v2\/types\/product"}],"replies":[{"embeddable":true,"href":"https:\/\/medicinasinc.com\/de\/wp-json\/wp\/v2\/comments?post=5440"}],"wp:featuredmedia":[{"embeddable":true,"href":"https:\/\/medicinasinc.com\/de\/wp-json\/wp\/v2\/media\/5449"}],"wp:attachment":[{"href":"https:\/\/medicinasinc.com\/de\/wp-json\/wp\/v2\/media?parent=5440"}],"wp:term":[{"taxonomy":"product_brand","embeddable":true,"href":"https:\/\/medicinasinc.com\/de\/wp-json\/wp\/v2\/product_brand?post=5440"},{"taxonomy":"product_cat","embeddable":true,"href":"https:\/\/medicinasinc.com\/de\/wp-json\/wp\/v2\/product_cat?post=5440"},{"taxonomy":"product_tag","embeddable":true,"href":"https:\/\/medicinasinc.com\/de\/wp-json\/wp\/v2\/product_tag?post=5440"}],"curies":[{"name":"wp","href":"https:\/\/api.w.org\/{rel}","templated":true}]}}