{"id":5417,"date":"2022-02-21T22:57:54","date_gmt":"2022-02-21T22:57:54","guid":{"rendered":"https:\/\/medicinasinc.com\/de\/?post_type=product&#038;p=5417"},"modified":"2022-03-18T00:22:11","modified_gmt":"2022-03-18T00:22:11","slug":"buy-5f-mdmb-2201-5f-mmb-pica-5f-amb-pica","status":"publish","type":"product","link":"https:\/\/medicinasinc.com\/de\/product\/buy-5f-mdmb-2201-5f-mmb-pica-5f-amb-pica\/","title":{"rendered":"Kaufen Sie 5F MDMB 2201 &#8211; 5F-MMB-PICA, 5F-AMB-PICA"},"content":{"rendered":"<h1>Kaufen Sie 5f MDMB 2201 Kristalle online.<\/h1>\n<p>Kaufen Sie 5f MDMB 2201 Kristalle online.<\/p>\n<p>Es ist ein Indazol-3-Carboxamid, das allm\u00e4hlich in synthetischen Cannabisprodukten auf der ganzen Welt zu sehen ist .<\/p>\n<p>Pharmakologie:<br \/> 5F-MDMB-2201 gilt als sehr potenter CB1-Agonist, aber es ist nicht bekannt, ob es eine starke Selektivit\u00e4t f\u00fcr CB1 hat oder tats\u00e4chlich selektiv ist alle. In diesem Bereich sind weitere Tests erforderlich.<\/p>\n<p>\u00c4hnliche Verbindungen:<br \/> 5F-AB-PINACA<br \/> PX-3<br \/> MDMB-FUBINACA<br \/> MDMB-CHMICA<br \/> APINACA<br \/> APICA<br \/> ADB-PINACA<br \/> ADBICA<br \/> ADB-FUBINACA<br \/> ADB-CHMINACA<br \/> AB-PINACA<br \/> AB-FUBINACA<br \/> AB-CHMINACA<br \/> AB-CHFUPYCA<br \/> 5F-APINACA<br \/> 5F-AMB<\/p>\n<p>Legalit\u00e4t:<br \/> 5F-MDMB-2201 ist nicht bekannt wird derzeit in jedem Land oder jeder wichtigen Gerichtsbarkeit als kontrollierte Substanz angesehen, kann jedoch als Analogon von 5F-ADB oder verwandten Verbindungen angesehen werden. Das k\u00f6nnte den Verkauf oder Besitz in bestimmten Gerichtsbarkeiten illegal machen, daher sollte beim Import dieser Chemikalie Vorsicht walten.<br \/> 5F-MDMB-2201 wird ausschlie\u00dflich als Forschungschemikalie verkauft und ist daher nicht f\u00fcr den menschlichen oder tierischen Verzehr geeignet. Es sollte nur von geschultem Personal in einem Labor oder einer forensischen Umgebung verwendet werden.<\/p>\n","protected":false},"excerpt":{"rendered":"<p>Kaufen Sie MMB-2201, 5F MDMB 2201 zum Verkauf in Gro\u00dfbritannien, Europa (auch bekannt als 5F-MMB-PICA, 5F-AMB-PICA und I-AMB) ist ein wirksames synthetisches Cannabinoid auf Indol-3-Carboxamid-Basis, das wurde als Designerdroge und als Wirkstoff in synthetischen Cannabismischungen verkauft<\/p>\n<p>Online-Kauf von 5f MDMB 2201 Crystals. 5F-MDMB-2201 ist ein synthetisches Cannabinoid aus der Indazol-Familie, das dem bekannteren 5F-MDMB-PINACA sehr \u00e4hnlich ist.<\/p>\n<p>Kaufen Sie reines, hochwertiges 5F-MDMB-2201-Pulver online mit Bitcoin &amp; #8211; Kaufen Sie legale Medikamente, Forschungschemikalien und pharmazeutische Rohpulver online.<\/p>\n<p>5F-MDMB-2201<\/p>\n<p>Bestellen Sie ein Muster zum Testen oder kaufen Sie 5f-mdmb-2201 zum Verkauf mit kostenlosem Versand an Gro\u00dfbritannien, den USA oder Europa.<\/p>\n","protected":false},"featured_media":5427,"comment_status":"open","ping_status":"closed","template":"","meta":[],"product_brand":[],"product_cat":[2596],"product_tag":[2597,2598,2599,2600,2626,2601,2602,2619,2627,2604,2605,2610,2611,2612,2613,2606,2628,2607,2622,2609,2614,2608,2615,2603,2616,2617,2618,2621,2623,2624,2620,2625,2629,2630,2631],"class_list":{"0":"post-5417","1":"product","2":"type-product","3":"status-publish","4":"has-post-thumbnail","6":"product_cat-cannabinoide-zum-verkauf","7":"product_tag-4f-adb-berprfung","8":"product_tag-4f-mdmb-binaca-uk","9":"product_tag-5f-pulver","10":"product_tag-5f-mdmb-2201","11":"product_tag-bestellung-5f-mdmb-2201","12":"product_tag-5f-mdmb-2201-cannabinoide","13":"product_tag-5f-mdmb-2201-cannabinoide-zum-verkauf","14":"product_tag-buy-5f-mdmb-2201","15":"product_tag-5f-mdmb-2201-online-bestellen","16":"product_tag-5f-mdmb-2201-zum-verkauf-online","17":"product_tag-5f-mdmb-2201-powder","18":"product_tag-5f-mdmb-2201-powder-review","19":"product_tag-5f-mdmb-2201-powder-supplier","20":"product_tag-5f-mdmb-2201-powder-uk","21":"product_tag-5f-mdmb-2201-powder-usa","22":"product_tag-5f-mdmb-2201-pulver-australien","23":"product_tag-bestellung-5f-mdmb-2201-pulver","24":"product_tag-5f-mdmb-2201-pulver-kanada","25":"product_tag-5f-mdmb-2201-pulver-online-kaufen","26":"product_tag-5f-mdmb-2201-pulver-zu-verkaufen","27":"product_tag-5f-mdmb-2201-pulver-anbieter","28":"product_tag-5f-mdmb-2201-pulver-dosierung","29":"product_tag-5f-mdmb-2201-reddit","30":"product_tag-5f-mdmb-2201-zu-verkaufen","31":"product_tag-5f-mdmb-2201-berprfung","32":"product_tag-5f-mdmb-pinaca-kaufen","33":"product_tag-5f-sgt-151","34":"product_tag-buy-5f-mdmb-2201-online","35":"product_tag-buy-diclazepam-uk","36":"product_tag-c-liquid-chemical-suspension","37":"product_tag-buy-5f-mdmb-2201-cannabinoid","38":"product_tag-mail-5f-mdmb-2201","39":"product_tag-pure-5f-mdmb-2201-pulver","40":"product_tag-sgt-151-legal","41":"product_tag-bezugsquellen-5f-mdmb-2201","43":"first","44":"instock","45":"shipping-taxable","46":"purchasable","47":"product-type-variable","48":"has-default-attributes"},"yoast_head":"<!-- This site is optimized with the Yoast SEO plugin v27.3 - https:\/\/yoast.com\/product\/yoast-seo-wordpress\/ -->\n<title>Kaufen Sie 5F MDMB 2201 - 5F-MMB-PICA, 5F-AMB-PICA und I-AMB<\/title>\n<meta name=\"description\" content=\"Kaufen Sie MMB-2201, 5F MDMB 2201 zum Verkauf in Gro\u00dfbritannien, Europa (auch bekannt als 5F-MMB-PICA, 5F-AMB-PICA und I-AMB) ist ein wirksames synthetisches Cannabinoid auf Indol-3-Carboxamid-Basis, das verkauft wurde als Designerdroge und als Wirkstoff in synthetischen Cannabismischungen\" \/>\n<meta name=\"robots\" content=\"index, follow, max-snippet:-1, max-image-preview:large, max-video-preview:-1\" \/>\n<link rel=\"canonical\" href=\"https:\/\/medicinasinc.com\/de\/product\/buy-5f-mdmb-2201-5f-mmb-pica-5f-amb-pica\/\" \/>\n<meta property=\"og:locale\" content=\"de_DE\" \/>\n<meta property=\"og:type\" content=\"article\" \/>\n<meta property=\"og:title\" content=\"Kaufen Sie 5F MDMB 2201 - 5F-MMB-PICA, 5F-AMB-PICA und I-AMB\" \/>\n<meta property=\"og:description\" content=\"Kaufen Sie MMB-2201, 5F MDMB 2201 zum Verkauf in Gro\u00dfbritannien, Europa (auch bekannt als 5F-MMB-PICA, 5F-AMB-PICA und I-AMB) ist ein wirksames synthetisches Cannabinoid auf Indol-3-Carboxamid-Basis, das verkauft wurde als Designerdroge und als Wirkstoff in synthetischen Cannabismischungen\" \/>\n<meta property=\"og:url\" content=\"https:\/\/medicinasinc.com\/de\/product\/buy-5f-mdmb-2201-5f-mmb-pica-5f-amb-pica\/\" \/>\n<meta property=\"og:site_name\" content=\"Medicinas Inc\" \/>\n<meta property=\"article:modified_time\" content=\"2022-03-18T00:22:11+00:00\" \/>\n<meta property=\"og:image\" content=\"https:\/\/medicinasinc.com\/de\/wp-content\/uploads\/sites\/6\/2022\/02\/Buy-5f-MDMB-2201.jpg\" \/>\n\t<meta property=\"og:image:width\" content=\"232\" \/>\n\t<meta property=\"og:image:height\" content=\"217\" \/>\n\t<meta property=\"og:image:type\" content=\"image\/jpeg\" \/>\n<meta name=\"twitter:card\" content=\"summary_large_image\" \/>\n<meta name=\"twitter:label1\" content=\"Gesch\u00e4tzte Lesezeit\" \/>\n\t<meta name=\"twitter:data1\" content=\"1\u00a0Minute\" \/>\n<script type=\"application\/ld+json\" class=\"yoast-schema-graph\">{\"@context\":\"https:\\\/\\\/schema.org\",\"@graph\":[{\"@type\":\"WebPage\",\"@id\":\"https:\\\/\\\/medicinasinc.com\\\/de\\\/product\\\/buy-5f-mdmb-2201-5f-mmb-pica-5f-amb-pica\\\/\",\"url\":\"https:\\\/\\\/medicinasinc.com\\\/de\\\/product\\\/buy-5f-mdmb-2201-5f-mmb-pica-5f-amb-pica\\\/\",\"name\":\"Kaufen Sie 5F MDMB 2201 - 5F-MMB-PICA, 5F-AMB-PICA und I-AMB\",\"isPartOf\":{\"@id\":\"https:\\\/\\\/medicinasinc.com\\\/de\\\/#website\"},\"primaryImageOfPage\":{\"@id\":\"https:\\\/\\\/medicinasinc.com\\\/de\\\/product\\\/buy-5f-mdmb-2201-5f-mmb-pica-5f-amb-pica\\\/#primaryimage\"},\"image\":{\"@id\":\"https:\\\/\\\/medicinasinc.com\\\/de\\\/product\\\/buy-5f-mdmb-2201-5f-mmb-pica-5f-amb-pica\\\/#primaryimage\"},\"thumbnailUrl\":\"https:\\\/\\\/medicinasinc.com\\\/de\\\/wp-content\\\/uploads\\\/sites\\\/6\\\/2022\\\/02\\\/Buy-5f-MDMB-2201.jpg\",\"datePublished\":\"2022-02-21T22:57:54+00:00\",\"dateModified\":\"2022-03-18T00:22:11+00:00\",\"description\":\"Kaufen Sie MMB-2201, 5F MDMB 2201 zum Verkauf in Gro\u00dfbritannien, Europa (auch bekannt als 5F-MMB-PICA, 5F-AMB-PICA und I-AMB) ist ein wirksames synthetisches Cannabinoid auf Indol-3-Carboxamid-Basis, das verkauft wurde als Designerdroge und als Wirkstoff in synthetischen Cannabismischungen\",\"breadcrumb\":{\"@id\":\"https:\\\/\\\/medicinasinc.com\\\/de\\\/product\\\/buy-5f-mdmb-2201-5f-mmb-pica-5f-amb-pica\\\/#breadcrumb\"},\"inLanguage\":\"de\",\"potentialAction\":[{\"@type\":\"ReadAction\",\"target\":[\"https:\\\/\\\/medicinasinc.com\\\/de\\\/product\\\/buy-5f-mdmb-2201-5f-mmb-pica-5f-amb-pica\\\/\"]}]},{\"@type\":\"ImageObject\",\"inLanguage\":\"de\",\"@id\":\"https:\\\/\\\/medicinasinc.com\\\/de\\\/product\\\/buy-5f-mdmb-2201-5f-mmb-pica-5f-amb-pica\\\/#primaryimage\",\"url\":\"https:\\\/\\\/medicinasinc.com\\\/de\\\/wp-content\\\/uploads\\\/sites\\\/6\\\/2022\\\/02\\\/Buy-5f-MDMB-2201.jpg\",\"contentUrl\":\"https:\\\/\\\/medicinasinc.com\\\/de\\\/wp-content\\\/uploads\\\/sites\\\/6\\\/2022\\\/02\\\/Buy-5f-MDMB-2201.jpg\",\"width\":232,\"height\":217},{\"@type\":\"BreadcrumbList\",\"@id\":\"https:\\\/\\\/medicinasinc.com\\\/de\\\/product\\\/buy-5f-mdmb-2201-5f-mmb-pica-5f-amb-pica\\\/#breadcrumb\",\"itemListElement\":[{\"@type\":\"ListItem\",\"position\":1,\"name\":\"Einkaufen\",\"item\":\"https:\\\/\\\/medicinasinc.com\\\/de\\\/einkaufen\\\/\"},{\"@type\":\"ListItem\",\"position\":2,\"name\":\"Kaufen Sie 5F MDMB 2201 &#8211; 5F-MMB-PICA, 5F-AMB-PICA\"}]},{\"@type\":\"WebSite\",\"@id\":\"https:\\\/\\\/medicinasinc.com\\\/de\\\/#website\",\"url\":\"https:\\\/\\\/medicinasinc.com\\\/de\\\/\",\"name\":\"Medicinas Inc\",\"description\":\"Health Medical Clinic\",\"potentialAction\":[{\"@type\":\"SearchAction\",\"target\":{\"@type\":\"EntryPoint\",\"urlTemplate\":\"https:\\\/\\\/medicinasinc.com\\\/de\\\/?s={search_term_string}\"},\"query-input\":{\"@type\":\"PropertyValueSpecification\",\"valueRequired\":true,\"valueName\":\"search_term_string\"}}],\"inLanguage\":\"de\"}]}<\/script>\n<!-- \/ Yoast SEO plugin. -->","yoast_head_json":{"title":"Kaufen Sie 5F MDMB 2201 - 5F-MMB-PICA, 5F-AMB-PICA und I-AMB","description":"Kaufen Sie MMB-2201, 5F MDMB 2201 zum Verkauf in Gro\u00dfbritannien, Europa (auch bekannt als 5F-MMB-PICA, 5F-AMB-PICA und I-AMB) ist ein wirksames synthetisches Cannabinoid auf Indol-3-Carboxamid-Basis, das verkauft wurde als Designerdroge und als Wirkstoff in synthetischen Cannabismischungen","robots":{"index":"index","follow":"follow","max-snippet":"max-snippet:-1","max-image-preview":"max-image-preview:large","max-video-preview":"max-video-preview:-1"},"canonical":"https:\/\/medicinasinc.com\/de\/product\/buy-5f-mdmb-2201-5f-mmb-pica-5f-amb-pica\/","og_locale":"de_DE","og_type":"article","og_title":"Kaufen Sie 5F MDMB 2201 - 5F-MMB-PICA, 5F-AMB-PICA und I-AMB","og_description":"Kaufen Sie MMB-2201, 5F MDMB 2201 zum Verkauf in Gro\u00dfbritannien, Europa (auch bekannt als 5F-MMB-PICA, 5F-AMB-PICA und I-AMB) ist ein wirksames synthetisches Cannabinoid auf Indol-3-Carboxamid-Basis, das verkauft wurde als Designerdroge und als Wirkstoff in synthetischen Cannabismischungen","og_url":"https:\/\/medicinasinc.com\/de\/product\/buy-5f-mdmb-2201-5f-mmb-pica-5f-amb-pica\/","og_site_name":"Medicinas Inc","article_modified_time":"2022-03-18T00:22:11+00:00","og_image":[{"width":232,"height":217,"url":"https:\/\/medicinasinc.com\/de\/wp-content\/uploads\/sites\/6\/2022\/02\/Buy-5f-MDMB-2201.jpg","type":"image\/jpeg"}],"twitter_card":"summary_large_image","twitter_misc":{"Gesch\u00e4tzte Lesezeit":"1\u00a0Minute"},"schema":{"@context":"https:\/\/schema.org","@graph":[{"@type":"WebPage","@id":"https:\/\/medicinasinc.com\/de\/product\/buy-5f-mdmb-2201-5f-mmb-pica-5f-amb-pica\/","url":"https:\/\/medicinasinc.com\/de\/product\/buy-5f-mdmb-2201-5f-mmb-pica-5f-amb-pica\/","name":"Kaufen Sie 5F MDMB 2201 - 5F-MMB-PICA, 5F-AMB-PICA und I-AMB","isPartOf":{"@id":"https:\/\/medicinasinc.com\/de\/#website"},"primaryImageOfPage":{"@id":"https:\/\/medicinasinc.com\/de\/product\/buy-5f-mdmb-2201-5f-mmb-pica-5f-amb-pica\/#primaryimage"},"image":{"@id":"https:\/\/medicinasinc.com\/de\/product\/buy-5f-mdmb-2201-5f-mmb-pica-5f-amb-pica\/#primaryimage"},"thumbnailUrl":"https:\/\/medicinasinc.com\/de\/wp-content\/uploads\/sites\/6\/2022\/02\/Buy-5f-MDMB-2201.jpg","datePublished":"2022-02-21T22:57:54+00:00","dateModified":"2022-03-18T00:22:11+00:00","description":"Kaufen Sie MMB-2201, 5F MDMB 2201 zum Verkauf in Gro\u00dfbritannien, Europa (auch bekannt als 5F-MMB-PICA, 5F-AMB-PICA und I-AMB) ist ein wirksames synthetisches Cannabinoid auf Indol-3-Carboxamid-Basis, das verkauft wurde als Designerdroge und als Wirkstoff in synthetischen Cannabismischungen","breadcrumb":{"@id":"https:\/\/medicinasinc.com\/de\/product\/buy-5f-mdmb-2201-5f-mmb-pica-5f-amb-pica\/#breadcrumb"},"inLanguage":"de","potentialAction":[{"@type":"ReadAction","target":["https:\/\/medicinasinc.com\/de\/product\/buy-5f-mdmb-2201-5f-mmb-pica-5f-amb-pica\/"]}]},{"@type":"ImageObject","inLanguage":"de","@id":"https:\/\/medicinasinc.com\/de\/product\/buy-5f-mdmb-2201-5f-mmb-pica-5f-amb-pica\/#primaryimage","url":"https:\/\/medicinasinc.com\/de\/wp-content\/uploads\/sites\/6\/2022\/02\/Buy-5f-MDMB-2201.jpg","contentUrl":"https:\/\/medicinasinc.com\/de\/wp-content\/uploads\/sites\/6\/2022\/02\/Buy-5f-MDMB-2201.jpg","width":232,"height":217},{"@type":"BreadcrumbList","@id":"https:\/\/medicinasinc.com\/de\/product\/buy-5f-mdmb-2201-5f-mmb-pica-5f-amb-pica\/#breadcrumb","itemListElement":[{"@type":"ListItem","position":1,"name":"Einkaufen","item":"https:\/\/medicinasinc.com\/de\/einkaufen\/"},{"@type":"ListItem","position":2,"name":"Kaufen Sie 5F MDMB 2201 &#8211; 5F-MMB-PICA, 5F-AMB-PICA"}]},{"@type":"WebSite","@id":"https:\/\/medicinasinc.com\/de\/#website","url":"https:\/\/medicinasinc.com\/de\/","name":"Medicinas Inc","description":"Health Medical Clinic","potentialAction":[{"@type":"SearchAction","target":{"@type":"EntryPoint","urlTemplate":"https:\/\/medicinasinc.com\/de\/?s={search_term_string}"},"query-input":{"@type":"PropertyValueSpecification","valueRequired":true,"valueName":"search_term_string"}}],"inLanguage":"de"}]}},"_links":{"self":[{"href":"https:\/\/medicinasinc.com\/de\/wp-json\/wp\/v2\/product\/5417","targetHints":{"allow":["GET"]}}],"collection":[{"href":"https:\/\/medicinasinc.com\/de\/wp-json\/wp\/v2\/product"}],"about":[{"href":"https:\/\/medicinasinc.com\/de\/wp-json\/wp\/v2\/types\/product"}],"replies":[{"embeddable":true,"href":"https:\/\/medicinasinc.com\/de\/wp-json\/wp\/v2\/comments?post=5417"}],"wp:featuredmedia":[{"embeddable":true,"href":"https:\/\/medicinasinc.com\/de\/wp-json\/wp\/v2\/media\/5427"}],"wp:attachment":[{"href":"https:\/\/medicinasinc.com\/de\/wp-json\/wp\/v2\/media?parent=5417"}],"wp:term":[{"taxonomy":"product_brand","embeddable":true,"href":"https:\/\/medicinasinc.com\/de\/wp-json\/wp\/v2\/product_brand?post=5417"},{"taxonomy":"product_cat","embeddable":true,"href":"https:\/\/medicinasinc.com\/de\/wp-json\/wp\/v2\/product_cat?post=5417"},{"taxonomy":"product_tag","embeddable":true,"href":"https:\/\/medicinasinc.com\/de\/wp-json\/wp\/v2\/product_tag?post=5417"}],"curies":[{"name":"wp","href":"https:\/\/api.w.org\/{rel}","templated":true}]}}