{"id":5416,"date":"2022-02-21T22:57:03","date_gmt":"2022-02-21T22:57:03","guid":{"rendered":"https:\/\/medicinasinc.com\/de\/?post_type=product&#038;p=5416"},"modified":"2022-03-18T00:22:20","modified_gmt":"2022-03-18T00:22:20","slug":"kaufen-50mcg-lsd-tabletten-online","status":"publish","type":"product","link":"https:\/\/medicinasinc.com\/de\/product\/kaufen-50mcg-lsd-tabletten-online\/","title":{"rendered":"Kaufen Sie 50 mcg LSD-Tabletten online"},"content":{"rendered":"<p><strong>Kaufen Sie LSD 50mcg-Tabletten online.<\/strong><\/p>\n<p>LSD 50mcg-Tabletten k\u00f6nnen online gekauft werden.<\/p>\n<p>Um LSD-Tabletten zu kaufen oder zu bestellen, k\u00f6nnen Sie dies tun unter unser LSD-Tabletten-Shop: Wenn Sie hochwertige LSD-Tabletten suchen, gehen Sie nicht weiter. Sie haben es gefunden. Die gr\u00f6\u00dften LSD-Tabletten auf dem Markt sind derzeit die von uns hergestellten.<br \/> Lysergs\u00e4urediethylamid ist sein generischer Name.<br \/> \u00dcber 80 gebr\u00e4uchliche oder Stra\u00dfennamen werden verwendet, um LSD zu beschreiben. Dazu geh\u00f6ren Acid, Blotter (auch bekannt als \u201edas Cid\u201c), Dosen (auch bekannt als \u201edie Punkte\u201c) und Trips (auch bekannt als die Trips).<\/p>\n","protected":false},"excerpt":{"rendered":"<div class=\"woocommerce-product-details__short-description\">\n<p>Echte 50mcg LSD-Tabletten online \u2013 50mcg LSD-Tabletten zum Verkauf | LSD-Tabletten online kaufen | Kaufen Sie 50 mcg LSD-Tabletten zum Verkauf | G\u00fcnstig 50mcg LSD Tabletten kaufen | Wo kann man 50 mcg LSD-Tabletten online kaufen.<\/p>\n<\/p><\/div>\n","protected":false},"featured_media":5425,"comment_status":"open","ping_status":"closed","template":"","meta":[],"product_brand":[],"product_cat":[703],"product_tag":[],"class_list":{"0":"post-5416","1":"product","2":"type-product","3":"status-publish","4":"has-post-thumbnail","6":"product_cat-kaufen-psychedelische-drogen","8":"first","9":"instock","10":"shipping-taxable","11":"purchasable","12":"product-type-variable","13":"has-default-attributes"},"yoast_head":"<!-- This site is optimized with the Yoast SEO plugin v27.3 - https:\/\/yoast.com\/product\/yoast-seo-wordpress\/ -->\n<title>Kaufen Sie 50 mcg LSD-Tabletten online - Best Best Global Meds<\/title>\n<meta name=\"description\" content=\"Echte 50mcg LSD-Tabletten online \u2013 50mcg LSD-Tabletten zum Verkauf | LSD-Tabletten online kaufen | Kaufen Sie 50 mcg LSD-Tabletten zum Verkauf | G\u00fcnstig 50mcg LSD Tabletten kaufen | Wo kann man 50mcg LSD Tabletten online kaufen.\" \/>\n<meta name=\"robots\" content=\"index, follow, max-snippet:-1, max-image-preview:large, max-video-preview:-1\" \/>\n<link rel=\"canonical\" href=\"https:\/\/medicinasinc.com\/de\/product\/kaufen-50mcg-lsd-tabletten-online\/\" \/>\n<meta property=\"og:locale\" content=\"de_DE\" \/>\n<meta property=\"og:type\" content=\"article\" \/>\n<meta property=\"og:title\" content=\"Kaufen Sie 50 mcg LSD-Tabletten online - Best Best Global Meds\" \/>\n<meta property=\"og:description\" content=\"Echte 50mcg LSD-Tabletten online \u2013 50mcg LSD-Tabletten zum Verkauf | LSD-Tabletten online kaufen | Kaufen Sie 50 mcg LSD-Tabletten zum Verkauf | G\u00fcnstig 50mcg LSD Tabletten kaufen | Wo kann man 50mcg LSD Tabletten online kaufen.\" \/>\n<meta property=\"og:url\" content=\"https:\/\/medicinasinc.com\/de\/product\/kaufen-50mcg-lsd-tabletten-online\/\" \/>\n<meta property=\"og:site_name\" content=\"Medicinas Inc\" \/>\n<meta property=\"article:modified_time\" content=\"2022-03-18T00:22:20+00:00\" \/>\n<meta property=\"og:image\" content=\"https:\/\/medicinasinc.com\/de\/wp-content\/uploads\/sites\/6\/2022\/02\/buy-50mcg-lsd-tablets-online.jpg\" \/>\n\t<meta property=\"og:image:width\" content=\"600\" \/>\n\t<meta property=\"og:image:height\" content=\"600\" \/>\n\t<meta property=\"og:image:type\" content=\"image\/jpeg\" \/>\n<meta name=\"twitter:card\" content=\"summary_large_image\" \/>\n<meta name=\"twitter:label1\" content=\"Gesch\u00e4tzte Lesezeit\" \/>\n\t<meta name=\"twitter:data1\" content=\"1\u00a0Minute\" \/>\n<script type=\"application\/ld+json\" class=\"yoast-schema-graph\">{\"@context\":\"https:\\\/\\\/schema.org\",\"@graph\":[{\"@type\":\"WebPage\",\"@id\":\"https:\\\/\\\/medicinasinc.com\\\/de\\\/product\\\/kaufen-50mcg-lsd-tabletten-online\\\/\",\"url\":\"https:\\\/\\\/medicinasinc.com\\\/de\\\/product\\\/kaufen-50mcg-lsd-tabletten-online\\\/\",\"name\":\"Kaufen Sie 50 mcg LSD-Tabletten online - Best Best Global Meds\",\"isPartOf\":{\"@id\":\"https:\\\/\\\/medicinasinc.com\\\/de\\\/#website\"},\"primaryImageOfPage\":{\"@id\":\"https:\\\/\\\/medicinasinc.com\\\/de\\\/product\\\/kaufen-50mcg-lsd-tabletten-online\\\/#primaryimage\"},\"image\":{\"@id\":\"https:\\\/\\\/medicinasinc.com\\\/de\\\/product\\\/kaufen-50mcg-lsd-tabletten-online\\\/#primaryimage\"},\"thumbnailUrl\":\"https:\\\/\\\/medicinasinc.com\\\/de\\\/wp-content\\\/uploads\\\/sites\\\/6\\\/2022\\\/02\\\/buy-50mcg-lsd-tablets-online.jpg\",\"datePublished\":\"2022-02-21T22:57:03+00:00\",\"dateModified\":\"2022-03-18T00:22:20+00:00\",\"description\":\"Echte 50mcg LSD-Tabletten online \u2013 50mcg LSD-Tabletten zum Verkauf | LSD-Tabletten online kaufen | Kaufen Sie 50 mcg LSD-Tabletten zum Verkauf | G\u00fcnstig 50mcg LSD Tabletten kaufen | Wo kann man 50mcg LSD Tabletten online kaufen.\",\"breadcrumb\":{\"@id\":\"https:\\\/\\\/medicinasinc.com\\\/de\\\/product\\\/kaufen-50mcg-lsd-tabletten-online\\\/#breadcrumb\"},\"inLanguage\":\"de\",\"potentialAction\":[{\"@type\":\"ReadAction\",\"target\":[\"https:\\\/\\\/medicinasinc.com\\\/de\\\/product\\\/kaufen-50mcg-lsd-tabletten-online\\\/\"]}]},{\"@type\":\"ImageObject\",\"inLanguage\":\"de\",\"@id\":\"https:\\\/\\\/medicinasinc.com\\\/de\\\/product\\\/kaufen-50mcg-lsd-tabletten-online\\\/#primaryimage\",\"url\":\"https:\\\/\\\/medicinasinc.com\\\/de\\\/wp-content\\\/uploads\\\/sites\\\/6\\\/2022\\\/02\\\/buy-50mcg-lsd-tablets-online.jpg\",\"contentUrl\":\"https:\\\/\\\/medicinasinc.com\\\/de\\\/wp-content\\\/uploads\\\/sites\\\/6\\\/2022\\\/02\\\/buy-50mcg-lsd-tablets-online.jpg\",\"width\":600,\"height\":600},{\"@type\":\"BreadcrumbList\",\"@id\":\"https:\\\/\\\/medicinasinc.com\\\/de\\\/product\\\/kaufen-50mcg-lsd-tabletten-online\\\/#breadcrumb\",\"itemListElement\":[{\"@type\":\"ListItem\",\"position\":1,\"name\":\"Einkaufen\",\"item\":\"https:\\\/\\\/medicinasinc.com\\\/de\\\/einkaufen\\\/\"},{\"@type\":\"ListItem\",\"position\":2,\"name\":\"Kaufen Sie 50 mcg LSD-Tabletten online\"}]},{\"@type\":\"WebSite\",\"@id\":\"https:\\\/\\\/medicinasinc.com\\\/de\\\/#website\",\"url\":\"https:\\\/\\\/medicinasinc.com\\\/de\\\/\",\"name\":\"Medicinas Inc\",\"description\":\"Health Medical Clinic\",\"potentialAction\":[{\"@type\":\"SearchAction\",\"target\":{\"@type\":\"EntryPoint\",\"urlTemplate\":\"https:\\\/\\\/medicinasinc.com\\\/de\\\/?s={search_term_string}\"},\"query-input\":{\"@type\":\"PropertyValueSpecification\",\"valueRequired\":true,\"valueName\":\"search_term_string\"}}],\"inLanguage\":\"de\"}]}<\/script>\n<!-- \/ Yoast SEO plugin. -->","yoast_head_json":{"title":"Kaufen Sie 50 mcg LSD-Tabletten online - Best Best Global Meds","description":"Echte 50mcg LSD-Tabletten online \u2013 50mcg LSD-Tabletten zum Verkauf | LSD-Tabletten online kaufen | Kaufen Sie 50 mcg LSD-Tabletten zum Verkauf | G\u00fcnstig 50mcg LSD Tabletten kaufen | Wo kann man 50mcg LSD Tabletten online kaufen.","robots":{"index":"index","follow":"follow","max-snippet":"max-snippet:-1","max-image-preview":"max-image-preview:large","max-video-preview":"max-video-preview:-1"},"canonical":"https:\/\/medicinasinc.com\/de\/product\/kaufen-50mcg-lsd-tabletten-online\/","og_locale":"de_DE","og_type":"article","og_title":"Kaufen Sie 50 mcg LSD-Tabletten online - Best Best Global Meds","og_description":"Echte 50mcg LSD-Tabletten online \u2013 50mcg LSD-Tabletten zum Verkauf | LSD-Tabletten online kaufen | Kaufen Sie 50 mcg LSD-Tabletten zum Verkauf | G\u00fcnstig 50mcg LSD Tabletten kaufen | Wo kann man 50mcg LSD Tabletten online kaufen.","og_url":"https:\/\/medicinasinc.com\/de\/product\/kaufen-50mcg-lsd-tabletten-online\/","og_site_name":"Medicinas Inc","article_modified_time":"2022-03-18T00:22:20+00:00","og_image":[{"width":600,"height":600,"url":"https:\/\/medicinasinc.com\/de\/wp-content\/uploads\/sites\/6\/2022\/02\/buy-50mcg-lsd-tablets-online.jpg","type":"image\/jpeg"}],"twitter_card":"summary_large_image","twitter_misc":{"Gesch\u00e4tzte Lesezeit":"1\u00a0Minute"},"schema":{"@context":"https:\/\/schema.org","@graph":[{"@type":"WebPage","@id":"https:\/\/medicinasinc.com\/de\/product\/kaufen-50mcg-lsd-tabletten-online\/","url":"https:\/\/medicinasinc.com\/de\/product\/kaufen-50mcg-lsd-tabletten-online\/","name":"Kaufen Sie 50 mcg LSD-Tabletten online - Best Best Global Meds","isPartOf":{"@id":"https:\/\/medicinasinc.com\/de\/#website"},"primaryImageOfPage":{"@id":"https:\/\/medicinasinc.com\/de\/product\/kaufen-50mcg-lsd-tabletten-online\/#primaryimage"},"image":{"@id":"https:\/\/medicinasinc.com\/de\/product\/kaufen-50mcg-lsd-tabletten-online\/#primaryimage"},"thumbnailUrl":"https:\/\/medicinasinc.com\/de\/wp-content\/uploads\/sites\/6\/2022\/02\/buy-50mcg-lsd-tablets-online.jpg","datePublished":"2022-02-21T22:57:03+00:00","dateModified":"2022-03-18T00:22:20+00:00","description":"Echte 50mcg LSD-Tabletten online \u2013 50mcg LSD-Tabletten zum Verkauf | LSD-Tabletten online kaufen | Kaufen Sie 50 mcg LSD-Tabletten zum Verkauf | G\u00fcnstig 50mcg LSD Tabletten kaufen | Wo kann man 50mcg LSD Tabletten online kaufen.","breadcrumb":{"@id":"https:\/\/medicinasinc.com\/de\/product\/kaufen-50mcg-lsd-tabletten-online\/#breadcrumb"},"inLanguage":"de","potentialAction":[{"@type":"ReadAction","target":["https:\/\/medicinasinc.com\/de\/product\/kaufen-50mcg-lsd-tabletten-online\/"]}]},{"@type":"ImageObject","inLanguage":"de","@id":"https:\/\/medicinasinc.com\/de\/product\/kaufen-50mcg-lsd-tabletten-online\/#primaryimage","url":"https:\/\/medicinasinc.com\/de\/wp-content\/uploads\/sites\/6\/2022\/02\/buy-50mcg-lsd-tablets-online.jpg","contentUrl":"https:\/\/medicinasinc.com\/de\/wp-content\/uploads\/sites\/6\/2022\/02\/buy-50mcg-lsd-tablets-online.jpg","width":600,"height":600},{"@type":"BreadcrumbList","@id":"https:\/\/medicinasinc.com\/de\/product\/kaufen-50mcg-lsd-tabletten-online\/#breadcrumb","itemListElement":[{"@type":"ListItem","position":1,"name":"Einkaufen","item":"https:\/\/medicinasinc.com\/de\/einkaufen\/"},{"@type":"ListItem","position":2,"name":"Kaufen Sie 50 mcg LSD-Tabletten online"}]},{"@type":"WebSite","@id":"https:\/\/medicinasinc.com\/de\/#website","url":"https:\/\/medicinasinc.com\/de\/","name":"Medicinas Inc","description":"Health Medical Clinic","potentialAction":[{"@type":"SearchAction","target":{"@type":"EntryPoint","urlTemplate":"https:\/\/medicinasinc.com\/de\/?s={search_term_string}"},"query-input":{"@type":"PropertyValueSpecification","valueRequired":true,"valueName":"search_term_string"}}],"inLanguage":"de"}]}},"_links":{"self":[{"href":"https:\/\/medicinasinc.com\/de\/wp-json\/wp\/v2\/product\/5416","targetHints":{"allow":["GET"]}}],"collection":[{"href":"https:\/\/medicinasinc.com\/de\/wp-json\/wp\/v2\/product"}],"about":[{"href":"https:\/\/medicinasinc.com\/de\/wp-json\/wp\/v2\/types\/product"}],"replies":[{"embeddable":true,"href":"https:\/\/medicinasinc.com\/de\/wp-json\/wp\/v2\/comments?post=5416"}],"wp:featuredmedia":[{"embeddable":true,"href":"https:\/\/medicinasinc.com\/de\/wp-json\/wp\/v2\/media\/5425"}],"wp:attachment":[{"href":"https:\/\/medicinasinc.com\/de\/wp-json\/wp\/v2\/media?parent=5416"}],"wp:term":[{"taxonomy":"product_brand","embeddable":true,"href":"https:\/\/medicinasinc.com\/de\/wp-json\/wp\/v2\/product_brand?post=5416"},{"taxonomy":"product_cat","embeddable":true,"href":"https:\/\/medicinasinc.com\/de\/wp-json\/wp\/v2\/product_cat?post=5416"},{"taxonomy":"product_tag","embeddable":true,"href":"https:\/\/medicinasinc.com\/de\/wp-json\/wp\/v2\/product_tag?post=5416"}],"curies":[{"name":"wp","href":"https:\/\/api.w.org\/{rel}","templated":true}]}}