{"id":5389,"date":"2022-02-21T22:26:02","date_gmt":"2022-02-21T22:26:02","guid":{"rendered":"https:\/\/medicinasinc.com\/de\/?post_type=product&#038;p=5389"},"modified":"2022-08-03T08:22:25","modified_gmt":"2022-08-03T08:22:25","slug":"buy-5-mapb-pulver-kristall","status":"publish","type":"product","link":"https:\/\/medicinasinc.com\/de\/product\/buy-5-mapb-pulver-kristall\/","title":{"rendered":"Kaufen Sie 5-MAPB-Pulver &amp; amp; Kristall"},"content":{"rendered":"<p>Brauchen Sie 5-mapb-crystal und m\u00f6chten es zu einem vern\u00fcnftigen Preis kaufen? Dann k\u00f6nnen Sie gleich unseren Online-Chemikalienshop besuchen. Mit Hilfe von Bestglobalmed.com k\u00f6nnen Sie 5-mapb-crystal online zu erschwinglichen Preisen kaufen. In unserem Online-Chemikalienshop sind wir ein bekannter Verk\u00e4ufer und Lieferant, der Ihnen jederzeit zur Verf\u00fcgung steht. Bestellen Sie 5-mapb-crystal noch heute!<\/p>\n<p>5-mapb-crystal ist eine Art Kristall.<\/p>\n<p>In Struktur und Wirkung ist 5-MAPB (1-(Benzofuran-5-yl )-N-Methylpropan-2-amin) \u00e4hnelt MDMA, einem synthetischen Entaktogen. 5&#8242;-(2-Methylaminopropyl)benzofuran ist ein synthetisches Entaktogen aus der Familie der Benzo-substituierten Chemie (abgek\u00fcrzt als 5-MAPB).<\/p>\n<p>Wie wirkt 5-mapb-Kristall auf den K\u00f6rper?<\/p>\n<p>5-mapb-crystal hat eine euphorische, entaktogene, stimulierende und leicht psychedelische Wirkung auf den menschlichen K\u00f6rper, wenn es oral eingenommen wird.<\/p>\n<p>5 MAPB Crystal ist als was sonst bekannt?<\/p>\n<p>5 MAPB Crystal ist auch als 5-MAPB bekannt.<\/p>\n<p>Wie w\u00fcrden Sie 5 MAPB Crystal beschreiben?<\/p>\n<p>Chemisch ist 5 MAPB Crystal ein Benzofuran (Amphetamin)-Molek\u00fcl.<\/p>\n<p>Wie kann ich 5-Mapb-Kristalle in die Finger bekommen?<\/p>\n<p>Sie k\u00f6nnen 5-Mapb-Kristalle von unserer offiziellen Website beziehen und sie innerhalb von a an Ihre angegebene Adresse liefern lassen ein paar Tage. Nur in den Vereinigten Staaten, Gro\u00dfbritannien, Kanada, Deutschland und Australien besch\u00e4ftigen wir uns mit 5-mapb-crystal. Verbinden Sie sich jetzt!<\/p>\n<p>Wir sind der Top-Anbieter und Distributor von hochwertigen Chemikalien zu einem vern\u00fcnftigen Preis. F\u00fcr Kunden ist es einfach, sich wohl zu f\u00fchlen, wenn sie mit unserem Expertenteam zusammenarbeiten. Dadurch sind sie in der Lage, eine ausreichende Versorgung aufrechtzuerhalten und rechtzeitig beliefert zu werden, um ihren Bedarf zu decken. Kunden lieben und respektieren uns, weil wir qualitativ hochwertige Produkte zu vern\u00fcnftigen Preisen und exzellenten Kundenservice anbieten. Es ist nicht nur unsere Pflicht, sondern auch unsere Verantwortung, Ihre Erwartungen zu erf\u00fcllen oder zu \u00fcbertreffen. Vor dem Kauf des mdpt brauchen Sie keinen Arzt aufzusuchen.<\/p>\n<p>Wir tun alles, um sicherzustellen, dass der Kunde vollkommen zufrieden ist. Das Streben nach globalem Ruf f\u00fcr seine Produkte und Dienstleistungen bedeutet, Preise in \u00dcbereinstimmung mit Industrienormen festzulegen.<\/p>\n<p>Dar\u00fcber hinaus bieten wir allen Ihren Bestellungen die gleiche Aufmerksamkeit, unabh\u00e4ngig davon, wie gro\u00df oder klein sie sind, und wir bem\u00fchen uns um Ihre Bestellung so schnell wie m\u00f6glich versenden zu lassen.<\/p>\n<p>Nachdem Sie Ihre Eink\u00e4ufe abgeschlossen haben, sind wir zuversichtlich, dass Sie nicht entt\u00e4uscht sein werden. Um Ihnen die h\u00f6chstm\u00f6gliche Qualit\u00e4t zu bieten, verwenden wir nur Materialien, die aus den bestm\u00f6glichen Quellen stammen. Sie erhalten die Verpackung des Produkts in einer diskreten Verpackung.<\/p>\n<p>Dank unseres reichen Wissens konnten wir uns auf dem Markt f\u00fcr Forschungschemikalien einen festen Platz verschaffen. Als f\u00fchrender Anbieter von Forschungschemikalien glauben wir an den Aufbau langfristiger, vertrauensvoller Beziehungen zu unseren Kunden.<\/p>\n","protected":false},"excerpt":{"rendered":"<p>Sie k\u00f6nnen 5-MAPB-Pulverkristalle von Medicinasinc.com zu einem vern\u00fcnftigen Preis sowie 5-MAPB-Forschungschemikalien zum Verkauf kaufen. 5-MAPB, chemisch als 1-(Benzofuran-5-yl) bekannt, ist ein synthetisches Entactogen mit Wirkungen und Eigenschaften, die denen von MDMA sehr \u00e4hnlich sind.<\/p>\n<p>5-MAPB Powder &amp; Kristall 1 Unze. ist k\u00e4uflich zu erwerben. Eine Dosis von 100-200 Milligramm 5-MAPB, ein MDMA-\u00e4hnliches Pulver, wird empfohlen.<\/p>\n<p>Crystal 5-MAPB kaufen Wenn Sie 5-MAPB-Crystal zu einem guten Preis suchen , suchen Sie nicht weiter. Dann nehmen Sie gleich \u00fcber das Internet Kontakt mit unserem Chemie-Shop auf.<\/p>\n","protected":false},"featured_media":5400,"comment_status":"open","ping_status":"closed","template":"","meta":[],"product_brand":[],"product_cat":[2014],"product_tag":[2569,2591,2583,2584,2592,2571,2572,2577,2578,2579,2580,2582,2585,2570,2573,2593,2574,2576,2575,2581,2587,2588,2589,2586,2590,2594,2595],"class_list":{"0":"post-5389","1":"product","2":"type-product","3":"status-publish","4":"has-post-thumbnail","6":"product_cat-kaufen-forschungschemikalien","7":"product_tag-5-mapb","8":"product_tag-order-5-mapb","9":"product_tag-5-mapb-forschungschemikalien","10":"product_tag-5-mapb-forschungschemikalien-zum-verkauf","11":"product_tag-5-mapb-online-bestellen","12":"product_tag-5-mapb-zum-verkauf-online","13":"product_tag-5-mapb-powder","14":"product_tag-5-mapb-powder-review","15":"product_tag-5-mapb-powder-supplier","16":"product_tag-5-mapb-powder-uk","17":"product_tag-5-mapb-powder-usa","18":"product_tag-5-mapb-reddit","19":"product_tag-5-mapb-review","20":"product_tag-5-mapb-zu-verkaufen","21":"product_tag-5-mapb-pulver-australien","22":"product_tag-order-5-mapb-pulver","23":"product_tag-5-mapb-pulver-kanada","24":"product_tag-5-mapb-pulver-zu-verkaufen","25":"product_tag-5-mapb-pulver-dosierung","26":"product_tag-5-mapb-pulver-anbieter","27":"product_tag-buy-5-mapb-online","28":"product_tag-buy-5-mapb-powder-online","29":"product_tag-buy-5-mapb-research-chemicals","30":"product_tag-buy-5-mapb","31":"product_tag-mail-5-mapb","32":"product_tag-reines-5-mapb-pulver","33":"product_tag-wo-zu-kaufen-5-mapb","35":"first","36":"instock","37":"shipping-taxable","38":"purchasable","39":"product-type-variable","40":"has-default-attributes"},"yoast_head":"<!-- This site is optimized with the Yoast SEO plugin v27.3 - https:\/\/yoast.com\/product\/yoast-seo-wordpress\/ -->\n<title>Kaufen Sie 5-MAPB-Pulver &amp; amp; Crystal - Best Best Global Meds<\/title>\n<meta name=\"description\" content=\"Kaufen Sie 5-MAPB-Pulverkristall online, 5-MAPB-Forschungschemikalien zum Verkauf, bestellen Sie 5-MAPB-Kristalle in den USA, Gro\u00dfbritannien zu einem erschwinglichen Preis bei Medicinasinc.com. 5-MAPB (1-(Benzofuran-5-yl)-N-methylpropan-2-amin) ist eine entaktogene Designerdroge, die in ihrer Struktur und Wirkung MDMA \u00e4hnelt\" \/>\n<meta name=\"robots\" content=\"index, follow, max-snippet:-1, max-image-preview:large, max-video-preview:-1\" \/>\n<link rel=\"canonical\" href=\"https:\/\/medicinasinc.com\/de\/product\/buy-5-mapb-pulver-kristall\/\" \/>\n<meta property=\"og:locale\" content=\"de_DE\" \/>\n<meta property=\"og:type\" content=\"article\" \/>\n<meta property=\"og:title\" content=\"Kaufen Sie 5-MAPB-Pulver &amp; amp; Crystal - Best Best Global Meds\" \/>\n<meta property=\"og:description\" content=\"Kaufen Sie 5-MAPB-Pulverkristall online, 5-MAPB-Forschungschemikalien zum Verkauf, bestellen Sie 5-MAPB-Kristalle in den USA, Gro\u00dfbritannien zu einem erschwinglichen Preis bei Medicinasinc.com. 5-MAPB (1-(Benzofuran-5-yl)-N-methylpropan-2-amin) ist eine entaktogene Designerdroge, die in ihrer Struktur und Wirkung MDMA \u00e4hnelt\" \/>\n<meta property=\"og:url\" content=\"https:\/\/medicinasinc.com\/de\/product\/buy-5-mapb-pulver-kristall\/\" \/>\n<meta property=\"og:site_name\" content=\"Medicinas Inc\" \/>\n<meta property=\"article:modified_time\" content=\"2022-08-03T08:22:25+00:00\" \/>\n<meta property=\"og:image\" content=\"https:\/\/medicinasinc.com\/de\/wp-content\/uploads\/sites\/6\/2022\/02\/Buy-5-MAPB-Powder-Crystal.jpg\" \/>\n\t<meta property=\"og:image:width\" content=\"600\" \/>\n\t<meta property=\"og:image:height\" content=\"488\" \/>\n\t<meta property=\"og:image:type\" content=\"image\/jpeg\" \/>\n<meta name=\"twitter:card\" content=\"summary_large_image\" \/>\n<meta name=\"twitter:label1\" content=\"Gesch\u00e4tzte Lesezeit\" \/>\n\t<meta name=\"twitter:data1\" content=\"2\u00a0Minuten\" \/>\n<script type=\"application\/ld+json\" class=\"yoast-schema-graph\">{\"@context\":\"https:\\\/\\\/schema.org\",\"@graph\":[{\"@type\":\"WebPage\",\"@id\":\"https:\\\/\\\/medicinasinc.com\\\/de\\\/product\\\/buy-5-mapb-pulver-kristall\\\/\",\"url\":\"https:\\\/\\\/medicinasinc.com\\\/de\\\/product\\\/buy-5-mapb-pulver-kristall\\\/\",\"name\":\"Kaufen Sie 5-MAPB-Pulver & amp; Crystal - Best Best Global Meds\",\"isPartOf\":{\"@id\":\"https:\\\/\\\/medicinasinc.com\\\/de\\\/#website\"},\"primaryImageOfPage\":{\"@id\":\"https:\\\/\\\/medicinasinc.com\\\/de\\\/product\\\/buy-5-mapb-pulver-kristall\\\/#primaryimage\"},\"image\":{\"@id\":\"https:\\\/\\\/medicinasinc.com\\\/de\\\/product\\\/buy-5-mapb-pulver-kristall\\\/#primaryimage\"},\"thumbnailUrl\":\"https:\\\/\\\/medicinasinc.com\\\/de\\\/wp-content\\\/uploads\\\/sites\\\/6\\\/2022\\\/02\\\/Buy-5-MAPB-Powder-Crystal.jpg\",\"datePublished\":\"2022-02-21T22:26:02+00:00\",\"dateModified\":\"2022-08-03T08:22:25+00:00\",\"description\":\"Kaufen Sie 5-MAPB-Pulverkristall online, 5-MAPB-Forschungschemikalien zum Verkauf, bestellen Sie 5-MAPB-Kristalle in den USA, Gro\u00dfbritannien zu einem erschwinglichen Preis bei Medicinasinc.com. 5-MAPB (1-(Benzofuran-5-yl)-N-methylpropan-2-amin) ist eine entaktogene Designerdroge, die in ihrer Struktur und Wirkung MDMA \u00e4hnelt\",\"breadcrumb\":{\"@id\":\"https:\\\/\\\/medicinasinc.com\\\/de\\\/product\\\/buy-5-mapb-pulver-kristall\\\/#breadcrumb\"},\"inLanguage\":\"de\",\"potentialAction\":[{\"@type\":\"ReadAction\",\"target\":[\"https:\\\/\\\/medicinasinc.com\\\/de\\\/product\\\/buy-5-mapb-pulver-kristall\\\/\"]}]},{\"@type\":\"ImageObject\",\"inLanguage\":\"de\",\"@id\":\"https:\\\/\\\/medicinasinc.com\\\/de\\\/product\\\/buy-5-mapb-pulver-kristall\\\/#primaryimage\",\"url\":\"https:\\\/\\\/medicinasinc.com\\\/de\\\/wp-content\\\/uploads\\\/sites\\\/6\\\/2022\\\/02\\\/Buy-5-MAPB-Powder-Crystal.jpg\",\"contentUrl\":\"https:\\\/\\\/medicinasinc.com\\\/de\\\/wp-content\\\/uploads\\\/sites\\\/6\\\/2022\\\/02\\\/Buy-5-MAPB-Powder-Crystal.jpg\",\"width\":600,\"height\":488},{\"@type\":\"BreadcrumbList\",\"@id\":\"https:\\\/\\\/medicinasinc.com\\\/de\\\/product\\\/buy-5-mapb-pulver-kristall\\\/#breadcrumb\",\"itemListElement\":[{\"@type\":\"ListItem\",\"position\":1,\"name\":\"Einkaufen\",\"item\":\"https:\\\/\\\/medicinasinc.com\\\/de\\\/einkaufen\\\/\"},{\"@type\":\"ListItem\",\"position\":2,\"name\":\"Kaufen Sie 5-MAPB-Pulver &amp; amp; Kristall\"}]},{\"@type\":\"WebSite\",\"@id\":\"https:\\\/\\\/medicinasinc.com\\\/de\\\/#website\",\"url\":\"https:\\\/\\\/medicinasinc.com\\\/de\\\/\",\"name\":\"Medicinas Inc\",\"description\":\"Health Medical Clinic\",\"potentialAction\":[{\"@type\":\"SearchAction\",\"target\":{\"@type\":\"EntryPoint\",\"urlTemplate\":\"https:\\\/\\\/medicinasinc.com\\\/de\\\/?s={search_term_string}\"},\"query-input\":{\"@type\":\"PropertyValueSpecification\",\"valueRequired\":true,\"valueName\":\"search_term_string\"}}],\"inLanguage\":\"de\"}]}<\/script>\n<!-- \/ Yoast SEO plugin. -->","yoast_head_json":{"title":"Kaufen Sie 5-MAPB-Pulver & amp; Crystal - Best Best Global Meds","description":"Kaufen Sie 5-MAPB-Pulverkristall online, 5-MAPB-Forschungschemikalien zum Verkauf, bestellen Sie 5-MAPB-Kristalle in den USA, Gro\u00dfbritannien zu einem erschwinglichen Preis bei Medicinasinc.com. 5-MAPB (1-(Benzofuran-5-yl)-N-methylpropan-2-amin) ist eine entaktogene Designerdroge, die in ihrer Struktur und Wirkung MDMA \u00e4hnelt","robots":{"index":"index","follow":"follow","max-snippet":"max-snippet:-1","max-image-preview":"max-image-preview:large","max-video-preview":"max-video-preview:-1"},"canonical":"https:\/\/medicinasinc.com\/de\/product\/buy-5-mapb-pulver-kristall\/","og_locale":"de_DE","og_type":"article","og_title":"Kaufen Sie 5-MAPB-Pulver & amp; Crystal - Best Best Global Meds","og_description":"Kaufen Sie 5-MAPB-Pulverkristall online, 5-MAPB-Forschungschemikalien zum Verkauf, bestellen Sie 5-MAPB-Kristalle in den USA, Gro\u00dfbritannien zu einem erschwinglichen Preis bei Medicinasinc.com. 5-MAPB (1-(Benzofuran-5-yl)-N-methylpropan-2-amin) ist eine entaktogene Designerdroge, die in ihrer Struktur und Wirkung MDMA \u00e4hnelt","og_url":"https:\/\/medicinasinc.com\/de\/product\/buy-5-mapb-pulver-kristall\/","og_site_name":"Medicinas Inc","article_modified_time":"2022-08-03T08:22:25+00:00","og_image":[{"width":600,"height":488,"url":"https:\/\/medicinasinc.com\/de\/wp-content\/uploads\/sites\/6\/2022\/02\/Buy-5-MAPB-Powder-Crystal.jpg","type":"image\/jpeg"}],"twitter_card":"summary_large_image","twitter_misc":{"Gesch\u00e4tzte Lesezeit":"2\u00a0Minuten"},"schema":{"@context":"https:\/\/schema.org","@graph":[{"@type":"WebPage","@id":"https:\/\/medicinasinc.com\/de\/product\/buy-5-mapb-pulver-kristall\/","url":"https:\/\/medicinasinc.com\/de\/product\/buy-5-mapb-pulver-kristall\/","name":"Kaufen Sie 5-MAPB-Pulver & amp; Crystal - Best Best Global Meds","isPartOf":{"@id":"https:\/\/medicinasinc.com\/de\/#website"},"primaryImageOfPage":{"@id":"https:\/\/medicinasinc.com\/de\/product\/buy-5-mapb-pulver-kristall\/#primaryimage"},"image":{"@id":"https:\/\/medicinasinc.com\/de\/product\/buy-5-mapb-pulver-kristall\/#primaryimage"},"thumbnailUrl":"https:\/\/medicinasinc.com\/de\/wp-content\/uploads\/sites\/6\/2022\/02\/Buy-5-MAPB-Powder-Crystal.jpg","datePublished":"2022-02-21T22:26:02+00:00","dateModified":"2022-08-03T08:22:25+00:00","description":"Kaufen Sie 5-MAPB-Pulverkristall online, 5-MAPB-Forschungschemikalien zum Verkauf, bestellen Sie 5-MAPB-Kristalle in den USA, Gro\u00dfbritannien zu einem erschwinglichen Preis bei Medicinasinc.com. 5-MAPB (1-(Benzofuran-5-yl)-N-methylpropan-2-amin) ist eine entaktogene Designerdroge, die in ihrer Struktur und Wirkung MDMA \u00e4hnelt","breadcrumb":{"@id":"https:\/\/medicinasinc.com\/de\/product\/buy-5-mapb-pulver-kristall\/#breadcrumb"},"inLanguage":"de","potentialAction":[{"@type":"ReadAction","target":["https:\/\/medicinasinc.com\/de\/product\/buy-5-mapb-pulver-kristall\/"]}]},{"@type":"ImageObject","inLanguage":"de","@id":"https:\/\/medicinasinc.com\/de\/product\/buy-5-mapb-pulver-kristall\/#primaryimage","url":"https:\/\/medicinasinc.com\/de\/wp-content\/uploads\/sites\/6\/2022\/02\/Buy-5-MAPB-Powder-Crystal.jpg","contentUrl":"https:\/\/medicinasinc.com\/de\/wp-content\/uploads\/sites\/6\/2022\/02\/Buy-5-MAPB-Powder-Crystal.jpg","width":600,"height":488},{"@type":"BreadcrumbList","@id":"https:\/\/medicinasinc.com\/de\/product\/buy-5-mapb-pulver-kristall\/#breadcrumb","itemListElement":[{"@type":"ListItem","position":1,"name":"Einkaufen","item":"https:\/\/medicinasinc.com\/de\/einkaufen\/"},{"@type":"ListItem","position":2,"name":"Kaufen Sie 5-MAPB-Pulver &amp; amp; Kristall"}]},{"@type":"WebSite","@id":"https:\/\/medicinasinc.com\/de\/#website","url":"https:\/\/medicinasinc.com\/de\/","name":"Medicinas Inc","description":"Health Medical Clinic","potentialAction":[{"@type":"SearchAction","target":{"@type":"EntryPoint","urlTemplate":"https:\/\/medicinasinc.com\/de\/?s={search_term_string}"},"query-input":{"@type":"PropertyValueSpecification","valueRequired":true,"valueName":"search_term_string"}}],"inLanguage":"de"}]}},"_links":{"self":[{"href":"https:\/\/medicinasinc.com\/de\/wp-json\/wp\/v2\/product\/5389","targetHints":{"allow":["GET"]}}],"collection":[{"href":"https:\/\/medicinasinc.com\/de\/wp-json\/wp\/v2\/product"}],"about":[{"href":"https:\/\/medicinasinc.com\/de\/wp-json\/wp\/v2\/types\/product"}],"replies":[{"embeddable":true,"href":"https:\/\/medicinasinc.com\/de\/wp-json\/wp\/v2\/comments?post=5389"}],"wp:featuredmedia":[{"embeddable":true,"href":"https:\/\/medicinasinc.com\/de\/wp-json\/wp\/v2\/media\/5400"}],"wp:attachment":[{"href":"https:\/\/medicinasinc.com\/de\/wp-json\/wp\/v2\/media?parent=5389"}],"wp:term":[{"taxonomy":"product_brand","embeddable":true,"href":"https:\/\/medicinasinc.com\/de\/wp-json\/wp\/v2\/product_brand?post=5389"},{"taxonomy":"product_cat","embeddable":true,"href":"https:\/\/medicinasinc.com\/de\/wp-json\/wp\/v2\/product_cat?post=5389"},{"taxonomy":"product_tag","embeddable":true,"href":"https:\/\/medicinasinc.com\/de\/wp-json\/wp\/v2\/product_tag?post=5389"}],"curies":[{"name":"wp","href":"https:\/\/api.w.org\/{rel}","templated":true}]}}