{"id":5387,"date":"2022-02-21T22:22:34","date_gmt":"2022-02-21T22:22:34","guid":{"rendered":"https:\/\/medicinasinc.com\/de\/?post_type=product&#038;p=5387"},"modified":"2022-08-03T08:19:04","modified_gmt":"2022-08-03T08:19:04","slug":"4-fa-pulver-kaufen","status":"publish","type":"product","link":"https:\/\/medicinasinc.com\/de\/product\/4-fa-pulver-kaufen\/","title":{"rendered":"Kaufen Sie 4-FA-Pulver"},"content":{"rendered":"<p>Kaufen Sie 4-FA-Pulver.<\/p>\n<p>Kaufen Sie billiges 4-FA-Pulver 1 Unze pur online.<\/p>\n<p>4-FA (4-Fluoramphetamin) ist ein amphetamin\u00e4hnliches Medikament, das hat erst k\u00fcrzlich auf dem niederl\u00e4ndischen Markt erschienen. Von 2007 bis 2009 wurde es haupts\u00e4chlich als Speed \u200b\u200boder MDMA vermarktet. Da f\u00fcr diese Spezialisten damals Rohstoffe knapp waren, wurde 4-FA als Zerspanungsspezialist eingesetzt. Auf jeden Fall haben Verk\u00e4ufer seit 2010 zunehmend 4-FA als 4-FA verkauft, was bedeutet, dass K\u00e4ufer es als \u201eMedikament zur Entscheidungsfindung\u201c betrachten.<\/p>\n<p>4-FA ist auch als 4-FMP bekannt , 4-Fluor, 4-Flava, 4-F und Flussmittel. Es ist eine Substanz, die als neue psychoaktive Substanz (NPS) eingestuft ist. Dies sind Substanzen, die seit Kurzem verf\u00fcgbar sind und als Alternative zu herk\u00f6mmlichen illegalen Substanzen entwickelt wurden. NPS ist auch als Research Synthetics oder Originator Drugs bekannt. Durch geringf\u00fcgige \u00c4nderungen an einer bestehenden Verbindungsstruktur \u00e4ndert sich der Stoffname und f\u00e4llt damit nicht mehr unter das Opiumgesetz und ist somit illegal. Dadurch wird es schwieriger, Sch\u00f6pfung, Transaktionen und Eigentum zu verhindern.<\/p>\n<p>4-FA wird am h\u00e4ufigsten als Pulver oder Pille gefunden. 4-FA wird oral in Tablettenform eingenommen. Die Kunden legen das Pulver entweder in eine Kiste oder ein sich bewegendes Papier (Bombe) oder l\u00f6sen es in einigen F\u00e4llen in einem Getr\u00e4nk auf. Es gibt keinen grundlegenden Unterschied zwischen 4-FA-Pillen, 4-FA-Pulvern und 4-FA-Etuis.<\/p>\n<p>Beh\u00e4lter bestehen aus einer stumpfen oder s\u00fc\u00dfen Substanz und k\u00f6nnen einfach sein oder eine Vielzahl von Farbt\u00f6nen haben. Ein Koffer kann mit den unterschiedlichsten Substanzen gef\u00fcllt werden. 4-FA, sowie diverse andere Substanzen, zum Beispiel Amphetamine (Speed), MDMA, Koffein oder gar nichts. Einige Smart-Shop-Artikel befinden sich auch in Koffern. Die Koffer befinden sich normalerweise in einem Sack, und die Packung zeigt an, was drin ist. Wenn Kunden ihre eigenen Beh\u00e4lter f\u00fcllen, k\u00f6nnen sie eine mg-Skala verwenden, um eine genaue Portion zu bestimmen. 4-fa zu verkaufen, wo 4-fa zu kaufen, 4-fa zu kaufen, 4-fa zu verkaufen, 4-fa zu verkaufen, 4-fas zu kaufen, 4-fa zu kaufen, 4-fa zu kaufen, 4-fa zu verkaufen, 4-fa zu verkaufen, 4 -fa zu verkaufen, 4-fa zu verkaufen, 4-fa zu verkaufen, 4-fa zu verkaufen, 4-fa zu verkaufen, 4-fa zu verkaufen, 4-fa zu verkaufen, 4-fa zu verkaufen<\/p>\n<p>Was jemand nach der Einnahme von 4-FA anfangs f\u00fchlt, wird durch die Messungen bestimmt. Um mehr zu erfahren, kann 4-FA bei einer Testverwaltung getestet werden (siehe Men\u00fc). Die Wirkung der Einnahme von 4-FA dauert zwischen 20 und einer Stunde, bis sie sich manifestiert. Die 4-FA ist in 4 bis 8 Stunden abgeschlossen, obwohl einige Kunden berichten, dass die endg\u00fcltigen Ergebnisse bis zu 12 Stunden anhalten k\u00f6nnen.<\/p>\n<p>wild, klar, fit und vorsichtig<\/p>\n<p>A starkes Zugeh\u00f6rigkeitsgef\u00fchl<\/p>\n<p>Ber\u00fchrung und Musik bieten ein extremes Sinneserlebnis.<\/p>\n<p>Kontakt, Gespr\u00e4che und N\u00e4he sind unerl\u00e4sslich.<\/p>\n","protected":false},"excerpt":{"rendered":"<p>Kaufen Sie 4-FA-Pulver 1 Unze pur online g\u00fcnstig. 4-FA-Pulver \u00e4hnlich wie MDMA &amp; Orales Methamphetamin<br \/>\nEmpfohlene Dosierung: 200 mg.<\/p>\n<p>In unserem Shop k\u00f6nnen Sie 4-FMA pur kaufen. Genauso wie Pulver hergestellt wird, ist 4-FMA, auch bekannt als 4-Fluoromethamphetamin, auch eine psychoaktive Substanz.<\/p>\n<p>4-FA-Pulver ist auch als Para-Fluoramphetamin oder 4-Fluoramphetamin bekannt, aber das ist nicht dasselbe. Leute, die Medizin studieren, sagen, dass dieses sehr gut ist.<\/p>\n","protected":false},"featured_media":5396,"comment_status":"open","ping_status":"closed","template":"","meta":[],"product_brand":[],"product_cat":[2014],"product_tag":[2502,2504,2503,2506,2508,2507,2505],"class_list":{"0":"post-5387","1":"product","2":"type-product","3":"status-publish","4":"has-post-thumbnail","6":"product_cat-kaufen-forschungschemikalien","7":"product_tag-2-fluoramphetamin","8":"product_tag-4-fa-forschungschemikalie","9":"product_tag-4-fa-effekte","10":"product_tag-4-fluoramphetamin-synthese","11":"product_tag-is-4-fma-legal","12":"product_tag-ist-4-fa-legal-in-den-usa-2020","13":"product_tag-4-fluoramphetamin-rechtsstatus","15":"first","16":"instock","17":"shipping-taxable","18":"purchasable","19":"product-type-variable","20":"has-default-attributes"},"yoast_head":"<!-- This site is optimized with the Yoast SEO plugin v27.3 - https:\/\/yoast.com\/product\/yoast-seo-wordpress\/ -->\n<title>Kaufen Sie 4-FA-Pulver - 4-Fluoramphetamin - Best Global Meds<\/title>\n<meta name=\"description\" content=\"Kaufen Sie 4-FA-Pulver 4-Fluoramphetamin zum Verkauf rein online billig. 4-FA-Pulver \u00e4hnlich wie MDMA &amp; Orales Methamphetamin\" \/>\n<meta name=\"robots\" content=\"index, follow, max-snippet:-1, max-image-preview:large, max-video-preview:-1\" \/>\n<link rel=\"canonical\" href=\"https:\/\/medicinasinc.com\/de\/product\/4-fa-pulver-kaufen\/\" \/>\n<meta property=\"og:locale\" content=\"de_DE\" \/>\n<meta property=\"og:type\" content=\"article\" \/>\n<meta property=\"og:title\" content=\"Kaufen Sie 4-FA-Pulver - 4-Fluoramphetamin - Best Global Meds\" \/>\n<meta property=\"og:description\" content=\"Kaufen Sie 4-FA-Pulver 4-Fluoramphetamin zum Verkauf rein online billig. 4-FA-Pulver \u00e4hnlich wie MDMA &amp; Orales Methamphetamin\" \/>\n<meta property=\"og:url\" content=\"https:\/\/medicinasinc.com\/de\/product\/4-fa-pulver-kaufen\/\" \/>\n<meta property=\"og:site_name\" content=\"Medicinas Inc\" \/>\n<meta property=\"article:modified_time\" content=\"2022-08-03T08:19:04+00:00\" \/>\n<meta property=\"og:image\" content=\"https:\/\/medicinasinc.com\/de\/wp-content\/uploads\/sites\/6\/2022\/02\/Buy-4-FA-Powder.jpeg\" \/>\n\t<meta property=\"og:image:width\" content=\"510\" \/>\n\t<meta property=\"og:image:height\" content=\"365\" \/>\n\t<meta property=\"og:image:type\" content=\"image\/jpeg\" \/>\n<meta name=\"twitter:card\" content=\"summary_large_image\" \/>\n<meta name=\"twitter:label1\" content=\"Gesch\u00e4tzte Lesezeit\" \/>\n\t<meta name=\"twitter:data1\" content=\"2\u00a0Minuten\" \/>\n<script type=\"application\/ld+json\" class=\"yoast-schema-graph\">{\"@context\":\"https:\\\/\\\/schema.org\",\"@graph\":[{\"@type\":\"WebPage\",\"@id\":\"https:\\\/\\\/medicinasinc.com\\\/de\\\/product\\\/4-fa-pulver-kaufen\\\/\",\"url\":\"https:\\\/\\\/medicinasinc.com\\\/de\\\/product\\\/4-fa-pulver-kaufen\\\/\",\"name\":\"Kaufen Sie 4-FA-Pulver - 4-Fluoramphetamin - Best Global Meds\",\"isPartOf\":{\"@id\":\"https:\\\/\\\/medicinasinc.com\\\/de\\\/#website\"},\"primaryImageOfPage\":{\"@id\":\"https:\\\/\\\/medicinasinc.com\\\/de\\\/product\\\/4-fa-pulver-kaufen\\\/#primaryimage\"},\"image\":{\"@id\":\"https:\\\/\\\/medicinasinc.com\\\/de\\\/product\\\/4-fa-pulver-kaufen\\\/#primaryimage\"},\"thumbnailUrl\":\"https:\\\/\\\/medicinasinc.com\\\/de\\\/wp-content\\\/uploads\\\/sites\\\/6\\\/2022\\\/02\\\/Buy-4-FA-Powder.jpeg\",\"datePublished\":\"2022-02-21T22:22:34+00:00\",\"dateModified\":\"2022-08-03T08:19:04+00:00\",\"description\":\"Kaufen Sie 4-FA-Pulver 4-Fluoramphetamin zum Verkauf rein online billig. 4-FA-Pulver \u00e4hnlich wie MDMA & Orales Methamphetamin\",\"breadcrumb\":{\"@id\":\"https:\\\/\\\/medicinasinc.com\\\/de\\\/product\\\/4-fa-pulver-kaufen\\\/#breadcrumb\"},\"inLanguage\":\"de\",\"potentialAction\":[{\"@type\":\"ReadAction\",\"target\":[\"https:\\\/\\\/medicinasinc.com\\\/de\\\/product\\\/4-fa-pulver-kaufen\\\/\"]}]},{\"@type\":\"ImageObject\",\"inLanguage\":\"de\",\"@id\":\"https:\\\/\\\/medicinasinc.com\\\/de\\\/product\\\/4-fa-pulver-kaufen\\\/#primaryimage\",\"url\":\"https:\\\/\\\/medicinasinc.com\\\/de\\\/wp-content\\\/uploads\\\/sites\\\/6\\\/2022\\\/02\\\/Buy-4-FA-Powder.jpeg\",\"contentUrl\":\"https:\\\/\\\/medicinasinc.com\\\/de\\\/wp-content\\\/uploads\\\/sites\\\/6\\\/2022\\\/02\\\/Buy-4-FA-Powder.jpeg\",\"width\":510,\"height\":365},{\"@type\":\"BreadcrumbList\",\"@id\":\"https:\\\/\\\/medicinasinc.com\\\/de\\\/product\\\/4-fa-pulver-kaufen\\\/#breadcrumb\",\"itemListElement\":[{\"@type\":\"ListItem\",\"position\":1,\"name\":\"Einkaufen\",\"item\":\"https:\\\/\\\/medicinasinc.com\\\/de\\\/einkaufen\\\/\"},{\"@type\":\"ListItem\",\"position\":2,\"name\":\"Kaufen Sie 4-FA-Pulver\"}]},{\"@type\":\"WebSite\",\"@id\":\"https:\\\/\\\/medicinasinc.com\\\/de\\\/#website\",\"url\":\"https:\\\/\\\/medicinasinc.com\\\/de\\\/\",\"name\":\"Medicinas Inc\",\"description\":\"Health Medical Clinic\",\"potentialAction\":[{\"@type\":\"SearchAction\",\"target\":{\"@type\":\"EntryPoint\",\"urlTemplate\":\"https:\\\/\\\/medicinasinc.com\\\/de\\\/?s={search_term_string}\"},\"query-input\":{\"@type\":\"PropertyValueSpecification\",\"valueRequired\":true,\"valueName\":\"search_term_string\"}}],\"inLanguage\":\"de\"}]}<\/script>\n<!-- \/ Yoast SEO plugin. -->","yoast_head_json":{"title":"Kaufen Sie 4-FA-Pulver - 4-Fluoramphetamin - Best Global Meds","description":"Kaufen Sie 4-FA-Pulver 4-Fluoramphetamin zum Verkauf rein online billig. 4-FA-Pulver \u00e4hnlich wie MDMA & Orales Methamphetamin","robots":{"index":"index","follow":"follow","max-snippet":"max-snippet:-1","max-image-preview":"max-image-preview:large","max-video-preview":"max-video-preview:-1"},"canonical":"https:\/\/medicinasinc.com\/de\/product\/4-fa-pulver-kaufen\/","og_locale":"de_DE","og_type":"article","og_title":"Kaufen Sie 4-FA-Pulver - 4-Fluoramphetamin - Best Global Meds","og_description":"Kaufen Sie 4-FA-Pulver 4-Fluoramphetamin zum Verkauf rein online billig. 4-FA-Pulver \u00e4hnlich wie MDMA & Orales Methamphetamin","og_url":"https:\/\/medicinasinc.com\/de\/product\/4-fa-pulver-kaufen\/","og_site_name":"Medicinas Inc","article_modified_time":"2022-08-03T08:19:04+00:00","og_image":[{"width":510,"height":365,"url":"https:\/\/medicinasinc.com\/de\/wp-content\/uploads\/sites\/6\/2022\/02\/Buy-4-FA-Powder.jpeg","type":"image\/jpeg"}],"twitter_card":"summary_large_image","twitter_misc":{"Gesch\u00e4tzte Lesezeit":"2\u00a0Minuten"},"schema":{"@context":"https:\/\/schema.org","@graph":[{"@type":"WebPage","@id":"https:\/\/medicinasinc.com\/de\/product\/4-fa-pulver-kaufen\/","url":"https:\/\/medicinasinc.com\/de\/product\/4-fa-pulver-kaufen\/","name":"Kaufen Sie 4-FA-Pulver - 4-Fluoramphetamin - Best Global Meds","isPartOf":{"@id":"https:\/\/medicinasinc.com\/de\/#website"},"primaryImageOfPage":{"@id":"https:\/\/medicinasinc.com\/de\/product\/4-fa-pulver-kaufen\/#primaryimage"},"image":{"@id":"https:\/\/medicinasinc.com\/de\/product\/4-fa-pulver-kaufen\/#primaryimage"},"thumbnailUrl":"https:\/\/medicinasinc.com\/de\/wp-content\/uploads\/sites\/6\/2022\/02\/Buy-4-FA-Powder.jpeg","datePublished":"2022-02-21T22:22:34+00:00","dateModified":"2022-08-03T08:19:04+00:00","description":"Kaufen Sie 4-FA-Pulver 4-Fluoramphetamin zum Verkauf rein online billig. 4-FA-Pulver \u00e4hnlich wie MDMA & Orales Methamphetamin","breadcrumb":{"@id":"https:\/\/medicinasinc.com\/de\/product\/4-fa-pulver-kaufen\/#breadcrumb"},"inLanguage":"de","potentialAction":[{"@type":"ReadAction","target":["https:\/\/medicinasinc.com\/de\/product\/4-fa-pulver-kaufen\/"]}]},{"@type":"ImageObject","inLanguage":"de","@id":"https:\/\/medicinasinc.com\/de\/product\/4-fa-pulver-kaufen\/#primaryimage","url":"https:\/\/medicinasinc.com\/de\/wp-content\/uploads\/sites\/6\/2022\/02\/Buy-4-FA-Powder.jpeg","contentUrl":"https:\/\/medicinasinc.com\/de\/wp-content\/uploads\/sites\/6\/2022\/02\/Buy-4-FA-Powder.jpeg","width":510,"height":365},{"@type":"BreadcrumbList","@id":"https:\/\/medicinasinc.com\/de\/product\/4-fa-pulver-kaufen\/#breadcrumb","itemListElement":[{"@type":"ListItem","position":1,"name":"Einkaufen","item":"https:\/\/medicinasinc.com\/de\/einkaufen\/"},{"@type":"ListItem","position":2,"name":"Kaufen Sie 4-FA-Pulver"}]},{"@type":"WebSite","@id":"https:\/\/medicinasinc.com\/de\/#website","url":"https:\/\/medicinasinc.com\/de\/","name":"Medicinas Inc","description":"Health Medical Clinic","potentialAction":[{"@type":"SearchAction","target":{"@type":"EntryPoint","urlTemplate":"https:\/\/medicinasinc.com\/de\/?s={search_term_string}"},"query-input":{"@type":"PropertyValueSpecification","valueRequired":true,"valueName":"search_term_string"}}],"inLanguage":"de"}]}},"_links":{"self":[{"href":"https:\/\/medicinasinc.com\/de\/wp-json\/wp\/v2\/product\/5387","targetHints":{"allow":["GET"]}}],"collection":[{"href":"https:\/\/medicinasinc.com\/de\/wp-json\/wp\/v2\/product"}],"about":[{"href":"https:\/\/medicinasinc.com\/de\/wp-json\/wp\/v2\/types\/product"}],"replies":[{"embeddable":true,"href":"https:\/\/medicinasinc.com\/de\/wp-json\/wp\/v2\/comments?post=5387"}],"wp:featuredmedia":[{"embeddable":true,"href":"https:\/\/medicinasinc.com\/de\/wp-json\/wp\/v2\/media\/5396"}],"wp:attachment":[{"href":"https:\/\/medicinasinc.com\/de\/wp-json\/wp\/v2\/media?parent=5387"}],"wp:term":[{"taxonomy":"product_brand","embeddable":true,"href":"https:\/\/medicinasinc.com\/de\/wp-json\/wp\/v2\/product_brand?post=5387"},{"taxonomy":"product_cat","embeddable":true,"href":"https:\/\/medicinasinc.com\/de\/wp-json\/wp\/v2\/product_cat?post=5387"},{"taxonomy":"product_tag","embeddable":true,"href":"https:\/\/medicinasinc.com\/de\/wp-json\/wp\/v2\/product_tag?post=5387"}],"curies":[{"name":"wp","href":"https:\/\/api.w.org\/{rel}","templated":true}]}}