{"id":5368,"date":"2022-02-21T21:54:21","date_gmt":"2022-02-21T21:54:21","guid":{"rendered":"https:\/\/medicinasinc.com\/de\/?post_type=product&#038;p=5368"},"modified":"2022-08-03T08:19:46","modified_gmt":"2022-08-03T08:19:46","slug":"kaufen-4-emc-4-ethylmethcathinon","status":"publish","type":"product","link":"https:\/\/medicinasinc.com\/de\/product\/kaufen-4-emc-4-ethylmethcathinon\/","title":{"rendered":"Kaufen Sie 4-EMC 4-Ethylmethcathinon"},"content":{"rendered":"<h1 class=\"product_title entry-title\">Kaufen Sie 4-EMC 4-Ethylmethcathinon-Pulver online<\/h1>\n<p><strong>4-EMC ist online erh\u00e4ltlich.<\/strong><\/p>\n<p>2-Methylaminopropan-1-on, Monohydrochlorid ist der vollst\u00e4ndige IUPAC-Name f\u00fcr 4-EMC, das zu der Klasse von Forschungsverbindungen geh\u00f6rt, die als Stimulanzien f\u00fcr das zentrale Nervensystem bekannt sind. 4-EMC ist auch als 4-Ethylphenol bekannt.<\/p>\n<p>4-Ethylmethcathinon (4-EMC) ist ein Entaktogen und ein Stimulans und eine Freizeitdroge. ist ein 4-MEC-Strukturisomer<\/p>\n<p>C12H17NO ist die Summenformel von 4-EMC, das zu den chemischen Familien der Phenethylamine und Amphetamine geh\u00f6rt. Das Rezept enth\u00e4lt 191,270 g\/Monat. Bezugsquellen f\u00fcr 4-EMC<\/p>\n<p>Wir f\u00fchren ein neues Cathinon-Produkt ein, das aufgrund der gro\u00dfen Nachfrage auf dem Markt f\u00fcr anspruchsvolle wissenschaftliche Studien verwendet werden kann. 4-Ethylmethcathinon ist eine isomere Version von Mephedron, das derzeit verboten ist, und alle erw\u00e4hnten Verbindungen haben stimulierende und entaktogene Wirkungen.<\/p>\n<p>Dopamin und Serotonin sind die wahrscheinlichsten Hauptziele von 4-EMC, das hei\u00dft typisch f\u00fcr diese chemische Klasse und soll die Wiederaufnahme wichtiger Neurotransmitter im synaptischen Spalt behindern.<\/p>\n<p>Als kristallines Pulver kann die Substanz leicht f\u00fcr Tests hergestellt werden, ohne das Risiko, unter normalen Bedingungen Verunreinigungen einzuf\u00fchren. Wasserl\u00f6sliches 4-EMC muss in einer trockenen, luftdichten Umgebung gelagert werden.<\/p>\n<p>Forscher haben die einzigartige Gelegenheit, das Profil der Substanz von Grund auf neu zu kartieren, da es in der Vergangenheit nicht gr\u00fcndlich untersucht wurde und das meiste davon Wir wissen davon, dass es Parallelen zu \u00e4hnlichen Substanzen gibt. Bei der Durchf\u00fchrung von Experimenten ist es wichtig, die Neuheit der Chemikalie im Auge zu behalten und Raum f\u00fcr Fehler zu lassen. Zugeh\u00f6rigkeit zu 4-EMC<\/p>\n","protected":false},"excerpt":{"rendered":"<p>Wo kann man 4-EMC 4-Ethylmethcathinon in Pulverform kaufen? Als Stimulans und Entaktogen f\u00e4llt es in die letztere Kategorie. Strukturisomere von 4-MEC finden Sie hier.<\/p>\n<p>4-EMC 4-Ethylmethcathinon-Kristallpulver zum Verkauf in Europa, der EU und dem Vereinigten K\u00f6nigreich. Als Stimulans und Entaktogen f\u00e4llt es in die letztere Kategorie. 4-MEC ist ein Strukturisomer dieser Verbindung.<\/p>\n<p>Die Familie der Cathinone umfasst 4-EMC (auch bekannt als 4-Ethylmethcathinon), ein neues Forschungsmolek\u00fcl. Unter Chemieforschern ist 4-EMC aufgrund seiner stimulierenden und entaktogenen Eigenschaften eine bevorzugte Wahl.<\/p>\n<h1>Kaufen Sie 4-EMC online<\/h1>\n<p>wenn Sie 4-EMC online kaufen, ist Wish eine Qualit\u00e4t Drug Online ist eine hochwertige Forschungschemikalie. Sie k\u00f6nnen 4-EMC zum Verkauf online zum Gro\u00dfhandelspreis vom Vertrauenslieferanten Top Mark Chemical.com kaufen Sicherer Versand von 4-EMC in die USA, die Niederlande, Irland, die EU, das Vereinigte K\u00f6nigreich und andere L\u00e4nder. Kaufen Sie 4-EMC online<\/p>\n<p>Cas-Nr.: 1225622-14- 9<br \/>\nFormel: C12H17NO<br \/>\nIUPAC: 1-(4-ethylphenyl)-2-(methylamino)propan-1-on<br \/>\nAussehen: Wei\u00dfe\/gelbliche Kristalle<br \/>\nReinheit:<\/p>\n","protected":false},"featured_media":5380,"comment_status":"open","ping_status":"closed","template":"","meta":[],"product_brand":[],"product_cat":[2014],"product_tag":[2485,2498,2491,2489,2486,2487,2497,2488,2493,2494,2492,2490,2495,2499,2500,2501,2496],"class_list":{"0":"post-5368","1":"product","2":"type-product","3":"status-publish","4":"has-post-thumbnail","6":"product_cat-kaufen-forschungschemikalien","7":"product_tag-4-mec-zu-verkaufen","8":"product_tag-4-mec-billig-bestellen","9":"product_tag-4-mec-online-kaufen","10":"product_tag-4-mec-kristall-online-kaufen","11":"product_tag-4-mec-lieferant","12":"product_tag-4-mecsupplier-online","13":"product_tag-4-mec-online-bestellen","14":"product_tag-buy-4-mec","15":"product_tag-buy-4-mec-research-chemicals-online","16":"product_tag-buy-4-meconline-usa","17":"product_tag-kaufen-4-mec-online-zu-verkaufen","18":"product_tag-kaufe-4-mec-kristalle-mit-weltweitem-versand","19":"product_tag-kaufen-forschungschemikalien-zum-verkauf-online","20":"product_tag-vertrauenswrdiger-anbieter-fr-4-mec-online","21":"product_tag-where-to-buy-4-mec-online","22":"product_tag-where-to-get-4-mec-crystals-online","23":"product_tag-wie-komme-ich-4-mec-forschungschemikalien","25":"first","26":"instock","27":"shipping-taxable","28":"purchasable","29":"product-type-variable","30":"has-default-attributes"},"yoast_head":"<!-- This site is optimized with the Yoast SEO plugin v27.3 - https:\/\/yoast.com\/product\/yoast-seo-wordpress\/ -->\n<title>Kaufen Sie 4-Ethylmethcathinone - Kaufen Sie 4-EMC - Best Best Global Meds<\/title>\n<meta name=\"description\" content=\"Kaufen Sie 4-EMC 4-Ethylmethcathinone Crystal Powder zum Verkauf online in Europa, EU, UK. Es geh\u00f6rt zur Klasse der Stimulanzien und Entaktogene. Es ist ein Strukturisomer von 4-MEC.\" \/>\n<meta name=\"robots\" content=\"index, follow, max-snippet:-1, max-image-preview:large, max-video-preview:-1\" \/>\n<link rel=\"canonical\" href=\"https:\/\/medicinasinc.com\/de\/product\/kaufen-4-emc-4-ethylmethcathinon\/\" \/>\n<meta property=\"og:locale\" content=\"de_DE\" \/>\n<meta property=\"og:type\" content=\"article\" \/>\n<meta property=\"og:title\" content=\"Kaufen Sie 4-Ethylmethcathinone - Kaufen Sie 4-EMC - Best Best Global Meds\" \/>\n<meta property=\"og:description\" content=\"Kaufen Sie 4-EMC 4-Ethylmethcathinone Crystal Powder zum Verkauf online in Europa, EU, UK. Es geh\u00f6rt zur Klasse der Stimulanzien und Entaktogene. Es ist ein Strukturisomer von 4-MEC.\" \/>\n<meta property=\"og:url\" content=\"https:\/\/medicinasinc.com\/de\/product\/kaufen-4-emc-4-ethylmethcathinon\/\" \/>\n<meta property=\"og:site_name\" content=\"Medicinas Inc\" \/>\n<meta property=\"article:modified_time\" content=\"2022-08-03T08:19:46+00:00\" \/>\n<meta property=\"og:image\" content=\"https:\/\/medicinasinc.com\/de\/wp-content\/uploads\/sites\/6\/2022\/02\/Buy-4-EMC.jpg\" \/>\n\t<meta property=\"og:image:width\" content=\"230\" \/>\n\t<meta property=\"og:image:height\" content=\"230\" \/>\n\t<meta property=\"og:image:type\" content=\"image\/jpeg\" \/>\n<meta name=\"twitter:card\" content=\"summary_large_image\" \/>\n<meta name=\"twitter:label1\" content=\"Gesch\u00e4tzte Lesezeit\" \/>\n\t<meta name=\"twitter:data1\" content=\"2\u00a0Minuten\" \/>\n<script type=\"application\/ld+json\" class=\"yoast-schema-graph\">{\"@context\":\"https:\\\/\\\/schema.org\",\"@graph\":[{\"@type\":\"WebPage\",\"@id\":\"https:\\\/\\\/medicinasinc.com\\\/de\\\/product\\\/kaufen-4-emc-4-ethylmethcathinon\\\/\",\"url\":\"https:\\\/\\\/medicinasinc.com\\\/de\\\/product\\\/kaufen-4-emc-4-ethylmethcathinon\\\/\",\"name\":\"Kaufen Sie 4-Ethylmethcathinone - Kaufen Sie 4-EMC - Best Best Global Meds\",\"isPartOf\":{\"@id\":\"https:\\\/\\\/medicinasinc.com\\\/de\\\/#website\"},\"primaryImageOfPage\":{\"@id\":\"https:\\\/\\\/medicinasinc.com\\\/de\\\/product\\\/kaufen-4-emc-4-ethylmethcathinon\\\/#primaryimage\"},\"image\":{\"@id\":\"https:\\\/\\\/medicinasinc.com\\\/de\\\/product\\\/kaufen-4-emc-4-ethylmethcathinon\\\/#primaryimage\"},\"thumbnailUrl\":\"https:\\\/\\\/medicinasinc.com\\\/de\\\/wp-content\\\/uploads\\\/sites\\\/6\\\/2022\\\/02\\\/Buy-4-EMC.jpg\",\"datePublished\":\"2022-02-21T21:54:21+00:00\",\"dateModified\":\"2022-08-03T08:19:46+00:00\",\"description\":\"Kaufen Sie 4-EMC 4-Ethylmethcathinone Crystal Powder zum Verkauf online in Europa, EU, UK. Es geh\u00f6rt zur Klasse der Stimulanzien und Entaktogene. Es ist ein Strukturisomer von 4-MEC.\",\"breadcrumb\":{\"@id\":\"https:\\\/\\\/medicinasinc.com\\\/de\\\/product\\\/kaufen-4-emc-4-ethylmethcathinon\\\/#breadcrumb\"},\"inLanguage\":\"de\",\"potentialAction\":[{\"@type\":\"ReadAction\",\"target\":[\"https:\\\/\\\/medicinasinc.com\\\/de\\\/product\\\/kaufen-4-emc-4-ethylmethcathinon\\\/\"]}]},{\"@type\":\"ImageObject\",\"inLanguage\":\"de\",\"@id\":\"https:\\\/\\\/medicinasinc.com\\\/de\\\/product\\\/kaufen-4-emc-4-ethylmethcathinon\\\/#primaryimage\",\"url\":\"https:\\\/\\\/medicinasinc.com\\\/de\\\/wp-content\\\/uploads\\\/sites\\\/6\\\/2022\\\/02\\\/Buy-4-EMC.jpg\",\"contentUrl\":\"https:\\\/\\\/medicinasinc.com\\\/de\\\/wp-content\\\/uploads\\\/sites\\\/6\\\/2022\\\/02\\\/Buy-4-EMC.jpg\",\"width\":230,\"height\":230},{\"@type\":\"BreadcrumbList\",\"@id\":\"https:\\\/\\\/medicinasinc.com\\\/de\\\/product\\\/kaufen-4-emc-4-ethylmethcathinon\\\/#breadcrumb\",\"itemListElement\":[{\"@type\":\"ListItem\",\"position\":1,\"name\":\"Einkaufen\",\"item\":\"https:\\\/\\\/medicinasinc.com\\\/de\\\/einkaufen\\\/\"},{\"@type\":\"ListItem\",\"position\":2,\"name\":\"Kaufen Sie 4-EMC 4-Ethylmethcathinon\"}]},{\"@type\":\"WebSite\",\"@id\":\"https:\\\/\\\/medicinasinc.com\\\/de\\\/#website\",\"url\":\"https:\\\/\\\/medicinasinc.com\\\/de\\\/\",\"name\":\"Medicinas Inc\",\"description\":\"Health Medical Clinic\",\"potentialAction\":[{\"@type\":\"SearchAction\",\"target\":{\"@type\":\"EntryPoint\",\"urlTemplate\":\"https:\\\/\\\/medicinasinc.com\\\/de\\\/?s={search_term_string}\"},\"query-input\":{\"@type\":\"PropertyValueSpecification\",\"valueRequired\":true,\"valueName\":\"search_term_string\"}}],\"inLanguage\":\"de\"}]}<\/script>\n<!-- \/ Yoast SEO plugin. -->","yoast_head_json":{"title":"Kaufen Sie 4-Ethylmethcathinone - Kaufen Sie 4-EMC - Best Best Global Meds","description":"Kaufen Sie 4-EMC 4-Ethylmethcathinone Crystal Powder zum Verkauf online in Europa, EU, UK. Es geh\u00f6rt zur Klasse der Stimulanzien und Entaktogene. Es ist ein Strukturisomer von 4-MEC.","robots":{"index":"index","follow":"follow","max-snippet":"max-snippet:-1","max-image-preview":"max-image-preview:large","max-video-preview":"max-video-preview:-1"},"canonical":"https:\/\/medicinasinc.com\/de\/product\/kaufen-4-emc-4-ethylmethcathinon\/","og_locale":"de_DE","og_type":"article","og_title":"Kaufen Sie 4-Ethylmethcathinone - Kaufen Sie 4-EMC - Best Best Global Meds","og_description":"Kaufen Sie 4-EMC 4-Ethylmethcathinone Crystal Powder zum Verkauf online in Europa, EU, UK. Es geh\u00f6rt zur Klasse der Stimulanzien und Entaktogene. Es ist ein Strukturisomer von 4-MEC.","og_url":"https:\/\/medicinasinc.com\/de\/product\/kaufen-4-emc-4-ethylmethcathinon\/","og_site_name":"Medicinas Inc","article_modified_time":"2022-08-03T08:19:46+00:00","og_image":[{"width":230,"height":230,"url":"https:\/\/medicinasinc.com\/de\/wp-content\/uploads\/sites\/6\/2022\/02\/Buy-4-EMC.jpg","type":"image\/jpeg"}],"twitter_card":"summary_large_image","twitter_misc":{"Gesch\u00e4tzte Lesezeit":"2\u00a0Minuten"},"schema":{"@context":"https:\/\/schema.org","@graph":[{"@type":"WebPage","@id":"https:\/\/medicinasinc.com\/de\/product\/kaufen-4-emc-4-ethylmethcathinon\/","url":"https:\/\/medicinasinc.com\/de\/product\/kaufen-4-emc-4-ethylmethcathinon\/","name":"Kaufen Sie 4-Ethylmethcathinone - Kaufen Sie 4-EMC - Best Best Global Meds","isPartOf":{"@id":"https:\/\/medicinasinc.com\/de\/#website"},"primaryImageOfPage":{"@id":"https:\/\/medicinasinc.com\/de\/product\/kaufen-4-emc-4-ethylmethcathinon\/#primaryimage"},"image":{"@id":"https:\/\/medicinasinc.com\/de\/product\/kaufen-4-emc-4-ethylmethcathinon\/#primaryimage"},"thumbnailUrl":"https:\/\/medicinasinc.com\/de\/wp-content\/uploads\/sites\/6\/2022\/02\/Buy-4-EMC.jpg","datePublished":"2022-02-21T21:54:21+00:00","dateModified":"2022-08-03T08:19:46+00:00","description":"Kaufen Sie 4-EMC 4-Ethylmethcathinone Crystal Powder zum Verkauf online in Europa, EU, UK. Es geh\u00f6rt zur Klasse der Stimulanzien und Entaktogene. Es ist ein Strukturisomer von 4-MEC.","breadcrumb":{"@id":"https:\/\/medicinasinc.com\/de\/product\/kaufen-4-emc-4-ethylmethcathinon\/#breadcrumb"},"inLanguage":"de","potentialAction":[{"@type":"ReadAction","target":["https:\/\/medicinasinc.com\/de\/product\/kaufen-4-emc-4-ethylmethcathinon\/"]}]},{"@type":"ImageObject","inLanguage":"de","@id":"https:\/\/medicinasinc.com\/de\/product\/kaufen-4-emc-4-ethylmethcathinon\/#primaryimage","url":"https:\/\/medicinasinc.com\/de\/wp-content\/uploads\/sites\/6\/2022\/02\/Buy-4-EMC.jpg","contentUrl":"https:\/\/medicinasinc.com\/de\/wp-content\/uploads\/sites\/6\/2022\/02\/Buy-4-EMC.jpg","width":230,"height":230},{"@type":"BreadcrumbList","@id":"https:\/\/medicinasinc.com\/de\/product\/kaufen-4-emc-4-ethylmethcathinon\/#breadcrumb","itemListElement":[{"@type":"ListItem","position":1,"name":"Einkaufen","item":"https:\/\/medicinasinc.com\/de\/einkaufen\/"},{"@type":"ListItem","position":2,"name":"Kaufen Sie 4-EMC 4-Ethylmethcathinon"}]},{"@type":"WebSite","@id":"https:\/\/medicinasinc.com\/de\/#website","url":"https:\/\/medicinasinc.com\/de\/","name":"Medicinas Inc","description":"Health Medical Clinic","potentialAction":[{"@type":"SearchAction","target":{"@type":"EntryPoint","urlTemplate":"https:\/\/medicinasinc.com\/de\/?s={search_term_string}"},"query-input":{"@type":"PropertyValueSpecification","valueRequired":true,"valueName":"search_term_string"}}],"inLanguage":"de"}]}},"_links":{"self":[{"href":"https:\/\/medicinasinc.com\/de\/wp-json\/wp\/v2\/product\/5368","targetHints":{"allow":["GET"]}}],"collection":[{"href":"https:\/\/medicinasinc.com\/de\/wp-json\/wp\/v2\/product"}],"about":[{"href":"https:\/\/medicinasinc.com\/de\/wp-json\/wp\/v2\/types\/product"}],"replies":[{"embeddable":true,"href":"https:\/\/medicinasinc.com\/de\/wp-json\/wp\/v2\/comments?post=5368"}],"wp:featuredmedia":[{"embeddable":true,"href":"https:\/\/medicinasinc.com\/de\/wp-json\/wp\/v2\/media\/5380"}],"wp:attachment":[{"href":"https:\/\/medicinasinc.com\/de\/wp-json\/wp\/v2\/media?parent=5368"}],"wp:term":[{"taxonomy":"product_brand","embeddable":true,"href":"https:\/\/medicinasinc.com\/de\/wp-json\/wp\/v2\/product_brand?post=5368"},{"taxonomy":"product_cat","embeddable":true,"href":"https:\/\/medicinasinc.com\/de\/wp-json\/wp\/v2\/product_cat?post=5368"},{"taxonomy":"product_tag","embeddable":true,"href":"https:\/\/medicinasinc.com\/de\/wp-json\/wp\/v2\/product_tag?post=5368"}],"curies":[{"name":"wp","href":"https:\/\/api.w.org\/{rel}","templated":true}]}}