{"id":5367,"date":"2022-02-21T21:52:55","date_gmt":"2022-02-21T21:52:55","guid":{"rendered":"https:\/\/medicinasinc.com\/de\/?post_type=product&#038;p=5367"},"modified":"2022-03-18T00:23:24","modified_gmt":"2022-03-18T00:23:24","slug":"4-chlormethcathinon-4-cmc-hcl-kristall","status":"publish","type":"product","link":"https:\/\/medicinasinc.com\/de\/product\/4-chlormethcathinon-4-cmc-hcl-kristall\/","title":{"rendered":"4-Chlormethcathinon (4-CMC HCl) Kristall"},"content":{"rendered":"<p>Online k\u00f6nnen Sie 4-CMC-Kristalle und -Pulver zu einem sehr niedrigen Preis kaufen.<br \/> Kaufen Sie einen 4-CMC-Kristall im Laden.<\/p>\n<p>4-CMC ist die Abk\u00fcrzung f\u00fcr 4-Chlormethcathinon , und es bedeutet, dass 4-Chloromethcathinone 4-CMC Teil der Klasse von Chemikalien ist, die Cathinone genannt werden. Es ist eine Droge. In der Vergangenheit ist diese Forschungschemikalie noch gar nicht so lange auf dem Markt. Das bedeutet, dass viele Leute es noch nicht ausprobiert haben.<\/p>\n<p>Kaufen Sie 4-CMC-Kristalle, das ist 4-Chlormethcathinon. Diese Kristalle werden aus den besten Forschungschemikalien hergestellt und bieten eine schnelle Lieferung und tolle Preise. Wenn Sie zu globalhomemed.com gehen, k\u00f6nnen Sie nur dort Medikamente bekommen.<\/p>\n<p>Obwohl 4-CMC neu ist, sollen vorl\u00e4ufige Tests mit dieser Substanz erh\u00f6hte Emotionen, schnellere Denkprozesse und ein High gezeigt haben Energieniveaus. Dies ist sehr \u00e4hnlich wie 4-MMC, bk-MDMA und 3-MMC. 4-CMC ist das gleiche. Wenn Sie also mit einer dieser Chemikalien geforscht haben, wissen Sie auch, was Sie von 4-CMC-Forschungsexperimenten erwarten k\u00f6nnen.<\/p>\n<p>&nbsp;<\/p>\n<p>Wo kann ich kaufen? 4-CMC?<\/p>\n<p>Hier bei Chemical Planet haben wir viele hochwertige 4-CMC zum Verkauf. In den meisten F\u00e4llen liegt unser 4-CMC in Kristallform vor. Kontaktieren Sie uns, wenn das gew\u00fcnschte Formular nicht angezeigt wird. Vielleicht haben wir es bald zur\u00fcck.<\/p>\n<p>Kaufen Sie 4-CMC von Chemical Planet und Sie m\u00fcssen mindestens 18 Jahre alt sein und die Gesetze zu Forschungschemikalien in Ihrem Land vollst\u00e4ndig einhalten, wenn Sie dies tun m\u00f6chten. Menschen und Tiere k\u00f6nnen unsere Chemikalien nicht verwenden. Sie dienen nur der Forschung und nicht der Verwendung durch Menschen oder Tiere.<\/p>\n<p>Die Legalit\u00e4t von 4-CMC<\/p>\n<p>Die Menschen in China und Schweden m\u00f6gen 4-CMC nicht sehr. Wenn Sie dieses Medikament in Deutschland einnehmen, hei\u00dft es &#8222;Anlage I&#8220;. Viele andere L\u00e4nder haben noch kein Datum f\u00fcr diese Chemikalie festgelegt. Das liegt haupts\u00e4chlich daran, dass es so neu ist.<\/p>\n<p>Ein k\u00fchler, trockener Ort ist immer am besten f\u00fcr die beste Haltbarkeit. Dieses Produkt ist nur f\u00fcr forensische und Forschungszwecke bestimmt. Es ist nicht dazu bestimmt, von Menschen gegessen oder an Tieren oder anderen Lebewesen getestet zu werden.<\/p>\n","protected":false},"excerpt":{"rendered":"<p>Kaufen Sie 4-CMC-Kristalle und -Pulver online zu einem g\u00fcnstigen Preis in einem Online-Shop. Kaufen Sie 4-CMC-Kristalle und -Pulver in gro\u00dfen Mengen, die zu 99 Prozent rein sind. Bestellen Sie 4-Chlormethcathinon zum Verkauf in Gro\u00dfbritannien, Europa und dem Rest der Welt<\/p>\n<p>Kaufen Sie 4-Chlormethcathinon (4-CMC HCl)-Hydrochlorid-Kristalle zu den besten Preisen und lassen Sie es sich \u00fcberall auf der Welt liefern. Bestellen Sie 4-CMC in Gro\u00dfbritannien und Europa<\/p>\n<p>Kaufen Sie 4-CMC-Kristalle und -Pulver online zu einem g\u00fcnstigen Preis in einem Online-Shop.<\/p>\n<p>Kaufen Sie 4-CMC-Kristalle und Pulver in loser Sch\u00fcttung, die zu 99 Prozent rein sind.<\/p>\n","protected":false},"featured_media":5378,"comment_status":"open","ping_status":"closed","template":"","meta":[],"product_brand":[],"product_cat":[2014],"product_tag":[2101,2337,2102,2395,2103,2105,2326,2104,2327,2125,2399,2126,2368,2398,2155,2179,2477,2478,2331,2156,2387,2251,2332,2157,2235,2263,2416,2388,2181,2333,2403,2158,2236,2431,2372,2159,2160,2165,2166,2167,2168,2172,2173,2174,2175,2176,2177,2180,2182,2183,2186,2191,2192,2193,2194,2199,2200,2201,2203,2202,2204,2481,2209,2210,2211,2212,2216,2217,2218,2205,2208,2213,2219,2221,2222,2223,2225,2226,2233,2479,2234,2238,2240,2243,2244,2245,2246,2247,2248,2249,2250,2252,2253,2254,2255,2256,2257,2258,2259,2260,2261,2262,2264,2266,2267,2483,2268,2269,2270,2271,2276,2277,2278,2279,2418,2432,2170,2265,2345,2335,2373,2280,2282,2283,2284,2285,2287,2288,2289,2290,2293,2185,2281,2187,2188,2189,2190,2286,2272,2305,2273,2274,2275,2195,2196,2308,2291,2197,2360,2292,2198,2407,2294,2322,2419,2433,2391,2239,2346,2295,2323,2184,2420,2171,2434,2480,2297,2298,2299,2300,2301,2303,2302,2304,2306,2307,2309,2220,2421,2422,2425,2163,2423,2161,2424,2162,2413,2164,2384,2178,2414,2428,2482,2430,2169,2310,2311,2312,2313,2314,2316,2315,2317,2318,2319,2320,2321,2328,2329,2334,2336,2325,2338,2339,2340,2330,2341,2342,2343,2344,2347,2207,2215,2206,2214,2348,2349,2350,2351,2352,2353,2354,2355,2356,2357,2358,2359,2361,2362,2363,2364,2365,2366,2367,2369,2370,2371,2374,2379,2408,2380,2409,2381,2410,2382,2411,2383,2412,2385,2386,2415,2417,2389,2390,2392,2324,2394,2396,2397,2400,2401,2402,2404,2405,2406,2426,2427,2429,2435,2436,2437,2438,2439,2440,2441,2442,2443,2444,2445,2446,2447,2484,2449,2450,2451,2452,2453,2454,2455,2456,2457,2458,2459,2460,2461,2462,2463,2464,2465,2466,2467,2469,2468,2470,2471,2472,2473,2474,2475,2476],"class_list":{"0":"post-5367","1":"product","2":"type-product","3":"status-publish","4":"has-post-thumbnail","6":"product_cat-kaufen-forschungschemikalien","7":"product_tag-2-fdck","8":"product_tag-magazin-2-fdck","9":"product_tag-2-mmc","10":"product_tag-store-2-mmc","11":"product_tag-3-cmc","12":"product_tag-3-mmc","13":"product_tag-store-3-cmc","14":"product_tag-3mm","15":"product_tag-store-3-mma","16":"product_tag-3-mmc-pellets","17":"product_tag-store-3-mmc-pellets","18":"product_tag-3-mmc-pillen","19":"product_tag-shop-3-mmc-pillen","20":"product_tag-store-3-mmc","21":"product_tag-4-cmc","22":"product_tag-kaufen-4-cmc","23":"product_tag-4-cmc-kristalle","24":"product_tag-4-cmc-kristalle-zu-verkaufen","25":"product_tag-store-4-cmc","26":"product_tag-5-mmpa","27":"product_tag-shop-5-mmpa","28":"product_tag-kaufen-5-mmpa","29":"product_tag-store-5-mmpa","30":"product_tag-a-php","31":"product_tag-kaufen-eine-php","32":"product_tag-cumpara-a-php","33":"product_tag-uzlet-a-php","34":"product_tag-shop-a-php","35":"product_tag-kaufen-bei-php","36":"product_tag-store-a-php","37":"product_tag-store-to-php","38":"product_tag-a-pihp","39":"product_tag-kauf-ein-pihp","40":"product_tag-vasarold-meg-pihp","41":"product_tag-shop-at-pihp","42":"product_tag-acheter-2-fdck","43":"product_tag-acheter-2-mmc","44":"product_tag-acheter-3-mmc-pills","45":"product_tag-acheter-4-cmc","46":"product_tag-acheter-5-mmpa","47":"product_tag-acheter-a-php","48":"product_tag-acquista-2-fdck","49":"product_tag-acquista-2-mmc","50":"product_tag-acquista-3-cmc","51":"product_tag-acquista-3-mma","52":"product_tag-acquista-3-mmc","53":"product_tag-acquista-3-mmc-pellets","54":"product_tag-acquista-5-mmpa","55":"product_tag-acquista-a-pihp","56":"product_tag-acquista-eutylone","57":"product_tag-al-por-mayor-2-mmc","58":"product_tag-al-por-mayor-3-mmc-pills","59":"product_tag-al-por-mayor-4-cmc","60":"product_tag-al-por-mayor-5-mmpa","61":"product_tag-al-por-mayor-a-php","62":"product_tag-best-3-cmc","63":"product_tag-best-3-mmc","64":"product_tag-best-4-cmc","65":"product_tag-best-hexedrone","66":"product_tag-best-a-pihp","67":"product_tag-best-hexen","68":"product_tag-4-cmc-kristalle-online-bestellen","69":"product_tag-bulk-3-mmc","70":"product_tag-bulk-3-mmc-pellets","71":"product_tag-bulk-3-mmc-pills","72":"product_tag-bulk-4-cmc","73":"product_tag-bulk-eutylone","74":"product_tag-bulk-hexedrone","75":"product_tag-bulk-hexen","76":"product_tag-bulk-2-fdck","77":"product_tag-masse-3-mmma","78":"product_tag-bulk-5-mmpa","79":"product_tag-buy-2-fdck","80":"product_tag-buy-3-cmc","81":"product_tag-buy-3-mma","82":"product_tag-buy-3-mmc","83":"product_tag-buy-3-mmc-pellets","84":"product_tag-buy-3-mmc-pills","85":"product_tag-buy-4-cmc","86":"product_tag-buy-4-cmc-crystals-online","87":"product_tag-buy-5-mmpa","88":"product_tag-buy-eutylone","89":"product_tag-buy-hexen","90":"product_tag-comprar-2-fdck","91":"product_tag-comprar-2-mmc","92":"product_tag-comprar-3-cmc","93":"product_tag-comprar-3-mma","94":"product_tag-comprar-3-mmc","95":"product_tag-comprar-3-mmc-pellets","96":"product_tag-comprar-3-mmc-pills","97":"product_tag-comprar-4-cmc","98":"product_tag-comprar-a-php","99":"product_tag-comprar-a-pihp","100":"product_tag-comprar-eutylone","101":"product_tag-comprar-hexedrone","102":"product_tag-comprar-hexen","103":"product_tag-cumpara-2-fdck","104":"product_tag-cumpara-3-cmc","105":"product_tag-cumpara-3-mma","106":"product_tag-cumpara-3-mmc","107":"product_tag-cumpara-4-cmc","108":"product_tag-cumpara-5-mmpa","109":"product_tag-cumpara-a-pihp","110":"product_tag-cumpara-hexedrone","111":"product_tag-cumpara-hexen","112":"product_tag-der-beste-ort-um-4-cmc-kristalle-online-zu-kaufen","113":"product_tag-en-gros-2-fdck","114":"product_tag-en-gros-3-cmc","115":"product_tag-en-gros-3-mma","116":"product_tag-en-gros-3-mmc","117":"product_tag-en-gros-eutylone","118":"product_tag-en-gros-hexedrone","119":"product_tag-en-gros-hexen","120":"product_tag-etylon","121":"product_tag-take-off-eutylon","122":"product_tag-vasarold-meg-eutylon","123":"product_tag-kaufen-etylon","124":"product_tag-etylon-kaufen","125":"product_tag-etylon-laden","126":"product_tag-store-etylon","127":"product_tag-shop-etylone","128":"product_tag-groothandel-2-fdck","129":"product_tag-groothandel-3-cmc","130":"product_tag-groothandel-3-mma","131":"product_tag-groothandel-3-mmc","132":"product_tag-groothandel-3-mmc-pellets","133":"product_tag-groothandel-4-cmc","134":"product_tag-groothandel-5-mmpa","135":"product_tag-groothandel-a-php","136":"product_tag-groothandel-a-pihp","137":"product_tag-groothandel-hexen","138":"product_tag-grohandel-2-fdck","139":"product_tag-grohandel-2-mmc","140":"product_tag-grohandel-3-cmc","141":"product_tag-grohandel-3-mma","142":"product_tag-grohandel-3-mmc","143":"product_tag-grohandel-3-mmc-pellets","144":"product_tag-grohandel-3-mmc-pillen","145":"product_tag-grohandel-4-cmc","146":"product_tag-grohandel-5-mmpa","147":"product_tag-gro-c3-9fhandel-5-mmpa","148":"product_tag-grohandel-a-php","149":"product_tag-grohandel-ein-pihp","150":"product_tag-grohandel-zu-pihp","151":"product_tag-grohandel-eutylon","152":"product_tag-ingrosso-etylon","153":"product_tag-grohandel-etylon","154":"product_tag-grohandel-hexedron","155":"product_tag-grohandel-hexedrone","156":"product_tag-gro-c3-9fhandel-hexedron","157":"product_tag-grohandel-hexen","158":"product_tag-store-hexen","159":"product_tag-hexedron","160":"product_tag-hexedron-kaufen","161":"product_tag-start-hexedron","162":"product_tag-vasarold-meg-hexedron","163":"product_tag-shop-hexedron","164":"product_tag-kaufen-hexedron","165":"product_tag-hexedrone-shop","166":"product_tag-hexen","167":"product_tag-hexen-kaufen","168":"product_tag-kaufen-hexen","169":"product_tag-uzlet-hexen","170":"product_tag-acheter-hexen","171":"product_tag-vasarold-meg-hexen","172":"product_tag-how-to-buy-4-cmc-crystals-online","173":"product_tag-ingrosso-2-fdck","174":"product_tag-ingrosso-2-mmc","175":"product_tag-ingrosso-3-cmc","176":"product_tag-ingrosso-3-mma","177":"product_tag-ingrosso-3-mmc","178":"product_tag-ingrosso-3-mmc-pills","179":"product_tag-ingrosso-3-mmc-pellets","180":"product_tag-ingrosso-4-cmc","181":"product_tag-ingrosso-a-php","182":"product_tag-ingrosso-a-pihp","183":"product_tag-ingrosso-hexen","184":"product_tag-kaufen-2-mmc","185":"product_tag-vasarold-meg-2-fdck","186":"product_tag-vasarold-meg-2-mmc","187":"product_tag-vasarold-meg-3-mmc","188":"product_tag-kaufen-3-mmc","189":"product_tag-vasarold-meg-3-cmc","190":"product_tag-kaufen-3-cmc","191":"product_tag-vasarold-meg-3-mma","192":"product_tag-kaufen-3-mma","193":"product_tag-uzlet-3-mmc-pellets","194":"product_tag-kaufen-3-mmc-pellets","195":"product_tag-shop-3-mmc-pellets","196":"product_tag-kaufe-3-mmc-pillen","197":"product_tag-take-off-3-mmc-pillen","198":"product_tag-vasarold-meg-4-cmc","199":"product_tag-4-cmc-kristalle-online-kaufen","200":"product_tag-vasarold-meg-a-php","201":"product_tag-kaufen-bei-pihp","202":"product_tag-koop-2-fdck","203":"product_tag-koop-2-mmc","204":"product_tag-koop-3-cmc","205":"product_tag-koop-3-mma","206":"product_tag-koop-3-mmc","207":"product_tag-koop-3-mmc-pills","208":"product_tag-koop-3-mmc-pellets","209":"product_tag-koop-4-cmc","210":"product_tag-koop-5-mmpa","211":"product_tag-koop-a-php","212":"product_tag-koop-a-pihp","213":"product_tag-koop-eutylone","214":"product_tag-magasin-3-mmc","215":"product_tag-magasin-3-mmc-pellets","216":"product_tag-magasin-a-pihp","217":"product_tag-magasin-hexen","218":"product_tag-magazin-2-mmc","219":"product_tag-magazin-3-cmc","220":"product_tag-magazin-3-mma","221":"product_tag-magazin-3-mmc","222":"product_tag-magazin-3-mmc-pillen","223":"product_tag-magazin-4-cmc","224":"product_tag-magazin-5-mmpa","225":"product_tag-magazin-a-php","226":"product_tag-magazin-a-pihp","227":"product_tag-magazin-hexen","228":"product_tag-bulk-3-cmc","229":"product_tag-bulk-a-pihp","230":"product_tag-bulk-2-mmc","231":"product_tag-bulk-a-php","232":"product_tag-nagykereskedelem-2-fdck","233":"product_tag-nagykereskedelem-2-mmc","234":"product_tag-nagykereskedelem-3-cmc","235":"product_tag-nagykereskedelem-3-mma","236":"product_tag-nagykereskedelem-3-mmc","237":"product_tag-nagykereskedelem-3-mmc-pellets","238":"product_tag-nagykereskedelem-3-mmc-pills","239":"product_tag-nagykereskedelem-4-cmc","240":"product_tag-nagykereskedelem-5-mmpa","241":"product_tag-nagykereskedelem-a-php","242":"product_tag-nagykereskedelem-a-pihp","243":"product_tag-nagykereskedelem-eutylone","244":"product_tag-nagykereskedelem-hexen","245":"product_tag-negozio-2-fdck","246":"product_tag-negozio-2-mmc","247":"product_tag-negozio-3-cmc","248":"product_tag-negozio-3-mma","249":"product_tag-negozio-3-mmc","250":"product_tag-negozio-3-mmc-pellets","251":"product_tag-negozio-4-cmc","252":"product_tag-negozio-5-mmpa","253":"product_tag-negozio-a-php","254":"product_tag-negozio-hexen","255":"product_tag-shop-2-fdck","256":"product_tag-start-2-fdck","257":"product_tag-shop-2-mmc","258":"product_tag-start-2-mmc","259":"product_tag-shop-3-cmc","260":"product_tag-start-3-cmc","261":"product_tag-shop-3-mma","262":"product_tag-start-3-mm","263":"product_tag-shop-3-mmc","264":"product_tag-start-3-mmc","265":"product_tag-shop-3-mmc-pills","266":"product_tag-shop-4-cmc","267":"product_tag-start-4-cmc","268":"product_tag-uzlet-a-pihp","269":"product_tag-shop-a-pihp","270":"product_tag-shop-eutylone","271":"product_tag-shop-hexen","272":"product_tag-store-2-fdck","273":"product_tag-tienda-2-fdck","274":"product_tag-tienda-3-cmc","275":"product_tag-tienda-3-mma","276":"product_tag-tienda-3-mmc-pills","277":"product_tag-tienda-4-cmc","278":"product_tag-tienda-5-mmpa","279":"product_tag-tienda-a-pihp","280":"product_tag-tienda-eutylone","281":"product_tag-tienda-hexedrone","282":"product_tag-vasarold-meg-3-mmc-pellets","283":"product_tag-vasarold-meg-3-mmc-pills","284":"product_tag-vasarold-meg-5-mmpa","285":"product_tag-vente-en-gros-2-fdck","286":"product_tag-vente-en-gros-2-mmc","287":"product_tag-vente-en-gros-3-cmc","288":"product_tag-vente-en-gros-3-mma","289":"product_tag-vente-en-gros-3-mmc","290":"product_tag-vente-en-gros-3-mmc-pellets","291":"product_tag-vente-en-gros-3-mmc-pills","292":"product_tag-vente-en-gros-4-cmc","293":"product_tag-vente-en-gros-5-mmpa","294":"product_tag-vente-en-gros-a-php","295":"product_tag-vente-en-gros-a-pihp","296":"product_tag-vente-en-gros-eutylone","297":"product_tag-vente-en-gros-hexen","298":"product_tag-where-to-buy-4-cmc-crystals-online","299":"product_tag-wholesale-2-fdck","300":"product_tag-wholesale-2-mmc","301":"product_tag-wholesale-3-cmc","302":"product_tag-wholesale-3-mma","303":"product_tag-wholesale-3-mmc","304":"product_tag-wholesale-3-mmc-pellets","305":"product_tag-wholesale-3-mmc-pills","306":"product_tag-wholesale-4-cmc","307":"product_tag-wholesale-5-mmpa","308":"product_tag-wholesale-a-php","309":"product_tag-wholesale-a-pihp","310":"product_tag-wholesale-eutylone","311":"product_tag-wholesale-hexedrone","312":"product_tag-wholesale-hexen","313":"product_tag-winkel-2-fdck","314":"product_tag-winkel-2-mmc","315":"product_tag-winkel-3-cmc","316":"product_tag-winkel-3-mma","317":"product_tag-winkel-3-mmc","318":"product_tag-winkel-3-mmc-pills","319":"product_tag-winkel-3-mmc-pellets","320":"product_tag-winkel-4-cmc","321":"product_tag-winkel-5-mmpa","322":"product_tag-winkel-a-php","323":"product_tag-winkel-a-pihp","324":"product_tag-winkel-eutylone","325":"product_tag-winkel-hexedrone","326":"product_tag-winkel-hexen","328":"first","329":"instock","330":"shipping-taxable","331":"purchasable","332":"product-type-variable","333":"has-default-attributes"},"yoast_head":"<!-- This site is optimized with the Yoast SEO plugin v27.3 - https:\/\/yoast.com\/product\/yoast-seo-wordpress\/ -->\n<title>Kaufen Sie 4-Chlormethcathinon (4-CMC HCl) Crystal - Best Best Global Meds<\/title>\n<meta name=\"description\" content=\"Kaufen Sie 4-CMC-Kristalle &amp; amp; Pulver online g\u00fcnstig. Kaufen Sie 4-CMC-Kristalle &amp; amp; Pulver in loser Sch\u00fcttung 99% Reinheit. Bestellen Sie 4-Chlormethcathinon zum Verkauf in Gro\u00dfbritannien, Europa\" \/>\n<meta name=\"robots\" content=\"index, follow, max-snippet:-1, max-image-preview:large, max-video-preview:-1\" \/>\n<link rel=\"canonical\" href=\"https:\/\/medicinasinc.com\/de\/product\/4-chlormethcathinon-4-cmc-hcl-kristall\/\" \/>\n<meta property=\"og:locale\" content=\"de_DE\" \/>\n<meta property=\"og:type\" content=\"article\" \/>\n<meta property=\"og:title\" content=\"Kaufen Sie 4-Chlormethcathinon (4-CMC HCl) Crystal - Best Best Global Meds\" \/>\n<meta property=\"og:description\" content=\"Kaufen Sie 4-CMC-Kristalle &amp; amp; Pulver online g\u00fcnstig. Kaufen Sie 4-CMC-Kristalle &amp; amp; Pulver in loser Sch\u00fcttung 99% Reinheit. Bestellen Sie 4-Chlormethcathinon zum Verkauf in Gro\u00dfbritannien, Europa\" \/>\n<meta property=\"og:url\" content=\"https:\/\/medicinasinc.com\/de\/product\/4-chlormethcathinon-4-cmc-hcl-kristall\/\" \/>\n<meta property=\"og:site_name\" content=\"Medicinas Inc\" \/>\n<meta property=\"article:modified_time\" content=\"2022-03-18T00:23:24+00:00\" \/>\n<meta property=\"og:image\" content=\"https:\/\/medicinasinc.com\/de\/wp-content\/uploads\/sites\/6\/2022\/02\/buy-4-Chloromethcathinone.jpg\" \/>\n\t<meta property=\"og:image:width\" content=\"2560\" \/>\n\t<meta property=\"og:image:height\" content=\"1887\" \/>\n\t<meta property=\"og:image:type\" content=\"image\/jpeg\" \/>\n<meta name=\"twitter:card\" content=\"summary_large_image\" \/>\n<meta name=\"twitter:label1\" content=\"Gesch\u00e4tzte Lesezeit\" \/>\n\t<meta name=\"twitter:data1\" content=\"2\u00a0Minuten\" \/>\n<script type=\"application\/ld+json\" class=\"yoast-schema-graph\">{\"@context\":\"https:\\\/\\\/schema.org\",\"@graph\":[{\"@type\":\"WebPage\",\"@id\":\"https:\\\/\\\/medicinasinc.com\\\/de\\\/product\\\/4-chlormethcathinon-4-cmc-hcl-kristall\\\/\",\"url\":\"https:\\\/\\\/medicinasinc.com\\\/de\\\/product\\\/4-chlormethcathinon-4-cmc-hcl-kristall\\\/\",\"name\":\"Kaufen Sie 4-Chlormethcathinon (4-CMC HCl) Crystal - Best Best Global Meds\",\"isPartOf\":{\"@id\":\"https:\\\/\\\/medicinasinc.com\\\/de\\\/#website\"},\"primaryImageOfPage\":{\"@id\":\"https:\\\/\\\/medicinasinc.com\\\/de\\\/product\\\/4-chlormethcathinon-4-cmc-hcl-kristall\\\/#primaryimage\"},\"image\":{\"@id\":\"https:\\\/\\\/medicinasinc.com\\\/de\\\/product\\\/4-chlormethcathinon-4-cmc-hcl-kristall\\\/#primaryimage\"},\"thumbnailUrl\":\"https:\\\/\\\/medicinasinc.com\\\/de\\\/wp-content\\\/uploads\\\/sites\\\/6\\\/2022\\\/02\\\/buy-4-Chloromethcathinone.jpg\",\"datePublished\":\"2022-02-21T21:52:55+00:00\",\"dateModified\":\"2022-03-18T00:23:24+00:00\",\"description\":\"Kaufen Sie 4-CMC-Kristalle & amp; Pulver online g\u00fcnstig. Kaufen Sie 4-CMC-Kristalle & amp; Pulver in loser Sch\u00fcttung 99% Reinheit. Bestellen Sie 4-Chlormethcathinon zum Verkauf in Gro\u00dfbritannien, Europa\",\"breadcrumb\":{\"@id\":\"https:\\\/\\\/medicinasinc.com\\\/de\\\/product\\\/4-chlormethcathinon-4-cmc-hcl-kristall\\\/#breadcrumb\"},\"inLanguage\":\"de\",\"potentialAction\":[{\"@type\":\"ReadAction\",\"target\":[\"https:\\\/\\\/medicinasinc.com\\\/de\\\/product\\\/4-chlormethcathinon-4-cmc-hcl-kristall\\\/\"]}]},{\"@type\":\"ImageObject\",\"inLanguage\":\"de\",\"@id\":\"https:\\\/\\\/medicinasinc.com\\\/de\\\/product\\\/4-chlormethcathinon-4-cmc-hcl-kristall\\\/#primaryimage\",\"url\":\"https:\\\/\\\/medicinasinc.com\\\/de\\\/wp-content\\\/uploads\\\/sites\\\/6\\\/2022\\\/02\\\/buy-4-Chloromethcathinone.jpg\",\"contentUrl\":\"https:\\\/\\\/medicinasinc.com\\\/de\\\/wp-content\\\/uploads\\\/sites\\\/6\\\/2022\\\/02\\\/buy-4-Chloromethcathinone.jpg\",\"width\":2560,\"height\":1887},{\"@type\":\"BreadcrumbList\",\"@id\":\"https:\\\/\\\/medicinasinc.com\\\/de\\\/product\\\/4-chlormethcathinon-4-cmc-hcl-kristall\\\/#breadcrumb\",\"itemListElement\":[{\"@type\":\"ListItem\",\"position\":1,\"name\":\"Einkaufen\",\"item\":\"https:\\\/\\\/medicinasinc.com\\\/de\\\/einkaufen\\\/\"},{\"@type\":\"ListItem\",\"position\":2,\"name\":\"4-Chlormethcathinon (4-CMC HCl) Kristall\"}]},{\"@type\":\"WebSite\",\"@id\":\"https:\\\/\\\/medicinasinc.com\\\/de\\\/#website\",\"url\":\"https:\\\/\\\/medicinasinc.com\\\/de\\\/\",\"name\":\"Medicinas Inc\",\"description\":\"Health Medical Clinic\",\"potentialAction\":[{\"@type\":\"SearchAction\",\"target\":{\"@type\":\"EntryPoint\",\"urlTemplate\":\"https:\\\/\\\/medicinasinc.com\\\/de\\\/?s={search_term_string}\"},\"query-input\":{\"@type\":\"PropertyValueSpecification\",\"valueRequired\":true,\"valueName\":\"search_term_string\"}}],\"inLanguage\":\"de\"}]}<\/script>\n<!-- \/ Yoast SEO plugin. -->","yoast_head_json":{"title":"Kaufen Sie 4-Chlormethcathinon (4-CMC HCl) Crystal - Best Best Global Meds","description":"Kaufen Sie 4-CMC-Kristalle & amp; Pulver online g\u00fcnstig. Kaufen Sie 4-CMC-Kristalle & amp; Pulver in loser Sch\u00fcttung 99% Reinheit. Bestellen Sie 4-Chlormethcathinon zum Verkauf in Gro\u00dfbritannien, Europa","robots":{"index":"index","follow":"follow","max-snippet":"max-snippet:-1","max-image-preview":"max-image-preview:large","max-video-preview":"max-video-preview:-1"},"canonical":"https:\/\/medicinasinc.com\/de\/product\/4-chlormethcathinon-4-cmc-hcl-kristall\/","og_locale":"de_DE","og_type":"article","og_title":"Kaufen Sie 4-Chlormethcathinon (4-CMC HCl) Crystal - Best Best Global Meds","og_description":"Kaufen Sie 4-CMC-Kristalle & amp; Pulver online g\u00fcnstig. Kaufen Sie 4-CMC-Kristalle & amp; Pulver in loser Sch\u00fcttung 99% Reinheit. Bestellen Sie 4-Chlormethcathinon zum Verkauf in Gro\u00dfbritannien, Europa","og_url":"https:\/\/medicinasinc.com\/de\/product\/4-chlormethcathinon-4-cmc-hcl-kristall\/","og_site_name":"Medicinas Inc","article_modified_time":"2022-03-18T00:23:24+00:00","og_image":[{"width":2560,"height":1887,"url":"https:\/\/medicinasinc.com\/de\/wp-content\/uploads\/sites\/6\/2022\/02\/buy-4-Chloromethcathinone.jpg","type":"image\/jpeg"}],"twitter_card":"summary_large_image","twitter_misc":{"Gesch\u00e4tzte Lesezeit":"2\u00a0Minuten"},"schema":{"@context":"https:\/\/schema.org","@graph":[{"@type":"WebPage","@id":"https:\/\/medicinasinc.com\/de\/product\/4-chlormethcathinon-4-cmc-hcl-kristall\/","url":"https:\/\/medicinasinc.com\/de\/product\/4-chlormethcathinon-4-cmc-hcl-kristall\/","name":"Kaufen Sie 4-Chlormethcathinon (4-CMC HCl) Crystal - Best Best Global Meds","isPartOf":{"@id":"https:\/\/medicinasinc.com\/de\/#website"},"primaryImageOfPage":{"@id":"https:\/\/medicinasinc.com\/de\/product\/4-chlormethcathinon-4-cmc-hcl-kristall\/#primaryimage"},"image":{"@id":"https:\/\/medicinasinc.com\/de\/product\/4-chlormethcathinon-4-cmc-hcl-kristall\/#primaryimage"},"thumbnailUrl":"https:\/\/medicinasinc.com\/de\/wp-content\/uploads\/sites\/6\/2022\/02\/buy-4-Chloromethcathinone.jpg","datePublished":"2022-02-21T21:52:55+00:00","dateModified":"2022-03-18T00:23:24+00:00","description":"Kaufen Sie 4-CMC-Kristalle & amp; Pulver online g\u00fcnstig. Kaufen Sie 4-CMC-Kristalle & amp; Pulver in loser Sch\u00fcttung 99% Reinheit. Bestellen Sie 4-Chlormethcathinon zum Verkauf in Gro\u00dfbritannien, Europa","breadcrumb":{"@id":"https:\/\/medicinasinc.com\/de\/product\/4-chlormethcathinon-4-cmc-hcl-kristall\/#breadcrumb"},"inLanguage":"de","potentialAction":[{"@type":"ReadAction","target":["https:\/\/medicinasinc.com\/de\/product\/4-chlormethcathinon-4-cmc-hcl-kristall\/"]}]},{"@type":"ImageObject","inLanguage":"de","@id":"https:\/\/medicinasinc.com\/de\/product\/4-chlormethcathinon-4-cmc-hcl-kristall\/#primaryimage","url":"https:\/\/medicinasinc.com\/de\/wp-content\/uploads\/sites\/6\/2022\/02\/buy-4-Chloromethcathinone.jpg","contentUrl":"https:\/\/medicinasinc.com\/de\/wp-content\/uploads\/sites\/6\/2022\/02\/buy-4-Chloromethcathinone.jpg","width":2560,"height":1887},{"@type":"BreadcrumbList","@id":"https:\/\/medicinasinc.com\/de\/product\/4-chlormethcathinon-4-cmc-hcl-kristall\/#breadcrumb","itemListElement":[{"@type":"ListItem","position":1,"name":"Einkaufen","item":"https:\/\/medicinasinc.com\/de\/einkaufen\/"},{"@type":"ListItem","position":2,"name":"4-Chlormethcathinon (4-CMC HCl) Kristall"}]},{"@type":"WebSite","@id":"https:\/\/medicinasinc.com\/de\/#website","url":"https:\/\/medicinasinc.com\/de\/","name":"Medicinas Inc","description":"Health Medical Clinic","potentialAction":[{"@type":"SearchAction","target":{"@type":"EntryPoint","urlTemplate":"https:\/\/medicinasinc.com\/de\/?s={search_term_string}"},"query-input":{"@type":"PropertyValueSpecification","valueRequired":true,"valueName":"search_term_string"}}],"inLanguage":"de"}]}},"_links":{"self":[{"href":"https:\/\/medicinasinc.com\/de\/wp-json\/wp\/v2\/product\/5367","targetHints":{"allow":["GET"]}}],"collection":[{"href":"https:\/\/medicinasinc.com\/de\/wp-json\/wp\/v2\/product"}],"about":[{"href":"https:\/\/medicinasinc.com\/de\/wp-json\/wp\/v2\/types\/product"}],"replies":[{"embeddable":true,"href":"https:\/\/medicinasinc.com\/de\/wp-json\/wp\/v2\/comments?post=5367"}],"wp:featuredmedia":[{"embeddable":true,"href":"https:\/\/medicinasinc.com\/de\/wp-json\/wp\/v2\/media\/5378"}],"wp:attachment":[{"href":"https:\/\/medicinasinc.com\/de\/wp-json\/wp\/v2\/media?parent=5367"}],"wp:term":[{"taxonomy":"product_brand","embeddable":true,"href":"https:\/\/medicinasinc.com\/de\/wp-json\/wp\/v2\/product_brand?post=5367"},{"taxonomy":"product_cat","embeddable":true,"href":"https:\/\/medicinasinc.com\/de\/wp-json\/wp\/v2\/product_cat?post=5367"},{"taxonomy":"product_tag","embeddable":true,"href":"https:\/\/medicinasinc.com\/de\/wp-json\/wp\/v2\/product_tag?post=5367"}],"curies":[{"name":"wp","href":"https:\/\/api.w.org\/{rel}","templated":true}]}}