{"id":5366,"date":"2022-02-21T21:52:02","date_gmt":"2022-02-21T21:52:02","guid":{"rendered":"https:\/\/medicinasinc.com\/de\/?post_type=product&#038;p=5366"},"modified":"2022-03-18T00:23:39","modified_gmt":"2022-03-18T00:23:39","slug":"kaufen-3f-phenmetrazin","status":"publish","type":"product","link":"https:\/\/medicinasinc.com\/de\/product\/kaufen-3f-phenmetrazin\/","title":{"rendered":"Kaufen Sie 3F-Phenmetrazin"},"content":{"rendered":"<p>Wof\u00fcr steht 3-FPM?<\/p>\n<p>3-FPM ist die Abk\u00fcrzung f\u00fcr 3-Fluorophenmetrazin und bedeutet 3-Fluorophenmetrazin. 3-FPM ist eine in der Forschung verwendete Chemikalie, die viel Kraft hat, um Menschen zum Laufen zu bringen. 3-FPM geh\u00f6rt zur Klasse der Chemikalien namens Phenolmorpholin und kann Ihrem K\u00f6rper schaden. Die Ergebnisse von 3-FPM-Experimenten werden normalerweise als sehr \u00e4hnlich oder fast gleich den Ergebnissen von Amphetamin-Experimenten angesehen. Experimente mit 3-FPM zeigen in der Regel, dass Menschen konzentrierter und motivierter sind, ihre Gedanken sich schneller bewegen und sie sich gl\u00fccklich f\u00fchlen. Diese Ergebnisse sollen jedoch oft weniger intensiv sein als die von Amphetaminen oder anderen Drogen, die Sie wacher machen. Viele Leute werden nicht nerv\u00f6s oder schl\u00e4frig, wenn sie 3-FPM verwenden.<\/p>\n<p>Wo kann ich 3-FPM kaufen?<\/p>\n<p>Bei Best Globel Med haben wir eine Menge davon sehr gute 3-FPM zu verkaufen. Unser 3-FPM ist sowohl in Pulver- als auch in Pelletform erh\u00e4ltlich, sodass Sie es bekommen k\u00f6nnen. Es spielt keine Rolle, welchen dieser beiden chemischen Zust\u00e4nde Sie bevorzugen. Wir sind f\u00fcr Sie da.<\/p>\n<p>Wir haben ein 3-FPM zum Verkauf, das nur f\u00fcr Forschungszwecke bestimmt ist, nicht zum Verkauf. Es ist nicht f\u00fcr den Gebrauch zu Hause bestimmt. Personen, die 3-FPM bei uns kaufen, m\u00fcssen mindestens 18 Jahre alt sein und die Gesetze ihres Landes vollst\u00e4ndig einhalten.<\/p>\n<p>3-FPM ist legal.<\/p>\n<p>3-FPM ist in Israel, der Schweiz oder den Vereinigten Staaten nicht legal zu kaufen, zu verkaufen oder zu besitzen, also k\u00f6nnen Sie das nicht tun. Im Vereinigten K\u00f6nigreich wird angenommen, dass es Phenmetrazin \u00e4hnelt, einem Medikament, dessen Einnahme nicht sicher ist.<\/p>\n<p>Ein k\u00fchler, trockener Ort ist immer am besten f\u00fcr die beste Haltbarkeit. Dieses Produkt ist nur f\u00fcr forensische und Forschungszwecke bestimmt. Es ist nicht dazu bestimmt, von Menschen gegessen oder an Tieren oder anderen Lebewesen getestet zu werden.<\/p>\n","protected":false},"excerpt":{"rendered":"<div class=\"woocommerce-product-details__short-description\">\n<p>BUY 3-FPM3-FPM (auch bekannt als 3-Fluorophenmetrazin, 3F-Phenmetrazin und PAL-593) ist ein neues Stimulans auf Phenylmorpholin-Basis.<\/p><\/div>\n<p> p&gt; <\/p>\n<p>3-Fluorophenmetrazin, auch bekannt als 3F-Phenmetrazin, PAL-593 und 3-FPM, ist ein neues Stimulans der Phenylmorpholin-Klasse.<\/p>\n<p>3-FPM online kaufen<\/p>\n<p>3F-Phenmetrazin kann online gekauft werden.<\/p>\n<p>3F-Phenmetrazin ist als kristalline oder pulverf\u00f6rmige wei\u00dfe Substanz erh\u00e4ltlich. 3F-Phenmetrazin ist in organischen L\u00f6sungsmitteln wie Methanol, Ethanol, Dimethylformamid (DMF) und Dichlormethan (DCM) l\u00f6slich, die mit einem Inertgas gesp\u00fclt werden sollten.<\/p>\n<\/p><\/div>\n","protected":false},"featured_media":5376,"comment_status":"open","ping_status":"closed","template":"","meta":[],"product_brand":[],"product_cat":[2014],"product_tag":[],"class_list":{"0":"post-5366","1":"product","2":"type-product","3":"status-publish","4":"has-post-thumbnail","6":"product_cat-kaufen-forschungschemikalien","8":"first","9":"instock","10":"shipping-taxable","11":"purchasable","12":"product-type-variable","13":"has-default-attributes"},"yoast_head":"<!-- This site is optimized with the Yoast SEO plugin v27.3 - https:\/\/yoast.com\/product\/yoast-seo-wordpress\/ -->\n<title>Kaufen Sie 3F-Phenmetrazin - Best Best Global Meds<\/title>\n<meta name=\"description\" content=\"KAUFEN 3-FPM3-FPM zum Verkauf (auch bekannt als 3-Fluorophenmetrazin, 3F-Phenmetrazin und PAL-593) ist eine neuartige stimulierende Substanz aus der Klasse der Phenylmorpholine.\" \/>\n<meta name=\"robots\" content=\"index, follow, max-snippet:-1, max-image-preview:large, max-video-preview:-1\" \/>\n<link rel=\"canonical\" href=\"https:\/\/medicinasinc.com\/de\/product\/kaufen-3f-phenmetrazin\/\" \/>\n<meta property=\"og:locale\" content=\"de_DE\" \/>\n<meta property=\"og:type\" content=\"article\" \/>\n<meta property=\"og:title\" content=\"Kaufen Sie 3F-Phenmetrazin - Best Best Global Meds\" \/>\n<meta property=\"og:description\" content=\"KAUFEN 3-FPM3-FPM zum Verkauf (auch bekannt als 3-Fluorophenmetrazin, 3F-Phenmetrazin und PAL-593) ist eine neuartige stimulierende Substanz aus der Klasse der Phenylmorpholine.\" \/>\n<meta property=\"og:url\" content=\"https:\/\/medicinasinc.com\/de\/product\/kaufen-3f-phenmetrazin\/\" \/>\n<meta property=\"og:site_name\" content=\"Medicinas Inc\" \/>\n<meta property=\"article:modified_time\" content=\"2022-03-18T00:23:39+00:00\" \/>\n<meta property=\"og:image\" content=\"https:\/\/medicinasinc.com\/de\/wp-content\/uploads\/sites\/6\/2022\/02\/3fpm.jpg\" \/>\n\t<meta property=\"og:image:width\" content=\"600\" \/>\n\t<meta property=\"og:image:height\" content=\"600\" \/>\n\t<meta property=\"og:image:type\" content=\"image\/jpeg\" \/>\n<meta name=\"twitter:card\" content=\"summary_large_image\" \/>\n<meta name=\"twitter:label1\" content=\"Gesch\u00e4tzte Lesezeit\" \/>\n\t<meta name=\"twitter:data1\" content=\"2\u00a0Minuten\" \/>\n<script type=\"application\/ld+json\" class=\"yoast-schema-graph\">{\"@context\":\"https:\\\/\\\/schema.org\",\"@graph\":[{\"@type\":\"WebPage\",\"@id\":\"https:\\\/\\\/medicinasinc.com\\\/de\\\/product\\\/kaufen-3f-phenmetrazin\\\/\",\"url\":\"https:\\\/\\\/medicinasinc.com\\\/de\\\/product\\\/kaufen-3f-phenmetrazin\\\/\",\"name\":\"Kaufen Sie 3F-Phenmetrazin - Best Best Global Meds\",\"isPartOf\":{\"@id\":\"https:\\\/\\\/medicinasinc.com\\\/de\\\/#website\"},\"primaryImageOfPage\":{\"@id\":\"https:\\\/\\\/medicinasinc.com\\\/de\\\/product\\\/kaufen-3f-phenmetrazin\\\/#primaryimage\"},\"image\":{\"@id\":\"https:\\\/\\\/medicinasinc.com\\\/de\\\/product\\\/kaufen-3f-phenmetrazin\\\/#primaryimage\"},\"thumbnailUrl\":\"https:\\\/\\\/medicinasinc.com\\\/de\\\/wp-content\\\/uploads\\\/sites\\\/6\\\/2022\\\/02\\\/3fpm.jpg\",\"datePublished\":\"2022-02-21T21:52:02+00:00\",\"dateModified\":\"2022-03-18T00:23:39+00:00\",\"description\":\"KAUFEN 3-FPM3-FPM zum Verkauf (auch bekannt als 3-Fluorophenmetrazin, 3F-Phenmetrazin und PAL-593) ist eine neuartige stimulierende Substanz aus der Klasse der Phenylmorpholine.\",\"breadcrumb\":{\"@id\":\"https:\\\/\\\/medicinasinc.com\\\/de\\\/product\\\/kaufen-3f-phenmetrazin\\\/#breadcrumb\"},\"inLanguage\":\"de\",\"potentialAction\":[{\"@type\":\"ReadAction\",\"target\":[\"https:\\\/\\\/medicinasinc.com\\\/de\\\/product\\\/kaufen-3f-phenmetrazin\\\/\"]}]},{\"@type\":\"ImageObject\",\"inLanguage\":\"de\",\"@id\":\"https:\\\/\\\/medicinasinc.com\\\/de\\\/product\\\/kaufen-3f-phenmetrazin\\\/#primaryimage\",\"url\":\"https:\\\/\\\/medicinasinc.com\\\/de\\\/wp-content\\\/uploads\\\/sites\\\/6\\\/2022\\\/02\\\/3fpm.jpg\",\"contentUrl\":\"https:\\\/\\\/medicinasinc.com\\\/de\\\/wp-content\\\/uploads\\\/sites\\\/6\\\/2022\\\/02\\\/3fpm.jpg\",\"width\":600,\"height\":600},{\"@type\":\"BreadcrumbList\",\"@id\":\"https:\\\/\\\/medicinasinc.com\\\/de\\\/product\\\/kaufen-3f-phenmetrazin\\\/#breadcrumb\",\"itemListElement\":[{\"@type\":\"ListItem\",\"position\":1,\"name\":\"Einkaufen\",\"item\":\"https:\\\/\\\/medicinasinc.com\\\/de\\\/einkaufen\\\/\"},{\"@type\":\"ListItem\",\"position\":2,\"name\":\"Kaufen Sie 3F-Phenmetrazin\"}]},{\"@type\":\"WebSite\",\"@id\":\"https:\\\/\\\/medicinasinc.com\\\/de\\\/#website\",\"url\":\"https:\\\/\\\/medicinasinc.com\\\/de\\\/\",\"name\":\"Medicinas Inc\",\"description\":\"Health Medical Clinic\",\"potentialAction\":[{\"@type\":\"SearchAction\",\"target\":{\"@type\":\"EntryPoint\",\"urlTemplate\":\"https:\\\/\\\/medicinasinc.com\\\/de\\\/?s={search_term_string}\"},\"query-input\":{\"@type\":\"PropertyValueSpecification\",\"valueRequired\":true,\"valueName\":\"search_term_string\"}}],\"inLanguage\":\"de\"}]}<\/script>\n<!-- \/ Yoast SEO plugin. -->","yoast_head_json":{"title":"Kaufen Sie 3F-Phenmetrazin - Best Best Global Meds","description":"KAUFEN 3-FPM3-FPM zum Verkauf (auch bekannt als 3-Fluorophenmetrazin, 3F-Phenmetrazin und PAL-593) ist eine neuartige stimulierende Substanz aus der Klasse der Phenylmorpholine.","robots":{"index":"index","follow":"follow","max-snippet":"max-snippet:-1","max-image-preview":"max-image-preview:large","max-video-preview":"max-video-preview:-1"},"canonical":"https:\/\/medicinasinc.com\/de\/product\/kaufen-3f-phenmetrazin\/","og_locale":"de_DE","og_type":"article","og_title":"Kaufen Sie 3F-Phenmetrazin - Best Best Global Meds","og_description":"KAUFEN 3-FPM3-FPM zum Verkauf (auch bekannt als 3-Fluorophenmetrazin, 3F-Phenmetrazin und PAL-593) ist eine neuartige stimulierende Substanz aus der Klasse der Phenylmorpholine.","og_url":"https:\/\/medicinasinc.com\/de\/product\/kaufen-3f-phenmetrazin\/","og_site_name":"Medicinas Inc","article_modified_time":"2022-03-18T00:23:39+00:00","og_image":[{"width":600,"height":600,"url":"https:\/\/medicinasinc.com\/de\/wp-content\/uploads\/sites\/6\/2022\/02\/3fpm.jpg","type":"image\/jpeg"}],"twitter_card":"summary_large_image","twitter_misc":{"Gesch\u00e4tzte Lesezeit":"2\u00a0Minuten"},"schema":{"@context":"https:\/\/schema.org","@graph":[{"@type":"WebPage","@id":"https:\/\/medicinasinc.com\/de\/product\/kaufen-3f-phenmetrazin\/","url":"https:\/\/medicinasinc.com\/de\/product\/kaufen-3f-phenmetrazin\/","name":"Kaufen Sie 3F-Phenmetrazin - Best Best Global Meds","isPartOf":{"@id":"https:\/\/medicinasinc.com\/de\/#website"},"primaryImageOfPage":{"@id":"https:\/\/medicinasinc.com\/de\/product\/kaufen-3f-phenmetrazin\/#primaryimage"},"image":{"@id":"https:\/\/medicinasinc.com\/de\/product\/kaufen-3f-phenmetrazin\/#primaryimage"},"thumbnailUrl":"https:\/\/medicinasinc.com\/de\/wp-content\/uploads\/sites\/6\/2022\/02\/3fpm.jpg","datePublished":"2022-02-21T21:52:02+00:00","dateModified":"2022-03-18T00:23:39+00:00","description":"KAUFEN 3-FPM3-FPM zum Verkauf (auch bekannt als 3-Fluorophenmetrazin, 3F-Phenmetrazin und PAL-593) ist eine neuartige stimulierende Substanz aus der Klasse der Phenylmorpholine.","breadcrumb":{"@id":"https:\/\/medicinasinc.com\/de\/product\/kaufen-3f-phenmetrazin\/#breadcrumb"},"inLanguage":"de","potentialAction":[{"@type":"ReadAction","target":["https:\/\/medicinasinc.com\/de\/product\/kaufen-3f-phenmetrazin\/"]}]},{"@type":"ImageObject","inLanguage":"de","@id":"https:\/\/medicinasinc.com\/de\/product\/kaufen-3f-phenmetrazin\/#primaryimage","url":"https:\/\/medicinasinc.com\/de\/wp-content\/uploads\/sites\/6\/2022\/02\/3fpm.jpg","contentUrl":"https:\/\/medicinasinc.com\/de\/wp-content\/uploads\/sites\/6\/2022\/02\/3fpm.jpg","width":600,"height":600},{"@type":"BreadcrumbList","@id":"https:\/\/medicinasinc.com\/de\/product\/kaufen-3f-phenmetrazin\/#breadcrumb","itemListElement":[{"@type":"ListItem","position":1,"name":"Einkaufen","item":"https:\/\/medicinasinc.com\/de\/einkaufen\/"},{"@type":"ListItem","position":2,"name":"Kaufen Sie 3F-Phenmetrazin"}]},{"@type":"WebSite","@id":"https:\/\/medicinasinc.com\/de\/#website","url":"https:\/\/medicinasinc.com\/de\/","name":"Medicinas Inc","description":"Health Medical Clinic","potentialAction":[{"@type":"SearchAction","target":{"@type":"EntryPoint","urlTemplate":"https:\/\/medicinasinc.com\/de\/?s={search_term_string}"},"query-input":{"@type":"PropertyValueSpecification","valueRequired":true,"valueName":"search_term_string"}}],"inLanguage":"de"}]}},"_links":{"self":[{"href":"https:\/\/medicinasinc.com\/de\/wp-json\/wp\/v2\/product\/5366","targetHints":{"allow":["GET"]}}],"collection":[{"href":"https:\/\/medicinasinc.com\/de\/wp-json\/wp\/v2\/product"}],"about":[{"href":"https:\/\/medicinasinc.com\/de\/wp-json\/wp\/v2\/types\/product"}],"replies":[{"embeddable":true,"href":"https:\/\/medicinasinc.com\/de\/wp-json\/wp\/v2\/comments?post=5366"}],"wp:featuredmedia":[{"embeddable":true,"href":"https:\/\/medicinasinc.com\/de\/wp-json\/wp\/v2\/media\/5376"}],"wp:attachment":[{"href":"https:\/\/medicinasinc.com\/de\/wp-json\/wp\/v2\/media?parent=5366"}],"wp:term":[{"taxonomy":"product_brand","embeddable":true,"href":"https:\/\/medicinasinc.com\/de\/wp-json\/wp\/v2\/product_brand?post=5366"},{"taxonomy":"product_cat","embeddable":true,"href":"https:\/\/medicinasinc.com\/de\/wp-json\/wp\/v2\/product_cat?post=5366"},{"taxonomy":"product_tag","embeddable":true,"href":"https:\/\/medicinasinc.com\/de\/wp-json\/wp\/v2\/product_tag?post=5366"}],"curies":[{"name":"wp","href":"https:\/\/api.w.org\/{rel}","templated":true}]}}