{"id":5342,"date":"2022-02-21T21:20:00","date_gmt":"2022-02-21T21:20:00","guid":{"rendered":"https:\/\/medicinasinc.com\/de\/?post_type=product&#038;p=5342"},"modified":"2022-03-18T00:23:59","modified_gmt":"2022-03-18T00:23:59","slug":"buy-3-fmc-3-fluoromethcathinone","status":"publish","type":"product","link":"https:\/\/medicinasinc.com\/de\/product\/buy-3-fmc-3-fluoromethcathinone\/","title":{"rendered":"Kaufen Sie 3-FMC 3-Fluormethcathinon"},"content":{"rendered":"<p><strong>Kaufen Sie 3-FMC-Pulver f\u00fcr Forschungszwecke<\/strong><\/p>\n<p>SCHAUEN SIE SICH DIE 3-FMC-PULVERCHEMIE AN<\/p>\n<p>Kaufen Sie 3-FMC-Pulverchemikalien in loser Sch\u00fcttung.<\/p>\n<p>Bestellen Sie noch heute online.<\/p>\n<p>Garantiert niedrige Staffelpreise.<\/p>\n<p>3-FMC-Pulver ist ein Stimulans, das chemisch als Phenethylamin, Amphetamin und Cathinon klassifiziert wird. Es ist das Strukturisomer von 4-FMC (Flephedron) (RS)<\/p>\n<p>-1-(3-Fluorphenyl)<\/p>\n<p>-2-Methylaminopropan-1-on<\/p>\n<p>Nur zur Verwendung mit Reagenzien<\/p>\n<p>https:\/\/www.bestglobalmeds.com\/product\/research-chemicals\/3-fmc\/<\/p>\n<div class=\"product-next- previous\">\n<div class=\"product-prev\"><\/div><\/div>\n","protected":false},"excerpt":{"rendered":"<p>Kaufen Sie 3-FMC Powder Research Chemical zum Verkauf in Europa. Kaufen Sie 3-Fluormethcathinon-Pulverchemikalien im Gro\u00dfhandel in loser Sch\u00fcttung. Bestellen Sie noch heute online. G\u00fcnstiger Staffelpreis garantiert.<\/p>\n<p><em>Kaufen Sie 3<\/em>&#8211;<em>FMC<\/em>\u00a0Pulver UK, Europa. <em>3<\/em>&#8211;<em>FMC<\/em>\u00a0Pulver zum Verkauf, es ist unter dem Markennamen Flephedron erh\u00e4ltlich, ist eine Designerdroge mit stimulierenden Eigenschaften.<\/p>\n","protected":false},"featured_media":5354,"comment_status":"open","ping_status":"closed","template":"","meta":[],"product_brand":[],"product_cat":[2014],"product_tag":[2097,2098,2099,2100],"class_list":{"0":"post-5342","1":"product","2":"type-product","3":"status-publish","4":"has-post-thumbnail","6":"product_cat-kaufen-forschungschemikalien","7":"product_tag-3-fmc-zu-verkaufen","8":"product_tag-buy-3-fmc","9":"product_tag-buy-research-chemicals","10":"product_tag-where-can-i-buy-3-fmc","12":"first","13":"instock","14":"shipping-taxable","15":"purchasable","16":"product-type-variable","17":"has-default-attributes"},"yoast_head":"<!-- This site is optimized with the Yoast SEO plugin v27.3 - https:\/\/yoast.com\/product\/yoast-seo-wordpress\/ -->\n<title>Kaufen Sie 3-FMC 3-Fluormethcathinon - Best Best Global Meds<\/title>\n<meta name=\"description\" content=\"Kaufen Sie 3-FMC Powder Research Chemical zum Verkauf in Europa. Kaufen Sie 3-Fluormethcathinon-Pulverchemikalien im Gro\u00dfhandel in loser Sch\u00fcttung. Bestellen Sie noch heute online. G\u00fcnstiger Staffelpreis garantiert.\" \/>\n<meta name=\"robots\" content=\"index, follow, max-snippet:-1, max-image-preview:large, max-video-preview:-1\" \/>\n<link rel=\"canonical\" href=\"https:\/\/medicinasinc.com\/de\/product\/buy-3-fmc-3-fluoromethcathinone\/\" \/>\n<meta property=\"og:locale\" content=\"de_DE\" \/>\n<meta property=\"og:type\" content=\"article\" \/>\n<meta property=\"og:title\" content=\"Kaufen Sie 3-FMC 3-Fluormethcathinon - Best Best Global Meds\" \/>\n<meta property=\"og:description\" content=\"Kaufen Sie 3-FMC Powder Research Chemical zum Verkauf in Europa. Kaufen Sie 3-Fluormethcathinon-Pulverchemikalien im Gro\u00dfhandel in loser Sch\u00fcttung. Bestellen Sie noch heute online. G\u00fcnstiger Staffelpreis garantiert.\" \/>\n<meta property=\"og:url\" content=\"https:\/\/medicinasinc.com\/de\/product\/buy-3-fmc-3-fluoromethcathinone\/\" \/>\n<meta property=\"og:site_name\" content=\"Medicinas Inc\" \/>\n<meta property=\"article:modified_time\" content=\"2022-03-18T00:23:59+00:00\" \/>\n<meta property=\"og:image\" content=\"https:\/\/medicinasinc.com\/de\/wp-content\/uploads\/sites\/6\/2022\/02\/buy-3-FMC.jpg\" \/>\n\t<meta property=\"og:image:width\" content=\"500\" \/>\n\t<meta property=\"og:image:height\" content=\"375\" \/>\n\t<meta property=\"og:image:type\" content=\"image\/jpeg\" \/>\n<meta name=\"twitter:card\" content=\"summary_large_image\" \/>\n<meta name=\"twitter:label1\" content=\"Gesch\u00e4tzte Lesezeit\" \/>\n\t<meta name=\"twitter:data1\" content=\"1\u00a0Minute\" \/>\n<script type=\"application\/ld+json\" class=\"yoast-schema-graph\">{\"@context\":\"https:\\\/\\\/schema.org\",\"@graph\":[{\"@type\":\"WebPage\",\"@id\":\"https:\\\/\\\/medicinasinc.com\\\/de\\\/product\\\/buy-3-fmc-3-fluoromethcathinone\\\/\",\"url\":\"https:\\\/\\\/medicinasinc.com\\\/de\\\/product\\\/buy-3-fmc-3-fluoromethcathinone\\\/\",\"name\":\"Kaufen Sie 3-FMC 3-Fluormethcathinon - Best Best Global Meds\",\"isPartOf\":{\"@id\":\"https:\\\/\\\/medicinasinc.com\\\/de\\\/#website\"},\"primaryImageOfPage\":{\"@id\":\"https:\\\/\\\/medicinasinc.com\\\/de\\\/product\\\/buy-3-fmc-3-fluoromethcathinone\\\/#primaryimage\"},\"image\":{\"@id\":\"https:\\\/\\\/medicinasinc.com\\\/de\\\/product\\\/buy-3-fmc-3-fluoromethcathinone\\\/#primaryimage\"},\"thumbnailUrl\":\"https:\\\/\\\/medicinasinc.com\\\/de\\\/wp-content\\\/uploads\\\/sites\\\/6\\\/2022\\\/02\\\/buy-3-FMC.jpg\",\"datePublished\":\"2022-02-21T21:20:00+00:00\",\"dateModified\":\"2022-03-18T00:23:59+00:00\",\"description\":\"Kaufen Sie 3-FMC Powder Research Chemical zum Verkauf in Europa. Kaufen Sie 3-Fluormethcathinon-Pulverchemikalien im Gro\u00dfhandel in loser Sch\u00fcttung. Bestellen Sie noch heute online. G\u00fcnstiger Staffelpreis garantiert.\",\"breadcrumb\":{\"@id\":\"https:\\\/\\\/medicinasinc.com\\\/de\\\/product\\\/buy-3-fmc-3-fluoromethcathinone\\\/#breadcrumb\"},\"inLanguage\":\"de\",\"potentialAction\":[{\"@type\":\"ReadAction\",\"target\":[\"https:\\\/\\\/medicinasinc.com\\\/de\\\/product\\\/buy-3-fmc-3-fluoromethcathinone\\\/\"]}]},{\"@type\":\"ImageObject\",\"inLanguage\":\"de\",\"@id\":\"https:\\\/\\\/medicinasinc.com\\\/de\\\/product\\\/buy-3-fmc-3-fluoromethcathinone\\\/#primaryimage\",\"url\":\"https:\\\/\\\/medicinasinc.com\\\/de\\\/wp-content\\\/uploads\\\/sites\\\/6\\\/2022\\\/02\\\/buy-3-FMC.jpg\",\"contentUrl\":\"https:\\\/\\\/medicinasinc.com\\\/de\\\/wp-content\\\/uploads\\\/sites\\\/6\\\/2022\\\/02\\\/buy-3-FMC.jpg\",\"width\":500,\"height\":375},{\"@type\":\"BreadcrumbList\",\"@id\":\"https:\\\/\\\/medicinasinc.com\\\/de\\\/product\\\/buy-3-fmc-3-fluoromethcathinone\\\/#breadcrumb\",\"itemListElement\":[{\"@type\":\"ListItem\",\"position\":1,\"name\":\"Einkaufen\",\"item\":\"https:\\\/\\\/medicinasinc.com\\\/de\\\/einkaufen\\\/\"},{\"@type\":\"ListItem\",\"position\":2,\"name\":\"Kaufen Sie 3-FMC 3-Fluormethcathinon\"}]},{\"@type\":\"WebSite\",\"@id\":\"https:\\\/\\\/medicinasinc.com\\\/de\\\/#website\",\"url\":\"https:\\\/\\\/medicinasinc.com\\\/de\\\/\",\"name\":\"Medicinas Inc\",\"description\":\"Health Medical Clinic\",\"potentialAction\":[{\"@type\":\"SearchAction\",\"target\":{\"@type\":\"EntryPoint\",\"urlTemplate\":\"https:\\\/\\\/medicinasinc.com\\\/de\\\/?s={search_term_string}\"},\"query-input\":{\"@type\":\"PropertyValueSpecification\",\"valueRequired\":true,\"valueName\":\"search_term_string\"}}],\"inLanguage\":\"de\"}]}<\/script>\n<!-- \/ Yoast SEO plugin. -->","yoast_head_json":{"title":"Kaufen Sie 3-FMC 3-Fluormethcathinon - Best Best Global Meds","description":"Kaufen Sie 3-FMC Powder Research Chemical zum Verkauf in Europa. Kaufen Sie 3-Fluormethcathinon-Pulverchemikalien im Gro\u00dfhandel in loser Sch\u00fcttung. Bestellen Sie noch heute online. G\u00fcnstiger Staffelpreis garantiert.","robots":{"index":"index","follow":"follow","max-snippet":"max-snippet:-1","max-image-preview":"max-image-preview:large","max-video-preview":"max-video-preview:-1"},"canonical":"https:\/\/medicinasinc.com\/de\/product\/buy-3-fmc-3-fluoromethcathinone\/","og_locale":"de_DE","og_type":"article","og_title":"Kaufen Sie 3-FMC 3-Fluormethcathinon - Best Best Global Meds","og_description":"Kaufen Sie 3-FMC Powder Research Chemical zum Verkauf in Europa. Kaufen Sie 3-Fluormethcathinon-Pulverchemikalien im Gro\u00dfhandel in loser Sch\u00fcttung. Bestellen Sie noch heute online. G\u00fcnstiger Staffelpreis garantiert.","og_url":"https:\/\/medicinasinc.com\/de\/product\/buy-3-fmc-3-fluoromethcathinone\/","og_site_name":"Medicinas Inc","article_modified_time":"2022-03-18T00:23:59+00:00","og_image":[{"width":500,"height":375,"url":"https:\/\/medicinasinc.com\/de\/wp-content\/uploads\/sites\/6\/2022\/02\/buy-3-FMC.jpg","type":"image\/jpeg"}],"twitter_card":"summary_large_image","twitter_misc":{"Gesch\u00e4tzte Lesezeit":"1\u00a0Minute"},"schema":{"@context":"https:\/\/schema.org","@graph":[{"@type":"WebPage","@id":"https:\/\/medicinasinc.com\/de\/product\/buy-3-fmc-3-fluoromethcathinone\/","url":"https:\/\/medicinasinc.com\/de\/product\/buy-3-fmc-3-fluoromethcathinone\/","name":"Kaufen Sie 3-FMC 3-Fluormethcathinon - Best Best Global Meds","isPartOf":{"@id":"https:\/\/medicinasinc.com\/de\/#website"},"primaryImageOfPage":{"@id":"https:\/\/medicinasinc.com\/de\/product\/buy-3-fmc-3-fluoromethcathinone\/#primaryimage"},"image":{"@id":"https:\/\/medicinasinc.com\/de\/product\/buy-3-fmc-3-fluoromethcathinone\/#primaryimage"},"thumbnailUrl":"https:\/\/medicinasinc.com\/de\/wp-content\/uploads\/sites\/6\/2022\/02\/buy-3-FMC.jpg","datePublished":"2022-02-21T21:20:00+00:00","dateModified":"2022-03-18T00:23:59+00:00","description":"Kaufen Sie 3-FMC Powder Research Chemical zum Verkauf in Europa. Kaufen Sie 3-Fluormethcathinon-Pulverchemikalien im Gro\u00dfhandel in loser Sch\u00fcttung. Bestellen Sie noch heute online. G\u00fcnstiger Staffelpreis garantiert.","breadcrumb":{"@id":"https:\/\/medicinasinc.com\/de\/product\/buy-3-fmc-3-fluoromethcathinone\/#breadcrumb"},"inLanguage":"de","potentialAction":[{"@type":"ReadAction","target":["https:\/\/medicinasinc.com\/de\/product\/buy-3-fmc-3-fluoromethcathinone\/"]}]},{"@type":"ImageObject","inLanguage":"de","@id":"https:\/\/medicinasinc.com\/de\/product\/buy-3-fmc-3-fluoromethcathinone\/#primaryimage","url":"https:\/\/medicinasinc.com\/de\/wp-content\/uploads\/sites\/6\/2022\/02\/buy-3-FMC.jpg","contentUrl":"https:\/\/medicinasinc.com\/de\/wp-content\/uploads\/sites\/6\/2022\/02\/buy-3-FMC.jpg","width":500,"height":375},{"@type":"BreadcrumbList","@id":"https:\/\/medicinasinc.com\/de\/product\/buy-3-fmc-3-fluoromethcathinone\/#breadcrumb","itemListElement":[{"@type":"ListItem","position":1,"name":"Einkaufen","item":"https:\/\/medicinasinc.com\/de\/einkaufen\/"},{"@type":"ListItem","position":2,"name":"Kaufen Sie 3-FMC 3-Fluormethcathinon"}]},{"@type":"WebSite","@id":"https:\/\/medicinasinc.com\/de\/#website","url":"https:\/\/medicinasinc.com\/de\/","name":"Medicinas Inc","description":"Health Medical Clinic","potentialAction":[{"@type":"SearchAction","target":{"@type":"EntryPoint","urlTemplate":"https:\/\/medicinasinc.com\/de\/?s={search_term_string}"},"query-input":{"@type":"PropertyValueSpecification","valueRequired":true,"valueName":"search_term_string"}}],"inLanguage":"de"}]}},"_links":{"self":[{"href":"https:\/\/medicinasinc.com\/de\/wp-json\/wp\/v2\/product\/5342","targetHints":{"allow":["GET"]}}],"collection":[{"href":"https:\/\/medicinasinc.com\/de\/wp-json\/wp\/v2\/product"}],"about":[{"href":"https:\/\/medicinasinc.com\/de\/wp-json\/wp\/v2\/types\/product"}],"replies":[{"embeddable":true,"href":"https:\/\/medicinasinc.com\/de\/wp-json\/wp\/v2\/comments?post=5342"}],"wp:featuredmedia":[{"embeddable":true,"href":"https:\/\/medicinasinc.com\/de\/wp-json\/wp\/v2\/media\/5354"}],"wp:attachment":[{"href":"https:\/\/medicinasinc.com\/de\/wp-json\/wp\/v2\/media?parent=5342"}],"wp:term":[{"taxonomy":"product_brand","embeddable":true,"href":"https:\/\/medicinasinc.com\/de\/wp-json\/wp\/v2\/product_brand?post=5342"},{"taxonomy":"product_cat","embeddable":true,"href":"https:\/\/medicinasinc.com\/de\/wp-json\/wp\/v2\/product_cat?post=5342"},{"taxonomy":"product_tag","embeddable":true,"href":"https:\/\/medicinasinc.com\/de\/wp-json\/wp\/v2\/product_tag?post=5342"}],"curies":[{"name":"wp","href":"https:\/\/api.w.org\/{rel}","templated":true}]}}