{"id":5341,"date":"2022-02-21T21:16:40","date_gmt":"2022-02-21T21:16:40","guid":{"rendered":"https:\/\/medicinasinc.com\/de\/?post_type=product&#038;p=5341"},"modified":"2022-03-18T00:24:08","modified_gmt":"2022-03-18T00:24:08","slug":"buy-2c-e-research-chemical","status":"publish","type":"product","link":"https:\/\/medicinasinc.com\/de\/product\/buy-2c-e-research-chemical\/","title":{"rendered":"Kaufen Sie 2C-E Research Chemical"},"content":{"rendered":"<p>2C-E Forschungschemikalie kann online erworben werden.<\/p>\n<p>2C-E Forschungschemikalie kann online erworben werden.<\/p>\n<p>Verk\u00e4ufer von 2c e, 2ce Forschungschemikalie, 2c e K\u00e4ufer, 2c e zu verkaufen<\/p>\n<p>Online-Kauf von 2C-E-Forschungschemikalien<\/p>\n<p>Alexander Shulgin entdeckt das Medikament 2C-E und gewinnt eine gro\u00dfe Anh\u00e4ngerschaft.<\/p>\n<p>Online-Kauf von 2C-E-Forschungschemikalien<\/p>\n<p>Der chemische Wirkstoff 2C-E (Trip) ist ein Mitglied der 2C-Familie, zu der auch 2C-I und 2C-H geh\u00f6ren. 2C-E ist eine halluzinogene Verbindung, die von Phenylethylamin abgeleitet ist. Nach einer Reihe von Forschungstests wissen wir jetzt, dass die typische Dosis von 2C-E-Pulver f\u00fcr die intranasale Verabreichung 5 Milligramm nicht \u00fcberschreiten sollte. Dennoch sollte die Dosis bei oraler Anwendung etwa 10-20 Milligramm nicht \u00fcberschreiten. Es wird berichtet, dass nach ungef\u00e4hr 10 Minuten Einatmen durch die Nase ein deutliches Brennen auftritt. Shulgin bezeichnet 2C-E zusammen mit Meskalin, 2C-T-2, 2C-B und 2C-T-7 als das \u00abmagische halbe Dutzend\u00bb in seinem Buch PiHKAL. Der Online-Kauf von 2C-E-Forschungschemikalien<\/p>\n<p>2C-E hat die folgenden Auswirkungen: einen Energieschub, eine Steigerung des Erfindungsreichtums, visuelle Effekte und eine Steigerung der Taktilit\u00e4t. Hinzu kommen Bewusstseinsver\u00e4nderungen, Konzentrationsschwierigkeiten, der Puls beschleunigt sich und die K\u00f6rpertemperatur kann etwas ansteigen. Dar\u00fcber hinaus verursacht 2C-E Schwindel, \u00dcbelkeit, \u00dcberempfindlichkeit gegen\u00fcber L\u00e4rm und Panik. 2C-E zum Verkauf im Internet<\/p>\n<p>Die Wirkungsdauer von 2C-E liegt typischerweise zwischen 4 und 9 Stunden. Wenn wir 2C-E w\u00e4hrend des Tests mit 2C-I vergleichen, stellen wir fest, dass 2C-E deutlichere visuelle und auditive Auswirkungen hat.<\/p>\n<p>Sie k\u00f6nnen 2C-E (Trip) auf unserer Website nur f\u00fcr chemische Untersuchungen erwerben und Labortests; Sie sollten jedoch zuerst feststellen, ob dieses Pr\u00e4parat an Ihrem Standort legal ist. Wir liefern hochwertige Materialien.<\/p>\n","protected":false},"excerpt":{"rendered":"<p>&nbsp;<\/p>\n<p>Kaufen Sie 2C-E Research-Chemikalien zum Verkauf online in Europa, Gro\u00dfbritannien und der EU. Kaufen Sie die Chemikalie 2C-E Research. 2C-E (4-Ethyl-2,5-dimethoxy) Salz\/Pulver: ein psychedelisches Amphetamin.<\/p>\n<p><em>2C kaufen<\/em>&#8211;<em>E<\/em> Von Research Chemical zugelassener Lieferant. Erstklassige Reinheit, faire Preise, schnelle garantierte Lieferung, R\u00fcckerstattungs- \/ R\u00fcckgaberecht, gro\u00dfartiger Kundenservice.<\/p>\n","protected":false},"featured_media":5352,"comment_status":"open","ping_status":"closed","template":"","meta":[],"product_brand":[],"product_cat":[2014],"product_tag":[2027,2028,2029,2063,2031,2034,2035,2036,2037,2068,2041,2042,2043,2061,2044,2045,2066,2067,2040,2047,2048,2049,2052,2038,2039,2032,2033,2030,2053,2050,2051,2054,2055,2056,2046,2057,2058,2059,2078,2087,2088,2064,2065,2070,2074,2091,2076,2077,2073,2079,2082,2084,2090,2071,2062,2069,2072,2075,2085,2086,2089,2083,2080,2060,2092,2093,2094,2081,2095,2096],"class_list":{"0":"post-5341","1":"product","2":"type-product","3":"status-publish","4":"has-post-thumbnail","6":"product_cat-kaufen-forschungschemikalien","7":"product_tag-2c-e-kaufen-online","8":"product_tag-2c-e","9":"product_tag-2c-e-buy","10":"product_tag-kaufen-2c-e-dosierung-online","11":"product_tag-2c-e-drug-for-sale","12":"product_tag-2c-e-erfahrung","13":"product_tag-2c-e-erowid","14":"product_tag-2c-e-europa","15":"product_tag-2c-e-experience","16":"product_tag-buy-2c-e-research-chemical","17":"product_tag-2c-e-heroische-dosis","18":"product_tag-2c-e-is-a-psychedelic-phenethylamine-of-the-2c-family-it-was-first-synthesized-by-alexander-shulgin","19":"product_tag-2c-e-kaufen","20":"product_tag-buy-2c-e","21":"product_tag-2c-e-kopen","22":"product_tag-2c-e-niederlande-kaufen-rc","23":"product_tag-2c-e-online-kaufen","24":"product_tag-buy-2c-e-online-usa","25":"product_tag-2c-e-zum-verkauf-online","26":"product_tag-2c-e-psychonaut","27":"product_tag-2c-e-reddit","28":"product_tag-2c-e-verkaufen","29":"product_tag-2c-und-wikipedia","30":"product_tag-2c-e-zu-verkaufen","31":"product_tag-2c-e-zum-verkauf-chemisches-element","32":"product_tag-2c-e-drogentest","33":"product_tag-2c-effekte","34":"product_tag-2c-e-trocken","35":"product_tag-2c-e-nborn","36":"product_tag-2c-e-synthese","37":"product_tag-2c-e-wiki","38":"product_tag-2c-ef-anbieter","39":"product_tag-2c-i","40":"product_tag-2ce-kaufen","41":"product_tag-2c-e-online","42":"product_tag-4-ethyl-2","43":"product_tag-4-methyl-2-5-dimethoxyamphetamin","44":"product_tag-5-dimethoxy","45":"product_tag-do-ssris-interferieren-mit-pilzen","46":"product_tag-2c-e-online-bestellen","47":"product_tag-ordnung-2c-i","48":"product_tag-buy-2c-e-drug","49":"product_tag-buy-2c-e-muscle-tension-online","50":"product_tag-buy-2c-e-with-next-day-eu-delivery","51":"product_tag-buy-online-2c-e-research-chemicals","52":"product_tag-der-beste-ort-zu-kaufen-2c-i","53":"product_tag-dmt","54":"product_tag-dmt-nexus-2c-e","55":"product_tag-kaufen-halluzinogene-droge-2c-e-online","56":"product_tag-get-2c-e-research-chemical-online","57":"product_tag-how-to-buy-research-chemicals-online","58":"product_tag-how-to-take-2c-e-research-chemicals","59":"product_tag-kauf-2c-i","60":"product_tag-buy-2c-e2c-online-usa","61":"product_tag-kaufen-2c-e-4-ethyl-2","62":"product_tag-kaufen-2c-e-forschungschemikalien-online","63":"product_tag-kaufen-2c-i","64":"product_tag-kaufen-forschungschemikalien-niederlande-doc-2c-e-online","65":"product_tag-life-boostr-2c-e-rc-anbieter","66":"product_tag-meskalin","67":"product_tag-preis-pro-gramm-von-2c-e","68":"product_tag-wie-man-forschungschemikalien-bekommt","69":"product_tag-how-to-buy-2c-e-online","70":"product_tag-und-andere-psychedelika","71":"product_tag-was-genau-sind-2c-es-wirkungen-und-warum-ist-es-beliebt-bei-menschen-die-drogen-konsumieren","72":"product_tag-what-is-the-difference-between-2c-i-and-2c-e","73":"product_tag-what-is-the-street-value-of-a-vial-of-2c-e","74":"product_tag-how-to-buy-2c-i","75":"product_tag-wo-kann-ich-2c-e-online-kaufen","76":"product_tag-wo-zu-kaufen-2c-i","78":"first","79":"instock","80":"shipping-taxable","81":"purchasable","82":"product-type-variable","83":"has-default-attributes"},"yoast_head":"<!-- This site is optimized with the Yoast SEO plugin v27.3 - https:\/\/yoast.com\/product\/yoast-seo-wordpress\/ -->\n<title>Kaufen Sie 2C-E Research Chemical - Best Best Global Meds<\/title>\n<meta name=\"description\" content=\"Kaufen Sie 2C-E Research-Chemikalien zum Verkauf online in Europa, Gro\u00dfbritannien und der EU. Kaufen Sie die Chemikalie 2C-E Research. 2C-E (4-Ethyl-2,5-dimethoxy) Salz\/Pulver: ein psychedelisches Amphetamin.\" \/>\n<meta name=\"robots\" content=\"index, follow, max-snippet:-1, max-image-preview:large, max-video-preview:-1\" \/>\n<link rel=\"canonical\" href=\"https:\/\/medicinasinc.com\/de\/product\/buy-2c-e-research-chemical\/\" \/>\n<meta property=\"og:locale\" content=\"de_DE\" \/>\n<meta property=\"og:type\" content=\"article\" \/>\n<meta property=\"og:title\" content=\"Kaufen Sie 2C-E Research Chemical - Best Best Global Meds\" \/>\n<meta property=\"og:description\" content=\"Kaufen Sie 2C-E Research-Chemikalien zum Verkauf online in Europa, Gro\u00dfbritannien und der EU. Kaufen Sie die Chemikalie 2C-E Research. 2C-E (4-Ethyl-2,5-dimethoxy) Salz\/Pulver: ein psychedelisches Amphetamin.\" \/>\n<meta property=\"og:url\" content=\"https:\/\/medicinasinc.com\/de\/product\/buy-2c-e-research-chemical\/\" \/>\n<meta property=\"og:site_name\" content=\"Medicinas Inc\" \/>\n<meta property=\"article:modified_time\" content=\"2022-03-18T00:24:08+00:00\" \/>\n<meta property=\"og:image\" content=\"https:\/\/medicinasinc.com\/de\/wp-content\/uploads\/sites\/6\/2022\/02\/Buy-2C-E.jpg\" \/>\n\t<meta property=\"og:image:width\" content=\"234\" \/>\n\t<meta property=\"og:image:height\" content=\"215\" \/>\n\t<meta property=\"og:image:type\" content=\"image\/jpeg\" \/>\n<meta name=\"twitter:card\" content=\"summary_large_image\" \/>\n<meta name=\"twitter:label1\" content=\"Gesch\u00e4tzte Lesezeit\" \/>\n\t<meta name=\"twitter:data1\" content=\"2\u00a0Minuten\" \/>\n<script type=\"application\/ld+json\" class=\"yoast-schema-graph\">{\"@context\":\"https:\\\/\\\/schema.org\",\"@graph\":[{\"@type\":\"WebPage\",\"@id\":\"https:\\\/\\\/medicinasinc.com\\\/de\\\/product\\\/buy-2c-e-research-chemical\\\/\",\"url\":\"https:\\\/\\\/medicinasinc.com\\\/de\\\/product\\\/buy-2c-e-research-chemical\\\/\",\"name\":\"Kaufen Sie 2C-E Research Chemical - Best Best Global Meds\",\"isPartOf\":{\"@id\":\"https:\\\/\\\/medicinasinc.com\\\/de\\\/#website\"},\"primaryImageOfPage\":{\"@id\":\"https:\\\/\\\/medicinasinc.com\\\/de\\\/product\\\/buy-2c-e-research-chemical\\\/#primaryimage\"},\"image\":{\"@id\":\"https:\\\/\\\/medicinasinc.com\\\/de\\\/product\\\/buy-2c-e-research-chemical\\\/#primaryimage\"},\"thumbnailUrl\":\"https:\\\/\\\/medicinasinc.com\\\/de\\\/wp-content\\\/uploads\\\/sites\\\/6\\\/2022\\\/02\\\/Buy-2C-E.jpg\",\"datePublished\":\"2022-02-21T21:16:40+00:00\",\"dateModified\":\"2022-03-18T00:24:08+00:00\",\"description\":\"Kaufen Sie 2C-E Research-Chemikalien zum Verkauf online in Europa, Gro\u00dfbritannien und der EU. Kaufen Sie die Chemikalie 2C-E Research. 2C-E (4-Ethyl-2,5-dimethoxy) Salz\\\/Pulver: ein psychedelisches Amphetamin.\",\"breadcrumb\":{\"@id\":\"https:\\\/\\\/medicinasinc.com\\\/de\\\/product\\\/buy-2c-e-research-chemical\\\/#breadcrumb\"},\"inLanguage\":\"de\",\"potentialAction\":[{\"@type\":\"ReadAction\",\"target\":[\"https:\\\/\\\/medicinasinc.com\\\/de\\\/product\\\/buy-2c-e-research-chemical\\\/\"]}]},{\"@type\":\"ImageObject\",\"inLanguage\":\"de\",\"@id\":\"https:\\\/\\\/medicinasinc.com\\\/de\\\/product\\\/buy-2c-e-research-chemical\\\/#primaryimage\",\"url\":\"https:\\\/\\\/medicinasinc.com\\\/de\\\/wp-content\\\/uploads\\\/sites\\\/6\\\/2022\\\/02\\\/Buy-2C-E.jpg\",\"contentUrl\":\"https:\\\/\\\/medicinasinc.com\\\/de\\\/wp-content\\\/uploads\\\/sites\\\/6\\\/2022\\\/02\\\/Buy-2C-E.jpg\",\"width\":234,\"height\":215},{\"@type\":\"BreadcrumbList\",\"@id\":\"https:\\\/\\\/medicinasinc.com\\\/de\\\/product\\\/buy-2c-e-research-chemical\\\/#breadcrumb\",\"itemListElement\":[{\"@type\":\"ListItem\",\"position\":1,\"name\":\"Einkaufen\",\"item\":\"https:\\\/\\\/medicinasinc.com\\\/de\\\/einkaufen\\\/\"},{\"@type\":\"ListItem\",\"position\":2,\"name\":\"Kaufen Sie 2C-E Research Chemical\"}]},{\"@type\":\"WebSite\",\"@id\":\"https:\\\/\\\/medicinasinc.com\\\/de\\\/#website\",\"url\":\"https:\\\/\\\/medicinasinc.com\\\/de\\\/\",\"name\":\"Medicinas Inc\",\"description\":\"Health Medical Clinic\",\"potentialAction\":[{\"@type\":\"SearchAction\",\"target\":{\"@type\":\"EntryPoint\",\"urlTemplate\":\"https:\\\/\\\/medicinasinc.com\\\/de\\\/?s={search_term_string}\"},\"query-input\":{\"@type\":\"PropertyValueSpecification\",\"valueRequired\":true,\"valueName\":\"search_term_string\"}}],\"inLanguage\":\"de\"}]}<\/script>\n<!-- \/ Yoast SEO plugin. -->","yoast_head_json":{"title":"Kaufen Sie 2C-E Research Chemical - Best Best Global Meds","description":"Kaufen Sie 2C-E Research-Chemikalien zum Verkauf online in Europa, Gro\u00dfbritannien und der EU. Kaufen Sie die Chemikalie 2C-E Research. 2C-E (4-Ethyl-2,5-dimethoxy) Salz\/Pulver: ein psychedelisches Amphetamin.","robots":{"index":"index","follow":"follow","max-snippet":"max-snippet:-1","max-image-preview":"max-image-preview:large","max-video-preview":"max-video-preview:-1"},"canonical":"https:\/\/medicinasinc.com\/de\/product\/buy-2c-e-research-chemical\/","og_locale":"de_DE","og_type":"article","og_title":"Kaufen Sie 2C-E Research Chemical - Best Best Global Meds","og_description":"Kaufen Sie 2C-E Research-Chemikalien zum Verkauf online in Europa, Gro\u00dfbritannien und der EU. Kaufen Sie die Chemikalie 2C-E Research. 2C-E (4-Ethyl-2,5-dimethoxy) Salz\/Pulver: ein psychedelisches Amphetamin.","og_url":"https:\/\/medicinasinc.com\/de\/product\/buy-2c-e-research-chemical\/","og_site_name":"Medicinas Inc","article_modified_time":"2022-03-18T00:24:08+00:00","og_image":[{"width":234,"height":215,"url":"https:\/\/medicinasinc.com\/de\/wp-content\/uploads\/sites\/6\/2022\/02\/Buy-2C-E.jpg","type":"image\/jpeg"}],"twitter_card":"summary_large_image","twitter_misc":{"Gesch\u00e4tzte Lesezeit":"2\u00a0Minuten"},"schema":{"@context":"https:\/\/schema.org","@graph":[{"@type":"WebPage","@id":"https:\/\/medicinasinc.com\/de\/product\/buy-2c-e-research-chemical\/","url":"https:\/\/medicinasinc.com\/de\/product\/buy-2c-e-research-chemical\/","name":"Kaufen Sie 2C-E Research Chemical - Best Best Global Meds","isPartOf":{"@id":"https:\/\/medicinasinc.com\/de\/#website"},"primaryImageOfPage":{"@id":"https:\/\/medicinasinc.com\/de\/product\/buy-2c-e-research-chemical\/#primaryimage"},"image":{"@id":"https:\/\/medicinasinc.com\/de\/product\/buy-2c-e-research-chemical\/#primaryimage"},"thumbnailUrl":"https:\/\/medicinasinc.com\/de\/wp-content\/uploads\/sites\/6\/2022\/02\/Buy-2C-E.jpg","datePublished":"2022-02-21T21:16:40+00:00","dateModified":"2022-03-18T00:24:08+00:00","description":"Kaufen Sie 2C-E Research-Chemikalien zum Verkauf online in Europa, Gro\u00dfbritannien und der EU. Kaufen Sie die Chemikalie 2C-E Research. 2C-E (4-Ethyl-2,5-dimethoxy) Salz\/Pulver: ein psychedelisches Amphetamin.","breadcrumb":{"@id":"https:\/\/medicinasinc.com\/de\/product\/buy-2c-e-research-chemical\/#breadcrumb"},"inLanguage":"de","potentialAction":[{"@type":"ReadAction","target":["https:\/\/medicinasinc.com\/de\/product\/buy-2c-e-research-chemical\/"]}]},{"@type":"ImageObject","inLanguage":"de","@id":"https:\/\/medicinasinc.com\/de\/product\/buy-2c-e-research-chemical\/#primaryimage","url":"https:\/\/medicinasinc.com\/de\/wp-content\/uploads\/sites\/6\/2022\/02\/Buy-2C-E.jpg","contentUrl":"https:\/\/medicinasinc.com\/de\/wp-content\/uploads\/sites\/6\/2022\/02\/Buy-2C-E.jpg","width":234,"height":215},{"@type":"BreadcrumbList","@id":"https:\/\/medicinasinc.com\/de\/product\/buy-2c-e-research-chemical\/#breadcrumb","itemListElement":[{"@type":"ListItem","position":1,"name":"Einkaufen","item":"https:\/\/medicinasinc.com\/de\/einkaufen\/"},{"@type":"ListItem","position":2,"name":"Kaufen Sie 2C-E Research Chemical"}]},{"@type":"WebSite","@id":"https:\/\/medicinasinc.com\/de\/#website","url":"https:\/\/medicinasinc.com\/de\/","name":"Medicinas Inc","description":"Health Medical Clinic","potentialAction":[{"@type":"SearchAction","target":{"@type":"EntryPoint","urlTemplate":"https:\/\/medicinasinc.com\/de\/?s={search_term_string}"},"query-input":{"@type":"PropertyValueSpecification","valueRequired":true,"valueName":"search_term_string"}}],"inLanguage":"de"}]}},"_links":{"self":[{"href":"https:\/\/medicinasinc.com\/de\/wp-json\/wp\/v2\/product\/5341","targetHints":{"allow":["GET"]}}],"collection":[{"href":"https:\/\/medicinasinc.com\/de\/wp-json\/wp\/v2\/product"}],"about":[{"href":"https:\/\/medicinasinc.com\/de\/wp-json\/wp\/v2\/types\/product"}],"replies":[{"embeddable":true,"href":"https:\/\/medicinasinc.com\/de\/wp-json\/wp\/v2\/comments?post=5341"}],"wp:featuredmedia":[{"embeddable":true,"href":"https:\/\/medicinasinc.com\/de\/wp-json\/wp\/v2\/media\/5352"}],"wp:attachment":[{"href":"https:\/\/medicinasinc.com\/de\/wp-json\/wp\/v2\/media?parent=5341"}],"wp:term":[{"taxonomy":"product_brand","embeddable":true,"href":"https:\/\/medicinasinc.com\/de\/wp-json\/wp\/v2\/product_brand?post=5341"},{"taxonomy":"product_cat","embeddable":true,"href":"https:\/\/medicinasinc.com\/de\/wp-json\/wp\/v2\/product_cat?post=5341"},{"taxonomy":"product_tag","embeddable":true,"href":"https:\/\/medicinasinc.com\/de\/wp-json\/wp\/v2\/product_tag?post=5341"}],"curies":[{"name":"wp","href":"https:\/\/api.w.org\/{rel}","templated":true}]}}