{"id":5340,"date":"2022-02-21T21:15:28","date_gmt":"2022-02-21T21:15:28","guid":{"rendered":"https:\/\/medicinasinc.com\/de\/?post_type=product&#038;p=5340"},"modified":"2022-08-03T08:17:08","modified_gmt":"2022-08-03T08:17:08","slug":"2-mppp-online-kaufen","status":"publish","type":"product","link":"https:\/\/medicinasinc.com\/de\/product\/2-mppp-online-kaufen\/","title":{"rendered":"Kaufen Sie 2-MPPP online"},"content":{"rendered":"<p>2-MPPP online kaufen<\/p>\n<p>2-MPPP online kaufen<\/p>\n<p>2-Methyl-1-phenyl-3-(piperidin-1-yl)<\/p>\n<p>Propan-1-on ist eine strukturell mit 2-Aminopropan-1-on verwandte Chemikalie, au\u00dfer dass der Stickstoff an der dritten Position an den Kohlenstoff gebunden ist. Die physiologischen und toxikologischen Wirkungen dieser Verbindung wurden nicht untersucht.<\/p>\n<p>2-Methyl-1-phenyl-3-(piperidin-1-yl)<\/p>\n<p>Propan-1-on kann verwendet werden als Referenzprobe f\u00fcr Forscher, die Gaschromatographie\/Massenspektrometrie (GC\/MS), Fourier-Transformations-Infrarotspektroskopie (FTIR) oder kernmagnetische Resonanzanalysen (NMR) durchf\u00fchren.<\/p>\n<p>Verfahren im Labor<\/p>\n<p>Wir empfehlen, 2-Methyl-1-phenyl-3-(piperidin-1-yl)propan-1-on bei -20 \u00b0C f\u00fcr eine Langzeitlagerung zu lagern. Es sollte mindestens zwei Jahre stabil bleiben.<\/p>\n<p>Die wei\u00dfe kristalline Substanz 2-Methyl-1-phenyl-3-(piperidin-1-yl)propan-1-on wird mitgeliefert. 2-Methyl-1-phenyl-3-(piperidin-1-yl)propan-1-on ist in organischen L\u00f6sungsmitteln wie Methanol, Dimethylsulfoxid (DMSO) und Dichlormethan (DCM) l\u00f6slich, die mit einem Inertgas gesp\u00fclt werden sollten Gas vor Gebrauch. 2-Methyl-1-phenyl-3-(piperidin-1-yl)propan-1-on l\u00f6st sich mit etwa 22 mg\/ml in Ethanol und DMF und mit etwa 15 mg\/ml in DMSO.<\/p>\n<p>Vor der Durchf\u00fchrung von Tests sollten weitere Verd\u00fcnnungen der Stamml\u00f6sung in w\u00e4ssrigen Puffern oder isotonischer Kochsalzl\u00f6sung vorgenommen werden. Stellen Sie sicher, dass kein organisches L\u00f6sungsmittel \u00fcbrig bleibt, da organische L\u00f6sungsmittel in geringen Konzentrationen physiologische Folgen haben k\u00f6nnen. W\u00e4ssrige organische l\u00f6sungsmittelfreie L\u00f6sungen Das kristalline feste 2-Methyl-1-phenyl-3-(piperidin-1-yl)propan-1-on kann sofort in w\u00e4ssrigen Puffern hergestellt werden. 2-Methyl-1-phenyl-3-(piperidin-1-yl)propan-1-on l\u00f6st sich mit einer L\u00f6slichkeit von etwa 11 mg\/ml in PBS, pH 6,4. Wir empfehlen, die w\u00e4ssrige L\u00f6sung nicht l\u00e4nger als einen Tag im K\u00fchlschrank aufzubewahren.<\/p>\n<div id=\"wb_Text13\"><strong>Spezifikationen<\/strong><\/div>\n<table id=\"Table1\" cellspacing=\"1\" cellpadding=\"0\">\n<tbody>\n<tr>\n<td class=\"cell0\">Synonyme<\/td>\n<td class=\"cell1\">2-MPPP<\/td>\n<\/tr>\n<tr>\n<td class=\"cell2\">IUPAC<\/td>\n<td class=\"cell3\">2-Methyl-1-phenyl-3-(piperidin-1-yl)propan-1-on<\/td>\n<\/tr>\n<tr>\n<td class=\"cell0\">PubChem<\/td>\n<td class=\"cell1\">N\/A<\/td>\n<\/tr>\n<tr>\n<td class=\"cell4\">Cas#<\/td>\n<td class=\"cell5\">N\/A<\/td>\n<\/tr>\n<tr>\n<td class=\"cell0\">Molekularformel<\/td>\n<td class=\"cell1\">C15H21NO<\/td>\n<\/tr>\n<tr>\n<td class=\"cell0\">Reinheit<\/td>\n<td class=\"cell1\">99 %<\/td>\n<\/tr>\n<tr>\n<td class=\"cell0\">Formulierung \/ Aussehen<\/td>\n<td class=\"cell1\">Wei\u00dfes Kristallpulver<\/td>\n<\/tr>\n<\/tbody>\n<\/table>\n<p><strong>Referenzen<\/strong><\/p>\n<p>Indian Journal of Chemistry, 1981,\u00a0 vol. 20 B, # 4\u00a0 p. 303 \u2013 307<\/p>\n<p>Rot; Buckley<br \/>\nJournal of the American Chemical Society, 1950,\u00a0 vol. 72, p. 718.719<\/p>\n<p>Kjaer; Petersen<br \/>\nActa Chemica Scandinavica (1947-1973), 1951, Bd. 5, p. 1145,1148<\/p>\n<p>Nasarow; Tscherkasowa<br \/>\nZhurnal Obshchei Khimii, 1958,\u00a0 vol. 28, p. 122,124, 125<\/p>\n<div class=\"product-next- previous\">\n<div class=\"product-prev\"><\/div>\n<\/div>\n","protected":false},"excerpt":{"rendered":"<div class=\"woocommerce-product-details__short-description\">\n<p>Kaufen Sie 2-MPPP online. Kaufen Sie 2-MPPP online bei Medicinasinc.com \u2013 2-Methyl-1-phenyl-3-(piperidin-1-yl)propan-1-on, 2mpp wei\u00dfes Kristallpulver zum Verkauf. wir haben auch die beste Qualit\u00e4t und die besten Preise.<\/p>\n<p><em>Kaufen Sie 2<\/em>\u2013<em>MPPP Online online<\/em> von einer lizenzierten Drogerie Best Global Meds. Wir bieten eine gro\u00dfe Auswahl an Arzneimitteln zum Kauf an. Weltweite Lieferung!<\/p>\n<\/div>\n","protected":false},"featured_media":5350,"comment_status":"open","ping_status":"closed","template":"","meta":[],"product_brand":[],"product_cat":[2014],"product_tag":[],"class_list":{"0":"post-5340","1":"product","2":"type-product","3":"status-publish","4":"has-post-thumbnail","6":"product_cat-kaufen-forschungschemikalien","8":"first","9":"instock","10":"shipping-taxable","11":"purchasable","12":"product-type-variable"},"yoast_head":"<!-- This site is optimized with the Yoast SEO plugin v27.3 - https:\/\/yoast.com\/product\/yoast-seo-wordpress\/ -->\n<title>Kaufen Sie 2-MPPP online - Best Best Global Meds<\/title>\n<meta name=\"description\" content=\"Kaufen Sie 2-MPPP online. Kaufen Sie 2-MPPP online bei Medicinasinc.com \u2013 2-Methyl-1-phenyl-3-(piperidin-1-yl)propan-1-on, 2mpp wei\u00dfes Kristallpulver zum Verkauf. Wir haben die beste Qualit\u00e4t und die besten Preise\" \/>\n<meta name=\"robots\" content=\"index, follow, max-snippet:-1, max-image-preview:large, max-video-preview:-1\" \/>\n<link rel=\"canonical\" href=\"https:\/\/medicinasinc.com\/de\/product\/2-mppp-online-kaufen\/\" \/>\n<meta property=\"og:locale\" content=\"de_DE\" \/>\n<meta property=\"og:type\" content=\"article\" \/>\n<meta property=\"og:title\" content=\"Kaufen Sie 2-MPPP online - Best Best Global Meds\" \/>\n<meta property=\"og:description\" content=\"Kaufen Sie 2-MPPP online. Kaufen Sie 2-MPPP online bei Medicinasinc.com \u2013 2-Methyl-1-phenyl-3-(piperidin-1-yl)propan-1-on, 2mpp wei\u00dfes Kristallpulver zum Verkauf. Wir haben die beste Qualit\u00e4t und die besten Preise\" \/>\n<meta property=\"og:url\" content=\"https:\/\/medicinasinc.com\/de\/product\/2-mppp-online-kaufen\/\" \/>\n<meta property=\"og:site_name\" content=\"Medicinas Inc\" \/>\n<meta property=\"article:modified_time\" content=\"2022-08-03T08:17:08+00:00\" \/>\n<meta property=\"og:image\" content=\"https:\/\/medicinasinc.com\/de\/wp-content\/uploads\/sites\/6\/2022\/02\/2mppp.jpg\" \/>\n\t<meta property=\"og:image:width\" content=\"600\" \/>\n\t<meta property=\"og:image:height\" content=\"600\" \/>\n\t<meta property=\"og:image:type\" content=\"image\/jpeg\" \/>\n<meta name=\"twitter:card\" content=\"summary_large_image\" \/>\n<meta name=\"twitter:label1\" content=\"Gesch\u00e4tzte Lesezeit\" \/>\n\t<meta name=\"twitter:data1\" content=\"2\u00a0Minuten\" \/>\n<script type=\"application\/ld+json\" class=\"yoast-schema-graph\">{\"@context\":\"https:\\\/\\\/schema.org\",\"@graph\":[{\"@type\":\"WebPage\",\"@id\":\"https:\\\/\\\/medicinasinc.com\\\/de\\\/product\\\/2-mppp-online-kaufen\\\/\",\"url\":\"https:\\\/\\\/medicinasinc.com\\\/de\\\/product\\\/2-mppp-online-kaufen\\\/\",\"name\":\"Kaufen Sie 2-MPPP online - Best Best Global Meds\",\"isPartOf\":{\"@id\":\"https:\\\/\\\/medicinasinc.com\\\/de\\\/#website\"},\"primaryImageOfPage\":{\"@id\":\"https:\\\/\\\/medicinasinc.com\\\/de\\\/product\\\/2-mppp-online-kaufen\\\/#primaryimage\"},\"image\":{\"@id\":\"https:\\\/\\\/medicinasinc.com\\\/de\\\/product\\\/2-mppp-online-kaufen\\\/#primaryimage\"},\"thumbnailUrl\":\"https:\\\/\\\/medicinasinc.com\\\/de\\\/wp-content\\\/uploads\\\/sites\\\/6\\\/2022\\\/02\\\/2mppp.jpg\",\"datePublished\":\"2022-02-21T21:15:28+00:00\",\"dateModified\":\"2022-08-03T08:17:08+00:00\",\"description\":\"Kaufen Sie 2-MPPP online. Kaufen Sie 2-MPPP online bei Medicinasinc.com \u2013 2-Methyl-1-phenyl-3-(piperidin-1-yl)propan-1-on, 2mpp wei\u00dfes Kristallpulver zum Verkauf. Wir haben die beste Qualit\u00e4t und die besten Preise\",\"breadcrumb\":{\"@id\":\"https:\\\/\\\/medicinasinc.com\\\/de\\\/product\\\/2-mppp-online-kaufen\\\/#breadcrumb\"},\"inLanguage\":\"de\",\"potentialAction\":[{\"@type\":\"ReadAction\",\"target\":[\"https:\\\/\\\/medicinasinc.com\\\/de\\\/product\\\/2-mppp-online-kaufen\\\/\"]}]},{\"@type\":\"ImageObject\",\"inLanguage\":\"de\",\"@id\":\"https:\\\/\\\/medicinasinc.com\\\/de\\\/product\\\/2-mppp-online-kaufen\\\/#primaryimage\",\"url\":\"https:\\\/\\\/medicinasinc.com\\\/de\\\/wp-content\\\/uploads\\\/sites\\\/6\\\/2022\\\/02\\\/2mppp.jpg\",\"contentUrl\":\"https:\\\/\\\/medicinasinc.com\\\/de\\\/wp-content\\\/uploads\\\/sites\\\/6\\\/2022\\\/02\\\/2mppp.jpg\",\"width\":600,\"height\":600},{\"@type\":\"BreadcrumbList\",\"@id\":\"https:\\\/\\\/medicinasinc.com\\\/de\\\/product\\\/2-mppp-online-kaufen\\\/#breadcrumb\",\"itemListElement\":[{\"@type\":\"ListItem\",\"position\":1,\"name\":\"Einkaufen\",\"item\":\"https:\\\/\\\/medicinasinc.com\\\/de\\\/einkaufen\\\/\"},{\"@type\":\"ListItem\",\"position\":2,\"name\":\"Kaufen Sie 2-MPPP online\"}]},{\"@type\":\"WebSite\",\"@id\":\"https:\\\/\\\/medicinasinc.com\\\/de\\\/#website\",\"url\":\"https:\\\/\\\/medicinasinc.com\\\/de\\\/\",\"name\":\"Medicinas Inc\",\"description\":\"Health Medical Clinic\",\"potentialAction\":[{\"@type\":\"SearchAction\",\"target\":{\"@type\":\"EntryPoint\",\"urlTemplate\":\"https:\\\/\\\/medicinasinc.com\\\/de\\\/?s={search_term_string}\"},\"query-input\":{\"@type\":\"PropertyValueSpecification\",\"valueRequired\":true,\"valueName\":\"search_term_string\"}}],\"inLanguage\":\"de\"}]}<\/script>\n<!-- \/ Yoast SEO plugin. -->","yoast_head_json":{"title":"Kaufen Sie 2-MPPP online - Best Best Global Meds","description":"Kaufen Sie 2-MPPP online. Kaufen Sie 2-MPPP online bei Medicinasinc.com \u2013 2-Methyl-1-phenyl-3-(piperidin-1-yl)propan-1-on, 2mpp wei\u00dfes Kristallpulver zum Verkauf. Wir haben die beste Qualit\u00e4t und die besten Preise","robots":{"index":"index","follow":"follow","max-snippet":"max-snippet:-1","max-image-preview":"max-image-preview:large","max-video-preview":"max-video-preview:-1"},"canonical":"https:\/\/medicinasinc.com\/de\/product\/2-mppp-online-kaufen\/","og_locale":"de_DE","og_type":"article","og_title":"Kaufen Sie 2-MPPP online - Best Best Global Meds","og_description":"Kaufen Sie 2-MPPP online. Kaufen Sie 2-MPPP online bei Medicinasinc.com \u2013 2-Methyl-1-phenyl-3-(piperidin-1-yl)propan-1-on, 2mpp wei\u00dfes Kristallpulver zum Verkauf. Wir haben die beste Qualit\u00e4t und die besten Preise","og_url":"https:\/\/medicinasinc.com\/de\/product\/2-mppp-online-kaufen\/","og_site_name":"Medicinas Inc","article_modified_time":"2022-08-03T08:17:08+00:00","og_image":[{"width":600,"height":600,"url":"https:\/\/medicinasinc.com\/de\/wp-content\/uploads\/sites\/6\/2022\/02\/2mppp.jpg","type":"image\/jpeg"}],"twitter_card":"summary_large_image","twitter_misc":{"Gesch\u00e4tzte Lesezeit":"2\u00a0Minuten"},"schema":{"@context":"https:\/\/schema.org","@graph":[{"@type":"WebPage","@id":"https:\/\/medicinasinc.com\/de\/product\/2-mppp-online-kaufen\/","url":"https:\/\/medicinasinc.com\/de\/product\/2-mppp-online-kaufen\/","name":"Kaufen Sie 2-MPPP online - Best Best Global Meds","isPartOf":{"@id":"https:\/\/medicinasinc.com\/de\/#website"},"primaryImageOfPage":{"@id":"https:\/\/medicinasinc.com\/de\/product\/2-mppp-online-kaufen\/#primaryimage"},"image":{"@id":"https:\/\/medicinasinc.com\/de\/product\/2-mppp-online-kaufen\/#primaryimage"},"thumbnailUrl":"https:\/\/medicinasinc.com\/de\/wp-content\/uploads\/sites\/6\/2022\/02\/2mppp.jpg","datePublished":"2022-02-21T21:15:28+00:00","dateModified":"2022-08-03T08:17:08+00:00","description":"Kaufen Sie 2-MPPP online. Kaufen Sie 2-MPPP online bei Medicinasinc.com \u2013 2-Methyl-1-phenyl-3-(piperidin-1-yl)propan-1-on, 2mpp wei\u00dfes Kristallpulver zum Verkauf. Wir haben die beste Qualit\u00e4t und die besten Preise","breadcrumb":{"@id":"https:\/\/medicinasinc.com\/de\/product\/2-mppp-online-kaufen\/#breadcrumb"},"inLanguage":"de","potentialAction":[{"@type":"ReadAction","target":["https:\/\/medicinasinc.com\/de\/product\/2-mppp-online-kaufen\/"]}]},{"@type":"ImageObject","inLanguage":"de","@id":"https:\/\/medicinasinc.com\/de\/product\/2-mppp-online-kaufen\/#primaryimage","url":"https:\/\/medicinasinc.com\/de\/wp-content\/uploads\/sites\/6\/2022\/02\/2mppp.jpg","contentUrl":"https:\/\/medicinasinc.com\/de\/wp-content\/uploads\/sites\/6\/2022\/02\/2mppp.jpg","width":600,"height":600},{"@type":"BreadcrumbList","@id":"https:\/\/medicinasinc.com\/de\/product\/2-mppp-online-kaufen\/#breadcrumb","itemListElement":[{"@type":"ListItem","position":1,"name":"Einkaufen","item":"https:\/\/medicinasinc.com\/de\/einkaufen\/"},{"@type":"ListItem","position":2,"name":"Kaufen Sie 2-MPPP online"}]},{"@type":"WebSite","@id":"https:\/\/medicinasinc.com\/de\/#website","url":"https:\/\/medicinasinc.com\/de\/","name":"Medicinas Inc","description":"Health Medical Clinic","potentialAction":[{"@type":"SearchAction","target":{"@type":"EntryPoint","urlTemplate":"https:\/\/medicinasinc.com\/de\/?s={search_term_string}"},"query-input":{"@type":"PropertyValueSpecification","valueRequired":true,"valueName":"search_term_string"}}],"inLanguage":"de"}]}},"_links":{"self":[{"href":"https:\/\/medicinasinc.com\/de\/wp-json\/wp\/v2\/product\/5340","targetHints":{"allow":["GET"]}}],"collection":[{"href":"https:\/\/medicinasinc.com\/de\/wp-json\/wp\/v2\/product"}],"about":[{"href":"https:\/\/medicinasinc.com\/de\/wp-json\/wp\/v2\/types\/product"}],"replies":[{"embeddable":true,"href":"https:\/\/medicinasinc.com\/de\/wp-json\/wp\/v2\/comments?post=5340"}],"wp:featuredmedia":[{"embeddable":true,"href":"https:\/\/medicinasinc.com\/de\/wp-json\/wp\/v2\/media\/5350"}],"wp:attachment":[{"href":"https:\/\/medicinasinc.com\/de\/wp-json\/wp\/v2\/media?parent=5340"}],"wp:term":[{"taxonomy":"product_brand","embeddable":true,"href":"https:\/\/medicinasinc.com\/de\/wp-json\/wp\/v2\/product_brand?post=5340"},{"taxonomy":"product_cat","embeddable":true,"href":"https:\/\/medicinasinc.com\/de\/wp-json\/wp\/v2\/product_cat?post=5340"},{"taxonomy":"product_tag","embeddable":true,"href":"https:\/\/medicinasinc.com\/de\/wp-json\/wp\/v2\/product_tag?post=5340"}],"curies":[{"name":"wp","href":"https:\/\/api.w.org\/{rel}","templated":true}]}}