{"id":5332,"date":"2022-02-21T21:05:55","date_gmt":"2022-02-21T21:05:55","guid":{"rendered":"https:\/\/medicinasinc.com\/de\/?post_type=product&#038;p=5332"},"modified":"2022-03-18T00:24:32","modified_gmt":"2022-03-18T00:24:32","slug":"kaufen-2-fma-2-fluormethamphetamin-hydrochlorid","status":"publish","type":"product","link":"https:\/\/medicinasinc.com\/de\/product\/kaufen-2-fma-2-fluormethamphetamin-hydrochlorid\/","title":{"rendered":"2-FMA 2-Fluormethamphetamin (Hydrochlorid) kaufen"},"content":{"rendered":"<p><strong>Online-Kauf von 2-FMA Reinheitspulver<\/strong><\/p>\n<p>2-Fluoromethamphetamin (2-FMA) ist ein Stimulans aus derselben Familie wie Methamphetamin und 2-Fluoramphetamin. Trotz der Tatsache, dass nichts \u00fcber die physiologischen Wirkungen von Fluormethoxy-substituierten Amphetaminen bekannt ist, wurde 2-FMA als Bestandteil von Designer-Medikamenten gefunden, die als \u201elegal high\u201c-Ersatz f\u00fcr kontrollierte Substanzen vermarktet werden.<\/p>\n<p>Das Hydrochlorid dieser Verbindung Version wurde entwickelt, um als Standard f\u00fcr die forensische Untersuchung von Proben verwendet zu werden, die 2-FMA enthalten.<\/p>\n<div class=\"mb-5 row\">\n<div class=\"w-100 col\">\n<h5>Synonyme<\/h5>\n<div class=\"row\">\n<div class=\"col\">\n<div class=\"row\" data-attribute=\"synonyms\">\n<div class=\"text-lg-right vertikale Regel Produktinfo -links float-links pl-3 pr-2 pb-3 col-6 col-md-5 col-lg-4 col-xl-3\">Synonyme<\/div>\n<div class=\"float-right pl-3 text-xsm product-info-right col-6 col-md-7 col-lg-8 col-xl-9\">\n<ul class=\" p-0 mb-3 list-unstyled\">\n<li class=\"undefined text-lato-bold\"><span class=\"\">2-FMA<\/span><\/li>\n<\/ul><\/div><\/div><\/div><\/div><\/div><\/div>\n<div class=\"mb-5 row\">\n<div class=\"w-100 col\">\n<h5>Technische Informationen<\/h5>\n<div class=\"row\">\n<div class=\"col\">\n<div class=\"row\" data-attribute=\"formalName\">\n<div class=\"text-lg-right vertikale Regel Produktinfo-links float-links pl-3 pr- 2 pb-3 col-6 col-md-5 col-lg-4 col-xl-3\">Formaler Name<\/div>\n<div class=\"float-right pl-3 text-xsm product-info-right col -6 col-md-7 col-lg-8 col-xl-9\">2-Fluor-N-\u03b1-dimethyl-benzolethanamin, monohydrochlorid<\/div><\/div>\n<div class=\"row\" data-attribute=\"casNumber\">\n<div class=\"text-lg-right vertikale-regel produkt-info-links float-links pl-3 pr-2 pb-3 col-6 col-md-5 col-lg-4 col- xl-3\">CAS-Nummer<\/div>\n<div class=\"float-right pl-3 text-xsm product-info-right col-6 col-md-7 col-lg-8 col-xl-9\"> 1780004-19-4<\/div><\/div>\n<div class=\"row\" data-attribute=\"molecularFormula\">\n<div class=\"text-lg-right vertikale-regel produktinfo-links float-links pl -3 pr-2 pb-3 col-6 col-md-5 col-lg-4 col-xl-3\">Molek\u00fclformel<\/div>\n<div class=\"float-right pl-3 text-xsm product- info-right col-6 col-md-7 col-lg-8 col-xl-9\">C<sub><small>10<\/small><\/sub>H<sub><small>14<\/small><\/sub>FN \u2022 HCl<\/div><\/div>\n<div class=\"row\" data-attribute=\"formulaWeight\">\n<div class=\"text-lg-right Vertical-line product-info-left float-left pl-3 pr-2 pb-3 col-6 col-md-5 col-lg-4 col-xl-3\">Formelgewicht<\/div>\n<div class=\"float-right pl-3 text-xsm product -info-right col-6 col-md-7 col-lg-8 col-xl-9\">203.7<\/div><\/div>\n<div class=\"row\" data-attribute=\"purity\">\n<div class=\"text-lg-right vertikale-regel produkt-info-links float-links pl-3 pr-2 pb-3 col-6 col-md-5 col-lg-4 col-xl-3\">Reinheit<\/div>\n<div class=\"float-right pl-3 text-xsm product-info-right col-6 col-md-7 col-lg-8 col-xl-9\">\u226598%<\/div><\/div>\n<div class=\"row\" data-attribute=\"formulation\">\n<div class=\"text-lg-right vertical-rule product-info-left float-left pl-3 pr-2 pb-3 col- 6 col-md-5 col-lg-4 col-xl-3\">Formulierung<\/div>\n<div class=\"float-right pl-3 text-xsm product-info-right col-6 col-md-7 col-lg-8 col-xl-9\">Ein kristalliner Feststoff<\/div><\/div>\n<div class=\"row\" data-attribute=\"solubility\">\n<div class=\"text-lg-right vertical- Regel product-info-left float-left pl-3 pr-2 pb-3 col-6 col-md-5 col-lg-4 col-xl-3\">L\u00f6slichkeit(Erfahren Sie mehr \u00fcber Varianz in der L\u00f6slichkeit)<\/small><\/div>\n<div class=\"float-right pl-3 text-xsm product-info-right col-6 col-md-7 col-lg-8 col-xl-9\">\n<ul class=\" p-0 mb-3 list-unstyled\">\n<li class=\"undefined text-lato-bold\"><span class=\"\">DMF: 20 mg\/ml<\/span><\/li>\n<li class=\" undefined text-lato-bold\"><span class=\"\">DMSO: 20 mg\/ml<\/span><\/li>\n<li class=\"undefined text-lato-bold\"><span class=\"\">Ethanol : 30 mg\/ml<\/span><\/li>\n<li class=\"undefined text-lato-bold\"><span class=\"\">PBS (pH 7,2): 10 mg\/ml<\/span><\/li>\n<\/ul><\/div><\/div>\n<div class=\"row\" data-attribute=\"smiles\">\n<div class=\"text-lg-right vertikale-regel produkt-info-links float-links pl -3 pr-2 pb-3 col-6 col-md-5 col-lg-4 col-xl-3\">SMILES<\/div>\n<div class=\"float-right pl-3 text-xsm product-info -rechts col-6 col-md-7 col-lg-8 col- xl-9\">FC1=CC=CC=C1CC(C)NC.Cl<\/div><\/div>\n<div class=\"row\" data-attribute=\"inchi\">\n<div class=\"text-lg- rechts vertikale Linie Produktinfo-links Float-links pl-3 pr-2 pb-3 col-6 col-md-5 col-lg-4 col-xl-3\">InChi Code<\/div>\n<div class=\"float-right pl-3 text-xsm product-info-right col-6 col-md-7 col-lg-8 col-xl-9\">InChI=1S\/C10H14FN.ClH\/c1-8(12- 2)7-9-5-3-4-6-10(9)11;\/h3-6,8,12H,7H2,1-2H3;1H<\/div><\/div>\n<div class=\"row \" data-attribute=\"inchiKey\">\n<div class=\"text-lg-right vertikale-regel produkt-info-links float-links pl-3 pr-2 pb-3 col-6 col-md-5 col-lg -4 col-xl-3\">InChi Key<\/div>\n<div class=\"float-right pl-3 text-xsm product-info-right col-6 col-md-7 col-lg-8 col-xl -9\">GTSVNAIEHCXQPM-UHFFFAOYSA-N<\/div><\/div><\/div><\/div><\/div><\/div>\n<div class=\"row\">\n<div class=\"col\">\n<h5>Versand- und Lagerinformationen<\/h5>\n<div class=\"row\">\n<div class=\"col\">\n<div class=\"row\" data-attribute=\"storageTemp\">\n<div class=\"text-lg -rechts Vertikalregel Produktinfo-links Float-links pl-3 pr-2 pb-3 col-6 col-md-5 c ol-lg-4 col-xl-3\">Lagerung<\/div>\n<div class=\"float-right pl-3 text-xsm Produktinfo-right col-6 col-md-7 col-lg-8 col -xl-9\">-20\u00b0C<\/div><\/div>\n<div class=\"row\" data-attribute=\"address\">\n<div class=\"text-lg-right vertical-line product-info- left float-left pl-3 pr-2 pb-3 col-6 col-md-5 col-lg-4 col-xl-3\">Versand<\/div>\n<div class=\"float-right pl-3 text -xsm product-info-right col-6 col-md-7 col-lg-8 col-xl-9\">Room Temperature\u00a0in Continental US; kann an anderer Stelle abweichen<\/div><\/div>\n<div class=\"row\" data-attribute=\"stabilityDisplay\">\n<div class=\"text-lg-right vertical-rule product-info-left float-left pl-3 pr-2 pb-3 col-6 col-md-5 col-lg-4 col-xl-3\">Stabilit\u00e4t<\/div>\n<div class=\"float-right pl-3 text-xsm product-info-right col-6 col-md-7 col-lg-8 col-xl-9\">\u2265\u00a02 Jahre<\/div><\/div><\/div><\/div><\/div><\/div>\n<div class=\"produkt-n\u00e4chstes-vorheriges\">\n<div class=\"produkt-vorheriges\"><\/div><\/div>\n","protected":false},"excerpt":{"rendered":"<p>Kaufen Sie 2-FMA 2-Fluoromethamphetamin (Hydrochlorid) zum Verkauf als hochreines Pulver online. Gro\u00dfhandels-2-FMA-Pulver (99 %+ rein) \u2013 \u00c4hnlich wie Methamphetamin Empfohlene Dosierung 50\u201380 mg<\/p>\n<p>&nbsp;<\/p>\n","protected":false},"featured_media":5343,"comment_status":"open","ping_status":"closed","template":"","meta":[],"product_brand":[],"product_cat":[2014],"product_tag":[2023,2017,2018,2019,2022,2016,2020,2021,2015,2024,2025,2026],"class_list":{"0":"post-5332","1":"product","2":"type-product","3":"status-publish","4":"has-post-thumbnail","6":"product_cat-kaufen-forschungschemikalien","7":"product_tag-2-fma-gewichtsverlust","8":"product_tag-2-fma-legalitt-2-fma-pulver","9":"product_tag-2-fma-legality-usa","10":"product_tag-2-fma-pills","11":"product_tag-2-fma-usa","12":"product_tag-2-fma-legalitt","13":"product_tag-2-fma-pulver","14":"product_tag-2-fma-synthese","15":"product_tag-2-hsslich","16":"product_tag-4-fluoromethamphetamine","17":"product_tag-buy-2-fma","18":"product_tag-fluormethamphetamin-straenname","20":"first","21":"instock","22":"shipping-taxable","23":"purchasable","24":"product-type-variable","25":"has-default-attributes"},"yoast_head":"<!-- This site is optimized with the Yoast SEO plugin v27.3 - https:\/\/yoast.com\/product\/yoast-seo-wordpress\/ -->\n<title>Kaufen Sie 2-FMA 2-Fluormethamphetamin (Hydrochlorid) - Best Global Meds<\/title>\n<meta name=\"description\" content=\"Kaufen Sie 2-FMA 2-Fluoromethamphetamine (Hydrochlorid) zum Verkauf hochreines Pulver online. Gro\u00dfhandels-2-FMA-Pulver (99% + rein) \u2013 \u00c4hnlich wie Methamphetamin. Empfohlene Dosierung 50-80 mg\" \/>\n<meta name=\"robots\" content=\"index, follow, max-snippet:-1, max-image-preview:large, max-video-preview:-1\" \/>\n<link rel=\"canonical\" href=\"https:\/\/medicinasinc.com\/de\/product\/kaufen-2-fma-2-fluormethamphetamin-hydrochlorid\/\" \/>\n<meta property=\"og:locale\" content=\"de_DE\" \/>\n<meta property=\"og:type\" content=\"article\" \/>\n<meta property=\"og:title\" content=\"Kaufen Sie 2-FMA 2-Fluormethamphetamin (Hydrochlorid) - Best Global Meds\" \/>\n<meta property=\"og:description\" content=\"Kaufen Sie 2-FMA 2-Fluoromethamphetamine (Hydrochlorid) zum Verkauf hochreines Pulver online. Gro\u00dfhandels-2-FMA-Pulver (99% + rein) \u2013 \u00c4hnlich wie Methamphetamin. Empfohlene Dosierung 50-80 mg\" \/>\n<meta property=\"og:url\" content=\"https:\/\/medicinasinc.com\/de\/product\/kaufen-2-fma-2-fluormethamphetamin-hydrochlorid\/\" \/>\n<meta property=\"og:site_name\" content=\"Medicinas Inc\" \/>\n<meta property=\"article:modified_time\" content=\"2022-03-18T00:24:32+00:00\" \/>\n<meta property=\"og:image\" content=\"https:\/\/medicinasinc.com\/de\/wp-content\/uploads\/sites\/6\/2022\/02\/Buy-2-FMA.jpg\" \/>\n\t<meta property=\"og:image:width\" content=\"750\" \/>\n\t<meta property=\"og:image:height\" content=\"1000\" \/>\n\t<meta property=\"og:image:type\" content=\"image\/jpeg\" \/>\n<meta name=\"twitter:card\" content=\"summary_large_image\" \/>\n<meta name=\"twitter:label1\" content=\"Gesch\u00e4tzte Lesezeit\" \/>\n\t<meta name=\"twitter:data1\" content=\"1\u00a0Minute\" \/>\n<script type=\"application\/ld+json\" class=\"yoast-schema-graph\">{\"@context\":\"https:\\\/\\\/schema.org\",\"@graph\":[{\"@type\":\"WebPage\",\"@id\":\"https:\\\/\\\/medicinasinc.com\\\/de\\\/product\\\/kaufen-2-fma-2-fluormethamphetamin-hydrochlorid\\\/\",\"url\":\"https:\\\/\\\/medicinasinc.com\\\/de\\\/product\\\/kaufen-2-fma-2-fluormethamphetamin-hydrochlorid\\\/\",\"name\":\"Kaufen Sie 2-FMA 2-Fluormethamphetamin (Hydrochlorid) - Best Global Meds\",\"isPartOf\":{\"@id\":\"https:\\\/\\\/medicinasinc.com\\\/de\\\/#website\"},\"primaryImageOfPage\":{\"@id\":\"https:\\\/\\\/medicinasinc.com\\\/de\\\/product\\\/kaufen-2-fma-2-fluormethamphetamin-hydrochlorid\\\/#primaryimage\"},\"image\":{\"@id\":\"https:\\\/\\\/medicinasinc.com\\\/de\\\/product\\\/kaufen-2-fma-2-fluormethamphetamin-hydrochlorid\\\/#primaryimage\"},\"thumbnailUrl\":\"https:\\\/\\\/medicinasinc.com\\\/de\\\/wp-content\\\/uploads\\\/sites\\\/6\\\/2022\\\/02\\\/Buy-2-FMA.jpg\",\"datePublished\":\"2022-02-21T21:05:55+00:00\",\"dateModified\":\"2022-03-18T00:24:32+00:00\",\"description\":\"Kaufen Sie 2-FMA 2-Fluoromethamphetamine (Hydrochlorid) zum Verkauf hochreines Pulver online. Gro\u00dfhandels-2-FMA-Pulver (99% + rein) \u2013 \u00c4hnlich wie Methamphetamin. Empfohlene Dosierung 50-80 mg\",\"breadcrumb\":{\"@id\":\"https:\\\/\\\/medicinasinc.com\\\/de\\\/product\\\/kaufen-2-fma-2-fluormethamphetamin-hydrochlorid\\\/#breadcrumb\"},\"inLanguage\":\"de\",\"potentialAction\":[{\"@type\":\"ReadAction\",\"target\":[\"https:\\\/\\\/medicinasinc.com\\\/de\\\/product\\\/kaufen-2-fma-2-fluormethamphetamin-hydrochlorid\\\/\"]}]},{\"@type\":\"ImageObject\",\"inLanguage\":\"de\",\"@id\":\"https:\\\/\\\/medicinasinc.com\\\/de\\\/product\\\/kaufen-2-fma-2-fluormethamphetamin-hydrochlorid\\\/#primaryimage\",\"url\":\"https:\\\/\\\/medicinasinc.com\\\/de\\\/wp-content\\\/uploads\\\/sites\\\/6\\\/2022\\\/02\\\/Buy-2-FMA.jpg\",\"contentUrl\":\"https:\\\/\\\/medicinasinc.com\\\/de\\\/wp-content\\\/uploads\\\/sites\\\/6\\\/2022\\\/02\\\/Buy-2-FMA.jpg\",\"width\":750,\"height\":1000},{\"@type\":\"BreadcrumbList\",\"@id\":\"https:\\\/\\\/medicinasinc.com\\\/de\\\/product\\\/kaufen-2-fma-2-fluormethamphetamin-hydrochlorid\\\/#breadcrumb\",\"itemListElement\":[{\"@type\":\"ListItem\",\"position\":1,\"name\":\"Einkaufen\",\"item\":\"https:\\\/\\\/medicinasinc.com\\\/de\\\/einkaufen\\\/\"},{\"@type\":\"ListItem\",\"position\":2,\"name\":\"2-FMA 2-Fluormethamphetamin (Hydrochlorid) kaufen\"}]},{\"@type\":\"WebSite\",\"@id\":\"https:\\\/\\\/medicinasinc.com\\\/de\\\/#website\",\"url\":\"https:\\\/\\\/medicinasinc.com\\\/de\\\/\",\"name\":\"Medicinas Inc\",\"description\":\"Health Medical Clinic\",\"potentialAction\":[{\"@type\":\"SearchAction\",\"target\":{\"@type\":\"EntryPoint\",\"urlTemplate\":\"https:\\\/\\\/medicinasinc.com\\\/de\\\/?s={search_term_string}\"},\"query-input\":{\"@type\":\"PropertyValueSpecification\",\"valueRequired\":true,\"valueName\":\"search_term_string\"}}],\"inLanguage\":\"de\"}]}<\/script>\n<!-- \/ Yoast SEO plugin. -->","yoast_head_json":{"title":"Kaufen Sie 2-FMA 2-Fluormethamphetamin (Hydrochlorid) - Best Global Meds","description":"Kaufen Sie 2-FMA 2-Fluoromethamphetamine (Hydrochlorid) zum Verkauf hochreines Pulver online. Gro\u00dfhandels-2-FMA-Pulver (99% + rein) \u2013 \u00c4hnlich wie Methamphetamin. Empfohlene Dosierung 50-80 mg","robots":{"index":"index","follow":"follow","max-snippet":"max-snippet:-1","max-image-preview":"max-image-preview:large","max-video-preview":"max-video-preview:-1"},"canonical":"https:\/\/medicinasinc.com\/de\/product\/kaufen-2-fma-2-fluormethamphetamin-hydrochlorid\/","og_locale":"de_DE","og_type":"article","og_title":"Kaufen Sie 2-FMA 2-Fluormethamphetamin (Hydrochlorid) - Best Global Meds","og_description":"Kaufen Sie 2-FMA 2-Fluoromethamphetamine (Hydrochlorid) zum Verkauf hochreines Pulver online. Gro\u00dfhandels-2-FMA-Pulver (99% + rein) \u2013 \u00c4hnlich wie Methamphetamin. Empfohlene Dosierung 50-80 mg","og_url":"https:\/\/medicinasinc.com\/de\/product\/kaufen-2-fma-2-fluormethamphetamin-hydrochlorid\/","og_site_name":"Medicinas Inc","article_modified_time":"2022-03-18T00:24:32+00:00","og_image":[{"width":750,"height":1000,"url":"https:\/\/medicinasinc.com\/de\/wp-content\/uploads\/sites\/6\/2022\/02\/Buy-2-FMA.jpg","type":"image\/jpeg"}],"twitter_card":"summary_large_image","twitter_misc":{"Gesch\u00e4tzte Lesezeit":"1\u00a0Minute"},"schema":{"@context":"https:\/\/schema.org","@graph":[{"@type":"WebPage","@id":"https:\/\/medicinasinc.com\/de\/product\/kaufen-2-fma-2-fluormethamphetamin-hydrochlorid\/","url":"https:\/\/medicinasinc.com\/de\/product\/kaufen-2-fma-2-fluormethamphetamin-hydrochlorid\/","name":"Kaufen Sie 2-FMA 2-Fluormethamphetamin (Hydrochlorid) - Best Global Meds","isPartOf":{"@id":"https:\/\/medicinasinc.com\/de\/#website"},"primaryImageOfPage":{"@id":"https:\/\/medicinasinc.com\/de\/product\/kaufen-2-fma-2-fluormethamphetamin-hydrochlorid\/#primaryimage"},"image":{"@id":"https:\/\/medicinasinc.com\/de\/product\/kaufen-2-fma-2-fluormethamphetamin-hydrochlorid\/#primaryimage"},"thumbnailUrl":"https:\/\/medicinasinc.com\/de\/wp-content\/uploads\/sites\/6\/2022\/02\/Buy-2-FMA.jpg","datePublished":"2022-02-21T21:05:55+00:00","dateModified":"2022-03-18T00:24:32+00:00","description":"Kaufen Sie 2-FMA 2-Fluoromethamphetamine (Hydrochlorid) zum Verkauf hochreines Pulver online. Gro\u00dfhandels-2-FMA-Pulver (99% + rein) \u2013 \u00c4hnlich wie Methamphetamin. Empfohlene Dosierung 50-80 mg","breadcrumb":{"@id":"https:\/\/medicinasinc.com\/de\/product\/kaufen-2-fma-2-fluormethamphetamin-hydrochlorid\/#breadcrumb"},"inLanguage":"de","potentialAction":[{"@type":"ReadAction","target":["https:\/\/medicinasinc.com\/de\/product\/kaufen-2-fma-2-fluormethamphetamin-hydrochlorid\/"]}]},{"@type":"ImageObject","inLanguage":"de","@id":"https:\/\/medicinasinc.com\/de\/product\/kaufen-2-fma-2-fluormethamphetamin-hydrochlorid\/#primaryimage","url":"https:\/\/medicinasinc.com\/de\/wp-content\/uploads\/sites\/6\/2022\/02\/Buy-2-FMA.jpg","contentUrl":"https:\/\/medicinasinc.com\/de\/wp-content\/uploads\/sites\/6\/2022\/02\/Buy-2-FMA.jpg","width":750,"height":1000},{"@type":"BreadcrumbList","@id":"https:\/\/medicinasinc.com\/de\/product\/kaufen-2-fma-2-fluormethamphetamin-hydrochlorid\/#breadcrumb","itemListElement":[{"@type":"ListItem","position":1,"name":"Einkaufen","item":"https:\/\/medicinasinc.com\/de\/einkaufen\/"},{"@type":"ListItem","position":2,"name":"2-FMA 2-Fluormethamphetamin (Hydrochlorid) kaufen"}]},{"@type":"WebSite","@id":"https:\/\/medicinasinc.com\/de\/#website","url":"https:\/\/medicinasinc.com\/de\/","name":"Medicinas Inc","description":"Health Medical Clinic","potentialAction":[{"@type":"SearchAction","target":{"@type":"EntryPoint","urlTemplate":"https:\/\/medicinasinc.com\/de\/?s={search_term_string}"},"query-input":{"@type":"PropertyValueSpecification","valueRequired":true,"valueName":"search_term_string"}}],"inLanguage":"de"}]}},"_links":{"self":[{"href":"https:\/\/medicinasinc.com\/de\/wp-json\/wp\/v2\/product\/5332","targetHints":{"allow":["GET"]}}],"collection":[{"href":"https:\/\/medicinasinc.com\/de\/wp-json\/wp\/v2\/product"}],"about":[{"href":"https:\/\/medicinasinc.com\/de\/wp-json\/wp\/v2\/types\/product"}],"replies":[{"embeddable":true,"href":"https:\/\/medicinasinc.com\/de\/wp-json\/wp\/v2\/comments?post=5332"}],"wp:featuredmedia":[{"embeddable":true,"href":"https:\/\/medicinasinc.com\/de\/wp-json\/wp\/v2\/media\/5343"}],"wp:attachment":[{"href":"https:\/\/medicinasinc.com\/de\/wp-json\/wp\/v2\/media?parent=5332"}],"wp:term":[{"taxonomy":"product_brand","embeddable":true,"href":"https:\/\/medicinasinc.com\/de\/wp-json\/wp\/v2\/product_brand?post=5332"},{"taxonomy":"product_cat","embeddable":true,"href":"https:\/\/medicinasinc.com\/de\/wp-json\/wp\/v2\/product_cat?post=5332"},{"taxonomy":"product_tag","embeddable":true,"href":"https:\/\/medicinasinc.com\/de\/wp-json\/wp\/v2\/product_tag?post=5332"}],"curies":[{"name":"wp","href":"https:\/\/api.w.org\/{rel}","templated":true}]}}