{"id":5324,"date":"2022-02-21T20:59:08","date_gmt":"2022-02-21T20:59:08","guid":{"rendered":"https:\/\/medicinasinc.com\/de\/?post_type=product&#038;p=5324"},"modified":"2022-03-18T00:24:41","modified_gmt":"2022-03-18T00:24:41","slug":"kaufen-vicodin","status":"publish","type":"product","link":"https:\/\/medicinasinc.com\/de\/product\/kaufen-vicodin\/","title":{"rendered":"Kaufen Sie Vicodin"},"content":{"rendered":"<p>Online-Kauf von Vicodin-Hydrocodon-Pillen<\/p>\n<p>VICODIN\u00ae (Hydrocodon-Bitartrat und Acetaminophen-Tabletten, USP 5 mg\/300 mg): Eine oder zwei Tabletten alle vier bis sechs Stunden, je nach Bedarf f\u00fcr Schmerzen bei Erwachsenen. Die t\u00e4gliche H\u00f6chstdosis sollte acht Tabletten nicht \u00fcberschreiten.<\/p>\n<p>Online-Kauf von Vicodin-Hydrocodon-Pillen<br \/> Kaufen Sie Vicodin online<\/p>\n<p>Vicodin enth\u00e4lt eine Kombination aus Hydrocodon und Paracetamol. Hydrocodon ist ein Opioid-Schmerzmittel. H\u00e4ufig werden Opioide als Bet\u00e4ubungsmittel bezeichnet. Acetaminophen ist ein weniger starkes Analgetikum, das die Wirkung von Hydrocodon verst\u00e4rkt. Vicodin kann online gekauft werden und Vicodin ist auch online erh\u00e4ltlich. Vicodin-Pillen werden verwendet, um leichte bis mittelschwere Schmerzen zu behandeln. Vicodin kann auch f\u00fcr eine Verwendung enthalten sein, die nicht in diesem Arzneimittelleitfaden angegeben ist.<\/p>\n<p>Verwendung<\/p>\n<p>Das Kombinationsmedikament ist zur Behandlung leichter bis mittelschwerer Schmerzen vorgesehen. Dies gibt Schmerzlinderung \u00fcber Morphin (Hydrocodon) und Nicht-Opioid (Acetaminophen). Hydrocodone ver\u00e4ndert die Wahrnehmung und Reaktion Ihres K\u00f6rpers auf Schmerzen im Gehirn. Paracetamol kann auch helfen, die Schwere von Fieber zu reduzieren. Das Medikament ist f\u00fcr Kinder unter sechs Jahren aufgrund eines erh\u00f6hten Risikos von Nebenwirkungen (z. B. langsames und flaches Atmen) nicht zugelassen.<\/p>\n<p>Was ist der Zweck dieses Medikaments?<\/p>\n<p>Hydrocodon wird mit anderen Chemikalien kombiniert, und f\u00fcr verschiedene Indikationen werden zahlreiche Kombinationsmedikamente verabreicht. Bestimmte Hydrocodon-Kombinationsarzneimittel werden zur Behandlung leichter bis starker Schmerzen eingesetzt. Andere Medikamente, die eine Hydrocodon-Kombination enthalten, werden verwendet, um den Husten zu lindern. Hydrocodon ist ein Opioid (narkotisches) Schmerzmittel und eine Familie von Medikamenten, die als Antitussiva bekannt sind. Hydrocodon lindert Schmerzen, indem es die Reaktion des Gehirns und des Nervensystems auf Schmerzen ver\u00e4ndert. Hydrocodon lindert Husten, indem es die mit Husten verbundene Gehirnaktivit\u00e4t hemmt. Sie nehmen Hydrocodon zusammen mit mindestens einem anderen Medikament ein, die Monographie bietet jedoch nur Informationen \u00fcber Hydrocodon. Lesen Sie mehr \u00fcber die zus\u00e4tzlichen Substanzen in den Hydrocodon-Medikamenten, die Sie einnehmen.<\/p>\n<p>Wie verwenden?<\/p>\n<p>Hydrocodon-Kombinationsprodukte sind in folgenden Formen erh\u00e4ltlich: Pille, Gel, Paste, L\u00f6sung ( Kl\u00e4rung der Fl\u00fcssigkeit), Gel mit verl\u00e4ngerter Freisetzung (langwirkend) und Suspense-Suspension (fl\u00fcssig) mit Langzeitwirkung zur oralen Verabreichung. Die Tablette, Kapsel, Sirup oder L\u00f6sung kann je nach Bedarf alle 4 bis 6 Stunden eingenommen werden. Normalerweise werden alle 12 Stunden Kapseln mit verl\u00e4ngerter Freisetzung und Suspensionen mit verl\u00e4ngerter Freisetzung nach Bedarf eingenommen. Wenn Sie Hydrocodon regelm\u00e4\u00dfig einnehmen, sollte es jeden Tag zur gleichen Zeit eingenommen werden. Befolgen Sie die Anweisungen auf Ihrem Rezeptetikett sorgf\u00e4ltig und lassen Sie sich bei Bedarf von Ihrem Apotheker oder Arzt beraten. Sch\u00fctteln Sie die Depotsuspension vor Gebrauch gut, um sicherzustellen, dass sich die Substanz gleichm\u00e4\u00dfig verteilt. Es wird nicht empfohlen, die Suspension mit verl\u00e4ngerter Freisetzung mit anderen Substanzen oder Fl\u00fcssigkeiten wie Wasser zu kombinieren.<\/p>\n<p>Wenn Sie eine Hydrocodon-Kombination, einen Sirup oder eine Suspension mit verl\u00e4ngerter Freisetzung verwenden, verwenden Sie dazu keine Teetasse Messen Sie Ihre Dosis. Haushaltsteel\u00f6ffel sind keine genauen Messinstrumente, und wenn Sie Ihre Dosis mit einem Haushaltsteel\u00f6ffel testen, riskieren Sie, zu viele oder zu wenige Pillen einzunehmen. Verwenden Sie stattdessen ein gut definiertes Messger\u00e4t, wie z. B. eine Pipette, ein L\u00f6ffelmedikament oder eine orale Spritze.<\/p>\n<p>Dieses Kombinationsarzneimittel wird zur Behandlung von leichten bis schweren Schmerzen verwendet. Es umfasst ein Opioid-Analgetikum (Hydrocodon) sowie ein Nicht-Opioid-Analgetikum (Acetaminophen). Hydrocodon ver\u00e4ndert die Art und Weise, wie Ihr K\u00f6rper Schmerzen wahrnimmt und darauf reagiert, indem es auf das Gehirn einwirkt. Paracetamol kann auch bei der Fiebersenkung helfen.<\/p>\n<p>Dieses Produkt wird nicht f\u00fcr Kinder unter sechs Jahren empfohlen, da ein erh\u00f6htes Risiko schwerwiegender Nebenwirkungen (wie flache\/langsame Atmung) besteht.<\/p>\n<p>Ist Hydrocodon Vicodin?, Ist Hydrocodon Vicodin?, Ist Hydrocodon Vicodin?, Ist Hydrocodon Vicodin?, Ist Hydrocodon Vicodin?, Ist Hydrocodon Vicodin?, Ist Hydrocodon Vicodin?, Ist Hydrocodon Vicodin?, Ist Hydrocodon Vicodin? ist vicodin hydrocodon, ist vicodin hydrocodon, ist vicodin hydrocodon, ist vicodin hydrocodon, ist vicodin hydrocodon, ist vicodin hydrocodon, ist hydrocodon das gleiche wie vicodin, was ist der unterschied zwischen vicodin und hydrocodon, was ist der unterschied zwischen vicodin und hydrocodon, vicodin vs hydrocodone Sind Vicodin und Hydrocodon austauschbar? ist Hydrocodon \u00e4quivalent zu Vicodin oder Percocet? Ist Vicodin st\u00e4rker als Hydrocodon? Ist Hydrocodon und Vicodin dasselbe? Was ist der Unterschied zwischen Vicodin und Hydrocodon, Hydrocodon und Vicodin, Vicodin Hydrocodon, ist Hydrocodon dasselbe wie Vicodin, ist Vicodin dasselbe wie Hydrocodon, Hydrocodon oder Vicodin, Vicodin versus Hydrocodon, ist Hydrocodon Vicodin?<\/p>\n","protected":false},"excerpt":{"rendered":"<div class=\"woocommerce-product-details__short-description\">\n<p>Jede Vicodin-Tablette enth\u00e4lt 300 mg Acetaminophen und drei verschiedene Hydrocodon-Dosisstufen: 5 mg, 7,5 mg und 10 mg.<\/p>\n<p>Online Apotheke, wo Sie Vicodin-Hydrocodon-Tabletten kaufen k\u00f6nnen.<\/p>\n<p>Informieren Sie Ihren Arzt oder Apotheker vor der Einnahme dieses Arzneimittels, wenn Sie darauf allergisch sind; oder zu anderen Bet\u00e4ubungsmitteln (wie Morphin, Codein); oder zu anderen Medikamenten.<\/p>\n<\/p><\/div>\n","protected":false},"featured_media":5335,"comment_status":"open","ping_status":"closed","template":"","meta":[],"product_brand":[],"product_cat":[1117],"product_tag":[1916,1917,1918,1919,1920,1951,1921,1922,1926,1927,1928,1931,1932,1933,1934,1938,1939,1940,1941,1942,1943,1944,1925,1924,1945,1952,1946,1948,1947,1949,1950,1778,1954,1956,1955,1929,1957,1958,1960,1959,1961,1962,1963,1964,1965,1966,1967,1970,1971,1976,1977,1978,1975,1983,2001,2002,1787,1984,1985,1997,1986,1988,1982,1989,1990,1923,1991,1994,1995,1993,1953,1998,1999,1972,1973,1974,2000,2003,2004,2005,2007,1969,1981,2006,1987,1979,1980,1968,1992,1996,2013,2011,2012,2008,2009,2010,1937,1936,1935,1930],"class_list":{"0":"post-5324","1":"product","2":"type-product","3":"status-publish","4":"has-post-thumbnail","6":"product_cat-kaufen-sie-schmerz-schlaf-und-sexpillen","7":"product_tag-1p466-vicodin","8":"product_tag-20-mg-vicodin","9":"product_tag-2172-pille-vicodin","10":"product_tag-5-325-vicodin","11":"product_tag-5mg-vicodin","12":"product_tag-bilder-von-vicodin","13":"product_tag-buy-vicodin","14":"product_tag-buy-vicodin-from-canada","15":"product_tag-can-you-take-vicodin-and-ibuprofen-together","16":"product_tag-cwe-vicodin","17":"product_tag-darvocet-gegen-vicodin","18":"product_tag-erowid-vicodin","19":"product_tag-flexeril-und-vicodin","20":"product_tag-gabapentin-und-vicodin","21":"product_tag-generischer-name-fr-vicodin","22":"product_tag-how-long-does-vicodin-stay-in-your-system-for-a-drug-test","23":"product_tag-how-long-does-vicodin-take-to-work","24":"product_tag-hydrocodone-vicodin","25":"product_tag-ip-109-pille-vicodin","26":"product_tag-is-hydrocodone-vicodin","27":"product_tag-ist-percocet-strker-als-vicodin","28":"product_tag-ist-vicodin-ein-opioid","29":"product_tag-kannst-du-advil-mit-vicodin-nehmen","30":"product_tag-kaufen-vicodin-ber-nacht-lieferung","31":"product_tag-natrliches-vicodin","32":"product_tag-nebenwirkungen-von-vicodin","33":"product_tag-norco-5-325-vs-vicodin","34":"product_tag-norco-vs-vicodin","35":"product_tag-norco-vicodin","36":"product_tag-oxycodon-vs-vicodin","37":"product_tag-percocet-and-vicodin","38":"product_tag-percocet-vs-vicodin","39":"product_tag-symptome-von-vicodin-entzug","40":"product_tag-tramadol-vs-vicodin","41":"product_tag-tramadol-hcl-50mg-vs-vicodin","42":"product_tag-unterschied-zwischen-norco-und-vicodin","43":"product_tag-vicodin","44":"product_tag-vicodin-10","45":"product_tag-vicodin-10mg","46":"product_tag-vicodin-10-milligramm","47":"product_tag-vicodin-30-mg","48":"product_tag-vicodin-5","49":"product_tag-vicodin-5-300","50":"product_tag-vicodin-5-300-mg","51":"product_tag-vicodin-5-325-mg","52":"product_tag-vicodin-7-5","53":"product_tag-vicodin-750","54":"product_tag-vicodin-alternatives","55":"product_tag-vicodin-and-advil","56":"product_tag-vicodin-dosage-5-325","57":"product_tag-vicodin-dose","58":"product_tag-vicodin-doses","59":"product_tag-vicodin-dosierung","60":"product_tag-vicodin-for-migraines","61":"product_tag-vicodin-gegen-norco","62":"product_tag-vicodin-vs-oxycodon","63":"product_tag-vicodin-vs-percocet","64":"product_tag-vicodin-generic","65":"product_tag-vicodin-generic-name","66":"product_tag-vicodin-haltbarkeit","67":"product_tag-vicodin-high","68":"product_tag-vicodin-hp","69":"product_tag-vicodine","70":"product_tag-vicodin-mexiko","71":"product_tag-vicodin-online","72":"product_tag-kaufen-vicodin-online","73":"product_tag-vicodin-online-ber-nacht","74":"product_tag-vicodin-pill","75":"product_tag-vicodin-pills","76":"product_tag-vicodin-schmerztabletten","77":"product_tag-schnauben-vicodin","78":"product_tag-vicodin-side-effects","79":"product_tag-vicodin-strken","80":"product_tag-vicodin-und-alkohol","81":"product_tag-vicodin-und-oxycontin-sind-beispiele-fr","82":"product_tag-vicodin-und-xanax","83":"product_tag-vicodin-anwendungen","84":"product_tag-vicodin-vs-codein","85":"product_tag-vicodin-vs-tramadol","86":"product_tag-vicodin-vs-tylenol-3","87":"product_tag-vicodin-xanax","88":"product_tag-vicodin-alkohol","89":"product_tag-vicodin-effekte","90":"product_tag-vicodin-entzug","91":"product_tag-vicodin-haus","92":"product_tag-vicodin-medikament","93":"product_tag-vicodin-medikamente","94":"product_tag-vicodin-sucht","95":"product_tag-vicodin-berdosis","96":"product_tag-vicodin-zeitplan","97":"product_tag-was-ist-der-unterschied-zwischen-vicodin-und-percocet","98":"product_tag-was-ist-in-vicodin","99":"product_tag-was-ist-vicodin","100":"product_tag-what-does-a-vicodin-pill-look-like","101":"product_tag-what-does-vicodin-do","102":"product_tag-what-does-vicodin-look-like","103":"product_tag-wie-lange-bleibt-vicodin-in-ihrem-system","104":"product_tag-wie-lange-halt-vicodin","105":"product_tag-wie-buchstabiert-man-vicodin","106":"product_tag-wirkungen-von-vicodin","108":"first","109":"instock","110":"shipping-taxable","111":"purchasable","112":"product-type-variable","113":"has-default-attributes"},"yoast_head":"<!-- This site is optimized with the Yoast SEO plugin v27.3 - https:\/\/yoast.com\/product\/yoast-seo-wordpress\/ -->\n<title>Kaufen Sie Vicodin Hydrocodon-Pillen online - Best Global Meds<\/title>\n<meta name=\"description\" content=\"Kaufen Sie Vicodin Hydrocodon-Pillen online. Jede Vicodin-Tablette enth\u00e4lt 300\u00a0mg Acetaminophen und ist in drei verschiedenen Hydrocodon-Dosierungsstufen erh\u00e4ltlich: 5\u00a0mg, 7,5\u00a0mg und 10\u00a0mg.\" \/>\n<meta name=\"robots\" content=\"index, follow, max-snippet:-1, max-image-preview:large, max-video-preview:-1\" \/>\n<link rel=\"canonical\" href=\"https:\/\/medicinasinc.com\/de\/product\/kaufen-vicodin\/\" \/>\n<meta property=\"og:locale\" content=\"de_DE\" \/>\n<meta property=\"og:type\" content=\"article\" \/>\n<meta property=\"og:title\" content=\"Kaufen Sie Vicodin Hydrocodon-Pillen online - Best Global Meds\" \/>\n<meta property=\"og:description\" content=\"Kaufen Sie Vicodin Hydrocodon-Pillen online. Jede Vicodin-Tablette enth\u00e4lt 300\u00a0mg Acetaminophen und ist in drei verschiedenen Hydrocodon-Dosierungsstufen erh\u00e4ltlich: 5\u00a0mg, 7,5\u00a0mg und 10\u00a0mg.\" \/>\n<meta property=\"og:url\" content=\"https:\/\/medicinasinc.com\/de\/product\/kaufen-vicodin\/\" \/>\n<meta property=\"og:site_name\" content=\"Medicinas Inc\" \/>\n<meta property=\"article:modified_time\" content=\"2022-03-18T00:24:41+00:00\" \/>\n<meta property=\"og:image\" content=\"https:\/\/medicinasinc.com\/de\/wp-content\/uploads\/sites\/6\/2022\/02\/Buy-Vicodin.jpg\" \/>\n\t<meta property=\"og:image:width\" content=\"428\" \/>\n\t<meta property=\"og:image:height\" content=\"293\" \/>\n\t<meta property=\"og:image:type\" content=\"image\/jpeg\" \/>\n<meta name=\"twitter:card\" content=\"summary_large_image\" \/>\n<meta name=\"twitter:label1\" content=\"Gesch\u00e4tzte Lesezeit\" \/>\n\t<meta name=\"twitter:data1\" content=\"4\u00a0Minuten\" \/>\n<script type=\"application\/ld+json\" class=\"yoast-schema-graph\">{\"@context\":\"https:\\\/\\\/schema.org\",\"@graph\":[{\"@type\":\"WebPage\",\"@id\":\"https:\\\/\\\/medicinasinc.com\\\/de\\\/product\\\/kaufen-vicodin\\\/\",\"url\":\"https:\\\/\\\/medicinasinc.com\\\/de\\\/product\\\/kaufen-vicodin\\\/\",\"name\":\"Kaufen Sie Vicodin Hydrocodon-Pillen online - Best Global Meds\",\"isPartOf\":{\"@id\":\"https:\\\/\\\/medicinasinc.com\\\/de\\\/#website\"},\"primaryImageOfPage\":{\"@id\":\"https:\\\/\\\/medicinasinc.com\\\/de\\\/product\\\/kaufen-vicodin\\\/#primaryimage\"},\"image\":{\"@id\":\"https:\\\/\\\/medicinasinc.com\\\/de\\\/product\\\/kaufen-vicodin\\\/#primaryimage\"},\"thumbnailUrl\":\"https:\\\/\\\/medicinasinc.com\\\/de\\\/wp-content\\\/uploads\\\/sites\\\/6\\\/2022\\\/02\\\/Buy-Vicodin.jpg\",\"datePublished\":\"2022-02-21T20:59:08+00:00\",\"dateModified\":\"2022-03-18T00:24:41+00:00\",\"description\":\"Kaufen Sie Vicodin Hydrocodon-Pillen online. Jede Vicodin-Tablette enth\u00e4lt 300\u00a0mg Acetaminophen und ist in drei verschiedenen Hydrocodon-Dosierungsstufen erh\u00e4ltlich: 5\u00a0mg, 7,5\u00a0mg und 10\u00a0mg.\",\"breadcrumb\":{\"@id\":\"https:\\\/\\\/medicinasinc.com\\\/de\\\/product\\\/kaufen-vicodin\\\/#breadcrumb\"},\"inLanguage\":\"de\",\"potentialAction\":[{\"@type\":\"ReadAction\",\"target\":[\"https:\\\/\\\/medicinasinc.com\\\/de\\\/product\\\/kaufen-vicodin\\\/\"]}]},{\"@type\":\"ImageObject\",\"inLanguage\":\"de\",\"@id\":\"https:\\\/\\\/medicinasinc.com\\\/de\\\/product\\\/kaufen-vicodin\\\/#primaryimage\",\"url\":\"https:\\\/\\\/medicinasinc.com\\\/de\\\/wp-content\\\/uploads\\\/sites\\\/6\\\/2022\\\/02\\\/Buy-Vicodin.jpg\",\"contentUrl\":\"https:\\\/\\\/medicinasinc.com\\\/de\\\/wp-content\\\/uploads\\\/sites\\\/6\\\/2022\\\/02\\\/Buy-Vicodin.jpg\",\"width\":428,\"height\":293},{\"@type\":\"BreadcrumbList\",\"@id\":\"https:\\\/\\\/medicinasinc.com\\\/de\\\/product\\\/kaufen-vicodin\\\/#breadcrumb\",\"itemListElement\":[{\"@type\":\"ListItem\",\"position\":1,\"name\":\"Einkaufen\",\"item\":\"https:\\\/\\\/medicinasinc.com\\\/de\\\/einkaufen\\\/\"},{\"@type\":\"ListItem\",\"position\":2,\"name\":\"Kaufen Sie Vicodin\"}]},{\"@type\":\"WebSite\",\"@id\":\"https:\\\/\\\/medicinasinc.com\\\/de\\\/#website\",\"url\":\"https:\\\/\\\/medicinasinc.com\\\/de\\\/\",\"name\":\"Medicinas Inc\",\"description\":\"Health Medical Clinic\",\"potentialAction\":[{\"@type\":\"SearchAction\",\"target\":{\"@type\":\"EntryPoint\",\"urlTemplate\":\"https:\\\/\\\/medicinasinc.com\\\/de\\\/?s={search_term_string}\"},\"query-input\":{\"@type\":\"PropertyValueSpecification\",\"valueRequired\":true,\"valueName\":\"search_term_string\"}}],\"inLanguage\":\"de\"}]}<\/script>\n<!-- \/ Yoast SEO plugin. -->","yoast_head_json":{"title":"Kaufen Sie Vicodin Hydrocodon-Pillen online - Best Global Meds","description":"Kaufen Sie Vicodin Hydrocodon-Pillen online. Jede Vicodin-Tablette enth\u00e4lt 300\u00a0mg Acetaminophen und ist in drei verschiedenen Hydrocodon-Dosierungsstufen erh\u00e4ltlich: 5\u00a0mg, 7,5\u00a0mg und 10\u00a0mg.","robots":{"index":"index","follow":"follow","max-snippet":"max-snippet:-1","max-image-preview":"max-image-preview:large","max-video-preview":"max-video-preview:-1"},"canonical":"https:\/\/medicinasinc.com\/de\/product\/kaufen-vicodin\/","og_locale":"de_DE","og_type":"article","og_title":"Kaufen Sie Vicodin Hydrocodon-Pillen online - Best Global Meds","og_description":"Kaufen Sie Vicodin Hydrocodon-Pillen online. Jede Vicodin-Tablette enth\u00e4lt 300\u00a0mg Acetaminophen und ist in drei verschiedenen Hydrocodon-Dosierungsstufen erh\u00e4ltlich: 5\u00a0mg, 7,5\u00a0mg und 10\u00a0mg.","og_url":"https:\/\/medicinasinc.com\/de\/product\/kaufen-vicodin\/","og_site_name":"Medicinas Inc","article_modified_time":"2022-03-18T00:24:41+00:00","og_image":[{"width":428,"height":293,"url":"https:\/\/medicinasinc.com\/de\/wp-content\/uploads\/sites\/6\/2022\/02\/Buy-Vicodin.jpg","type":"image\/jpeg"}],"twitter_card":"summary_large_image","twitter_misc":{"Gesch\u00e4tzte Lesezeit":"4\u00a0Minuten"},"schema":{"@context":"https:\/\/schema.org","@graph":[{"@type":"WebPage","@id":"https:\/\/medicinasinc.com\/de\/product\/kaufen-vicodin\/","url":"https:\/\/medicinasinc.com\/de\/product\/kaufen-vicodin\/","name":"Kaufen Sie Vicodin Hydrocodon-Pillen online - Best Global Meds","isPartOf":{"@id":"https:\/\/medicinasinc.com\/de\/#website"},"primaryImageOfPage":{"@id":"https:\/\/medicinasinc.com\/de\/product\/kaufen-vicodin\/#primaryimage"},"image":{"@id":"https:\/\/medicinasinc.com\/de\/product\/kaufen-vicodin\/#primaryimage"},"thumbnailUrl":"https:\/\/medicinasinc.com\/de\/wp-content\/uploads\/sites\/6\/2022\/02\/Buy-Vicodin.jpg","datePublished":"2022-02-21T20:59:08+00:00","dateModified":"2022-03-18T00:24:41+00:00","description":"Kaufen Sie Vicodin Hydrocodon-Pillen online. Jede Vicodin-Tablette enth\u00e4lt 300\u00a0mg Acetaminophen und ist in drei verschiedenen Hydrocodon-Dosierungsstufen erh\u00e4ltlich: 5\u00a0mg, 7,5\u00a0mg und 10\u00a0mg.","breadcrumb":{"@id":"https:\/\/medicinasinc.com\/de\/product\/kaufen-vicodin\/#breadcrumb"},"inLanguage":"de","potentialAction":[{"@type":"ReadAction","target":["https:\/\/medicinasinc.com\/de\/product\/kaufen-vicodin\/"]}]},{"@type":"ImageObject","inLanguage":"de","@id":"https:\/\/medicinasinc.com\/de\/product\/kaufen-vicodin\/#primaryimage","url":"https:\/\/medicinasinc.com\/de\/wp-content\/uploads\/sites\/6\/2022\/02\/Buy-Vicodin.jpg","contentUrl":"https:\/\/medicinasinc.com\/de\/wp-content\/uploads\/sites\/6\/2022\/02\/Buy-Vicodin.jpg","width":428,"height":293},{"@type":"BreadcrumbList","@id":"https:\/\/medicinasinc.com\/de\/product\/kaufen-vicodin\/#breadcrumb","itemListElement":[{"@type":"ListItem","position":1,"name":"Einkaufen","item":"https:\/\/medicinasinc.com\/de\/einkaufen\/"},{"@type":"ListItem","position":2,"name":"Kaufen Sie Vicodin"}]},{"@type":"WebSite","@id":"https:\/\/medicinasinc.com\/de\/#website","url":"https:\/\/medicinasinc.com\/de\/","name":"Medicinas Inc","description":"Health Medical Clinic","potentialAction":[{"@type":"SearchAction","target":{"@type":"EntryPoint","urlTemplate":"https:\/\/medicinasinc.com\/de\/?s={search_term_string}"},"query-input":{"@type":"PropertyValueSpecification","valueRequired":true,"valueName":"search_term_string"}}],"inLanguage":"de"}]}},"_links":{"self":[{"href":"https:\/\/medicinasinc.com\/de\/wp-json\/wp\/v2\/product\/5324","targetHints":{"allow":["GET"]}}],"collection":[{"href":"https:\/\/medicinasinc.com\/de\/wp-json\/wp\/v2\/product"}],"about":[{"href":"https:\/\/medicinasinc.com\/de\/wp-json\/wp\/v2\/types\/product"}],"replies":[{"embeddable":true,"href":"https:\/\/medicinasinc.com\/de\/wp-json\/wp\/v2\/comments?post=5324"}],"wp:featuredmedia":[{"embeddable":true,"href":"https:\/\/medicinasinc.com\/de\/wp-json\/wp\/v2\/media\/5335"}],"wp:attachment":[{"href":"https:\/\/medicinasinc.com\/de\/wp-json\/wp\/v2\/media?parent=5324"}],"wp:term":[{"taxonomy":"product_brand","embeddable":true,"href":"https:\/\/medicinasinc.com\/de\/wp-json\/wp\/v2\/product_brand?post=5324"},{"taxonomy":"product_cat","embeddable":true,"href":"https:\/\/medicinasinc.com\/de\/wp-json\/wp\/v2\/product_cat?post=5324"},{"taxonomy":"product_tag","embeddable":true,"href":"https:\/\/medicinasinc.com\/de\/wp-json\/wp\/v2\/product_tag?post=5324"}],"curies":[{"name":"wp","href":"https:\/\/api.w.org\/{rel}","templated":true}]}}