{"id":5323,"date":"2022-02-21T20:57:56","date_gmt":"2022-02-21T20:57:56","guid":{"rendered":"https:\/\/medicinasinc.com\/de\/?post_type=product&#038;p=5323"},"modified":"2022-03-18T00:24:55","modified_gmt":"2022-03-18T00:24:55","slug":"kaufen-ultram-tramadol-200-mg","status":"publish","type":"product","link":"https:\/\/medicinasinc.com\/de\/product\/kaufen-ultram-tramadol-200-mg\/","title":{"rendered":"Kaufen Sie Ultram Tramadol 200 mg"},"content":{"rendered":"<p>200 mg Tramadol<\/p>\n<p>Tramadol ist ein wirklich einzigartiges Muskelrelaxans mit einer milden Mu-Opioid-Wirkung (im Vergleich zu anderen Opioiden) und einer milden monoaminergen Wirkung (im Vergleich zu trizyklischen Antidepressiva). Tramadol hat im Vergleich zu trizyklischen Antidepressiva und Antiepileptika ein tolerierbares Nebenwirkungsprofil.<\/p>\n<p>Toleranz und Vertrauen sind ungew\u00f6hnliche medizinische Folgen, obwohl sie existieren. Die Aktivit\u00e4t von Tramadol ist nicht auf Neuropathie beschr\u00e4nkt; es verringert auch unangenehme (nozizeptive) Empfindungen, was es zu einer der vier Schmerzarten macht.<\/p>\n<p>Beschreibung:<\/p>\n<p>Tramadol ist nichts f\u00fcr schwache Nerven, da es ein starker Psychoaktivstoff ist Substanz. Die schmerzlindernde Wirkung tritt nach 15-30 Minuten ein und h\u00e4lt 6 Stunden an. Es kann auch mit Paracetamol verwendet werden. Tramadol ist ein Beruhigungsmittel.<\/p>\n<p>Tramadol muss als \u00e4u\u00dferst wirksames Medikament genau nach Vorschrift eingenommen werden. Die Festlegung der Behandlungsdauer obliegt letztlich dem Arzt. Der Konsum illegaler Drogen kann schwerwiegende, sogar t\u00f6dliche Folgen haben. W\u00e4hrend der Tramadol-Therapie sollten Sie Autofahren oder andere Aufgaben vermeiden, die ein hohes Ma\u00df an Konzentration erfordern.<\/p>\n<p>Aufgrund der Tatsache, dass Tramadol ein Opioid-Agonist ist, hat es das Potenzial, sowohl geistige als auch k\u00f6rperliche zu erregen Abh\u00e4ngigkeit. Die Internationale Konvention stuft diese Chemikalie als Bet\u00e4ubungsmittel ein. Aus diesem Grund ist es nur auf \u00e4rztliche Verschreibung erh\u00e4ltlich. Nicht-Opioid-Schmerzmittel werden nur verschrieben, wenn Nicht-Opioid-Medikamente unwirksam sind.<\/p>\n<p>Medikamente:<\/p>\n<p>Nehmen Sie Tramadol oral ein, wie es Ihr Arzt verschreibt, oft alle 4 bis 6 Stunden nach Bedarf. Tramadol kann sicher mit oder ohne Nahrung eingenommen werden. Wenn bei Ihnen \u00dcbelkeit auftritt, kann Tramadol, das zusammen mit Nahrung eingenommen wird, helfen. Weitere Ma\u00dfnahmen zur Linderung der \u00dcbelkeit k\u00f6nnen mit Ihrem Arzt oder Apotheker besprochen werden (z. B. Liegen f\u00fcr 1 bis 2 Stunden mit so wenig Kopfbewegung wie m\u00f6glich). Auf unserer Website k\u00f6nnen Sie Tramadol 200 mg online kaufen.<\/p>\n<p>Die Dosis richtet sich nach Ihrem Gesundheitszustand und Ihrer Reaktion auf die Behandlung. Um das Risiko unerw\u00fcnschter Wirkungen zu minimieren, kann Ihr Arzt Ihnen empfehlen, mit einer niedrigen Tramadol-Dosis zu beginnen und diese schrittweise zu erh\u00f6hen. Befolgen Sie die Anweisungen Ihres Arztes. Die h\u00f6chste empfohlene Tagesdosis betr\u00e4gt 400 mg. Die empfohlene H\u00f6chstdosis f\u00fcr Personen \u00fcber 75 Jahren betr\u00e4gt 300 mg pro Tag. Erh\u00f6hen Sie Ihre Tramadol-Dosierung nicht, verwenden Sie es nicht h\u00e4ufiger oder \u00fcber einen l\u00e4ngeren Zeitraum als vorgeschrieben. Wenn Tramadol verschrieben wird, sollte es sofort abgesetzt werden.<\/p>\n<p>Es wird empfohlen, dass billiges Tramadol online \u00e4u\u00dferst vorsichtig bei Personen verwendet wird, die opioidabh\u00e4ngig sind; diejenigen, die aus einem unbekannten Grund eine Gehirnverletzung, einen Schock oder einen verminderten Bewusstseinsgrad erlitten haben; und<\/p>\n<p>zus\u00e4tzlich zu Atemzentrums- oder Atemfunktionsst\u00f6rungen<\/p>\n<p>eine entsprechende Erh\u00f6hung des intrakraniellen Drucks (ICP).<br \/>Fehlfunktion des Nieren- und Lebersystems<\/p>\n<p>Tramadolhydrochlorid sollte bei Opiat-empfindlichen Personen mit Vorsicht eingenommen werden.<\/p>\n","protected":false},"excerpt":{"rendered":"<p>Online-Apotheke zum Kauf von Ultram Tramadol 200 mg Tabletten<\/p>\n<p>Tramadol Ultram Online kaufen.<\/p>\n<p>Bestellen Sie Tramadol Cod Overnight. G\u00fcnstige Tramadol-Lieferung \u00fcber Nacht<\/p>\n<p>Erfahren Sie, wo Sie Tramadol online ohne Rezept zum g\u00fcnstigsten Preis bestellen k\u00f6nnen. &#8230; Tabletten sind in den folgenden St\u00e4rken erh\u00e4ltlich: 50 mg, 100 mg, 150 mg und 200 mg.<\/p>\n<div class=\"product-next- previous\">\n<div class=\"product-prev\"><\/div>\n<\/p><\/div>\n","protected":false},"featured_media":5333,"comment_status":"open","ping_status":"closed","template":"","meta":[],"product_brand":[],"product_cat":[1117],"product_tag":[1904,1905,1906,1907,1908,1909,1911,1913,1910,1912,1915,1914],"class_list":{"0":"post-5323","1":"product","2":"type-product","3":"status-publish","4":"has-post-thumbnail","6":"product_cat-kaufen-sie-schmerz-schlaf-und-sexpillen","7":"product_tag-buy-tramadol-in-florida","8":"product_tag-buy-tramadol-online-cheap","9":"product_tag-buy-tramadol-online-overnight","10":"product_tag-cheap-tramadol-without-a-prescription","11":"product_tag-cheap-ultram-no-prescription","12":"product_tag-generic-ultram-er","13":"product_tag-tramadol-hcl-50mg-verwendet","14":"product_tag-tramadol-side-effects-dogs","15":"product_tag-nacht-tramadol","16":"product_tag-tramadol-hydrochlorid-paracetamol","17":"product_tag-ultram-er-200","18":"product_tag-ultram-arzneimittel-wechselwirkungen","20":"first","21":"instock","22":"shipping-taxable","23":"purchasable","24":"product-type-variable","25":"has-default-attributes"},"yoast_head":"<!-- This site is optimized with the Yoast SEO plugin v27.3 - https:\/\/yoast.com\/product\/yoast-seo-wordpress\/ -->\n<title>Kaufen Sie Ultram Tramadol 200 mg Tabletten online - Best Global Meds<\/title>\n<meta name=\"description\" content=\"Kaufen Sie Tramadol Ultram 200 mg online. Bestellen Sie Tramadol\u00a0Overnight Cod. Details:\u00a0G\u00fcnstiges Tramadol\u00a0Online-Lieferung \u00fcber Nacht\" \/>\n<meta name=\"robots\" content=\"index, follow, max-snippet:-1, max-image-preview:large, max-video-preview:-1\" \/>\n<link rel=\"canonical\" href=\"https:\/\/medicinasinc.com\/de\/product\/kaufen-ultram-tramadol-200-mg\/\" \/>\n<meta property=\"og:locale\" content=\"de_DE\" \/>\n<meta property=\"og:type\" content=\"article\" \/>\n<meta property=\"og:title\" content=\"Kaufen Sie Ultram Tramadol 200 mg Tabletten online - Best Global Meds\" \/>\n<meta property=\"og:description\" content=\"Kaufen Sie Tramadol Ultram 200 mg online. Bestellen Sie Tramadol\u00a0Overnight Cod. Details:\u00a0G\u00fcnstiges Tramadol\u00a0Online-Lieferung \u00fcber Nacht\" \/>\n<meta property=\"og:url\" content=\"https:\/\/medicinasinc.com\/de\/product\/kaufen-ultram-tramadol-200-mg\/\" \/>\n<meta property=\"og:site_name\" content=\"Medicinas Inc\" \/>\n<meta property=\"article:modified_time\" content=\"2022-03-18T00:24:55+00:00\" \/>\n<meta property=\"og:image\" content=\"https:\/\/medicinasinc.com\/de\/wp-content\/uploads\/sites\/6\/2022\/02\/Buy-Ultram-Tramadol-200mg.jpg\" \/>\n\t<meta property=\"og:image:width\" content=\"300\" \/>\n\t<meta property=\"og:image:height\" content=\"225\" \/>\n\t<meta property=\"og:image:type\" content=\"image\/jpeg\" \/>\n<meta name=\"twitter:card\" content=\"summary_large_image\" \/>\n<meta name=\"twitter:label1\" content=\"Gesch\u00e4tzte Lesezeit\" \/>\n\t<meta name=\"twitter:data1\" content=\"2\u00a0Minuten\" \/>\n<script type=\"application\/ld+json\" class=\"yoast-schema-graph\">{\"@context\":\"https:\\\/\\\/schema.org\",\"@graph\":[{\"@type\":\"WebPage\",\"@id\":\"https:\\\/\\\/medicinasinc.com\\\/de\\\/product\\\/kaufen-ultram-tramadol-200-mg\\\/\",\"url\":\"https:\\\/\\\/medicinasinc.com\\\/de\\\/product\\\/kaufen-ultram-tramadol-200-mg\\\/\",\"name\":\"Kaufen Sie Ultram Tramadol 200 mg Tabletten online - Best Global Meds\",\"isPartOf\":{\"@id\":\"https:\\\/\\\/medicinasinc.com\\\/de\\\/#website\"},\"primaryImageOfPage\":{\"@id\":\"https:\\\/\\\/medicinasinc.com\\\/de\\\/product\\\/kaufen-ultram-tramadol-200-mg\\\/#primaryimage\"},\"image\":{\"@id\":\"https:\\\/\\\/medicinasinc.com\\\/de\\\/product\\\/kaufen-ultram-tramadol-200-mg\\\/#primaryimage\"},\"thumbnailUrl\":\"https:\\\/\\\/medicinasinc.com\\\/de\\\/wp-content\\\/uploads\\\/sites\\\/6\\\/2022\\\/02\\\/Buy-Ultram-Tramadol-200mg.jpg\",\"datePublished\":\"2022-02-21T20:57:56+00:00\",\"dateModified\":\"2022-03-18T00:24:55+00:00\",\"description\":\"Kaufen Sie Tramadol Ultram 200 mg online. Bestellen Sie Tramadol\u00a0Overnight Cod. Details:\u00a0G\u00fcnstiges Tramadol\u00a0Online-Lieferung \u00fcber Nacht\",\"breadcrumb\":{\"@id\":\"https:\\\/\\\/medicinasinc.com\\\/de\\\/product\\\/kaufen-ultram-tramadol-200-mg\\\/#breadcrumb\"},\"inLanguage\":\"de\",\"potentialAction\":[{\"@type\":\"ReadAction\",\"target\":[\"https:\\\/\\\/medicinasinc.com\\\/de\\\/product\\\/kaufen-ultram-tramadol-200-mg\\\/\"]}]},{\"@type\":\"ImageObject\",\"inLanguage\":\"de\",\"@id\":\"https:\\\/\\\/medicinasinc.com\\\/de\\\/product\\\/kaufen-ultram-tramadol-200-mg\\\/#primaryimage\",\"url\":\"https:\\\/\\\/medicinasinc.com\\\/de\\\/wp-content\\\/uploads\\\/sites\\\/6\\\/2022\\\/02\\\/Buy-Ultram-Tramadol-200mg.jpg\",\"contentUrl\":\"https:\\\/\\\/medicinasinc.com\\\/de\\\/wp-content\\\/uploads\\\/sites\\\/6\\\/2022\\\/02\\\/Buy-Ultram-Tramadol-200mg.jpg\",\"width\":300,\"height\":225},{\"@type\":\"BreadcrumbList\",\"@id\":\"https:\\\/\\\/medicinasinc.com\\\/de\\\/product\\\/kaufen-ultram-tramadol-200-mg\\\/#breadcrumb\",\"itemListElement\":[{\"@type\":\"ListItem\",\"position\":1,\"name\":\"Einkaufen\",\"item\":\"https:\\\/\\\/medicinasinc.com\\\/de\\\/einkaufen\\\/\"},{\"@type\":\"ListItem\",\"position\":2,\"name\":\"Kaufen Sie Ultram Tramadol 200 mg\"}]},{\"@type\":\"WebSite\",\"@id\":\"https:\\\/\\\/medicinasinc.com\\\/de\\\/#website\",\"url\":\"https:\\\/\\\/medicinasinc.com\\\/de\\\/\",\"name\":\"Medicinas Inc\",\"description\":\"Health Medical Clinic\",\"potentialAction\":[{\"@type\":\"SearchAction\",\"target\":{\"@type\":\"EntryPoint\",\"urlTemplate\":\"https:\\\/\\\/medicinasinc.com\\\/de\\\/?s={search_term_string}\"},\"query-input\":{\"@type\":\"PropertyValueSpecification\",\"valueRequired\":true,\"valueName\":\"search_term_string\"}}],\"inLanguage\":\"de\"}]}<\/script>\n<!-- \/ Yoast SEO plugin. -->","yoast_head_json":{"title":"Kaufen Sie Ultram Tramadol 200 mg Tabletten online - Best Global Meds","description":"Kaufen Sie Tramadol Ultram 200 mg online. Bestellen Sie Tramadol\u00a0Overnight Cod. Details:\u00a0G\u00fcnstiges Tramadol\u00a0Online-Lieferung \u00fcber Nacht","robots":{"index":"index","follow":"follow","max-snippet":"max-snippet:-1","max-image-preview":"max-image-preview:large","max-video-preview":"max-video-preview:-1"},"canonical":"https:\/\/medicinasinc.com\/de\/product\/kaufen-ultram-tramadol-200-mg\/","og_locale":"de_DE","og_type":"article","og_title":"Kaufen Sie Ultram Tramadol 200 mg Tabletten online - Best Global Meds","og_description":"Kaufen Sie Tramadol Ultram 200 mg online. Bestellen Sie Tramadol\u00a0Overnight Cod. Details:\u00a0G\u00fcnstiges Tramadol\u00a0Online-Lieferung \u00fcber Nacht","og_url":"https:\/\/medicinasinc.com\/de\/product\/kaufen-ultram-tramadol-200-mg\/","og_site_name":"Medicinas Inc","article_modified_time":"2022-03-18T00:24:55+00:00","og_image":[{"width":300,"height":225,"url":"https:\/\/medicinasinc.com\/de\/wp-content\/uploads\/sites\/6\/2022\/02\/Buy-Ultram-Tramadol-200mg.jpg","type":"image\/jpeg"}],"twitter_card":"summary_large_image","twitter_misc":{"Gesch\u00e4tzte Lesezeit":"2\u00a0Minuten"},"schema":{"@context":"https:\/\/schema.org","@graph":[{"@type":"WebPage","@id":"https:\/\/medicinasinc.com\/de\/product\/kaufen-ultram-tramadol-200-mg\/","url":"https:\/\/medicinasinc.com\/de\/product\/kaufen-ultram-tramadol-200-mg\/","name":"Kaufen Sie Ultram Tramadol 200 mg Tabletten online - Best Global Meds","isPartOf":{"@id":"https:\/\/medicinasinc.com\/de\/#website"},"primaryImageOfPage":{"@id":"https:\/\/medicinasinc.com\/de\/product\/kaufen-ultram-tramadol-200-mg\/#primaryimage"},"image":{"@id":"https:\/\/medicinasinc.com\/de\/product\/kaufen-ultram-tramadol-200-mg\/#primaryimage"},"thumbnailUrl":"https:\/\/medicinasinc.com\/de\/wp-content\/uploads\/sites\/6\/2022\/02\/Buy-Ultram-Tramadol-200mg.jpg","datePublished":"2022-02-21T20:57:56+00:00","dateModified":"2022-03-18T00:24:55+00:00","description":"Kaufen Sie Tramadol Ultram 200 mg online. Bestellen Sie Tramadol\u00a0Overnight Cod. Details:\u00a0G\u00fcnstiges Tramadol\u00a0Online-Lieferung \u00fcber Nacht","breadcrumb":{"@id":"https:\/\/medicinasinc.com\/de\/product\/kaufen-ultram-tramadol-200-mg\/#breadcrumb"},"inLanguage":"de","potentialAction":[{"@type":"ReadAction","target":["https:\/\/medicinasinc.com\/de\/product\/kaufen-ultram-tramadol-200-mg\/"]}]},{"@type":"ImageObject","inLanguage":"de","@id":"https:\/\/medicinasinc.com\/de\/product\/kaufen-ultram-tramadol-200-mg\/#primaryimage","url":"https:\/\/medicinasinc.com\/de\/wp-content\/uploads\/sites\/6\/2022\/02\/Buy-Ultram-Tramadol-200mg.jpg","contentUrl":"https:\/\/medicinasinc.com\/de\/wp-content\/uploads\/sites\/6\/2022\/02\/Buy-Ultram-Tramadol-200mg.jpg","width":300,"height":225},{"@type":"BreadcrumbList","@id":"https:\/\/medicinasinc.com\/de\/product\/kaufen-ultram-tramadol-200-mg\/#breadcrumb","itemListElement":[{"@type":"ListItem","position":1,"name":"Einkaufen","item":"https:\/\/medicinasinc.com\/de\/einkaufen\/"},{"@type":"ListItem","position":2,"name":"Kaufen Sie Ultram Tramadol 200 mg"}]},{"@type":"WebSite","@id":"https:\/\/medicinasinc.com\/de\/#website","url":"https:\/\/medicinasinc.com\/de\/","name":"Medicinas Inc","description":"Health Medical Clinic","potentialAction":[{"@type":"SearchAction","target":{"@type":"EntryPoint","urlTemplate":"https:\/\/medicinasinc.com\/de\/?s={search_term_string}"},"query-input":{"@type":"PropertyValueSpecification","valueRequired":true,"valueName":"search_term_string"}}],"inLanguage":"de"}]}},"_links":{"self":[{"href":"https:\/\/medicinasinc.com\/de\/wp-json\/wp\/v2\/product\/5323","targetHints":{"allow":["GET"]}}],"collection":[{"href":"https:\/\/medicinasinc.com\/de\/wp-json\/wp\/v2\/product"}],"about":[{"href":"https:\/\/medicinasinc.com\/de\/wp-json\/wp\/v2\/types\/product"}],"replies":[{"embeddable":true,"href":"https:\/\/medicinasinc.com\/de\/wp-json\/wp\/v2\/comments?post=5323"}],"wp:featuredmedia":[{"embeddable":true,"href":"https:\/\/medicinasinc.com\/de\/wp-json\/wp\/v2\/media\/5333"}],"wp:attachment":[{"href":"https:\/\/medicinasinc.com\/de\/wp-json\/wp\/v2\/media?parent=5323"}],"wp:term":[{"taxonomy":"product_brand","embeddable":true,"href":"https:\/\/medicinasinc.com\/de\/wp-json\/wp\/v2\/product_brand?post=5323"},{"taxonomy":"product_cat","embeddable":true,"href":"https:\/\/medicinasinc.com\/de\/wp-json\/wp\/v2\/product_cat?post=5323"},{"taxonomy":"product_tag","embeddable":true,"href":"https:\/\/medicinasinc.com\/de\/wp-json\/wp\/v2\/product_tag?post=5323"}],"curies":[{"name":"wp","href":"https:\/\/api.w.org\/{rel}","templated":true}]}}