{"id":5322,"date":"2022-02-21T20:57:13","date_gmt":"2022-02-21T20:57:13","guid":{"rendered":"https:\/\/medicinasinc.com\/de\/?post_type=product&#038;p=5322"},"modified":"2022-03-18T00:25:06","modified_gmt":"2022-03-18T00:25:06","slug":"tramadol-100mg","status":"publish","type":"product","link":"https:\/\/medicinasinc.com\/de\/product\/tramadol-100mg\/","title":{"rendered":"Tramadol 100 mg"},"content":{"rendered":"<p>Tramadol 100 mg bei starken Schmerzen<\/p>\n<p>Bestimmte Verletzungen brauchen Jahre, um zu heilen, w\u00e4hrend dieser Zeit muss das Opfer Beschwerden ertragen. Die mit der Verletzung verbundenen Schmerzen k\u00f6nnen je nach Tiefe und Gr\u00f6\u00dfe der Wunde von leicht bis stark reichen. Der stechende Schmerz kann jedoch gelegentlich den normalen Tagesablauf der Person st\u00f6ren. In solchen F\u00e4llen m\u00fcssen die Menschen einen Weg zum \u00dcberleben finden. Sie k\u00f6nnen das beabsichtigte \u00dcberleben erreichen, indem sie einen Teil der Schmerzen lindern. Sie k\u00f6nnen Tramadol 100 mg online aus einer Vielzahl von Quellen kaufen, um eine sofortige Schmerzlinderung zu erzielen.<\/p>\n<p>Tramadol 100 mg ist wirksam<\/p>\n<p>Kaufen Sie Tramadol 100 mg online, um Schmerzen zu lindern und es ihnen zu erm\u00f6glichen, weiterzumachen ihre Routine. Tramadol wirkt jedoch anders als die anderen Medikamente. Die prim\u00e4re Funktion der Tablette ist die Schmerzlinderung, nicht die Heilung der Verletzung. Die Tabletten wirken auf die Schmerznerven des Gehirns. Es bet\u00e4ubt die Venen und beugt Schmerzen vor. Infolgedessen wird ihnen die Taubheit helfen, den Tag zu \u00fcberleben, ohne ihre normale Routine zu beeintr\u00e4chtigen.<\/p>\n<p>Schwere Nebenwirkungen<\/p>\n<p>Schmerzbet\u00e4ubung tritt im Gehirn auf, und die Tabletten ver\u00e4ndern den Weg das Gehirn funktioniert, was zu einer Vielzahl von Schwierigkeiten f\u00fchrt. Schwere Nebenwirkungen sind Taubheit im Gehirn, vor\u00fcbergehender Ged\u00e4chtnisverlust und andere St\u00f6rungen dieser Art. Schwindel und andere Schwierigkeiten treten h\u00e4ufig auf. Daher muss die individuelle Dosis der Tabletten angepasst werden, um schwere Nebenwirkungen zu vermeiden.<\/p>\n<p>Die empfohlene Tagesdosis der Tablette liegt zwischen 50 und 300 mg und sollte nur verwendet werden einmal am Tag. Sie k\u00f6nnen Tramadol online von einer Vielzahl von Websites erhalten, aber die Einnahme sollte auf der Empfehlung eines Arztes beruhen. Der Rat des Arztes ist entscheidend, um nachteilige Folgen zu vermeiden.<\/p>\n","protected":false},"excerpt":{"rendered":"<div class=\"woocommerce-product-details__short-description\">\n<p>Tramadol SR 100 mg Tabletten k\u00f6nnen online gekauft werden. Kaufen Sie Tramadol Online Tramal SR 100 mg ohne Rezept zu einem Preis, der 80\u00a0% unter dem liegt, den Sie in einer US-Apotheke bezahlen w\u00fcrden.<\/p>\n<\/p><\/div>\n","protected":false},"featured_media":5331,"comment_status":"open","ping_status":"closed","template":"","meta":[],"product_brand":[],"product_cat":[1117],"product_tag":[],"class_list":{"0":"post-5322","1":"product","2":"type-product","3":"status-publish","4":"has-post-thumbnail","6":"product_cat-kaufen-sie-schmerz-schlaf-und-sexpillen","8":"first","9":"instock","10":"shipping-taxable","11":"purchasable","12":"product-type-variable","13":"has-default-attributes"},"yoast_head":"<!-- This site is optimized with the Yoast SEO plugin v27.3 - https:\/\/yoast.com\/product\/yoast-seo-wordpress\/ -->\n<title>Kaufen Sie Tramal SR 100 mg Tabletten online - Best Best Global Meds<\/title>\n<meta name=\"description\" content=\"Kaufen Sie Tramal SR 100 mg Tabletten online. Kaufen Sie Tramadol Online Tramal SR 100mg ohne Rezept zu 80% g\u00fcnstiger als in US-Apotheken.\" \/>\n<meta name=\"robots\" content=\"index, follow, max-snippet:-1, max-image-preview:large, max-video-preview:-1\" \/>\n<link rel=\"canonical\" href=\"https:\/\/medicinasinc.com\/de\/product\/tramadol-100mg\/\" \/>\n<meta property=\"og:locale\" content=\"de_DE\" \/>\n<meta property=\"og:type\" content=\"article\" \/>\n<meta property=\"og:title\" content=\"Kaufen Sie Tramal SR 100 mg Tabletten online - Best Best Global Meds\" \/>\n<meta property=\"og:description\" content=\"Kaufen Sie Tramal SR 100 mg Tabletten online. Kaufen Sie Tramadol Online Tramal SR 100mg ohne Rezept zu 80% g\u00fcnstiger als in US-Apotheken.\" \/>\n<meta property=\"og:url\" content=\"https:\/\/medicinasinc.com\/de\/product\/tramadol-100mg\/\" \/>\n<meta property=\"og:site_name\" content=\"Medicinas Inc\" \/>\n<meta property=\"article:modified_time\" content=\"2022-03-18T00:25:06+00:00\" \/>\n<meta property=\"og:image\" content=\"https:\/\/medicinasinc.com\/de\/wp-content\/uploads\/sites\/6\/2022\/02\/Tramadol-100mg-1.jpg\" \/>\n\t<meta property=\"og:image:width\" content=\"600\" \/>\n\t<meta property=\"og:image:height\" content=\"358\" \/>\n\t<meta property=\"og:image:type\" content=\"image\/jpeg\" \/>\n<meta name=\"twitter:card\" content=\"summary_large_image\" \/>\n<meta name=\"twitter:label1\" content=\"Gesch\u00e4tzte Lesezeit\" \/>\n\t<meta name=\"twitter:data1\" content=\"2\u00a0Minuten\" \/>\n<script type=\"application\/ld+json\" class=\"yoast-schema-graph\">{\"@context\":\"https:\\\/\\\/schema.org\",\"@graph\":[{\"@type\":\"WebPage\",\"@id\":\"https:\\\/\\\/medicinasinc.com\\\/de\\\/product\\\/tramadol-100mg\\\/\",\"url\":\"https:\\\/\\\/medicinasinc.com\\\/de\\\/product\\\/tramadol-100mg\\\/\",\"name\":\"Kaufen Sie Tramal SR 100 mg Tabletten online - Best Best Global Meds\",\"isPartOf\":{\"@id\":\"https:\\\/\\\/medicinasinc.com\\\/de\\\/#website\"},\"primaryImageOfPage\":{\"@id\":\"https:\\\/\\\/medicinasinc.com\\\/de\\\/product\\\/tramadol-100mg\\\/#primaryimage\"},\"image\":{\"@id\":\"https:\\\/\\\/medicinasinc.com\\\/de\\\/product\\\/tramadol-100mg\\\/#primaryimage\"},\"thumbnailUrl\":\"https:\\\/\\\/medicinasinc.com\\\/de\\\/wp-content\\\/uploads\\\/sites\\\/6\\\/2022\\\/02\\\/Tramadol-100mg-1.jpg\",\"datePublished\":\"2022-02-21T20:57:13+00:00\",\"dateModified\":\"2022-03-18T00:25:06+00:00\",\"description\":\"Kaufen Sie Tramal SR 100 mg Tabletten online. Kaufen Sie Tramadol Online Tramal SR 100mg ohne Rezept zu 80% g\u00fcnstiger als in US-Apotheken.\",\"breadcrumb\":{\"@id\":\"https:\\\/\\\/medicinasinc.com\\\/de\\\/product\\\/tramadol-100mg\\\/#breadcrumb\"},\"inLanguage\":\"de\",\"potentialAction\":[{\"@type\":\"ReadAction\",\"target\":[\"https:\\\/\\\/medicinasinc.com\\\/de\\\/product\\\/tramadol-100mg\\\/\"]}]},{\"@type\":\"ImageObject\",\"inLanguage\":\"de\",\"@id\":\"https:\\\/\\\/medicinasinc.com\\\/de\\\/product\\\/tramadol-100mg\\\/#primaryimage\",\"url\":\"https:\\\/\\\/medicinasinc.com\\\/de\\\/wp-content\\\/uploads\\\/sites\\\/6\\\/2022\\\/02\\\/Tramadol-100mg-1.jpg\",\"contentUrl\":\"https:\\\/\\\/medicinasinc.com\\\/de\\\/wp-content\\\/uploads\\\/sites\\\/6\\\/2022\\\/02\\\/Tramadol-100mg-1.jpg\",\"width\":600,\"height\":358},{\"@type\":\"BreadcrumbList\",\"@id\":\"https:\\\/\\\/medicinasinc.com\\\/de\\\/product\\\/tramadol-100mg\\\/#breadcrumb\",\"itemListElement\":[{\"@type\":\"ListItem\",\"position\":1,\"name\":\"Einkaufen\",\"item\":\"https:\\\/\\\/medicinasinc.com\\\/de\\\/einkaufen\\\/\"},{\"@type\":\"ListItem\",\"position\":2,\"name\":\"Tramadol 100 mg\"}]},{\"@type\":\"WebSite\",\"@id\":\"https:\\\/\\\/medicinasinc.com\\\/de\\\/#website\",\"url\":\"https:\\\/\\\/medicinasinc.com\\\/de\\\/\",\"name\":\"Medicinas Inc\",\"description\":\"Health Medical Clinic\",\"potentialAction\":[{\"@type\":\"SearchAction\",\"target\":{\"@type\":\"EntryPoint\",\"urlTemplate\":\"https:\\\/\\\/medicinasinc.com\\\/de\\\/?s={search_term_string}\"},\"query-input\":{\"@type\":\"PropertyValueSpecification\",\"valueRequired\":true,\"valueName\":\"search_term_string\"}}],\"inLanguage\":\"de\"}]}<\/script>\n<!-- \/ Yoast SEO plugin. -->","yoast_head_json":{"title":"Kaufen Sie Tramal SR 100 mg Tabletten online - Best Best Global Meds","description":"Kaufen Sie Tramal SR 100 mg Tabletten online. Kaufen Sie Tramadol Online Tramal SR 100mg ohne Rezept zu 80% g\u00fcnstiger als in US-Apotheken.","robots":{"index":"index","follow":"follow","max-snippet":"max-snippet:-1","max-image-preview":"max-image-preview:large","max-video-preview":"max-video-preview:-1"},"canonical":"https:\/\/medicinasinc.com\/de\/product\/tramadol-100mg\/","og_locale":"de_DE","og_type":"article","og_title":"Kaufen Sie Tramal SR 100 mg Tabletten online - Best Best Global Meds","og_description":"Kaufen Sie Tramal SR 100 mg Tabletten online. Kaufen Sie Tramadol Online Tramal SR 100mg ohne Rezept zu 80% g\u00fcnstiger als in US-Apotheken.","og_url":"https:\/\/medicinasinc.com\/de\/product\/tramadol-100mg\/","og_site_name":"Medicinas Inc","article_modified_time":"2022-03-18T00:25:06+00:00","og_image":[{"width":600,"height":358,"url":"https:\/\/medicinasinc.com\/de\/wp-content\/uploads\/sites\/6\/2022\/02\/Tramadol-100mg-1.jpg","type":"image\/jpeg"}],"twitter_card":"summary_large_image","twitter_misc":{"Gesch\u00e4tzte Lesezeit":"2\u00a0Minuten"},"schema":{"@context":"https:\/\/schema.org","@graph":[{"@type":"WebPage","@id":"https:\/\/medicinasinc.com\/de\/product\/tramadol-100mg\/","url":"https:\/\/medicinasinc.com\/de\/product\/tramadol-100mg\/","name":"Kaufen Sie Tramal SR 100 mg Tabletten online - Best Best Global Meds","isPartOf":{"@id":"https:\/\/medicinasinc.com\/de\/#website"},"primaryImageOfPage":{"@id":"https:\/\/medicinasinc.com\/de\/product\/tramadol-100mg\/#primaryimage"},"image":{"@id":"https:\/\/medicinasinc.com\/de\/product\/tramadol-100mg\/#primaryimage"},"thumbnailUrl":"https:\/\/medicinasinc.com\/de\/wp-content\/uploads\/sites\/6\/2022\/02\/Tramadol-100mg-1.jpg","datePublished":"2022-02-21T20:57:13+00:00","dateModified":"2022-03-18T00:25:06+00:00","description":"Kaufen Sie Tramal SR 100 mg Tabletten online. Kaufen Sie Tramadol Online Tramal SR 100mg ohne Rezept zu 80% g\u00fcnstiger als in US-Apotheken.","breadcrumb":{"@id":"https:\/\/medicinasinc.com\/de\/product\/tramadol-100mg\/#breadcrumb"},"inLanguage":"de","potentialAction":[{"@type":"ReadAction","target":["https:\/\/medicinasinc.com\/de\/product\/tramadol-100mg\/"]}]},{"@type":"ImageObject","inLanguage":"de","@id":"https:\/\/medicinasinc.com\/de\/product\/tramadol-100mg\/#primaryimage","url":"https:\/\/medicinasinc.com\/de\/wp-content\/uploads\/sites\/6\/2022\/02\/Tramadol-100mg-1.jpg","contentUrl":"https:\/\/medicinasinc.com\/de\/wp-content\/uploads\/sites\/6\/2022\/02\/Tramadol-100mg-1.jpg","width":600,"height":358},{"@type":"BreadcrumbList","@id":"https:\/\/medicinasinc.com\/de\/product\/tramadol-100mg\/#breadcrumb","itemListElement":[{"@type":"ListItem","position":1,"name":"Einkaufen","item":"https:\/\/medicinasinc.com\/de\/einkaufen\/"},{"@type":"ListItem","position":2,"name":"Tramadol 100 mg"}]},{"@type":"WebSite","@id":"https:\/\/medicinasinc.com\/de\/#website","url":"https:\/\/medicinasinc.com\/de\/","name":"Medicinas Inc","description":"Health Medical Clinic","potentialAction":[{"@type":"SearchAction","target":{"@type":"EntryPoint","urlTemplate":"https:\/\/medicinasinc.com\/de\/?s={search_term_string}"},"query-input":{"@type":"PropertyValueSpecification","valueRequired":true,"valueName":"search_term_string"}}],"inLanguage":"de"}]}},"_links":{"self":[{"href":"https:\/\/medicinasinc.com\/de\/wp-json\/wp\/v2\/product\/5322","targetHints":{"allow":["GET"]}}],"collection":[{"href":"https:\/\/medicinasinc.com\/de\/wp-json\/wp\/v2\/product"}],"about":[{"href":"https:\/\/medicinasinc.com\/de\/wp-json\/wp\/v2\/types\/product"}],"replies":[{"embeddable":true,"href":"https:\/\/medicinasinc.com\/de\/wp-json\/wp\/v2\/comments?post=5322"}],"wp:featuredmedia":[{"embeddable":true,"href":"https:\/\/medicinasinc.com\/de\/wp-json\/wp\/v2\/media\/5331"}],"wp:attachment":[{"href":"https:\/\/medicinasinc.com\/de\/wp-json\/wp\/v2\/media?parent=5322"}],"wp:term":[{"taxonomy":"product_brand","embeddable":true,"href":"https:\/\/medicinasinc.com\/de\/wp-json\/wp\/v2\/product_brand?post=5322"},{"taxonomy":"product_cat","embeddable":true,"href":"https:\/\/medicinasinc.com\/de\/wp-json\/wp\/v2\/product_cat?post=5322"},{"taxonomy":"product_tag","embeddable":true,"href":"https:\/\/medicinasinc.com\/de\/wp-json\/wp\/v2\/product_tag?post=5322"}],"curies":[{"name":"wp","href":"https:\/\/api.w.org\/{rel}","templated":true}]}}