{"id":5310,"date":"2022-02-21T18:38:01","date_gmt":"2022-02-21T18:38:01","guid":{"rendered":"https:\/\/medicinasinc.com\/de\/?post_type=product&#038;p=5310"},"modified":"2022-08-03T09:01:59","modified_gmt":"2022-08-03T09:01:59","slug":"kaufen-roxicodone-30-mg","status":"publish","type":"product","link":"https:\/\/medicinasinc.com\/de\/product\/kaufen-roxicodone-30-mg\/","title":{"rendered":"Kaufen Sie Roxicodon 30 mg"},"content":{"rendered":"<p>Online-Kauf von Roxicodone 30 mg Tabletten<\/p>\n<p>ROXICODONE (Oxycodon-HCl) Tabletten sind f\u00fcr die Behandlung von m\u00e4\u00dfigen bis starken Schmerzen bestimmt, die ein Opioid-Analgetikum erfordern und f\u00fcr die Nicht-Opioid-Alternativen unwirksam sind.<\/p>\n<p>Anwendungsbeschr\u00e4nkungen<\/p>\n<p>Aufgrund der Gefahren der Opioidabh\u00e4ngigkeit, des Missbrauchs und des Missbrauchs, selbst bei zugelassenen Dosen, sollte ROXICODONE f\u00fcr Patienten reserviert werden, die auf alternative Behandlungsoptionen (z. B. Nicht-Opioid-Analgetika) nicht ansprechen oder Opioid-Kombinationsprodukte):<\/p>\n<p>wurden nicht vertragen und werden wahrscheinlich nicht zugelassen werden<br \/>\nhaben keine angemessene Analgesie verabreicht oder werden wahrscheinlich keine angemessene Analgesie verabreichen<\/p>\n<p>Dieses Material ist nur f\u00fcr medizinisches Fachpersonal in den Vereinigten Staaten von Amerika bestimmt.<br \/>\nVollst\u00e4ndige Verschreibungsinformationen f\u00fcr die Vereinigten Staaten, einschlie\u00dflich eines umrahmten Warnhinweises.<\/p>\n<p>Medikamentenf\u00fchrer<\/p>\n<div class=\"product -n\u00e4chste-vorherige\">\n<div class=\"product-prev\">\n<div class=\"contraindication\">\n<div class=\"contraindica tion\">\n<div class=\"contraindication\">\n<div class=\"contraindication\">\n<div class=\"contraindication\">\n<div class=\"contraindication\">\n<div class=\"contraindication\">\n<h2><b>WICHTIG SICHERHEITSINFORMATIONEN<\/b><\/h2>\n<div class=\"scroll-wrapper scrolling-table scrollbar-chrome\">\n<div class=\"scrolling-table scrollbar-chrome scroll-content\">\n<table border=\"1\">\n<tbody>\n<tr>\n<td valign=\"top\" width=\"623\">\n<ul>\n<li>WARNUNG: S\u00dcCHTIGKEIT, MISSBRAUCH UND MISSBRAUCH; RISIKOBEWERTUNG UND -MITIGUNGSSTRATEGIE (REMS); LEBENSBEDROHENDE ATEMDEPRESSION; VERSEHENTLICHES VERSCHLUCKEN; OPIOID-ENTZUGSSYNDROM VON NEONATALEN; WECHSELWIRKUNG MIT ZYTOCHROM P450 3A4; und RISIKEN DURCH GLEICHZEITIGE ANWENDUNG MIT BENStoffmissbrauch, Missbrauch und MissbrauchROXICODONE setzt Patienten und andere Benutzer den Gefahren der Opioidabh\u00e4ngigkeit, des Missbrauchs und des Missbrauchs aus, die alle zum Tod durch \u00dcberdosierung f\u00fchren k\u00f6nnen. Bewerten Sie vor der Verabreichung von ROXICODONE das Risiko jedes Patienten und \u00fcberwachen Sie alle Patienten regelm\u00e4\u00dfig auf die Entwicklung bestimmter Verhaltensweisen und Zust\u00e4nde.Risikobewertungs- und Minderungsstrategie f\u00fcr Opioid-Analgetika (REMS)\n<p>Das Essen and Drug Administration (FDA) verlangt ein REMS f\u00fcr Opioid-Analgetika, um zu \u00fcberpr\u00fcfen, ob der Nutzen die Gefahren von Sucht, Missbrauch und Missbrauch \u00fcberwiegt. Pharmazeutische Unternehmen, die Opioid-Analgetika zugelassen haben, m\u00fcssen Gesundheitsdienstleistern REMS-konforme Schulungsprogramme zur Verf\u00fcgung stellen. Gesundheitsdienstleistern wird dringend empfohlen: \u2022 ein REMS-konformes Ausbildungsprogramm zu absolvieren; \u2022 Patienten und\/oder Betreuer bei jeder Verschreibung \u00fcber die sichere Anwendung, ernsthafte Risiken, Lagerung und Entsorgung dieser Produkte beraten; \u2022 gegen\u00fcber Patienten und Pflegekr\u00e4ften darauf hinweisen, wie wichtig es ist, den Medikationsleitfaden jedes Mal zu lesen, wenn er von ihrem Apotheker ausgeh\u00e4ndigt wird; und \u2022 Ziehen Sie zus\u00e4tzliche Instrumente in Betracht, um die Sicherheit von Patienten, Haushalten und der Gemeinschaft zu verbessern.<\/p>\n<p>Lebensbedrohliche Atemdepression<\/p>\n<p>ROXICODONE kann schwere, lebensbedrohliche oder t\u00f6dliche Atemdepression verursachen. Achten Sie auf Atemdepression, besonders wenn Sie mit ROXICODONE beginnen oder die Dosis erh\u00f6hen.<\/p>\n<p>Versehentliche Einnahme<\/p>\n<p>Die versehentliche Einnahme von ROXICODONE, insbesondere bei Jugendlichen, kann zu einer t\u00f6dlichen ROXICODONE-\u00dcberdosierung f\u00fchren.<\/p>\n<p>Opioid-Entzugssyndrom bei Neugeborenen<\/p>\n<p>Eine l\u00e4ngere Anwendung von ROXICODONE w\u00e4hrend der Schwangerschaft kann zu einem Opioid-Entzugssyndrom bei Neugeborenen f\u00fchren, das t\u00f6dlich sein kann, wenn es nicht sofort diagnostiziert und behandelt wird, und eine Therapie entsprechend der Neonatologie erfordert -spezifische Verfahren. Wenn bei einer schwangeren Frau eine l\u00e4ngere Opioidanwendung erforderlich ist, informieren Sie sie \u00fcber die Gefahr eines neonatalen Opioid-Entzugssyndroms und stellen Sie sicher, dass eine geeignete Therapie verf\u00fcgbar ist.<\/p>\n<p>Wechselwirkung mit Cytochrome P450 3A4<\/p>\n<p>Gleichzeitige Anwendung von ROXICODONE und allen Cytochrom P450 3A4-Inhibitoren kann zu einem Anstieg der Oxycodonkonzentrationen im Plasma f\u00fchren, was unangenehme Reaktionen verschlimmern oder verl\u00e4ngern und zu einer potenziell t\u00f6dlichen Atemdepression f\u00fchren kann. Dar\u00fcber hinaus kann das Absetzen eines gleichzeitig verwendeten Cytochrom P450 3A4-Induktors zu einem Anstieg der Induktoren f\u00fchren die Plasmaspiegel von Oxycodon. Patienten, die ROXICODONE und einen CYP3A4-Hemmer oder -Induktor erhalten, sollten engmaschig \u00fcberwacht werden.<\/p>\n<p>Folgen der gleichzeitigen Anwendung mit Benzodiazepinen oder anderen das zentrale Nervensystem d\u00e4mpfenden Mitteln<\/p>\n<p>Gleichzeitige Anwendung von Opioiden mit Benzodiazepinen oder anderen ZNS-d\u00e4mpfenden Mitteln B. Alkohol, kann zu extremer Schl\u00e4frigkeit, Atemdepression, Koma oder Tod f\u00fchren.<\/p>\n<p>Die gleichzeitige Verabreichung von ROXICODONE mit Benzodiazepinen oder anderen das ZNS d\u00e4mpfenden Mitteln sollte Personen vorbehalten bleiben, die auf alternative therapeutische Alternativen nicht ansprechen.<br \/>\nHalten Sie Dosierungen und Dauer auf ein Minimum.<br \/>\nAchten Sie bei Patienten auf Anzeichen und Symptome von Atemdepression und Sedierung.<\/li>\n<\/ul>\n<\/td>\n<\/tr>\n<\/tbody>\n<\/table>\n<\/div>\n<\/div>\n<p>&nbsp;<\/p>\n<h2>KONTRAINDIKATIONEN<\/h2>\n<p>ROXICODONE ist kontraindiziert bei Patienten mit:<\/p>\n<ul>\n<li>Erhebliche Atemdepression<\/li>\n<li>Akutes oder schweres Bronchialasthma in einer nicht \u00fcberwachten Umgebung oder ohne Wiederbelebungsma\u00dfnahmen Ausr\u00fcstung<\/li>\n<li>Bekannte oder vermutete gastrointestinale Obstruktion, einschlie\u00dflich paralytischer Ileus<\/li>\n<li>Bekannte \u00dcberempfindlichkeit gegen Oxycodon<\/li>\n<\/ul>\n<h2>\u00a0WARNUNGEN UND VORSICHTSMASSNAHMEN<\/h2>\n<ul>\n<li>ROXICODONE enth\u00e4lt Oxycodon, eine von Schedule II kontrollierte Substanz. Als Opioid setzt ROXICODONE Benutzer den Risiken von Sucht, Missbrauch und Missbrauch aus.<\/li>\n<li>Bewerten Sie das Risiko jedes Patienten f\u00fcr Opioidabh\u00e4ngigkeit, Missbrauch oder Missbrauch, bevor Sie ROXICODONE verschreiben, und \u00fcberwachen Sie alle Patienten, die ROXICODONE erhalten Entwicklung dieser Verhaltensweisen und Zust\u00e4nde.<\/li>\n<li>Um sicherzustellen, dass die Vorteile von Opioid-Analgetika die Risiken von Sucht, Missbrauch und Missbrauch \u00fcberwiegen, hat die Food and Drug Administration (FDA) eine Strategie zur Risikobewertung und -minderung ( REMS) f\u00fcr diese Produkte. Gem\u00e4\u00df den Anforderungen des REMS m\u00fcssen Pharmaunternehmen mit zugelassenen Opioid-Analgetika REMS-konforme Schulungsprogramme f\u00fcr Gesundheitsdienstleister verf\u00fcgbar machen.<\/li>\n<li>Schwere, lebensbedrohliche oder t\u00f6dliche Atemdepression wurde bei der Anwendung von berichtet Opioide, auch wenn sie wie empfohlen verwendet werden. Patienten mit chronischer Lungenerkrankung, \u00e4ltere, kachektische oder geschw\u00e4chte Patienten k\u00f6nnen einem erh\u00f6hten Risiko ausgesetzt sein. \u00dcberwachen Sie genau, insbesondere w\u00e4hrend der Initiierung und Titration.<\/li>\n<li>Opioide k\u00f6nnen schlafbezogene Atmungsst\u00f6rungen einschlie\u00dflich zentraler Schlafapnoe (CSA) und schlafbezogener Hypox\u00e4mie verursachen. Die Einnahme von Opioiden erh\u00f6ht das CSA-Risiko in dosisabh\u00e4ngiger Weise.<\/li>\n<li>Die versehentliche Einnahme von nur einer Dosis ROXICODONE, insbesondere bei Kindern, kann aufgrund einer \u00dcberdosierung von ROXICODONE zu Atemdepression und Tod f\u00fchren. Weisen Sie die Patienten an, Schritte zur sicheren Aufbewahrung von ROXICODONE zu unternehmen. Abgelaufenes, nicht mehr ben\u00f6tigtes oder nicht verwendetes ROXICODONE sollte entsorgt werden, indem das nicht verwendete Medikament die Toilette hinuntergesp\u00fclt wird, wenn eine R\u00fccknahmeoption nicht ohne Weiteres verf\u00fcgbar ist.<\/li>\n<li>Nach l\u00e4ngerem Gebrauch kann ein neonatales Opioid-Entzugssyndrom (NOWS) auftreten von Opioiden w\u00e4hrend der Schwangerschaft. Neugeborene auf Anzeichen von NOWS beobachten und entsprechend behandeln; NOWS kann lebensbedrohlich sein, wenn es bei Neugeborenen nicht erkannt und behandelt wird.<\/li>\n<li>Wenn Sie CYP3A4-Inhibitoren anwenden oder CYP3A4-Induktoren bei mit ROXICODONE behandelten Patienten absetzen, \u00fcberwachen Sie die Patienten engmaschig in kurzen Abst\u00e4nden und erw\u00e4gen Sie eine Dosisreduktion von ROXICODONE, bis das Medikament stabil bleibt Effekte erzielt werden. Bei der Anwendung von ROXICODONE mit CYP3A4-Induktoren oder Absetzen von CYP3A4-Inhibitoren sollten die Patienten in regelm\u00e4\u00dfigen Abst\u00e4nden engmaschig \u00fcberwacht werden und eine Erh\u00f6hung der Opioiddosis in Betracht gezogen werden, falls dies erforderlich ist, um eine ausreichende Analgesie aufrechtzuerhalten oder wenn Symptome eines Opioidentzugs auftreten.<\/li>\n<li>Starke Sedierung, Atemdepression, Koma und Tod k\u00f6nnen aus der gleichzeitigen Anwendung von ROXICODONE mit Benzodiazepinen oder anderen ZNS-d\u00e4mpfenden Mitteln (einschlie\u00dflich Alkohol und illegalen Drogen) resultieren.<\/li>\n<li>F\u00e4lle von Nebenniereninsuffizienz wurden bei der Anwendung von Opioiden berichtet, h\u00e4ufiger nach mehr als einem Monat der Nutzung. Wenn eine Nebenniereninsuffizienz diagnostiziert wird, behandeln Sie mit einem physiologischen Ersatz von Kortikosteroiden und entw\u00f6hnen Sie den Patienten des Opioids, bis sich die Nebennierenfunktion erholt hat.<\/li>\n<li><strong>ROXICODONE<\/strong>\u00a0kann bei ambulanten Patienten schwere Hypotonie einschlie\u00dflich orthostatischer Hypotonie und Synkope verursachen. W\u00e4hrend der Initiierung und\/oder Titration von ROXICODONE \u00fcberwachen. Vermeiden Sie die Anwendung bei Patienten mit Kreislaufschock.<\/li>\n<li>Die Anwendung bei Patienten mit erh\u00f6htem Hirndruck, Hirntumoren, Kopfverletzungen oder Bewusstseinsst\u00f6rungen kann den Atemantrieb und die daraus resultierende CO<sub>2<\/sub>\u00a0Retention reduzieren kann den intrakraniellen Druck weiter erh\u00f6hen. Die Anwendung von\u00a0<strong>ROXICODONE<\/strong>\u00a0sollte bei Patienten mit Bewusstseinsst\u00f6rungen oder Koma vermieden werden.<\/li>\n<li>ROXICODONE ist kontraindiziert bei Patienten mit bekannter oder vermuteter gastrointestinaler Obstruktion, einschlie\u00dflich paralytischem Ileus. Das Oxycodon in ROXICODONE kann Kr\u00e4mpfe des Schlie\u00dfmuskels von Oddi verursachen.<\/li>\n<li>Das Oxycodon in ROXICODONE kann die H\u00e4ufigkeit von Anf\u00e4llen bei Patienten mit Anfallsleiden erh\u00f6hen und kann das Risiko von Anf\u00e4llen erh\u00f6hen, die in anderen mit Anf\u00e4llen verbundenen klinischen Situationen auftreten . \u00dcberwachen Sie Patienten mit Anfallsleiden in der Anamnese auf eine Verschlechterung der Anfallskontrolle.<\/li>\n<li>Setzen Sie\u00a0<strong>ROXICODONE<\/strong>\u00a0bei Patienten, die k\u00f6rperlich von Opioiden abh\u00e4ngig sind, nicht abrupt ab. Wenn Sie ROXICODONE bei einem k\u00f6rperlich abh\u00e4ngigen Patienten absetzen, verringern Sie die Dosierung schrittweise. Ein schnelles Ausschleichen von Oxycodon bei einem Patienten, der k\u00f6rperlich von Opioiden abh\u00e4ngig ist, kann zu einem Entzugssyndrom und Wiederauftreten von Schmerzen f\u00fchren.<\/li>\n<li>Vermeiden Sie die Anwendung von ROXICODONE mit gemischten Agonisten\/Antagonisten oder partiell agonistischen Analgetika aufgrund des Risikos einer Ausf\u00e4llung Entzugserscheinungen.<\/li>\n<li>Warnen Sie die Patienten davor, gef\u00e4hrliche Maschinen zu f\u00fchren oder zu bedienen, es sei denn, sie vertragen die Wirkungen von ROXICODONE und wissen, wie sie auf das Medikament reagieren werden.<\/li>\n<li>Opioide k\u00f6nnen eine seltene Erkrankung verursachen aber potenziell lebensbedrohlicher Zustand, der aus der gleichzeitigen Verabreichung von serotonergen Arzneimitteln resultiert. Warnen Sie die Patienten vor den Symptomen des Serotonin-Syndroms und suchen Sie sofort einen Arzt auf, wenn sich Symptome entwickeln.<\/li>\n<li>Die Anwendung von ROXICODONE wird f\u00fcr Patienten, die MAO-Hemmer einnehmen, oder innerhalb von 14 Tagen nach Beendigung einer solchen Behandlung nicht empfohlen.<\/li>\n<\/ul>\n<h2>Wirkungen von Roxicodone<\/h2>\n<p>Schwerwiegende Nebenwirkungen im Zusammenhang mit der Anwendung von ROXICODONE sind Atemdepression, Atemstillstand, Kreislaufdepression, Herzstillstand, Hypotonie und\/oder Schock. Die h\u00e4ufigsten Nebenwirkungen sind \u00dcbelkeit, Verstopfung, Erbrechen, Kopfschmerzen, Juckreiz, Schlaflosigkeit, Schwindel, Asthenie und Schl\u00e4frigkeit.<\/p>\n<p>Dies ist keine vollst\u00e4ndige Liste m\u00f6glicher Nebenwirkungen im Zusammenhang mit ROXICODONE. Eine vollst\u00e4ndige Liste finden Sie in den vollst\u00e4ndigen Verschreibungsinformationen.<\/p>\n<p>&nbsp;<\/p>\n<p>&nbsp;<\/p>\n<\/div>\n<\/div>\n<\/div>\n<\/div>\n<\/div>\n<\/div>\n<\/div>\n<div class=\"scroll-wrapper scrolling-table scrollbar-chrome\">\n<div class=\"scrolling-table scrollbar-chrome scroll-content\">\n<table>\n<tbody>\n<tr>\n<td><strong>Beschreibung<\/strong><\/td>\n<td>Blaue Tabletten mit Bruchkerbe<\/td>\n<\/tr>\n<tr>\n<td><strong>Generischer Name<\/strong><\/td>\n<td>Oxycodonhydrochlorid Tabletten USP<\/td>\n<\/tr>\n<tr>\n<td><strong>Dosierungsst\u00e4rke<\/strong><\/td>\n<td>30 mg<\/td>\n<\/tr>\n<tr>\n<td><strong>Identifikationscode<\/strong><\/td>\n<td>Blaue Tablette mit Bruchrille (Identifikation 54 199) [Pr\u00e4gung 54 199 auf einer Seite]<\/td>\n<\/tr>\n<\/tbody>\n<\/table>\n<p><strong>Roxicodon-Pillen, Roxicodon-Pillen kaufen, Liste runder blauer Roxicodon-Pillen, Pillen, die wie Roxicodon aussehen, Roxicodon-Pillen \u00e4ndern sich, Roxicodon-Pillen 30, Tabletten mit verz\u00f6gerter Freisetzung von Roxicodon, wie man ein Drogendealer wird, der Roxicodon-Pillen verkauft, Pillen, die Roxicodon enthalten, Codein-Sirup-Pillen Roxicodon, wie viel sind roxicodon 30 mg pillen in mexiko, was ist in den gef\u00e4lschten k 9 roxicodon pillen?, 30 mg roxicodon blaue pillen, roxicodon, oxycodon 5 mg, rosa pille, m 30 pille, m 30 blaue pille, k 56 pille, roxycodon, t 194 Pille, Percocet 30 mg, Molly-Preise, kannst du nehmen, Roxy 30, Oxicodona, U17-Pille, Oxycodon-Dosierung<\/strong><\/p>\n<\/div>\n<\/div>\n<\/div>\n<\/div>\n<div class=\"produkt-n\u00e4chstes-vorheriges\">\n<div class=\"produkt-vorheriges\"><\/div>\n<\/div>\n","protected":false},"excerpt":{"rendered":"<p>Kaufen Sie Roxicodone 30 mg Tabletten in Gro\u00dfbritannien und Europa in unserer Online-Apotheke Medicinasinc.com mit schnellem weltweiten Versand! Der beste Ort, um OxyContin zu bekommen, ist genau hier!<\/p>\n","protected":false},"featured_media":5321,"comment_status":"open","ping_status":"closed","template":"","meta":[],"product_brand":[],"product_cat":[1117],"product_tag":[1879,1880,1881,1883,4188,4189,1884,1885,1886,1882,1887,1888,1889,1890,1648,1670,1891,1750,4187,1894,1895,1896,1897,1898,1899,1900,1901,1902,1903],"class_list":{"0":"post-5310","1":"product","2":"type-product","3":"status-publish","4":"has-post-thumbnail","6":"product_cat-kaufen-sie-schmerz-schlaf-und-sexpillen","7":"product_tag-30mg-roxicodon-blau-pillen","8":"product_tag-breaking-time-release-pillen-roxicodon","9":"product_tag-buy-roxicodone-pills","10":"product_tag-codeine-syrup-pills-roxicodone","11":"product_tag-die-roxicodon-enthalten","12":"product_tag-die-wie-roxicodon-aussehen","13":"product_tag-how-much-are-roxicodone-30mg-pills-in-mexico","14":"product_tag-how-to-be-a-drug-dealer-selling-roxicodone-pills","15":"product_tag-k-56-pille","16":"product_tag-kannst-du-nehmen","17":"product_tag-liste-der-runden-blauen-roxicodon-pillen","18":"product_tag-m-30-blaue-pille","19":"product_tag-m-30-pille","20":"product_tag-molly-preise","21":"product_tag-oxicodona","22":"product_tag-oxycodon-5-mg","23":"product_tag-oxycodon-dosierung","24":"product_tag-percocet-30-mg","25":"product_tag-pillen","26":"product_tag-pink-pill","27":"product_tag-roxicodon","28":"product_tag-roxicodon-pillen","29":"product_tag-roxicodon-pillen-30","30":"product_tag-roxicodon-pillen-wechsel","31":"product_tag-roxy-30","32":"product_tag-roxycodon","33":"product_tag-t-194-pill","34":"product_tag-u17-pille","35":"product_tag-was-ist-in-den-geflschten-k-9-roxicodon-pillen","37":"first","38":"instock","39":"shipping-taxable","40":"purchasable","41":"product-type-variable","42":"has-default-attributes"},"yoast_head":"<!-- This site is optimized with the Yoast SEO plugin v27.3 - https:\/\/yoast.com\/product\/yoast-seo-wordpress\/ -->\n<title>Kaufen Sie Roxicodone 30 mg - Best Best Global Meds<\/title>\n<meta name=\"description\" content=\"Kaufen Sie Roxicodon 30 mg Tabletten UK, Europa in unserem Online-Shop Medicinasinc.com mit schneller weltweiter Lieferung! Das beste OxyContin zum Bestellen finden Sie hier!\" \/>\n<meta name=\"robots\" content=\"index, follow, max-snippet:-1, max-image-preview:large, max-video-preview:-1\" \/>\n<link rel=\"canonical\" href=\"https:\/\/medicinasinc.com\/de\/product\/kaufen-roxicodone-30-mg\/\" \/>\n<meta property=\"og:locale\" content=\"de_DE\" \/>\n<meta property=\"og:type\" content=\"article\" \/>\n<meta property=\"og:title\" content=\"Kaufen Sie Roxicodone 30 mg - Best Best Global Meds\" \/>\n<meta property=\"og:description\" content=\"Kaufen Sie Roxicodon 30 mg Tabletten UK, Europa in unserem Online-Shop Medicinasinc.com mit schneller weltweiter Lieferung! Das beste OxyContin zum Bestellen finden Sie hier!\" \/>\n<meta property=\"og:url\" content=\"https:\/\/medicinasinc.com\/de\/product\/kaufen-roxicodone-30-mg\/\" \/>\n<meta property=\"og:site_name\" content=\"Medicinas Inc\" \/>\n<meta property=\"article:modified_time\" content=\"2022-08-03T09:01:59+00:00\" \/>\n<meta property=\"og:image\" content=\"https:\/\/medicinasinc.com\/de\/wp-content\/uploads\/sites\/6\/2022\/02\/Roxicodone-30-mg.png\" \/>\n\t<meta property=\"og:image:width\" content=\"400\" \/>\n\t<meta property=\"og:image:height\" content=\"300\" \/>\n\t<meta property=\"og:image:type\" content=\"image\/png\" \/>\n<meta name=\"twitter:card\" content=\"summary_large_image\" \/>\n<meta name=\"twitter:label1\" content=\"Gesch\u00e4tzte Lesezeit\" \/>\n\t<meta name=\"twitter:data1\" content=\"7\u00a0Minuten\" \/>\n<script type=\"application\/ld+json\" class=\"yoast-schema-graph\">{\"@context\":\"https:\\\/\\\/schema.org\",\"@graph\":[{\"@type\":\"WebPage\",\"@id\":\"https:\\\/\\\/medicinasinc.com\\\/de\\\/product\\\/kaufen-roxicodone-30-mg\\\/\",\"url\":\"https:\\\/\\\/medicinasinc.com\\\/de\\\/product\\\/kaufen-roxicodone-30-mg\\\/\",\"name\":\"Kaufen Sie Roxicodone 30 mg - Best Best Global Meds\",\"isPartOf\":{\"@id\":\"https:\\\/\\\/medicinasinc.com\\\/de\\\/#website\"},\"primaryImageOfPage\":{\"@id\":\"https:\\\/\\\/medicinasinc.com\\\/de\\\/product\\\/kaufen-roxicodone-30-mg\\\/#primaryimage\"},\"image\":{\"@id\":\"https:\\\/\\\/medicinasinc.com\\\/de\\\/product\\\/kaufen-roxicodone-30-mg\\\/#primaryimage\"},\"thumbnailUrl\":\"https:\\\/\\\/medicinasinc.com\\\/de\\\/wp-content\\\/uploads\\\/sites\\\/6\\\/2022\\\/02\\\/Roxicodone-30-mg.png\",\"datePublished\":\"2022-02-21T18:38:01+00:00\",\"dateModified\":\"2022-08-03T09:01:59+00:00\",\"description\":\"Kaufen Sie Roxicodon 30 mg Tabletten UK, Europa in unserem Online-Shop Medicinasinc.com mit schneller weltweiter Lieferung! Das beste OxyContin zum Bestellen finden Sie hier!\",\"breadcrumb\":{\"@id\":\"https:\\\/\\\/medicinasinc.com\\\/de\\\/product\\\/kaufen-roxicodone-30-mg\\\/#breadcrumb\"},\"inLanguage\":\"de\",\"potentialAction\":[{\"@type\":\"ReadAction\",\"target\":[\"https:\\\/\\\/medicinasinc.com\\\/de\\\/product\\\/kaufen-roxicodone-30-mg\\\/\"]}]},{\"@type\":\"ImageObject\",\"inLanguage\":\"de\",\"@id\":\"https:\\\/\\\/medicinasinc.com\\\/de\\\/product\\\/kaufen-roxicodone-30-mg\\\/#primaryimage\",\"url\":\"https:\\\/\\\/medicinasinc.com\\\/de\\\/wp-content\\\/uploads\\\/sites\\\/6\\\/2022\\\/02\\\/Roxicodone-30-mg.png\",\"contentUrl\":\"https:\\\/\\\/medicinasinc.com\\\/de\\\/wp-content\\\/uploads\\\/sites\\\/6\\\/2022\\\/02\\\/Roxicodone-30-mg.png\",\"width\":400,\"height\":300},{\"@type\":\"BreadcrumbList\",\"@id\":\"https:\\\/\\\/medicinasinc.com\\\/de\\\/product\\\/kaufen-roxicodone-30-mg\\\/#breadcrumb\",\"itemListElement\":[{\"@type\":\"ListItem\",\"position\":1,\"name\":\"Einkaufen\",\"item\":\"https:\\\/\\\/medicinasinc.com\\\/de\\\/einkaufen\\\/\"},{\"@type\":\"ListItem\",\"position\":2,\"name\":\"Kaufen Sie Roxicodon 30 mg\"}]},{\"@type\":\"WebSite\",\"@id\":\"https:\\\/\\\/medicinasinc.com\\\/de\\\/#website\",\"url\":\"https:\\\/\\\/medicinasinc.com\\\/de\\\/\",\"name\":\"Medicinas Inc\",\"description\":\"Health Medical Clinic\",\"potentialAction\":[{\"@type\":\"SearchAction\",\"target\":{\"@type\":\"EntryPoint\",\"urlTemplate\":\"https:\\\/\\\/medicinasinc.com\\\/de\\\/?s={search_term_string}\"},\"query-input\":{\"@type\":\"PropertyValueSpecification\",\"valueRequired\":true,\"valueName\":\"search_term_string\"}}],\"inLanguage\":\"de\"}]}<\/script>\n<!-- \/ Yoast SEO plugin. -->","yoast_head_json":{"title":"Kaufen Sie Roxicodone 30 mg - Best Best Global Meds","description":"Kaufen Sie Roxicodon 30 mg Tabletten UK, Europa in unserem Online-Shop Medicinasinc.com mit schneller weltweiter Lieferung! Das beste OxyContin zum Bestellen finden Sie hier!","robots":{"index":"index","follow":"follow","max-snippet":"max-snippet:-1","max-image-preview":"max-image-preview:large","max-video-preview":"max-video-preview:-1"},"canonical":"https:\/\/medicinasinc.com\/de\/product\/kaufen-roxicodone-30-mg\/","og_locale":"de_DE","og_type":"article","og_title":"Kaufen Sie Roxicodone 30 mg - Best Best Global Meds","og_description":"Kaufen Sie Roxicodon 30 mg Tabletten UK, Europa in unserem Online-Shop Medicinasinc.com mit schneller weltweiter Lieferung! Das beste OxyContin zum Bestellen finden Sie hier!","og_url":"https:\/\/medicinasinc.com\/de\/product\/kaufen-roxicodone-30-mg\/","og_site_name":"Medicinas Inc","article_modified_time":"2022-08-03T09:01:59+00:00","og_image":[{"width":400,"height":300,"url":"https:\/\/medicinasinc.com\/de\/wp-content\/uploads\/sites\/6\/2022\/02\/Roxicodone-30-mg.png","type":"image\/png"}],"twitter_card":"summary_large_image","twitter_misc":{"Gesch\u00e4tzte Lesezeit":"7\u00a0Minuten"},"schema":{"@context":"https:\/\/schema.org","@graph":[{"@type":"WebPage","@id":"https:\/\/medicinasinc.com\/de\/product\/kaufen-roxicodone-30-mg\/","url":"https:\/\/medicinasinc.com\/de\/product\/kaufen-roxicodone-30-mg\/","name":"Kaufen Sie Roxicodone 30 mg - Best Best Global Meds","isPartOf":{"@id":"https:\/\/medicinasinc.com\/de\/#website"},"primaryImageOfPage":{"@id":"https:\/\/medicinasinc.com\/de\/product\/kaufen-roxicodone-30-mg\/#primaryimage"},"image":{"@id":"https:\/\/medicinasinc.com\/de\/product\/kaufen-roxicodone-30-mg\/#primaryimage"},"thumbnailUrl":"https:\/\/medicinasinc.com\/de\/wp-content\/uploads\/sites\/6\/2022\/02\/Roxicodone-30-mg.png","datePublished":"2022-02-21T18:38:01+00:00","dateModified":"2022-08-03T09:01:59+00:00","description":"Kaufen Sie Roxicodon 30 mg Tabletten UK, Europa in unserem Online-Shop Medicinasinc.com mit schneller weltweiter Lieferung! Das beste OxyContin zum Bestellen finden Sie hier!","breadcrumb":{"@id":"https:\/\/medicinasinc.com\/de\/product\/kaufen-roxicodone-30-mg\/#breadcrumb"},"inLanguage":"de","potentialAction":[{"@type":"ReadAction","target":["https:\/\/medicinasinc.com\/de\/product\/kaufen-roxicodone-30-mg\/"]}]},{"@type":"ImageObject","inLanguage":"de","@id":"https:\/\/medicinasinc.com\/de\/product\/kaufen-roxicodone-30-mg\/#primaryimage","url":"https:\/\/medicinasinc.com\/de\/wp-content\/uploads\/sites\/6\/2022\/02\/Roxicodone-30-mg.png","contentUrl":"https:\/\/medicinasinc.com\/de\/wp-content\/uploads\/sites\/6\/2022\/02\/Roxicodone-30-mg.png","width":400,"height":300},{"@type":"BreadcrumbList","@id":"https:\/\/medicinasinc.com\/de\/product\/kaufen-roxicodone-30-mg\/#breadcrumb","itemListElement":[{"@type":"ListItem","position":1,"name":"Einkaufen","item":"https:\/\/medicinasinc.com\/de\/einkaufen\/"},{"@type":"ListItem","position":2,"name":"Kaufen Sie Roxicodon 30 mg"}]},{"@type":"WebSite","@id":"https:\/\/medicinasinc.com\/de\/#website","url":"https:\/\/medicinasinc.com\/de\/","name":"Medicinas Inc","description":"Health Medical Clinic","potentialAction":[{"@type":"SearchAction","target":{"@type":"EntryPoint","urlTemplate":"https:\/\/medicinasinc.com\/de\/?s={search_term_string}"},"query-input":{"@type":"PropertyValueSpecification","valueRequired":true,"valueName":"search_term_string"}}],"inLanguage":"de"}]}},"_links":{"self":[{"href":"https:\/\/medicinasinc.com\/de\/wp-json\/wp\/v2\/product\/5310","targetHints":{"allow":["GET"]}}],"collection":[{"href":"https:\/\/medicinasinc.com\/de\/wp-json\/wp\/v2\/product"}],"about":[{"href":"https:\/\/medicinasinc.com\/de\/wp-json\/wp\/v2\/types\/product"}],"replies":[{"embeddable":true,"href":"https:\/\/medicinasinc.com\/de\/wp-json\/wp\/v2\/comments?post=5310"}],"wp:featuredmedia":[{"embeddable":true,"href":"https:\/\/medicinasinc.com\/de\/wp-json\/wp\/v2\/media\/5321"}],"wp:attachment":[{"href":"https:\/\/medicinasinc.com\/de\/wp-json\/wp\/v2\/media?parent=5310"}],"wp:term":[{"taxonomy":"product_brand","embeddable":true,"href":"https:\/\/medicinasinc.com\/de\/wp-json\/wp\/v2\/product_brand?post=5310"},{"taxonomy":"product_cat","embeddable":true,"href":"https:\/\/medicinasinc.com\/de\/wp-json\/wp\/v2\/product_cat?post=5310"},{"taxonomy":"product_tag","embeddable":true,"href":"https:\/\/medicinasinc.com\/de\/wp-json\/wp\/v2\/product_tag?post=5310"}],"curies":[{"name":"wp","href":"https:\/\/api.w.org\/{rel}","templated":true}]}}