{"id":5309,"date":"2022-02-21T18:36:34","date_gmt":"2022-02-21T18:36:34","guid":{"rendered":"https:\/\/medicinasinc.com\/de\/?post_type=product&#038;p=5309"},"modified":"2022-08-03T09:21:56","modified_gmt":"2022-08-03T09:21:56","slug":"kaufen-restoril-30-mg-temazepam-pillen","status":"publish","type":"product","link":"https:\/\/medicinasinc.com\/de\/product\/kaufen-restoril-30-mg-temazepam-pillen\/","title":{"rendered":"Kaufen Sie Restoril 30 mg Temazepam-Pillen"},"content":{"rendered":"<div class=\"product-next- previous\">\n<div>\n<p>Online-Apotheke zum Kauf von Restoril Temezepam-Tabletten (30 mg)<br \/> Restoril: Was ist es und wie wird es angewendet?<\/p>\n<p> Restoril ist ein verschreibungspflichtiges Medikament zur Behandlung von Schlaflosigkeitsproblemen. Restoril kann allein oder in Kombination mit anderen Arzneimitteln eingenommen werden.<\/p>\n<p>Restoril ist ein Beruhigungsmittel\/Hypnotikum.<\/p>\n<p>Restoril ist nicht als sicher oder wirksam bei Kindern bekannt.<\/p>\n<p>Welche wahrscheinlichen Risiken sind mit Restoril verbunden?<\/p>\n<p>Restoril kann schwerwiegende Nebenwirkungen haben, einschlie\u00dflich der folgenden:<\/p>\n<p>Verwirrtheit, Erregung, Aggressivit\u00e4t, Halluzinationen, Angst, Ged\u00e4chtnisprobleme, und traurige Stimmung sind Symptome von Schizophrenie.<\/p>\n<p>&nbsp;<\/p>\n<p>Temazepam wirkt wie viele andere \u00e4hnliche und verwandte Benzodiazepine als GABA-Modulator und kann eine Reihe von Wirkungen hervorrufen, z. einschlie\u00dflich Schl\u00e4frigkeit, Hypnose, Entspannung der Skelettmuskulatur, krampfl\u00f6sende Aktivit\u00e4t und anxiolytische Wirkung 6,7,13,14.<\/p>\n<p>Obwohl die chemische Synthese von Temazepam 1965 entdeckt wurde 9, begann seine weit verbreitete moderne Verwendung erst Die echte Verwendung des Medikaments zur Behandlung von Schlaflosigkeit wurde sp\u00e4ter anerkannt und lizenziert. Bevor Temazepam zu einem allgemein verschriebenen Medikament f\u00fcr Zivilisten wurde, wurde es \u2013 und wird weiterhin \u2013 vom US-Milit\u00e4r als sedierend-hypnotisches Medikament verwendet, das von Soldaten, Piloten und anderen eingenommen werden sollte, um die notwendige Ruhe f\u00fcr die medizinische Genesung zu erhalten oder Geplante Man\u00f6ver und Operationen 10. Unabh\u00e4ngig davon hat sich Temazepam zu einem der am h\u00e4ufigsten verschriebenen Medikamente weltweit entwickelt, mit Millionen von Rezepten, die jedes Jahr ausgestellt werden. Leider hat Temazepam aufgrund seiner weit verbreiteten Verwendung und der inh\u00e4renten Natur seiner pharmakologischen Wirkungen \u2013 wie viele andere Benzodiazepine \u2013 ein erhebliches Missbrauchspotenzial und kann dazu f\u00fchren, dass Benutzer eine Arzneimitteltoleranz, k\u00f6rperliche Abh\u00e4ngigkeit und Sucht entwickeln.<\/p>\n<p>GroupsApproved, InvestigationalStructureSmall Molecules<\/p>\n<div class=\"structure\"><a class=\"moldbi-vector-thumbnail\" href=\"https:\/\/go.drugbank.com\/structures\/DB00231\/image.svg\"><img decoding=\"async\" src=\"https:\/\/go.drugbank.com\/structures\/DB00231\/thumb.svg\" alt=\"Thumb\" \/><\/a><\/div>\n<dl class=\"right-dl col- xl-6 col-lg-12\"><\/dl>\n<\/p><\/div>\n<div class=\"product-prev\"><strong>Temazepam (Restoril), Temazepam Restoril, Restoril Temazepam, Temazepam (Restoril) Nebenwirkungen, Temazepam (Restoril, Restoril Temazepam online kaufen, Temazepam kaufen (Restoril), generisches Restoril Temazepam, Temazepam Restoril kaufen, Restoril (Temazepam) 30mg zu verkaufen, ist Temazepam dasselbe wie Restoril, Temazepam (Restoril) Davis, Temazepam (Restoril) Pillenflasche e, wo kann man temazepam (restoril) kaufen, temazepam (restoril) cvs, temazepam (restoril) kaufen, temazepam gleich wie restoril, temazepam (restoril)\u00a0<img decoding=\"async\" class=\"emoji\" role=\"img\" src=\"https:\/ \/sworg\/images\/core\/emoji\/13.1.0\/svg\/2714.svg\" alt=\"\u2714\" \/>\u00a0<img decoding=\"async\" class=\"emoji\" role=\"img\" src=\"https:\/\/sworg\/images \/core\/emoji\/13.1.0\/svg\/2714.svg\" alt=\"\u2714\" \/>\u00a0<img decoding=\"async\" class=\"emoji\" role=\"img\" src=\"https:\/\/sworg\/images\/core\/emoji\/ 13.1.0\/svg\/2714.svg\" alt=\"\u2714\" \/>, restoril temazepam 30mg, sichere alternative zu restoril (temazepam), temazepam (restoril) preis, temazepam (restoril) otc, temazepam restoril nebenwirkungen, temazepam (brand name restoril), restoril (temazepam)<\/strong><\/div><\/div>\n<div class=\"product-next- previous\">\n<div class=\"product-prev\"><\/div><\/div>\n","protected":false},"excerpt":{"rendered":"<p>Kaufen Sie Restoril 30 mg Temezepam-Tabletten k\u00f6nnen online gekauft werden.<\/p>\n<p>Markenname:\u00a0<strong>Restoril<\/strong><br \/> Generika:\u00a0<strong>Temazepam<\/strong><br \/> St\u00e4rke Erh\u00e4ltlich: 30 mg<br \/> Verpackung: Blister<br \/> Hergestellt von: Novartis<\/p>\n<p>&nbsp;<\/p>\n","protected":false},"featured_media":5319,"comment_status":"open","ping_status":"closed","template":"","meta":[],"product_brand":[],"product_cat":[1117],"product_tag":[1851,1852,1853,1854,1872,1856,1857,1858,1859,1861,1862,1855,1863,1860,1864,1865,1866,1867,1868,1869,1871,1870,1873,1874,1876,1877,1875,1878],"class_list":{"0":"post-5309","1":"product","2":"type-product","3":"status-publish","4":"has-post-thumbnail","6":"product_cat-kaufen-sie-schmerz-schlaf-und-sexpillen","7":"product_tag-buy-restoril-temazepam-online","8":"product_tag-buy-temazepam-restoril","9":"product_tag-generic-restoril-temazepam","10":"product_tag-ist-temazepam-das-selbe-wie-restoril","11":"product_tag-temazepam-restoril-nebenwirkungen","12":"product_tag-restoril-temazepam-30mg-zum-verkauf","13":"product_tag-restoril-15-mg","14":"product_tag-restoril-15-mg-online","15":"product_tag-restoril-30-mg-price","16":"product_tag-restoril-temazepam","17":"product_tag-restoril-temazepam-30mg","18":"product_tag-rezeptfreier-ersatz-f-c3-bcr-temazepam","19":"product_tag-sichere-alternative-zu-restoril-temazepam","20":"product_tag-restoril-tablet-online","21":"product_tag-temazepam-markenname-restoril","22":"product_tag-temazepam-restoril","23":"product_tag-temazepam-restoril---","24":"product_tag-temazepam-restoril-cvs","25":"product_tag-temazepam-restoril-davis","26":"product_tag-temazepam-restoril-otc","27":"product_tag-temazepam-restoril-preis","28":"product_tag-temazepam-restoril-pillenflasche","29":"product_tag-temazepam-30-mg","30":"product_tag-temazepam-30-mg-nebenwirkungen","31":"product_tag-temazepam-dasselbe-wie-restoril","32":"product_tag-temazepam-gewichtsverlust","33":"product_tag-temazepam-restoril-kaufen","34":"product_tag-wo-kann-man-temazepam-restoril-kaufen","36":"first","37":"instock","38":"shipping-taxable","39":"purchasable","40":"product-type-variable","41":"has-default-attributes"},"yoast_head":"<!-- This site is optimized with the Yoast SEO plugin v27.3 - https:\/\/yoast.com\/product\/yoast-seo-wordpress\/ -->\n<title>Kaufen Sie Restoril 30 mg Temazepam-Pillen - Best Best Global Meds<\/title>\n<meta name=\"description\" content=\"Pille mit Aufdruck RESTORIL 30 mg M ZUM SCHLAF ist blau \/ kastanienbraun, kapself\u00f6rmig und wurde als Restoril 30 mg identifiziert. Kaufen Sie RESTORIL 30 mg M ZUM SCHLAF.\" \/>\n<meta name=\"robots\" content=\"index, follow, max-snippet:-1, max-image-preview:large, max-video-preview:-1\" \/>\n<link rel=\"canonical\" href=\"https:\/\/medicinasinc.com\/de\/product\/kaufen-restoril-30-mg-temazepam-pillen\/\" \/>\n<meta property=\"og:locale\" content=\"de_DE\" \/>\n<meta property=\"og:type\" content=\"article\" \/>\n<meta property=\"og:title\" content=\"Kaufen Sie Restoril 30 mg Temazepam-Pillen - Best Best Global Meds\" \/>\n<meta property=\"og:description\" content=\"Pille mit Aufdruck RESTORIL 30 mg M ZUM SCHLAF ist blau \/ kastanienbraun, kapself\u00f6rmig und wurde als Restoril 30 mg identifiziert. Kaufen Sie RESTORIL 30 mg M ZUM SCHLAF.\" \/>\n<meta property=\"og:url\" content=\"https:\/\/medicinasinc.com\/de\/product\/kaufen-restoril-30-mg-temazepam-pillen\/\" \/>\n<meta property=\"og:site_name\" content=\"Medicinas Inc\" \/>\n<meta property=\"article:modified_time\" content=\"2022-08-03T09:21:56+00:00\" \/>\n<meta property=\"og:image\" content=\"https:\/\/medicinasinc.com\/de\/wp-content\/uploads\/sites\/6\/2022\/02\/Buy-Restoril-30-mg-Temazepam-pills.jpg\" \/>\n\t<meta property=\"og:image:width\" content=\"2064\" \/>\n\t<meta property=\"og:image:height\" content=\"1073\" \/>\n\t<meta property=\"og:image:type\" content=\"image\/jpeg\" \/>\n<meta name=\"twitter:card\" content=\"summary_large_image\" \/>\n<meta name=\"twitter:label1\" content=\"Gesch\u00e4tzte Lesezeit\" \/>\n\t<meta name=\"twitter:data1\" content=\"3\u00a0Minuten\" \/>\n<script type=\"application\/ld+json\" class=\"yoast-schema-graph\">{\"@context\":\"https:\\\/\\\/schema.org\",\"@graph\":[{\"@type\":\"WebPage\",\"@id\":\"https:\\\/\\\/medicinasinc.com\\\/de\\\/product\\\/kaufen-restoril-30-mg-temazepam-pillen\\\/\",\"url\":\"https:\\\/\\\/medicinasinc.com\\\/de\\\/product\\\/kaufen-restoril-30-mg-temazepam-pillen\\\/\",\"name\":\"Kaufen Sie Restoril 30 mg Temazepam-Pillen - Best Best Global Meds\",\"isPartOf\":{\"@id\":\"https:\\\/\\\/medicinasinc.com\\\/de\\\/#website\"},\"primaryImageOfPage\":{\"@id\":\"https:\\\/\\\/medicinasinc.com\\\/de\\\/product\\\/kaufen-restoril-30-mg-temazepam-pillen\\\/#primaryimage\"},\"image\":{\"@id\":\"https:\\\/\\\/medicinasinc.com\\\/de\\\/product\\\/kaufen-restoril-30-mg-temazepam-pillen\\\/#primaryimage\"},\"thumbnailUrl\":\"https:\\\/\\\/medicinasinc.com\\\/de\\\/wp-content\\\/uploads\\\/sites\\\/6\\\/2022\\\/02\\\/Buy-Restoril-30-mg-Temazepam-pills.jpg\",\"datePublished\":\"2022-02-21T18:36:34+00:00\",\"dateModified\":\"2022-08-03T09:21:56+00:00\",\"description\":\"Pille mit Aufdruck RESTORIL 30 mg M ZUM SCHLAF ist blau \\\/ kastanienbraun, kapself\u00f6rmig und wurde als Restoril 30 mg identifiziert. Kaufen Sie RESTORIL 30 mg M ZUM SCHLAF.\",\"breadcrumb\":{\"@id\":\"https:\\\/\\\/medicinasinc.com\\\/de\\\/product\\\/kaufen-restoril-30-mg-temazepam-pillen\\\/#breadcrumb\"},\"inLanguage\":\"de\",\"potentialAction\":[{\"@type\":\"ReadAction\",\"target\":[\"https:\\\/\\\/medicinasinc.com\\\/de\\\/product\\\/kaufen-restoril-30-mg-temazepam-pillen\\\/\"]}]},{\"@type\":\"ImageObject\",\"inLanguage\":\"de\",\"@id\":\"https:\\\/\\\/medicinasinc.com\\\/de\\\/product\\\/kaufen-restoril-30-mg-temazepam-pillen\\\/#primaryimage\",\"url\":\"https:\\\/\\\/medicinasinc.com\\\/de\\\/wp-content\\\/uploads\\\/sites\\\/6\\\/2022\\\/02\\\/Buy-Restoril-30-mg-Temazepam-pills.jpg\",\"contentUrl\":\"https:\\\/\\\/medicinasinc.com\\\/de\\\/wp-content\\\/uploads\\\/sites\\\/6\\\/2022\\\/02\\\/Buy-Restoril-30-mg-Temazepam-pills.jpg\",\"width\":2064,\"height\":1073},{\"@type\":\"BreadcrumbList\",\"@id\":\"https:\\\/\\\/medicinasinc.com\\\/de\\\/product\\\/kaufen-restoril-30-mg-temazepam-pillen\\\/#breadcrumb\",\"itemListElement\":[{\"@type\":\"ListItem\",\"position\":1,\"name\":\"Einkaufen\",\"item\":\"https:\\\/\\\/medicinasinc.com\\\/de\\\/einkaufen\\\/\"},{\"@type\":\"ListItem\",\"position\":2,\"name\":\"Kaufen Sie Restoril 30 mg Temazepam-Pillen\"}]},{\"@type\":\"WebSite\",\"@id\":\"https:\\\/\\\/medicinasinc.com\\\/de\\\/#website\",\"url\":\"https:\\\/\\\/medicinasinc.com\\\/de\\\/\",\"name\":\"Medicinas Inc\",\"description\":\"Health Medical Clinic\",\"potentialAction\":[{\"@type\":\"SearchAction\",\"target\":{\"@type\":\"EntryPoint\",\"urlTemplate\":\"https:\\\/\\\/medicinasinc.com\\\/de\\\/?s={search_term_string}\"},\"query-input\":{\"@type\":\"PropertyValueSpecification\",\"valueRequired\":true,\"valueName\":\"search_term_string\"}}],\"inLanguage\":\"de\"}]}<\/script>\n<!-- \/ Yoast SEO plugin. -->","yoast_head_json":{"title":"Kaufen Sie Restoril 30 mg Temazepam-Pillen - Best Best Global Meds","description":"Pille mit Aufdruck RESTORIL 30 mg M ZUM SCHLAF ist blau \/ kastanienbraun, kapself\u00f6rmig und wurde als Restoril 30 mg identifiziert. Kaufen Sie RESTORIL 30 mg M ZUM SCHLAF.","robots":{"index":"index","follow":"follow","max-snippet":"max-snippet:-1","max-image-preview":"max-image-preview:large","max-video-preview":"max-video-preview:-1"},"canonical":"https:\/\/medicinasinc.com\/de\/product\/kaufen-restoril-30-mg-temazepam-pillen\/","og_locale":"de_DE","og_type":"article","og_title":"Kaufen Sie Restoril 30 mg Temazepam-Pillen - Best Best Global Meds","og_description":"Pille mit Aufdruck RESTORIL 30 mg M ZUM SCHLAF ist blau \/ kastanienbraun, kapself\u00f6rmig und wurde als Restoril 30 mg identifiziert. Kaufen Sie RESTORIL 30 mg M ZUM SCHLAF.","og_url":"https:\/\/medicinasinc.com\/de\/product\/kaufen-restoril-30-mg-temazepam-pillen\/","og_site_name":"Medicinas Inc","article_modified_time":"2022-08-03T09:21:56+00:00","og_image":[{"width":2064,"height":1073,"url":"https:\/\/medicinasinc.com\/de\/wp-content\/uploads\/sites\/6\/2022\/02\/Buy-Restoril-30-mg-Temazepam-pills.jpg","type":"image\/jpeg"}],"twitter_card":"summary_large_image","twitter_misc":{"Gesch\u00e4tzte Lesezeit":"3\u00a0Minuten"},"schema":{"@context":"https:\/\/schema.org","@graph":[{"@type":"WebPage","@id":"https:\/\/medicinasinc.com\/de\/product\/kaufen-restoril-30-mg-temazepam-pillen\/","url":"https:\/\/medicinasinc.com\/de\/product\/kaufen-restoril-30-mg-temazepam-pillen\/","name":"Kaufen Sie Restoril 30 mg Temazepam-Pillen - Best Best Global Meds","isPartOf":{"@id":"https:\/\/medicinasinc.com\/de\/#website"},"primaryImageOfPage":{"@id":"https:\/\/medicinasinc.com\/de\/product\/kaufen-restoril-30-mg-temazepam-pillen\/#primaryimage"},"image":{"@id":"https:\/\/medicinasinc.com\/de\/product\/kaufen-restoril-30-mg-temazepam-pillen\/#primaryimage"},"thumbnailUrl":"https:\/\/medicinasinc.com\/de\/wp-content\/uploads\/sites\/6\/2022\/02\/Buy-Restoril-30-mg-Temazepam-pills.jpg","datePublished":"2022-02-21T18:36:34+00:00","dateModified":"2022-08-03T09:21:56+00:00","description":"Pille mit Aufdruck RESTORIL 30 mg M ZUM SCHLAF ist blau \/ kastanienbraun, kapself\u00f6rmig und wurde als Restoril 30 mg identifiziert. Kaufen Sie RESTORIL 30 mg M ZUM SCHLAF.","breadcrumb":{"@id":"https:\/\/medicinasinc.com\/de\/product\/kaufen-restoril-30-mg-temazepam-pillen\/#breadcrumb"},"inLanguage":"de","potentialAction":[{"@type":"ReadAction","target":["https:\/\/medicinasinc.com\/de\/product\/kaufen-restoril-30-mg-temazepam-pillen\/"]}]},{"@type":"ImageObject","inLanguage":"de","@id":"https:\/\/medicinasinc.com\/de\/product\/kaufen-restoril-30-mg-temazepam-pillen\/#primaryimage","url":"https:\/\/medicinasinc.com\/de\/wp-content\/uploads\/sites\/6\/2022\/02\/Buy-Restoril-30-mg-Temazepam-pills.jpg","contentUrl":"https:\/\/medicinasinc.com\/de\/wp-content\/uploads\/sites\/6\/2022\/02\/Buy-Restoril-30-mg-Temazepam-pills.jpg","width":2064,"height":1073},{"@type":"BreadcrumbList","@id":"https:\/\/medicinasinc.com\/de\/product\/kaufen-restoril-30-mg-temazepam-pillen\/#breadcrumb","itemListElement":[{"@type":"ListItem","position":1,"name":"Einkaufen","item":"https:\/\/medicinasinc.com\/de\/einkaufen\/"},{"@type":"ListItem","position":2,"name":"Kaufen Sie Restoril 30 mg Temazepam-Pillen"}]},{"@type":"WebSite","@id":"https:\/\/medicinasinc.com\/de\/#website","url":"https:\/\/medicinasinc.com\/de\/","name":"Medicinas Inc","description":"Health Medical Clinic","potentialAction":[{"@type":"SearchAction","target":{"@type":"EntryPoint","urlTemplate":"https:\/\/medicinasinc.com\/de\/?s={search_term_string}"},"query-input":{"@type":"PropertyValueSpecification","valueRequired":true,"valueName":"search_term_string"}}],"inLanguage":"de"}]}},"_links":{"self":[{"href":"https:\/\/medicinasinc.com\/de\/wp-json\/wp\/v2\/product\/5309","targetHints":{"allow":["GET"]}}],"collection":[{"href":"https:\/\/medicinasinc.com\/de\/wp-json\/wp\/v2\/product"}],"about":[{"href":"https:\/\/medicinasinc.com\/de\/wp-json\/wp\/v2\/types\/product"}],"replies":[{"embeddable":true,"href":"https:\/\/medicinasinc.com\/de\/wp-json\/wp\/v2\/comments?post=5309"}],"wp:featuredmedia":[{"embeddable":true,"href":"https:\/\/medicinasinc.com\/de\/wp-json\/wp\/v2\/media\/5319"}],"wp:attachment":[{"href":"https:\/\/medicinasinc.com\/de\/wp-json\/wp\/v2\/media?parent=5309"}],"wp:term":[{"taxonomy":"product_brand","embeddable":true,"href":"https:\/\/medicinasinc.com\/de\/wp-json\/wp\/v2\/product_brand?post=5309"},{"taxonomy":"product_cat","embeddable":true,"href":"https:\/\/medicinasinc.com\/de\/wp-json\/wp\/v2\/product_cat?post=5309"},{"taxonomy":"product_tag","embeddable":true,"href":"https:\/\/medicinasinc.com\/de\/wp-json\/wp\/v2\/product_tag?post=5309"}],"curies":[{"name":"wp","href":"https:\/\/api.w.org\/{rel}","templated":true}]}}