{"id":5296,"date":"2022-02-21T18:20:49","date_gmt":"2022-02-21T18:20:49","guid":{"rendered":"https:\/\/medicinasinc.com\/de\/?post_type=product&#038;p=5296"},"modified":"2022-03-18T00:25:39","modified_gmt":"2022-03-18T00:25:39","slug":"kaufen-phenida-10mg-pillen","status":"publish","type":"product","link":"https:\/\/medicinasinc.com\/de\/product\/kaufen-phenida-10mg-pillen\/","title":{"rendered":"Kaufen Sie Phenida 10 mg Tabletten"},"content":{"rendered":"<p>Phenida (Methylphenidat hcl) 10 mg Tabletten k\u00f6nnen im Internet gekauft werden.<\/p>\n<p>Wir haben die beste Online-Apotheke, in der Sie Phenida kaufen k\u00f6nnen, also kaufen Sie es jetzt.<\/p>\n<p>PHENIDA ist ein Medikament, das Menschen mit ADS\/ADHS hilft. Hier finden Sie weitere Informationen zu ADS\/ADHS und anderen Phenida.<\/p>\n<p>ADD\/ADHS:<\/p>\n<p>Wenn Sie ADHS haben, k\u00f6nnen Sie Ihre Aufmerksamkeit m\u00f6glicherweise nicht aufrecht erhalten zu aktiv oder nicht in der Lage sein, Ihr Verhalten zu kontrollieren. Das Alter und die Entwicklung einer Person k\u00f6nnen diese Probleme nicht zu ADHS machen, wenn sie au\u00dferhalb des normalen Bereichs f\u00fcr das Alter oder die Entwicklung dieser Person liegen.<\/p>\n<p>Medikamente f\u00fcr ADS und ADHS? Diese Seite verkauft Phenida (Methylphenidat-HCl) 10 mg.<\/p>\n<p>Die Aufmerksamkeitsdefizit-Hyperaktivit\u00e4tsst\u00f6rung (ADHS) ist eine der h\u00e4ufigsten St\u00f6rungen im Kindesalter und kann auch bis ins Jugend- und Erwachsenenalter andauern. Zu den Symptomen geh\u00f6ren Konzentrations- und Aufmerksamkeitsprobleme, Probleme bei der Verhaltenskontrolle und Hyperaktivit\u00e4t (\u00dcberaktivit\u00e4t).<\/p>\n<p>Um ADD-Tabletten (Aufmerksamkeitsdefizitst\u00f6rung) ohne Rezept online zu kaufen, k\u00f6nnen Sie auf die Website gehen .<\/p>\n<p>Die folgenden sind die verschiedenen Arten von Methylphenidat: Methylphenidat HCL, Methylphenidat HCL, Methylphenidat HCL ER, Methylphenidat HCL, Methylphenidat HCL, Methylphenidat HCL, Methylphenidat HCL 20 mg, Methylphenidat HCL 10 mg und Methylphenidat HCL cd. Wenn Sie Methylphenidat-HCl-Tabletten kaufen, was sind sie? Methylphenidat hcl er 20 mg, Methylphenidat hcl 18 mg, Methylphenidat hcl er cd, Methylphenidat hcl er 10 mg, Methylphenidat hcl er Dosierungsformen und Methylphenidat hcl vs. Methylphenidat hcl sind einige der Fragen, die mir gestellt werden.<\/p>\n","protected":false},"excerpt":{"rendered":"<div class=\"woocommerce-product-details__short-description\">\n<p>Phenida 10 mg Tabletten k\u00f6nnen online gekauft werden. frei verk\u00e4ufliche Schlaftabletten, Online-Apotheke Gro\u00dfbritannien, Verkauf von Steroidpillen, starke Schlaftabletten, Schmerzmittel.<\/p>\n<\/p><\/div>\n","protected":false},"featured_media":5307,"comment_status":"open","ping_status":"closed","template":"","meta":[],"product_brand":[],"product_cat":[1117],"product_tag":[1795,1794,1796,1797,1798,1799,1800,1802,1803,1805,1804,1806,1809,1808,1807,1801,1829,1819,1811,1812,1813,1824,1815,1825,1828,1810,1816,1817,1818,1826,1820,1821,1822,1823,1814,1827,1830,1831,1833,1834,1832,1835,1842,1837,1838,1839,1840,1841,1843,1844,1845,1836,1847,1848,1846,1849,1850],"class_list":{"0":"post-5296","1":"product","2":"type-product","3":"status-publish","4":"has-post-thumbnail","6":"product_cat-kaufen-sie-schmerz-schlaf-und-sexpillen","7":"product_tag-adh","8":"product_tag-akzeptiert-paypal","9":"product_tag-am-besten-phenida-methylphenidat-hcl-10mg-online","10":"product_tag-bulgarien-phenida","11":"product_tag-buy-phenida","12":"product_tag-buy-phenida-methylphenidate-hcl-10mg-online","13":"product_tag-buy-phenida-online","14":"product_tag-buy-phenida-10mg","15":"product_tag-buyphenidacredit-card","16":"product_tag-generika-phenida","17":"product_tag-generisches-ritalin-phenida","18":"product_tag-is-focalin-also-called-phenida","19":"product_tag-is-phenida-same-asadder","20":"product_tag-ist-phenida-dasselbe-wie-ritalin","21":"product_tag-ist-phenida-dasselbe-adderal","22":"product_tag-kaufen-phenidano-rezept","23":"product_tag-rezeptfrei","24":"product_tag-methylphenidat-hcl-er-10-mg","25":"product_tag-methylphenidat-hcl-10-mg","26":"product_tag-methylphenidat-hcl-18mg","27":"product_tag-methylphenidat-hcl-20-mg","28":"product_tag-methylphenidat-hcl-er-54-mg","29":"product_tag-methylphenidat-hcl-5mg","30":"product_tag-methylphenidat-hcl-er-cd","31":"product_tag-methylphenidat-gegen-methylphenidat-hcl","32":"product_tag-methylphenidat-hcl","33":"product_tag-methylphenidat-hcl-cd","34":"product_tag-methylphenidat-hcl-darreichungsformen","35":"product_tag-methylphenidat-hcl-er","36":"product_tag-methylphenidat-hcl-er-tabletten","37":"product_tag-methylphenidat-hcl-er-18-mg","38":"product_tag-methylphenidat-hcl-er-20-mg","39":"product_tag-methylphenidat-hcl-er-27-mg","40":"product_tag-methylphenidat-hcl-er-36-mg","41":"product_tag-methylphenidate-hcl-20mg","42":"product_tag-methylphenidat-hcl-nebenwirkungen","43":"product_tag-orderphenida","44":"product_tag-phenida","45":"product_tag-phenida-methylphenidat-hcl-10mg-zum-verkauf-online","46":"product_tag-phenida-methylphenidat-hcl-10mg-preis","47":"product_tag-phenida-methylphenidat-hcl-10-mg","48":"product_tag-phenida-methylphenidat-hcl-10mg-review","49":"product_tag-phenida-bewertungen","50":"product_tag-phenida-bulgerien","51":"product_tag-phenida-ohne-rezept","52":"product_tag-phenida-online","53":"product_tag-phenida-online-vertrauenswrdige-apotheke","54":"product_tag-phenida-online-vertrauenswrdige-apotheke-bitcoin","55":"product_tag-phenida-ritalin","56":"product_tag-phenida-ritalin-zafa","57":"product_tag-phenida-zafa","58":"product_tag-phenida-flasche","59":"product_tag-was-ist-methylphenidat-hcl","60":"product_tag-was-ist-phenida","61":"product_tag-what-does-phenida-meaning","62":"product_tag-wo-zu-kaufen-phenida","63":"product_tag-zafa-phenida","65":"first","66":"instock","67":"shipping-taxable","68":"purchasable","69":"product-type-variable","70":"has-default-attributes"},"yoast_head":"<!-- This site is optimized with the Yoast SEO plugin v27.3 - https:\/\/yoast.com\/product\/yoast-seo-wordpress\/ -->\n<title>Kaufen Sie Phenida 10mg Pillen - Best Best Global Meds<\/title>\n<meta name=\"description\" content=\"Kaufen Sie Phenida 10 mg Tabletten online. rezeptfreie Schlaftabletten, Pillen online bestellen, Steroide Pillen zum Verkauf, starke Schlaftabletten, Schmerzmittel, Online-Apotheke Gro\u00dfbritannien.\" \/>\n<meta name=\"robots\" content=\"index, follow, max-snippet:-1, max-image-preview:large, max-video-preview:-1\" \/>\n<link rel=\"canonical\" href=\"https:\/\/medicinasinc.com\/de\/product\/kaufen-phenida-10mg-pillen\/\" \/>\n<meta property=\"og:locale\" content=\"de_DE\" \/>\n<meta property=\"og:type\" content=\"article\" \/>\n<meta property=\"og:title\" content=\"Kaufen Sie Phenida 10mg Pillen - Best Best Global Meds\" \/>\n<meta property=\"og:description\" content=\"Kaufen Sie Phenida 10 mg Tabletten online. rezeptfreie Schlaftabletten, Pillen online bestellen, Steroide Pillen zum Verkauf, starke Schlaftabletten, Schmerzmittel, Online-Apotheke Gro\u00dfbritannien.\" \/>\n<meta property=\"og:url\" content=\"https:\/\/medicinasinc.com\/de\/product\/kaufen-phenida-10mg-pillen\/\" \/>\n<meta property=\"og:site_name\" content=\"Medicinas Inc\" \/>\n<meta property=\"article:modified_time\" content=\"2022-03-18T00:25:39+00:00\" \/>\n<meta property=\"og:image\" content=\"https:\/\/medicinasinc.com\/de\/wp-content\/uploads\/sites\/6\/2022\/02\/buy-phenida-10mg-pills-online.jpg\" \/>\n\t<meta property=\"og:image:width\" content=\"600\" \/>\n\t<meta property=\"og:image:height\" content=\"600\" \/>\n\t<meta property=\"og:image:type\" content=\"image\/jpeg\" \/>\n<meta name=\"twitter:card\" content=\"summary_large_image\" \/>\n<meta name=\"twitter:label1\" content=\"Gesch\u00e4tzte Lesezeit\" \/>\n\t<meta name=\"twitter:data1\" content=\"2\u00a0Minuten\" \/>\n<script type=\"application\/ld+json\" class=\"yoast-schema-graph\">{\"@context\":\"https:\\\/\\\/schema.org\",\"@graph\":[{\"@type\":\"WebPage\",\"@id\":\"https:\\\/\\\/medicinasinc.com\\\/de\\\/product\\\/kaufen-phenida-10mg-pillen\\\/\",\"url\":\"https:\\\/\\\/medicinasinc.com\\\/de\\\/product\\\/kaufen-phenida-10mg-pillen\\\/\",\"name\":\"Kaufen Sie Phenida 10mg Pillen - Best Best Global Meds\",\"isPartOf\":{\"@id\":\"https:\\\/\\\/medicinasinc.com\\\/de\\\/#website\"},\"primaryImageOfPage\":{\"@id\":\"https:\\\/\\\/medicinasinc.com\\\/de\\\/product\\\/kaufen-phenida-10mg-pillen\\\/#primaryimage\"},\"image\":{\"@id\":\"https:\\\/\\\/medicinasinc.com\\\/de\\\/product\\\/kaufen-phenida-10mg-pillen\\\/#primaryimage\"},\"thumbnailUrl\":\"https:\\\/\\\/medicinasinc.com\\\/de\\\/wp-content\\\/uploads\\\/sites\\\/6\\\/2022\\\/02\\\/buy-phenida-10mg-pills-online.jpg\",\"datePublished\":\"2022-02-21T18:20:49+00:00\",\"dateModified\":\"2022-03-18T00:25:39+00:00\",\"description\":\"Kaufen Sie Phenida 10 mg Tabletten online. rezeptfreie Schlaftabletten, Pillen online bestellen, Steroide Pillen zum Verkauf, starke Schlaftabletten, Schmerzmittel, Online-Apotheke Gro\u00dfbritannien.\",\"breadcrumb\":{\"@id\":\"https:\\\/\\\/medicinasinc.com\\\/de\\\/product\\\/kaufen-phenida-10mg-pillen\\\/#breadcrumb\"},\"inLanguage\":\"de\",\"potentialAction\":[{\"@type\":\"ReadAction\",\"target\":[\"https:\\\/\\\/medicinasinc.com\\\/de\\\/product\\\/kaufen-phenida-10mg-pillen\\\/\"]}]},{\"@type\":\"ImageObject\",\"inLanguage\":\"de\",\"@id\":\"https:\\\/\\\/medicinasinc.com\\\/de\\\/product\\\/kaufen-phenida-10mg-pillen\\\/#primaryimage\",\"url\":\"https:\\\/\\\/medicinasinc.com\\\/de\\\/wp-content\\\/uploads\\\/sites\\\/6\\\/2022\\\/02\\\/buy-phenida-10mg-pills-online.jpg\",\"contentUrl\":\"https:\\\/\\\/medicinasinc.com\\\/de\\\/wp-content\\\/uploads\\\/sites\\\/6\\\/2022\\\/02\\\/buy-phenida-10mg-pills-online.jpg\",\"width\":600,\"height\":600},{\"@type\":\"BreadcrumbList\",\"@id\":\"https:\\\/\\\/medicinasinc.com\\\/de\\\/product\\\/kaufen-phenida-10mg-pillen\\\/#breadcrumb\",\"itemListElement\":[{\"@type\":\"ListItem\",\"position\":1,\"name\":\"Einkaufen\",\"item\":\"https:\\\/\\\/medicinasinc.com\\\/de\\\/einkaufen\\\/\"},{\"@type\":\"ListItem\",\"position\":2,\"name\":\"Kaufen Sie Phenida 10 mg Tabletten\"}]},{\"@type\":\"WebSite\",\"@id\":\"https:\\\/\\\/medicinasinc.com\\\/de\\\/#website\",\"url\":\"https:\\\/\\\/medicinasinc.com\\\/de\\\/\",\"name\":\"Medicinas Inc\",\"description\":\"Health Medical Clinic\",\"potentialAction\":[{\"@type\":\"SearchAction\",\"target\":{\"@type\":\"EntryPoint\",\"urlTemplate\":\"https:\\\/\\\/medicinasinc.com\\\/de\\\/?s={search_term_string}\"},\"query-input\":{\"@type\":\"PropertyValueSpecification\",\"valueRequired\":true,\"valueName\":\"search_term_string\"}}],\"inLanguage\":\"de\"}]}<\/script>\n<!-- \/ Yoast SEO plugin. -->","yoast_head_json":{"title":"Kaufen Sie Phenida 10mg Pillen - Best Best Global Meds","description":"Kaufen Sie Phenida 10 mg Tabletten online. rezeptfreie Schlaftabletten, Pillen online bestellen, Steroide Pillen zum Verkauf, starke Schlaftabletten, Schmerzmittel, Online-Apotheke Gro\u00dfbritannien.","robots":{"index":"index","follow":"follow","max-snippet":"max-snippet:-1","max-image-preview":"max-image-preview:large","max-video-preview":"max-video-preview:-1"},"canonical":"https:\/\/medicinasinc.com\/de\/product\/kaufen-phenida-10mg-pillen\/","og_locale":"de_DE","og_type":"article","og_title":"Kaufen Sie Phenida 10mg Pillen - Best Best Global Meds","og_description":"Kaufen Sie Phenida 10 mg Tabletten online. rezeptfreie Schlaftabletten, Pillen online bestellen, Steroide Pillen zum Verkauf, starke Schlaftabletten, Schmerzmittel, Online-Apotheke Gro\u00dfbritannien.","og_url":"https:\/\/medicinasinc.com\/de\/product\/kaufen-phenida-10mg-pillen\/","og_site_name":"Medicinas Inc","article_modified_time":"2022-03-18T00:25:39+00:00","og_image":[{"width":600,"height":600,"url":"https:\/\/medicinasinc.com\/de\/wp-content\/uploads\/sites\/6\/2022\/02\/buy-phenida-10mg-pills-online.jpg","type":"image\/jpeg"}],"twitter_card":"summary_large_image","twitter_misc":{"Gesch\u00e4tzte Lesezeit":"2\u00a0Minuten"},"schema":{"@context":"https:\/\/schema.org","@graph":[{"@type":"WebPage","@id":"https:\/\/medicinasinc.com\/de\/product\/kaufen-phenida-10mg-pillen\/","url":"https:\/\/medicinasinc.com\/de\/product\/kaufen-phenida-10mg-pillen\/","name":"Kaufen Sie Phenida 10mg Pillen - Best Best Global Meds","isPartOf":{"@id":"https:\/\/medicinasinc.com\/de\/#website"},"primaryImageOfPage":{"@id":"https:\/\/medicinasinc.com\/de\/product\/kaufen-phenida-10mg-pillen\/#primaryimage"},"image":{"@id":"https:\/\/medicinasinc.com\/de\/product\/kaufen-phenida-10mg-pillen\/#primaryimage"},"thumbnailUrl":"https:\/\/medicinasinc.com\/de\/wp-content\/uploads\/sites\/6\/2022\/02\/buy-phenida-10mg-pills-online.jpg","datePublished":"2022-02-21T18:20:49+00:00","dateModified":"2022-03-18T00:25:39+00:00","description":"Kaufen Sie Phenida 10 mg Tabletten online. rezeptfreie Schlaftabletten, Pillen online bestellen, Steroide Pillen zum Verkauf, starke Schlaftabletten, Schmerzmittel, Online-Apotheke Gro\u00dfbritannien.","breadcrumb":{"@id":"https:\/\/medicinasinc.com\/de\/product\/kaufen-phenida-10mg-pillen\/#breadcrumb"},"inLanguage":"de","potentialAction":[{"@type":"ReadAction","target":["https:\/\/medicinasinc.com\/de\/product\/kaufen-phenida-10mg-pillen\/"]}]},{"@type":"ImageObject","inLanguage":"de","@id":"https:\/\/medicinasinc.com\/de\/product\/kaufen-phenida-10mg-pillen\/#primaryimage","url":"https:\/\/medicinasinc.com\/de\/wp-content\/uploads\/sites\/6\/2022\/02\/buy-phenida-10mg-pills-online.jpg","contentUrl":"https:\/\/medicinasinc.com\/de\/wp-content\/uploads\/sites\/6\/2022\/02\/buy-phenida-10mg-pills-online.jpg","width":600,"height":600},{"@type":"BreadcrumbList","@id":"https:\/\/medicinasinc.com\/de\/product\/kaufen-phenida-10mg-pillen\/#breadcrumb","itemListElement":[{"@type":"ListItem","position":1,"name":"Einkaufen","item":"https:\/\/medicinasinc.com\/de\/einkaufen\/"},{"@type":"ListItem","position":2,"name":"Kaufen Sie Phenida 10 mg Tabletten"}]},{"@type":"WebSite","@id":"https:\/\/medicinasinc.com\/de\/#website","url":"https:\/\/medicinasinc.com\/de\/","name":"Medicinas Inc","description":"Health Medical Clinic","potentialAction":[{"@type":"SearchAction","target":{"@type":"EntryPoint","urlTemplate":"https:\/\/medicinasinc.com\/de\/?s={search_term_string}"},"query-input":{"@type":"PropertyValueSpecification","valueRequired":true,"valueName":"search_term_string"}}],"inLanguage":"de"}]}},"_links":{"self":[{"href":"https:\/\/medicinasinc.com\/de\/wp-json\/wp\/v2\/product\/5296","targetHints":{"allow":["GET"]}}],"collection":[{"href":"https:\/\/medicinasinc.com\/de\/wp-json\/wp\/v2\/product"}],"about":[{"href":"https:\/\/medicinasinc.com\/de\/wp-json\/wp\/v2\/types\/product"}],"replies":[{"embeddable":true,"href":"https:\/\/medicinasinc.com\/de\/wp-json\/wp\/v2\/comments?post=5296"}],"wp:featuredmedia":[{"embeddable":true,"href":"https:\/\/medicinasinc.com\/de\/wp-json\/wp\/v2\/media\/5307"}],"wp:attachment":[{"href":"https:\/\/medicinasinc.com\/de\/wp-json\/wp\/v2\/media?parent=5296"}],"wp:term":[{"taxonomy":"product_brand","embeddable":true,"href":"https:\/\/medicinasinc.com\/de\/wp-json\/wp\/v2\/product_brand?post=5296"},{"taxonomy":"product_cat","embeddable":true,"href":"https:\/\/medicinasinc.com\/de\/wp-json\/wp\/v2\/product_cat?post=5296"},{"taxonomy":"product_tag","embeddable":true,"href":"https:\/\/medicinasinc.com\/de\/wp-json\/wp\/v2\/product_tag?post=5296"}],"curies":[{"name":"wp","href":"https:\/\/api.w.org\/{rel}","templated":true}]}}