{"id":5295,"date":"2022-02-21T18:18:17","date_gmt":"2022-02-21T18:18:17","guid":{"rendered":"https:\/\/medicinasinc.com\/de\/?post_type=product&#038;p=5295"},"modified":"2022-03-18T00:25:54","modified_gmt":"2022-03-18T00:25:54","slug":"kaufen-percocet-10mg-pillen","status":"publish","type":"product","link":"https:\/\/medicinasinc.com\/de\/product\/kaufen-percocet-10mg-pillen\/","title":{"rendered":"Kaufen Sie Percocet 10 mg Tabletten"},"content":{"rendered":"<h1 style=\"text-align: center\">Kaufen Sie Percocet 10 mg Tabletten online.<\/h1>\n<div class=\"Section\" style=\"text-align: center\">\n<h1>BESCHREIBUNG<\/h1>\n<p class=\"First\"><span class=\"Bold\">Oxycodonhydrochlorid und Acetaminophen sind als Tabletten zur oralen Verabreichung erh\u00e4ltlich.<\/span><\/p>\n<p>Jede Tablette zur oralen Verabreichung enth\u00e4lt Oxycodonhydrochlorid und Acetaminophen in den folgenden St\u00e4rken :<\/p>\n<p>Oxycodonhydrochlorid, USP\u00a0\u00a0\u00a0\u00a0\u00a0\u00a0\u00a0\u00a0\u00a0\u00a0\u00a0\u00a0 2,5\u00a0mg*<br \/> (*2,5\u00a0mg Oxycodonhydrochlorid entspricht 2,2409\u00a0mg Oxycodon.)<br \/> Acetaminophen, USP\u00a0\u00a0\u00a0\u00a0\u00a0\u00a0\u00a0\u00a0\u00a0\u00a0\u00a0\u00a0\u00a0\u00a0\u00a0 \u00a0\u00a0\u00a0\u00a0\u00a0\u00a0\u00a0\u00a0\u00a0\u00a0\u00a0\u00a0 325\u00a0mg<\/p>\n<p> Oxycodonhydrochlorid, USP\u00a0\u00a0\u00a0\u00a0\u00a0\u00a0\u00a0\u00a0\u00a0\u00a0\u00a0\u00a0 5\u00a0mg*<br \/> (*5\u00a0mg Oxycodonhydrochlorid entspricht 4,4815\u00a0mg Oxycodon.)<br \/> Acetaminophen, USP\u00a0\u00a0\u00a0\u00a0\u00a0\u00a0\u00a0\u00a0\u00a0\u00a0\u00a0\u00a0\u00a0\u00a0\u00a0 \u00a0\u00a0\u00a0\u00a0\u00a0\u00a0\u00a0\u00a0\u00a0\u00a0\u00a0\u00a0 \u00a0\u00a0\u00a0\u00a0\u00a0\u00a0\u00a0\u00a0\u00a0\u00a0\u00a0\u00a0 325\u00a0mg<\/p>\n<p>Oxycodonhydrochlorid,\u00a0\u00a0\u00a0\u00a0\u00a0\u00a0\u00a0\u00a0br \/&gt; (*7,5 mg Oxycodonhydrochlorid entspricht 6,7228 mg Oxycodon.)<br \/> Paracetamol, USP\u00a0\u00a0\u00a0\u00a0\u00a0\u00a0\u00a0\u00a0\u00a0\u00a0\u00a0\u00a0\u00a0\u00a0\u00a0 \u00a0\u00a0\u00a0\u00a0\u00a0\u00a0\u00a0\u00a0\u00a0\u00a0\u00a0\u00a0 325 mg<\/p>\n<p>Oxycodon H Hydrochlorid, USP\u00a0\u00a0\u00a0\u00a0\u00a0\u00a0\u00a0\u00a0\u00a0\u00a0\u00a0\u00a0 10 mg*<br \/> (*10 mg Oxycodonhydrochlorid entspricht 8,9637 mg Oxycodon.)<br \/> Paracetamol, USP\u00a0\u00a0\u00a0\u00a0\u00a0\u00a0\u00a0\u00a0\u00a0\u00a0\u00a0\u00a0\u00a0\u00a0\u00a0 \u00a0\u00a0\u00a0\u00a0\u00a0\u00a0\u00a0\u00a0\u00a0\u00a0\u00a0\u00a0 325 mg<\/p>\n<p>Alle St\u00e4rken von\u00a0<strong>PERCOCET strong&gt; enthalten au\u00dferdem die folgenden inaktiven Inhaltsstoffe: Kolloidales Siliciumdioxid, Croscarmellose-Natrium, mikrokristalline Cellulose, Povidon, vorgelatinierte Maisst\u00e4rke und Stearins\u00e4ure. Kann auch Crospovidon enthalten. Dar\u00fcber hinaus enth\u00e4lt die St\u00e4rke von 2,5 mg\/325 mg FD&amp;C Red No. 40 Aluminium Lake und die St\u00e4rke von 5 mg\/325 mg enth\u00e4lt FD&amp;C Blue No. 1 Aluminium Lake. Die St\u00e4rke von 7,5\u00a0mg\/325\u00a0mg enth\u00e4lt FD&amp;C Yellow No. 6 Aluminium Lake. Die St\u00e4rke von 10 mg\/325 mg enth\u00e4lt D&amp;C Yellow Nr. 10 Aluminium Lake. Die St\u00e4rke von 7,5 mg\/325 mg und die St\u00e4rke von 10 mg\/325 mg k\u00f6nnen auch Maisst\u00e4rke enthalten.<\/p>\n<p>Oxycodonhydrochlorid und Acetaminophen-Tabletten enthalten Oxycodon, 14-Hydroxydihydrocodeinon, ein halbsynthetisches Opioid-Analgetikum, das als wei\u00dfes To vorkommt cremefarbenes, feinkristallines Pulver. Die Summenformel f\u00fcr Oxycodonhydrochlorid lautet C<span class=\"Sub\">18<\/span>H<span class=\"Sub\">21<\/span>NO<span class=\"Sub\">4<\/span>\u00a0\u2219 HCl und das Molekulargewicht betr\u00e4gt 351,82. Es leitet sich vom Opiumalkaloid Thebain ab und kann durch die folgende Strukturformel dargestellt werden:<\/p>\n<div class=\"Figure\"><img decoding=\"async\" src=\"https:\/\/www.endo.com\/Image%20Library \/Endo\/EndoPharma\/Products\/Prescribing_Information\/pert-oxy-and-apap-tab-usp-1.jpg\" alt=\"chemische Struktur von Oxycodonhydrochlorid\" \/><\/div>\n<p>Oxycodonhydrochlorid und Paracetamol-Tabletten enthalten Paracetamol, 4\u2032-Hydroxyacetanilid ist ein opiat- und salicylatfreies Analgetikum und Antipyretikum, das als wei\u00dfes, geruchloses, kristallines Pulver vorliegt. Die Summenformel f\u00fcr Paracetamol ist C<span class=\"Sub\">8<\/span>H<span class=\"Sub\">9<\/span>NO<span class=\"Sub\">2<\/span>\u00a0und die Molekulargewicht ist 151,16. Es kann durch die folgende Strukturformel dargestellt werden:<\/p>\n<div class=\"Figure\"><img decoding=\"async\" src=\"https:\/\/www.endo.com\/Image%20Library\/Endo\/EndoPharma\/Products\/Prescribing_Information\/pert -oxy-and-apap-tab-usp-2.jpg\" alt=\"Acetaminophen-Strukturformel\" \/>&nbsp;<\/p>\n<p class=\"MultiMediaCaption\">Acetaminophen-Strukturformel<\/p>\n<\/p><\/div><\/div>\n<div class=\"Section\" style=\"text-align: center\">\n<p>Jede Tablette zur oralen Verabreichung enth\u00e4lt Oxycodonhydrochlorid und Paracetamol in den folgenden St\u00e4rken:<\/p>\n<p>Oxycodonhydrochlorid, USP\u00a02,5\u00a0mg*<br \/> Paracetamol, USP\u00a0325\u00a0mg<br \/> *2,5\u00a0mg Oxycodon-HCl entspricht 2,2409\u00a0mg Oxycodon.<\/p>\n<p>Oxycodonhydrochlorid, USP\u00a05\u00a0mg*<br \/> Paracetamol, USP 325\u00a0mg<br \/> *5\u00a0mg Oxycodon-HCl entspricht 4,4815\u00a0mg Oxycodon.<\/p>\n<p>Oxycodonhydrochlorid, USP\u00a07,5\u00a0mg*<br \/> Acetaminophen, USP\u00a0325\u00a0mg<br \/> *7,5\u00a0mg Oxycodon-HCl entspricht 6,7228 mg Oxycodon.<\/p>\n<p>Oxycodonhydrochlorid, USP\u00a010 mg*<br \/> Acetami Nophen, USP 325 mg<br \/> *10 mg Oxycodon-HCl entsprechen 8,9637 mg Oxycodon.<\/p>\n<p>Alle St\u00e4rken von PERCOCET enthalten au\u00dferdem die folgenden Hilfsstoffe: Kolloidales Siliciumdioxid, Croscarmellose-Natrium, Crospovidon, mikrokristalline Cellulose, Povidon, vorgelatinierte Maisst\u00e4rke und Stearins\u00e4ure. Zus\u00e4tzlich enth\u00e4lt die St\u00e4rke von 2,5 mg\/325 mg FD&amp;C Red No. 40 Aluminium Lake und die St\u00e4rke von 5 mg\/325 mg enth\u00e4lt FD&amp;C Blue No. 1 Aluminium Lake. Die St\u00e4rke von 7,5 mg\/325 mg enth\u00e4lt FD&amp;C Yellow No. 6 Aluminium Lake. Die St\u00e4rke von 10 mg\/325 mg enth\u00e4lt D&amp;C Yellow Nr. 10 Aluminium Lake. Die St\u00e4rken 7,5 mg\/325 mg und 10 mg\/325 mg k\u00f6nnen auch Maisst\u00e4rke enthalten.<\/p>\n<p>Oxycodon, 14-Hydroxydihydrocodeinon, ist ein halbsynthetisches Opioid-Analgetikum, das als wei\u00dfes, geruchloses, kristallines Pulver mit Kochsalzl\u00f6sung vorkommt , bitterer Geschmack. Die Molekularformel f\u00fcr Oxycodonhydrochlorid ist C<sub>18<\/sub>H<sub>21<\/sub>NO<sub>4<\/sub>\u00b7HCl und das Molekulargewicht betr\u00e4gt 351,82. Es wird vom Opiumalkaloid Thebain abgeleitet und kann durch die folgende Strukturformel dargestellt werden:<\/p>\n<p>&nbsp;<\/p>\n<table class=\"blackpic\" width=\"256\">\n<tbody>\n<tr>\n<td><img loading=\"lazy\" decoding=\"async\" title=\"Oxycodon - Darstellung der Strukturformel\" src=\"https:\/\/images.rxlist.com\/images\/rxlist\/oxyapap1.gif\" alt=\"Oxycodon - Darstellung der Strukturformel\" width=\"256\" height=\"154\" \/><\/td>\n<\/tr>\n<\/tbody>\n<\/table>\n<p>&nbsp;<\/p>\n<p>Acetaminophen, 4\u2032-Hydroxyacetanilid, ist ein Non -Opiat, salicylatfreies Analgetikum und Antipyretikum, das als wei\u00dfes, geruchloses, kristallines Pulver mit leicht bitterem Geschmack vorkommt. Die Summenformel f\u00fcr Paracetamol ist C<sub>8<\/sub>H<sub>9<\/sub>NO<sub>2<\/sub>\u00a0und das Molekulargewicht betr\u00e4gt 151,17. Es kann durch die folgende Strukturformel dargestellt werden:<\/p>\n<p>&nbsp;<\/p>\n<table class=\"blackpic\" width=\"232\" cellspacing=\"0\">\n<tbody>\n<tr>\n<td> <img decoding=\"async\" title=\"Acetaminophen - Darstellung der Strukturformel\" src=\"https:\/\/images.rxlist.com\/images\/rxlist\/oxyapap2.gif\" alt=\"Acetaminophen - Darstellung der Strukturformel\" width=\"232\" height=\"106 \" \/><\/td>\n<\/tr>\n<\/tbody>\n<\/table><\/div>\n<p style=\"text-align: center\">Kaufen Sie Percocet 10 mg Tabletten online. Andere Pillen wie Oxycodon sind ebenfalls erh\u00e4ltlich. Over-the-Counter-Schlaftabletten zum Verkauf zu sehr g\u00fcnstigen Preisen.<\/p>\n<p style=\"text-align: center\"><strong>wie lange bleibt Percocet in Ihrem System, wie lange bleibt Percocet in Ihrem System , wie sieht ein Percocet aus, wie f\u00fchlt sich Percocet an, wie lange bleibt Percocet in Ihrem Urin, was ist ein Percocet, wie sieht Percocet aus, wof\u00fcr wird Percocet verwendet, wie bekommt man verschriebenes Percocet, wie lange wirkt Percocet Bleiben Sie im Urin, was ist in Percocet, wie lange h\u00e4lt Percocet, wie sieht ein Percocet 10 aus, wie lange dauert Percocet-Entzug, welche Farbe hat Percocet, warum juckt Percocet, was macht Percocet mit Ihnen, was f\u00fchlt sich ein Percocet-High an, wie sehen Percocet-Pillen aus, wie viel ist Percocet, wie sieht ein Percocet 30 aus, f\u00fcr wie viel kann ich Percocet 5 325 verkaufen, wie viel Percocet sollte man \u00fcberdosieren, was ist st\u00e4rkeres Norco oder Percocet, Percocet-Juckreiz, wie man ihn stoppt, wie viel kostet Percocet ohne Versicherung, wie lange h\u00e4lt Percocet High an, Wie lange bleibt ein Percocet in Ihrem System, was ist st\u00e4rkeres Oxycodon oder Percocet, was ist st\u00e4rkeres Vicodin oder Percocet, wo bekommen Sie Percocet, wie f\u00fchlt sich Percocet an?<\/strong><\/p>\n","protected":false},"excerpt":{"rendered":"<div class=\"woocommerce-product-details__short-description\">\n<p>Kaufen Sie Percocet 10 mg Tabletten online. Starke Schlaftabletten, Schmerzmittel, Online-Apotheke Gro\u00dfbritannien, Verkauf von Schmerztabletten, Schmerzmittel, Online-Kauf von Medikamenten, Kauf von Schmerzmitteln online, Kauf von Schmerzmitteln online.<\/p>\n<\/p><\/div>\n","protected":false},"featured_media":5305,"comment_status":"open","ping_status":"closed","template":"","meta":[],"product_brand":[],"product_cat":[1117],"product_tag":[1721,1722,1780,1725,1723,1728,1727,1793,1729,1733,1724,1735,1734,1784,1691,1732,1736,1738,1739,1740,1741,1743,1742,1744,1745,1746,1747,1748,1749,1750,1751,1752,1753,1754,1755,1756,1757,1758,1764,1777,1778,1765,1766,1767,1774,1768,1770,1772,1773,1769,1776,1759,1760,1761,1763,1779,1775,1762,1771,1782,1781,1783,1737,1785,1786,1787,1791,1789,1790,1730,1731,1788,1726,1792],"class_list":{"0":"post-5295","1":"product","2":"type-product","3":"status-publish","4":"has-post-thumbnail","6":"product_cat-kaufen-sie-schmerz-schlaf-und-sexpillen","7":"product_tag-30-mg-percocet","8":"product_tag-5mg-percocet","9":"product_tag-bilder-von-percocet-pillen","10":"product_tag-billige-percocet-pillen","11":"product_tag-blau-perkot","12":"product_tag-fake-percocet-pills","13":"product_tag-fake-percocet","14":"product_tag-gelb-percoce","15":"product_tag-generisches-percocet","16":"product_tag-juckreiz-percocet","17":"product_tag-kaufen-percocet-online","18":"product_tag-molly-percocet-song","19":"product_tag-molly-percocet","20":"product_tag-nebenwirkungen-von-percocet","21":"product_tag-oxycodon-vs-percocet","22":"product_tag-ist-oxycodon-das-selbe-wie-percocet","23":"product_tag-oxycontin-vs-percocet","24":"product_tag-percocet-10","25":"product_tag-percocet-10-bilder","26":"product_tag-percocet-10-gelb","27":"product_tag-percocet-10-325","28":"product_tag-percocet-10-325-efectos-wei","29":"product_tag-percocet-10-325-effekte","30":"product_tag-percocet-10-325-espanol","31":"product_tag-percocet-10mg","32":"product_tag-percocet-15","33":"product_tag-percocet-15-mg","34":"product_tag-percocet-20-mg","35":"product_tag-percocet-30","36":"product_tag-percocet-30-mg","37":"product_tag-percocet-325","38":"product_tag-percocet-5","39":"product_tag-percocet-5-mg","40":"product_tag-percocet-5-325","41":"product_tag-percocet-5-325-preis","42":"product_tag-percocet-512","43":"product_tag-percocet-7-5","44":"product_tag-percocet-7-5-325-effekte","45":"product_tag-percocet-feeling","46":"product_tag-percocet-vs-tramadol","47":"product_tag-percocet-vs-vicodin","48":"product_tag-percocet-high","49":"product_tag-percocet-in-spanish","50":"product_tag-percocet-molly","51":"product_tag-percocet-nebenwirkungen","52":"product_tag-percocet-online","53":"product_tag-percocet-pille","54":"product_tag-percocet-pills-for-sale","55":"product_tag-percocet-pills-images","56":"product_tag-percocet-schmerztabletten","57":"product_tag-percocet-street-value","58":"product_tag-percocet-und-alkohol","59":"product_tag-percocet-und-xanax","60":"product_tag-percocet-dosierung","61":"product_tag-percocet-effekte","62":"product_tag-percocet-entzug","63":"product_tag-percocet-gelogen","64":"product_tag-percocet-medikament","65":"product_tag-percocet-pillen","66":"product_tag-pillen-die-aussehen-wie-percocet-5mg","67":"product_tag-pillen-die-aussehen-wie-percocet","68":"product_tag-pink-percocet","69":"product_tag-schmerztabletten-zum-verkauf-percocet","70":"product_tag-straenwert-von-percocet","71":"product_tag-tramadol-vs-percocet","72":"product_tag-vicodin-vs-percocet","73":"product_tag-was-ist-percocet","74":"product_tag-what-does-a-percocet-look-like","75":"product_tag-wie-fhlt-sich-percocet-an","76":"product_tag-wie-lange-bleibt-percocet-in-ihrem-system","77":"product_tag-wie-lange-bleibt-percocet-in-deinem-urin","78":"product_tag-wie-sehen-percocet-pillen-aus","79":"product_tag-wirkungen-von-percocet","80":"product_tag-wofr-percocet-verwendet-wird","82":"first","83":"instock","84":"shipping-taxable","85":"purchasable","86":"product-type-variable","87":"has-default-attributes"},"yoast_head":"<!-- This site is optimized with the Yoast SEO plugin v27.3 - https:\/\/yoast.com\/product\/yoast-seo-wordpress\/ -->\n<title>Kaufen Sie Percocet 10 mg Tabletten - Best Best Global Meds<\/title>\n<meta name=\"description\" content=\"Kaufen Sie Percocet 10 mg Tabletten online. Starke Schlaftabletten, Schmerzmittel, Online-Apotheke Gro\u00dfbritannien, Schmerzmittel zum Verkauf, Schmerzmittel, Online-Medikamentenkauf, Schmerzmittel online kaufen, Schmerzmittel online kaufen.\" \/>\n<meta name=\"robots\" content=\"index, follow, max-snippet:-1, max-image-preview:large, max-video-preview:-1\" \/>\n<link rel=\"canonical\" href=\"https:\/\/medicinasinc.com\/de\/product\/kaufen-percocet-10mg-pillen\/\" \/>\n<meta property=\"og:locale\" content=\"de_DE\" \/>\n<meta property=\"og:type\" content=\"article\" \/>\n<meta property=\"og:title\" content=\"Kaufen Sie Percocet 10 mg Tabletten - Best Best Global Meds\" \/>\n<meta property=\"og:description\" content=\"Kaufen Sie Percocet 10 mg Tabletten online. Starke Schlaftabletten, Schmerzmittel, Online-Apotheke Gro\u00dfbritannien, Schmerzmittel zum Verkauf, Schmerzmittel, Online-Medikamentenkauf, Schmerzmittel online kaufen, Schmerzmittel online kaufen.\" \/>\n<meta property=\"og:url\" content=\"https:\/\/medicinasinc.com\/de\/product\/kaufen-percocet-10mg-pillen\/\" \/>\n<meta property=\"og:site_name\" content=\"Medicinas Inc\" \/>\n<meta property=\"article:modified_time\" content=\"2022-03-18T00:25:54+00:00\" \/>\n<meta property=\"og:image\" content=\"https:\/\/medicinasinc.com\/de\/wp-content\/uploads\/sites\/6\/2022\/02\/Buy-Percocet-10mg-pills.jpg\" \/>\n\t<meta property=\"og:image:width\" content=\"600\" \/>\n\t<meta property=\"og:image:height\" content=\"400\" \/>\n\t<meta property=\"og:image:type\" content=\"image\/jpeg\" \/>\n<meta name=\"twitter:card\" content=\"summary_large_image\" \/>\n<meta name=\"twitter:label1\" content=\"Gesch\u00e4tzte Lesezeit\" \/>\n\t<meta name=\"twitter:data1\" content=\"5\u00a0Minuten\" \/>\n<script type=\"application\/ld+json\" class=\"yoast-schema-graph\">{\"@context\":\"https:\\\/\\\/schema.org\",\"@graph\":[{\"@type\":\"WebPage\",\"@id\":\"https:\\\/\\\/medicinasinc.com\\\/de\\\/product\\\/kaufen-percocet-10mg-pillen\\\/\",\"url\":\"https:\\\/\\\/medicinasinc.com\\\/de\\\/product\\\/kaufen-percocet-10mg-pillen\\\/\",\"name\":\"Kaufen Sie Percocet 10 mg Tabletten - Best Best Global Meds\",\"isPartOf\":{\"@id\":\"https:\\\/\\\/medicinasinc.com\\\/de\\\/#website\"},\"primaryImageOfPage\":{\"@id\":\"https:\\\/\\\/medicinasinc.com\\\/de\\\/product\\\/kaufen-percocet-10mg-pillen\\\/#primaryimage\"},\"image\":{\"@id\":\"https:\\\/\\\/medicinasinc.com\\\/de\\\/product\\\/kaufen-percocet-10mg-pillen\\\/#primaryimage\"},\"thumbnailUrl\":\"https:\\\/\\\/medicinasinc.com\\\/de\\\/wp-content\\\/uploads\\\/sites\\\/6\\\/2022\\\/02\\\/Buy-Percocet-10mg-pills.jpg\",\"datePublished\":\"2022-02-21T18:18:17+00:00\",\"dateModified\":\"2022-03-18T00:25:54+00:00\",\"description\":\"Kaufen Sie Percocet 10 mg Tabletten online. Starke Schlaftabletten, Schmerzmittel, Online-Apotheke Gro\u00dfbritannien, Schmerzmittel zum Verkauf, Schmerzmittel, Online-Medikamentenkauf, Schmerzmittel online kaufen, Schmerzmittel online kaufen.\",\"breadcrumb\":{\"@id\":\"https:\\\/\\\/medicinasinc.com\\\/de\\\/product\\\/kaufen-percocet-10mg-pillen\\\/#breadcrumb\"},\"inLanguage\":\"de\",\"potentialAction\":[{\"@type\":\"ReadAction\",\"target\":[\"https:\\\/\\\/medicinasinc.com\\\/de\\\/product\\\/kaufen-percocet-10mg-pillen\\\/\"]}]},{\"@type\":\"ImageObject\",\"inLanguage\":\"de\",\"@id\":\"https:\\\/\\\/medicinasinc.com\\\/de\\\/product\\\/kaufen-percocet-10mg-pillen\\\/#primaryimage\",\"url\":\"https:\\\/\\\/medicinasinc.com\\\/de\\\/wp-content\\\/uploads\\\/sites\\\/6\\\/2022\\\/02\\\/Buy-Percocet-10mg-pills.jpg\",\"contentUrl\":\"https:\\\/\\\/medicinasinc.com\\\/de\\\/wp-content\\\/uploads\\\/sites\\\/6\\\/2022\\\/02\\\/Buy-Percocet-10mg-pills.jpg\",\"width\":600,\"height\":400},{\"@type\":\"BreadcrumbList\",\"@id\":\"https:\\\/\\\/medicinasinc.com\\\/de\\\/product\\\/kaufen-percocet-10mg-pillen\\\/#breadcrumb\",\"itemListElement\":[{\"@type\":\"ListItem\",\"position\":1,\"name\":\"Einkaufen\",\"item\":\"https:\\\/\\\/medicinasinc.com\\\/de\\\/einkaufen\\\/\"},{\"@type\":\"ListItem\",\"position\":2,\"name\":\"Kaufen Sie Percocet 10 mg Tabletten\"}]},{\"@type\":\"WebSite\",\"@id\":\"https:\\\/\\\/medicinasinc.com\\\/de\\\/#website\",\"url\":\"https:\\\/\\\/medicinasinc.com\\\/de\\\/\",\"name\":\"Medicinas Inc\",\"description\":\"Health Medical Clinic\",\"potentialAction\":[{\"@type\":\"SearchAction\",\"target\":{\"@type\":\"EntryPoint\",\"urlTemplate\":\"https:\\\/\\\/medicinasinc.com\\\/de\\\/?s={search_term_string}\"},\"query-input\":{\"@type\":\"PropertyValueSpecification\",\"valueRequired\":true,\"valueName\":\"search_term_string\"}}],\"inLanguage\":\"de\"}]}<\/script>\n<!-- \/ Yoast SEO plugin. -->","yoast_head_json":{"title":"Kaufen Sie Percocet 10 mg Tabletten - Best Best Global Meds","description":"Kaufen Sie Percocet 10 mg Tabletten online. Starke Schlaftabletten, Schmerzmittel, Online-Apotheke Gro\u00dfbritannien, Schmerzmittel zum Verkauf, Schmerzmittel, Online-Medikamentenkauf, Schmerzmittel online kaufen, Schmerzmittel online kaufen.","robots":{"index":"index","follow":"follow","max-snippet":"max-snippet:-1","max-image-preview":"max-image-preview:large","max-video-preview":"max-video-preview:-1"},"canonical":"https:\/\/medicinasinc.com\/de\/product\/kaufen-percocet-10mg-pillen\/","og_locale":"de_DE","og_type":"article","og_title":"Kaufen Sie Percocet 10 mg Tabletten - Best Best Global Meds","og_description":"Kaufen Sie Percocet 10 mg Tabletten online. Starke Schlaftabletten, Schmerzmittel, Online-Apotheke Gro\u00dfbritannien, Schmerzmittel zum Verkauf, Schmerzmittel, Online-Medikamentenkauf, Schmerzmittel online kaufen, Schmerzmittel online kaufen.","og_url":"https:\/\/medicinasinc.com\/de\/product\/kaufen-percocet-10mg-pillen\/","og_site_name":"Medicinas Inc","article_modified_time":"2022-03-18T00:25:54+00:00","og_image":[{"width":600,"height":400,"url":"https:\/\/medicinasinc.com\/de\/wp-content\/uploads\/sites\/6\/2022\/02\/Buy-Percocet-10mg-pills.jpg","type":"image\/jpeg"}],"twitter_card":"summary_large_image","twitter_misc":{"Gesch\u00e4tzte Lesezeit":"5\u00a0Minuten"},"schema":{"@context":"https:\/\/schema.org","@graph":[{"@type":"WebPage","@id":"https:\/\/medicinasinc.com\/de\/product\/kaufen-percocet-10mg-pillen\/","url":"https:\/\/medicinasinc.com\/de\/product\/kaufen-percocet-10mg-pillen\/","name":"Kaufen Sie Percocet 10 mg Tabletten - Best Best Global Meds","isPartOf":{"@id":"https:\/\/medicinasinc.com\/de\/#website"},"primaryImageOfPage":{"@id":"https:\/\/medicinasinc.com\/de\/product\/kaufen-percocet-10mg-pillen\/#primaryimage"},"image":{"@id":"https:\/\/medicinasinc.com\/de\/product\/kaufen-percocet-10mg-pillen\/#primaryimage"},"thumbnailUrl":"https:\/\/medicinasinc.com\/de\/wp-content\/uploads\/sites\/6\/2022\/02\/Buy-Percocet-10mg-pills.jpg","datePublished":"2022-02-21T18:18:17+00:00","dateModified":"2022-03-18T00:25:54+00:00","description":"Kaufen Sie Percocet 10 mg Tabletten online. Starke Schlaftabletten, Schmerzmittel, Online-Apotheke Gro\u00dfbritannien, Schmerzmittel zum Verkauf, Schmerzmittel, Online-Medikamentenkauf, Schmerzmittel online kaufen, Schmerzmittel online kaufen.","breadcrumb":{"@id":"https:\/\/medicinasinc.com\/de\/product\/kaufen-percocet-10mg-pillen\/#breadcrumb"},"inLanguage":"de","potentialAction":[{"@type":"ReadAction","target":["https:\/\/medicinasinc.com\/de\/product\/kaufen-percocet-10mg-pillen\/"]}]},{"@type":"ImageObject","inLanguage":"de","@id":"https:\/\/medicinasinc.com\/de\/product\/kaufen-percocet-10mg-pillen\/#primaryimage","url":"https:\/\/medicinasinc.com\/de\/wp-content\/uploads\/sites\/6\/2022\/02\/Buy-Percocet-10mg-pills.jpg","contentUrl":"https:\/\/medicinasinc.com\/de\/wp-content\/uploads\/sites\/6\/2022\/02\/Buy-Percocet-10mg-pills.jpg","width":600,"height":400},{"@type":"BreadcrumbList","@id":"https:\/\/medicinasinc.com\/de\/product\/kaufen-percocet-10mg-pillen\/#breadcrumb","itemListElement":[{"@type":"ListItem","position":1,"name":"Einkaufen","item":"https:\/\/medicinasinc.com\/de\/einkaufen\/"},{"@type":"ListItem","position":2,"name":"Kaufen Sie Percocet 10 mg Tabletten"}]},{"@type":"WebSite","@id":"https:\/\/medicinasinc.com\/de\/#website","url":"https:\/\/medicinasinc.com\/de\/","name":"Medicinas Inc","description":"Health Medical Clinic","potentialAction":[{"@type":"SearchAction","target":{"@type":"EntryPoint","urlTemplate":"https:\/\/medicinasinc.com\/de\/?s={search_term_string}"},"query-input":{"@type":"PropertyValueSpecification","valueRequired":true,"valueName":"search_term_string"}}],"inLanguage":"de"}]}},"_links":{"self":[{"href":"https:\/\/medicinasinc.com\/de\/wp-json\/wp\/v2\/product\/5295","targetHints":{"allow":["GET"]}}],"collection":[{"href":"https:\/\/medicinasinc.com\/de\/wp-json\/wp\/v2\/product"}],"about":[{"href":"https:\/\/medicinasinc.com\/de\/wp-json\/wp\/v2\/types\/product"}],"replies":[{"embeddable":true,"href":"https:\/\/medicinasinc.com\/de\/wp-json\/wp\/v2\/comments?post=5295"}],"wp:featuredmedia":[{"embeddable":true,"href":"https:\/\/medicinasinc.com\/de\/wp-json\/wp\/v2\/media\/5305"}],"wp:attachment":[{"href":"https:\/\/medicinasinc.com\/de\/wp-json\/wp\/v2\/media?parent=5295"}],"wp:term":[{"taxonomy":"product_brand","embeddable":true,"href":"https:\/\/medicinasinc.com\/de\/wp-json\/wp\/v2\/product_brand?post=5295"},{"taxonomy":"product_cat","embeddable":true,"href":"https:\/\/medicinasinc.com\/de\/wp-json\/wp\/v2\/product_cat?post=5295"},{"taxonomy":"product_tag","embeddable":true,"href":"https:\/\/medicinasinc.com\/de\/wp-json\/wp\/v2\/product_tag?post=5295"}],"curies":[{"name":"wp","href":"https:\/\/api.w.org\/{rel}","templated":true}]}}