{"id":5294,"date":"2022-02-21T18:18:05","date_gmt":"2022-02-21T18:18:05","guid":{"rendered":"https:\/\/medicinasinc.com\/de\/?post_type=product&#038;p=5294"},"modified":"2022-03-18T00:26:03","modified_gmt":"2022-03-18T00:26:03","slug":"oxycodon-80-mg-kaufen","status":"publish","type":"product","link":"https:\/\/medicinasinc.com\/de\/product\/oxycodon-80-mg-kaufen\/","title":{"rendered":"Kaufen Sie Oxycodon 80 mg"},"content":{"rendered":"<div class=\"woocommerce-tabs wc-tabs-wrapper\">\n<div id=\"tab-description\" class=\"woocommerce-Tabs-panel woocommerce-Tabs-panel--description panel entry-content wc-tab\" style=\"text-align: center\" role=\"tabpanel\" aria-labelledby=\"tab-title-description\">\n<p>Online-Apotheke zum Kauf von Oxycontin 80 mg-Tabletten.<\/p>\n<p>Online-Kauf von Oxycodon 80 mg-Tabletten. Zus\u00e4tzlich sind 40 mg Oxycodon-Pillen erh\u00e4ltlich. Kaufen Sie bei uns nur die hochwertigsten Medikamente.<\/p>\n<p>ZUSAMMENFASSUNG Oxycodon ist ein Opioid-Schmerzmittel zur Behandlung m\u00e4\u00dfiger bis starker Schmerzen.<br \/> MARKENNAMEN<br \/> Endocet und Endodan sind beide Anti- Medikamente gegen Durchfall. Mai 2009, neu formuliert Xolox, Xtampza, Nalocet, Oxaydo, Oxy.IR, Oxycontin, Oxyneo, Percocet, Prolate, Rivacocet, Roxicet, Roxicodone, Targin, Targiniq <br \/> HINTERGRUND<br \/> Oxycodon ist ein halbsynthetisches Opioid-Analgetikum, das 1917 in Deutschland aus Thebain entwickelt wurde.<br \/> 3<br \/> Es ist heute als Produkt mit sofortiger Wirkstofffreisetzung f\u00fcr mittlere bis starke Schmerzen zugelassen als Produkt mit verl\u00e4ngerter Wirkstofffreisetzung f\u00fcr chronische m\u00e4\u00dfige bis starke Schmerzen, die eine kontinuierliche Opioid-Analgesie \u00fcber einen l\u00e4ngeren Zeitraum erfordern.<br \/> Die FDA genehmigte das erste oxycodonhaltige Medikament, Percodan, am 12. April 1950.<br \/> TYPEN VON KLEINEN MOLEK\u00dcLEN<br \/> GRUPPEN<br \/> Zugelassen, illegal und forschend<\/p>\n<\/p><\/div><\/div>\n","protected":false},"excerpt":{"rendered":"<p>Online-Kauf von Oxycodone 80 mg-Tabletten.<\/p>\n<p>Online-Kauf von Oxycodone 80 mg-Tabletten. Oxycodon 80 mg zum Verkauf in Gro\u00dfbritannien und Europa. Zus\u00e4tzlich sind 80 mg Oxycodon-Pillen erh\u00e4ltlich. Kaufen Sie bei uns nur die hochwertigsten Medikamente.<\/p>\n<p>Online-Kauf von Oxycodone 80mg Tabletten. Zus\u00e4tzlich sind 80 mg Oxycodon-Pillen erh\u00e4ltlich. Kaufen Sie bei uns nur die hochwertigsten Medikamente.<\/p>\n","protected":false},"featured_media":5303,"comment_status":"open","ping_status":"closed","template":"","meta":[],"product_brand":[],"product_cat":[1117],"product_tag":[1638,1639,1640,1715,1716,1645,1646,1712,1677,1643,1644,1688,1714,1647,1649,1650,1651,1652,1655,1656,1653,1654,1705,1657,1658,1660,1662,1661,1663,1664,1665,1666,1667,1668,1669,1670,1690,1691,1678,1680,1679,1681,1684,1672,1673,1674,1671,1692,1675,1676,1687,1693,1694,1659,1685,1686,1689,1682,1683,1696,1697,1056,1700,1701,1703,1698,1699,1702,1704,1706,1707,1708,1710,1711,1713,1709,1717,1718,1719,1720],"class_list":{"0":"post-5294","1":"product","2":"type-product","3":"status-publish","4":"has-post-thumbnail","6":"product_cat-kaufen-sie-schmerz-schlaf-und-sexpillen","7":"product_tag-15-mg-oxycodon","8":"product_tag-20-mg-oxycodon","9":"product_tag-20mg-oxycodone","10":"product_tag-arten-von-opioiden","11":"product_tag-arten-von-schmerzmitteln","12":"product_tag-flssigkeit-oxycodon","13":"product_tag-flssigkeit-oxycontin","14":"product_tag-roxy-30er","15":"product_tag-oxycodon-halbwertszeit","16":"product_tag-how-long-does-oxycodone-last","17":"product_tag-is-oxycodone-an-opioid","18":"product_tag-oxycodon-nebenwirkungen","19":"product_tag-nebenwirkungen-von-oxycodon","20":"product_tag-opioid-schmerzmittel","21":"product_tag-oxicodone","22":"product_tag-oxy","23":"product_tag-oxy-10","24":"product_tag-oxy-5-mg","25":"product_tag-oxy-pill","26":"product_tag-oxy-pills","27":"product_tag-sauerstofftrocken","28":"product_tag-oxy-medikamente","29":"product_tag-oxybaumwolle","30":"product_tag-oxycodin","31":"product_tag-oxycodon","32":"product_tag-oxycodon-10","33":"product_tag-oxycodon-10mg-rosa","34":"product_tag-oxycodon-10mg","35":"product_tag-oxycodon-15-mg","36":"product_tag-oxycodon-15mg","37":"product_tag-oxycodon-20-mg","38":"product_tag-oxycodon-20mg","39":"product_tag-oxycodon-30mg","40":"product_tag-oxycodon-5","41":"product_tag-oxycodon-5-325","42":"product_tag-oxycodon-5-mg","43":"product_tag-oxycodon-vs-oxycontin","44":"product_tag-oxycodon-vs-percocet","45":"product_tag-oxycodon-hcl","46":"product_tag-oxycodon-hcl-5mg","47":"product_tag-oxycodon-hcl-5-mg-tablette","48":"product_tag-oxycodon-hoch","49":"product_tag-oxycodon-sofortfreisetzung","50":"product_tag-oxycodon-und-alkohol","51":"product_tag-oxycodon-und-ibuprofen","52":"product_tag-oxycodon-und-tylenol","53":"product_tag-oxycodon-sucht","54":"product_tag-oxycodon-acetaminophen","55":"product_tag-oxycodon-dosen","56":"product_tag-oxycodon-effekte","57":"product_tag-oxycodon-pillen","58":"product_tag-oxycodon-acetaminophen-5-325","59":"product_tag-oxycodon-apap","60":"product_tag-oxycodone","61":"product_tag-oxycodone-ingredients","62":"product_tag-oxycodone-pill","63":"product_tag-oxycodone-uses","64":"product_tag-oxycodon-hydrochlorid","65":"product_tag-oxycodon-hydrochlorid-5-mg","66":"product_tag-oxycontin","67":"product_tag-oxycontin-30-mg","68":"product_tag-oxycontin-80-mg","69":"product_tag-oxycontin-generic","70":"product_tag-oxycontin-ir","71":"product_tag-oxycontin-vs-oxycodon","72":"product_tag-oxycontin-dosierung","73":"product_tag-oxycontin-effekte","74":"product_tag-oxycontin-berdosierung","75":"product_tag-oxycoton","76":"product_tag-oxys","77":"product_tag-oxytocin-pillen","78":"product_tag-pille-20","79":"product_tag-roxicodon-gegen-oxycodon","80":"product_tag-roxy-10","81":"product_tag-roxy-droge","82":"product_tag-verschreibungspflichtige-schmerzmittel","83":"product_tag-was-macht-oxycodon","84":"product_tag-was-ist-oxy","85":"product_tag-was-ist-oxymorphon","86":"product_tag-was-ist-roxicodon","88":"first","89":"instock","90":"shipping-taxable","91":"purchasable","92":"product-type-variable","93":"has-default-attributes"},"yoast_head":"<!-- This site is optimized with the Yoast SEO plugin v27.3 - https:\/\/yoast.com\/product\/yoast-seo-wordpress\/ -->\n<title>Kaufen Sie Oxycodon 80 mg - Best Best Global Meds<\/title>\n<meta name=\"description\" content=\"Kaufen Sie Oxycodon 80 mg Tabletten online. Kaufen Sie Oxycodon 80 mg zum Verkauf in Gro\u00dfbritannien, Europa. Oxycodon 80 mg Tabletten sind ebenfalls erh\u00e4ltlich. Kaufen Sie bei uns die besten Pillen.\" \/>\n<meta name=\"robots\" content=\"index, follow, max-snippet:-1, max-image-preview:large, max-video-preview:-1\" \/>\n<link rel=\"canonical\" href=\"https:\/\/medicinasinc.com\/de\/product\/oxycodon-80-mg-kaufen\/\" \/>\n<meta property=\"og:locale\" content=\"de_DE\" \/>\n<meta property=\"og:type\" content=\"article\" \/>\n<meta property=\"og:title\" content=\"Kaufen Sie Oxycodon 80 mg - Best Best Global Meds\" \/>\n<meta property=\"og:description\" content=\"Kaufen Sie Oxycodon 80 mg Tabletten online. Kaufen Sie Oxycodon 80 mg zum Verkauf in Gro\u00dfbritannien, Europa. Oxycodon 80 mg Tabletten sind ebenfalls erh\u00e4ltlich. Kaufen Sie bei uns die besten Pillen.\" \/>\n<meta property=\"og:url\" content=\"https:\/\/medicinasinc.com\/de\/product\/oxycodon-80-mg-kaufen\/\" \/>\n<meta property=\"og:site_name\" content=\"Medicinas Inc\" \/>\n<meta property=\"article:modified_time\" content=\"2022-03-18T00:26:03+00:00\" \/>\n<meta property=\"og:image\" content=\"https:\/\/medicinasinc.com\/de\/wp-content\/uploads\/sites\/6\/2022\/02\/Buy-Oxycodone-80mg.jpg\" \/>\n\t<meta property=\"og:image:width\" content=\"600\" \/>\n\t<meta property=\"og:image:height\" content=\"514\" \/>\n\t<meta property=\"og:image:type\" content=\"image\/jpeg\" \/>\n<meta name=\"twitter:card\" content=\"summary_large_image\" \/>\n<meta name=\"twitter:label1\" content=\"Gesch\u00e4tzte Lesezeit\" \/>\n\t<meta name=\"twitter:data1\" content=\"1\u00a0Minute\" \/>\n<script type=\"application\/ld+json\" class=\"yoast-schema-graph\">{\"@context\":\"https:\\\/\\\/schema.org\",\"@graph\":[{\"@type\":\"WebPage\",\"@id\":\"https:\\\/\\\/medicinasinc.com\\\/de\\\/product\\\/oxycodon-80-mg-kaufen\\\/\",\"url\":\"https:\\\/\\\/medicinasinc.com\\\/de\\\/product\\\/oxycodon-80-mg-kaufen\\\/\",\"name\":\"Kaufen Sie Oxycodon 80 mg - Best Best Global Meds\",\"isPartOf\":{\"@id\":\"https:\\\/\\\/medicinasinc.com\\\/de\\\/#website\"},\"primaryImageOfPage\":{\"@id\":\"https:\\\/\\\/medicinasinc.com\\\/de\\\/product\\\/oxycodon-80-mg-kaufen\\\/#primaryimage\"},\"image\":{\"@id\":\"https:\\\/\\\/medicinasinc.com\\\/de\\\/product\\\/oxycodon-80-mg-kaufen\\\/#primaryimage\"},\"thumbnailUrl\":\"https:\\\/\\\/medicinasinc.com\\\/de\\\/wp-content\\\/uploads\\\/sites\\\/6\\\/2022\\\/02\\\/Buy-Oxycodone-80mg.jpg\",\"datePublished\":\"2022-02-21T18:18:05+00:00\",\"dateModified\":\"2022-03-18T00:26:03+00:00\",\"description\":\"Kaufen Sie Oxycodon 80 mg Tabletten online. Kaufen Sie Oxycodon 80 mg zum Verkauf in Gro\u00dfbritannien, Europa. Oxycodon 80 mg Tabletten sind ebenfalls erh\u00e4ltlich. Kaufen Sie bei uns die besten Pillen.\",\"breadcrumb\":{\"@id\":\"https:\\\/\\\/medicinasinc.com\\\/de\\\/product\\\/oxycodon-80-mg-kaufen\\\/#breadcrumb\"},\"inLanguage\":\"de\",\"potentialAction\":[{\"@type\":\"ReadAction\",\"target\":[\"https:\\\/\\\/medicinasinc.com\\\/de\\\/product\\\/oxycodon-80-mg-kaufen\\\/\"]}]},{\"@type\":\"ImageObject\",\"inLanguage\":\"de\",\"@id\":\"https:\\\/\\\/medicinasinc.com\\\/de\\\/product\\\/oxycodon-80-mg-kaufen\\\/#primaryimage\",\"url\":\"https:\\\/\\\/medicinasinc.com\\\/de\\\/wp-content\\\/uploads\\\/sites\\\/6\\\/2022\\\/02\\\/Buy-Oxycodone-80mg.jpg\",\"contentUrl\":\"https:\\\/\\\/medicinasinc.com\\\/de\\\/wp-content\\\/uploads\\\/sites\\\/6\\\/2022\\\/02\\\/Buy-Oxycodone-80mg.jpg\",\"width\":600,\"height\":514},{\"@type\":\"BreadcrumbList\",\"@id\":\"https:\\\/\\\/medicinasinc.com\\\/de\\\/product\\\/oxycodon-80-mg-kaufen\\\/#breadcrumb\",\"itemListElement\":[{\"@type\":\"ListItem\",\"position\":1,\"name\":\"Einkaufen\",\"item\":\"https:\\\/\\\/medicinasinc.com\\\/de\\\/einkaufen\\\/\"},{\"@type\":\"ListItem\",\"position\":2,\"name\":\"Kaufen Sie Oxycodon 80 mg\"}]},{\"@type\":\"WebSite\",\"@id\":\"https:\\\/\\\/medicinasinc.com\\\/de\\\/#website\",\"url\":\"https:\\\/\\\/medicinasinc.com\\\/de\\\/\",\"name\":\"Medicinas Inc\",\"description\":\"Health Medical Clinic\",\"potentialAction\":[{\"@type\":\"SearchAction\",\"target\":{\"@type\":\"EntryPoint\",\"urlTemplate\":\"https:\\\/\\\/medicinasinc.com\\\/de\\\/?s={search_term_string}\"},\"query-input\":{\"@type\":\"PropertyValueSpecification\",\"valueRequired\":true,\"valueName\":\"search_term_string\"}}],\"inLanguage\":\"de\"}]}<\/script>\n<!-- \/ Yoast SEO plugin. -->","yoast_head_json":{"title":"Kaufen Sie Oxycodon 80 mg - Best Best Global Meds","description":"Kaufen Sie Oxycodon 80 mg Tabletten online. Kaufen Sie Oxycodon 80 mg zum Verkauf in Gro\u00dfbritannien, Europa. Oxycodon 80 mg Tabletten sind ebenfalls erh\u00e4ltlich. Kaufen Sie bei uns die besten Pillen.","robots":{"index":"index","follow":"follow","max-snippet":"max-snippet:-1","max-image-preview":"max-image-preview:large","max-video-preview":"max-video-preview:-1"},"canonical":"https:\/\/medicinasinc.com\/de\/product\/oxycodon-80-mg-kaufen\/","og_locale":"de_DE","og_type":"article","og_title":"Kaufen Sie Oxycodon 80 mg - Best Best Global Meds","og_description":"Kaufen Sie Oxycodon 80 mg Tabletten online. Kaufen Sie Oxycodon 80 mg zum Verkauf in Gro\u00dfbritannien, Europa. Oxycodon 80 mg Tabletten sind ebenfalls erh\u00e4ltlich. Kaufen Sie bei uns die besten Pillen.","og_url":"https:\/\/medicinasinc.com\/de\/product\/oxycodon-80-mg-kaufen\/","og_site_name":"Medicinas Inc","article_modified_time":"2022-03-18T00:26:03+00:00","og_image":[{"width":600,"height":514,"url":"https:\/\/medicinasinc.com\/de\/wp-content\/uploads\/sites\/6\/2022\/02\/Buy-Oxycodone-80mg.jpg","type":"image\/jpeg"}],"twitter_card":"summary_large_image","twitter_misc":{"Gesch\u00e4tzte Lesezeit":"1\u00a0Minute"},"schema":{"@context":"https:\/\/schema.org","@graph":[{"@type":"WebPage","@id":"https:\/\/medicinasinc.com\/de\/product\/oxycodon-80-mg-kaufen\/","url":"https:\/\/medicinasinc.com\/de\/product\/oxycodon-80-mg-kaufen\/","name":"Kaufen Sie Oxycodon 80 mg - Best Best Global Meds","isPartOf":{"@id":"https:\/\/medicinasinc.com\/de\/#website"},"primaryImageOfPage":{"@id":"https:\/\/medicinasinc.com\/de\/product\/oxycodon-80-mg-kaufen\/#primaryimage"},"image":{"@id":"https:\/\/medicinasinc.com\/de\/product\/oxycodon-80-mg-kaufen\/#primaryimage"},"thumbnailUrl":"https:\/\/medicinasinc.com\/de\/wp-content\/uploads\/sites\/6\/2022\/02\/Buy-Oxycodone-80mg.jpg","datePublished":"2022-02-21T18:18:05+00:00","dateModified":"2022-03-18T00:26:03+00:00","description":"Kaufen Sie Oxycodon 80 mg Tabletten online. Kaufen Sie Oxycodon 80 mg zum Verkauf in Gro\u00dfbritannien, Europa. Oxycodon 80 mg Tabletten sind ebenfalls erh\u00e4ltlich. Kaufen Sie bei uns die besten Pillen.","breadcrumb":{"@id":"https:\/\/medicinasinc.com\/de\/product\/oxycodon-80-mg-kaufen\/#breadcrumb"},"inLanguage":"de","potentialAction":[{"@type":"ReadAction","target":["https:\/\/medicinasinc.com\/de\/product\/oxycodon-80-mg-kaufen\/"]}]},{"@type":"ImageObject","inLanguage":"de","@id":"https:\/\/medicinasinc.com\/de\/product\/oxycodon-80-mg-kaufen\/#primaryimage","url":"https:\/\/medicinasinc.com\/de\/wp-content\/uploads\/sites\/6\/2022\/02\/Buy-Oxycodone-80mg.jpg","contentUrl":"https:\/\/medicinasinc.com\/de\/wp-content\/uploads\/sites\/6\/2022\/02\/Buy-Oxycodone-80mg.jpg","width":600,"height":514},{"@type":"BreadcrumbList","@id":"https:\/\/medicinasinc.com\/de\/product\/oxycodon-80-mg-kaufen\/#breadcrumb","itemListElement":[{"@type":"ListItem","position":1,"name":"Einkaufen","item":"https:\/\/medicinasinc.com\/de\/einkaufen\/"},{"@type":"ListItem","position":2,"name":"Kaufen Sie Oxycodon 80 mg"}]},{"@type":"WebSite","@id":"https:\/\/medicinasinc.com\/de\/#website","url":"https:\/\/medicinasinc.com\/de\/","name":"Medicinas Inc","description":"Health Medical Clinic","potentialAction":[{"@type":"SearchAction","target":{"@type":"EntryPoint","urlTemplate":"https:\/\/medicinasinc.com\/de\/?s={search_term_string}"},"query-input":{"@type":"PropertyValueSpecification","valueRequired":true,"valueName":"search_term_string"}}],"inLanguage":"de"}]}},"_links":{"self":[{"href":"https:\/\/medicinasinc.com\/de\/wp-json\/wp\/v2\/product\/5294","targetHints":{"allow":["GET"]}}],"collection":[{"href":"https:\/\/medicinasinc.com\/de\/wp-json\/wp\/v2\/product"}],"about":[{"href":"https:\/\/medicinasinc.com\/de\/wp-json\/wp\/v2\/types\/product"}],"replies":[{"embeddable":true,"href":"https:\/\/medicinasinc.com\/de\/wp-json\/wp\/v2\/comments?post=5294"}],"wp:featuredmedia":[{"embeddable":true,"href":"https:\/\/medicinasinc.com\/de\/wp-json\/wp\/v2\/media\/5303"}],"wp:attachment":[{"href":"https:\/\/medicinasinc.com\/de\/wp-json\/wp\/v2\/media?parent=5294"}],"wp:term":[{"taxonomy":"product_brand","embeddable":true,"href":"https:\/\/medicinasinc.com\/de\/wp-json\/wp\/v2\/product_brand?post=5294"},{"taxonomy":"product_cat","embeddable":true,"href":"https:\/\/medicinasinc.com\/de\/wp-json\/wp\/v2\/product_cat?post=5294"},{"taxonomy":"product_tag","embeddable":true,"href":"https:\/\/medicinasinc.com\/de\/wp-json\/wp\/v2\/product_tag?post=5294"}],"curies":[{"name":"wp","href":"https:\/\/api.w.org\/{rel}","templated":true}]}}