{"id":5293,"date":"2022-02-21T18:15:16","date_gmt":"2022-02-21T18:15:16","guid":{"rendered":"https:\/\/medicinasinc.com\/de\/?post_type=product&#038;p=5293"},"modified":"2022-03-18T00:26:15","modified_gmt":"2022-03-18T00:26:15","slug":"oxycodon-40mg-pillen-kaufen","status":"publish","type":"product","link":"https:\/\/medicinasinc.com\/de\/product\/oxycodon-40mg-pillen-kaufen\/","title":{"rendered":"Kaufen Sie OxyCodone 40 mg Tabletten"},"content":{"rendered":"<p>Online-Kauf von Oxycodone 40 mg-Tabletten.<\/p>\n<p>Online-Kauf von Oxycodone 40 mg-Tabletten. Au\u00dferdem verkaufen wir Codein. Weltweit werden Schmerzmittel und andere Medikamente eingesetzt.<\/p>\n<p>Online-Apotheke zum Kauf von OxyCodone 40 mg Tabletten.<\/p>\n<p>Oxycodone Online kaufen | Kaufen Sie Oxycodon 40 mg ohne Rezept<\/p>\n<p>Sie k\u00f6nnen eine Expresslieferung per Kreditkarte erhalten.<\/p>\n<p>Dieses Arzneimittel wird zur Linderung schwerer, anhaltender Schmerzen (z Krebs).<\/p>\n<p>Oxycodon ist ein Opioid-Analgetikum. Es wirkt, indem es ver\u00e4ndert, wie Ihr K\u00f6rper Schmerzen im Gehirn wahrnimmt und darauf reagiert.<\/p>\n<p>Die h\u00f6heren Dosen dieses Medikaments (mehr als 40 mg pro Tablette) sollten nur verwendet werden, wenn Sie moderate bis hohe Dosen eingenommen haben regelm\u00e4\u00dfig Opioid-Schmerzmittel. Diese St\u00e4rken k\u00f6nnen zu einer \u00dcberdosierung (und m\u00f6glicherweise zum Tod) f\u00fchren, wenn sie von jemandem eingenommen werden, der nicht konsequent Opioide eingenommen hat.<\/p>\n<p>Vermeiden Sie die Verwendung von Oxycodon mit verl\u00e4ngerter Freisetzung zur Behandlung von Schmerzen, die minimal sind oder innerhalb von a verschwinden ein paar Tage. Dieses Medikament ist nicht f\u00fcr die Verwendung nach Bedarf bestimmt.<\/p>\n","protected":false},"excerpt":{"rendered":"<div class=\"woocommerce-product-details__short-description\">\n<p>Online-Apotheke zum Kauf von OxyCodone 40 mg Tabletten. Kaufen Sie Oxycodon online | Kaufen Sie Oxycodone 40 mg ohne Rezept. Sie k\u00f6nnen eine Expresslieferung per Bank\u00fcberweisung erhalten.<\/p>\n<p>Kaufen Sie Oxycodone 40 mg Pillen online im Vereinigten K\u00f6nigreich und in Europa, bestellen Sie g\u00fcnstige Oxycodone Pillen online mit&#8230; Sie k\u00f6nnen Oxycodon-Tabletten online ohne Rezept kaufen (No RX).<\/p>\n<\/p><\/div>\n","protected":false},"featured_media":5301,"comment_status":"open","ping_status":"closed","template":"","meta":[],"product_brand":[],"product_cat":[1117],"product_tag":[1638,1639,1640,1715,1716,1641,1642,1645,1646,1712,1677,1643,1644,1714,1688,1647,1648,1649,1650,1651,1652,1655,1656,1653,1654,1705,1657,1658,1660,1662,1661,1663,1664,1665,1666,1667,1668,1669,1670,1690,1691,1678,1680,1679,1681,1684,1672,1673,1674,1671,1692,1675,1676,1687,1693,1694,1659,1685,1686,1689,1682,1683,1695,1696,1697,1056,1700,1701,1703,1698,1699,1702,1704,1706,1707,1708,1710,1711,1713,1709,1717,1718,1719,1720],"class_list":{"0":"post-5293","1":"product","2":"type-product","3":"status-publish","4":"has-post-thumbnail","6":"product_cat-kaufen-sie-schmerz-schlaf-und-sexpillen","7":"product_tag-15-mg-oxycodon","8":"product_tag-20-mg-oxycodon","9":"product_tag-20mg-oxycodone","10":"product_tag-arten-von-opioiden","11":"product_tag-arten-von-schmerzmitteln","12":"product_tag-dihydrohydroxycodeinon","13":"product_tag-dihydroxycodeinone","14":"product_tag-flssigkeit-oxycodon","15":"product_tag-flssigkeit-oxycontin","16":"product_tag-roxy-30er","17":"product_tag-oxycodon-halbwertszeit","18":"product_tag-how-long-does-oxycodone-last","19":"product_tag-is-oxycodone-an-opioid","20":"product_tag-nebenwirkungen-von-oxycodon","21":"product_tag-oxycodon-nebenwirkungen","22":"product_tag-opioid-schmerzmittel","23":"product_tag-oxicodona","24":"product_tag-oxicodone","25":"product_tag-oxy","26":"product_tag-oxy-10","27":"product_tag-oxy-5-mg","28":"product_tag-oxy-pill","29":"product_tag-oxy-pills","30":"product_tag-sauerstofftrocken","31":"product_tag-oxy-medikamente","32":"product_tag-oxybaumwolle","33":"product_tag-oxycodin","34":"product_tag-oxycodon","35":"product_tag-oxycodon-10","36":"product_tag-oxycodon-10mg-rosa","37":"product_tag-oxycodon-10mg","38":"product_tag-oxycodon-15-mg","39":"product_tag-oxycodon-15mg","40":"product_tag-oxycodon-20-mg","41":"product_tag-oxycodon-20mg","42":"product_tag-oxycodon-30mg","43":"product_tag-oxycodon-5","44":"product_tag-oxycodon-5-325","45":"product_tag-oxycodon-5-mg","46":"product_tag-oxycodon-vs-oxycontin","47":"product_tag-oxycodon-vs-percocet","48":"product_tag-oxycodon-hcl","49":"product_tag-oxycodon-hcl-5mg","50":"product_tag-oxycodon-hcl-5-mg-tablette","51":"product_tag-oxycodon-hoch","52":"product_tag-oxycodon-sofortfreisetzung","53":"product_tag-oxycodon-und-alkohol","54":"product_tag-oxycodon-und-ibuprofen","55":"product_tag-oxycodon-und-tylenol","56":"product_tag-oxycodon-sucht","57":"product_tag-oxycodon-acetaminophen","58":"product_tag-oxycodon-dosen","59":"product_tag-oxycodon-effekte","60":"product_tag-oxycodon-pillen","61":"product_tag-oxycodon-acetaminophen-5-325","62":"product_tag-oxycodon-apap","63":"product_tag-oxycodone","64":"product_tag-oxycodone-ingredients","65":"product_tag-oxycodone-pill","66":"product_tag-oxycodone-uses","67":"product_tag-oxycodon-hydrochlorid","68":"product_tag-oxycodon-hydrochlorid-5-mg","69":"product_tag-oxycodonum","70":"product_tag-oxycontin","71":"product_tag-oxycontin-30-mg","72":"product_tag-oxycontin-80-mg","73":"product_tag-oxycontin-generic","74":"product_tag-oxycontin-ir","75":"product_tag-oxycontin-vs-oxycodon","76":"product_tag-oxycontin-dosierung","77":"product_tag-oxycontin-effekte","78":"product_tag-oxycontin-berdosierung","79":"product_tag-oxycoton","80":"product_tag-oxys","81":"product_tag-oxytocin-pillen","82":"product_tag-pille-20","83":"product_tag-roxicodon-gegen-oxycodon","84":"product_tag-roxy-10","85":"product_tag-roxy-droge","86":"product_tag-verschreibungspflichtige-schmerzmittel","87":"product_tag-was-macht-oxycodon","88":"product_tag-was-ist-oxy","89":"product_tag-was-ist-oxymorphon","90":"product_tag-was-ist-roxicodon","92":"first","93":"instock","94":"shipping-taxable","95":"purchasable","96":"product-type-variable","97":"has-default-attributes"},"yoast_head":"<!-- This site is optimized with the Yoast SEO plugin v27.3 - https:\/\/yoast.com\/product\/yoast-seo-wordpress\/ -->\n<title>Kaufen Sie OxyCodone 40 mg Tabletten - Best Best Global Meds<\/title>\n<meta name=\"description\" content=\"Kaufen Sie Oxycodone 40 mg Pillen zum Verkauf in Gro\u00dfbritannien, Europa online, Bestellen Sie billige Oxycodone 40 mg Pillen online mit ... Sie k\u00f6nnen Oxycodone online Tabletten ohne Rezept kaufen (kein RX).\" \/>\n<meta name=\"robots\" content=\"index, follow, max-snippet:-1, max-image-preview:large, max-video-preview:-1\" \/>\n<link rel=\"canonical\" href=\"https:\/\/medicinasinc.com\/de\/product\/oxycodon-40mg-pillen-kaufen\/\" \/>\n<meta property=\"og:locale\" content=\"de_DE\" \/>\n<meta property=\"og:type\" content=\"article\" \/>\n<meta property=\"og:title\" content=\"Kaufen Sie OxyCodone 40 mg Tabletten - Best Best Global Meds\" \/>\n<meta property=\"og:description\" content=\"Kaufen Sie Oxycodone 40 mg Pillen zum Verkauf in Gro\u00dfbritannien, Europa online, Bestellen Sie billige Oxycodone 40 mg Pillen online mit ... Sie k\u00f6nnen Oxycodone online Tabletten ohne Rezept kaufen (kein RX).\" \/>\n<meta property=\"og:url\" content=\"https:\/\/medicinasinc.com\/de\/product\/oxycodon-40mg-pillen-kaufen\/\" \/>\n<meta property=\"og:site_name\" content=\"Medicinas Inc\" \/>\n<meta property=\"article:modified_time\" content=\"2022-03-18T00:26:15+00:00\" \/>\n<meta property=\"og:image\" content=\"https:\/\/medicinasinc.com\/de\/wp-content\/uploads\/sites\/6\/2022\/02\/Buy-OxyCodone-40mg.jpg\" \/>\n\t<meta property=\"og:image:width\" content=\"600\" \/>\n\t<meta property=\"og:image:height\" content=\"400\" \/>\n\t<meta property=\"og:image:type\" content=\"image\/jpeg\" \/>\n<meta name=\"twitter:card\" content=\"summary_large_image\" \/>\n<meta name=\"twitter:label1\" content=\"Gesch\u00e4tzte Lesezeit\" \/>\n\t<meta name=\"twitter:data1\" content=\"1\u00a0Minute\" \/>\n<script type=\"application\/ld+json\" class=\"yoast-schema-graph\">{\"@context\":\"https:\\\/\\\/schema.org\",\"@graph\":[{\"@type\":\"WebPage\",\"@id\":\"https:\\\/\\\/medicinasinc.com\\\/de\\\/product\\\/oxycodon-40mg-pillen-kaufen\\\/\",\"url\":\"https:\\\/\\\/medicinasinc.com\\\/de\\\/product\\\/oxycodon-40mg-pillen-kaufen\\\/\",\"name\":\"Kaufen Sie OxyCodone 40 mg Tabletten - Best Best Global Meds\",\"isPartOf\":{\"@id\":\"https:\\\/\\\/medicinasinc.com\\\/de\\\/#website\"},\"primaryImageOfPage\":{\"@id\":\"https:\\\/\\\/medicinasinc.com\\\/de\\\/product\\\/oxycodon-40mg-pillen-kaufen\\\/#primaryimage\"},\"image\":{\"@id\":\"https:\\\/\\\/medicinasinc.com\\\/de\\\/product\\\/oxycodon-40mg-pillen-kaufen\\\/#primaryimage\"},\"thumbnailUrl\":\"https:\\\/\\\/medicinasinc.com\\\/de\\\/wp-content\\\/uploads\\\/sites\\\/6\\\/2022\\\/02\\\/Buy-OxyCodone-40mg.jpg\",\"datePublished\":\"2022-02-21T18:15:16+00:00\",\"dateModified\":\"2022-03-18T00:26:15+00:00\",\"description\":\"Kaufen Sie Oxycodone 40 mg Pillen zum Verkauf in Gro\u00dfbritannien, Europa online, Bestellen Sie billige Oxycodone 40 mg Pillen online mit ... Sie k\u00f6nnen Oxycodone online Tabletten ohne Rezept kaufen (kein RX).\",\"breadcrumb\":{\"@id\":\"https:\\\/\\\/medicinasinc.com\\\/de\\\/product\\\/oxycodon-40mg-pillen-kaufen\\\/#breadcrumb\"},\"inLanguage\":\"de\",\"potentialAction\":[{\"@type\":\"ReadAction\",\"target\":[\"https:\\\/\\\/medicinasinc.com\\\/de\\\/product\\\/oxycodon-40mg-pillen-kaufen\\\/\"]}]},{\"@type\":\"ImageObject\",\"inLanguage\":\"de\",\"@id\":\"https:\\\/\\\/medicinasinc.com\\\/de\\\/product\\\/oxycodon-40mg-pillen-kaufen\\\/#primaryimage\",\"url\":\"https:\\\/\\\/medicinasinc.com\\\/de\\\/wp-content\\\/uploads\\\/sites\\\/6\\\/2022\\\/02\\\/Buy-OxyCodone-40mg.jpg\",\"contentUrl\":\"https:\\\/\\\/medicinasinc.com\\\/de\\\/wp-content\\\/uploads\\\/sites\\\/6\\\/2022\\\/02\\\/Buy-OxyCodone-40mg.jpg\",\"width\":600,\"height\":400},{\"@type\":\"BreadcrumbList\",\"@id\":\"https:\\\/\\\/medicinasinc.com\\\/de\\\/product\\\/oxycodon-40mg-pillen-kaufen\\\/#breadcrumb\",\"itemListElement\":[{\"@type\":\"ListItem\",\"position\":1,\"name\":\"Einkaufen\",\"item\":\"https:\\\/\\\/medicinasinc.com\\\/de\\\/einkaufen\\\/\"},{\"@type\":\"ListItem\",\"position\":2,\"name\":\"Kaufen Sie OxyCodone 40 mg Tabletten\"}]},{\"@type\":\"WebSite\",\"@id\":\"https:\\\/\\\/medicinasinc.com\\\/de\\\/#website\",\"url\":\"https:\\\/\\\/medicinasinc.com\\\/de\\\/\",\"name\":\"Medicinas Inc\",\"description\":\"Health Medical Clinic\",\"potentialAction\":[{\"@type\":\"SearchAction\",\"target\":{\"@type\":\"EntryPoint\",\"urlTemplate\":\"https:\\\/\\\/medicinasinc.com\\\/de\\\/?s={search_term_string}\"},\"query-input\":{\"@type\":\"PropertyValueSpecification\",\"valueRequired\":true,\"valueName\":\"search_term_string\"}}],\"inLanguage\":\"de\"}]}<\/script>\n<!-- \/ Yoast SEO plugin. -->","yoast_head_json":{"title":"Kaufen Sie OxyCodone 40 mg Tabletten - Best Best Global Meds","description":"Kaufen Sie Oxycodone 40 mg Pillen zum Verkauf in Gro\u00dfbritannien, Europa online, Bestellen Sie billige Oxycodone 40 mg Pillen online mit ... Sie k\u00f6nnen Oxycodone online Tabletten ohne Rezept kaufen (kein RX).","robots":{"index":"index","follow":"follow","max-snippet":"max-snippet:-1","max-image-preview":"max-image-preview:large","max-video-preview":"max-video-preview:-1"},"canonical":"https:\/\/medicinasinc.com\/de\/product\/oxycodon-40mg-pillen-kaufen\/","og_locale":"de_DE","og_type":"article","og_title":"Kaufen Sie OxyCodone 40 mg Tabletten - Best Best Global Meds","og_description":"Kaufen Sie Oxycodone 40 mg Pillen zum Verkauf in Gro\u00dfbritannien, Europa online, Bestellen Sie billige Oxycodone 40 mg Pillen online mit ... Sie k\u00f6nnen Oxycodone online Tabletten ohne Rezept kaufen (kein RX).","og_url":"https:\/\/medicinasinc.com\/de\/product\/oxycodon-40mg-pillen-kaufen\/","og_site_name":"Medicinas Inc","article_modified_time":"2022-03-18T00:26:15+00:00","og_image":[{"width":600,"height":400,"url":"https:\/\/medicinasinc.com\/de\/wp-content\/uploads\/sites\/6\/2022\/02\/Buy-OxyCodone-40mg.jpg","type":"image\/jpeg"}],"twitter_card":"summary_large_image","twitter_misc":{"Gesch\u00e4tzte Lesezeit":"1\u00a0Minute"},"schema":{"@context":"https:\/\/schema.org","@graph":[{"@type":"WebPage","@id":"https:\/\/medicinasinc.com\/de\/product\/oxycodon-40mg-pillen-kaufen\/","url":"https:\/\/medicinasinc.com\/de\/product\/oxycodon-40mg-pillen-kaufen\/","name":"Kaufen Sie OxyCodone 40 mg Tabletten - Best Best Global Meds","isPartOf":{"@id":"https:\/\/medicinasinc.com\/de\/#website"},"primaryImageOfPage":{"@id":"https:\/\/medicinasinc.com\/de\/product\/oxycodon-40mg-pillen-kaufen\/#primaryimage"},"image":{"@id":"https:\/\/medicinasinc.com\/de\/product\/oxycodon-40mg-pillen-kaufen\/#primaryimage"},"thumbnailUrl":"https:\/\/medicinasinc.com\/de\/wp-content\/uploads\/sites\/6\/2022\/02\/Buy-OxyCodone-40mg.jpg","datePublished":"2022-02-21T18:15:16+00:00","dateModified":"2022-03-18T00:26:15+00:00","description":"Kaufen Sie Oxycodone 40 mg Pillen zum Verkauf in Gro\u00dfbritannien, Europa online, Bestellen Sie billige Oxycodone 40 mg Pillen online mit ... Sie k\u00f6nnen Oxycodone online Tabletten ohne Rezept kaufen (kein RX).","breadcrumb":{"@id":"https:\/\/medicinasinc.com\/de\/product\/oxycodon-40mg-pillen-kaufen\/#breadcrumb"},"inLanguage":"de","potentialAction":[{"@type":"ReadAction","target":["https:\/\/medicinasinc.com\/de\/product\/oxycodon-40mg-pillen-kaufen\/"]}]},{"@type":"ImageObject","inLanguage":"de","@id":"https:\/\/medicinasinc.com\/de\/product\/oxycodon-40mg-pillen-kaufen\/#primaryimage","url":"https:\/\/medicinasinc.com\/de\/wp-content\/uploads\/sites\/6\/2022\/02\/Buy-OxyCodone-40mg.jpg","contentUrl":"https:\/\/medicinasinc.com\/de\/wp-content\/uploads\/sites\/6\/2022\/02\/Buy-OxyCodone-40mg.jpg","width":600,"height":400},{"@type":"BreadcrumbList","@id":"https:\/\/medicinasinc.com\/de\/product\/oxycodon-40mg-pillen-kaufen\/#breadcrumb","itemListElement":[{"@type":"ListItem","position":1,"name":"Einkaufen","item":"https:\/\/medicinasinc.com\/de\/einkaufen\/"},{"@type":"ListItem","position":2,"name":"Kaufen Sie OxyCodone 40 mg Tabletten"}]},{"@type":"WebSite","@id":"https:\/\/medicinasinc.com\/de\/#website","url":"https:\/\/medicinasinc.com\/de\/","name":"Medicinas Inc","description":"Health Medical Clinic","potentialAction":[{"@type":"SearchAction","target":{"@type":"EntryPoint","urlTemplate":"https:\/\/medicinasinc.com\/de\/?s={search_term_string}"},"query-input":{"@type":"PropertyValueSpecification","valueRequired":true,"valueName":"search_term_string"}}],"inLanguage":"de"}]}},"_links":{"self":[{"href":"https:\/\/medicinasinc.com\/de\/wp-json\/wp\/v2\/product\/5293","targetHints":{"allow":["GET"]}}],"collection":[{"href":"https:\/\/medicinasinc.com\/de\/wp-json\/wp\/v2\/product"}],"about":[{"href":"https:\/\/medicinasinc.com\/de\/wp-json\/wp\/v2\/types\/product"}],"replies":[{"embeddable":true,"href":"https:\/\/medicinasinc.com\/de\/wp-json\/wp\/v2\/comments?post=5293"}],"wp:featuredmedia":[{"embeddable":true,"href":"https:\/\/medicinasinc.com\/de\/wp-json\/wp\/v2\/media\/5301"}],"wp:attachment":[{"href":"https:\/\/medicinasinc.com\/de\/wp-json\/wp\/v2\/media?parent=5293"}],"wp:term":[{"taxonomy":"product_brand","embeddable":true,"href":"https:\/\/medicinasinc.com\/de\/wp-json\/wp\/v2\/product_brand?post=5293"},{"taxonomy":"product_cat","embeddable":true,"href":"https:\/\/medicinasinc.com\/de\/wp-json\/wp\/v2\/product_cat?post=5293"},{"taxonomy":"product_tag","embeddable":true,"href":"https:\/\/medicinasinc.com\/de\/wp-json\/wp\/v2\/product_tag?post=5293"}],"curies":[{"name":"wp","href":"https:\/\/api.w.org\/{rel}","templated":true}]}}