{"id":5265,"date":"2022-02-20T22:55:20","date_gmt":"2022-02-20T22:55:20","guid":{"rendered":"https:\/\/medicinasinc.com\/de\/?post_type=product&#038;p=5265"},"modified":"2022-03-18T00:26:25","modified_gmt":"2022-03-18T00:26:25","slug":"kaufen-mogadon-nitrazepam-5mg-pillen","status":"publish","type":"product","link":"https:\/\/medicinasinc.com\/de\/product\/kaufen-mogadon-nitrazepam-5mg-pillen\/","title":{"rendered":"Kaufen Sie Mogadon Nitrazepam 5 mg Tabletten"},"content":{"rendered":"<p>Online-Kauf von Mogadon Nitrazepam 5 mg Tabletten<br \/> Mogadon kostet 0,31 $ pro Tablette bei uns bei PocketPills. Mogadon kann g\u00fcnstiger sein, wenn Ihre Versicherung dies abdeckt. Um die gesamten Kosten f\u00fcr Mogadon zu erhalten, m\u00fcssen Sie zus\u00e4tzlich die Abgabe- und Versandkosten einbeziehen.<\/p>\n<p>Wie hoch ist die Abgabegeb\u00fchr f\u00fcr Mogadon?<\/p>\n<p>Die Kosten f\u00fcr die Abgabe von Mogadon bei uns betragen einfach $7 . Pocketpills ist bestrebt, Ihnen die niedrigsten Mogadon-Preise in Kanada anzubieten.<br \/> Denken Sie daran, dass wir f\u00fcr alle Bestellungen weltweit KOSTENLOSEN VERSAND anbieten.<\/p>\n<div>\n<div>\n<div>\n<div class=\"margin- tl\">\n<div class=\"drugcontent-wrapper\">\n<div class=\"h4\">\n<ul>\n<li>Denken Sie daran, dass wir Ihnen KOSTENLOSEN Versand in Kanada anbieten.<\/li>\n<\/ul><\/div><\/div><\/div><\/div><\/div><\/div>\n<div class=\"produkt-n\u00e4chstes-vorheriges\">\n<div class=\"produkt-vorheriges\"><\/div><\/div>\n","protected":false},"excerpt":{"rendered":"<p>Mogadon Nitrazepam 5 mg Tabletten zum Verkauf in Gro\u00dfbritannien und Europa. Schwierigkeiten beim Einschlafen, wiederholtes Erwachen w\u00e4hrend der Nacht und Erwachen am fr\u00fchen Morgen. Dar\u00fcber hinaus wird es zur \u00dcberwachung myoklonischer Anf\u00e4lle eingesetzt.<\/p>\n<p>Mogadon Online kaufen &#8211; Pillen h\u00f6chster Qualit\u00e4t Kaufen Sie Nitrazepam online ohne Rezept, bestellen Sie und lassen Sie Ihr Mogadon international durch schnelle Lieferung liefern.<\/p>\n<p>Nitrazepam xr 30 mg kaufen<\/p>\n<p>Nitrazepam kaufen \u00fcber Nacht Lieferung Nitrazepam ohne Rezept online kaufen Kaufen Sie Nitrazepam in Costa Rica, Europa, Dubai, China, der Europ\u00e4ischen Union und auf der ganzen Welt. Tabletten mit generischem Nitrazepam<\/p>\n","protected":false},"featured_media":5995,"comment_status":"open","ping_status":"closed","template":"","meta":[],"product_brand":[],"product_cat":[1117],"product_tag":[1629,1630,1631,1633,1632,1634,1635,1636,1637],"class_list":{"0":"post-5265","1":"product","2":"type-product","3":"status-publish","4":"has-post-thumbnail","6":"product_cat-kaufen-sie-schmerz-schlaf-und-sexpillen","7":"product_tag-buy-nitrazepam-10mg-buy-mogadon-online-nitrazepam-5mg-for-sale-buy-mogadon-10mg","8":"product_tag-buy-cheap-mogadon-nitrazepam","9":"product_tag-mogadon-nitrazepam","10":"product_tag-mogadon-nitrazepam-entzug","11":"product_tag-mogadon-nitrazepam-wie-beendet-man","12":"product_tag-nitrazepam-mogadon","13":"product_tag-reddit-mogadon-nitrazepam","14":"product_tag-reddit-mogadon-nitrazepam-entzug","15":"product_tag-reddit-nitrazepam-mogadon-entzug","17":"first","18":"instock","19":"shipping-taxable","20":"purchasable","21":"product-type-variable","22":"has-default-attributes"},"yoast_head":"<!-- This site is optimized with the Yoast SEO plugin v27.3 - https:\/\/yoast.com\/product\/yoast-seo-wordpress\/ -->\n<title>Kaufen Sie Mogadon Nitrazepam 5 mg Tabletten - Best Global Meds<\/title>\n<meta name=\"description\" content=\"Kaufen Sie Mogadon Nitrazepam 5 mg Tabletten zum Verkauf in Gro\u00dfbritannien, Europa online. Probleme beim Einschlafen, aufeinanderfolgende Erregungen w\u00e4hrend der Nacht und Erwachen am fr\u00fchen Morgen. Es wird auch verwendet, um myoklonische Anf\u00e4lle zu \u00fcberwachen.\" \/>\n<meta name=\"robots\" content=\"index, follow, max-snippet:-1, max-image-preview:large, max-video-preview:-1\" \/>\n<link rel=\"canonical\" href=\"https:\/\/medicinasinc.com\/de\/product\/kaufen-mogadon-nitrazepam-5mg-pillen\/\" \/>\n<meta property=\"og:locale\" content=\"de_DE\" \/>\n<meta property=\"og:type\" content=\"article\" \/>\n<meta property=\"og:title\" content=\"Kaufen Sie Mogadon Nitrazepam 5 mg Tabletten - Best Global Meds\" \/>\n<meta property=\"og:description\" content=\"Kaufen Sie Mogadon Nitrazepam 5 mg Tabletten zum Verkauf in Gro\u00dfbritannien, Europa online. Probleme beim Einschlafen, aufeinanderfolgende Erregungen w\u00e4hrend der Nacht und Erwachen am fr\u00fchen Morgen. Es wird auch verwendet, um myoklonische Anf\u00e4lle zu \u00fcberwachen.\" \/>\n<meta property=\"og:url\" content=\"https:\/\/medicinasinc.com\/de\/product\/kaufen-mogadon-nitrazepam-5mg-pillen\/\" \/>\n<meta property=\"og:site_name\" content=\"Medicinas Inc\" \/>\n<meta property=\"article:modified_time\" content=\"2022-03-18T00:26:25+00:00\" \/>\n<meta property=\"og:image\" content=\"https:\/\/medicinasinc.com\/de\/wp-content\/uploads\/sites\/6\/2022\/02\/Buy-Mogadon-Nitrazepam-5mg-pills.jpg\" \/>\n\t<meta property=\"og:image:width\" content=\"640\" \/>\n\t<meta property=\"og:image:height\" content=\"480\" \/>\n\t<meta property=\"og:image:type\" content=\"image\/jpeg\" \/>\n<meta name=\"twitter:card\" content=\"summary_large_image\" \/>\n<meta name=\"twitter:label1\" content=\"Gesch\u00e4tzte Lesezeit\" \/>\n\t<meta name=\"twitter:data1\" content=\"1\u00a0Minute\" \/>\n<script type=\"application\/ld+json\" class=\"yoast-schema-graph\">{\"@context\":\"https:\\\/\\\/schema.org\",\"@graph\":[{\"@type\":\"WebPage\",\"@id\":\"https:\\\/\\\/medicinasinc.com\\\/de\\\/product\\\/kaufen-mogadon-nitrazepam-5mg-pillen\\\/\",\"url\":\"https:\\\/\\\/medicinasinc.com\\\/de\\\/product\\\/kaufen-mogadon-nitrazepam-5mg-pillen\\\/\",\"name\":\"Kaufen Sie Mogadon Nitrazepam 5 mg Tabletten - Best Global Meds\",\"isPartOf\":{\"@id\":\"https:\\\/\\\/medicinasinc.com\\\/de\\\/#website\"},\"primaryImageOfPage\":{\"@id\":\"https:\\\/\\\/medicinasinc.com\\\/de\\\/product\\\/kaufen-mogadon-nitrazepam-5mg-pillen\\\/#primaryimage\"},\"image\":{\"@id\":\"https:\\\/\\\/medicinasinc.com\\\/de\\\/product\\\/kaufen-mogadon-nitrazepam-5mg-pillen\\\/#primaryimage\"},\"thumbnailUrl\":\"https:\\\/\\\/medicinasinc.com\\\/de\\\/wp-content\\\/uploads\\\/sites\\\/6\\\/2022\\\/02\\\/Buy-Mogadon-Nitrazepam-5mg-pills.jpg\",\"datePublished\":\"2022-02-20T22:55:20+00:00\",\"dateModified\":\"2022-03-18T00:26:25+00:00\",\"description\":\"Kaufen Sie Mogadon Nitrazepam 5 mg Tabletten zum Verkauf in Gro\u00dfbritannien, Europa online. Probleme beim Einschlafen, aufeinanderfolgende Erregungen w\u00e4hrend der Nacht und Erwachen am fr\u00fchen Morgen. Es wird auch verwendet, um myoklonische Anf\u00e4lle zu \u00fcberwachen.\",\"breadcrumb\":{\"@id\":\"https:\\\/\\\/medicinasinc.com\\\/de\\\/product\\\/kaufen-mogadon-nitrazepam-5mg-pillen\\\/#breadcrumb\"},\"inLanguage\":\"de\",\"potentialAction\":[{\"@type\":\"ReadAction\",\"target\":[\"https:\\\/\\\/medicinasinc.com\\\/de\\\/product\\\/kaufen-mogadon-nitrazepam-5mg-pillen\\\/\"]}]},{\"@type\":\"ImageObject\",\"inLanguage\":\"de\",\"@id\":\"https:\\\/\\\/medicinasinc.com\\\/de\\\/product\\\/kaufen-mogadon-nitrazepam-5mg-pillen\\\/#primaryimage\",\"url\":\"https:\\\/\\\/medicinasinc.com\\\/de\\\/wp-content\\\/uploads\\\/sites\\\/6\\\/2022\\\/02\\\/Buy-Mogadon-Nitrazepam-5mg-pills.jpg\",\"contentUrl\":\"https:\\\/\\\/medicinasinc.com\\\/de\\\/wp-content\\\/uploads\\\/sites\\\/6\\\/2022\\\/02\\\/Buy-Mogadon-Nitrazepam-5mg-pills.jpg\",\"width\":640,\"height\":480,\"caption\":\"Buy Mogadon Nitrazepam 5mg pills\"},{\"@type\":\"BreadcrumbList\",\"@id\":\"https:\\\/\\\/medicinasinc.com\\\/de\\\/product\\\/kaufen-mogadon-nitrazepam-5mg-pillen\\\/#breadcrumb\",\"itemListElement\":[{\"@type\":\"ListItem\",\"position\":1,\"name\":\"Einkaufen\",\"item\":\"https:\\\/\\\/medicinasinc.com\\\/de\\\/einkaufen\\\/\"},{\"@type\":\"ListItem\",\"position\":2,\"name\":\"Kaufen Sie Mogadon Nitrazepam 5 mg Tabletten\"}]},{\"@type\":\"WebSite\",\"@id\":\"https:\\\/\\\/medicinasinc.com\\\/de\\\/#website\",\"url\":\"https:\\\/\\\/medicinasinc.com\\\/de\\\/\",\"name\":\"Medicinas Inc\",\"description\":\"Health Medical Clinic\",\"potentialAction\":[{\"@type\":\"SearchAction\",\"target\":{\"@type\":\"EntryPoint\",\"urlTemplate\":\"https:\\\/\\\/medicinasinc.com\\\/de\\\/?s={search_term_string}\"},\"query-input\":{\"@type\":\"PropertyValueSpecification\",\"valueRequired\":true,\"valueName\":\"search_term_string\"}}],\"inLanguage\":\"de\"}]}<\/script>\n<!-- \/ Yoast SEO plugin. -->","yoast_head_json":{"title":"Kaufen Sie Mogadon Nitrazepam 5 mg Tabletten - Best Global Meds","description":"Kaufen Sie Mogadon Nitrazepam 5 mg Tabletten zum Verkauf in Gro\u00dfbritannien, Europa online. Probleme beim Einschlafen, aufeinanderfolgende Erregungen w\u00e4hrend der Nacht und Erwachen am fr\u00fchen Morgen. Es wird auch verwendet, um myoklonische Anf\u00e4lle zu \u00fcberwachen.","robots":{"index":"index","follow":"follow","max-snippet":"max-snippet:-1","max-image-preview":"max-image-preview:large","max-video-preview":"max-video-preview:-1"},"canonical":"https:\/\/medicinasinc.com\/de\/product\/kaufen-mogadon-nitrazepam-5mg-pillen\/","og_locale":"de_DE","og_type":"article","og_title":"Kaufen Sie Mogadon Nitrazepam 5 mg Tabletten - Best Global Meds","og_description":"Kaufen Sie Mogadon Nitrazepam 5 mg Tabletten zum Verkauf in Gro\u00dfbritannien, Europa online. Probleme beim Einschlafen, aufeinanderfolgende Erregungen w\u00e4hrend der Nacht und Erwachen am fr\u00fchen Morgen. Es wird auch verwendet, um myoklonische Anf\u00e4lle zu \u00fcberwachen.","og_url":"https:\/\/medicinasinc.com\/de\/product\/kaufen-mogadon-nitrazepam-5mg-pillen\/","og_site_name":"Medicinas Inc","article_modified_time":"2022-03-18T00:26:25+00:00","og_image":[{"width":640,"height":480,"url":"https:\/\/medicinasinc.com\/de\/wp-content\/uploads\/sites\/6\/2022\/02\/Buy-Mogadon-Nitrazepam-5mg-pills.jpg","type":"image\/jpeg"}],"twitter_card":"summary_large_image","twitter_misc":{"Gesch\u00e4tzte Lesezeit":"1\u00a0Minute"},"schema":{"@context":"https:\/\/schema.org","@graph":[{"@type":"WebPage","@id":"https:\/\/medicinasinc.com\/de\/product\/kaufen-mogadon-nitrazepam-5mg-pillen\/","url":"https:\/\/medicinasinc.com\/de\/product\/kaufen-mogadon-nitrazepam-5mg-pillen\/","name":"Kaufen Sie Mogadon Nitrazepam 5 mg Tabletten - Best Global Meds","isPartOf":{"@id":"https:\/\/medicinasinc.com\/de\/#website"},"primaryImageOfPage":{"@id":"https:\/\/medicinasinc.com\/de\/product\/kaufen-mogadon-nitrazepam-5mg-pillen\/#primaryimage"},"image":{"@id":"https:\/\/medicinasinc.com\/de\/product\/kaufen-mogadon-nitrazepam-5mg-pillen\/#primaryimage"},"thumbnailUrl":"https:\/\/medicinasinc.com\/de\/wp-content\/uploads\/sites\/6\/2022\/02\/Buy-Mogadon-Nitrazepam-5mg-pills.jpg","datePublished":"2022-02-20T22:55:20+00:00","dateModified":"2022-03-18T00:26:25+00:00","description":"Kaufen Sie Mogadon Nitrazepam 5 mg Tabletten zum Verkauf in Gro\u00dfbritannien, Europa online. Probleme beim Einschlafen, aufeinanderfolgende Erregungen w\u00e4hrend der Nacht und Erwachen am fr\u00fchen Morgen. Es wird auch verwendet, um myoklonische Anf\u00e4lle zu \u00fcberwachen.","breadcrumb":{"@id":"https:\/\/medicinasinc.com\/de\/product\/kaufen-mogadon-nitrazepam-5mg-pillen\/#breadcrumb"},"inLanguage":"de","potentialAction":[{"@type":"ReadAction","target":["https:\/\/medicinasinc.com\/de\/product\/kaufen-mogadon-nitrazepam-5mg-pillen\/"]}]},{"@type":"ImageObject","inLanguage":"de","@id":"https:\/\/medicinasinc.com\/de\/product\/kaufen-mogadon-nitrazepam-5mg-pillen\/#primaryimage","url":"https:\/\/medicinasinc.com\/de\/wp-content\/uploads\/sites\/6\/2022\/02\/Buy-Mogadon-Nitrazepam-5mg-pills.jpg","contentUrl":"https:\/\/medicinasinc.com\/de\/wp-content\/uploads\/sites\/6\/2022\/02\/Buy-Mogadon-Nitrazepam-5mg-pills.jpg","width":640,"height":480,"caption":"Buy Mogadon Nitrazepam 5mg pills"},{"@type":"BreadcrumbList","@id":"https:\/\/medicinasinc.com\/de\/product\/kaufen-mogadon-nitrazepam-5mg-pillen\/#breadcrumb","itemListElement":[{"@type":"ListItem","position":1,"name":"Einkaufen","item":"https:\/\/medicinasinc.com\/de\/einkaufen\/"},{"@type":"ListItem","position":2,"name":"Kaufen Sie Mogadon Nitrazepam 5 mg Tabletten"}]},{"@type":"WebSite","@id":"https:\/\/medicinasinc.com\/de\/#website","url":"https:\/\/medicinasinc.com\/de\/","name":"Medicinas Inc","description":"Health Medical Clinic","potentialAction":[{"@type":"SearchAction","target":{"@type":"EntryPoint","urlTemplate":"https:\/\/medicinasinc.com\/de\/?s={search_term_string}"},"query-input":{"@type":"PropertyValueSpecification","valueRequired":true,"valueName":"search_term_string"}}],"inLanguage":"de"}]}},"_links":{"self":[{"href":"https:\/\/medicinasinc.com\/de\/wp-json\/wp\/v2\/product\/5265","targetHints":{"allow":["GET"]}}],"collection":[{"href":"https:\/\/medicinasinc.com\/de\/wp-json\/wp\/v2\/product"}],"about":[{"href":"https:\/\/medicinasinc.com\/de\/wp-json\/wp\/v2\/types\/product"}],"replies":[{"embeddable":true,"href":"https:\/\/medicinasinc.com\/de\/wp-json\/wp\/v2\/comments?post=5265"}],"wp:featuredmedia":[{"embeddable":true,"href":"https:\/\/medicinasinc.com\/de\/wp-json\/wp\/v2\/media\/5995"}],"wp:attachment":[{"href":"https:\/\/medicinasinc.com\/de\/wp-json\/wp\/v2\/media?parent=5265"}],"wp:term":[{"taxonomy":"product_brand","embeddable":true,"href":"https:\/\/medicinasinc.com\/de\/wp-json\/wp\/v2\/product_brand?post=5265"},{"taxonomy":"product_cat","embeddable":true,"href":"https:\/\/medicinasinc.com\/de\/wp-json\/wp\/v2\/product_cat?post=5265"},{"taxonomy":"product_tag","embeddable":true,"href":"https:\/\/medicinasinc.com\/de\/wp-json\/wp\/v2\/product_tag?post=5265"}],"curies":[{"name":"wp","href":"https:\/\/api.w.org\/{rel}","templated":true}]}}