{"id":5264,"date":"2022-02-20T22:53:05","date_gmt":"2022-02-20T22:53:05","guid":{"rendered":"https:\/\/medicinasinc.com\/de\/?post_type=product&#038;p=5264"},"modified":"2022-03-18T00:26:39","modified_gmt":"2022-03-18T00:26:39","slug":"kaufen-motrin-ibuprofen-600mg-pillen","status":"publish","type":"product","link":"https:\/\/medicinasinc.com\/de\/product\/kaufen-motrin-ibuprofen-600mg-pillen\/","title":{"rendered":"Kaufen Sie Motrin Ibuprofen 600 mg Tabletten"},"content":{"rendered":"<p>Motrin \u2013 Ibuprofen 600 mg Tabletten k\u00f6nnen online gekauft werden.<br \/> Motrin Ibuprofen 600 mg Tabletten k\u00f6nnen online gekauft werden.<\/p>\n<p>Ibuprofen 600 mg ist als Tablette erh\u00e4ltlich. Es ist ein Mitglied der Klasse von Medikamenten, die als NSAIDs \u2013 nichtsteroidale entz\u00fcndungshemmende Medikamente \u2013 bekannt sind. Es wird zur Behandlung von Osteoarthritis, rheumatoider Arthritis, Wirbels\u00e4ulenarthritis, geschwollenen Gelenken, Schultersteife, Schleimbeutelentz\u00fcndung, Sehnenscheidenentz\u00fcndung, Sehnenscheidenentz\u00fcndung, Beschwerden im unteren R\u00fccken und Verstauchungen und Zerrungen angewendet.<\/p>\n<p>Ibuprofen 600 mg Tabletten sollten von Kindern ferngehalten werden Sicht und Reichweite. Es sollte in der Originalverpackung und bei einer Temperatur von nicht mehr als 25 Grad Celsius gelagert werden.<\/p>\n","protected":false},"excerpt":{"rendered":"<div class=\"woocommerce-product-details__short-description\">\n<p>Motrin \u2013 Ibuprofen 600 mg Tabletten k\u00f6nnen online gekauft werden. Kaufen Sie Ibuprofen online zu extrem niedrigen Kosten. Gro\u00dfhandelsbestellungen sind versandkostenfrei. Wenn Sie verschreibungspflichtige Medikamente online ohne Rezept kaufen m\u00f6chten, ist Ihre Suche beendet.<\/p>\n<p>Ibuprofen 600 mg ist in Tablettenform erh\u00e4ltlich. Es ist ein Mitglied der Klasse von Medikamenten, die als NSAIDs bekannt sind &#8211; Nichtsteroidale Entz\u00fcndungshemmer.<\/p>\n<p>Ibuprofen 600 mg Tabletten, Ibuprofen 600 mg verschreibungspflichtig, Ibuprofen 600 mg rezeptfrei, Ibuprofen 600 mg Dosierung f\u00fcr Erwachsene, Ibuprofen 600 mg Kosten pro Pille, Ibuprofen 600 mg Stiefel, Motrin 600 mg, 600 mg Ibuprofen rezeptfrei Gro\u00dfbritannien<\/p>\n<\/p><\/div>\n","protected":false},"featured_media":5282,"comment_status":"open","ping_status":"closed","template":"","meta":[],"product_brand":[],"product_cat":[1117],"product_tag":[1571,1572,1574,1575,1576,1580,1581,1579,1583,1585,1587,1588,1584,1586,1589,1590,1598,1592,1593,1595,1596,1591,1597,1594,1599,1600,1603,1608,1609,1610,1602,1601,1606,1604,1607,1605,1611,1612,1613,1616,1617,1623,1626,1618,1619,1621,1622,1614,1615,1624,1625,1620,1573,1577,1578,1627,1628,1582],"class_list":{"0":"post-5264","1":"product","2":"type-product","3":"status-publish","4":"has-post-thumbnail","6":"product_cat-kaufen-sie-schmerz-schlaf-und-sexpillen","7":"product_tag-600-mg-ibuprofen-over-the-counter-uk","8":"product_tag-advil-motrin-ibuprofen","9":"product_tag-are-ibuprofen-and-motrin-the-same-thing","10":"product_tag-are-motrin-and-ibuprofen-the-same","11":"product_tag-are-motrin-and-ibuprofen-the-same-thing","12":"product_tag-does-motrin-have-ibuprofen","13":"product_tag-does-motrin-have-ibuprofen-in-it","14":"product_tag-enthlt-motrin-ibuprofen","15":"product_tag-ibuprofen-200mg-tabletten","16":"product_tag-ibuprofen-600-mg-dosierung-fr-erwachsene","17":"product_tag-ibuprofen-600-mg-prescription-strength","18":"product_tag-ibuprofen-600-mg-price-per-pill","19":"product_tag-ibuprofen-600-mg-stiefel","20":"product_tag-ibuprofen-600-mg-over-the-counter","21":"product_tag-ibuprofen-600mg-tabletten","22":"product_tag-ibuprofen-advil-motrin","23":"product_tag-ibuprofen-vs-motrin","24":"product_tag-ibuprofen-ist-motrin","25":"product_tag-ibuprofen-motrin","26":"product_tag-ibuprofen-motrin-800-mg","27":"product_tag-ibuprofen-motrin-800mg","28":"product_tag-ibuprofen-und-motrin","29":"product_tag-ibuprofen-dasselbe-wie-motrin","30":"product_tag-ibuprofen-motrin-600-mg","31":"product_tag-is-ibuprofen-and-motrin-the-same","32":"product_tag-is-ibuprofen-and-motrin-the-same-thing","33":"product_tag-is-motrin-and-ibuprofen-the-same","34":"product_tag-is-motrin-same-as-ibuprofen","35":"product_tag-is-motrin-the-same-as-ibuprofen","36":"product_tag-is-motrin-the-same-thing-as-ibuprofen","37":"product_tag-ist-ibuprofen-das-selbe-wie-motrin","38":"product_tag-ist-ibuprofen-motrin","39":"product_tag-ist-motrin-ibuprofen-oder-acetaminophen","40":"product_tag-ist-motrin-und-ibuprofen-dasselbe","41":"product_tag-ist-motrin-wie-ibuprofen","42":"product_tag-ist-motrin-ibuprofen","43":"product_tag-motrin-600-mg","44":"product_tag-motrin-600-mg-vs-ibuprofen","45":"product_tag-motrin-800-gegen-ibuprofen","46":"product_tag-motrin-and-ibuprofen-the-same-thing","47":"product_tag-motrin-and-ibuprofen-together","48":"product_tag-motrin-das-selbe-wie-ibuprofen","49":"product_tag-motrin-vs-ibuprofen","50":"product_tag-motrin-ib","51":"product_tag-motrin-ibuprofen","52":"product_tag-motrin-ibuprofen-dosierung","53":"product_tag-motrin-is-ibuprofen","54":"product_tag-motrin-und-ibuprofen","55":"product_tag-motrin-und-ibuprofen-dasselbe","56":"product_tag-motrin-versus-ibuprofen","57":"product_tag-motrin-vs-advil-vs-ibuprofen","58":"product_tag-motrin-ibuprofen-200-mg","59":"product_tag-sind-ibuprofen-und-motrin-dasselbe","60":"product_tag-unterschied-zwischen-ibuprofen-und-motrin","61":"product_tag-unterschied-zwischen-motrin-und-ibuprofen","62":"product_tag-was-ist-der-unterschied-zwischen-ibuprofen-und-motrin","63":"product_tag-was-ist-der-unterschied-zwischen-motrin-und-ibuprofen","64":"product_tag-wie-viel-ibuprofen-in-motrin","66":"first","67":"instock","68":"shipping-taxable","69":"purchasable","70":"product-type-variable","71":"has-default-attributes"},"yoast_head":"<!-- This site is optimized with the Yoast SEO plugin v27.3 - https:\/\/yoast.com\/product\/yoast-seo-wordpress\/ -->\n<title>Kaufen Sie Motrin Ibuprofen 600 mg Tabletten - Best Best Global Meds<\/title>\n<meta name=\"description\" content=\"Kaufen Sie Motrin Ibuprofen 600 mg Tabletten online. Kaufen Sie Ibuprofen 600 mg online zu sehr g\u00fcnstigen Preisen. Kostenloser Versand f\u00fcr Gro\u00dfhandelsbestellungen. Wenn Sie Medikamente ohne Rezept online kaufen m\u00f6chten, ist Ihre Suche beendet.\" \/>\n<meta name=\"robots\" content=\"index, follow, max-snippet:-1, max-image-preview:large, max-video-preview:-1\" \/>\n<link rel=\"canonical\" href=\"https:\/\/medicinasinc.com\/de\/product\/kaufen-motrin-ibuprofen-600mg-pillen\/\" \/>\n<meta property=\"og:locale\" content=\"de_DE\" \/>\n<meta property=\"og:type\" content=\"article\" \/>\n<meta property=\"og:title\" content=\"Kaufen Sie Motrin Ibuprofen 600 mg Tabletten - Best Best Global Meds\" \/>\n<meta property=\"og:description\" content=\"Kaufen Sie Motrin Ibuprofen 600 mg Tabletten online. Kaufen Sie Ibuprofen 600 mg online zu sehr g\u00fcnstigen Preisen. Kostenloser Versand f\u00fcr Gro\u00dfhandelsbestellungen. Wenn Sie Medikamente ohne Rezept online kaufen m\u00f6chten, ist Ihre Suche beendet.\" \/>\n<meta property=\"og:url\" content=\"https:\/\/medicinasinc.com\/de\/product\/kaufen-motrin-ibuprofen-600mg-pillen\/\" \/>\n<meta property=\"og:site_name\" content=\"Medicinas Inc\" \/>\n<meta property=\"article:modified_time\" content=\"2022-03-18T00:26:39+00:00\" \/>\n<meta property=\"og:image\" content=\"https:\/\/medicinasinc.com\/de\/wp-content\/uploads\/sites\/6\/2022\/02\/Buy-Motrin-Ibuprofen-600mg.jpg\" \/>\n\t<meta property=\"og:image:width\" content=\"1200\" \/>\n\t<meta property=\"og:image:height\" content=\"1200\" \/>\n\t<meta property=\"og:image:type\" content=\"image\/jpeg\" \/>\n<meta name=\"twitter:card\" content=\"summary_large_image\" \/>\n<meta name=\"twitter:label1\" content=\"Gesch\u00e4tzte Lesezeit\" \/>\n\t<meta name=\"twitter:data1\" content=\"1\u00a0Minute\" \/>\n<script type=\"application\/ld+json\" class=\"yoast-schema-graph\">{\"@context\":\"https:\\\/\\\/schema.org\",\"@graph\":[{\"@type\":\"WebPage\",\"@id\":\"https:\\\/\\\/medicinasinc.com\\\/de\\\/product\\\/kaufen-motrin-ibuprofen-600mg-pillen\\\/\",\"url\":\"https:\\\/\\\/medicinasinc.com\\\/de\\\/product\\\/kaufen-motrin-ibuprofen-600mg-pillen\\\/\",\"name\":\"Kaufen Sie Motrin Ibuprofen 600 mg Tabletten - Best Best Global Meds\",\"isPartOf\":{\"@id\":\"https:\\\/\\\/medicinasinc.com\\\/de\\\/#website\"},\"primaryImageOfPage\":{\"@id\":\"https:\\\/\\\/medicinasinc.com\\\/de\\\/product\\\/kaufen-motrin-ibuprofen-600mg-pillen\\\/#primaryimage\"},\"image\":{\"@id\":\"https:\\\/\\\/medicinasinc.com\\\/de\\\/product\\\/kaufen-motrin-ibuprofen-600mg-pillen\\\/#primaryimage\"},\"thumbnailUrl\":\"https:\\\/\\\/medicinasinc.com\\\/de\\\/wp-content\\\/uploads\\\/sites\\\/6\\\/2022\\\/02\\\/Buy-Motrin-Ibuprofen-600mg.jpg\",\"datePublished\":\"2022-02-20T22:53:05+00:00\",\"dateModified\":\"2022-03-18T00:26:39+00:00\",\"description\":\"Kaufen Sie Motrin Ibuprofen 600 mg Tabletten online. Kaufen Sie Ibuprofen 600 mg online zu sehr g\u00fcnstigen Preisen. Kostenloser Versand f\u00fcr Gro\u00dfhandelsbestellungen. Wenn Sie Medikamente ohne Rezept online kaufen m\u00f6chten, ist Ihre Suche beendet.\",\"breadcrumb\":{\"@id\":\"https:\\\/\\\/medicinasinc.com\\\/de\\\/product\\\/kaufen-motrin-ibuprofen-600mg-pillen\\\/#breadcrumb\"},\"inLanguage\":\"de\",\"potentialAction\":[{\"@type\":\"ReadAction\",\"target\":[\"https:\\\/\\\/medicinasinc.com\\\/de\\\/product\\\/kaufen-motrin-ibuprofen-600mg-pillen\\\/\"]}]},{\"@type\":\"ImageObject\",\"inLanguage\":\"de\",\"@id\":\"https:\\\/\\\/medicinasinc.com\\\/de\\\/product\\\/kaufen-motrin-ibuprofen-600mg-pillen\\\/#primaryimage\",\"url\":\"https:\\\/\\\/medicinasinc.com\\\/de\\\/wp-content\\\/uploads\\\/sites\\\/6\\\/2022\\\/02\\\/Buy-Motrin-Ibuprofen-600mg.jpg\",\"contentUrl\":\"https:\\\/\\\/medicinasinc.com\\\/de\\\/wp-content\\\/uploads\\\/sites\\\/6\\\/2022\\\/02\\\/Buy-Motrin-Ibuprofen-600mg.jpg\",\"width\":1200,\"height\":1200},{\"@type\":\"BreadcrumbList\",\"@id\":\"https:\\\/\\\/medicinasinc.com\\\/de\\\/product\\\/kaufen-motrin-ibuprofen-600mg-pillen\\\/#breadcrumb\",\"itemListElement\":[{\"@type\":\"ListItem\",\"position\":1,\"name\":\"Einkaufen\",\"item\":\"https:\\\/\\\/medicinasinc.com\\\/de\\\/einkaufen\\\/\"},{\"@type\":\"ListItem\",\"position\":2,\"name\":\"Kaufen Sie Motrin Ibuprofen 600 mg Tabletten\"}]},{\"@type\":\"WebSite\",\"@id\":\"https:\\\/\\\/medicinasinc.com\\\/de\\\/#website\",\"url\":\"https:\\\/\\\/medicinasinc.com\\\/de\\\/\",\"name\":\"Medicinas Inc\",\"description\":\"Health Medical Clinic\",\"potentialAction\":[{\"@type\":\"SearchAction\",\"target\":{\"@type\":\"EntryPoint\",\"urlTemplate\":\"https:\\\/\\\/medicinasinc.com\\\/de\\\/?s={search_term_string}\"},\"query-input\":{\"@type\":\"PropertyValueSpecification\",\"valueRequired\":true,\"valueName\":\"search_term_string\"}}],\"inLanguage\":\"de\"}]}<\/script>\n<!-- \/ Yoast SEO plugin. -->","yoast_head_json":{"title":"Kaufen Sie Motrin Ibuprofen 600 mg Tabletten - Best Best Global Meds","description":"Kaufen Sie Motrin Ibuprofen 600 mg Tabletten online. Kaufen Sie Ibuprofen 600 mg online zu sehr g\u00fcnstigen Preisen. Kostenloser Versand f\u00fcr Gro\u00dfhandelsbestellungen. Wenn Sie Medikamente ohne Rezept online kaufen m\u00f6chten, ist Ihre Suche beendet.","robots":{"index":"index","follow":"follow","max-snippet":"max-snippet:-1","max-image-preview":"max-image-preview:large","max-video-preview":"max-video-preview:-1"},"canonical":"https:\/\/medicinasinc.com\/de\/product\/kaufen-motrin-ibuprofen-600mg-pillen\/","og_locale":"de_DE","og_type":"article","og_title":"Kaufen Sie Motrin Ibuprofen 600 mg Tabletten - Best Best Global Meds","og_description":"Kaufen Sie Motrin Ibuprofen 600 mg Tabletten online. Kaufen Sie Ibuprofen 600 mg online zu sehr g\u00fcnstigen Preisen. Kostenloser Versand f\u00fcr Gro\u00dfhandelsbestellungen. Wenn Sie Medikamente ohne Rezept online kaufen m\u00f6chten, ist Ihre Suche beendet.","og_url":"https:\/\/medicinasinc.com\/de\/product\/kaufen-motrin-ibuprofen-600mg-pillen\/","og_site_name":"Medicinas Inc","article_modified_time":"2022-03-18T00:26:39+00:00","og_image":[{"width":1200,"height":1200,"url":"https:\/\/medicinasinc.com\/de\/wp-content\/uploads\/sites\/6\/2022\/02\/Buy-Motrin-Ibuprofen-600mg.jpg","type":"image\/jpeg"}],"twitter_card":"summary_large_image","twitter_misc":{"Gesch\u00e4tzte Lesezeit":"1\u00a0Minute"},"schema":{"@context":"https:\/\/schema.org","@graph":[{"@type":"WebPage","@id":"https:\/\/medicinasinc.com\/de\/product\/kaufen-motrin-ibuprofen-600mg-pillen\/","url":"https:\/\/medicinasinc.com\/de\/product\/kaufen-motrin-ibuprofen-600mg-pillen\/","name":"Kaufen Sie Motrin Ibuprofen 600 mg Tabletten - Best Best Global Meds","isPartOf":{"@id":"https:\/\/medicinasinc.com\/de\/#website"},"primaryImageOfPage":{"@id":"https:\/\/medicinasinc.com\/de\/product\/kaufen-motrin-ibuprofen-600mg-pillen\/#primaryimage"},"image":{"@id":"https:\/\/medicinasinc.com\/de\/product\/kaufen-motrin-ibuprofen-600mg-pillen\/#primaryimage"},"thumbnailUrl":"https:\/\/medicinasinc.com\/de\/wp-content\/uploads\/sites\/6\/2022\/02\/Buy-Motrin-Ibuprofen-600mg.jpg","datePublished":"2022-02-20T22:53:05+00:00","dateModified":"2022-03-18T00:26:39+00:00","description":"Kaufen Sie Motrin Ibuprofen 600 mg Tabletten online. Kaufen Sie Ibuprofen 600 mg online zu sehr g\u00fcnstigen Preisen. Kostenloser Versand f\u00fcr Gro\u00dfhandelsbestellungen. Wenn Sie Medikamente ohne Rezept online kaufen m\u00f6chten, ist Ihre Suche beendet.","breadcrumb":{"@id":"https:\/\/medicinasinc.com\/de\/product\/kaufen-motrin-ibuprofen-600mg-pillen\/#breadcrumb"},"inLanguage":"de","potentialAction":[{"@type":"ReadAction","target":["https:\/\/medicinasinc.com\/de\/product\/kaufen-motrin-ibuprofen-600mg-pillen\/"]}]},{"@type":"ImageObject","inLanguage":"de","@id":"https:\/\/medicinasinc.com\/de\/product\/kaufen-motrin-ibuprofen-600mg-pillen\/#primaryimage","url":"https:\/\/medicinasinc.com\/de\/wp-content\/uploads\/sites\/6\/2022\/02\/Buy-Motrin-Ibuprofen-600mg.jpg","contentUrl":"https:\/\/medicinasinc.com\/de\/wp-content\/uploads\/sites\/6\/2022\/02\/Buy-Motrin-Ibuprofen-600mg.jpg","width":1200,"height":1200},{"@type":"BreadcrumbList","@id":"https:\/\/medicinasinc.com\/de\/product\/kaufen-motrin-ibuprofen-600mg-pillen\/#breadcrumb","itemListElement":[{"@type":"ListItem","position":1,"name":"Einkaufen","item":"https:\/\/medicinasinc.com\/de\/einkaufen\/"},{"@type":"ListItem","position":2,"name":"Kaufen Sie Motrin Ibuprofen 600 mg Tabletten"}]},{"@type":"WebSite","@id":"https:\/\/medicinasinc.com\/de\/#website","url":"https:\/\/medicinasinc.com\/de\/","name":"Medicinas Inc","description":"Health Medical Clinic","potentialAction":[{"@type":"SearchAction","target":{"@type":"EntryPoint","urlTemplate":"https:\/\/medicinasinc.com\/de\/?s={search_term_string}"},"query-input":{"@type":"PropertyValueSpecification","valueRequired":true,"valueName":"search_term_string"}}],"inLanguage":"de"}]}},"_links":{"self":[{"href":"https:\/\/medicinasinc.com\/de\/wp-json\/wp\/v2\/product\/5264","targetHints":{"allow":["GET"]}}],"collection":[{"href":"https:\/\/medicinasinc.com\/de\/wp-json\/wp\/v2\/product"}],"about":[{"href":"https:\/\/medicinasinc.com\/de\/wp-json\/wp\/v2\/types\/product"}],"replies":[{"embeddable":true,"href":"https:\/\/medicinasinc.com\/de\/wp-json\/wp\/v2\/comments?post=5264"}],"wp:featuredmedia":[{"embeddable":true,"href":"https:\/\/medicinasinc.com\/de\/wp-json\/wp\/v2\/media\/5282"}],"wp:attachment":[{"href":"https:\/\/medicinasinc.com\/de\/wp-json\/wp\/v2\/media?parent=5264"}],"wp:term":[{"taxonomy":"product_brand","embeddable":true,"href":"https:\/\/medicinasinc.com\/de\/wp-json\/wp\/v2\/product_brand?post=5264"},{"taxonomy":"product_cat","embeddable":true,"href":"https:\/\/medicinasinc.com\/de\/wp-json\/wp\/v2\/product_cat?post=5264"},{"taxonomy":"product_tag","embeddable":true,"href":"https:\/\/medicinasinc.com\/de\/wp-json\/wp\/v2\/product_tag?post=5264"}],"curies":[{"name":"wp","href":"https:\/\/api.w.org\/{rel}","templated":true}]}}