{"id":5263,"date":"2022-02-20T22:51:56","date_gmt":"2022-02-20T22:51:56","guid":{"rendered":"https:\/\/medicinasinc.com\/de\/?post_type=product&#038;p=5263"},"modified":"2022-03-18T00:26:50","modified_gmt":"2022-03-18T00:26:50","slug":"kaufen-naze-2mg-clonazepam","status":"publish","type":"product","link":"https:\/\/medicinasinc.com\/de\/product\/kaufen-naze-2mg-clonazepam\/","title":{"rendered":"Kaufen Sie Naze 2mg Clonazepam"},"content":{"rendered":"<p>Online-Kauf von Naze 2 mg Clonazepam-Tabletten<\/p>\n<p>Clonazepam wird zur Behandlung von Krampfanf\u00e4llen (Epilepsie oder Krampfanf\u00e4llen) und unerwarteten Vorf\u00e4llen schwerer Angst sowie Angst vor diesen Anf\u00e4llen (Panikst\u00f6rung) mit oder ohne Anwendung verwendet eine Angst vor \u00f6ffentlichen Pl\u00e4tzen (Agoraphobie).<br \/> Clonazepam ist ein Mitglied der Klasse von Medikamenten, die als Benzodiazepine bekannt sind. Die genaue Wirkungsweise von Clonazepam ist unbekannt; Es wird jedoch angenommen, dass es die Funktion einer Signalchemikalie im Gehirn namens Gamma-Aminobutters\u00e4ure (GABA) verbessert, die hilft, die \u00fcberm\u00e4\u00dfige elektrische Nervenaktivit\u00e4t zu beruhigen, die Anf\u00e4lle (Anf\u00e4lle) und Panikst\u00f6rungen verursacht.<\/p>\n<p>Kaufen Sie Naze (Clonazepam) 2mg online ohne Rezept in unserem Shop per Bank\u00fcberweisung. Aus Europa, dem Vereinigten K\u00f6nigreich und den Vereinigten Staaten erfolgt ein diskreter Versand \u00fcber Nacht.<\/p>\n<p>Naze 2 mg Clonazepam-Pillen k\u00f6nnen online gekauft werden.<\/p>\n<p>Nehmen Sie Clonazepam genau so ein, wie es Ihnen Ihr Arzt verschrieben hat.<\/p>\n<p>Naze\u00a0(Clonazepam)\u00a02\u00a0mg. Sie k\u00f6nnen Naze (Clonazepam) 2 mg Tabletten ohne Rezept online erhalten (kein RX). Das Produkt hat folgenden Preis: pro Pille.<\/p>\n","protected":false},"excerpt":{"rendered":"<p>Kaufen Sie Naze (Clonazepam) 2mg online ohne Rezept in unserem Shop per Bank\u00fcberweisung. Aus Europa, dem Vereinigten K\u00f6nigreich und den Vereinigten Staaten erfolgt ein diskreter Versand \u00fcber Nacht.<\/p>\n<p>Naze 2 mg Clonazepam-Pillen k\u00f6nnen online gekauft werden.<\/p>\n<p>Nehmen Sie Clonazepam genau so ein, wie es Ihnen Ihr Arzt verschrieben hat.<\/p>\n<p>Naze\u00a0(Clonazepam)\u00a02\u00a0mg. Sie k\u00f6nnen Naze (Clonazepam) 2 mg Tabletten ohne Rezept online erhalten (kein RX)<\/p>\n<div class=\"ULSxyf\">\n<div class=\"EyBRub\">\n<div>\n<div id=\"_QM5vYYzICdD2gQa--6GgAw40\" class=\"yp\" data-jiis=\"up\" data-async-type=\"kp_feedback\" data-ved=\"2ahUKEwiM6ImnxNjzAhVQe8AKHb59CDQQ68cEegQIKhAA\"><\/div>\n<\/p><\/div>\n<div class=\"LnbJhc\" data-count=\"11 \" data-iu=\"1\" data-hveid=\"CCoQAQ\" data-ved=\"2ahUKEwiM6ImnxNjzAhVQe8AKHb59CDQQyA0oAHoECCoQAQ\"><\/div>\n<\/p><\/div>\n<\/p><\/div>\n<p>&nbsp;<\/p>\n","protected":false},"featured_media":5280,"comment_status":"open","ping_status":"closed","template":"","meta":[],"product_brand":[],"product_cat":[1117],"product_tag":[1563,1564,1567,1568,1565,1566,1569,1570],"class_list":{"0":"post-5263","1":"product","2":"type-product","3":"status-publish","4":"has-post-thumbnail","6":"product_cat-kaufen-sie-schmerz-schlaf-und-sexpillen","7":"product_tag-clonazepam-gebrauch","8":"product_tag-naze-2mg-alternative","9":"product_tag-naze-2mg-tablette-pakistan","10":"product_tag-naze-2mg-tablet-uses","11":"product_tag-naze-2mg-online","12":"product_tag-naze-2mg-preis-in-pakistan","13":"product_tag-naze-tablet-verwendungen","14":"product_tag-naze-tablette-2mg-nebenwirkungen","16":"first","17":"instock","18":"shipping-taxable","19":"purchasable","20":"product-type-variable","21":"has-default-attributes"},"yoast_head":"<!-- This site is optimized with the Yoast SEO plugin v27.3 - https:\/\/yoast.com\/product\/yoast-seo-wordpress\/ -->\n<title>Kaufen Sie Naze 2mg Clonazepam-Pillen - Best Best Global Meds<\/title>\n<meta name=\"description\" content=\"Kaufen Sie Naze (Clonazepam) 2 mg online mit Bank\u00fcberweisung ohne Rezept in unserem Shop. Diskrete Lieferung \u00fcber Nacht aus Europa, Gro\u00dfbritannien und den USA m\u00f6glich.\" \/>\n<meta name=\"robots\" content=\"index, follow, max-snippet:-1, max-image-preview:large, max-video-preview:-1\" \/>\n<link rel=\"canonical\" href=\"https:\/\/medicinasinc.com\/de\/product\/kaufen-naze-2mg-clonazepam\/\" \/>\n<meta property=\"og:locale\" content=\"de_DE\" \/>\n<meta property=\"og:type\" content=\"article\" \/>\n<meta property=\"og:title\" content=\"Kaufen Sie Naze 2mg Clonazepam-Pillen - Best Best Global Meds\" \/>\n<meta property=\"og:description\" content=\"Kaufen Sie Naze (Clonazepam) 2 mg online mit Bank\u00fcberweisung ohne Rezept in unserem Shop. Diskrete Lieferung \u00fcber Nacht aus Europa, Gro\u00dfbritannien und den USA m\u00f6glich.\" \/>\n<meta property=\"og:url\" content=\"https:\/\/medicinasinc.com\/de\/product\/kaufen-naze-2mg-clonazepam\/\" \/>\n<meta property=\"og:site_name\" content=\"Medicinas Inc\" \/>\n<meta property=\"article:modified_time\" content=\"2022-03-18T00:26:50+00:00\" \/>\n<meta property=\"og:image\" content=\"https:\/\/medicinasinc.com\/de\/wp-content\/uploads\/sites\/6\/2022\/02\/buy-naze-2mg-clonazepam-pills-online.jpg\" \/>\n\t<meta property=\"og:image:width\" content=\"600\" \/>\n\t<meta property=\"og:image:height\" content=\"600\" \/>\n\t<meta property=\"og:image:type\" content=\"image\/jpeg\" \/>\n<meta name=\"twitter:card\" content=\"summary_large_image\" \/>\n<meta name=\"twitter:label1\" content=\"Gesch\u00e4tzte Lesezeit\" \/>\n\t<meta name=\"twitter:data1\" content=\"1\u00a0Minute\" \/>\n<script type=\"application\/ld+json\" class=\"yoast-schema-graph\">{\"@context\":\"https:\\\/\\\/schema.org\",\"@graph\":[{\"@type\":\"WebPage\",\"@id\":\"https:\\\/\\\/medicinasinc.com\\\/de\\\/product\\\/kaufen-naze-2mg-clonazepam\\\/\",\"url\":\"https:\\\/\\\/medicinasinc.com\\\/de\\\/product\\\/kaufen-naze-2mg-clonazepam\\\/\",\"name\":\"Kaufen Sie Naze 2mg Clonazepam-Pillen - Best Best Global Meds\",\"isPartOf\":{\"@id\":\"https:\\\/\\\/medicinasinc.com\\\/de\\\/#website\"},\"primaryImageOfPage\":{\"@id\":\"https:\\\/\\\/medicinasinc.com\\\/de\\\/product\\\/kaufen-naze-2mg-clonazepam\\\/#primaryimage\"},\"image\":{\"@id\":\"https:\\\/\\\/medicinasinc.com\\\/de\\\/product\\\/kaufen-naze-2mg-clonazepam\\\/#primaryimage\"},\"thumbnailUrl\":\"https:\\\/\\\/medicinasinc.com\\\/de\\\/wp-content\\\/uploads\\\/sites\\\/6\\\/2022\\\/02\\\/buy-naze-2mg-clonazepam-pills-online.jpg\",\"datePublished\":\"2022-02-20T22:51:56+00:00\",\"dateModified\":\"2022-03-18T00:26:50+00:00\",\"description\":\"Kaufen Sie Naze (Clonazepam) 2 mg online mit Bank\u00fcberweisung ohne Rezept in unserem Shop. Diskrete Lieferung \u00fcber Nacht aus Europa, Gro\u00dfbritannien und den USA m\u00f6glich.\",\"breadcrumb\":{\"@id\":\"https:\\\/\\\/medicinasinc.com\\\/de\\\/product\\\/kaufen-naze-2mg-clonazepam\\\/#breadcrumb\"},\"inLanguage\":\"de\",\"potentialAction\":[{\"@type\":\"ReadAction\",\"target\":[\"https:\\\/\\\/medicinasinc.com\\\/de\\\/product\\\/kaufen-naze-2mg-clonazepam\\\/\"]}]},{\"@type\":\"ImageObject\",\"inLanguage\":\"de\",\"@id\":\"https:\\\/\\\/medicinasinc.com\\\/de\\\/product\\\/kaufen-naze-2mg-clonazepam\\\/#primaryimage\",\"url\":\"https:\\\/\\\/medicinasinc.com\\\/de\\\/wp-content\\\/uploads\\\/sites\\\/6\\\/2022\\\/02\\\/buy-naze-2mg-clonazepam-pills-online.jpg\",\"contentUrl\":\"https:\\\/\\\/medicinasinc.com\\\/de\\\/wp-content\\\/uploads\\\/sites\\\/6\\\/2022\\\/02\\\/buy-naze-2mg-clonazepam-pills-online.jpg\",\"width\":600,\"height\":600},{\"@type\":\"BreadcrumbList\",\"@id\":\"https:\\\/\\\/medicinasinc.com\\\/de\\\/product\\\/kaufen-naze-2mg-clonazepam\\\/#breadcrumb\",\"itemListElement\":[{\"@type\":\"ListItem\",\"position\":1,\"name\":\"Einkaufen\",\"item\":\"https:\\\/\\\/medicinasinc.com\\\/de\\\/einkaufen\\\/\"},{\"@type\":\"ListItem\",\"position\":2,\"name\":\"Kaufen Sie Naze 2mg Clonazepam\"}]},{\"@type\":\"WebSite\",\"@id\":\"https:\\\/\\\/medicinasinc.com\\\/de\\\/#website\",\"url\":\"https:\\\/\\\/medicinasinc.com\\\/de\\\/\",\"name\":\"Medicinas Inc\",\"description\":\"Health Medical Clinic\",\"potentialAction\":[{\"@type\":\"SearchAction\",\"target\":{\"@type\":\"EntryPoint\",\"urlTemplate\":\"https:\\\/\\\/medicinasinc.com\\\/de\\\/?s={search_term_string}\"},\"query-input\":{\"@type\":\"PropertyValueSpecification\",\"valueRequired\":true,\"valueName\":\"search_term_string\"}}],\"inLanguage\":\"de\"}]}<\/script>\n<!-- \/ Yoast SEO plugin. -->","yoast_head_json":{"title":"Kaufen Sie Naze 2mg Clonazepam-Pillen - Best Best Global Meds","description":"Kaufen Sie Naze (Clonazepam) 2 mg online mit Bank\u00fcberweisung ohne Rezept in unserem Shop. Diskrete Lieferung \u00fcber Nacht aus Europa, Gro\u00dfbritannien und den USA m\u00f6glich.","robots":{"index":"index","follow":"follow","max-snippet":"max-snippet:-1","max-image-preview":"max-image-preview:large","max-video-preview":"max-video-preview:-1"},"canonical":"https:\/\/medicinasinc.com\/de\/product\/kaufen-naze-2mg-clonazepam\/","og_locale":"de_DE","og_type":"article","og_title":"Kaufen Sie Naze 2mg Clonazepam-Pillen - Best Best Global Meds","og_description":"Kaufen Sie Naze (Clonazepam) 2 mg online mit Bank\u00fcberweisung ohne Rezept in unserem Shop. Diskrete Lieferung \u00fcber Nacht aus Europa, Gro\u00dfbritannien und den USA m\u00f6glich.","og_url":"https:\/\/medicinasinc.com\/de\/product\/kaufen-naze-2mg-clonazepam\/","og_site_name":"Medicinas Inc","article_modified_time":"2022-03-18T00:26:50+00:00","og_image":[{"width":600,"height":600,"url":"https:\/\/medicinasinc.com\/de\/wp-content\/uploads\/sites\/6\/2022\/02\/buy-naze-2mg-clonazepam-pills-online.jpg","type":"image\/jpeg"}],"twitter_card":"summary_large_image","twitter_misc":{"Gesch\u00e4tzte Lesezeit":"1\u00a0Minute"},"schema":{"@context":"https:\/\/schema.org","@graph":[{"@type":"WebPage","@id":"https:\/\/medicinasinc.com\/de\/product\/kaufen-naze-2mg-clonazepam\/","url":"https:\/\/medicinasinc.com\/de\/product\/kaufen-naze-2mg-clonazepam\/","name":"Kaufen Sie Naze 2mg Clonazepam-Pillen - Best Best Global Meds","isPartOf":{"@id":"https:\/\/medicinasinc.com\/de\/#website"},"primaryImageOfPage":{"@id":"https:\/\/medicinasinc.com\/de\/product\/kaufen-naze-2mg-clonazepam\/#primaryimage"},"image":{"@id":"https:\/\/medicinasinc.com\/de\/product\/kaufen-naze-2mg-clonazepam\/#primaryimage"},"thumbnailUrl":"https:\/\/medicinasinc.com\/de\/wp-content\/uploads\/sites\/6\/2022\/02\/buy-naze-2mg-clonazepam-pills-online.jpg","datePublished":"2022-02-20T22:51:56+00:00","dateModified":"2022-03-18T00:26:50+00:00","description":"Kaufen Sie Naze (Clonazepam) 2 mg online mit Bank\u00fcberweisung ohne Rezept in unserem Shop. Diskrete Lieferung \u00fcber Nacht aus Europa, Gro\u00dfbritannien und den USA m\u00f6glich.","breadcrumb":{"@id":"https:\/\/medicinasinc.com\/de\/product\/kaufen-naze-2mg-clonazepam\/#breadcrumb"},"inLanguage":"de","potentialAction":[{"@type":"ReadAction","target":["https:\/\/medicinasinc.com\/de\/product\/kaufen-naze-2mg-clonazepam\/"]}]},{"@type":"ImageObject","inLanguage":"de","@id":"https:\/\/medicinasinc.com\/de\/product\/kaufen-naze-2mg-clonazepam\/#primaryimage","url":"https:\/\/medicinasinc.com\/de\/wp-content\/uploads\/sites\/6\/2022\/02\/buy-naze-2mg-clonazepam-pills-online.jpg","contentUrl":"https:\/\/medicinasinc.com\/de\/wp-content\/uploads\/sites\/6\/2022\/02\/buy-naze-2mg-clonazepam-pills-online.jpg","width":600,"height":600},{"@type":"BreadcrumbList","@id":"https:\/\/medicinasinc.com\/de\/product\/kaufen-naze-2mg-clonazepam\/#breadcrumb","itemListElement":[{"@type":"ListItem","position":1,"name":"Einkaufen","item":"https:\/\/medicinasinc.com\/de\/einkaufen\/"},{"@type":"ListItem","position":2,"name":"Kaufen Sie Naze 2mg Clonazepam"}]},{"@type":"WebSite","@id":"https:\/\/medicinasinc.com\/de\/#website","url":"https:\/\/medicinasinc.com\/de\/","name":"Medicinas Inc","description":"Health Medical Clinic","potentialAction":[{"@type":"SearchAction","target":{"@type":"EntryPoint","urlTemplate":"https:\/\/medicinasinc.com\/de\/?s={search_term_string}"},"query-input":{"@type":"PropertyValueSpecification","valueRequired":true,"valueName":"search_term_string"}}],"inLanguage":"de"}]}},"_links":{"self":[{"href":"https:\/\/medicinasinc.com\/de\/wp-json\/wp\/v2\/product\/5263","targetHints":{"allow":["GET"]}}],"collection":[{"href":"https:\/\/medicinasinc.com\/de\/wp-json\/wp\/v2\/product"}],"about":[{"href":"https:\/\/medicinasinc.com\/de\/wp-json\/wp\/v2\/types\/product"}],"replies":[{"embeddable":true,"href":"https:\/\/medicinasinc.com\/de\/wp-json\/wp\/v2\/comments?post=5263"}],"wp:featuredmedia":[{"embeddable":true,"href":"https:\/\/medicinasinc.com\/de\/wp-json\/wp\/v2\/media\/5280"}],"wp:attachment":[{"href":"https:\/\/medicinasinc.com\/de\/wp-json\/wp\/v2\/media?parent=5263"}],"wp:term":[{"taxonomy":"product_brand","embeddable":true,"href":"https:\/\/medicinasinc.com\/de\/wp-json\/wp\/v2\/product_brand?post=5263"},{"taxonomy":"product_cat","embeddable":true,"href":"https:\/\/medicinasinc.com\/de\/wp-json\/wp\/v2\/product_cat?post=5263"},{"taxonomy":"product_tag","embeddable":true,"href":"https:\/\/medicinasinc.com\/de\/wp-json\/wp\/v2\/product_tag?post=5263"}],"curies":[{"name":"wp","href":"https:\/\/api.w.org\/{rel}","templated":true}]}}