{"id":5262,"date":"2022-02-20T22:49:49","date_gmt":"2022-02-20T22:49:49","guid":{"rendered":"https:\/\/medicinasinc.com\/de\/?post_type=product&#038;p=5262"},"modified":"2022-03-18T00:27:00","modified_gmt":"2022-03-18T00:27:00","slug":"kaufen-onax-2mg-alprazolam","status":"publish","type":"product","link":"https:\/\/medicinasinc.com\/de\/product\/kaufen-onax-2mg-alprazolam\/","title":{"rendered":"Kaufen Sie Onax 2mg Alprazolam"},"content":{"rendered":"<p>Kaufen Sie Onax 2 mg Alprazolam-Pillen online | Onax online kaufen | Onax Riegel kaufen<\/p>\n<p>Was ist Onax? Onax Online kaufen<\/p>\n<p>Onax 2 mg Riegel (Alprazolam) sind bekannt f\u00fcr ihre beruhigende Wirkung. Es wird verwendet, um Schlafentzug zu jeder Tages- und Nachtzeit zu behandeln. Xanax XR ist ein Benzodiazepin, das zur Behandlung von Angstzust\u00e4nden, Panikst\u00f6rungen und Depressionen eingesetzt wird. Wenn Sie Onax 2 mg Riegel bei uns kaufen, stellen Sie bitte sicher, dass Sie sie wirklich ben\u00f6tigen und dass Onax von einem Arzt empfohlen wird. PandaPharmacy.com haftet nicht f\u00fcr Sch\u00e4den oder Nebenwirkungen, die durch Xanax 3mg verursacht werden.<\/p>\n<p>Der Missbrauch des Medikaments kann im Vergleich zu den Medikamenten der Liste 3 zu einem begrenzten Grad an k\u00f6rperlicher oder psychischer Abh\u00e4ngigkeit f\u00fchren. Unabh\u00e4ngig von der Zahlungsmethode k\u00f6nnen Sie bei uns Onax 2mg-Riegel online erhalten. Wir akzeptieren auch PayPal. Abgesehen von PayPal k\u00f6nnen Zahlungsanweisungen verwendet werden, um Onax 2 mg Riegel zu kaufen. Bitte bedenken Sie, dass dieses Medikament \u00e4u\u00dferst sch\u00e4dlich ist und zur Sucht f\u00fchren kann. Unser Onax w\u00e4re von h\u00f6chster Qualit\u00e4t. Bitte lesen Sie unser &#8222;&#8220;, um die meisten Antworten auf die Fragen zu erhalten, die in Ihrem Kopf aufgekommen sind.<\/p>\n<p>Was ist Onax? Onax Online kaufen<\/p>\n<p>Onax 2 mg Riegel (Alprazolam) sind bekannt f\u00fcr ihre beruhigenden Eigenschaften. Es wird verwendet, um Schlafentzug zu jeder Tages- und Nachtzeit zu behandeln. Xanax XR ist ein Benzodiazepin, das zur Behandlung von Angstzust\u00e4nden, Panikst\u00f6rungen und Depressionen eingesetzt wird. Wenn Sie Onax 2 mg Riegel bei uns kaufen, stellen Sie bitte sicher, dass Sie sie wirklich ben\u00f6tigen und dass Onax von Ihrem Arzt zugelassen ist. PandaPharmacy.com haftet nicht f\u00fcr Sch\u00e4den oder Nebenwirkungen, die durch Xanax 3mg verursacht werden.<\/p>\n<p>Der Missbrauch des Medikaments kann im Vergleich zu den Medikamenten der Liste 3 zu einem begrenzten Grad an k\u00f6rperlicher oder psychischer Abh\u00e4ngigkeit f\u00fchren.<\/p>\n<p>Sie k\u00f6nnen bei uns unabh\u00e4ngig von der Zahlungsmethode Onax 2mg Riegel online erhalten. Wir akzeptieren auch PayPal. Abgesehen von PayPal k\u00f6nnen Zahlungsanweisungen verwendet werden, um Onax 2 mg Riegel zu kaufen. Bitte bedenken Sie, dass dieses Medikament \u00e4u\u00dferst sch\u00e4dlich ist und zur Sucht f\u00fchren kann. Unser Onax w\u00e4re von h\u00f6chster Qualit\u00e4t. Bitte lesen Sie unsere &#8222;, um Antworten auf die meisten Fragen zu erhalten, die Ihnen in den Sinn gekommen sind. Bestellung<\/p>\n","protected":false},"excerpt":{"rendered":"<p>Online-Kauf von Onax 2 mg Alprazolam-Tabletten. Alprazolam wird verwendet, um \u00c4ngstlichkeit, Raserei und das mit Elend verbundene Unbehagen zu behandeln. Online-Kauf von Onax 2 mg Alprazolam-Tabletten&#8221;. Alprazolam 2mg Onax<\/p>\n<p>Onax 2mg Riegel\/Tabletten zum Kaufen<\/p>\n<p>Onax (Alprazolam) wird zur Behandlung von Angstzust\u00e4nden, Panikattacken, Schlaflosigkeit (Schlafst\u00f6rungen) und Angstzust\u00e4nden im Zusammenhang mit Depressionen verwendet.<\/p>\n<p>Sie k\u00f6nnen Onax 2mg online bei uns kaufen; Unsere Onax 2mg Pillen sind von h\u00f6chster Qualit\u00e4t. Onax 2mg ist der offizielle Name des Medikaments. Diese Pillen werden diskret verschickt.<\/p>\n<p>Kaufen Sie Onax 2 mg Riegel (Alprazolam), das f\u00fcr seine beruhigende Wirkung bekannt ist. Es wird verwendet, um Schlafentzug zu jeder Tages- und Nachtzeit zu bek\u00e4mpfen.<\/p>\n","protected":false},"featured_media":5278,"comment_status":"open","ping_status":"closed","template":"","meta":[],"product_brand":[],"product_cat":[1117],"product_tag":[1520,1524,1525,1526,1527,1528,1534,1530,1531,1529,1532,1533,1535,1522,1536,1539,1540,1541,1521,1542,1523,1543,1545,1547,1538,1549,1550,1551,1552,1544,1546,1537,1548,1553,1554,1555,1556,1558,1559,1560,1557,1561,1562],"class_list":{"0":"post-5262","1":"product","2":"type-product","3":"status-publish","4":"has-post-thumbnail","6":"product_cat-kaufen-sie-schmerz-schlaf-und-sexpillen","7":"product_tag-are-onax-bars-good","8":"product_tag-dj-onax","9":"product_tag-long-white-pill-onax","10":"product_tag-ozean-pharmazeutika-onax","11":"product_tag-onax","12":"product_tag-onax-2","13":"product_tag-onax-2mg-riegel","14":"product_tag-onax-2-pill-id","15":"product_tag-onax-2-pillen-identifikator","16":"product_tag-onax-2-riegel","17":"product_tag-onax-2-weie-pille","18":"product_tag-onax-2mg","19":"product_tag-onax-2mg-bars","20":"product_tag-kaufen-onax-2mg","21":"product_tag-onax-ag-it-lsungen","22":"product_tag-onax-bars-zu-verkaufen","23":"product_tag-onax-dr-germantown","24":"product_tag-onax-headache","25":"product_tag-kaufen-onax","26":"product_tag-onax-llc","27":"product_tag-onax-online-kaufen","28":"product_tag-onax-orv-park-mojave-ca-bilder","29":"product_tag-onax-pex","30":"product_tag-onax-punta-kana","31":"product_tag-onax-riegel-3mg","32":"product_tag-onax-vlack-kitchenaid-mixer","33":"product_tag-onax-vs-xanax","34":"product_tag-onax-weie-pille","35":"product_tag-onax-xanax","36":"product_tag-onax-pc-ames","37":"product_tag-onax-pille","38":"product_tag-onax-riegel","39":"product_tag-onax-statuen","40":"product_tag-onax-xanax-riegel","41":"product_tag-pill-onax-2","42":"product_tag-reddit-onax","43":"product_tag-reddit-onax-fr-deine-nase","44":"product_tag-weie-pille-onax","45":"product_tag-weie-pille-onax-2","46":"product_tag-weies-rechteck-pille-onax-2","47":"product_tag-white-bar-pill-onax","48":"product_tag-xanax-2mg-onax","49":"product_tag-xanax-riegel-onax","51":"first","52":"instock","53":"shipping-taxable","54":"purchasable","55":"product-type-variable","56":"has-default-attributes"},"yoast_head":"<!-- This site is optimized with the Yoast SEO plugin v27.3 - https:\/\/yoast.com\/product\/yoast-seo-wordpress\/ -->\n<title>Kaufen Sie Onax 2 mg Alprazolam-Pillen - Best Best Global Meds<\/title>\n<meta name=\"description\" content=\"Kaufen Sie Onax 2 mg Riegel\/Tabletten:\u00a0Onax\u00a0(Alprazolam) behandelt Angstzust\u00e4nde, Panikst\u00f6rungen, Schlaflosigkeit (Schlafst\u00f6rungen) und Angstzust\u00e4nde, die durch Depressionen verursacht werden.\" \/>\n<meta name=\"robots\" content=\"index, follow, max-snippet:-1, max-image-preview:large, max-video-preview:-1\" \/>\n<link rel=\"canonical\" href=\"https:\/\/medicinasinc.com\/de\/product\/kaufen-onax-2mg-alprazolam\/\" \/>\n<meta property=\"og:locale\" content=\"de_DE\" \/>\n<meta property=\"og:type\" content=\"article\" \/>\n<meta property=\"og:title\" content=\"Kaufen Sie Onax 2 mg Alprazolam-Pillen - Best Best Global Meds\" \/>\n<meta property=\"og:description\" content=\"Kaufen Sie Onax 2 mg Riegel\/Tabletten:\u00a0Onax\u00a0(Alprazolam) behandelt Angstzust\u00e4nde, Panikst\u00f6rungen, Schlaflosigkeit (Schlafst\u00f6rungen) und Angstzust\u00e4nde, die durch Depressionen verursacht werden.\" \/>\n<meta property=\"og:url\" content=\"https:\/\/medicinasinc.com\/de\/product\/kaufen-onax-2mg-alprazolam\/\" \/>\n<meta property=\"og:site_name\" content=\"Medicinas Inc\" \/>\n<meta property=\"article:modified_time\" content=\"2022-03-18T00:27:00+00:00\" \/>\n<meta property=\"og:image\" content=\"https:\/\/medicinasinc.com\/de\/wp-content\/uploads\/sites\/6\/2022\/02\/Buy-Onax-2mg.jpg\" \/>\n\t<meta property=\"og:image:width\" content=\"400\" \/>\n\t<meta property=\"og:image:height\" content=\"300\" \/>\n\t<meta property=\"og:image:type\" content=\"image\/jpeg\" \/>\n<meta name=\"twitter:card\" content=\"summary_large_image\" \/>\n<meta name=\"twitter:label1\" content=\"Gesch\u00e4tzte Lesezeit\" \/>\n\t<meta name=\"twitter:data1\" content=\"2\u00a0Minuten\" \/>\n<script type=\"application\/ld+json\" class=\"yoast-schema-graph\">{\"@context\":\"https:\\\/\\\/schema.org\",\"@graph\":[{\"@type\":\"WebPage\",\"@id\":\"https:\\\/\\\/medicinasinc.com\\\/de\\\/product\\\/kaufen-onax-2mg-alprazolam\\\/\",\"url\":\"https:\\\/\\\/medicinasinc.com\\\/de\\\/product\\\/kaufen-onax-2mg-alprazolam\\\/\",\"name\":\"Kaufen Sie Onax 2 mg Alprazolam-Pillen - Best Best Global Meds\",\"isPartOf\":{\"@id\":\"https:\\\/\\\/medicinasinc.com\\\/de\\\/#website\"},\"primaryImageOfPage\":{\"@id\":\"https:\\\/\\\/medicinasinc.com\\\/de\\\/product\\\/kaufen-onax-2mg-alprazolam\\\/#primaryimage\"},\"image\":{\"@id\":\"https:\\\/\\\/medicinasinc.com\\\/de\\\/product\\\/kaufen-onax-2mg-alprazolam\\\/#primaryimage\"},\"thumbnailUrl\":\"https:\\\/\\\/medicinasinc.com\\\/de\\\/wp-content\\\/uploads\\\/sites\\\/6\\\/2022\\\/02\\\/Buy-Onax-2mg.jpg\",\"datePublished\":\"2022-02-20T22:49:49+00:00\",\"dateModified\":\"2022-03-18T00:27:00+00:00\",\"description\":\"Kaufen Sie Onax 2 mg Riegel\\\/Tabletten:\u00a0Onax\u00a0(Alprazolam) behandelt Angstzust\u00e4nde, Panikst\u00f6rungen, Schlaflosigkeit (Schlafst\u00f6rungen) und Angstzust\u00e4nde, die durch Depressionen verursacht werden.\",\"breadcrumb\":{\"@id\":\"https:\\\/\\\/medicinasinc.com\\\/de\\\/product\\\/kaufen-onax-2mg-alprazolam\\\/#breadcrumb\"},\"inLanguage\":\"de\",\"potentialAction\":[{\"@type\":\"ReadAction\",\"target\":[\"https:\\\/\\\/medicinasinc.com\\\/de\\\/product\\\/kaufen-onax-2mg-alprazolam\\\/\"]}]},{\"@type\":\"ImageObject\",\"inLanguage\":\"de\",\"@id\":\"https:\\\/\\\/medicinasinc.com\\\/de\\\/product\\\/kaufen-onax-2mg-alprazolam\\\/#primaryimage\",\"url\":\"https:\\\/\\\/medicinasinc.com\\\/de\\\/wp-content\\\/uploads\\\/sites\\\/6\\\/2022\\\/02\\\/Buy-Onax-2mg.jpg\",\"contentUrl\":\"https:\\\/\\\/medicinasinc.com\\\/de\\\/wp-content\\\/uploads\\\/sites\\\/6\\\/2022\\\/02\\\/Buy-Onax-2mg.jpg\",\"width\":400,\"height\":300},{\"@type\":\"BreadcrumbList\",\"@id\":\"https:\\\/\\\/medicinasinc.com\\\/de\\\/product\\\/kaufen-onax-2mg-alprazolam\\\/#breadcrumb\",\"itemListElement\":[{\"@type\":\"ListItem\",\"position\":1,\"name\":\"Einkaufen\",\"item\":\"https:\\\/\\\/medicinasinc.com\\\/de\\\/einkaufen\\\/\"},{\"@type\":\"ListItem\",\"position\":2,\"name\":\"Kaufen Sie Onax 2mg Alprazolam\"}]},{\"@type\":\"WebSite\",\"@id\":\"https:\\\/\\\/medicinasinc.com\\\/de\\\/#website\",\"url\":\"https:\\\/\\\/medicinasinc.com\\\/de\\\/\",\"name\":\"Medicinas Inc\",\"description\":\"Health Medical Clinic\",\"potentialAction\":[{\"@type\":\"SearchAction\",\"target\":{\"@type\":\"EntryPoint\",\"urlTemplate\":\"https:\\\/\\\/medicinasinc.com\\\/de\\\/?s={search_term_string}\"},\"query-input\":{\"@type\":\"PropertyValueSpecification\",\"valueRequired\":true,\"valueName\":\"search_term_string\"}}],\"inLanguage\":\"de\"}]}<\/script>\n<!-- \/ Yoast SEO plugin. -->","yoast_head_json":{"title":"Kaufen Sie Onax 2 mg Alprazolam-Pillen - Best Best Global Meds","description":"Kaufen Sie Onax 2 mg Riegel\/Tabletten:\u00a0Onax\u00a0(Alprazolam) behandelt Angstzust\u00e4nde, Panikst\u00f6rungen, Schlaflosigkeit (Schlafst\u00f6rungen) und Angstzust\u00e4nde, die durch Depressionen verursacht werden.","robots":{"index":"index","follow":"follow","max-snippet":"max-snippet:-1","max-image-preview":"max-image-preview:large","max-video-preview":"max-video-preview:-1"},"canonical":"https:\/\/medicinasinc.com\/de\/product\/kaufen-onax-2mg-alprazolam\/","og_locale":"de_DE","og_type":"article","og_title":"Kaufen Sie Onax 2 mg Alprazolam-Pillen - Best Best Global Meds","og_description":"Kaufen Sie Onax 2 mg Riegel\/Tabletten:\u00a0Onax\u00a0(Alprazolam) behandelt Angstzust\u00e4nde, Panikst\u00f6rungen, Schlaflosigkeit (Schlafst\u00f6rungen) und Angstzust\u00e4nde, die durch Depressionen verursacht werden.","og_url":"https:\/\/medicinasinc.com\/de\/product\/kaufen-onax-2mg-alprazolam\/","og_site_name":"Medicinas Inc","article_modified_time":"2022-03-18T00:27:00+00:00","og_image":[{"width":400,"height":300,"url":"https:\/\/medicinasinc.com\/de\/wp-content\/uploads\/sites\/6\/2022\/02\/Buy-Onax-2mg.jpg","type":"image\/jpeg"}],"twitter_card":"summary_large_image","twitter_misc":{"Gesch\u00e4tzte Lesezeit":"2\u00a0Minuten"},"schema":{"@context":"https:\/\/schema.org","@graph":[{"@type":"WebPage","@id":"https:\/\/medicinasinc.com\/de\/product\/kaufen-onax-2mg-alprazolam\/","url":"https:\/\/medicinasinc.com\/de\/product\/kaufen-onax-2mg-alprazolam\/","name":"Kaufen Sie Onax 2 mg Alprazolam-Pillen - Best Best Global Meds","isPartOf":{"@id":"https:\/\/medicinasinc.com\/de\/#website"},"primaryImageOfPage":{"@id":"https:\/\/medicinasinc.com\/de\/product\/kaufen-onax-2mg-alprazolam\/#primaryimage"},"image":{"@id":"https:\/\/medicinasinc.com\/de\/product\/kaufen-onax-2mg-alprazolam\/#primaryimage"},"thumbnailUrl":"https:\/\/medicinasinc.com\/de\/wp-content\/uploads\/sites\/6\/2022\/02\/Buy-Onax-2mg.jpg","datePublished":"2022-02-20T22:49:49+00:00","dateModified":"2022-03-18T00:27:00+00:00","description":"Kaufen Sie Onax 2 mg Riegel\/Tabletten:\u00a0Onax\u00a0(Alprazolam) behandelt Angstzust\u00e4nde, Panikst\u00f6rungen, Schlaflosigkeit (Schlafst\u00f6rungen) und Angstzust\u00e4nde, die durch Depressionen verursacht werden.","breadcrumb":{"@id":"https:\/\/medicinasinc.com\/de\/product\/kaufen-onax-2mg-alprazolam\/#breadcrumb"},"inLanguage":"de","potentialAction":[{"@type":"ReadAction","target":["https:\/\/medicinasinc.com\/de\/product\/kaufen-onax-2mg-alprazolam\/"]}]},{"@type":"ImageObject","inLanguage":"de","@id":"https:\/\/medicinasinc.com\/de\/product\/kaufen-onax-2mg-alprazolam\/#primaryimage","url":"https:\/\/medicinasinc.com\/de\/wp-content\/uploads\/sites\/6\/2022\/02\/Buy-Onax-2mg.jpg","contentUrl":"https:\/\/medicinasinc.com\/de\/wp-content\/uploads\/sites\/6\/2022\/02\/Buy-Onax-2mg.jpg","width":400,"height":300},{"@type":"BreadcrumbList","@id":"https:\/\/medicinasinc.com\/de\/product\/kaufen-onax-2mg-alprazolam\/#breadcrumb","itemListElement":[{"@type":"ListItem","position":1,"name":"Einkaufen","item":"https:\/\/medicinasinc.com\/de\/einkaufen\/"},{"@type":"ListItem","position":2,"name":"Kaufen Sie Onax 2mg Alprazolam"}]},{"@type":"WebSite","@id":"https:\/\/medicinasinc.com\/de\/#website","url":"https:\/\/medicinasinc.com\/de\/","name":"Medicinas Inc","description":"Health Medical Clinic","potentialAction":[{"@type":"SearchAction","target":{"@type":"EntryPoint","urlTemplate":"https:\/\/medicinasinc.com\/de\/?s={search_term_string}"},"query-input":{"@type":"PropertyValueSpecification","valueRequired":true,"valueName":"search_term_string"}}],"inLanguage":"de"}]}},"_links":{"self":[{"href":"https:\/\/medicinasinc.com\/de\/wp-json\/wp\/v2\/product\/5262","targetHints":{"allow":["GET"]}}],"collection":[{"href":"https:\/\/medicinasinc.com\/de\/wp-json\/wp\/v2\/product"}],"about":[{"href":"https:\/\/medicinasinc.com\/de\/wp-json\/wp\/v2\/types\/product"}],"replies":[{"embeddable":true,"href":"https:\/\/medicinasinc.com\/de\/wp-json\/wp\/v2\/comments?post=5262"}],"wp:featuredmedia":[{"embeddable":true,"href":"https:\/\/medicinasinc.com\/de\/wp-json\/wp\/v2\/media\/5278"}],"wp:attachment":[{"href":"https:\/\/medicinasinc.com\/de\/wp-json\/wp\/v2\/media?parent=5262"}],"wp:term":[{"taxonomy":"product_brand","embeddable":true,"href":"https:\/\/medicinasinc.com\/de\/wp-json\/wp\/v2\/product_brand?post=5262"},{"taxonomy":"product_cat","embeddable":true,"href":"https:\/\/medicinasinc.com\/de\/wp-json\/wp\/v2\/product_cat?post=5262"},{"taxonomy":"product_tag","embeddable":true,"href":"https:\/\/medicinasinc.com\/de\/wp-json\/wp\/v2\/product_tag?post=5262"}],"curies":[{"name":"wp","href":"https:\/\/api.w.org\/{rel}","templated":true}]}}