{"id":5239,"date":"2022-02-20T22:28:45","date_gmt":"2022-02-20T22:28:45","guid":{"rendered":"https:\/\/medicinasinc.com\/de\/?post_type=product&#038;p=5239"},"modified":"2022-03-18T00:27:12","modified_gmt":"2022-03-18T00:27:12","slug":"kaufen-magnus-mr-morphin-30mg-online","status":"publish","type":"product","link":"https:\/\/medicinasinc.com\/de\/product\/kaufen-magnus-mr-morphin-30mg-online\/","title":{"rendered":"Kaufen Sie Magnus MR Morphin 30 mg online"},"content":{"rendered":"<div id=\"productDescription\" class=\"productGeneral majorText\">\n<p>Magnus MR Morphin 30mg online kaufen<br \/> Magnus MR (Morphine Sulfate) 30 mg Kapsel Kaufen Sie Magnus MR (Morphine Sulfate) 30 mg Kapsel sicher online<\/p>\n<p>Magnus MR (Morphinsulfat) 30 mg Kapsel \u2013 Bestellung ohne Rezept \u2013 Lieferung \u00fcber Nacht<\/p>\n<p>Magnus MR (Morphinsulfat) 30 mg zum Verkauf in den Vereinigten Staaten von Amerika \u2013 zuverl\u00e4ssige Schmerzapotheke<\/p>\n<p>Magnus MR zum Verkauf (Morphinsulfat) 30 mg Online zu den niedrigsten Preisen in EUROPA &amp; AMERIKA<\/p>\n<p>Wo und wie kann man Magnus MR (Morphinsulfat) 30 mg noch heute sicher online kaufen<\/p>\n<p>1. Rhotard Morphine SR 30 mg Tabletten Morphgesic SR 30 mg Tabletten zu verkaufen<\/p>\n<p>2. Zusammensetzung in qualitativer und quantitativer Hinsicht<br \/> Morphgesic SR 30 mg Tabletten\/Rhotard Morphine SR 30 mg Tabletten<br \/> 30 mg Morphinsulfat sind in jeder Tablette enthalten.<br \/> Hilfsstoffe mit genau definierter Wirkung:<br \/> Glukose (63.000 mg pro Tablette).<\/p>\n<p>3. Pharmakologische Formulierung<br \/> Tabletten mit kontrollierter Freisetzung<br \/> Jede 30-mg-Tablette ist eine bikonvexe, runde, violette Filmtablette.<\/p>\n<p>4. Klinische Besonderheiten<br \/> 4.1 Anwendungsgebiete<br \/> Rhotard Morphin SR \/ Morphgesic SR Tabletten sind bei Erwachsenen zur Behandlung starker Schmerzen \u00fcber einen l\u00e4ngeren Zeitraum bestimmt.<\/p>\n<p>4.2 Verabreichung, Dosierung und Technik <br \/> Dosierung Kinder<br \/> Die Anwendung von Rhotard Morphine SR \/ Morphgesic SR Pillen bei Kindern wird nicht empfohlen.<\/p>\n<p>Erwachsene: Die Dosierung richtet sich nach der Intensit\u00e4t der Schmerzen und der Vorgeschichte des Patienten der analgetischen Verwendung. Typischerweise sollten die Tabletten zweimal t\u00e4glich im Abstand von 12 Stunden eingenommen werden. Bei Patienten mit starken Schmerzen ist eine Anfangsdosis von einer oder zwei 10-mg-Tabletten (10 mg) zweimal t\u00e4glich angezeigt. Es wird empfohlen, mit zunehmender St\u00e4rke der Schmerzen die Morphindosis zu erh\u00f6hen, um die gew\u00fcnschte Linderung zu erreichen. Die Dosierung kann durch Kombinieren von Tabletten unterschiedlicher St\u00e4rke (10, 30, 60 und 100 mg) oder durch alleinige Verwendung von Tabletten mit gr\u00f6\u00dferer St\u00e4rke angepasst werden.<br \/> Es wird Patienten empfohlen, die von einem anderen oralen Morphinpr\u00e4parat umgestellt wurden mit vergleichbarer Bioverf\u00fcgbarkeit wie orales Morphin in fl\u00fcssiger Form erhalten Sie die gleiche Morphin-Gesamtdosis in einem Zeitraum von 24 Stunden. Diese Gesamtdosis sollte halbiert und morgens und abends verabreicht werden. Eine Titration der Dosis und eine klinische Untersuchung k\u00f6nnen erforderlich sein.<br \/> Wenn ein Patient vor der Umstellung auf Rhotard Morphin retard\/Morphgesic retard Tabletten parenterales Morphin erhielt, kann eine h\u00f6here Morphindosis erforderlich sein. Individuelle Dosisanpassungen sind erforderlich, um einen Verlust der analgetischen Wirksamkeit aufgrund der oralen Verabreichung auszugleichen.<br \/> Es wird nicht empfohlen, Rhotard Morphine SR\/Morphgesic SR-Pillen innerhalb der ersten 24 Stunden nach der Operation zu verabreichen, um postoperative Schmerzen zu lindern. Nach dieser Anfangsphase sollte die Dosierung vom Arzt bestimmt werden.<br \/> Bei einigen Patienten kann eine zus\u00e4tzliche parenterale Morphingabe erforderlich sein, was durchaus angebracht ist. Allerdings sollte hinsichtlich der gesamten Morphindosierung sowie der verz\u00f6gerten Wirkungen von Morphin in der Rhotard Morphine SR\/Morphgesic SR-Formulierung Vorsicht walten Morphinpr\u00e4parate), insbesondere aber nach Bauchoperationen.<br \/> Die Magenmotilit\u00e4t sollte wiederhergestellt sein und beibehalten werden.<\/p>\n<p>Technik der Anwendung<br \/> Rhotard Morphine SR \/ Morphgesic SR-Tabletten zum Einnehmen sollten dies nicht sein gekaut.<\/p>\n<p>5.1 Pharmakodynamische Eigenschaften<br \/> Gruppe von Pharmakotherapeutika: Opioide<br \/> N02A ist der ATC-Code.<\/p>\n<p>Wirkungsmechanismus<br \/> MAGNUS MR SULFATE ER 30 MG wirkt als Agonist an Opiatrezeptoren des Zentralnervensystems, haupts\u00e4chlich an Mu- und in geringerem Ma\u00dfe an Kappa-Rezeptoren. Es wird angenommen, dass supraspinale Analgesie, Atemdepression und Euphorie durch Mu-Rezeptoren vermittelt werden, w\u00e4hrend spinale Analgesie, Miosis und Sedierung vermutlich durch Kappa-Rezeptoren vermittelt werden.<\/p>\n<p>Zentralnervensystem: Die prim\u00e4ren therapeutischen Wirkungen von Morphin sind Analgesie und Schl\u00e4frigkeit (d. h. Schl\u00e4frigkeit und Anxiolyse). MAGNUS MR SULFATE ER 30 MG \u00fcbt eine beruhigende Wirkung auf die Atmungszentren des Hirnstamms aus. Morphin wirkt direkt auf das Hustenzentrum im R\u00fcckenmark und unterdr\u00fcckt den Hustenreflex. Antitussive Wirkungen sind bei Dosen m\u00f6glich, die niedriger sind als die f\u00fcr die Analgesie erforderlichen. Morphin induziert Miosis in v\u00f6lliger Dunkelheit. W\u00e4hrend punktf\u00f6rmige Pupillen auf eine Opioid\u00fcberdosierung hinweisen, sind sie nicht diagnostisch (z. B. k\u00f6nnen pontine L\u00e4sionen h\u00e4morrhagischen oder isch\u00e4mischen Ursprungs \u00e4hnliche Befunde hervorrufen). Hypoxie kann sich eher als deutliche Mydriasis als als Miosis im Rahmen einer Morphin-\u00dcberdosierung manifestieren.<\/p>\n<p>MAGNUS MR SULFATE ER 30 MG und \u00e4hnliche Analgetika k\u00f6nnen eine physische und psychische Abh\u00e4ngigkeit verursachen und sollten mit Vorsicht angewendet werden. Au\u00dferdem kann sich eine Toleranz entwickeln.<\/p>\n<p>Glatte Muskulatur des Gastrointestinaltrakts und andere glatte Muskulatur<br \/> MAGNUS MR SULFATE ER 30 MG hemmt die Motilit\u00e4t, indem es den Tonus der glatten Muskulatur im Magen und Zw\u00f6lffingerdarm erh\u00f6ht. Im D\u00fcnndarm wird die Nahrungsverdauung verlangsamt und treibende Kontraktionen werden reduziert. Verstopfung wird durch eine Abnahme der peristaltischen Antriebswellen im Dickdarm und eine Erh\u00f6hung des Tonus bis hin zum Krampf verursacht. Morphin erh\u00f6ht im Allgemeinen den Tonus der glatten Muskulatur, insbesondere in den Schlie\u00dfmuskeln des Gastrointestinal- und Gallensystems. Morphin kann Kr\u00e4mpfe im Oddi-Sphinkter verursachen und damit den intrabili\u00e4ren Druck erh\u00f6hen.<\/p>\n<p>MAGNUS MR SULFATE ER 30 MG kann eine Histaminfreisetzung mit oder ohne begleitende periphere Vasodilatation verursachen. Pruritus, Flush, rote Augen, Schwitzen und\/oder orthostatische Hypotonie sind alles Anzeichen einer Histaminfreisetzung und\/oder peripheren Vasodilatation.<\/p>\n<p>Endokrinologie<br \/> Es wurde gezeigt, dass Opioide eine Wirkung auf den Hypothalamus haben. Hypophysen-Nebennieren- oder -Gonaden-Achsen. Mehrere Ver\u00e4nderungen k\u00f6nnen beobachtet werden, darunter ein Anstieg des Serum-Prolaktins und ein Abfall des Plasma-Cortisols und -Testosterons bei abnorm niedrigen oder normalen ACTH-, LH- oder FSH-Spiegeln. Bestimmte pr\u00e4menopausale Frauen k\u00f6nnen zu wenig \u00d6strogen haben. Diese hormonellen Ver\u00e4nderungen k\u00f6nnen klinische Anzeichen hervorrufen.<\/p>\n<p>Zus\u00e4tzliche pharmakologische Folgen<br \/> In-vitro- und Tierversuche zeigen, dass nat\u00fcrliche Opioide, wie Morphin, eine Vielzahl von Wirkungen auf Komponenten des Immunsystems haben; die klinische Relevanz dieser Befunde ist jedoch ungewiss.<\/p>\n<p>Orale, subkutane, intramuskul\u00e4re, intraven\u00f6se, intraspinale und rektale Verabreichungsformen sind verf\u00fcgbar. Parenterale Dosierungen k\u00f6nnen als intermittierende Injektionen oder als kontinuierliche oder intermittierende Infusionen verabreicht werden, je nach Bedarf des Patienten an Analgetika.<\/p>\n<p>ANWENDUNGEN<br \/> Dieses Arzneimittel wird zur Linderung schwerer, anhaltender Schmerzen (wie z wie durch Krebs). Morphin wird als Opioid (narkotisches) Analgetikum eingestuft. Es wirkt, indem es ver\u00e4ndert, wie Ihr K\u00f6rper Schmerzen im Gehirn wahrnimmt und darauf reagiert.<\/p>\n<p>Die h\u00f6heren Dosen dieses Medikaments (100 mg oder mehr pro Tablette) sollten nur verwendet werden, wenn Sie moderate bis hohe Dosen eingenommen haben von Opioid-Schmerzmitteln regelm\u00e4\u00dfig. Diese St\u00e4rken k\u00f6nnen zu einer \u00dcberdosierung (und m\u00f6glicherweise zum Tod) f\u00fchren, wenn sie von jemandem eingenommen werden, der nicht regelm\u00e4\u00dfig Opioide eingenommen hat.<\/p>\n<p>Vermeiden Sie die Verwendung von Morphin mit verl\u00e4ngerter Wirkstofffreisetzung zur Behandlung von Schmerzen, die m\u00e4\u00dfig sind oder innerhalb von a verschwinden ein paar Tage. Dieses Medikament ist nicht f\u00fcr die Verwendung nach Bedarf bestimmt.<\/p>\n<p>MAGNUS MR SULFATE ER 30 MG TABLETTE GEBRAUCHSANWEISUNG<\/p>\n<p>Bevor Sie mit der Anwendung von Morphin beginnen und jedes Mal, wenn Sie es erhalten eine Nachf\u00fcllung, lesen Sie den von Ihrem Apotheker herausgegebenen Medikationsleitfaden. Wenden Sie sich an Ihren Arzt oder Apotheker, wenn Sie Fragen haben.<\/p>\n<p>Nehmen Sie dieses Medikament regelm\u00e4\u00dfig ein, nicht nach Bedarf bei starken (Durchbruch-)Schmerzen, wie von Ihrem Arzt empfohlen. Nehmen Sie dieses Medikament mit oder ohne Mahlzeiten ein, normalerweise alle 8 bis 12 Stunden, wie von Ihrem Arzt empfohlen. Bestimmte Marken sollten nur einmal alle 12 Stunden eingenommen werden. Wenn Sie \u00dcbelkeit versp\u00fcren, kann die Einnahme von Vorteil sein dieses Medikament zu den Mahlzeiten. Fragen Sie Ihren Arzt oder Apotheker nach anderen Strategien zur Linderung der \u00dcbelkeit (z. B. 1 bis 2 Stunden lang liegend mit so wenig Kopfbewegung wie m\u00f6glich). Wenden Sie sich an Ihren Arzt, wenn die \u00dcbelkeit anh\u00e4lt.<\/p>\n<p>Verzehren Sie die Tabletten im Ganzen. Die Tablette darf nicht zerbrochen, zerkleinert, gekaut oder aufgel\u00f6st werden. Dies kann dazu f\u00fchren, dass das Medikament vollst\u00e4ndig freigesetzt wird, was die Gefahr einer Morphin-\u00dcberdosierung erh\u00f6ht.<\/p>\n<p>Die Dosierung wird von Ihrer Krankengeschichte und Ihrer Reaktion auf die Behandlung bestimmt. Erh\u00f6hen Sie Ihre Dosis nicht und nehmen Sie dieses Medikament nicht h\u00e4ufiger oder l\u00e4nger als empfohlen ein, da das Risiko von Nebenwirkungen steigen kann. Wenn Sie dazu aufgefordert werden, setzen Sie das Arzneimittel ordnungsgem\u00e4\u00df ab.<\/p>\n<p>Wenn Sie die Anwendung dieses Arzneimittels abrupt abbrechen, k\u00f6nnen bei Ihnen Entzugserscheinungen auftreten (wie Unruhe, tr\u00e4nende Augen, laufende Nase, \u00dcbelkeit, Schwitzen, Muskelschmerzen). Um einen Entzug zu vermeiden, kann Ihr Arzt Ihre Dosis schrittweise verringern. Entzugserscheinungen treten eher auf, wenn Sie Morphin \u00fcber einen l\u00e4ngeren Zeitraum oder in hohen Dosierungen eingenommen haben. Informieren Sie sofort Ihren Arzt oder Apotheker, wenn Sie Entzugserscheinungen haben.<\/p>\n<p>Wenn dieses Medikament \u00fcber einen l\u00e4ngeren Zeitraum eingenommen wird, kann es seine Wirksamkeit verlieren. Wenden Sie sich an Ihren Arzt, wenn dieses Medikament nicht mehr richtig wirkt.<\/p>\n<p>Obwohl dieses Medikament einer gro\u00dfen Anzahl von Menschen zugute kommt, kann es gelegentlich zu Sucht f\u00fchren. Dieses Risiko kann erh\u00f6ht sein, wenn Sie an einer Substanzgebrauchsst\u00f6rung leiden (z. B. \u00fcberm\u00e4\u00dfiger Drogen-\/Alkoholkonsum oder Sucht). Um die Suchtgefahr zu minimieren, verwenden Sie dieses Medikament genau nach Anweisung. Wenden Sie sich f\u00fcr weitere Informationen an Ihren Arzt oder Apotheker.<\/p>\n<\/p><\/div>\n<div class=\"product-next- previous\">\n<div class=\"product-prev\"><\/div><\/div>\n","protected":false},"excerpt":{"rendered":"<div class=\"woocommerce-product-details__short-description\">\n<p>Magnus MR Morphin 30 mg ist online erh\u00e4ltlich. Morphin wirkt als Opioid-Schmerzmittel, indem es als Agonist an s\u00e4ttigbaren Opioidrezeptoren im ZNS und anderen Organen wirkt.<\/p>\n<p>Magnus MR (Morphinsulfat) 30 mg Tabletten sind ohne Rezept online erh\u00e4ltlich (kein RX). Morphin 30 mg zum Verkauf in Gro\u00dfbritannien und Europa<\/p>\n<\/p><\/div>\n","protected":false},"featured_media":5258,"comment_status":"closed","ping_status":"closed","template":"","meta":[],"product_brand":[],"product_cat":[1117],"product_tag":[1519,1515,1516,1517,1518,1514],"class_list":{"0":"post-5239","1":"product","2":"type-product","3":"status-publish","4":"has-post-thumbnail","6":"product_cat-kaufen-sie-schmerz-schlaf-und-sexpillen","7":"product_tag-magnus-mr-morphin-30mg","8":"product_tag-magnus-mr-morphin-sulfat-30mg","9":"product_tag-magnus-herr-morphin-sulfat-straenpreis","10":"product_tag-magnus-herr-morphin-sulfat-straenpreis-fr-flasche","11":"product_tag-magnus-mr-30-mg-morphin-sulfat","12":"product_tag-kaufen-magnus-mr-30mg-morphin-sulfat","14":"first","15":"instock","16":"shipping-taxable","17":"purchasable","18":"product-type-variable"},"yoast_head":"<!-- This site is optimized with the Yoast SEO plugin v27.3 - https:\/\/yoast.com\/product\/yoast-seo-wordpress\/ -->\n<title>Kaufen Sie Magnus MR Morphine 30mg - Best Best Global Meds<\/title>\n<meta name=\"description\" content=\"Sie k\u00f6nnen Magnus MR (Morphine Sulfate) 30 mg Kapseln online ohne Rezept kaufen (kein RX). Morphin 30mg zum Verkauf UK, Europa\" \/>\n<meta name=\"robots\" content=\"index, follow, max-snippet:-1, max-image-preview:large, max-video-preview:-1\" \/>\n<link rel=\"canonical\" href=\"https:\/\/medicinasinc.com\/de\/product\/kaufen-magnus-mr-morphin-30mg-online\/\" \/>\n<meta property=\"og:locale\" content=\"de_DE\" \/>\n<meta property=\"og:type\" content=\"article\" \/>\n<meta property=\"og:title\" content=\"Kaufen Sie Magnus MR Morphine 30mg - Best Best Global Meds\" \/>\n<meta property=\"og:description\" content=\"Sie k\u00f6nnen Magnus MR (Morphine Sulfate) 30 mg Kapseln online ohne Rezept kaufen (kein RX). Morphin 30mg zum Verkauf UK, Europa\" \/>\n<meta property=\"og:url\" content=\"https:\/\/medicinasinc.com\/de\/product\/kaufen-magnus-mr-morphin-30mg-online\/\" \/>\n<meta property=\"og:site_name\" content=\"Medicinas Inc\" \/>\n<meta property=\"article:modified_time\" content=\"2022-03-18T00:27:12+00:00\" \/>\n<meta property=\"og:image\" content=\"https:\/\/medicinasinc.com\/de\/wp-content\/uploads\/sites\/6\/2022\/02\/Buy-Magnus-MR-Morphine-30mg.jpg\" \/>\n\t<meta property=\"og:image:width\" content=\"600\" \/>\n\t<meta property=\"og:image:height\" content=\"600\" \/>\n\t<meta property=\"og:image:type\" content=\"image\/jpeg\" \/>\n<meta name=\"twitter:card\" content=\"summary_large_image\" \/>\n<meta name=\"twitter:label1\" content=\"Gesch\u00e4tzte Lesezeit\" \/>\n\t<meta name=\"twitter:data1\" content=\"7\u00a0Minuten\" \/>\n<script type=\"application\/ld+json\" class=\"yoast-schema-graph\">{\"@context\":\"https:\\\/\\\/schema.org\",\"@graph\":[{\"@type\":\"WebPage\",\"@id\":\"https:\\\/\\\/medicinasinc.com\\\/de\\\/product\\\/kaufen-magnus-mr-morphin-30mg-online\\\/\",\"url\":\"https:\\\/\\\/medicinasinc.com\\\/de\\\/product\\\/kaufen-magnus-mr-morphin-30mg-online\\\/\",\"name\":\"Kaufen Sie Magnus MR Morphine 30mg - Best Best Global Meds\",\"isPartOf\":{\"@id\":\"https:\\\/\\\/medicinasinc.com\\\/de\\\/#website\"},\"primaryImageOfPage\":{\"@id\":\"https:\\\/\\\/medicinasinc.com\\\/de\\\/product\\\/kaufen-magnus-mr-morphin-30mg-online\\\/#primaryimage\"},\"image\":{\"@id\":\"https:\\\/\\\/medicinasinc.com\\\/de\\\/product\\\/kaufen-magnus-mr-morphin-30mg-online\\\/#primaryimage\"},\"thumbnailUrl\":\"https:\\\/\\\/medicinasinc.com\\\/de\\\/wp-content\\\/uploads\\\/sites\\\/6\\\/2022\\\/02\\\/Buy-Magnus-MR-Morphine-30mg.jpg\",\"datePublished\":\"2022-02-20T22:28:45+00:00\",\"dateModified\":\"2022-03-18T00:27:12+00:00\",\"description\":\"Sie k\u00f6nnen Magnus MR (Morphine Sulfate) 30 mg Kapseln online ohne Rezept kaufen (kein RX). Morphin 30mg zum Verkauf UK, Europa\",\"breadcrumb\":{\"@id\":\"https:\\\/\\\/medicinasinc.com\\\/de\\\/product\\\/kaufen-magnus-mr-morphin-30mg-online\\\/#breadcrumb\"},\"inLanguage\":\"de\",\"potentialAction\":[{\"@type\":\"ReadAction\",\"target\":[\"https:\\\/\\\/medicinasinc.com\\\/de\\\/product\\\/kaufen-magnus-mr-morphin-30mg-online\\\/\"]}]},{\"@type\":\"ImageObject\",\"inLanguage\":\"de\",\"@id\":\"https:\\\/\\\/medicinasinc.com\\\/de\\\/product\\\/kaufen-magnus-mr-morphin-30mg-online\\\/#primaryimage\",\"url\":\"https:\\\/\\\/medicinasinc.com\\\/de\\\/wp-content\\\/uploads\\\/sites\\\/6\\\/2022\\\/02\\\/Buy-Magnus-MR-Morphine-30mg.jpg\",\"contentUrl\":\"https:\\\/\\\/medicinasinc.com\\\/de\\\/wp-content\\\/uploads\\\/sites\\\/6\\\/2022\\\/02\\\/Buy-Magnus-MR-Morphine-30mg.jpg\",\"width\":600,\"height\":600},{\"@type\":\"BreadcrumbList\",\"@id\":\"https:\\\/\\\/medicinasinc.com\\\/de\\\/product\\\/kaufen-magnus-mr-morphin-30mg-online\\\/#breadcrumb\",\"itemListElement\":[{\"@type\":\"ListItem\",\"position\":1,\"name\":\"Einkaufen\",\"item\":\"https:\\\/\\\/medicinasinc.com\\\/de\\\/einkaufen\\\/\"},{\"@type\":\"ListItem\",\"position\":2,\"name\":\"Kaufen Sie Magnus MR Morphin 30 mg online\"}]},{\"@type\":\"WebSite\",\"@id\":\"https:\\\/\\\/medicinasinc.com\\\/de\\\/#website\",\"url\":\"https:\\\/\\\/medicinasinc.com\\\/de\\\/\",\"name\":\"Medicinas Inc\",\"description\":\"Health Medical Clinic\",\"potentialAction\":[{\"@type\":\"SearchAction\",\"target\":{\"@type\":\"EntryPoint\",\"urlTemplate\":\"https:\\\/\\\/medicinasinc.com\\\/de\\\/?s={search_term_string}\"},\"query-input\":{\"@type\":\"PropertyValueSpecification\",\"valueRequired\":true,\"valueName\":\"search_term_string\"}}],\"inLanguage\":\"de\"}]}<\/script>\n<!-- \/ Yoast SEO plugin. -->","yoast_head_json":{"title":"Kaufen Sie Magnus MR Morphine 30mg - Best Best Global Meds","description":"Sie k\u00f6nnen Magnus MR (Morphine Sulfate) 30 mg Kapseln online ohne Rezept kaufen (kein RX). Morphin 30mg zum Verkauf UK, Europa","robots":{"index":"index","follow":"follow","max-snippet":"max-snippet:-1","max-image-preview":"max-image-preview:large","max-video-preview":"max-video-preview:-1"},"canonical":"https:\/\/medicinasinc.com\/de\/product\/kaufen-magnus-mr-morphin-30mg-online\/","og_locale":"de_DE","og_type":"article","og_title":"Kaufen Sie Magnus MR Morphine 30mg - Best Best Global Meds","og_description":"Sie k\u00f6nnen Magnus MR (Morphine Sulfate) 30 mg Kapseln online ohne Rezept kaufen (kein RX). Morphin 30mg zum Verkauf UK, Europa","og_url":"https:\/\/medicinasinc.com\/de\/product\/kaufen-magnus-mr-morphin-30mg-online\/","og_site_name":"Medicinas Inc","article_modified_time":"2022-03-18T00:27:12+00:00","og_image":[{"width":600,"height":600,"url":"https:\/\/medicinasinc.com\/de\/wp-content\/uploads\/sites\/6\/2022\/02\/Buy-Magnus-MR-Morphine-30mg.jpg","type":"image\/jpeg"}],"twitter_card":"summary_large_image","twitter_misc":{"Gesch\u00e4tzte Lesezeit":"7\u00a0Minuten"},"schema":{"@context":"https:\/\/schema.org","@graph":[{"@type":"WebPage","@id":"https:\/\/medicinasinc.com\/de\/product\/kaufen-magnus-mr-morphin-30mg-online\/","url":"https:\/\/medicinasinc.com\/de\/product\/kaufen-magnus-mr-morphin-30mg-online\/","name":"Kaufen Sie Magnus MR Morphine 30mg - Best Best Global Meds","isPartOf":{"@id":"https:\/\/medicinasinc.com\/de\/#website"},"primaryImageOfPage":{"@id":"https:\/\/medicinasinc.com\/de\/product\/kaufen-magnus-mr-morphin-30mg-online\/#primaryimage"},"image":{"@id":"https:\/\/medicinasinc.com\/de\/product\/kaufen-magnus-mr-morphin-30mg-online\/#primaryimage"},"thumbnailUrl":"https:\/\/medicinasinc.com\/de\/wp-content\/uploads\/sites\/6\/2022\/02\/Buy-Magnus-MR-Morphine-30mg.jpg","datePublished":"2022-02-20T22:28:45+00:00","dateModified":"2022-03-18T00:27:12+00:00","description":"Sie k\u00f6nnen Magnus MR (Morphine Sulfate) 30 mg Kapseln online ohne Rezept kaufen (kein RX). Morphin 30mg zum Verkauf UK, Europa","breadcrumb":{"@id":"https:\/\/medicinasinc.com\/de\/product\/kaufen-magnus-mr-morphin-30mg-online\/#breadcrumb"},"inLanguage":"de","potentialAction":[{"@type":"ReadAction","target":["https:\/\/medicinasinc.com\/de\/product\/kaufen-magnus-mr-morphin-30mg-online\/"]}]},{"@type":"ImageObject","inLanguage":"de","@id":"https:\/\/medicinasinc.com\/de\/product\/kaufen-magnus-mr-morphin-30mg-online\/#primaryimage","url":"https:\/\/medicinasinc.com\/de\/wp-content\/uploads\/sites\/6\/2022\/02\/Buy-Magnus-MR-Morphine-30mg.jpg","contentUrl":"https:\/\/medicinasinc.com\/de\/wp-content\/uploads\/sites\/6\/2022\/02\/Buy-Magnus-MR-Morphine-30mg.jpg","width":600,"height":600},{"@type":"BreadcrumbList","@id":"https:\/\/medicinasinc.com\/de\/product\/kaufen-magnus-mr-morphin-30mg-online\/#breadcrumb","itemListElement":[{"@type":"ListItem","position":1,"name":"Einkaufen","item":"https:\/\/medicinasinc.com\/de\/einkaufen\/"},{"@type":"ListItem","position":2,"name":"Kaufen Sie Magnus MR Morphin 30 mg online"}]},{"@type":"WebSite","@id":"https:\/\/medicinasinc.com\/de\/#website","url":"https:\/\/medicinasinc.com\/de\/","name":"Medicinas Inc","description":"Health Medical Clinic","potentialAction":[{"@type":"SearchAction","target":{"@type":"EntryPoint","urlTemplate":"https:\/\/medicinasinc.com\/de\/?s={search_term_string}"},"query-input":{"@type":"PropertyValueSpecification","valueRequired":true,"valueName":"search_term_string"}}],"inLanguage":"de"}]}},"_links":{"self":[{"href":"https:\/\/medicinasinc.com\/de\/wp-json\/wp\/v2\/product\/5239","targetHints":{"allow":["GET"]}}],"collection":[{"href":"https:\/\/medicinasinc.com\/de\/wp-json\/wp\/v2\/product"}],"about":[{"href":"https:\/\/medicinasinc.com\/de\/wp-json\/wp\/v2\/types\/product"}],"replies":[{"embeddable":true,"href":"https:\/\/medicinasinc.com\/de\/wp-json\/wp\/v2\/comments?post=5239"}],"wp:featuredmedia":[{"embeddable":true,"href":"https:\/\/medicinasinc.com\/de\/wp-json\/wp\/v2\/media\/5258"}],"wp:attachment":[{"href":"https:\/\/medicinasinc.com\/de\/wp-json\/wp\/v2\/media?parent=5239"}],"wp:term":[{"taxonomy":"product_brand","embeddable":true,"href":"https:\/\/medicinasinc.com\/de\/wp-json\/wp\/v2\/product_brand?post=5239"},{"taxonomy":"product_cat","embeddable":true,"href":"https:\/\/medicinasinc.com\/de\/wp-json\/wp\/v2\/product_cat?post=5239"},{"taxonomy":"product_tag","embeddable":true,"href":"https:\/\/medicinasinc.com\/de\/wp-json\/wp\/v2\/product_tag?post=5239"}],"curies":[{"name":"wp","href":"https:\/\/api.w.org\/{rel}","templated":true}]}}