{"id":5237,"date":"2022-02-20T22:24:46","date_gmt":"2022-02-20T22:24:46","guid":{"rendered":"https:\/\/medicinasinc.com\/de\/?post_type=product&#038;p=5237"},"modified":"2022-03-18T00:27:36","modified_gmt":"2022-03-18T00:27:36","slug":"kaufen-lioresal-baclofen-25mg-pillen","status":"publish","type":"product","link":"https:\/\/medicinasinc.com\/de\/product\/kaufen-lioresal-baclofen-25mg-pillen\/","title":{"rendered":"Kaufen Sie Lioresal Baclofen 25 mg Tabletten"},"content":{"rendered":"<p>Lioresal Baclofen 25 mg Tabletten k\u00f6nnen online gekauft werden.<\/p>\n<p>INDIKATIONEN<\/p>\n<p>Lioresal (Baclofen) ist ein krampfl\u00f6sendes und muskelentspannendes Mittel.<\/p>\n<p>Baclofen wird zur Behandlung verwendet Muskelkr\u00e4mpfe, Unbehagen und Steifheit im Zusammenhang mit Multipler Sklerose.<\/p>\n<p>Baclofen kann f\u00fcr zus\u00e4tzliche Erkrankungen verwendet werden, die nicht in diesem Arzneimittelhandbuch enthalten sind.<\/p>\n<p>ANWEISUNGEN<\/p>\n<p>Genau einnehmen wie von Ihrem Arzt verordnet. Konsumieren Sie nicht mehr oder weniger als die empfohlene Menge oder l\u00e4nger als empfohlen. Halten Sie sich an die Anweisungen auf Ihrem Medikamentenetikett.<\/p>\n<p>Ihr Arzt kann gelegentlich Ihre Dosis anpassen, um sicherzustellen, dass Sie die bestm\u00f6glichen Ergebnisse erzielen.<br \/> Wenden Sie sich an Ihren Arzt, wenn Ihre Muskelbeschwerden nach zwei Wochen anhalten Behandlung mit diesem Arzneimittel. Setzen Sie dieses Arzneimittel nicht ab, ohne vorher Ihren Arzt zu konsultieren. Wenn Sie die Einnahme von Baclofen nach l\u00e4ngerer Anwendung beenden, k\u00f6nnen Entzugserscheinungen wie Krampfanf\u00e4lle oder Halluzinationen auftreten. M\u00f6glicherweise m\u00fcssen Sie das Medikament immer weniger verwenden, bis Sie es vollst\u00e4ndig absetzen.<\/p>\n<p>DOSIERUNG<\/p>\n<p>Nehmen Sie das Medikament genau nach Anweisung Ihres Arztes ein.<\/p>\n<p>Erwachsene Patienten mit R\u00fcckenmarksspastik: Nach den ersten 24 Stunden sollte die Tagesdosis f\u00fcr erwachsene Patienten schrittweise in Schritten von 10-30 % und nur einmal alle 24 Stunden erh\u00f6ht werden, bis die gew\u00fcnschte therapeutische Wirkung erzielt wird.<\/p>\n<p>Erwachsene mit zerebraler Spastizit\u00e4t: Nach den ersten 24 Stunden sollte die Tagesdosis schrittweise alle 24 Stunden um 5-15 % erh\u00f6ht werden, bis die gew\u00fcnschte therapeutische Wirkung erzielt wird.<\/p>\n<p>Nach den ersten 24 Stunden die Tagesdosis sollte alle 24 Stunden schrittweise um 5-15 Prozent erh\u00f6ht werden, bis die gew\u00fcnschte therapeutische Wirkung erzielt wird. Wenn eine Erh\u00f6hung der Tagesdosis keine signifikante klinische Reaktion hervorruft, \u00fcberpr\u00fcfen Sie die gute Pumpenfunktion und die Durchg\u00e4ngigkeit des Katheters. W\u00e4hrend der Screening-Phase und der Phase der Dosistitration unmittelbar nach der Implantation m\u00fcssen die Patienten regelm\u00e4\u00dfig in einer gut ausgestatteten und mit Personal ausgestatteten Umgebung \u00fcberwacht werden. Im Falle von m\u00f6glicherweise t\u00f6dlichen oder nicht akzeptablen Nebenwirkungen sollte eine Wiederbelebungsausr\u00fcstung leicht verf\u00fcgbar sein.<\/p>\n<p>LAGERUNG<\/p>\n<p>K\u00fchlung ist nicht erforderlich.<\/p>\n<p>Unter 86 \u00b0F lagern ( 30\u00b0C).<\/p>\n<p>Einfrieren vermeiden.<\/p>\n<p>Hitzesterilisation vermeiden.<\/p>\n<p>ZUSATZINFORMATIONEN:<\/p>\n<p>Baclofen ist der Wirkstoff.<\/p>\n<p>Lioresal ist ein Analgetikum. Es verringert signifikant die H\u00e4ufigkeit und Intensit\u00e4t von Muskelkr\u00e4mpfen, die durch neurologische Erkrankungen wie Multiple Sklerose verursacht werden.<\/p>\n<p>WICHTIGE SICHERHEITSHINWEISE<\/p>\n<p>Wenn Sie allergisch gegen Baclofen sind, sollten Sie es vermeiden.<\/p>\n<p>Informieren Sie Ihren Arzt, wenn Sie eine der folgenden zus\u00e4tzlichen Erkrankungen haben, um sicherzustellen, dass Sie Baclofen sicher einnehmen k\u00f6nnen:<\/p>\n<p>Erkrankung der Nieren<\/p>\n<p>eine Anfallserkrankung wie z Epilepsie; oder<\/p>\n<p>eine pers\u00f6nliche oder famili\u00e4re Vorgeschichte von Schlaganf\u00e4llen oder Blutgerinnseln.<\/p>\n<p>Die Verwendung von Baclofen kann das Risiko f\u00fcr die Entwicklung einer Ovarialzyste erh\u00f6hen. Fragen Sie Ihren Arzt nach Ihrem spezifischen Risiko. FDA-Schwangerschaftsklassifizierung C. Es ist nicht bekannt, ob Baclofen f\u00fcr ein ungeborenes Kind toxisch ist. Informieren Sie Ihren Arzt, wenn Sie w\u00e4hrend der Einnahme dieses Arzneimittels schwanger sind oder schwanger werden m\u00f6chten. Es ist nicht bekannt, ob Baclofen in die Muttermilch \u00fcbergeht oder ob es f\u00fcr den gestillten S\u00e4ugling sch\u00e4dlich ist. Bei der Einnahme von Baclofen sollte auf das Stillen verzichtet werden. Verabreichen Sie dieses Medikament niemals einem Jugendlichen unter 12 Jahren. Senioren sind m\u00f6glicherweise anf\u00e4lliger f\u00fcr die Wirkungen dieses Medikaments.<\/p>\n<p>Wichtige Sicherheitsinformationen<\/p>\n<p>Dieses Medikament hat das Potenzial, Ihr Denken und Ihre Reaktionen zu beeinflussen. Seien Sie vorsichtig, wenn Sie Auto fahren oder etwas anderes tun, was Wachsamkeit erfordert. Alkoholkonsum kann bestimmte Nebenwirkungen von Baclofen verst\u00e4rken. Vermeiden Sie die Verwendung von Baclofen in Zeiten, in denen der Muskeltonus f\u00fcr das richtige Gleichgewicht und die Mobilit\u00e4t bei bestimmten Aktivit\u00e4ten erforderlich ist. Unter bestimmten Umst\u00e4nden kann ein niedriger Muskeltonus Ihre k\u00f6rperliche Sicherheit gef\u00e4hrden.<\/p>\n<div class=\"product-next- previous\">\n<div class=\"product-prev\">\n<p><strong>NEBENWIRKUNGEN<\/strong><\/p>\n<p>Holen Sie sich medizinische Hilfe, wenn Sie eines dieser Anzeichen einer allergischen Reaktion haben: Nesselsucht; schwieriges Atmen; Schwellung von Gesicht, Lippen, Zunge oder Rachen. Rufen Sie sofort Ihren Arzt an, wenn Sie eine schwerwiegende Nebenwirkung haben, wie z. B.:<\/p>\n<p>Anf\u00e4lle (Kr\u00e4mpfe);<\/p>\n<p>Verwirrtheit, Halluzinationen; oder<\/p>\n<p>ein unregelm\u00e4\u00dfiger Herzschlag.<\/p>\n<p>Weniger schwerwiegende Nebenwirkungen k\u00f6nnen sein:<\/p>\n<p>Schl\u00e4frigkeit, Schwindel, Schw\u00e4che, M\u00fcdigkeitsgef\u00fchl;<\/p>\n<p>Kopfschmerzen ;<\/p>\n<p>Schlafprobleme (Schlaflosigkeit);<\/p>\n<p>\u00dcbelkeit, Verstopfung; oder<\/p>\n<p>h\u00e4ufiger als \u00fcblich zu urinieren.<\/p>\n<p>Dies ist keine vollst\u00e4ndige Liste der Nebenwirkungen, und es k\u00f6nnen weitere auftreten.<\/p>\n<p>Rufen Sie Ihren Arzt f\u00fcr medizinischen Rat zu Nebenwirkungen an Effekte.<\/p>\n<\/p><\/div><\/div>\n<div class=\"product-next- previous\">\n<div class=\"product-prev\"><\/div><\/div>\n","protected":false},"excerpt":{"rendered":"<p>Kaufen Sie Lioresal Baclofen 25 mg Tabletten zum Verkauf in Europa und Gro\u00dfbritannien online. Baclofen dreidimensionale Formel Lioresal-Tabletten sollten unzerkaut mit Nahrung geschluckt werden. Die Anfangsdosis betr\u00e4gt dreimal t\u00e4glich 5 mg.<\/p>\n<p>Lioresal 25 mg Tablette (10 Tabs) kann online erworben werden. BACLOFEN 25MG ist der generische Name. Lioresal\u00a0&#8230; Baclofen 25 mg ist in jeder unbeschichteten Lioresal 25 mg Tablette enthalten.<\/p>\n<p>Einsatz von Baclofen in Gro\u00dfbritannien Baclofen-Pillen was sind sie? Medikament Lioresal 25 mg Baclofen Lioresal 10 mg Tablette<\/p>\n<p>10 mg Baclofen Tablette<\/p>\n","protected":false},"featured_media":5254,"comment_status":"open","ping_status":"closed","template":"","meta":[],"product_brand":[],"product_cat":[1117],"product_tag":[1440,1441,1442,1443,1444,1445,1446,1447,1454,1448,1449,1451,1452,1453,1455,1456,1439,1457,1458,1459,1460,1461,1462,1463,1466,1468,1464,1465,1467,1469,1450],"class_list":{"0":"post-5237","1":"product","2":"type-product","3":"status-publish","4":"has-post-thumbnail","6":"product_cat-kaufen-sie-schmerz-schlaf-und-sexpillen","7":"product_tag-baclofen-lioresal","8":"product_tag-baclofen-lioresal-20mg","9":"product_tag-baclofen-lioresal-1-bis-2-monate","10":"product_tag-baclofen-lioresal-10-mg-oral-ta","11":"product_tag-baclofen-lioresal-stimulans","12":"product_tag-baclofen-lioresal-nebenwirkungen","13":"product_tag-baclofen-10-mg-generikum-fr-lioresal-mssen-sie-vorher-essen","14":"product_tag-baclofen-gablofen-lioresal","15":"product_tag-baclofen-vs-lioresal","16":"product_tag-baclofen-lioresal-10-mg","17":"product_tag-baclofen-lioresal-kaufen-mexiko","18":"product_tag-baclofen-lioresal-oral-intrathekal","19":"product_tag-baclofen-lioresal-tizanidin-zanaflex","20":"product_tag-baclofen-lioresal-why-am-i-so-tired","21":"product_tag-baclofen","22":"product_tag-dantrolen-dantrium","23":"product_tag-eine-nicht-gekennzeichnete-verwendung-fr-baclofen-lioresal-ist-zur-behandlung","24":"product_tag-lioresal-10-mg-baclofen","25":"product_tag-lioresal-10-mg-dosierung","26":"product_tag-lioresal-10-mg-nebenwirkungen","27":"product_tag-lioresal-10-mg-tablet-uses","28":"product_tag-lioresal-25-mg-baclofen","29":"product_tag-lioresal-25-nebenwirkungen","30":"product_tag-lioresal-baclofen","31":"product_tag-lioresal-baclofen-prospekt","32":"product_tag-lioresal-side-effects","33":"product_tag-lioresal-baclofen-10-mg","34":"product_tag-lioresal-baclofen-25-mg","35":"product_tag-lioresal-dosierung","36":"product_tag-tizanidin","37":"product_tag-wirkstoffklasse-baclofen-lioresal","39":"first","40":"instock","41":"shipping-taxable","42":"purchasable","43":"product-type-variable","44":"has-default-attributes"},"yoast_head":"<!-- This site is optimized with the Yoast SEO plugin v27.3 - https:\/\/yoast.com\/product\/yoast-seo-wordpress\/ -->\n<title>Kaufen Sie Lioresal Baclofen 25 mg Tabletten - Best Global Meds<\/title>\n<meta name=\"description\" content=\"Kaufen Sie Lioresal Baclofen 25 mg Tabletten zum Verkauf in Europa, Gro\u00dfbritannien online. Baclofen 3d-Formel Lioresal-Tabletten sollten oral mit Nahrung eingenommen werden. Die Anfangsdosis betr\u00e4gt 5 mg 3-mal t\u00e4glich.\" \/>\n<meta name=\"robots\" content=\"index, follow, max-snippet:-1, max-image-preview:large, max-video-preview:-1\" \/>\n<link rel=\"canonical\" href=\"https:\/\/medicinasinc.com\/de\/product\/kaufen-lioresal-baclofen-25mg-pillen\/\" \/>\n<meta property=\"og:locale\" content=\"de_DE\" \/>\n<meta property=\"og:type\" content=\"article\" \/>\n<meta property=\"og:title\" content=\"Kaufen Sie Lioresal Baclofen 25 mg Tabletten - Best Global Meds\" \/>\n<meta property=\"og:description\" content=\"Kaufen Sie Lioresal Baclofen 25 mg Tabletten zum Verkauf in Europa, Gro\u00dfbritannien online. Baclofen 3d-Formel Lioresal-Tabletten sollten oral mit Nahrung eingenommen werden. Die Anfangsdosis betr\u00e4gt 5 mg 3-mal t\u00e4glich.\" \/>\n<meta property=\"og:url\" content=\"https:\/\/medicinasinc.com\/de\/product\/kaufen-lioresal-baclofen-25mg-pillen\/\" \/>\n<meta property=\"og:site_name\" content=\"Medicinas Inc\" \/>\n<meta property=\"article:modified_time\" content=\"2022-03-18T00:27:36+00:00\" \/>\n<meta property=\"og:image\" content=\"https:\/\/medicinasinc.com\/de\/wp-content\/uploads\/sites\/6\/2022\/02\/Buy-Lioresal-Baclofen-25mg.jpg\" \/>\n\t<meta property=\"og:image:width\" content=\"1280\" \/>\n\t<meta property=\"og:image:height\" content=\"720\" \/>\n\t<meta property=\"og:image:type\" content=\"image\/jpeg\" \/>\n<meta name=\"twitter:card\" content=\"summary_large_image\" \/>\n<meta name=\"twitter:label1\" content=\"Gesch\u00e4tzte Lesezeit\" \/>\n\t<meta name=\"twitter:data1\" content=\"3\u00a0Minuten\" \/>\n<script type=\"application\/ld+json\" class=\"yoast-schema-graph\">{\"@context\":\"https:\\\/\\\/schema.org\",\"@graph\":[{\"@type\":\"WebPage\",\"@id\":\"https:\\\/\\\/medicinasinc.com\\\/de\\\/product\\\/kaufen-lioresal-baclofen-25mg-pillen\\\/\",\"url\":\"https:\\\/\\\/medicinasinc.com\\\/de\\\/product\\\/kaufen-lioresal-baclofen-25mg-pillen\\\/\",\"name\":\"Kaufen Sie Lioresal Baclofen 25 mg Tabletten - Best Global Meds\",\"isPartOf\":{\"@id\":\"https:\\\/\\\/medicinasinc.com\\\/de\\\/#website\"},\"primaryImageOfPage\":{\"@id\":\"https:\\\/\\\/medicinasinc.com\\\/de\\\/product\\\/kaufen-lioresal-baclofen-25mg-pillen\\\/#primaryimage\"},\"image\":{\"@id\":\"https:\\\/\\\/medicinasinc.com\\\/de\\\/product\\\/kaufen-lioresal-baclofen-25mg-pillen\\\/#primaryimage\"},\"thumbnailUrl\":\"https:\\\/\\\/medicinasinc.com\\\/de\\\/wp-content\\\/uploads\\\/sites\\\/6\\\/2022\\\/02\\\/Buy-Lioresal-Baclofen-25mg.jpg\",\"datePublished\":\"2022-02-20T22:24:46+00:00\",\"dateModified\":\"2022-03-18T00:27:36+00:00\",\"description\":\"Kaufen Sie Lioresal Baclofen 25 mg Tabletten zum Verkauf in Europa, Gro\u00dfbritannien online. Baclofen 3d-Formel Lioresal-Tabletten sollten oral mit Nahrung eingenommen werden. Die Anfangsdosis betr\u00e4gt 5 mg 3-mal t\u00e4glich.\",\"breadcrumb\":{\"@id\":\"https:\\\/\\\/medicinasinc.com\\\/de\\\/product\\\/kaufen-lioresal-baclofen-25mg-pillen\\\/#breadcrumb\"},\"inLanguage\":\"de\",\"potentialAction\":[{\"@type\":\"ReadAction\",\"target\":[\"https:\\\/\\\/medicinasinc.com\\\/de\\\/product\\\/kaufen-lioresal-baclofen-25mg-pillen\\\/\"]}]},{\"@type\":\"ImageObject\",\"inLanguage\":\"de\",\"@id\":\"https:\\\/\\\/medicinasinc.com\\\/de\\\/product\\\/kaufen-lioresal-baclofen-25mg-pillen\\\/#primaryimage\",\"url\":\"https:\\\/\\\/medicinasinc.com\\\/de\\\/wp-content\\\/uploads\\\/sites\\\/6\\\/2022\\\/02\\\/Buy-Lioresal-Baclofen-25mg.jpg\",\"contentUrl\":\"https:\\\/\\\/medicinasinc.com\\\/de\\\/wp-content\\\/uploads\\\/sites\\\/6\\\/2022\\\/02\\\/Buy-Lioresal-Baclofen-25mg.jpg\",\"width\":1280,\"height\":720},{\"@type\":\"BreadcrumbList\",\"@id\":\"https:\\\/\\\/medicinasinc.com\\\/de\\\/product\\\/kaufen-lioresal-baclofen-25mg-pillen\\\/#breadcrumb\",\"itemListElement\":[{\"@type\":\"ListItem\",\"position\":1,\"name\":\"Einkaufen\",\"item\":\"https:\\\/\\\/medicinasinc.com\\\/de\\\/einkaufen\\\/\"},{\"@type\":\"ListItem\",\"position\":2,\"name\":\"Kaufen Sie Lioresal Baclofen 25 mg Tabletten\"}]},{\"@type\":\"WebSite\",\"@id\":\"https:\\\/\\\/medicinasinc.com\\\/de\\\/#website\",\"url\":\"https:\\\/\\\/medicinasinc.com\\\/de\\\/\",\"name\":\"Medicinas Inc\",\"description\":\"Health Medical Clinic\",\"potentialAction\":[{\"@type\":\"SearchAction\",\"target\":{\"@type\":\"EntryPoint\",\"urlTemplate\":\"https:\\\/\\\/medicinasinc.com\\\/de\\\/?s={search_term_string}\"},\"query-input\":{\"@type\":\"PropertyValueSpecification\",\"valueRequired\":true,\"valueName\":\"search_term_string\"}}],\"inLanguage\":\"de\"}]}<\/script>\n<!-- \/ Yoast SEO plugin. -->","yoast_head_json":{"title":"Kaufen Sie Lioresal Baclofen 25 mg Tabletten - Best Global Meds","description":"Kaufen Sie Lioresal Baclofen 25 mg Tabletten zum Verkauf in Europa, Gro\u00dfbritannien online. Baclofen 3d-Formel Lioresal-Tabletten sollten oral mit Nahrung eingenommen werden. Die Anfangsdosis betr\u00e4gt 5 mg 3-mal t\u00e4glich.","robots":{"index":"index","follow":"follow","max-snippet":"max-snippet:-1","max-image-preview":"max-image-preview:large","max-video-preview":"max-video-preview:-1"},"canonical":"https:\/\/medicinasinc.com\/de\/product\/kaufen-lioresal-baclofen-25mg-pillen\/","og_locale":"de_DE","og_type":"article","og_title":"Kaufen Sie Lioresal Baclofen 25 mg Tabletten - Best Global Meds","og_description":"Kaufen Sie Lioresal Baclofen 25 mg Tabletten zum Verkauf in Europa, Gro\u00dfbritannien online. Baclofen 3d-Formel Lioresal-Tabletten sollten oral mit Nahrung eingenommen werden. Die Anfangsdosis betr\u00e4gt 5 mg 3-mal t\u00e4glich.","og_url":"https:\/\/medicinasinc.com\/de\/product\/kaufen-lioresal-baclofen-25mg-pillen\/","og_site_name":"Medicinas Inc","article_modified_time":"2022-03-18T00:27:36+00:00","og_image":[{"width":1280,"height":720,"url":"https:\/\/medicinasinc.com\/de\/wp-content\/uploads\/sites\/6\/2022\/02\/Buy-Lioresal-Baclofen-25mg.jpg","type":"image\/jpeg"}],"twitter_card":"summary_large_image","twitter_misc":{"Gesch\u00e4tzte Lesezeit":"3\u00a0Minuten"},"schema":{"@context":"https:\/\/schema.org","@graph":[{"@type":"WebPage","@id":"https:\/\/medicinasinc.com\/de\/product\/kaufen-lioresal-baclofen-25mg-pillen\/","url":"https:\/\/medicinasinc.com\/de\/product\/kaufen-lioresal-baclofen-25mg-pillen\/","name":"Kaufen Sie Lioresal Baclofen 25 mg Tabletten - Best Global Meds","isPartOf":{"@id":"https:\/\/medicinasinc.com\/de\/#website"},"primaryImageOfPage":{"@id":"https:\/\/medicinasinc.com\/de\/product\/kaufen-lioresal-baclofen-25mg-pillen\/#primaryimage"},"image":{"@id":"https:\/\/medicinasinc.com\/de\/product\/kaufen-lioresal-baclofen-25mg-pillen\/#primaryimage"},"thumbnailUrl":"https:\/\/medicinasinc.com\/de\/wp-content\/uploads\/sites\/6\/2022\/02\/Buy-Lioresal-Baclofen-25mg.jpg","datePublished":"2022-02-20T22:24:46+00:00","dateModified":"2022-03-18T00:27:36+00:00","description":"Kaufen Sie Lioresal Baclofen 25 mg Tabletten zum Verkauf in Europa, Gro\u00dfbritannien online. Baclofen 3d-Formel Lioresal-Tabletten sollten oral mit Nahrung eingenommen werden. Die Anfangsdosis betr\u00e4gt 5 mg 3-mal t\u00e4glich.","breadcrumb":{"@id":"https:\/\/medicinasinc.com\/de\/product\/kaufen-lioresal-baclofen-25mg-pillen\/#breadcrumb"},"inLanguage":"de","potentialAction":[{"@type":"ReadAction","target":["https:\/\/medicinasinc.com\/de\/product\/kaufen-lioresal-baclofen-25mg-pillen\/"]}]},{"@type":"ImageObject","inLanguage":"de","@id":"https:\/\/medicinasinc.com\/de\/product\/kaufen-lioresal-baclofen-25mg-pillen\/#primaryimage","url":"https:\/\/medicinasinc.com\/de\/wp-content\/uploads\/sites\/6\/2022\/02\/Buy-Lioresal-Baclofen-25mg.jpg","contentUrl":"https:\/\/medicinasinc.com\/de\/wp-content\/uploads\/sites\/6\/2022\/02\/Buy-Lioresal-Baclofen-25mg.jpg","width":1280,"height":720},{"@type":"BreadcrumbList","@id":"https:\/\/medicinasinc.com\/de\/product\/kaufen-lioresal-baclofen-25mg-pillen\/#breadcrumb","itemListElement":[{"@type":"ListItem","position":1,"name":"Einkaufen","item":"https:\/\/medicinasinc.com\/de\/einkaufen\/"},{"@type":"ListItem","position":2,"name":"Kaufen Sie Lioresal Baclofen 25 mg Tabletten"}]},{"@type":"WebSite","@id":"https:\/\/medicinasinc.com\/de\/#website","url":"https:\/\/medicinasinc.com\/de\/","name":"Medicinas Inc","description":"Health Medical Clinic","potentialAction":[{"@type":"SearchAction","target":{"@type":"EntryPoint","urlTemplate":"https:\/\/medicinasinc.com\/de\/?s={search_term_string}"},"query-input":{"@type":"PropertyValueSpecification","valueRequired":true,"valueName":"search_term_string"}}],"inLanguage":"de"}]}},"_links":{"self":[{"href":"https:\/\/medicinasinc.com\/de\/wp-json\/wp\/v2\/product\/5237","targetHints":{"allow":["GET"]}}],"collection":[{"href":"https:\/\/medicinasinc.com\/de\/wp-json\/wp\/v2\/product"}],"about":[{"href":"https:\/\/medicinasinc.com\/de\/wp-json\/wp\/v2\/types\/product"}],"replies":[{"embeddable":true,"href":"https:\/\/medicinasinc.com\/de\/wp-json\/wp\/v2\/comments?post=5237"}],"wp:featuredmedia":[{"embeddable":true,"href":"https:\/\/medicinasinc.com\/de\/wp-json\/wp\/v2\/media\/5254"}],"wp:attachment":[{"href":"https:\/\/medicinasinc.com\/de\/wp-json\/wp\/v2\/media?parent=5237"}],"wp:term":[{"taxonomy":"product_brand","embeddable":true,"href":"https:\/\/medicinasinc.com\/de\/wp-json\/wp\/v2\/product_brand?post=5237"},{"taxonomy":"product_cat","embeddable":true,"href":"https:\/\/medicinasinc.com\/de\/wp-json\/wp\/v2\/product_cat?post=5237"},{"taxonomy":"product_tag","embeddable":true,"href":"https:\/\/medicinasinc.com\/de\/wp-json\/wp\/v2\/product_tag?post=5237"}],"curies":[{"name":"wp","href":"https:\/\/api.w.org\/{rel}","templated":true}]}}